{"id":908,"date":"2021-09-02T15:48:50","date_gmt":"2021-09-02T13:48:50","guid":{"rendered":"https:\/\/develop.agitatorwhisky.se\/?page_id=908"},"modified":"2025-05-14T15:09:39","modified_gmt":"2025-05-14T13:09:39","slug":"the-swedish-malt","status":"publish","type":"page","link":"https:\/\/agitatordistillery.com\/sv_se\/the-swedish-malt\/","title":{"rendered":"The Swedish malt"},"content":{"rendered":"\n\n\t\t\t<a href=\"https:\/\/www.systembolaget.se\/produkt\/sprit\/agitator-5408901\/\" target=\"_blank\" rel=\"noopener\">\n\t\t\t\t\t\t\tBEST\u00c4LL H\u00c4R\n\t\t\t<\/a>\n<h2>\n\t\t\tOM\t<\/h2>\n\t<p>Denna whisky \u00e4r en manifestation av Agitator: en revolutionerande single malt som lagrats p\u00e5 fyra distinkta fat: ny amerikansk ek, bourbon, sherry och kastanj.<\/p>\n<h2>\n\t\t\tsmaknoter\t<\/h2>\n\t<h3><strong>DOFT<\/strong><\/h3>\n<p>H\u00e4rlig, l\u00e4tt frukt, dominerad av citrus, r\u00f6tt \u00e4pple och ananas, tillsammans med torkad frukt fr\u00e5n sherry- och kastanjefaten.<\/p>\n<h3><strong>SMAK<\/strong><\/h3>\n<p>Vanilj, s\u00f6ta frukter, s\u00e4lta och en antydan till r\u00f6k.<\/p>\n\t\t\t\t<img decoding=\"async\" data-src=\"https:\/\/agitatordistillery.com\/wp-content\/uploads\/2025\/05\/Agitator_TSM_both.png\" alt=\"Agitator_TSM_both\" itemprop=\"image\" height=\"2560\" width=\"2300\" title=\"Agitator_TSM_both\" onerror=\"this.style.display='none'\" loading='lazy' src=\"data:image\/gif;base64,R0lGODlhAQABAAAAACH5BAEKAAEALAAAAAABAAEAAAICTAEAOw==\" class=\"lazyload\" style=\"--smush-placeholder-width: 2300px; --smush-placeholder-aspect-ratio: 2300\/2560;\" \/><noscript><img decoding=\"async\" src=\"https:\/\/agitatordistillery.com\/wp-content\/uploads\/2025\/05\/Agitator_TSM_both.png\" alt=\"Agitator_TSM_both\" itemprop=\"image\" height=\"2560\" width=\"2300\" title=\"Agitator_TSM_both\" onerror=\"this.style.display='none'\" loading='lazy' \/><\/noscript>\n<h2>\n\t\t\tEN KALL SVENSK SOMMAR\t<\/h2>\n\t<p><strong>40 ml<\/strong> The Swedish Malt<\/p>\n<p><strong>5 ml<\/strong> Punsch<\/p>\n<p><strong>10 ml<\/strong> EPISK Hallonlik\u00f6r<\/p>\n<p><strong>30 ml<\/strong> Espresso (Anv\u00e4nd Sidekick Espresso Boom eller liknande)<\/p>\n<p><strong>10 ml<\/strong> \u00c4ppelsyra fr\u00e5n Sandbergs Drink Lab (Eller 5 ml citronjuice)<\/p>\n<p>En nypa salt<\/p>\n<p>Skaka alla ingredienser med is i 10 sekunder. Sila sedan upp till ett passande glas antingen med eller utan is som p\u00e5 bilden.<\/p>\n<h2>\n\t\t\tUTM\u00c4RKELSER\t<\/h2>\n\t<p>Vi f\u00f6rv\u00e4ntar oss inte att du ska ta v\u00e5rt ord f\u00f6r hur bra den h\u00e4r whiskyn \u00e4r, s\u00e5 h\u00e4r \u00e4r n\u00e5gra bevis fr\u00e5n experterna.<\/p>\n\t\t\t\t<img decoding=\"async\" data-src=\"https:\/\/agitatordistillery.com\/wp-content\/uploads\/2024\/08\/World-Whisky-Masters-2024-Medal-GOLD.png\" alt=\"World-Whisky-Masters-2024-Medal-GOLD\" itemprop=\"image\" height=\"2598\" width=\"2362\" title=\"World-Whisky-Masters-2024-Medal-GOLD\" onerror=\"this.style.display='none'\" loading='lazy' src=\"data:image\/gif;base64,R0lGODlhAQABAAAAACH5BAEKAAEALAAAAAABAAEAAAICTAEAOw==\" class=\"lazyload\" style=\"--smush-placeholder-width: 2362px; --smush-placeholder-aspect-ratio: 2362\/2598;\" \/><noscript><img decoding=\"async\" src=\"https:\/\/agitatordistillery.com\/wp-content\/uploads\/2024\/08\/World-Whisky-Masters-2024-Medal-GOLD.png\" alt=\"World-Whisky-Masters-2024-Medal-GOLD\" itemprop=\"image\" height=\"2598\" width=\"2362\" title=\"World-Whisky-Masters-2024-Medal-GOLD\" onerror=\"this.style.display='none'\" loading='lazy' \/><\/noscript>\n\t\t\t\t<img decoding=\"async\" data-src=\"https:\/\/agitatordistillery.com\/wp-content\/uploads\/2024\/07\/medal_2024_2.png\" alt=\"medal_2024_2\" itemprop=\"image\" height=\"666\" width=\"636\" title=\"medal_2024_2\" onerror=\"this.style.display='none'\" loading='lazy' src=\"data:image\/gif;base64,R0lGODlhAQABAAAAACH5BAEKAAEALAAAAAABAAEAAAICTAEAOw==\" class=\"lazyload\" style=\"--smush-placeholder-width: 636px; --smush-placeholder-aspect-ratio: 636\/666;\" \/><noscript><img decoding=\"async\" src=\"https:\/\/agitatordistillery.com\/wp-content\/uploads\/2024\/07\/medal_2024_2.png\" alt=\"medal_2024_2\" itemprop=\"image\" height=\"666\" width=\"636\" title=\"medal_2024_2\" onerror=\"this.style.display='none'\" loading='lazy' \/><\/noscript>\n\t\t\t\t<img decoding=\"async\" data-src=\"https:\/\/agitatordistillery.com\/wp-content\/uploads\/2024\/07\/Gold_medal_2024_Single-Malt-.png\" alt=\"Gold_medal_2024_Single Malt\" itemprop=\"image\" height=\"600\" width=\"600\" title=\"Gold_medal_2024_Single Malt\" onerror=\"this.style.display='none'\" loading='lazy' src=\"data:image\/gif;base64,R0lGODlhAQABAAAAACH5BAEKAAEALAAAAAABAAEAAAICTAEAOw==\" class=\"lazyload\" style=\"--smush-placeholder-width: 600px; --smush-placeholder-aspect-ratio: 600\/600;\" \/><noscript><img decoding=\"async\" src=\"https:\/\/agitatordistillery.com\/wp-content\/uploads\/2024\/07\/Gold_medal_2024_Single-Malt-.png\" alt=\"Gold_medal_2024_Single Malt\" itemprop=\"image\" height=\"600\" width=\"600\" title=\"Gold_medal_2024_Single Malt\" onerror=\"this.style.display='none'\" loading='lazy' \/><\/noscript>\n\t\t\t\t<img decoding=\"async\" data-src=\"https:\/\/agitatordistillery.com\/wp-content\/uploads\/2024\/07\/main_std-iwsc2023-bronze-medal-lo-res-png-1.png\" alt=\"main_std-iwsc2023-bronze-medal-lo-res-png\" itemprop=\"image\" height=\"340\" width=\"340\" title=\"main_std-iwsc2023-bronze-medal-lo-res-png\" onerror=\"this.style.display='none'\" loading='lazy' src=\"data:image\/gif;base64,R0lGODlhAQABAAAAACH5BAEKAAEALAAAAAABAAEAAAICTAEAOw==\" class=\"lazyload\" style=\"--smush-placeholder-width: 340px; --smush-placeholder-aspect-ratio: 340\/340;\" \/><noscript><img decoding=\"async\" src=\"https:\/\/agitatordistillery.com\/wp-content\/uploads\/2024\/07\/main_std-iwsc2023-bronze-medal-lo-res-png-1.png\" alt=\"main_std-iwsc2023-bronze-medal-lo-res-png\" itemprop=\"image\" height=\"340\" width=\"340\" title=\"main_std-iwsc2023-bronze-medal-lo-res-png\" onerror=\"this.style.display='none'\" loading='lazy' \/><\/noscript>\n\n","protected":false},"excerpt":{"rendered":"<p>BEST\u00c4LL H\u00c4R OM Denna whisky \u00e4r en manifestation av Agitator: en revolutionerande single malt som lagrats p\u00e5 fyra distinkta fat: ny amerikansk ek, bourbon, sherry och kastanj. smaknoter DOFT H\u00e4rlig, l\u00e4tt frukt, dominerad av citrus, r\u00f6tt \u00e4pple och ananas, tillsammans med torkad frukt fr\u00e5n sherry- och kastanjefaten. SMAK Vanilj, s\u00f6ta frukter, s\u00e4lta och en antydan&hellip;<\/p>\n","protected":false},"author":6,"featured_media":0,"parent":0,"menu_order":0,"comment_status":"closed","ping_status":"closed","template":"","meta":{"_monsterinsights_skip_tracking":false,"_monsterinsights_sitenote_active":false,"_monsterinsights_sitenote_note":"","_monsterinsights_sitenote_category":0,"footnotes":""},"class_list":["post-908","page","type-page","status-publish","hentry"],"yoast_head":"<!-- This site is optimized with the Yoast SEO plugin v27.4 - https:\/\/yoast.com\/product\/yoast-seo-wordpress\/ -->\n<title>The Swedish malt - Agitator<\/title>\n<meta name=\"description\" content=\"I v\u00e5r Single Malt Whisky har vi blandat inneh\u00e5llet fr\u00e5n fyra olika typer av fat bla, Bourbonfat och fat av kastanjetr\u00e4.\" \/>\n<meta name=\"robots\" content=\"index, follow, max-snippet:-1, max-image-preview:large, max-video-preview:-1\" \/>\n<link rel=\"canonical\" href=\"https:\/\/agitatordistillery.com\/sv_se\/the-swedish-malt\/\" \/>\n<meta property=\"og:locale\" content=\"sv_SE\" \/>\n<meta property=\"og:type\" content=\"article\" \/>\n<meta property=\"og:title\" content=\"The Swedish malt - Agitator\" \/>\n<meta property=\"og:description\" content=\"I v\u00e5r Single Malt Whisky har vi blandat inneh\u00e5llet fr\u00e5n fyra olika typer av fat bla, Bourbonfat och fat av kastanjetr\u00e4.\" \/>\n<meta property=\"og:url\" content=\"https:\/\/agitatordistillery.com\/sv_se\/the-swedish-malt\/\" \/>\n<meta property=\"og:site_name\" content=\"Agitator\" \/>\n<meta property=\"article:publisher\" content=\"https:\/\/www.facebook.com\/Agitator.Whisky\" \/>\n<meta property=\"article:modified_time\" content=\"2025-05-14T13:09:39+00:00\" \/>\n<meta property=\"og:image\" content=\"https:\/\/agitatordistillery.com\/wp-content\/uploads\/2025\/05\/Agitator_TSM_both.png\" \/>\n<meta name=\"twitter:card\" content=\"summary_large_image\" \/>\n<meta name=\"twitter:label1\" content=\"Ber\u00e4knad l\u00e4stid\" \/>\n\t<meta name=\"twitter:data1\" content=\"1 minut\" \/>\n<script type=\"application\/ld+json\" class=\"yoast-schema-graph\">{\"@context\":\"https:\\\/\\\/schema.org\",\"@graph\":[{\"@type\":\"WebPage\",\"@id\":\"https:\\\/\\\/agitatordistillery.com\\\/sv_se\\\/the-swedish-malt\\\/\",\"url\":\"https:\\\/\\\/agitatordistillery.com\\\/sv_se\\\/the-swedish-malt\\\/\",\"name\":\"The Swedish malt - Agitator\",\"isPartOf\":{\"@id\":\"https:\\\/\\\/agitatordistillery.com\\\/#website\"},\"primaryImageOfPage\":{\"@id\":\"https:\\\/\\\/agitatordistillery.com\\\/sv_se\\\/the-swedish-malt\\\/#primaryimage\"},\"image\":{\"@id\":\"https:\\\/\\\/agitatordistillery.com\\\/sv_se\\\/the-swedish-malt\\\/#primaryimage\"},\"thumbnailUrl\":\"https:\\\/\\\/agitatordistillery.com\\\/wp-content\\\/uploads\\\/2025\\\/05\\\/Agitator_TSM_both.png\",\"datePublished\":\"2021-09-02T13:48:50+00:00\",\"dateModified\":\"2025-05-14T13:09:39+00:00\",\"description\":\"I v\u00e5r Single Malt Whisky har vi blandat inneh\u00e5llet fr\u00e5n fyra olika typer av fat bla, Bourbonfat och fat av kastanjetr\u00e4.\",\"breadcrumb\":{\"@id\":\"https:\\\/\\\/agitatordistillery.com\\\/sv_se\\\/the-swedish-malt\\\/#breadcrumb\"},\"inLanguage\":\"sv-SE\",\"potentialAction\":[{\"@type\":\"ReadAction\",\"target\":[\"https:\\\/\\\/agitatordistillery.com\\\/sv_se\\\/the-swedish-malt\\\/\"]}]},{\"@type\":\"ImageObject\",\"inLanguage\":\"sv-SE\",\"@id\":\"https:\\\/\\\/agitatordistillery.com\\\/sv_se\\\/the-swedish-malt\\\/#primaryimage\",\"url\":\"https:\\\/\\\/agitatordistillery.com\\\/wp-content\\\/uploads\\\/2025\\\/05\\\/Agitator_TSM_both.png\",\"contentUrl\":\"https:\\\/\\\/agitatordistillery.com\\\/wp-content\\\/uploads\\\/2025\\\/05\\\/Agitator_TSM_both.png\"},{\"@type\":\"BreadcrumbList\",\"@id\":\"https:\\\/\\\/agitatordistillery.com\\\/sv_se\\\/the-swedish-malt\\\/#breadcrumb\",\"itemListElement\":[{\"@type\":\"ListItem\",\"position\":1,\"name\":\"Hem\",\"item\":\"https:\\\/\\\/agitatordistillery.com\\\/sv_se\\\/\"},{\"@type\":\"ListItem\",\"position\":2,\"name\":\"The Swedish malt\"}]},{\"@type\":\"WebSite\",\"@id\":\"https:\\\/\\\/agitatordistillery.com\\\/#website\",\"url\":\"https:\\\/\\\/agitatordistillery.com\\\/\",\"name\":\"Agitator\",\"description\":\"The Swedish Distillery\",\"publisher\":{\"@id\":\"https:\\\/\\\/agitatordistillery.com\\\/#organization\"},\"potentialAction\":[{\"@type\":\"SearchAction\",\"target\":{\"@type\":\"EntryPoint\",\"urlTemplate\":\"https:\\\/\\\/agitatordistillery.com\\\/?s={search_term_string}\"},\"query-input\":{\"@type\":\"PropertyValueSpecification\",\"valueRequired\":true,\"valueName\":\"search_term_string\"}}],\"inLanguage\":\"sv-SE\"},{\"@type\":\"Organization\",\"@id\":\"https:\\\/\\\/agitatordistillery.com\\\/#organization\",\"name\":\"Agitator\",\"url\":\"https:\\\/\\\/agitatordistillery.com\\\/\",\"logo\":{\"@type\":\"ImageObject\",\"inLanguage\":\"sv-SE\",\"@id\":\"https:\\\/\\\/agitatordistillery.com\\\/#\\\/schema\\\/logo\\\/image\\\/\",\"url\":\"https:\\\/\\\/agitatordistillery.com\\\/wp-content\\\/uploads\\\/2021\\\/10\\\/Agitator_Logotyp_2021_Small_Pos.png\",\"contentUrl\":\"https:\\\/\\\/agitatordistillery.com\\\/wp-content\\\/uploads\\\/2021\\\/10\\\/Agitator_Logotyp_2021_Small_Pos.png\",\"width\":360,\"height\":200,\"caption\":\"Agitator\"},\"image\":{\"@id\":\"https:\\\/\\\/agitatordistillery.com\\\/#\\\/schema\\\/logo\\\/image\\\/\"},\"sameAs\":[\"https:\\\/\\\/www.facebook.com\\\/Agitator.Whisky\",\"https:\\\/\\\/www.instagram.com\\\/agitator.whisky\\\/\",\"https:\\\/\\\/www.linkedin.com\\\/company\\\/agitator-whisky\\\/\",\"https:\\\/\\\/www.youtube.com\\\/channel\\\/UCuOnjXGpTaL1-NXFXL5ZHtg\"]}]}<\/script>\n<!-- \/ Yoast SEO plugin. -->","yoast_head_json":{"title":"The Swedish malt - Agitator","description":"I v\u00e5r Single Malt Whisky har vi blandat inneh\u00e5llet fr\u00e5n fyra olika typer av fat bla, Bourbonfat och fat av kastanjetr\u00e4.","robots":{"index":"index","follow":"follow","max-snippet":"max-snippet:-1","max-image-preview":"max-image-preview:large","max-video-preview":"max-video-preview:-1"},"canonical":"https:\/\/agitatordistillery.com\/sv_se\/the-swedish-malt\/","og_locale":"sv_SE","og_type":"article","og_title":"The Swedish malt - Agitator","og_description":"I v\u00e5r Single Malt Whisky har vi blandat inneh\u00e5llet fr\u00e5n fyra olika typer av fat bla, Bourbonfat och fat av kastanjetr\u00e4.","og_url":"https:\/\/agitatordistillery.com\/sv_se\/the-swedish-malt\/","og_site_name":"Agitator","article_publisher":"https:\/\/www.facebook.com\/Agitator.Whisky","article_modified_time":"2025-05-14T13:09:39+00:00","og_image":[{"url":"https:\/\/agitatordistillery.com\/wp-content\/uploads\/2025\/05\/Agitator_TSM_both.png","type":"","width":"","height":""}],"twitter_card":"summary_large_image","twitter_misc":{"Ber\u00e4knad l\u00e4stid":"1 minut"},"schema":{"@context":"https:\/\/schema.org","@graph":[{"@type":"WebPage","@id":"https:\/\/agitatordistillery.com\/sv_se\/the-swedish-malt\/","url":"https:\/\/agitatordistillery.com\/sv_se\/the-swedish-malt\/","name":"The Swedish malt - Agitator","isPartOf":{"@id":"https:\/\/agitatordistillery.com\/#website"},"primaryImageOfPage":{"@id":"https:\/\/agitatordistillery.com\/sv_se\/the-swedish-malt\/#primaryimage"},"image":{"@id":"https:\/\/agitatordistillery.com\/sv_se\/the-swedish-malt\/#primaryimage"},"thumbnailUrl":"https:\/\/agitatordistillery.com\/wp-content\/uploads\/2025\/05\/Agitator_TSM_both.png","datePublished":"2021-09-02T13:48:50+00:00","dateModified":"2025-05-14T13:09:39+00:00","description":"I v\u00e5r Single Malt Whisky har vi blandat inneh\u00e5llet fr\u00e5n fyra olika typer av fat bla, Bourbonfat och fat av kastanjetr\u00e4.","breadcrumb":{"@id":"https:\/\/agitatordistillery.com\/sv_se\/the-swedish-malt\/#breadcrumb"},"inLanguage":"sv-SE","potentialAction":[{"@type":"ReadAction","target":["https:\/\/agitatordistillery.com\/sv_se\/the-swedish-malt\/"]}]},{"@type":"ImageObject","inLanguage":"sv-SE","@id":"https:\/\/agitatordistillery.com\/sv_se\/the-swedish-malt\/#primaryimage","url":"https:\/\/agitatordistillery.com\/wp-content\/uploads\/2025\/05\/Agitator_TSM_both.png","contentUrl":"https:\/\/agitatordistillery.com\/wp-content\/uploads\/2025\/05\/Agitator_TSM_both.png"},{"@type":"BreadcrumbList","@id":"https:\/\/agitatordistillery.com\/sv_se\/the-swedish-malt\/#breadcrumb","itemListElement":[{"@type":"ListItem","position":1,"name":"Hem","item":"https:\/\/agitatordistillery.com\/sv_se\/"},{"@type":"ListItem","position":2,"name":"The Swedish malt"}]},{"@type":"WebSite","@id":"https:\/\/agitatordistillery.com\/#website","url":"https:\/\/agitatordistillery.com\/","name":"Agitator","description":"The Swedish Distillery","publisher":{"@id":"https:\/\/agitatordistillery.com\/#organization"},"potentialAction":[{"@type":"SearchAction","target":{"@type":"EntryPoint","urlTemplate":"https:\/\/agitatordistillery.com\/?s={search_term_string}"},"query-input":{"@type":"PropertyValueSpecification","valueRequired":true,"valueName":"search_term_string"}}],"inLanguage":"sv-SE"},{"@type":"Organization","@id":"https:\/\/agitatordistillery.com\/#organization","name":"Agitator","url":"https:\/\/agitatordistillery.com\/","logo":{"@type":"ImageObject","inLanguage":"sv-SE","@id":"https:\/\/agitatordistillery.com\/#\/schema\/logo\/image\/","url":"https:\/\/agitatordistillery.com\/wp-content\/uploads\/2021\/10\/Agitator_Logotyp_2021_Small_Pos.png","contentUrl":"https:\/\/agitatordistillery.com\/wp-content\/uploads\/2021\/10\/Agitator_Logotyp_2021_Small_Pos.png","width":360,"height":200,"caption":"Agitator"},"image":{"@id":"https:\/\/agitatordistillery.com\/#\/schema\/logo\/image\/"},"sameAs":["https:\/\/www.facebook.com\/Agitator.Whisky","https:\/\/www.instagram.com\/agitator.whisky\/","https:\/\/www.linkedin.com\/company\/agitator-whisky\/","https:\/\/www.youtube.com\/channel\/UCuOnjXGpTaL1-NXFXL5ZHtg"]}]}},"_links":{"self":[{"href":"https:\/\/agitatordistillery.com\/sv_se\/wp-json\/wp\/v2\/pages\/908","targetHints":{"allow":["GET"]}}],"collection":[{"href":"https:\/\/agitatordistillery.com\/sv_se\/wp-json\/wp\/v2\/pages"}],"about":[{"href":"https:\/\/agitatordistillery.com\/sv_se\/wp-json\/wp\/v2\/types\/page"}],"author":[{"embeddable":true,"href":"https:\/\/agitatordistillery.com\/sv_se\/wp-json\/wp\/v2\/users\/6"}],"replies":[{"embeddable":true,"href":"https:\/\/agitatordistillery.com\/sv_se\/wp-json\/wp\/v2\/comments?post=908"}],"version-history":[{"count":48,"href":"https:\/\/agitatordistillery.com\/sv_se\/wp-json\/wp\/v2\/pages\/908\/revisions"}],"predecessor-version":[{"id":3854,"href":"https:\/\/agitatordistillery.com\/sv_se\/wp-json\/wp\/v2\/pages\/908\/revisions\/3854"}],"wp:attachment":[{"href":"https:\/\/agitatordistillery.com\/sv_se\/wp-json\/wp\/v2\/media?parent=908"}],"curies":[{"name":"wp","href":"https:\/\/api.w.org\/{rel}","templated":true}]}}