{"id":8,"date":"2021-07-19T08:15:31","date_gmt":"2021-07-19T08:15:31","guid":{"rendered":"https:\/\/develop.agitatorwhisky.se\/?page_id=8"},"modified":"2026-04-15T20:03:07","modified_gmt":"2026-04-15T18:03:07","slug":"agitatordistillery","status":"publish","type":"page","link":"https:\/\/agitatordistillery.com\/sv_se\/","title":{"rendered":"Agitator Distillery"},"content":{"rendered":"\n<h2>\n\t\t\tVI G\u00d6R INTE SOM ANDRA\t<\/h2>\n\t<p>Agitator \u00e4r ett svenskt destilleri i Arboga som utvecklar och producerar sprit med fokus p\u00e5 smak f\u00f6re tradition. Under ledning av destillerichef och master blender Oskar Bruno tar vi fram nya uttryck inom bland annat gin, rom och whisky.<\/p>\n\t\t\t<a href=\"https:\/\/agitatordistillery.com\/sv_se\/destilleriet\/\"  target=\"_self\">\n\t\t\t\t\t\t\tL\u00c4S MER\n\t\t\t\t\t<\/a>\n<figure itemscope itemtype=\"https:\/\/schema.org\/ImageObject\">\n\t\t\t\t<img decoding=\"async\" data-src=\"https:\/\/agitatordistillery.com\/wp-content\/uploads\/2026\/04\/Agitator_Evidens_Sauternes_Rum_0191_4_5-1229x1536.jpg\" alt=\"Agitator_Evidens_Sauternes_Rum_0191_4_5\" height=\"1536\" width=\"1229\" title=\"Agitator_Evidens_Sauternes_Rum_0191_4_5\" onerror=\"this.style.display='none'\" loading=\"lazy\" src=\"data:image\/gif;base64,R0lGODlhAQABAAAAACH5BAEKAAEALAAAAAABAAEAAAICTAEAOw==\" class=\"lazyload\" style=\"--smush-placeholder-width: 1229px; --smush-placeholder-aspect-ratio: 1229\/1536;\" \/><noscript><img decoding=\"async\" src=\"https:\/\/agitatordistillery.com\/wp-content\/uploads\/2026\/04\/Agitator_Evidens_Sauternes_Rum_0191_4_5-1229x1536.jpg\" alt=\"Agitator_Evidens_Sauternes_Rum_0191_4_5\" height=\"1536\" width=\"1229\" title=\"Agitator_Evidens_Sauternes_Rum_0191_4_5\" onerror=\"this.style.display='none'\" loading=\"lazy\" \/><\/noscript>\n\t<\/figure>\n<h2>\n\t\t\tKOMMER SNART: V\u00c5R F\u00d6RSTA EVIDENS-ROM\t<\/h2>\n\t\t\t<a href=\"https:\/\/agitatordistillery.com\/sv_se\/evidens-sauternes-cask-rum\/\"  target=\"_self\">\n\t\t\t\t\t\t\tL\u00c4S MER\n\t\t\t\t\t<\/a>\n<figure itemscope itemtype=\"https:\/\/schema.org\/ImageObject\">\n\t\t\t\t<img decoding=\"async\" data-src=\"https:\/\/agitatordistillery.com\/wp-content\/uploads\/2026\/04\/Agitator_Destilleriet_Oskar_sept20214421_beskuren.jpg\" alt=\"Agitator_Destilleriet_Oskar_sept20214421_beskuren\" height=\"1800\" width=\"1775\" title=\"Agitator_Destilleriet_Oskar_sept20214421_beskuren\" onerror=\"this.style.display='none'\" loading=\"lazy\" src=\"data:image\/gif;base64,R0lGODlhAQABAAAAACH5BAEKAAEALAAAAAABAAEAAAICTAEAOw==\" class=\"lazyload\" style=\"--smush-placeholder-width: 1775px; --smush-placeholder-aspect-ratio: 1775\/1800;\" \/><noscript><img decoding=\"async\" src=\"https:\/\/agitatordistillery.com\/wp-content\/uploads\/2026\/04\/Agitator_Destilleriet_Oskar_sept20214421_beskuren.jpg\" alt=\"Agitator_Destilleriet_Oskar_sept20214421_beskuren\" height=\"1800\" width=\"1775\" title=\"Agitator_Destilleriet_Oskar_sept20214421_beskuren\" onerror=\"this.style.display='none'\" loading=\"lazy\" \/><\/noscript>\n\t<\/figure>\n<h2>\n\t\t\tUPPT\u00c4CK V\u00c5RT SORTIMENT\t<\/h2>\n\t<p>Vi utforskar st\u00e4ndigt olika r\u00e5varor, fattyper och metoder som resulterat i internationellt prisvinnande sprit.<\/p>\n\t\t\t<a href=\"https:\/\/agitatordistillery.com\/sv_se\/whisky\"  target=\"_self\">\n\t\t\t\t\t\t\tWHISKY\n\t\t\t\t\t<\/a>\n\t\t\t<a href=\"https:\/\/agitatordistillery.com\/sv_se\/rum\"  target=\"_self\">\n\t\t\t\t\t\t\tROM\n\t\t\t\t\t<\/a>\n\t\t\t<a href=\"https:\/\/agitatordistillery.com\/sv_se\/gin\"  target=\"_self\">\n\t\t\t\t\t\t\tGIN\n\t\t\t\t\t<\/a>\n<h2>\n\t\t\tCLUB AGITATOR\t<\/h2>\n\t<p>I Club Agitator f\u00e5r du personligt snack med m\u00e4nniskorna bakom Agitator, unika erbjudanden, t\u00e4vlingar och ett riktigt trevligt community av spritentusiaster. <\/p>\n\t\t\t<a href=\"https:\/\/eur05.safelinks.protection.outlook.com\/?url=https%3A%2F%2Fagitatorwhisky.us17.list-manage.com%2Ftrack%2Fclick%3Fu%3D012612cf63d9065fc00808d37%26id%3D56967061e7%26e%3Dffc16d8cd0&#038;data=05%7C02%7Cemelie%40agitatorwhisky.se%7Ca30fd08dcf1b4c069def08dc83e67cf4%7Ca4bd67e9263b43058c578c4aebbe4325%7C0%7C0%7C638530273171862417%7CUnknown%7CTWFpbGZsb3d8eyJWIjoiMC4wLjAwMDAiLCJQIjoiV2luMzIiLCJBTiI6Ik1haWwiLCJXVCI6Mn0%3D%7C0%7C%7C%7C&#038;sdata=de%2FpKdTDbjP6s3sKpFpzkoSsq6gktttbGcruPdSvTLQ%3D&#038;reserved=0\"  target=\"_self\">\n\t\t\t\t\t\t\tG\u00c5 MED I KLUBBEN\n\t\t\t\t\t<\/a>\n\n","protected":false},"excerpt":{"rendered":"<p>VI G\u00d6R INTE SOM ANDRA Agitator \u00e4r ett svenskt destilleri i Arboga som utvecklar och producerar sprit med fokus p\u00e5 smak f\u00f6re tradition. Under ledning av destillerichef och master blender Oskar Bruno tar vi fram nya uttryck inom bland annat gin, rom och whisky. L\u00c4S MER KOMMER SNART: V\u00c5R F\u00d6RSTA EVIDENS-ROM L\u00c4S MER UPPT\u00c4CK V\u00c5RT&hellip;<\/p>\n","protected":false},"author":6,"featured_media":3507,"parent":0,"menu_order":0,"comment_status":"closed","ping_status":"closed","template":"","meta":{"_monsterinsights_skip_tracking":false,"_monsterinsights_sitenote_active":false,"_monsterinsights_sitenote_note":"","_monsterinsights_sitenote_category":0,"footnotes":""},"class_list":["post-8","page","type-page","status-publish","has-post-thumbnail","hentry"],"yoast_head":"<!-- This site is optimized with the Yoast SEO plugin v27.4 - https:\/\/yoast.com\/product\/yoast-seo-wordpress\/ -->\n<title>The Swedish Distillery - Agitator<\/title>\n<meta name=\"description\" content=\"P\u00e5 Agitator str\u00e4var vi att g\u00f6ra modern whisky som \u00e4r riktigt god. V\u00e5r ambition \u00e4r att ta svensk whisky in i 2000-talet.\" \/>\n<meta name=\"robots\" content=\"index, follow, max-snippet:-1, max-image-preview:large, max-video-preview:-1\" \/>\n<link rel=\"canonical\" href=\"https:\/\/agitatordistillery.com\/sv_se\/\" \/>\n<meta property=\"og:locale\" content=\"sv_SE\" \/>\n<meta property=\"og:type\" content=\"article\" \/>\n<meta property=\"og:title\" content=\"The Swedish Distillery - Agitator\" \/>\n<meta property=\"og:description\" content=\"P\u00e5 Agitator str\u00e4var vi att g\u00f6ra modern whisky som \u00e4r riktigt god. V\u00e5r ambition \u00e4r att ta svensk whisky in i 2000-talet.\" \/>\n<meta property=\"og:url\" content=\"https:\/\/agitatordistillery.com\/sv_se\/\" \/>\n<meta property=\"og:site_name\" content=\"Agitator\" \/>\n<meta property=\"article:publisher\" content=\"https:\/\/www.facebook.com\/Agitator.Whisky\" \/>\n<meta property=\"article:modified_time\" content=\"2026-04-15T18:03:07+00:00\" \/>\n<meta property=\"og:image\" content=\"https:\/\/agitatordistillery.com\/wp-content\/uploads\/2024\/10\/Agitator_core_web.png\" \/>\n\t<meta property=\"og:image:width\" content=\"2560\" \/>\n\t<meta property=\"og:image:height\" content=\"1702\" \/>\n\t<meta property=\"og:image:type\" content=\"image\/png\" \/>\n<meta name=\"twitter:card\" content=\"summary_large_image\" \/>\n<meta name=\"twitter:label1\" content=\"Ber\u00e4knad l\u00e4stid\" \/>\n\t<meta name=\"twitter:data1\" content=\"4 minuter\" \/>\n<script type=\"application\/ld+json\" class=\"yoast-schema-graph\">{\"@context\":\"https:\\\/\\\/schema.org\",\"@graph\":[{\"@type\":\"WebPage\",\"@id\":\"https:\\\/\\\/agitatordistillery.com\\\/sv_se\\\/\",\"url\":\"https:\\\/\\\/agitatordistillery.com\\\/sv_se\\\/\",\"name\":\"The Swedish Distillery - Agitator\",\"isPartOf\":{\"@id\":\"https:\\\/\\\/agitatordistillery.com\\\/#website\"},\"primaryImageOfPage\":{\"@id\":\"https:\\\/\\\/agitatordistillery.com\\\/sv_se\\\/#primaryimage\"},\"image\":{\"@id\":\"https:\\\/\\\/agitatordistillery.com\\\/sv_se\\\/#primaryimage\"},\"thumbnailUrl\":\"https:\\\/\\\/agitatordistillery.com\\\/wp-content\\\/uploads\\\/2024\\\/10\\\/Agitator_core_web.png\",\"datePublished\":\"2021-07-19T08:15:31+00:00\",\"dateModified\":\"2026-04-15T18:03:07+00:00\",\"description\":\"P\u00e5 Agitator str\u00e4var vi att g\u00f6ra modern whisky som \u00e4r riktigt god. V\u00e5r ambition \u00e4r att ta svensk whisky in i 2000-talet.\",\"breadcrumb\":{\"@id\":\"https:\\\/\\\/agitatordistillery.com\\\/sv_se\\\/#breadcrumb\"},\"inLanguage\":\"sv-SE\",\"potentialAction\":[{\"@type\":\"ReadAction\",\"target\":[\"https:\\\/\\\/agitatordistillery.com\\\/sv_se\\\/\"]}]},{\"@type\":\"ImageObject\",\"inLanguage\":\"sv-SE\",\"@id\":\"https:\\\/\\\/agitatordistillery.com\\\/sv_se\\\/#primaryimage\",\"url\":\"https:\\\/\\\/agitatordistillery.com\\\/wp-content\\\/uploads\\\/2024\\\/10\\\/Agitator_core_web.png\",\"contentUrl\":\"https:\\\/\\\/agitatordistillery.com\\\/wp-content\\\/uploads\\\/2024\\\/10\\\/Agitator_core_web.png\",\"width\":2560,\"height\":1702,\"caption\":\"Agitator Swedish whisky\"},{\"@type\":\"BreadcrumbList\",\"@id\":\"https:\\\/\\\/agitatordistillery.com\\\/sv_se\\\/#breadcrumb\",\"itemListElement\":[{\"@type\":\"ListItem\",\"position\":1,\"name\":\"Hem\",\"item\":\"https:\\\/\\\/agitatordistillery.com\\\/sv_se\\\/\"},{\"@type\":\"ListItem\",\"position\":2,\"name\":\"Agitator Distillery\"}]},{\"@type\":\"WebSite\",\"@id\":\"https:\\\/\\\/agitatordistillery.com\\\/#website\",\"url\":\"https:\\\/\\\/agitatordistillery.com\\\/\",\"name\":\"Agitator\",\"description\":\"The Swedish Distillery\",\"publisher\":{\"@id\":\"https:\\\/\\\/agitatordistillery.com\\\/#organization\"},\"potentialAction\":[{\"@type\":\"SearchAction\",\"target\":{\"@type\":\"EntryPoint\",\"urlTemplate\":\"https:\\\/\\\/agitatordistillery.com\\\/?s={search_term_string}\"},\"query-input\":{\"@type\":\"PropertyValueSpecification\",\"valueRequired\":true,\"valueName\":\"search_term_string\"}}],\"inLanguage\":\"sv-SE\"},{\"@type\":\"Organization\",\"@id\":\"https:\\\/\\\/agitatordistillery.com\\\/#organization\",\"name\":\"Agitator\",\"url\":\"https:\\\/\\\/agitatordistillery.com\\\/\",\"logo\":{\"@type\":\"ImageObject\",\"inLanguage\":\"sv-SE\",\"@id\":\"https:\\\/\\\/agitatordistillery.com\\\/#\\\/schema\\\/logo\\\/image\\\/\",\"url\":\"https:\\\/\\\/agitatordistillery.com\\\/wp-content\\\/uploads\\\/2021\\\/10\\\/Agitator_Logotyp_2021_Small_Pos.png\",\"contentUrl\":\"https:\\\/\\\/agitatordistillery.com\\\/wp-content\\\/uploads\\\/2021\\\/10\\\/Agitator_Logotyp_2021_Small_Pos.png\",\"width\":360,\"height\":200,\"caption\":\"Agitator\"},\"image\":{\"@id\":\"https:\\\/\\\/agitatordistillery.com\\\/#\\\/schema\\\/logo\\\/image\\\/\"},\"sameAs\":[\"https:\\\/\\\/www.facebook.com\\\/Agitator.Whisky\",\"https:\\\/\\\/www.instagram.com\\\/agitator.whisky\\\/\",\"https:\\\/\\\/www.linkedin.com\\\/company\\\/agitator-whisky\\\/\",\"https:\\\/\\\/www.youtube.com\\\/channel\\\/UCuOnjXGpTaL1-NXFXL5ZHtg\"]}]}<\/script>\n<!-- \/ Yoast SEO plugin. -->","yoast_head_json":{"title":"The Swedish Distillery - Agitator","description":"P\u00e5 Agitator str\u00e4var vi att g\u00f6ra modern whisky som \u00e4r riktigt god. V\u00e5r ambition \u00e4r att ta svensk whisky in i 2000-talet.","robots":{"index":"index","follow":"follow","max-snippet":"max-snippet:-1","max-image-preview":"max-image-preview:large","max-video-preview":"max-video-preview:-1"},"canonical":"https:\/\/agitatordistillery.com\/sv_se\/","og_locale":"sv_SE","og_type":"article","og_title":"The Swedish Distillery - Agitator","og_description":"P\u00e5 Agitator str\u00e4var vi att g\u00f6ra modern whisky som \u00e4r riktigt god. V\u00e5r ambition \u00e4r att ta svensk whisky in i 2000-talet.","og_url":"https:\/\/agitatordistillery.com\/sv_se\/","og_site_name":"Agitator","article_publisher":"https:\/\/www.facebook.com\/Agitator.Whisky","article_modified_time":"2026-04-15T18:03:07+00:00","og_image":[{"width":2560,"height":1702,"url":"https:\/\/agitatordistillery.com\/wp-content\/uploads\/2024\/10\/Agitator_core_web.png","type":"image\/png"}],"twitter_card":"summary_large_image","twitter_misc":{"Ber\u00e4knad l\u00e4stid":"4 minuter"},"schema":{"@context":"https:\/\/schema.org","@graph":[{"@type":"WebPage","@id":"https:\/\/agitatordistillery.com\/sv_se\/","url":"https:\/\/agitatordistillery.com\/sv_se\/","name":"The Swedish Distillery - Agitator","isPartOf":{"@id":"https:\/\/agitatordistillery.com\/#website"},"primaryImageOfPage":{"@id":"https:\/\/agitatordistillery.com\/sv_se\/#primaryimage"},"image":{"@id":"https:\/\/agitatordistillery.com\/sv_se\/#primaryimage"},"thumbnailUrl":"https:\/\/agitatordistillery.com\/wp-content\/uploads\/2024\/10\/Agitator_core_web.png","datePublished":"2021-07-19T08:15:31+00:00","dateModified":"2026-04-15T18:03:07+00:00","description":"P\u00e5 Agitator str\u00e4var vi att g\u00f6ra modern whisky som \u00e4r riktigt god. V\u00e5r ambition \u00e4r att ta svensk whisky in i 2000-talet.","breadcrumb":{"@id":"https:\/\/agitatordistillery.com\/sv_se\/#breadcrumb"},"inLanguage":"sv-SE","potentialAction":[{"@type":"ReadAction","target":["https:\/\/agitatordistillery.com\/sv_se\/"]}]},{"@type":"ImageObject","inLanguage":"sv-SE","@id":"https:\/\/agitatordistillery.com\/sv_se\/#primaryimage","url":"https:\/\/agitatordistillery.com\/wp-content\/uploads\/2024\/10\/Agitator_core_web.png","contentUrl":"https:\/\/agitatordistillery.com\/wp-content\/uploads\/2024\/10\/Agitator_core_web.png","width":2560,"height":1702,"caption":"Agitator Swedish whisky"},{"@type":"BreadcrumbList","@id":"https:\/\/agitatordistillery.com\/sv_se\/#breadcrumb","itemListElement":[{"@type":"ListItem","position":1,"name":"Hem","item":"https:\/\/agitatordistillery.com\/sv_se\/"},{"@type":"ListItem","position":2,"name":"Agitator Distillery"}]},{"@type":"WebSite","@id":"https:\/\/agitatordistillery.com\/#website","url":"https:\/\/agitatordistillery.com\/","name":"Agitator","description":"The Swedish Distillery","publisher":{"@id":"https:\/\/agitatordistillery.com\/#organization"},"potentialAction":[{"@type":"SearchAction","target":{"@type":"EntryPoint","urlTemplate":"https:\/\/agitatordistillery.com\/?s={search_term_string}"},"query-input":{"@type":"PropertyValueSpecification","valueRequired":true,"valueName":"search_term_string"}}],"inLanguage":"sv-SE"},{"@type":"Organization","@id":"https:\/\/agitatordistillery.com\/#organization","name":"Agitator","url":"https:\/\/agitatordistillery.com\/","logo":{"@type":"ImageObject","inLanguage":"sv-SE","@id":"https:\/\/agitatordistillery.com\/#\/schema\/logo\/image\/","url":"https:\/\/agitatordistillery.com\/wp-content\/uploads\/2021\/10\/Agitator_Logotyp_2021_Small_Pos.png","contentUrl":"https:\/\/agitatordistillery.com\/wp-content\/uploads\/2021\/10\/Agitator_Logotyp_2021_Small_Pos.png","width":360,"height":200,"caption":"Agitator"},"image":{"@id":"https:\/\/agitatordistillery.com\/#\/schema\/logo\/image\/"},"sameAs":["https:\/\/www.facebook.com\/Agitator.Whisky","https:\/\/www.instagram.com\/agitator.whisky\/","https:\/\/www.linkedin.com\/company\/agitator-whisky\/","https:\/\/www.youtube.com\/channel\/UCuOnjXGpTaL1-NXFXL5ZHtg"]}]}},"_links":{"self":[{"href":"https:\/\/agitatordistillery.com\/sv_se\/wp-json\/wp\/v2\/pages\/8","targetHints":{"allow":["GET"]}}],"collection":[{"href":"https:\/\/agitatordistillery.com\/sv_se\/wp-json\/wp\/v2\/pages"}],"about":[{"href":"https:\/\/agitatordistillery.com\/sv_se\/wp-json\/wp\/v2\/types\/page"}],"author":[{"embeddable":true,"href":"https:\/\/agitatordistillery.com\/sv_se\/wp-json\/wp\/v2\/users\/6"}],"replies":[{"embeddable":true,"href":"https:\/\/agitatordistillery.com\/sv_se\/wp-json\/wp\/v2\/comments?post=8"}],"version-history":[{"count":17,"href":"https:\/\/agitatordistillery.com\/sv_se\/wp-json\/wp\/v2\/pages\/8\/revisions"}],"predecessor-version":[{"id":4421,"href":"https:\/\/agitatordistillery.com\/sv_se\/wp-json\/wp\/v2\/pages\/8\/revisions\/4421"}],"wp:featuredmedia":[{"embeddable":true,"href":"https:\/\/agitatordistillery.com\/sv_se\/wp-json\/wp\/v2\/media\/3507"}],"wp:attachment":[{"href":"https:\/\/agitatordistillery.com\/sv_se\/wp-json\/wp\/v2\/media?parent=8"}],"curies":[{"name":"wp","href":"https:\/\/api.w.org\/{rel}","templated":true}]}}