{"id":4400,"date":"2026-04-15T16:03:28","date_gmt":"2026-04-15T14:03:28","guid":{"rendered":"https:\/\/agitatordistillery.com\/?page_id=4400"},"modified":"2026-04-15T20:09:23","modified_gmt":"2026-04-15T18:09:23","slug":"evidens-sauternes-cask-rum","status":"publish","type":"page","link":"https:\/\/agitatordistillery.com\/sv_se\/evidens-sauternes-cask-rum\/","title":{"rendered":"Evidens Sauternes Cask Rum"},"content":{"rendered":"\n\n\t\t\t<a href=\"https:\/\/www.systembolaget.se\/sortiment\/agitator\/\"  target=\"_blank\" rel=\"noopener\"    rel=\"noopener\">\n\t\t\t\t\t\t\tBEST\u00c4LL H\u00c4R\n\t\t\t<\/a>\n<h2>\n\t\t\tOM\t<\/h2>\n\t<p>T\u00e4nk om rom kan vara kraftig och finst\u00e4md p\u00e5 samma g\u00e5ng? Evidens Sauternes Cask Rum \u00e4r gjord p\u00e5 intensiv rom med tydliga toner av arrak, estrar och melass &#8211; som sedan f\u00e5tt vila fyra \u00e5r p\u00e5 franska sauternesfat. Faten bidrar med en finst\u00e4md s\u00f6tma och toner av honung, saffran och apelsinzest. Det \u00e4r en b\u00e5de komplex och fyllig rom, buteljerad p\u00e5 fatstyrka om 55 %.\u00a0<\/p>\n<p>&nbsp;<\/p>\n<p>Sauternesfat \u00e4r ekfat som anv\u00e4nts vid produktionen av sauternesvin, ett exklusivt s\u00f6tt vin fr\u00e5n Bordeaux i Frankrike d\u00e4r man l\u00e5tit druvan angripas av en \u00e4delr\u00f6ta som ger vinet sin karakteristiska smak. <\/p>\n<h2>\n\t\t\tsmaknoter\t<\/h2>\n\t<h3>Doft<\/h3>\n<p>Saffran, aprikos och persika.<\/p>\n<h3>SMAK<\/h3>\n<p>Arrak, honung, saffran och apelsinzest.<\/p>\n<figure itemscope itemtype=\"https:\/\/schema.org\/ImageObject\">\n\t\t\t\t<img decoding=\"async\" data-src=\"https:\/\/agitatordistillery.com\/wp-content\/uploads\/2026\/04\/agitator-sauternes-cask-scaled.png\" alt=\"agitator-sauternes-cask\" height=\"2560\" width=\"1135\" title=\"agitator-sauternes-cask\" onerror=\"this.style.display='none'\" loading=\"lazy\" src=\"data:image\/gif;base64,R0lGODlhAQABAAAAACH5BAEKAAEALAAAAAABAAEAAAICTAEAOw==\" class=\"lazyload\" style=\"--smush-placeholder-width: 1135px; --smush-placeholder-aspect-ratio: 1135\/2560;\" \/><noscript><img decoding=\"async\" src=\"https:\/\/agitatordistillery.com\/wp-content\/uploads\/2026\/04\/agitator-sauternes-cask-scaled.png\" alt=\"agitator-sauternes-cask\" height=\"2560\" width=\"1135\" title=\"agitator-sauternes-cask\" onerror=\"this.style.display='none'\" loading=\"lazy\" \/><\/noscript>\n\t<\/figure>\n\n","protected":false},"excerpt":{"rendered":"<p>BEST\u00c4LL H\u00c4R OM T\u00e4nk om rom kan vara kraftig och finst\u00e4md p\u00e5 samma g\u00e5ng? Evidens Sauternes Cask Rum \u00e4r gjord p\u00e5 intensiv rom med tydliga toner av arrak, estrar och melass &#8211; som sedan f\u00e5tt vila fyra \u00e5r p\u00e5 franska sauternesfat. Faten bidrar med en finst\u00e4md s\u00f6tma och toner av honung, saffran och apelsinzest. Det&hellip;<\/p>\n","protected":false},"author":17,"featured_media":0,"parent":0,"menu_order":0,"comment_status":"closed","ping_status":"closed","template":"","meta":{"_monsterinsights_skip_tracking":false,"_monsterinsights_sitenote_active":false,"_monsterinsights_sitenote_note":"","_monsterinsights_sitenote_category":0,"footnotes":""},"class_list":["post-4400","page","type-page","status-publish","hentry"],"yoast_head":"<!-- This site is optimized with the Yoast SEO plugin v27.4 - https:\/\/yoast.com\/product\/yoast-seo-wordpress\/ -->\n<title>Evidens Sauternes Cask Rum - Agitator<\/title>\n<meta name=\"description\" content=\"Chestnut Reserve Rum, sip it, mix it, enjoy it. This is a dark sweet rum, for all occasions. Made without palm trees and pirates.\" \/>\n<meta name=\"robots\" content=\"index, follow, max-snippet:-1, max-image-preview:large, max-video-preview:-1\" \/>\n<link rel=\"canonical\" href=\"https:\/\/agitatordistillery.com\/sv_se\/evidens-sauternes-cask-rum\/\" \/>\n<meta property=\"og:locale\" content=\"sv_SE\" \/>\n<meta property=\"og:type\" content=\"article\" \/>\n<meta property=\"og:title\" content=\"Evidens Sauternes Cask Rum - Agitator\" \/>\n<meta property=\"og:description\" content=\"Chestnut Reserve Rum, sip it, mix it, enjoy it. This is a dark sweet rum, for all occasions. Made without palm trees and pirates.\" \/>\n<meta property=\"og:url\" content=\"https:\/\/agitatordistillery.com\/sv_se\/evidens-sauternes-cask-rum\/\" \/>\n<meta property=\"og:site_name\" content=\"Agitator\" \/>\n<meta property=\"article:publisher\" content=\"https:\/\/www.facebook.com\/Agitator.Whisky\" \/>\n<meta property=\"article:modified_time\" content=\"2026-04-15T18:09:23+00:00\" \/>\n<meta property=\"og:image\" content=\"https:\/\/agitatordistillery.com\/wp-content\/uploads\/2026\/04\/agitator-sauternes-cask-scaled.png\" \/>\n<meta name=\"twitter:card\" content=\"summary_large_image\" \/>\n<meta name=\"twitter:label1\" content=\"Ber\u00e4knad l\u00e4stid\" \/>\n\t<meta name=\"twitter:data1\" content=\"1 minut\" \/>\n<script type=\"application\/ld+json\" class=\"yoast-schema-graph\">{\"@context\":\"https:\\\/\\\/schema.org\",\"@graph\":[{\"@type\":\"WebPage\",\"@id\":\"https:\\\/\\\/agitatordistillery.com\\\/sv_se\\\/evidens-sauternes-cask-rum\\\/\",\"url\":\"https:\\\/\\\/agitatordistillery.com\\\/sv_se\\\/evidens-sauternes-cask-rum\\\/\",\"name\":\"Evidens Sauternes Cask Rum - Agitator\",\"isPartOf\":{\"@id\":\"https:\\\/\\\/agitatordistillery.com\\\/#website\"},\"primaryImageOfPage\":{\"@id\":\"https:\\\/\\\/agitatordistillery.com\\\/sv_se\\\/evidens-sauternes-cask-rum\\\/#primaryimage\"},\"image\":{\"@id\":\"https:\\\/\\\/agitatordistillery.com\\\/sv_se\\\/evidens-sauternes-cask-rum\\\/#primaryimage\"},\"thumbnailUrl\":\"https:\\\/\\\/agitatordistillery.com\\\/wp-content\\\/uploads\\\/2026\\\/04\\\/agitator-sauternes-cask-scaled.png\",\"datePublished\":\"2026-04-15T14:03:28+00:00\",\"dateModified\":\"2026-04-15T18:09:23+00:00\",\"description\":\"Chestnut Reserve Rum, sip it, mix it, enjoy it. This is a dark sweet rum, for all occasions. Made without palm trees and pirates.\",\"breadcrumb\":{\"@id\":\"https:\\\/\\\/agitatordistillery.com\\\/sv_se\\\/evidens-sauternes-cask-rum\\\/#breadcrumb\"},\"inLanguage\":\"sv-SE\",\"potentialAction\":[{\"@type\":\"ReadAction\",\"target\":[\"https:\\\/\\\/agitatordistillery.com\\\/sv_se\\\/evidens-sauternes-cask-rum\\\/\"]}]},{\"@type\":\"ImageObject\",\"inLanguage\":\"sv-SE\",\"@id\":\"https:\\\/\\\/agitatordistillery.com\\\/sv_se\\\/evidens-sauternes-cask-rum\\\/#primaryimage\",\"url\":\"https:\\\/\\\/agitatordistillery.com\\\/wp-content\\\/uploads\\\/2026\\\/04\\\/agitator-sauternes-cask-scaled.png\",\"contentUrl\":\"https:\\\/\\\/agitatordistillery.com\\\/wp-content\\\/uploads\\\/2026\\\/04\\\/agitator-sauternes-cask-scaled.png\"},{\"@type\":\"BreadcrumbList\",\"@id\":\"https:\\\/\\\/agitatordistillery.com\\\/sv_se\\\/evidens-sauternes-cask-rum\\\/#breadcrumb\",\"itemListElement\":[{\"@type\":\"ListItem\",\"position\":1,\"name\":\"Hem\",\"item\":\"https:\\\/\\\/agitatordistillery.com\\\/sv_se\\\/\"},{\"@type\":\"ListItem\",\"position\":2,\"name\":\"Evidens Sauternes Cask Rum\"}]},{\"@type\":\"WebSite\",\"@id\":\"https:\\\/\\\/agitatordistillery.com\\\/#website\",\"url\":\"https:\\\/\\\/agitatordistillery.com\\\/\",\"name\":\"Agitator\",\"description\":\"The Swedish Distillery\",\"publisher\":{\"@id\":\"https:\\\/\\\/agitatordistillery.com\\\/#organization\"},\"potentialAction\":[{\"@type\":\"SearchAction\",\"target\":{\"@type\":\"EntryPoint\",\"urlTemplate\":\"https:\\\/\\\/agitatordistillery.com\\\/?s={search_term_string}\"},\"query-input\":{\"@type\":\"PropertyValueSpecification\",\"valueRequired\":true,\"valueName\":\"search_term_string\"}}],\"inLanguage\":\"sv-SE\"},{\"@type\":\"Organization\",\"@id\":\"https:\\\/\\\/agitatordistillery.com\\\/#organization\",\"name\":\"Agitator\",\"url\":\"https:\\\/\\\/agitatordistillery.com\\\/\",\"logo\":{\"@type\":\"ImageObject\",\"inLanguage\":\"sv-SE\",\"@id\":\"https:\\\/\\\/agitatordistillery.com\\\/#\\\/schema\\\/logo\\\/image\\\/\",\"url\":\"https:\\\/\\\/agitatordistillery.com\\\/wp-content\\\/uploads\\\/2021\\\/10\\\/Agitator_Logotyp_2021_Small_Pos.png\",\"contentUrl\":\"https:\\\/\\\/agitatordistillery.com\\\/wp-content\\\/uploads\\\/2021\\\/10\\\/Agitator_Logotyp_2021_Small_Pos.png\",\"width\":360,\"height\":200,\"caption\":\"Agitator\"},\"image\":{\"@id\":\"https:\\\/\\\/agitatordistillery.com\\\/#\\\/schema\\\/logo\\\/image\\\/\"},\"sameAs\":[\"https:\\\/\\\/www.facebook.com\\\/Agitator.Whisky\",\"https:\\\/\\\/www.instagram.com\\\/agitator.whisky\\\/\",\"https:\\\/\\\/www.linkedin.com\\\/company\\\/agitator-whisky\\\/\",\"https:\\\/\\\/www.youtube.com\\\/channel\\\/UCuOnjXGpTaL1-NXFXL5ZHtg\"]}]}<\/script>\n<!-- \/ Yoast SEO plugin. -->","yoast_head_json":{"title":"Evidens Sauternes Cask Rum - Agitator","description":"Chestnut Reserve Rum, sip it, mix it, enjoy it. This is a dark sweet rum, for all occasions. Made without palm trees and pirates.","robots":{"index":"index","follow":"follow","max-snippet":"max-snippet:-1","max-image-preview":"max-image-preview:large","max-video-preview":"max-video-preview:-1"},"canonical":"https:\/\/agitatordistillery.com\/sv_se\/evidens-sauternes-cask-rum\/","og_locale":"sv_SE","og_type":"article","og_title":"Evidens Sauternes Cask Rum - Agitator","og_description":"Chestnut Reserve Rum, sip it, mix it, enjoy it. This is a dark sweet rum, for all occasions. Made without palm trees and pirates.","og_url":"https:\/\/agitatordistillery.com\/sv_se\/evidens-sauternes-cask-rum\/","og_site_name":"Agitator","article_publisher":"https:\/\/www.facebook.com\/Agitator.Whisky","article_modified_time":"2026-04-15T18:09:23+00:00","og_image":[{"url":"https:\/\/agitatordistillery.com\/wp-content\/uploads\/2026\/04\/agitator-sauternes-cask-scaled.png","type":"","width":"","height":""}],"twitter_card":"summary_large_image","twitter_misc":{"Ber\u00e4knad l\u00e4stid":"1 minut"},"schema":{"@context":"https:\/\/schema.org","@graph":[{"@type":"WebPage","@id":"https:\/\/agitatordistillery.com\/sv_se\/evidens-sauternes-cask-rum\/","url":"https:\/\/agitatordistillery.com\/sv_se\/evidens-sauternes-cask-rum\/","name":"Evidens Sauternes Cask Rum - Agitator","isPartOf":{"@id":"https:\/\/agitatordistillery.com\/#website"},"primaryImageOfPage":{"@id":"https:\/\/agitatordistillery.com\/sv_se\/evidens-sauternes-cask-rum\/#primaryimage"},"image":{"@id":"https:\/\/agitatordistillery.com\/sv_se\/evidens-sauternes-cask-rum\/#primaryimage"},"thumbnailUrl":"https:\/\/agitatordistillery.com\/wp-content\/uploads\/2026\/04\/agitator-sauternes-cask-scaled.png","datePublished":"2026-04-15T14:03:28+00:00","dateModified":"2026-04-15T18:09:23+00:00","description":"Chestnut Reserve Rum, sip it, mix it, enjoy it. This is a dark sweet rum, for all occasions. Made without palm trees and pirates.","breadcrumb":{"@id":"https:\/\/agitatordistillery.com\/sv_se\/evidens-sauternes-cask-rum\/#breadcrumb"},"inLanguage":"sv-SE","potentialAction":[{"@type":"ReadAction","target":["https:\/\/agitatordistillery.com\/sv_se\/evidens-sauternes-cask-rum\/"]}]},{"@type":"ImageObject","inLanguage":"sv-SE","@id":"https:\/\/agitatordistillery.com\/sv_se\/evidens-sauternes-cask-rum\/#primaryimage","url":"https:\/\/agitatordistillery.com\/wp-content\/uploads\/2026\/04\/agitator-sauternes-cask-scaled.png","contentUrl":"https:\/\/agitatordistillery.com\/wp-content\/uploads\/2026\/04\/agitator-sauternes-cask-scaled.png"},{"@type":"BreadcrumbList","@id":"https:\/\/agitatordistillery.com\/sv_se\/evidens-sauternes-cask-rum\/#breadcrumb","itemListElement":[{"@type":"ListItem","position":1,"name":"Hem","item":"https:\/\/agitatordistillery.com\/sv_se\/"},{"@type":"ListItem","position":2,"name":"Evidens Sauternes Cask Rum"}]},{"@type":"WebSite","@id":"https:\/\/agitatordistillery.com\/#website","url":"https:\/\/agitatordistillery.com\/","name":"Agitator","description":"The Swedish Distillery","publisher":{"@id":"https:\/\/agitatordistillery.com\/#organization"},"potentialAction":[{"@type":"SearchAction","target":{"@type":"EntryPoint","urlTemplate":"https:\/\/agitatordistillery.com\/?s={search_term_string}"},"query-input":{"@type":"PropertyValueSpecification","valueRequired":true,"valueName":"search_term_string"}}],"inLanguage":"sv-SE"},{"@type":"Organization","@id":"https:\/\/agitatordistillery.com\/#organization","name":"Agitator","url":"https:\/\/agitatordistillery.com\/","logo":{"@type":"ImageObject","inLanguage":"sv-SE","@id":"https:\/\/agitatordistillery.com\/#\/schema\/logo\/image\/","url":"https:\/\/agitatordistillery.com\/wp-content\/uploads\/2021\/10\/Agitator_Logotyp_2021_Small_Pos.png","contentUrl":"https:\/\/agitatordistillery.com\/wp-content\/uploads\/2021\/10\/Agitator_Logotyp_2021_Small_Pos.png","width":360,"height":200,"caption":"Agitator"},"image":{"@id":"https:\/\/agitatordistillery.com\/#\/schema\/logo\/image\/"},"sameAs":["https:\/\/www.facebook.com\/Agitator.Whisky","https:\/\/www.instagram.com\/agitator.whisky\/","https:\/\/www.linkedin.com\/company\/agitator-whisky\/","https:\/\/www.youtube.com\/channel\/UCuOnjXGpTaL1-NXFXL5ZHtg"]}]}},"_links":{"self":[{"href":"https:\/\/agitatordistillery.com\/sv_se\/wp-json\/wp\/v2\/pages\/4400","targetHints":{"allow":["GET"]}}],"collection":[{"href":"https:\/\/agitatordistillery.com\/sv_se\/wp-json\/wp\/v2\/pages"}],"about":[{"href":"https:\/\/agitatordistillery.com\/sv_se\/wp-json\/wp\/v2\/types\/page"}],"author":[{"embeddable":true,"href":"https:\/\/agitatordistillery.com\/sv_se\/wp-json\/wp\/v2\/users\/17"}],"replies":[{"embeddable":true,"href":"https:\/\/agitatordistillery.com\/sv_se\/wp-json\/wp\/v2\/comments?post=4400"}],"version-history":[{"count":10,"href":"https:\/\/agitatordistillery.com\/sv_se\/wp-json\/wp\/v2\/pages\/4400\/revisions"}],"predecessor-version":[{"id":4424,"href":"https:\/\/agitatordistillery.com\/sv_se\/wp-json\/wp\/v2\/pages\/4400\/revisions\/4424"}],"wp:attachment":[{"href":"https:\/\/agitatordistillery.com\/sv_se\/wp-json\/wp\/v2\/media?parent=4400"}],"curies":[{"name":"wp","href":"https:\/\/api.w.org\/{rel}","templated":true}]}}