{"id":4135,"date":"2025-10-04T23:04:10","date_gmt":"2025-10-04T21:04:10","guid":{"rendered":"https:\/\/agitatordistillery.com\/?page_id=4135"},"modified":"2025-10-15T12:10:38","modified_gmt":"2025-10-15T10:10:38","slug":"special-dry-rum","status":"publish","type":"page","link":"https:\/\/agitatordistillery.com\/sv_se\/special-dry-rum\/","title":{"rendered":"Special Dry Rum"},"content":{"rendered":"\n\n\t\t\t<a href=\"#\" target=\"_blank\" rel=\"noopener\">\n\t\t\t\t\t\t\tBEST\u00c4LL H\u00c4R\n\t\t\t<\/a>\n<h2>\n\t\t\tOM\t<\/h2>\n\t<p>T\u00e4nk om det fanns en torr rom av premiumkvalitet med en innovativ twist? Ist\u00e4llet f\u00f6r att ha lagrats p\u00e5 traditionella fat, ger Agitator Special Dry Rum de fruktiga och n\u00f6tiga smakerna fr\u00e5n kastanjefat en helt ny stil till en traditionell m\u00f6rk, torr rom. Vakuumdestillerad, tillverkad i Sverige, etiskt certifierad.<\/p>\n<h2>\n\t\t\tsmaknoter\t<\/h2>\n\t<h3>Doft<\/h3>\n<p>Doften \u00e4r ren med subtila inslag av vanilj och l\u00e4tta estrar. Det karakt\u00e4ristiska kastanjetr\u00e4et dr\u00f6jer sig kvar i bakgrunden, med toner av torkad frukt och rostade n\u00f6tter.<\/p>\n<h3>SMAK<\/h3>\n<p>Smaken \u00e4r krispig, torr och precis. Inget socker och ingen mjukhet. T\u00e4nk vitpeppar, rostad ek och en antydan av citrus. Avslutningen \u00e4r torr och direkt.<\/p>\n\t\t\t\t<img decoding=\"async\" data-src=\"https:\/\/agitatordistillery.com\/wp-content\/uploads\/2025\/10\/Special-Dry-Rum-frilagd-1-scaled.png\" alt=\"Special Dry Rum frilagd\" itemprop=\"image\" height=\"2560\" width=\"1440\" title=\"Special Dry Rum frilagd\" onerror=\"this.style.display='none'\" loading=\"lazy\" src=\"data:image\/gif;base64,R0lGODlhAQABAAAAACH5BAEKAAEALAAAAAABAAEAAAICTAEAOw==\" class=\"lazyload\" style=\"--smush-placeholder-width: 1440px; --smush-placeholder-aspect-ratio: 1440\/2560;\" \/><noscript><img decoding=\"async\" src=\"https:\/\/agitatordistillery.com\/wp-content\/uploads\/2025\/10\/Special-Dry-Rum-frilagd-1-scaled.png\" alt=\"Special Dry Rum frilagd\" itemprop=\"image\" height=\"2560\" width=\"1440\" title=\"Special Dry Rum frilagd\" onerror=\"this.style.display='none'\" loading=\"lazy\" \/><\/noscript>\n\n","protected":false},"excerpt":{"rendered":"<p>BEST\u00c4LL H\u00c4R OM T\u00e4nk om det fanns en torr rom av premiumkvalitet med en innovativ twist? Ist\u00e4llet f\u00f6r att ha lagrats p\u00e5 traditionella fat, ger Agitator Special Dry Rum de fruktiga och n\u00f6tiga smakerna fr\u00e5n kastanjefat en helt ny stil till en traditionell m\u00f6rk, torr rom. Vakuumdestillerad, tillverkad i Sverige, etiskt certifierad. smaknoter Doft Doften&hellip;<\/p>\n","protected":false},"author":17,"featured_media":3107,"parent":0,"menu_order":0,"comment_status":"closed","ping_status":"closed","template":"","meta":{"footnotes":""},"class_list":["post-4135","page","type-page","status-publish","has-post-thumbnail","hentry"],"yoast_head":"<!-- This site is optimized with the Yoast SEO plugin v27.5 - https:\/\/yoast.com\/product\/yoast-seo-wordpress\/ -->\n<title>Special Dry Rum - Agitator<\/title>\n<meta name=\"description\" content=\"Chestnut Reserve Rum, sip it, mix it, enjoy it. This is a dark sweet rum, for all occasions. Made without palm trees and pirates.\" \/>\n<meta name=\"robots\" content=\"index, follow, max-snippet:-1, max-image-preview:large, max-video-preview:-1\" \/>\n<link rel=\"canonical\" href=\"https:\/\/agitatordistillery.com\/sv_se\/special-dry-rum\/\" \/>\n<meta property=\"og:locale\" content=\"sv_SE\" \/>\n<meta property=\"og:type\" content=\"article\" \/>\n<meta property=\"og:title\" content=\"Special Dry Rum - Agitator\" \/>\n<meta property=\"og:description\" content=\"Chestnut Reserve Rum, sip it, mix it, enjoy it. This is a dark sweet rum, for all occasions. Made without palm trees and pirates.\" \/>\n<meta property=\"og:url\" content=\"https:\/\/agitatordistillery.com\/sv_se\/special-dry-rum\/\" \/>\n<meta property=\"og:site_name\" content=\"Agitator\" \/>\n<meta property=\"article:publisher\" content=\"https:\/\/www.facebook.com\/Agitator.Whisky\" \/>\n<meta property=\"article:modified_time\" content=\"2025-10-15T10:10:38+00:00\" \/>\n<meta property=\"og:image\" content=\"https:\/\/agitatordistillery.com\/wp-content\/uploads\/2024\/08\/Agitator_RUM_Red_Midsommarkrans_3860_2880px-copy.jpg\" \/>\n\t<meta property=\"og:image:width\" content=\"1796\" \/>\n\t<meta property=\"og:image:height\" content=\"1775\" \/>\n\t<meta property=\"og:image:type\" content=\"image\/jpeg\" \/>\n<meta name=\"twitter:card\" content=\"summary_large_image\" \/>\n<meta name=\"twitter:label1\" content=\"Ber\u00e4knad l\u00e4stid\" \/>\n\t<meta name=\"twitter:data1\" content=\"2 minuter\" \/>\n<script type=\"application\/ld+json\" class=\"yoast-schema-graph\">{\"@context\":\"https:\\\/\\\/schema.org\",\"@graph\":[{\"@type\":\"WebPage\",\"@id\":\"https:\\\/\\\/agitatordistillery.com\\\/sv_se\\\/special-dry-rum\\\/\",\"url\":\"https:\\\/\\\/agitatordistillery.com\\\/sv_se\\\/special-dry-rum\\\/\",\"name\":\"Special Dry Rum - Agitator\",\"isPartOf\":{\"@id\":\"https:\\\/\\\/agitatordistillery.com\\\/#website\"},\"primaryImageOfPage\":{\"@id\":\"https:\\\/\\\/agitatordistillery.com\\\/sv_se\\\/special-dry-rum\\\/#primaryimage\"},\"image\":{\"@id\":\"https:\\\/\\\/agitatordistillery.com\\\/sv_se\\\/special-dry-rum\\\/#primaryimage\"},\"thumbnailUrl\":\"https:\\\/\\\/agitatordistillery.com\\\/wp-content\\\/uploads\\\/2024\\\/08\\\/Agitator_RUM_Red_Midsommarkrans_3860_2880px-copy.jpg\",\"datePublished\":\"2025-10-04T21:04:10+00:00\",\"dateModified\":\"2025-10-15T10:10:38+00:00\",\"description\":\"Chestnut Reserve Rum, sip it, mix it, enjoy it. This is a dark sweet rum, for all occasions. Made without palm trees and pirates.\",\"breadcrumb\":{\"@id\":\"https:\\\/\\\/agitatordistillery.com\\\/sv_se\\\/special-dry-rum\\\/#breadcrumb\"},\"inLanguage\":\"sv-SE\",\"potentialAction\":[{\"@type\":\"ReadAction\",\"target\":[\"https:\\\/\\\/agitatordistillery.com\\\/sv_se\\\/special-dry-rum\\\/\"]}]},{\"@type\":\"ImageObject\",\"inLanguage\":\"sv-SE\",\"@id\":\"https:\\\/\\\/agitatordistillery.com\\\/sv_se\\\/special-dry-rum\\\/#primaryimage\",\"url\":\"https:\\\/\\\/agitatordistillery.com\\\/wp-content\\\/uploads\\\/2024\\\/08\\\/Agitator_RUM_Red_Midsommarkrans_3860_2880px-copy.jpg\",\"contentUrl\":\"https:\\\/\\\/agitatordistillery.com\\\/wp-content\\\/uploads\\\/2024\\\/08\\\/Agitator_RUM_Red_Midsommarkrans_3860_2880px-copy.jpg\",\"width\":1796,\"height\":1775},{\"@type\":\"BreadcrumbList\",\"@id\":\"https:\\\/\\\/agitatordistillery.com\\\/sv_se\\\/special-dry-rum\\\/#breadcrumb\",\"itemListElement\":[{\"@type\":\"ListItem\",\"position\":1,\"name\":\"Hem\",\"item\":\"https:\\\/\\\/agitatordistillery.com\\\/\"},{\"@type\":\"ListItem\",\"position\":2,\"name\":\"Special Dry Rum\"}]},{\"@type\":\"WebSite\",\"@id\":\"https:\\\/\\\/agitatordistillery.com\\\/#website\",\"url\":\"https:\\\/\\\/agitatordistillery.com\\\/\",\"name\":\"Agitator\",\"description\":\"The Swedish Distillery\",\"publisher\":{\"@id\":\"https:\\\/\\\/agitatordistillery.com\\\/#organization\"},\"potentialAction\":[{\"@type\":\"SearchAction\",\"target\":{\"@type\":\"EntryPoint\",\"urlTemplate\":\"https:\\\/\\\/agitatordistillery.com\\\/?s={search_term_string}\"},\"query-input\":{\"@type\":\"PropertyValueSpecification\",\"valueRequired\":true,\"valueName\":\"search_term_string\"}}],\"inLanguage\":\"sv-SE\"},{\"@type\":\"Organization\",\"@id\":\"https:\\\/\\\/agitatordistillery.com\\\/#organization\",\"name\":\"Agitator\",\"url\":\"https:\\\/\\\/agitatordistillery.com\\\/\",\"logo\":{\"@type\":\"ImageObject\",\"inLanguage\":\"sv-SE\",\"@id\":\"https:\\\/\\\/agitatordistillery.com\\\/#\\\/schema\\\/logo\\\/image\\\/\",\"url\":\"https:\\\/\\\/agitatordistillery.com\\\/wp-content\\\/uploads\\\/2021\\\/10\\\/Agitator_Logotyp_2021_Small_Pos.png\",\"contentUrl\":\"https:\\\/\\\/agitatordistillery.com\\\/wp-content\\\/uploads\\\/2021\\\/10\\\/Agitator_Logotyp_2021_Small_Pos.png\",\"width\":360,\"height\":200,\"caption\":\"Agitator\"},\"image\":{\"@id\":\"https:\\\/\\\/agitatordistillery.com\\\/#\\\/schema\\\/logo\\\/image\\\/\"},\"sameAs\":[\"https:\\\/\\\/www.facebook.com\\\/Agitator.Whisky\",\"https:\\\/\\\/www.instagram.com\\\/agitator.whisky\\\/\",\"https:\\\/\\\/www.linkedin.com\\\/company\\\/agitator-whisky\\\/\",\"https:\\\/\\\/www.youtube.com\\\/channel\\\/UCuOnjXGpTaL1-NXFXL5ZHtg\"]}]}<\/script>\n<!-- \/ Yoast SEO plugin. -->","yoast_head_json":{"title":"Special Dry Rum - Agitator","description":"Chestnut Reserve Rum, sip it, mix it, enjoy it. This is a dark sweet rum, for all occasions. Made without palm trees and pirates.","robots":{"index":"index","follow":"follow","max-snippet":"max-snippet:-1","max-image-preview":"max-image-preview:large","max-video-preview":"max-video-preview:-1"},"canonical":"https:\/\/agitatordistillery.com\/sv_se\/special-dry-rum\/","og_locale":"sv_SE","og_type":"article","og_title":"Special Dry Rum - Agitator","og_description":"Chestnut Reserve Rum, sip it, mix it, enjoy it. This is a dark sweet rum, for all occasions. Made without palm trees and pirates.","og_url":"https:\/\/agitatordistillery.com\/sv_se\/special-dry-rum\/","og_site_name":"Agitator","article_publisher":"https:\/\/www.facebook.com\/Agitator.Whisky","article_modified_time":"2025-10-15T10:10:38+00:00","og_image":[{"width":1796,"height":1775,"url":"https:\/\/agitatordistillery.com\/wp-content\/uploads\/2024\/08\/Agitator_RUM_Red_Midsommarkrans_3860_2880px-copy.jpg","type":"image\/jpeg"}],"twitter_card":"summary_large_image","twitter_misc":{"Ber\u00e4knad l\u00e4stid":"2 minuter"},"schema":{"@context":"https:\/\/schema.org","@graph":[{"@type":"WebPage","@id":"https:\/\/agitatordistillery.com\/sv_se\/special-dry-rum\/","url":"https:\/\/agitatordistillery.com\/sv_se\/special-dry-rum\/","name":"Special Dry Rum - Agitator","isPartOf":{"@id":"https:\/\/agitatordistillery.com\/#website"},"primaryImageOfPage":{"@id":"https:\/\/agitatordistillery.com\/sv_se\/special-dry-rum\/#primaryimage"},"image":{"@id":"https:\/\/agitatordistillery.com\/sv_se\/special-dry-rum\/#primaryimage"},"thumbnailUrl":"https:\/\/agitatordistillery.com\/wp-content\/uploads\/2024\/08\/Agitator_RUM_Red_Midsommarkrans_3860_2880px-copy.jpg","datePublished":"2025-10-04T21:04:10+00:00","dateModified":"2025-10-15T10:10:38+00:00","description":"Chestnut Reserve Rum, sip it, mix it, enjoy it. This is a dark sweet rum, for all occasions. Made without palm trees and pirates.","breadcrumb":{"@id":"https:\/\/agitatordistillery.com\/sv_se\/special-dry-rum\/#breadcrumb"},"inLanguage":"sv-SE","potentialAction":[{"@type":"ReadAction","target":["https:\/\/agitatordistillery.com\/sv_se\/special-dry-rum\/"]}]},{"@type":"ImageObject","inLanguage":"sv-SE","@id":"https:\/\/agitatordistillery.com\/sv_se\/special-dry-rum\/#primaryimage","url":"https:\/\/agitatordistillery.com\/wp-content\/uploads\/2024\/08\/Agitator_RUM_Red_Midsommarkrans_3860_2880px-copy.jpg","contentUrl":"https:\/\/agitatordistillery.com\/wp-content\/uploads\/2024\/08\/Agitator_RUM_Red_Midsommarkrans_3860_2880px-copy.jpg","width":1796,"height":1775},{"@type":"BreadcrumbList","@id":"https:\/\/agitatordistillery.com\/sv_se\/special-dry-rum\/#breadcrumb","itemListElement":[{"@type":"ListItem","position":1,"name":"Hem","item":"https:\/\/agitatordistillery.com\/"},{"@type":"ListItem","position":2,"name":"Special Dry Rum"}]},{"@type":"WebSite","@id":"https:\/\/agitatordistillery.com\/#website","url":"https:\/\/agitatordistillery.com\/","name":"Agitator","description":"The Swedish Distillery","publisher":{"@id":"https:\/\/agitatordistillery.com\/#organization"},"potentialAction":[{"@type":"SearchAction","target":{"@type":"EntryPoint","urlTemplate":"https:\/\/agitatordistillery.com\/?s={search_term_string}"},"query-input":{"@type":"PropertyValueSpecification","valueRequired":true,"valueName":"search_term_string"}}],"inLanguage":"sv-SE"},{"@type":"Organization","@id":"https:\/\/agitatordistillery.com\/#organization","name":"Agitator","url":"https:\/\/agitatordistillery.com\/","logo":{"@type":"ImageObject","inLanguage":"sv-SE","@id":"https:\/\/agitatordistillery.com\/#\/schema\/logo\/image\/","url":"https:\/\/agitatordistillery.com\/wp-content\/uploads\/2021\/10\/Agitator_Logotyp_2021_Small_Pos.png","contentUrl":"https:\/\/agitatordistillery.com\/wp-content\/uploads\/2021\/10\/Agitator_Logotyp_2021_Small_Pos.png","width":360,"height":200,"caption":"Agitator"},"image":{"@id":"https:\/\/agitatordistillery.com\/#\/schema\/logo\/image\/"},"sameAs":["https:\/\/www.facebook.com\/Agitator.Whisky","https:\/\/www.instagram.com\/agitator.whisky\/","https:\/\/www.linkedin.com\/company\/agitator-whisky\/","https:\/\/www.youtube.com\/channel\/UCuOnjXGpTaL1-NXFXL5ZHtg"]}]}},"_links":{"self":[{"href":"https:\/\/agitatordistillery.com\/sv_se\/wp-json\/wp\/v2\/pages\/4135","targetHints":{"allow":["GET"]}}],"collection":[{"href":"https:\/\/agitatordistillery.com\/sv_se\/wp-json\/wp\/v2\/pages"}],"about":[{"href":"https:\/\/agitatordistillery.com\/sv_se\/wp-json\/wp\/v2\/types\/page"}],"author":[{"embeddable":true,"href":"https:\/\/agitatordistillery.com\/sv_se\/wp-json\/wp\/v2\/users\/17"}],"replies":[{"embeddable":true,"href":"https:\/\/agitatordistillery.com\/sv_se\/wp-json\/wp\/v2\/comments?post=4135"}],"version-history":[{"count":6,"href":"https:\/\/agitatordistillery.com\/sv_se\/wp-json\/wp\/v2\/pages\/4135\/revisions"}],"predecessor-version":[{"id":4253,"href":"https:\/\/agitatordistillery.com\/sv_se\/wp-json\/wp\/v2\/pages\/4135\/revisions\/4253"}],"wp:featuredmedia":[{"embeddable":true,"href":"https:\/\/agitatordistillery.com\/sv_se\/wp-json\/wp\/v2\/media\/3107"}],"wp:attachment":[{"href":"https:\/\/agitatordistillery.com\/sv_se\/wp-json\/wp\/v2\/media?parent=4135"}],"curies":[{"name":"wp","href":"https:\/\/api.w.org\/{rel}","templated":true}]}}