{"id":3757,"date":"2025-04-07T08:13:28","date_gmt":"2025-04-07T06:13:28","guid":{"rendered":"https:\/\/agitatordistillery.com\/?page_id=3757"},"modified":"2025-05-28T13:34:17","modified_gmt":"2025-05-28T11:34:17","slug":"arboga-dry-gin","status":"publish","type":"page","link":"https:\/\/agitatordistillery.com\/sv_se\/arboga-dry-gin\/","title":{"rendered":"Arboga Dry Gin"},"content":{"rendered":"\n\n\t\t\t<a href=\"https:\/\/www.systembolaget.se\/produkt\/sprit\/agitator-3114302\/\" target=\"_blank\" rel=\"noopener\">\n\t\t\t\t\t\t\tTill Systembolaget\n\t\t\t\t\t<\/a>\n<h2>\n\t\t\tOM\t<\/h2>\n\t<p>Vi b\u00f6rjar alltid v\u00e5r produktutveckling med en enkel fr\u00e5ga: t\u00e4nk om? T\u00e4nk om det b\u00e4sta \u00e4nnu inte har skapats? Med ett modigt f\u00f6rh\u00e5llningss\u00e4tt och en vilja att experimentera finns alltid m\u00f6jligheten att g\u00f6ra n\u00e5got \u00e4nnu b\u00e4ttre. Arboga Dry Gin \u00e4r en modern tolkning av den klassiska gin-stilen, destillerad i Agitators hemstad Arboga. Buteljerad i stilrena 50 cl-flaskor till ett oslagbart pris \u00e4r den skapad f\u00f6r att imponera &#8211; och f\u00f6r att bli en ny favorit bland Agitators fans.<\/p>\n<h2>\n\t\t\tsmaknoter\t<\/h2>\n\t<h2>DOFT<\/h2>\n<p>Enb\u00e4r, grape, citrus<\/p>\n<h3>SMAK<\/h3>\n<p>Med en blandning av enb\u00e4r och zest fr\u00e5n grapefrukt och citrus \u00e4r det h\u00e4r en gin som \u00e4r krispig och len och levererar exceptionella smaker i varje droppe.<\/p>\n\t\t\t\t<a href=\"https:\/\/www.systembolaget.se\/produkt\/sprit\/agitator-8404901\/\"  target=\"_self\" itemprop=\"url\">\n\t\t\t\t<img decoding=\"async\" data-src=\"https:\/\/agitatordistillery.com\/wp-content\/uploads\/2025\/04\/Agitator_GIN_ADG_5050_Frilagd_2000px.png\" alt=\"Agitator Gin\" itemprop=\"image\" height=\"2000\" width=\"1125\" title=\"Agitator Gin\" onerror=\"this.style.display='none'\" loading='lazy' src=\"data:image\/gif;base64,R0lGODlhAQABAAAAACH5BAEKAAEALAAAAAABAAEAAAICTAEAOw==\" class=\"lazyload\" style=\"--smush-placeholder-width: 1125px; --smush-placeholder-aspect-ratio: 1125\/2000;\" \/><noscript><img decoding=\"async\" src=\"https:\/\/agitatordistillery.com\/wp-content\/uploads\/2025\/04\/Agitator_GIN_ADG_5050_Frilagd_2000px.png\" alt=\"Agitator Gin\" itemprop=\"image\" height=\"2000\" width=\"1125\" title=\"Agitator Gin\" onerror=\"this.style.display='none'\" loading='lazy' \/><\/noscript>\n\t\t\t\t<\/a>\n\t\t\t\t<img decoding=\"async\" data-src=\"https:\/\/agitatordistillery.com\/wp-content\/uploads\/2025\/04\/thumbnail_whisky_gin_drink_1.jpg\" alt=\"thumbnail_whisky_gin_drink_1\" itemprop=\"image\" height=\"1350\" width=\"1080\" title=\"thumbnail_whisky_gin_drink_1\" onerror=\"this.style.display='none'\" loading='lazy' src=\"data:image\/gif;base64,R0lGODlhAQABAAAAACH5BAEKAAEALAAAAAABAAEAAAICTAEAOw==\" class=\"lazyload\" style=\"--smush-placeholder-width: 1080px; --smush-placeholder-aspect-ratio: 1080\/1350;\" \/><noscript><img decoding=\"async\" src=\"https:\/\/agitatordistillery.com\/wp-content\/uploads\/2025\/04\/thumbnail_whisky_gin_drink_1.jpg\" alt=\"thumbnail_whisky_gin_drink_1\" itemprop=\"image\" height=\"1350\" width=\"1080\" title=\"thumbnail_whisky_gin_drink_1\" onerror=\"this.style.display='none'\" loading='lazy' \/><\/noscript>\n\t<h2><strong>Ingredienser:<\/strong><\/h2>\n<ul type=\"disc\">\n<li>3 cl Arboga Dry Gin<\/li>\n<li>3 cl The Swedish Blend (Agitators b\u00e4sts\u00e4ljande whisky allts\u00e5!)<\/li>\n<li>1,5 cl citronsaft<\/li>\n<li>0,75 cl sockerlag<\/li>\n<li>Citrontwist (f\u00f6r garnering)<\/li>\n<\/ul>\n<h2><strong>Instruktioner:<\/strong><\/h2>\n<ol start=\"1\" type=\"1\">\n<li><strong>Skaka h\u00e5rt:<\/strong>\u00a0Tills\u00e4tt gin, whisky, citronsaft och sockerlag i en shaker med is. Skaka. Skaka mer. Skaka h\u00e5rt. Den h\u00e4r drinken f\u00f6rtj\u00e4nar det.<\/li>\n<li><strong>Sila kallt:<\/strong>\u00a0H\u00e4ll upp i ett kylt cocktailglas. Eller n\u00e5gon annan beh\u00e5llare av glas. Eller av annat material. Att det \u00e4r kallt \u00e4r det som \u00e4r viktigt h\u00e4r.<\/li>\n<li><strong>Garnera snyggt:<\/strong>\u00a0L\u00e4gg till en citrontwist. Smaka. H\u00f6j ett \u00f6gonbryn. Smaka igen.<\/li>\n<\/ol>\n\t\t\t<a href=\"https:\/\/agitatordistillery.com\/sv_se\/whiskyn\/\" target=\"_self\">\n\t\t\t\t\t\t\tWhisky\n\t\t\t\t\t<\/a>\n\t\t\t<a href=\"https:\/\/agitatordistillery.com\/sv_se\/merch\/\" target=\"_self\">\n\t\t\t\t\t\t\tMerch\n\t\t\t\t\t<\/a>\n\t\t\t<a href=\"https:\/\/agitatordistillery.com\/sv_se\/samarbeten\/\" target=\"_self\">\n\t\t\t\t\t\t\tSamarbeten\n\t\t\t\t\t<\/a>\n\n","protected":false},"excerpt":{"rendered":"<p>Till Systembolaget OM Vi b\u00f6rjar alltid v\u00e5r produktutveckling med en enkel fr\u00e5ga: t\u00e4nk om? T\u00e4nk om det b\u00e4sta \u00e4nnu inte har skapats? Med ett modigt f\u00f6rh\u00e5llningss\u00e4tt och en vilja att experimentera finns alltid m\u00f6jligheten att g\u00f6ra n\u00e5got \u00e4nnu b\u00e4ttre. Arboga Dry Gin \u00e4r en modern tolkning av den klassiska gin-stilen, destillerad i Agitators hemstad Arboga.&hellip;<\/p>\n","protected":false},"author":17,"featured_media":0,"parent":0,"menu_order":0,"comment_status":"closed","ping_status":"closed","template":"","meta":{"footnotes":""},"class_list":["post-3757","page","type-page","status-publish","hentry"],"yoast_head":"<!-- This site is optimized with the Yoast SEO plugin v27.5 - https:\/\/yoast.com\/product\/yoast-seo-wordpress\/ -->\n<title>Arboga Dry Gin - Agitator<\/title>\n<meta name=\"description\" content=\"Argument: Sherry Butt is a smoky whisky aged in sherry butts and Vino de Naranja hogshead casks. Agitators&#039; latest argument.\" \/>\n<meta name=\"robots\" content=\"index, follow, max-snippet:-1, max-image-preview:large, max-video-preview:-1\" \/>\n<link rel=\"canonical\" href=\"https:\/\/agitatordistillery.com\/sv_se\/arboga-dry-gin\/\" \/>\n<meta property=\"og:locale\" content=\"sv_SE\" \/>\n<meta property=\"og:type\" content=\"article\" \/>\n<meta property=\"og:title\" content=\"Arboga Dry Gin - Agitator\" \/>\n<meta property=\"og:description\" content=\"Argument: Sherry Butt is a smoky whisky aged in sherry butts and Vino de Naranja hogshead casks. Agitators&#039; latest argument.\" \/>\n<meta property=\"og:url\" content=\"https:\/\/agitatordistillery.com\/sv_se\/arboga-dry-gin\/\" \/>\n<meta property=\"og:site_name\" content=\"Agitator\" \/>\n<meta property=\"article:publisher\" content=\"https:\/\/www.facebook.com\/Agitator.Whisky\" \/>\n<meta property=\"article:modified_time\" content=\"2025-05-28T11:34:17+00:00\" \/>\n<meta property=\"og:image\" content=\"https:\/\/agitatordistillery.com\/wp-content\/uploads\/2025\/04\/Agitator_GIN_ADG_5050_Frilagd_2000px.png\" \/>\n<meta name=\"twitter:card\" content=\"summary_large_image\" \/>\n<meta name=\"twitter:label1\" content=\"Ber\u00e4knad l\u00e4stid\" \/>\n\t<meta name=\"twitter:data1\" content=\"2 minuter\" \/>\n<script type=\"application\/ld+json\" class=\"yoast-schema-graph\">{\"@context\":\"https:\\\/\\\/schema.org\",\"@graph\":[{\"@type\":\"WebPage\",\"@id\":\"https:\\\/\\\/agitatordistillery.com\\\/arboga-dry-gin\\\/\",\"url\":\"https:\\\/\\\/agitatordistillery.com\\\/arboga-dry-gin\\\/\",\"name\":\"Arboga Dry Gin - Agitator\",\"isPartOf\":{\"@id\":\"https:\\\/\\\/agitatordistillery.com\\\/#website\"},\"primaryImageOfPage\":{\"@id\":\"https:\\\/\\\/agitatordistillery.com\\\/arboga-dry-gin\\\/#primaryimage\"},\"image\":{\"@id\":\"https:\\\/\\\/agitatordistillery.com\\\/arboga-dry-gin\\\/#primaryimage\"},\"thumbnailUrl\":\"https:\\\/\\\/agitatordistillery.com\\\/wp-content\\\/uploads\\\/2025\\\/04\\\/Agitator_GIN_ADG_5050_Frilagd_2000px.png\",\"datePublished\":\"2025-04-07T06:13:28+00:00\",\"dateModified\":\"2025-05-28T11:34:17+00:00\",\"description\":\"Argument: Sherry Butt is a smoky whisky aged in sherry butts and Vino de Naranja hogshead casks. Agitators' latest argument.\",\"breadcrumb\":{\"@id\":\"https:\\\/\\\/agitatordistillery.com\\\/arboga-dry-gin\\\/#breadcrumb\"},\"inLanguage\":\"sv-SE\",\"potentialAction\":[{\"@type\":\"ReadAction\",\"target\":[\"https:\\\/\\\/agitatordistillery.com\\\/arboga-dry-gin\\\/\"]}]},{\"@type\":\"ImageObject\",\"inLanguage\":\"sv-SE\",\"@id\":\"https:\\\/\\\/agitatordistillery.com\\\/arboga-dry-gin\\\/#primaryimage\",\"url\":\"https:\\\/\\\/agitatordistillery.com\\\/wp-content\\\/uploads\\\/2025\\\/04\\\/Agitator_GIN_ADG_5050_Frilagd_2000px.png\",\"contentUrl\":\"https:\\\/\\\/agitatordistillery.com\\\/wp-content\\\/uploads\\\/2025\\\/04\\\/Agitator_GIN_ADG_5050_Frilagd_2000px.png\"},{\"@type\":\"BreadcrumbList\",\"@id\":\"https:\\\/\\\/agitatordistillery.com\\\/arboga-dry-gin\\\/#breadcrumb\",\"itemListElement\":[{\"@type\":\"ListItem\",\"position\":1,\"name\":\"Hem\",\"item\":\"https:\\\/\\\/agitatordistillery.com\\\/\"},{\"@type\":\"ListItem\",\"position\":2,\"name\":\"Arboga Dry Gin\"}]},{\"@type\":\"WebSite\",\"@id\":\"https:\\\/\\\/agitatordistillery.com\\\/#website\",\"url\":\"https:\\\/\\\/agitatordistillery.com\\\/\",\"name\":\"Agitator\",\"description\":\"The Swedish Distillery\",\"publisher\":{\"@id\":\"https:\\\/\\\/agitatordistillery.com\\\/#organization\"},\"potentialAction\":[{\"@type\":\"SearchAction\",\"target\":{\"@type\":\"EntryPoint\",\"urlTemplate\":\"https:\\\/\\\/agitatordistillery.com\\\/?s={search_term_string}\"},\"query-input\":{\"@type\":\"PropertyValueSpecification\",\"valueRequired\":true,\"valueName\":\"search_term_string\"}}],\"inLanguage\":\"sv-SE\"},{\"@type\":\"Organization\",\"@id\":\"https:\\\/\\\/agitatordistillery.com\\\/#organization\",\"name\":\"Agitator\",\"url\":\"https:\\\/\\\/agitatordistillery.com\\\/\",\"logo\":{\"@type\":\"ImageObject\",\"inLanguage\":\"sv-SE\",\"@id\":\"https:\\\/\\\/agitatordistillery.com\\\/#\\\/schema\\\/logo\\\/image\\\/\",\"url\":\"https:\\\/\\\/agitatordistillery.com\\\/wp-content\\\/uploads\\\/2021\\\/10\\\/Agitator_Logotyp_2021_Small_Pos.png\",\"contentUrl\":\"https:\\\/\\\/agitatordistillery.com\\\/wp-content\\\/uploads\\\/2021\\\/10\\\/Agitator_Logotyp_2021_Small_Pos.png\",\"width\":360,\"height\":200,\"caption\":\"Agitator\"},\"image\":{\"@id\":\"https:\\\/\\\/agitatordistillery.com\\\/#\\\/schema\\\/logo\\\/image\\\/\"},\"sameAs\":[\"https:\\\/\\\/www.facebook.com\\\/Agitator.Whisky\",\"https:\\\/\\\/www.instagram.com\\\/agitator.whisky\\\/\",\"https:\\\/\\\/www.linkedin.com\\\/company\\\/agitator-whisky\\\/\",\"https:\\\/\\\/www.youtube.com\\\/channel\\\/UCuOnjXGpTaL1-NXFXL5ZHtg\"]}]}<\/script>\n<!-- \/ Yoast SEO plugin. -->","yoast_head_json":{"title":"Arboga Dry Gin - Agitator","description":"Argument: Sherry Butt is a smoky whisky aged in sherry butts and Vino de Naranja hogshead casks. Agitators' latest argument.","robots":{"index":"index","follow":"follow","max-snippet":"max-snippet:-1","max-image-preview":"max-image-preview:large","max-video-preview":"max-video-preview:-1"},"canonical":"https:\/\/agitatordistillery.com\/sv_se\/arboga-dry-gin\/","og_locale":"sv_SE","og_type":"article","og_title":"Arboga Dry Gin - Agitator","og_description":"Argument: Sherry Butt is a smoky whisky aged in sherry butts and Vino de Naranja hogshead casks. Agitators' latest argument.","og_url":"https:\/\/agitatordistillery.com\/sv_se\/arboga-dry-gin\/","og_site_name":"Agitator","article_publisher":"https:\/\/www.facebook.com\/Agitator.Whisky","article_modified_time":"2025-05-28T11:34:17+00:00","og_image":[{"url":"https:\/\/agitatordistillery.com\/wp-content\/uploads\/2025\/04\/Agitator_GIN_ADG_5050_Frilagd_2000px.png","type":"","width":"","height":""}],"twitter_card":"summary_large_image","twitter_misc":{"Ber\u00e4knad l\u00e4stid":"2 minuter"},"schema":{"@context":"https:\/\/schema.org","@graph":[{"@type":"WebPage","@id":"https:\/\/agitatordistillery.com\/arboga-dry-gin\/","url":"https:\/\/agitatordistillery.com\/arboga-dry-gin\/","name":"Arboga Dry Gin - Agitator","isPartOf":{"@id":"https:\/\/agitatordistillery.com\/#website"},"primaryImageOfPage":{"@id":"https:\/\/agitatordistillery.com\/arboga-dry-gin\/#primaryimage"},"image":{"@id":"https:\/\/agitatordistillery.com\/arboga-dry-gin\/#primaryimage"},"thumbnailUrl":"https:\/\/agitatordistillery.com\/wp-content\/uploads\/2025\/04\/Agitator_GIN_ADG_5050_Frilagd_2000px.png","datePublished":"2025-04-07T06:13:28+00:00","dateModified":"2025-05-28T11:34:17+00:00","description":"Argument: Sherry Butt is a smoky whisky aged in sherry butts and Vino de Naranja hogshead casks. Agitators' latest argument.","breadcrumb":{"@id":"https:\/\/agitatordistillery.com\/arboga-dry-gin\/#breadcrumb"},"inLanguage":"sv-SE","potentialAction":[{"@type":"ReadAction","target":["https:\/\/agitatordistillery.com\/arboga-dry-gin\/"]}]},{"@type":"ImageObject","inLanguage":"sv-SE","@id":"https:\/\/agitatordistillery.com\/arboga-dry-gin\/#primaryimage","url":"https:\/\/agitatordistillery.com\/wp-content\/uploads\/2025\/04\/Agitator_GIN_ADG_5050_Frilagd_2000px.png","contentUrl":"https:\/\/agitatordistillery.com\/wp-content\/uploads\/2025\/04\/Agitator_GIN_ADG_5050_Frilagd_2000px.png"},{"@type":"BreadcrumbList","@id":"https:\/\/agitatordistillery.com\/arboga-dry-gin\/#breadcrumb","itemListElement":[{"@type":"ListItem","position":1,"name":"Hem","item":"https:\/\/agitatordistillery.com\/"},{"@type":"ListItem","position":2,"name":"Arboga Dry Gin"}]},{"@type":"WebSite","@id":"https:\/\/agitatordistillery.com\/#website","url":"https:\/\/agitatordistillery.com\/","name":"Agitator","description":"The Swedish Distillery","publisher":{"@id":"https:\/\/agitatordistillery.com\/#organization"},"potentialAction":[{"@type":"SearchAction","target":{"@type":"EntryPoint","urlTemplate":"https:\/\/agitatordistillery.com\/?s={search_term_string}"},"query-input":{"@type":"PropertyValueSpecification","valueRequired":true,"valueName":"search_term_string"}}],"inLanguage":"sv-SE"},{"@type":"Organization","@id":"https:\/\/agitatordistillery.com\/#organization","name":"Agitator","url":"https:\/\/agitatordistillery.com\/","logo":{"@type":"ImageObject","inLanguage":"sv-SE","@id":"https:\/\/agitatordistillery.com\/#\/schema\/logo\/image\/","url":"https:\/\/agitatordistillery.com\/wp-content\/uploads\/2021\/10\/Agitator_Logotyp_2021_Small_Pos.png","contentUrl":"https:\/\/agitatordistillery.com\/wp-content\/uploads\/2021\/10\/Agitator_Logotyp_2021_Small_Pos.png","width":360,"height":200,"caption":"Agitator"},"image":{"@id":"https:\/\/agitatordistillery.com\/#\/schema\/logo\/image\/"},"sameAs":["https:\/\/www.facebook.com\/Agitator.Whisky","https:\/\/www.instagram.com\/agitator.whisky\/","https:\/\/www.linkedin.com\/company\/agitator-whisky\/","https:\/\/www.youtube.com\/channel\/UCuOnjXGpTaL1-NXFXL5ZHtg"]}]}},"_links":{"self":[{"href":"https:\/\/agitatordistillery.com\/sv_se\/wp-json\/wp\/v2\/pages\/3757","targetHints":{"allow":["GET"]}}],"collection":[{"href":"https:\/\/agitatordistillery.com\/sv_se\/wp-json\/wp\/v2\/pages"}],"about":[{"href":"https:\/\/agitatordistillery.com\/sv_se\/wp-json\/wp\/v2\/types\/page"}],"author":[{"embeddable":true,"href":"https:\/\/agitatordistillery.com\/sv_se\/wp-json\/wp\/v2\/users\/17"}],"replies":[{"embeddable":true,"href":"https:\/\/agitatordistillery.com\/sv_se\/wp-json\/wp\/v2\/comments?post=3757"}],"version-history":[{"count":14,"href":"https:\/\/agitatordistillery.com\/sv_se\/wp-json\/wp\/v2\/pages\/3757\/revisions"}],"predecessor-version":[{"id":3952,"href":"https:\/\/agitatordistillery.com\/sv_se\/wp-json\/wp\/v2\/pages\/3757\/revisions\/3952"}],"wp:attachment":[{"href":"https:\/\/agitatordistillery.com\/sv_se\/wp-json\/wp\/v2\/media?parent=3757"}],"curies":[{"name":"wp","href":"https:\/\/api.w.org\/{rel}","templated":true}]}}