{"id":308,"date":"2021-08-09T14:22:59","date_gmt":"2021-08-09T12:22:59","guid":{"rendered":"https:\/\/develop.agitatorwhisky.se\/?page_id=308"},"modified":"2023-03-03T10:16:18","modified_gmt":"2023-03-03T09:16:18","slug":"dubbla-pannpar","status":"publish","type":"page","link":"https:\/\/agitatordistillery.com\/sv_se\/dubbla-pannpar\/","title":{"rendered":"Dubbla pannpar"},"content":{"rendered":"\n<h2>\n\t\tDUBBLA PANNPAR\n\t<\/h2>\n\t\t\t\t<img loading=\"lazy\" decoding=\"async\" data-src=\"https:\/\/agitatordistillery.com\/wp-content\/uploads\/2021\/08\/Fyra_pannor.jpg\" alt=\"Fyra_pannor\" itemprop=\"image\" height=\"661\" width=\"1400\" title=\"Fyra_pannor\" onerror=\"this.style.display='none'\" src=\"data:image\/gif;base64,R0lGODlhAQABAAAAACH5BAEKAAEALAAAAAABAAEAAAICTAEAOw==\" class=\"lazyload\" style=\"--smush-placeholder-width: 1400px; --smush-placeholder-aspect-ratio: 1400\/661;\"><noscript><img loading=\"lazy\" decoding=\"async\" src=\"https:\/\/agitatordistillery.com\/wp-content\/uploads\/2021\/08\/Fyra_pannor.jpg\" alt=\"Fyra_pannor\" itemprop=\"image\" height=\"661\" width=\"1400\" title=\"Fyra_pannor\" onerror=\"this.style.display='none'\"><\/noscript>\n\t<p>En av de avg\u00f6rande faktorerna f\u00f6r vilka smaker man f\u00e5r ut i destilleringen \u00e4r pannornas design. H\u00f6ga och smala pannor ger en renare och fruktigare profil j\u00e4mf\u00f6rt med korta och kompakta pannor som ger en tyngre och k\u00e4rvare ton.<\/p>\n<p>F\u00f6r att \u00f6ka bredden i det vi kan producera och f\u00f6r att g\u00f6ra det m\u00f6jligt att ge enskilda produkter exakt den smakprofil vi vill ha har vi byggt v\u00e5rt destilleri med dubbla par av pannor. Vi har allts\u00e5 tv\u00e5 m\u00e4skpannor och tv\u00e5 spritpannor men med helt olika form och d\u00e4rf\u00f6r ocks\u00e5 helt olika egenskaper. V\u00e5ra h\u00f6ga smala pannor ger ett l\u00e4tt, maltigt och fruktigt destillat och v\u00e5ra korta tjocka pannor ger oss tyngre, k\u00e4rvare och r\u00f6kigare smaktoner. De b\u00e5da typerna av destillat kan vi sedan lagra var f\u00f6r sig eller blanda f\u00f6r att &#8221;designa&#8221; en specifik smakprofil.<\/p>\n","protected":false},"excerpt":{"rendered":"<p>DUBBLA PANNPAR En av de avg\u00f6rande faktorerna f\u00f6r vilka smaker man f\u00e5r ut i destilleringen \u00e4r pannornas design. H\u00f6ga och smala pannor ger en renare och fruktigare profil j\u00e4mf\u00f6rt med korta och kompakta pannor som ger en tyngre och k\u00e4rvare ton. F\u00f6r att \u00f6ka bredden i det vi kan producera och f\u00f6r att g\u00f6ra det&hellip;<\/p>\n","protected":false},"author":6,"featured_media":0,"parent":0,"menu_order":0,"comment_status":"closed","ping_status":"closed","template":"","meta":{"_monsterinsights_skip_tracking":false,"_monsterinsights_sitenote_active":false,"_monsterinsights_sitenote_note":"","_monsterinsights_sitenote_category":0,"footnotes":""},"class_list":["post-308","page","type-page","status-publish","hentry"],"yoast_head":"<!-- This site is optimized with the Yoast SEO plugin v27.4 - https:\/\/yoast.com\/product\/yoast-seo-wordpress\/ -->\n<title>Dubbla pannpar - Agitator<\/title>\n<meta name=\"description\" content=\"En av de avg\u00f6rande faktorerna f\u00f6r vilka smaker man f\u00e5r ut i destilleringen \u00e4r pannornas design. Vi anv\u00e4nder dubbla pannpar.\" \/>\n<meta name=\"robots\" content=\"index, follow, max-snippet:-1, max-image-preview:large, max-video-preview:-1\" \/>\n<link rel=\"canonical\" href=\"https:\/\/agitatordistillery.com\/sv_se\/dubbla-pannpar\/\" \/>\n<meta property=\"og:locale\" content=\"sv_SE\" \/>\n<meta property=\"og:type\" content=\"article\" \/>\n<meta property=\"og:title\" content=\"Dubbla pannpar - Agitator\" \/>\n<meta property=\"og:description\" content=\"En av de avg\u00f6rande faktorerna f\u00f6r vilka smaker man f\u00e5r ut i destilleringen \u00e4r pannornas design. Vi anv\u00e4nder dubbla pannpar.\" \/>\n<meta property=\"og:url\" content=\"https:\/\/agitatordistillery.com\/sv_se\/dubbla-pannpar\/\" \/>\n<meta property=\"og:site_name\" content=\"Agitator\" \/>\n<meta property=\"article:publisher\" content=\"https:\/\/www.facebook.com\/Agitator.Whisky\" \/>\n<meta property=\"article:modified_time\" content=\"2023-03-03T09:16:18+00:00\" \/>\n<meta property=\"og:image\" content=\"https:\/\/agitatordistillery.com\/wp-content\/uploads\/2021\/08\/Fyra_pannor.jpg\" \/>\n<meta name=\"twitter:card\" content=\"summary_large_image\" \/>\n<meta name=\"twitter:label1\" content=\"Ber\u00e4knad l\u00e4stid\" \/>\n\t<meta name=\"twitter:data1\" content=\"1 minut\" \/>\n<script type=\"application\/ld+json\" class=\"yoast-schema-graph\">{\"@context\":\"https:\\\/\\\/schema.org\",\"@graph\":[{\"@type\":\"WebPage\",\"@id\":\"https:\\\/\\\/agitatordistillery.com\\\/dubbla-pannpar\\\/\",\"url\":\"https:\\\/\\\/agitatordistillery.com\\\/dubbla-pannpar\\\/\",\"name\":\"Dubbla pannpar - Agitator\",\"isPartOf\":{\"@id\":\"https:\\\/\\\/agitatordistillery.com\\\/#website\"},\"primaryImageOfPage\":{\"@id\":\"https:\\\/\\\/agitatordistillery.com\\\/dubbla-pannpar\\\/#primaryimage\"},\"image\":{\"@id\":\"https:\\\/\\\/agitatordistillery.com\\\/dubbla-pannpar\\\/#primaryimage\"},\"thumbnailUrl\":\"https:\\\/\\\/agitatordistillery.com\\\/wp-content\\\/uploads\\\/2021\\\/08\\\/Fyra_pannor.jpg\",\"datePublished\":\"2021-08-09T12:22:59+00:00\",\"dateModified\":\"2023-03-03T09:16:18+00:00\",\"description\":\"En av de avg\u00f6rande faktorerna f\u00f6r vilka smaker man f\u00e5r ut i destilleringen \u00e4r pannornas design. Vi anv\u00e4nder dubbla pannpar.\",\"breadcrumb\":{\"@id\":\"https:\\\/\\\/agitatordistillery.com\\\/dubbla-pannpar\\\/#breadcrumb\"},\"inLanguage\":\"sv-SE\",\"potentialAction\":[{\"@type\":\"ReadAction\",\"target\":[\"https:\\\/\\\/agitatordistillery.com\\\/dubbla-pannpar\\\/\"]}]},{\"@type\":\"ImageObject\",\"inLanguage\":\"sv-SE\",\"@id\":\"https:\\\/\\\/agitatordistillery.com\\\/dubbla-pannpar\\\/#primaryimage\",\"url\":\"https:\\\/\\\/agitatordistillery.com\\\/wp-content\\\/uploads\\\/2021\\\/08\\\/Fyra_pannor.jpg\",\"contentUrl\":\"https:\\\/\\\/agitatordistillery.com\\\/wp-content\\\/uploads\\\/2021\\\/08\\\/Fyra_pannor.jpg\"},{\"@type\":\"BreadcrumbList\",\"@id\":\"https:\\\/\\\/agitatordistillery.com\\\/dubbla-pannpar\\\/#breadcrumb\",\"itemListElement\":[{\"@type\":\"ListItem\",\"position\":1,\"name\":\"Hem\",\"item\":\"https:\\\/\\\/agitatordistillery.com\\\/sv_se\\\/\"},{\"@type\":\"ListItem\",\"position\":2,\"name\":\"Dubbla pannpar\"}]},{\"@type\":\"WebSite\",\"@id\":\"https:\\\/\\\/agitatordistillery.com\\\/#website\",\"url\":\"https:\\\/\\\/agitatordistillery.com\\\/\",\"name\":\"Agitator\",\"description\":\"The Swedish Distillery\",\"publisher\":{\"@id\":\"https:\\\/\\\/agitatordistillery.com\\\/#organization\"},\"potentialAction\":[{\"@type\":\"SearchAction\",\"target\":{\"@type\":\"EntryPoint\",\"urlTemplate\":\"https:\\\/\\\/agitatordistillery.com\\\/?s={search_term_string}\"},\"query-input\":{\"@type\":\"PropertyValueSpecification\",\"valueRequired\":true,\"valueName\":\"search_term_string\"}}],\"inLanguage\":\"sv-SE\"},{\"@type\":\"Organization\",\"@id\":\"https:\\\/\\\/agitatordistillery.com\\\/#organization\",\"name\":\"Agitator\",\"url\":\"https:\\\/\\\/agitatordistillery.com\\\/\",\"logo\":{\"@type\":\"ImageObject\",\"inLanguage\":\"sv-SE\",\"@id\":\"https:\\\/\\\/agitatordistillery.com\\\/#\\\/schema\\\/logo\\\/image\\\/\",\"url\":\"https:\\\/\\\/agitatordistillery.com\\\/wp-content\\\/uploads\\\/2021\\\/10\\\/Agitator_Logotyp_2021_Small_Pos.png\",\"contentUrl\":\"https:\\\/\\\/agitatordistillery.com\\\/wp-content\\\/uploads\\\/2021\\\/10\\\/Agitator_Logotyp_2021_Small_Pos.png\",\"width\":360,\"height\":200,\"caption\":\"Agitator\"},\"image\":{\"@id\":\"https:\\\/\\\/agitatordistillery.com\\\/#\\\/schema\\\/logo\\\/image\\\/\"},\"sameAs\":[\"https:\\\/\\\/www.facebook.com\\\/Agitator.Whisky\",\"https:\\\/\\\/www.instagram.com\\\/agitator.whisky\\\/\",\"https:\\\/\\\/www.linkedin.com\\\/company\\\/agitator-whisky\\\/\",\"https:\\\/\\\/www.youtube.com\\\/channel\\\/UCuOnjXGpTaL1-NXFXL5ZHtg\"]}]}<\/script>\n<!-- \/ Yoast SEO plugin. -->","yoast_head_json":{"title":"Dubbla pannpar - Agitator","description":"En av de avg\u00f6rande faktorerna f\u00f6r vilka smaker man f\u00e5r ut i destilleringen \u00e4r pannornas design. Vi anv\u00e4nder dubbla pannpar.","robots":{"index":"index","follow":"follow","max-snippet":"max-snippet:-1","max-image-preview":"max-image-preview:large","max-video-preview":"max-video-preview:-1"},"canonical":"https:\/\/agitatordistillery.com\/sv_se\/dubbla-pannpar\/","og_locale":"sv_SE","og_type":"article","og_title":"Dubbla pannpar - Agitator","og_description":"En av de avg\u00f6rande faktorerna f\u00f6r vilka smaker man f\u00e5r ut i destilleringen \u00e4r pannornas design. Vi anv\u00e4nder dubbla pannpar.","og_url":"https:\/\/agitatordistillery.com\/sv_se\/dubbla-pannpar\/","og_site_name":"Agitator","article_publisher":"https:\/\/www.facebook.com\/Agitator.Whisky","article_modified_time":"2023-03-03T09:16:18+00:00","og_image":[{"url":"https:\/\/agitatordistillery.com\/wp-content\/uploads\/2021\/08\/Fyra_pannor.jpg","type":"","width":"","height":""}],"twitter_card":"summary_large_image","twitter_misc":{"Ber\u00e4knad l\u00e4stid":"1 minut"},"schema":{"@context":"https:\/\/schema.org","@graph":[{"@type":"WebPage","@id":"https:\/\/agitatordistillery.com\/dubbla-pannpar\/","url":"https:\/\/agitatordistillery.com\/dubbla-pannpar\/","name":"Dubbla pannpar - Agitator","isPartOf":{"@id":"https:\/\/agitatordistillery.com\/#website"},"primaryImageOfPage":{"@id":"https:\/\/agitatordistillery.com\/dubbla-pannpar\/#primaryimage"},"image":{"@id":"https:\/\/agitatordistillery.com\/dubbla-pannpar\/#primaryimage"},"thumbnailUrl":"https:\/\/agitatordistillery.com\/wp-content\/uploads\/2021\/08\/Fyra_pannor.jpg","datePublished":"2021-08-09T12:22:59+00:00","dateModified":"2023-03-03T09:16:18+00:00","description":"En av de avg\u00f6rande faktorerna f\u00f6r vilka smaker man f\u00e5r ut i destilleringen \u00e4r pannornas design. Vi anv\u00e4nder dubbla pannpar.","breadcrumb":{"@id":"https:\/\/agitatordistillery.com\/dubbla-pannpar\/#breadcrumb"},"inLanguage":"sv-SE","potentialAction":[{"@type":"ReadAction","target":["https:\/\/agitatordistillery.com\/dubbla-pannpar\/"]}]},{"@type":"ImageObject","inLanguage":"sv-SE","@id":"https:\/\/agitatordistillery.com\/dubbla-pannpar\/#primaryimage","url":"https:\/\/agitatordistillery.com\/wp-content\/uploads\/2021\/08\/Fyra_pannor.jpg","contentUrl":"https:\/\/agitatordistillery.com\/wp-content\/uploads\/2021\/08\/Fyra_pannor.jpg"},{"@type":"BreadcrumbList","@id":"https:\/\/agitatordistillery.com\/dubbla-pannpar\/#breadcrumb","itemListElement":[{"@type":"ListItem","position":1,"name":"Hem","item":"https:\/\/agitatordistillery.com\/sv_se\/"},{"@type":"ListItem","position":2,"name":"Dubbla pannpar"}]},{"@type":"WebSite","@id":"https:\/\/agitatordistillery.com\/#website","url":"https:\/\/agitatordistillery.com\/","name":"Agitator","description":"The Swedish Distillery","publisher":{"@id":"https:\/\/agitatordistillery.com\/#organization"},"potentialAction":[{"@type":"SearchAction","target":{"@type":"EntryPoint","urlTemplate":"https:\/\/agitatordistillery.com\/?s={search_term_string}"},"query-input":{"@type":"PropertyValueSpecification","valueRequired":true,"valueName":"search_term_string"}}],"inLanguage":"sv-SE"},{"@type":"Organization","@id":"https:\/\/agitatordistillery.com\/#organization","name":"Agitator","url":"https:\/\/agitatordistillery.com\/","logo":{"@type":"ImageObject","inLanguage":"sv-SE","@id":"https:\/\/agitatordistillery.com\/#\/schema\/logo\/image\/","url":"https:\/\/agitatordistillery.com\/wp-content\/uploads\/2021\/10\/Agitator_Logotyp_2021_Small_Pos.png","contentUrl":"https:\/\/agitatordistillery.com\/wp-content\/uploads\/2021\/10\/Agitator_Logotyp_2021_Small_Pos.png","width":360,"height":200,"caption":"Agitator"},"image":{"@id":"https:\/\/agitatordistillery.com\/#\/schema\/logo\/image\/"},"sameAs":["https:\/\/www.facebook.com\/Agitator.Whisky","https:\/\/www.instagram.com\/agitator.whisky\/","https:\/\/www.linkedin.com\/company\/agitator-whisky\/","https:\/\/www.youtube.com\/channel\/UCuOnjXGpTaL1-NXFXL5ZHtg"]}]}},"_links":{"self":[{"href":"https:\/\/agitatordistillery.com\/sv_se\/wp-json\/wp\/v2\/pages\/308","targetHints":{"allow":["GET"]}}],"collection":[{"href":"https:\/\/agitatordistillery.com\/sv_se\/wp-json\/wp\/v2\/pages"}],"about":[{"href":"https:\/\/agitatordistillery.com\/sv_se\/wp-json\/wp\/v2\/types\/page"}],"author":[{"embeddable":true,"href":"https:\/\/agitatordistillery.com\/sv_se\/wp-json\/wp\/v2\/users\/6"}],"replies":[{"embeddable":true,"href":"https:\/\/agitatordistillery.com\/sv_se\/wp-json\/wp\/v2\/comments?post=308"}],"version-history":[{"count":8,"href":"https:\/\/agitatordistillery.com\/sv_se\/wp-json\/wp\/v2\/pages\/308\/revisions"}],"predecessor-version":[{"id":1931,"href":"https:\/\/agitatordistillery.com\/sv_se\/wp-json\/wp\/v2\/pages\/308\/revisions\/1931"}],"wp:attachment":[{"href":"https:\/\/agitatordistillery.com\/sv_se\/wp-json\/wp\/v2\/media?parent=308"}],"curies":[{"name":"wp","href":"https:\/\/api.w.org\/{rel}","templated":true}]}}