{"id":2879,"date":"2024-07-04T10:25:35","date_gmt":"2024-07-04T08:25:35","guid":{"rendered":"https:\/\/agitatordistillery.com\/?page_id=2879"},"modified":"2025-05-14T14:10:02","modified_gmt":"2025-05-14T12:10:02","slug":"blind-seal","status":"publish","type":"page","link":"https:\/\/agitatordistillery.com\/sv_se\/blind-seal\/","title":{"rendered":"Blind Seal Straight Rye Whiskey"},"content":{"rendered":"\n\n\t\t\t<a href=\"https:\/\/www.systembolaget.se\/produkt\/sprit\/blind-seal-5583102\/\" target=\"_blank\" rel=\"noopener\">\n\t\t\t\t\t\t\tBEST\u00c4LL H\u00c4R\n\t\t\t<\/a>\n<h2>\n\t\t\tOM\t<\/h2>\n\t<p>Blind Seal Rye Whiskey \u00e4r en hyllning till originalen, tillverkad enligt alla kvalitetsstandarder f\u00f6r rye whisky fr\u00e5n andra sidan p\u00f6len. F\u00f6rutom att den \u00e4r m\u00e4ltad, destillerad och fatlagrad i Arboga, Sverige.<\/p>\n<h2>\n\t\t\tsmaknoter\t<\/h2>\n\t<h3>Doft<\/h3>\n<p>Gr\u00e4sig med intensiva toner av tropisk frukt som banan, ananas och apelsin. Mjuka inslag av vanilj som kommer fr\u00e5n fatet.<\/p>\n<h3>Smak<\/h3>\n<p>Gener\u00f6s och komplex smak med tydliga toner av karamell och vanilj. Torr, pepprig och kryddig avslutning.<\/p>\n\t\t\t\t<img decoding=\"async\" data-src=\"https:\/\/agitatordistillery.com\/wp-content\/uploads\/2024\/07\/Flaska_SB.png\" alt=\"Flaska_SB\" itemprop=\"image\" height=\"2560\" width=\"1449\" title=\"Flaska_SB\" onerror=\"this.style.display='none'\" loading='lazy' src=\"data:image\/gif;base64,R0lGODlhAQABAAAAACH5BAEKAAEALAAAAAABAAEAAAICTAEAOw==\" class=\"lazyload\" style=\"--smush-placeholder-width: 1449px; --smush-placeholder-aspect-ratio: 1449\/2560;\" \/><noscript><img decoding=\"async\" src=\"https:\/\/agitatordistillery.com\/wp-content\/uploads\/2024\/07\/Flaska_SB.png\" alt=\"Flaska_SB\" itemprop=\"image\" height=\"2560\" width=\"1449\" title=\"Flaska_SB\" onerror=\"this.style.display='none'\" loading='lazy' \/><\/noscript>\n<h2>\n\t\t\tWhiskey Sour\t<\/h2>\n\t<strong>5 cl<\/strong> Blind Seal Straight Rye Whiskey<br \/>\n<strong>3 cl<\/strong> Citron juice<br \/>\n<strong>2 cl<\/strong> Sockerlag<br \/>\n<strong>1<\/strong> \u00e4ggvita\u00a0<br \/>\n<strong>3 droppar<\/strong> Angostura bitter p\u00e5 toppen\u00a0\n<p>Dubbelskaka och dubbelsila ned i ett kylt glas p\u00e5 fot.<\/p>\n<h2>\n\t\t\tUTM\u00c4RKELSER\t<\/h2>\n\t<p>Vi f\u00f6rv\u00e4ntar oss inte att du ska ta v\u00e5rt ord f\u00f6r hur bra den h\u00e4r whiskyn \u00e4r, s\u00e5 h\u00e4r \u00e4r n\u00e5gra bevis fr\u00e5n experterna.<\/p>\n\t\t\t\t<img decoding=\"async\" data-src=\"https:\/\/agitatordistillery.com\/wp-content\/uploads\/2024\/08\/World-Whisky-Masters-2024-Medal-GOLD.png\" alt=\"World-Whisky-Masters-2024-Medal-GOLD\" itemprop=\"image\" height=\"2598\" width=\"2362\" title=\"World-Whisky-Masters-2024-Medal-GOLD\" onerror=\"this.style.display='none'\" loading='lazy' src=\"data:image\/gif;base64,R0lGODlhAQABAAAAACH5BAEKAAEALAAAAAABAAEAAAICTAEAOw==\" class=\"lazyload\" style=\"--smush-placeholder-width: 2362px; --smush-placeholder-aspect-ratio: 2362\/2598;\" \/><noscript><img decoding=\"async\" src=\"https:\/\/agitatordistillery.com\/wp-content\/uploads\/2024\/08\/World-Whisky-Masters-2024-Medal-GOLD.png\" alt=\"World-Whisky-Masters-2024-Medal-GOLD\" itemprop=\"image\" height=\"2598\" width=\"2362\" title=\"World-Whisky-Masters-2024-Medal-GOLD\" onerror=\"this.style.display='none'\" loading='lazy' \/><\/noscript>\n\t\t\t\t<img decoding=\"async\" data-src=\"https:\/\/agitatordistillery.com\/wp-content\/uploads\/2024\/07\/Medalj.png\" alt=\"Medalj\" itemprop=\"image\" height=\"2295\" width=\"2269\" title=\"Medalj\" onerror=\"this.style.display='none'\" loading='lazy' src=\"data:image\/gif;base64,R0lGODlhAQABAAAAACH5BAEKAAEALAAAAAABAAEAAAICTAEAOw==\" class=\"lazyload\" style=\"--smush-placeholder-width: 2269px; --smush-placeholder-aspect-ratio: 2269\/2295;\" \/><noscript><img decoding=\"async\" src=\"https:\/\/agitatordistillery.com\/wp-content\/uploads\/2024\/07\/Medalj.png\" alt=\"Medalj\" itemprop=\"image\" height=\"2295\" width=\"2269\" title=\"Medalj\" onerror=\"this.style.display='none'\" loading='lazy' \/><\/noscript>\n\t\t\t\t<img decoding=\"async\" data-src=\"https:\/\/agitatordistillery.com\/wp-content\/uploads\/2024\/07\/WWhiskiesA23-Silver.png\" alt=\"WWhiskiesA23-Silver\" itemprop=\"image\" height=\"2294\" width=\"2269\" title=\"WWhiskiesA23-Silver\" onerror=\"this.style.display='none'\" loading='lazy' src=\"data:image\/gif;base64,R0lGODlhAQABAAAAACH5BAEKAAEALAAAAAABAAEAAAICTAEAOw==\" class=\"lazyload\" style=\"--smush-placeholder-width: 2269px; --smush-placeholder-aspect-ratio: 2269\/2294;\" \/><noscript><img decoding=\"async\" src=\"https:\/\/agitatordistillery.com\/wp-content\/uploads\/2024\/07\/WWhiskiesA23-Silver.png\" alt=\"WWhiskiesA23-Silver\" itemprop=\"image\" height=\"2294\" width=\"2269\" title=\"WWhiskiesA23-Silver\" onerror=\"this.style.display='none'\" loading='lazy' \/><\/noscript>\n\t\t\t\t<img decoding=\"async\" data-src=\"https:\/\/agitatordistillery.com\/wp-content\/uploads\/2024\/07\/1-main_std-iwsc2024-bronze-medal-lores-png.png\" alt=\"1-main_std-iwsc2024-bronze-medal-lores-png\" itemprop=\"image\" height=\"340\" width=\"340\" title=\"1-main_std-iwsc2024-bronze-medal-lores-png\" onerror=\"this.style.display='none'\" loading='lazy' src=\"data:image\/gif;base64,R0lGODlhAQABAAAAACH5BAEKAAEALAAAAAABAAEAAAICTAEAOw==\" class=\"lazyload\" style=\"--smush-placeholder-width: 340px; --smush-placeholder-aspect-ratio: 340\/340;\" \/><noscript><img decoding=\"async\" src=\"https:\/\/agitatordistillery.com\/wp-content\/uploads\/2024\/07\/1-main_std-iwsc2024-bronze-medal-lores-png.png\" alt=\"1-main_std-iwsc2024-bronze-medal-lores-png\" itemprop=\"image\" height=\"340\" width=\"340\" title=\"1-main_std-iwsc2024-bronze-medal-lores-png\" onerror=\"this.style.display='none'\" loading='lazy' \/><\/noscript>\n\n","protected":false},"excerpt":{"rendered":"<p>BEST\u00c4LL H\u00c4R OM Blind Seal Rye Whiskey \u00e4r en hyllning till originalen, tillverkad enligt alla kvalitetsstandarder f\u00f6r rye whisky fr\u00e5n andra sidan p\u00f6len. F\u00f6rutom att den \u00e4r m\u00e4ltad, destillerad och fatlagrad i Arboga, Sverige. smaknoter Doft Gr\u00e4sig med intensiva toner av tropisk frukt som banan, ananas och apelsin. Mjuka inslag av vanilj som kommer fr\u00e5n&hellip;<\/p>\n","protected":false},"author":6,"featured_media":2874,"parent":0,"menu_order":0,"comment_status":"closed","ping_status":"closed","template":"","meta":{"_monsterinsights_skip_tracking":false,"_monsterinsights_sitenote_active":false,"_monsterinsights_sitenote_note":"","_monsterinsights_sitenote_category":0,"footnotes":""},"class_list":["post-2879","page","type-page","status-publish","has-post-thumbnail","hentry"],"yoast_head":"<!-- This site is optimized with the Yoast SEO plugin v27.4 - https:\/\/yoast.com\/product\/yoast-seo-wordpress\/ -->\n<title>Blind Seal Straight Rye Whiskey - Agitator<\/title>\n<meta name=\"description\" content=\"Blind Seal Rye Whiskey is a tribute to the originals, made according to all quality standards for straight whiskeys from across the puddle.\" \/>\n<meta name=\"robots\" content=\"index, follow, max-snippet:-1, max-image-preview:large, max-video-preview:-1\" \/>\n<link rel=\"canonical\" href=\"https:\/\/agitatordistillery.com\/sv_se\/blind-seal\/\" \/>\n<meta property=\"og:locale\" content=\"sv_SE\" \/>\n<meta property=\"og:type\" content=\"article\" \/>\n<meta property=\"og:title\" content=\"Blind Seal Straight Rye Whiskey - Agitator\" \/>\n<meta property=\"og:description\" content=\"Blind Seal Rye Whiskey is a tribute to the originals, made according to all quality standards for straight whiskeys from across the puddle.\" \/>\n<meta property=\"og:url\" content=\"https:\/\/agitatordistillery.com\/sv_se\/blind-seal\/\" \/>\n<meta property=\"og:site_name\" content=\"Agitator\" \/>\n<meta property=\"article:publisher\" content=\"https:\/\/www.facebook.com\/Agitator.Whisky\" \/>\n<meta property=\"article:modified_time\" content=\"2025-05-14T12:10:02+00:00\" \/>\n<meta property=\"og:image\" content=\"https:\/\/agitatordistillery.com\/wp-content\/uploads\/2024\/07\/Flaska_SB.png\" \/>\n\t<meta property=\"og:image:width\" content=\"1449\" \/>\n\t<meta property=\"og:image:height\" content=\"2560\" \/>\n\t<meta property=\"og:image:type\" content=\"image\/png\" \/>\n<meta name=\"twitter:card\" content=\"summary_large_image\" \/>\n<meta name=\"twitter:label1\" content=\"Ber\u00e4knad l\u00e4stid\" \/>\n\t<meta name=\"twitter:data1\" content=\"2 minuter\" \/>\n<script type=\"application\/ld+json\" class=\"yoast-schema-graph\">{\"@context\":\"https:\\\/\\\/schema.org\",\"@graph\":[{\"@type\":\"WebPage\",\"@id\":\"https:\\\/\\\/agitatordistillery.com\\\/sv_se\\\/blind-seal\\\/\",\"url\":\"https:\\\/\\\/agitatordistillery.com\\\/sv_se\\\/blind-seal\\\/\",\"name\":\"Blind Seal Straight Rye Whiskey - Agitator\",\"isPartOf\":{\"@id\":\"https:\\\/\\\/agitatordistillery.com\\\/#website\"},\"primaryImageOfPage\":{\"@id\":\"https:\\\/\\\/agitatordistillery.com\\\/sv_se\\\/blind-seal\\\/#primaryimage\"},\"image\":{\"@id\":\"https:\\\/\\\/agitatordistillery.com\\\/sv_se\\\/blind-seal\\\/#primaryimage\"},\"thumbnailUrl\":\"https:\\\/\\\/agitatordistillery.com\\\/wp-content\\\/uploads\\\/2024\\\/07\\\/Flaska_SB.png\",\"datePublished\":\"2024-07-04T08:25:35+00:00\",\"dateModified\":\"2025-05-14T12:10:02+00:00\",\"description\":\"Blind Seal Rye Whiskey is a tribute to the originals, made according to all quality standards for straight whiskeys from across the puddle.\",\"breadcrumb\":{\"@id\":\"https:\\\/\\\/agitatordistillery.com\\\/sv_se\\\/blind-seal\\\/#breadcrumb\"},\"inLanguage\":\"sv-SE\",\"potentialAction\":[{\"@type\":\"ReadAction\",\"target\":[\"https:\\\/\\\/agitatordistillery.com\\\/sv_se\\\/blind-seal\\\/\"]}]},{\"@type\":\"ImageObject\",\"inLanguage\":\"sv-SE\",\"@id\":\"https:\\\/\\\/agitatordistillery.com\\\/sv_se\\\/blind-seal\\\/#primaryimage\",\"url\":\"https:\\\/\\\/agitatordistillery.com\\\/wp-content\\\/uploads\\\/2024\\\/07\\\/Flaska_SB.png\",\"contentUrl\":\"https:\\\/\\\/agitatordistillery.com\\\/wp-content\\\/uploads\\\/2024\\\/07\\\/Flaska_SB.png\",\"width\":1449,\"height\":2560},{\"@type\":\"BreadcrumbList\",\"@id\":\"https:\\\/\\\/agitatordistillery.com\\\/sv_se\\\/blind-seal\\\/#breadcrumb\",\"itemListElement\":[{\"@type\":\"ListItem\",\"position\":1,\"name\":\"Hem\",\"item\":\"https:\\\/\\\/agitatordistillery.com\\\/sv_se\\\/\"},{\"@type\":\"ListItem\",\"position\":2,\"name\":\"Blind Seal Straight Rye Whiskey\"}]},{\"@type\":\"WebSite\",\"@id\":\"https:\\\/\\\/agitatordistillery.com\\\/#website\",\"url\":\"https:\\\/\\\/agitatordistillery.com\\\/\",\"name\":\"Agitator\",\"description\":\"The Swedish Distillery\",\"publisher\":{\"@id\":\"https:\\\/\\\/agitatordistillery.com\\\/#organization\"},\"potentialAction\":[{\"@type\":\"SearchAction\",\"target\":{\"@type\":\"EntryPoint\",\"urlTemplate\":\"https:\\\/\\\/agitatordistillery.com\\\/?s={search_term_string}\"},\"query-input\":{\"@type\":\"PropertyValueSpecification\",\"valueRequired\":true,\"valueName\":\"search_term_string\"}}],\"inLanguage\":\"sv-SE\"},{\"@type\":\"Organization\",\"@id\":\"https:\\\/\\\/agitatordistillery.com\\\/#organization\",\"name\":\"Agitator\",\"url\":\"https:\\\/\\\/agitatordistillery.com\\\/\",\"logo\":{\"@type\":\"ImageObject\",\"inLanguage\":\"sv-SE\",\"@id\":\"https:\\\/\\\/agitatordistillery.com\\\/#\\\/schema\\\/logo\\\/image\\\/\",\"url\":\"https:\\\/\\\/agitatordistillery.com\\\/wp-content\\\/uploads\\\/2021\\\/10\\\/Agitator_Logotyp_2021_Small_Pos.png\",\"contentUrl\":\"https:\\\/\\\/agitatordistillery.com\\\/wp-content\\\/uploads\\\/2021\\\/10\\\/Agitator_Logotyp_2021_Small_Pos.png\",\"width\":360,\"height\":200,\"caption\":\"Agitator\"},\"image\":{\"@id\":\"https:\\\/\\\/agitatordistillery.com\\\/#\\\/schema\\\/logo\\\/image\\\/\"},\"sameAs\":[\"https:\\\/\\\/www.facebook.com\\\/Agitator.Whisky\",\"https:\\\/\\\/www.instagram.com\\\/agitator.whisky\\\/\",\"https:\\\/\\\/www.linkedin.com\\\/company\\\/agitator-whisky\\\/\",\"https:\\\/\\\/www.youtube.com\\\/channel\\\/UCuOnjXGpTaL1-NXFXL5ZHtg\"]}]}<\/script>\n<!-- \/ Yoast SEO plugin. -->","yoast_head_json":{"title":"Blind Seal Straight Rye Whiskey - Agitator","description":"Blind Seal Rye Whiskey is a tribute to the originals, made according to all quality standards for straight whiskeys from across the puddle.","robots":{"index":"index","follow":"follow","max-snippet":"max-snippet:-1","max-image-preview":"max-image-preview:large","max-video-preview":"max-video-preview:-1"},"canonical":"https:\/\/agitatordistillery.com\/sv_se\/blind-seal\/","og_locale":"sv_SE","og_type":"article","og_title":"Blind Seal Straight Rye Whiskey - Agitator","og_description":"Blind Seal Rye Whiskey is a tribute to the originals, made according to all quality standards for straight whiskeys from across the puddle.","og_url":"https:\/\/agitatordistillery.com\/sv_se\/blind-seal\/","og_site_name":"Agitator","article_publisher":"https:\/\/www.facebook.com\/Agitator.Whisky","article_modified_time":"2025-05-14T12:10:02+00:00","og_image":[{"width":1449,"height":2560,"url":"https:\/\/agitatordistillery.com\/wp-content\/uploads\/2024\/07\/Flaska_SB.png","type":"image\/png"}],"twitter_card":"summary_large_image","twitter_misc":{"Ber\u00e4knad l\u00e4stid":"2 minuter"},"schema":{"@context":"https:\/\/schema.org","@graph":[{"@type":"WebPage","@id":"https:\/\/agitatordistillery.com\/sv_se\/blind-seal\/","url":"https:\/\/agitatordistillery.com\/sv_se\/blind-seal\/","name":"Blind Seal Straight Rye Whiskey - Agitator","isPartOf":{"@id":"https:\/\/agitatordistillery.com\/#website"},"primaryImageOfPage":{"@id":"https:\/\/agitatordistillery.com\/sv_se\/blind-seal\/#primaryimage"},"image":{"@id":"https:\/\/agitatordistillery.com\/sv_se\/blind-seal\/#primaryimage"},"thumbnailUrl":"https:\/\/agitatordistillery.com\/wp-content\/uploads\/2024\/07\/Flaska_SB.png","datePublished":"2024-07-04T08:25:35+00:00","dateModified":"2025-05-14T12:10:02+00:00","description":"Blind Seal Rye Whiskey is a tribute to the originals, made according to all quality standards for straight whiskeys from across the puddle.","breadcrumb":{"@id":"https:\/\/agitatordistillery.com\/sv_se\/blind-seal\/#breadcrumb"},"inLanguage":"sv-SE","potentialAction":[{"@type":"ReadAction","target":["https:\/\/agitatordistillery.com\/sv_se\/blind-seal\/"]}]},{"@type":"ImageObject","inLanguage":"sv-SE","@id":"https:\/\/agitatordistillery.com\/sv_se\/blind-seal\/#primaryimage","url":"https:\/\/agitatordistillery.com\/wp-content\/uploads\/2024\/07\/Flaska_SB.png","contentUrl":"https:\/\/agitatordistillery.com\/wp-content\/uploads\/2024\/07\/Flaska_SB.png","width":1449,"height":2560},{"@type":"BreadcrumbList","@id":"https:\/\/agitatordistillery.com\/sv_se\/blind-seal\/#breadcrumb","itemListElement":[{"@type":"ListItem","position":1,"name":"Hem","item":"https:\/\/agitatordistillery.com\/sv_se\/"},{"@type":"ListItem","position":2,"name":"Blind Seal Straight Rye Whiskey"}]},{"@type":"WebSite","@id":"https:\/\/agitatordistillery.com\/#website","url":"https:\/\/agitatordistillery.com\/","name":"Agitator","description":"The Swedish Distillery","publisher":{"@id":"https:\/\/agitatordistillery.com\/#organization"},"potentialAction":[{"@type":"SearchAction","target":{"@type":"EntryPoint","urlTemplate":"https:\/\/agitatordistillery.com\/?s={search_term_string}"},"query-input":{"@type":"PropertyValueSpecification","valueRequired":true,"valueName":"search_term_string"}}],"inLanguage":"sv-SE"},{"@type":"Organization","@id":"https:\/\/agitatordistillery.com\/#organization","name":"Agitator","url":"https:\/\/agitatordistillery.com\/","logo":{"@type":"ImageObject","inLanguage":"sv-SE","@id":"https:\/\/agitatordistillery.com\/#\/schema\/logo\/image\/","url":"https:\/\/agitatordistillery.com\/wp-content\/uploads\/2021\/10\/Agitator_Logotyp_2021_Small_Pos.png","contentUrl":"https:\/\/agitatordistillery.com\/wp-content\/uploads\/2021\/10\/Agitator_Logotyp_2021_Small_Pos.png","width":360,"height":200,"caption":"Agitator"},"image":{"@id":"https:\/\/agitatordistillery.com\/#\/schema\/logo\/image\/"},"sameAs":["https:\/\/www.facebook.com\/Agitator.Whisky","https:\/\/www.instagram.com\/agitator.whisky\/","https:\/\/www.linkedin.com\/company\/agitator-whisky\/","https:\/\/www.youtube.com\/channel\/UCuOnjXGpTaL1-NXFXL5ZHtg"]}]}},"_links":{"self":[{"href":"https:\/\/agitatordistillery.com\/sv_se\/wp-json\/wp\/v2\/pages\/2879","targetHints":{"allow":["GET"]}}],"collection":[{"href":"https:\/\/agitatordistillery.com\/sv_se\/wp-json\/wp\/v2\/pages"}],"about":[{"href":"https:\/\/agitatordistillery.com\/sv_se\/wp-json\/wp\/v2\/types\/page"}],"author":[{"embeddable":true,"href":"https:\/\/agitatordistillery.com\/sv_se\/wp-json\/wp\/v2\/users\/6"}],"replies":[{"embeddable":true,"href":"https:\/\/agitatordistillery.com\/sv_se\/wp-json\/wp\/v2\/comments?post=2879"}],"version-history":[{"count":8,"href":"https:\/\/agitatordistillery.com\/sv_se\/wp-json\/wp\/v2\/pages\/2879\/revisions"}],"predecessor-version":[{"id":3847,"href":"https:\/\/agitatordistillery.com\/sv_se\/wp-json\/wp\/v2\/pages\/2879\/revisions\/3847"}],"wp:featuredmedia":[{"embeddable":true,"href":"https:\/\/agitatordistillery.com\/sv_se\/wp-json\/wp\/v2\/media\/2874"}],"wp:attachment":[{"href":"https:\/\/agitatordistillery.com\/sv_se\/wp-json\/wp\/v2\/media?parent=2879"}],"curies":[{"name":"wp","href":"https:\/\/api.w.org\/{rel}","templated":true}]}}