{"id":2584,"date":"2024-03-18T10:44:02","date_gmt":"2024-03-18T09:44:02","guid":{"rendered":"https:\/\/agitatordistillery.com\/?page_id=2584"},"modified":"2024-07-04T12:23:05","modified_gmt":"2024-07-04T10:23:05","slug":"argument-kastanj-2023","status":"publish","type":"page","link":"https:\/\/agitatordistillery.com\/sv_se\/argument-kastanj-2023\/","title":{"rendered":"Argument: Kastanj 2023"},"content":{"rendered":"\n<h2>\n\t\tOM\n\t<\/h2>\n\t<p>F\u00f6r Argument: Kastanj 2023 har vi h\u00f6jt alkoholhalten till 50%, f\u00f6r att perfekt balansera de intensiva smakerna fr\u00e5n kastanjfaten. Vi beh\u00e5ller receptet med b\u00e5de r\u00f6kig och or\u00f6kt whisky, mognad p\u00e5 kastanjfat.<\/p>\n<h2>\n\t\tsmaknoter\n\t<\/h2>\n\t<h3>DOFT<\/h3>\n<p>Argument Kastanj har en doft av torkad frukt med inslag av s\u00f6ta russintoner och r\u00f6da b\u00e4r.<\/p>\n<h3>SMAK<\/h3>\n<p>Lagringen p\u00e5 kastanjefat g\u00f6r att smaken domineras av samma toner som du hittar i doften. Dessa kompletteras av l\u00e4tta toner av honung och vanilj, d\u00e4r det sistn\u00e4mnda kommer fr\u00e5n f\u00f6rlagringen p\u00e5 Bourbonfat. Smaken \u00e4r ganska l\u00e5ng men finst\u00e4md och f\u00e5r lite torrt avslut d\u00e4r tr\u00e4ets tanniner kommer in. En l\u00e4tt r\u00f6kton finns i bakgrunden och ger komplexitet till whiskyn.<\/p>\n\t\t\t\t<img loading=\"lazy\" decoding=\"async\" data-src=\"https:\/\/agitatordistillery.com\/wp-content\/uploads\/2024\/07\/Agitator_Kastanj_2023-1947_FronRt_Frilagd_High_Final-copy.png\" alt=\"Agitator_Kastanj_2023 1947_FronRt_Frilagd_High_Final copy\" itemprop=\"image\" height=\"4073\" width=\"2081\" title=\"Agitator_Kastanj_2023 1947_FronRt_Frilagd_High_Final copy\" onerror=\"this.style.display='none'\" src=\"data:image\/gif;base64,R0lGODlhAQABAAAAACH5BAEKAAEALAAAAAABAAEAAAICTAEAOw==\" class=\"lazyload\" style=\"--smush-placeholder-width: 2081px; --smush-placeholder-aspect-ratio: 2081\/4073;\" \/><noscript><img loading=\"lazy\" decoding=\"async\" src=\"https:\/\/agitatordistillery.com\/wp-content\/uploads\/2024\/07\/Agitator_Kastanj_2023-1947_FronRt_Frilagd_High_Final-copy.png\" alt=\"Agitator_Kastanj_2023 1947_FronRt_Frilagd_High_Final copy\" itemprop=\"image\" height=\"4073\" width=\"2081\" title=\"Agitator_Kastanj_2023 1947_FronRt_Frilagd_High_Final copy\" onerror=\"this.style.display='none'\"  \/><\/noscript>\n\n","protected":false},"excerpt":{"rendered":"<p>OM F\u00f6r Argument: Kastanj 2023 har vi h\u00f6jt alkoholhalten till 50%, f\u00f6r att perfekt balansera de intensiva smakerna fr\u00e5n kastanjfaten. Vi beh\u00e5ller receptet med b\u00e5de r\u00f6kig och or\u00f6kt whisky, mognad p\u00e5 kastanjfat. smaknoter DOFT Argument Kastanj har en doft av torkad frukt med inslag av s\u00f6ta russintoner och r\u00f6da b\u00e4r. SMAK Lagringen p\u00e5 kastanjefat g\u00f6r&hellip;<\/p>\n","protected":false},"author":6,"featured_media":2389,"parent":0,"menu_order":0,"comment_status":"closed","ping_status":"closed","template":"","meta":{"_monsterinsights_skip_tracking":false,"_monsterinsights_sitenote_active":false,"_monsterinsights_sitenote_note":"","_monsterinsights_sitenote_category":0,"footnotes":""},"class_list":["post-2584","page","type-page","status-publish","has-post-thumbnail","hentry"],"yoast_head":"<!-- This site is optimized with the Yoast SEO plugin v27.4 - https:\/\/yoast.com\/product\/yoast-seo-wordpress\/ -->\n<title>Argument: Kastanj 2023 - Agitator<\/title>\n<meta name=\"description\" content=\"Argument Kastanj en unik svensk whisky som lagrats p\u00e5 kastanjefat. Med toner av torkad frukt, honung, russin och tr\u00e4.\" \/>\n<meta name=\"robots\" content=\"index, follow, max-snippet:-1, max-image-preview:large, max-video-preview:-1\" \/>\n<link rel=\"canonical\" href=\"https:\/\/agitatordistillery.com\/sv_se\/argument-kastanj-2023\/\" \/>\n<meta property=\"og:locale\" content=\"sv_SE\" \/>\n<meta property=\"og:type\" content=\"article\" \/>\n<meta property=\"og:title\" content=\"Argument: Kastanj 2023 - Agitator\" \/>\n<meta property=\"og:description\" content=\"Argument Kastanj en unik svensk whisky som lagrats p\u00e5 kastanjefat. Med toner av torkad frukt, honung, russin och tr\u00e4.\" \/>\n<meta property=\"og:url\" content=\"https:\/\/agitatordistillery.com\/sv_se\/argument-kastanj-2023\/\" \/>\n<meta property=\"og:site_name\" content=\"Agitator\" \/>\n<meta property=\"article:publisher\" content=\"https:\/\/www.facebook.com\/Agitator.Whisky\" \/>\n<meta property=\"article:modified_time\" content=\"2024-07-04T10:23:05+00:00\" \/>\n<meta property=\"og:image\" content=\"https:\/\/agitatordistillery.com\/wp-content\/uploads\/2023\/11\/Agitator_Kastanj_2023-1947_Front_Frilagd_Web_Final.png\" \/>\n\t<meta property=\"og:image:width\" content=\"480\" \/>\n\t<meta property=\"og:image:height\" content=\"720\" \/>\n\t<meta property=\"og:image:type\" content=\"image\/png\" \/>\n<meta name=\"twitter:card\" content=\"summary_large_image\" \/>\n<meta name=\"twitter:label1\" content=\"Ber\u00e4knad l\u00e4stid\" \/>\n\t<meta name=\"twitter:data1\" content=\"1 minut\" \/>\n<script type=\"application\/ld+json\" class=\"yoast-schema-graph\">{\"@context\":\"https:\\\/\\\/schema.org\",\"@graph\":[{\"@type\":\"WebPage\",\"@id\":\"https:\\\/\\\/agitatordistillery.com\\\/argument-kastanj-2023\\\/\",\"url\":\"https:\\\/\\\/agitatordistillery.com\\\/argument-kastanj-2023\\\/\",\"name\":\"Argument: Kastanj 2023 - Agitator\",\"isPartOf\":{\"@id\":\"https:\\\/\\\/agitatordistillery.com\\\/#website\"},\"primaryImageOfPage\":{\"@id\":\"https:\\\/\\\/agitatordistillery.com\\\/argument-kastanj-2023\\\/#primaryimage\"},\"image\":{\"@id\":\"https:\\\/\\\/agitatordistillery.com\\\/argument-kastanj-2023\\\/#primaryimage\"},\"thumbnailUrl\":\"https:\\\/\\\/agitatordistillery.com\\\/wp-content\\\/uploads\\\/2023\\\/11\\\/Agitator_Kastanj_2023-1947_Front_Frilagd_Web_Final.png\",\"datePublished\":\"2024-03-18T09:44:02+00:00\",\"dateModified\":\"2024-07-04T10:23:05+00:00\",\"description\":\"Argument Kastanj en unik svensk whisky som lagrats p\u00e5 kastanjefat. Med toner av torkad frukt, honung, russin och tr\u00e4.\",\"breadcrumb\":{\"@id\":\"https:\\\/\\\/agitatordistillery.com\\\/argument-kastanj-2023\\\/#breadcrumb\"},\"inLanguage\":\"sv-SE\",\"potentialAction\":[{\"@type\":\"ReadAction\",\"target\":[\"https:\\\/\\\/agitatordistillery.com\\\/argument-kastanj-2023\\\/\"]}]},{\"@type\":\"ImageObject\",\"inLanguage\":\"sv-SE\",\"@id\":\"https:\\\/\\\/agitatordistillery.com\\\/argument-kastanj-2023\\\/#primaryimage\",\"url\":\"https:\\\/\\\/agitatordistillery.com\\\/wp-content\\\/uploads\\\/2023\\\/11\\\/Agitator_Kastanj_2023-1947_Front_Frilagd_Web_Final.png\",\"contentUrl\":\"https:\\\/\\\/agitatordistillery.com\\\/wp-content\\\/uploads\\\/2023\\\/11\\\/Agitator_Kastanj_2023-1947_Front_Frilagd_Web_Final.png\",\"width\":480,\"height\":720},{\"@type\":\"BreadcrumbList\",\"@id\":\"https:\\\/\\\/agitatordistillery.com\\\/argument-kastanj-2023\\\/#breadcrumb\",\"itemListElement\":[{\"@type\":\"ListItem\",\"position\":1,\"name\":\"Hem\",\"item\":\"https:\\\/\\\/agitatordistillery.com\\\/sv_se\\\/\"},{\"@type\":\"ListItem\",\"position\":2,\"name\":\"Argument: Kastanj 2023\"}]},{\"@type\":\"WebSite\",\"@id\":\"https:\\\/\\\/agitatordistillery.com\\\/#website\",\"url\":\"https:\\\/\\\/agitatordistillery.com\\\/\",\"name\":\"Agitator\",\"description\":\"The Swedish Distillery\",\"publisher\":{\"@id\":\"https:\\\/\\\/agitatordistillery.com\\\/#organization\"},\"potentialAction\":[{\"@type\":\"SearchAction\",\"target\":{\"@type\":\"EntryPoint\",\"urlTemplate\":\"https:\\\/\\\/agitatordistillery.com\\\/?s={search_term_string}\"},\"query-input\":{\"@type\":\"PropertyValueSpecification\",\"valueRequired\":true,\"valueName\":\"search_term_string\"}}],\"inLanguage\":\"sv-SE\"},{\"@type\":\"Organization\",\"@id\":\"https:\\\/\\\/agitatordistillery.com\\\/#organization\",\"name\":\"Agitator\",\"url\":\"https:\\\/\\\/agitatordistillery.com\\\/\",\"logo\":{\"@type\":\"ImageObject\",\"inLanguage\":\"sv-SE\",\"@id\":\"https:\\\/\\\/agitatordistillery.com\\\/#\\\/schema\\\/logo\\\/image\\\/\",\"url\":\"https:\\\/\\\/agitatordistillery.com\\\/wp-content\\\/uploads\\\/2021\\\/10\\\/Agitator_Logotyp_2021_Small_Pos.png\",\"contentUrl\":\"https:\\\/\\\/agitatordistillery.com\\\/wp-content\\\/uploads\\\/2021\\\/10\\\/Agitator_Logotyp_2021_Small_Pos.png\",\"width\":360,\"height\":200,\"caption\":\"Agitator\"},\"image\":{\"@id\":\"https:\\\/\\\/agitatordistillery.com\\\/#\\\/schema\\\/logo\\\/image\\\/\"},\"sameAs\":[\"https:\\\/\\\/www.facebook.com\\\/Agitator.Whisky\",\"https:\\\/\\\/www.instagram.com\\\/agitator.whisky\\\/\",\"https:\\\/\\\/www.linkedin.com\\\/company\\\/agitator-whisky\\\/\",\"https:\\\/\\\/www.youtube.com\\\/channel\\\/UCuOnjXGpTaL1-NXFXL5ZHtg\"]}]}<\/script>\n<!-- \/ Yoast SEO plugin. -->","yoast_head_json":{"title":"Argument: Kastanj 2023 - Agitator","description":"Argument Kastanj en unik svensk whisky som lagrats p\u00e5 kastanjefat. Med toner av torkad frukt, honung, russin och tr\u00e4.","robots":{"index":"index","follow":"follow","max-snippet":"max-snippet:-1","max-image-preview":"max-image-preview:large","max-video-preview":"max-video-preview:-1"},"canonical":"https:\/\/agitatordistillery.com\/sv_se\/argument-kastanj-2023\/","og_locale":"sv_SE","og_type":"article","og_title":"Argument: Kastanj 2023 - Agitator","og_description":"Argument Kastanj en unik svensk whisky som lagrats p\u00e5 kastanjefat. Med toner av torkad frukt, honung, russin och tr\u00e4.","og_url":"https:\/\/agitatordistillery.com\/sv_se\/argument-kastanj-2023\/","og_site_name":"Agitator","article_publisher":"https:\/\/www.facebook.com\/Agitator.Whisky","article_modified_time":"2024-07-04T10:23:05+00:00","og_image":[{"width":480,"height":720,"url":"https:\/\/agitatordistillery.com\/wp-content\/uploads\/2023\/11\/Agitator_Kastanj_2023-1947_Front_Frilagd_Web_Final.png","type":"image\/png"}],"twitter_card":"summary_large_image","twitter_misc":{"Ber\u00e4knad l\u00e4stid":"1 minut"},"schema":{"@context":"https:\/\/schema.org","@graph":[{"@type":"WebPage","@id":"https:\/\/agitatordistillery.com\/argument-kastanj-2023\/","url":"https:\/\/agitatordistillery.com\/argument-kastanj-2023\/","name":"Argument: Kastanj 2023 - Agitator","isPartOf":{"@id":"https:\/\/agitatordistillery.com\/#website"},"primaryImageOfPage":{"@id":"https:\/\/agitatordistillery.com\/argument-kastanj-2023\/#primaryimage"},"image":{"@id":"https:\/\/agitatordistillery.com\/argument-kastanj-2023\/#primaryimage"},"thumbnailUrl":"https:\/\/agitatordistillery.com\/wp-content\/uploads\/2023\/11\/Agitator_Kastanj_2023-1947_Front_Frilagd_Web_Final.png","datePublished":"2024-03-18T09:44:02+00:00","dateModified":"2024-07-04T10:23:05+00:00","description":"Argument Kastanj en unik svensk whisky som lagrats p\u00e5 kastanjefat. Med toner av torkad frukt, honung, russin och tr\u00e4.","breadcrumb":{"@id":"https:\/\/agitatordistillery.com\/argument-kastanj-2023\/#breadcrumb"},"inLanguage":"sv-SE","potentialAction":[{"@type":"ReadAction","target":["https:\/\/agitatordistillery.com\/argument-kastanj-2023\/"]}]},{"@type":"ImageObject","inLanguage":"sv-SE","@id":"https:\/\/agitatordistillery.com\/argument-kastanj-2023\/#primaryimage","url":"https:\/\/agitatordistillery.com\/wp-content\/uploads\/2023\/11\/Agitator_Kastanj_2023-1947_Front_Frilagd_Web_Final.png","contentUrl":"https:\/\/agitatordistillery.com\/wp-content\/uploads\/2023\/11\/Agitator_Kastanj_2023-1947_Front_Frilagd_Web_Final.png","width":480,"height":720},{"@type":"BreadcrumbList","@id":"https:\/\/agitatordistillery.com\/argument-kastanj-2023\/#breadcrumb","itemListElement":[{"@type":"ListItem","position":1,"name":"Hem","item":"https:\/\/agitatordistillery.com\/sv_se\/"},{"@type":"ListItem","position":2,"name":"Argument: Kastanj 2023"}]},{"@type":"WebSite","@id":"https:\/\/agitatordistillery.com\/#website","url":"https:\/\/agitatordistillery.com\/","name":"Agitator","description":"The Swedish Distillery","publisher":{"@id":"https:\/\/agitatordistillery.com\/#organization"},"potentialAction":[{"@type":"SearchAction","target":{"@type":"EntryPoint","urlTemplate":"https:\/\/agitatordistillery.com\/?s={search_term_string}"},"query-input":{"@type":"PropertyValueSpecification","valueRequired":true,"valueName":"search_term_string"}}],"inLanguage":"sv-SE"},{"@type":"Organization","@id":"https:\/\/agitatordistillery.com\/#organization","name":"Agitator","url":"https:\/\/agitatordistillery.com\/","logo":{"@type":"ImageObject","inLanguage":"sv-SE","@id":"https:\/\/agitatordistillery.com\/#\/schema\/logo\/image\/","url":"https:\/\/agitatordistillery.com\/wp-content\/uploads\/2021\/10\/Agitator_Logotyp_2021_Small_Pos.png","contentUrl":"https:\/\/agitatordistillery.com\/wp-content\/uploads\/2021\/10\/Agitator_Logotyp_2021_Small_Pos.png","width":360,"height":200,"caption":"Agitator"},"image":{"@id":"https:\/\/agitatordistillery.com\/#\/schema\/logo\/image\/"},"sameAs":["https:\/\/www.facebook.com\/Agitator.Whisky","https:\/\/www.instagram.com\/agitator.whisky\/","https:\/\/www.linkedin.com\/company\/agitator-whisky\/","https:\/\/www.youtube.com\/channel\/UCuOnjXGpTaL1-NXFXL5ZHtg"]}]}},"_links":{"self":[{"href":"https:\/\/agitatordistillery.com\/sv_se\/wp-json\/wp\/v2\/pages\/2584","targetHints":{"allow":["GET"]}}],"collection":[{"href":"https:\/\/agitatordistillery.com\/sv_se\/wp-json\/wp\/v2\/pages"}],"about":[{"href":"https:\/\/agitatordistillery.com\/sv_se\/wp-json\/wp\/v2\/types\/page"}],"author":[{"embeddable":true,"href":"https:\/\/agitatordistillery.com\/sv_se\/wp-json\/wp\/v2\/users\/6"}],"replies":[{"embeddable":true,"href":"https:\/\/agitatordistillery.com\/sv_se\/wp-json\/wp\/v2\/comments?post=2584"}],"version-history":[{"count":5,"href":"https:\/\/agitatordistillery.com\/sv_se\/wp-json\/wp\/v2\/pages\/2584\/revisions"}],"predecessor-version":[{"id":2907,"href":"https:\/\/agitatordistillery.com\/sv_se\/wp-json\/wp\/v2\/pages\/2584\/revisions\/2907"}],"wp:featuredmedia":[{"embeddable":true,"href":"https:\/\/agitatordistillery.com\/sv_se\/wp-json\/wp\/v2\/media\/2389"}],"wp:attachment":[{"href":"https:\/\/agitatordistillery.com\/sv_se\/wp-json\/wp\/v2\/media?parent=2584"}],"curies":[{"name":"wp","href":"https:\/\/api.w.org\/{rel}","templated":true}]}}