{"id":2410,"date":"2024-01-29T09:12:29","date_gmt":"2024-01-29T08:12:29","guid":{"rendered":"https:\/\/agitatordistillery.com\/?page_id=2410"},"modified":"2024-08-12T11:52:11","modified_gmt":"2024-08-12T09:52:11","slug":"argument-sweet-toast","status":"publish","type":"page","link":"https:\/\/agitatordistillery.com\/sv_se\/argument-sweet-toast\/","title":{"rendered":"Argument: Sweet Toast"},"content":{"rendered":"\n<h2>\n\t\tOM\n\t<\/h2>\n\t<p>Vi f\u00f6respr\u00e5kar ov\u00e4ntade whiskymetoder och v\u00e5rt senaste argument, de s\u00e4llsynta Sweet Toast-faten, \u00e4r ett bevis p\u00e5 detta. Dessa fat ger en ljus f\u00e4rg och l\u00e4tta, s\u00f6ta rostade toner. F\u00f6r att balansera s\u00f6tman har vi kombinerat den med whisky lagrad p\u00e5 Sauternes-fat, vilket skapar en unik smak med tydliga drag fr\u00e5n b\u00e5de det s\u00f6ta och det rostade. H\u00f6j ditt glas till en s\u00f6t sk\u00e5l!<\/p>\n<h2>\n\t\tsmaknoter\n\t<\/h2>\n\t<h3>DOFT<\/h3>\n<p>Whiskyn har toner av vanilj, honungsmelon, ananas, mango och mandarinzest, men ocks\u00e5 rostade n\u00f6tter som ger intryck av apelsinchoklad och marsipan.<\/p>\n<h3>SMAK<\/h3>\nTydliga tanniner och en del r\u00f6k ger kropp \u00e5t whiskyn och f\u00f6r tankarna till en l\u00e5da med de finaste cigarrerna fr\u00e5n Havanna. L\u00e5ng avslutning i munnen\u00a0med smak av mogen s\u00f6t och syrlig frukt samt rostat br\u00f6d, choklad och l\u00e4der,<br \/>\nchoklad och l\u00e4der.\n\t\t\t\t<img loading=\"lazy\" decoding=\"async\" data-src=\"https:\/\/agitatordistillery.com\/wp-content\/uploads\/2024\/01\/Agitator_Sweet_Toast_2516_Frilagd_Highres.png\" alt=\"Agitator_Sweet_Toast_2516_Frilagd_Highres\" itemprop=\"image\" height=\"2932\" width=\"2094\" title=\"Agitator_Sweet_Toast_2516_Frilagd_Highres\" onerror=\"this.style.display='none'\" src=\"data:image\/gif;base64,R0lGODlhAQABAAAAACH5BAEKAAEALAAAAAABAAEAAAICTAEAOw==\" class=\"lazyload\" style=\"--smush-placeholder-width: 2094px; --smush-placeholder-aspect-ratio: 2094\/2932;\" \/><noscript><img loading=\"lazy\" decoding=\"async\" src=\"https:\/\/agitatordistillery.com\/wp-content\/uploads\/2024\/01\/Agitator_Sweet_Toast_2516_Frilagd_Highres.png\" alt=\"Agitator_Sweet_Toast_2516_Frilagd_Highres\" itemprop=\"image\" height=\"2932\" width=\"2094\" title=\"Agitator_Sweet_Toast_2516_Frilagd_Highres\" onerror=\"this.style.display='none'\"  \/><\/noscript>\n<h2>\n\t\tSweet and Toasted\n\t<\/h2>\n\t<p>Krossad is<\/p>\n<p><strong>2<\/strong> apelsinskivor<\/p>\n<p><strong>3 cl<\/strong> r\u00f6rsocker<\/p>\n<p><strong>6 cl<\/strong> Argument: Sweet Toast whisky<\/p>\n<p>Apelsinklyfta (till garnering)<\/p>\n<p>Fyll ett glas med krossad is. Muddla apelsinskivorna och r\u00f6rsockret och tills\u00e4tt Sweet Toast whisky. H\u00e4ll blandningen \u00f6ver den krossade isen och r\u00f6r om. Garnera med en apelsinklyfta.<\/p>\n\n","protected":false},"excerpt":{"rendered":"<p>OM Vi f\u00f6respr\u00e5kar ov\u00e4ntade whiskymetoder och v\u00e5rt senaste argument, de s\u00e4llsynta Sweet Toast-faten, \u00e4r ett bevis p\u00e5 detta. Dessa fat ger en ljus f\u00e4rg och l\u00e4tta, s\u00f6ta rostade toner. F\u00f6r att balansera s\u00f6tman har vi kombinerat den med whisky lagrad p\u00e5 Sauternes-fat, vilket skapar en unik smak med tydliga drag fr\u00e5n b\u00e5de det s\u00f6ta och&hellip;<\/p>\n","protected":false},"author":6,"featured_media":2468,"parent":0,"menu_order":0,"comment_status":"closed","ping_status":"closed","template":"","meta":{"_monsterinsights_skip_tracking":false,"_monsterinsights_sitenote_active":false,"_monsterinsights_sitenote_note":"","_monsterinsights_sitenote_category":0,"footnotes":""},"class_list":["post-2410","page","type-page","status-publish","has-post-thumbnail","hentry"],"yoast_head":"<!-- This site is optimized with the Yoast SEO plugin v27.4 - https:\/\/yoast.com\/product\/yoast-seo-wordpress\/ -->\n<title>Argument: Sweet Toast - Agitator<\/title>\n<meta name=\"description\" content=\"Argument: Sweet Toast - en avvikare med komplexa smaker. En dans mellan ljusa toner av s\u00f6t rostning och balanserade nyanser.\" \/>\n<meta name=\"robots\" content=\"index, follow, max-snippet:-1, max-image-preview:large, max-video-preview:-1\" \/>\n<link rel=\"canonical\" href=\"https:\/\/agitatordistillery.com\/sv_se\/argument-sweet-toast\/\" \/>\n<meta property=\"og:locale\" content=\"sv_SE\" \/>\n<meta property=\"og:type\" content=\"article\" \/>\n<meta property=\"og:title\" content=\"Argument: Sweet Toast - Agitator\" \/>\n<meta property=\"og:description\" content=\"Argument: Sweet Toast - en avvikare med komplexa smaker. En dans mellan ljusa toner av s\u00f6t rostning och balanserade nyanser.\" \/>\n<meta property=\"og:url\" content=\"https:\/\/agitatordistillery.com\/sv_se\/argument-sweet-toast\/\" \/>\n<meta property=\"og:site_name\" content=\"Agitator\" \/>\n<meta property=\"article:publisher\" content=\"https:\/\/www.facebook.com\/Agitator.Whisky\" \/>\n<meta property=\"article:modified_time\" content=\"2024-08-12T09:52:11+00:00\" \/>\n<meta property=\"og:image\" content=\"https:\/\/agitatordistillery.com\/wp-content\/uploads\/2024\/01\/Agitator_Sweet_Toast_2565_2880px.jpg\" \/>\n\t<meta property=\"og:image:width\" content=\"2560\" \/>\n\t<meta property=\"og:image:height\" content=\"1828\" \/>\n\t<meta property=\"og:image:type\" content=\"image\/jpeg\" \/>\n<meta name=\"twitter:card\" content=\"summary_large_image\" \/>\n<meta name=\"twitter:label1\" content=\"Ber\u00e4knad l\u00e4stid\" \/>\n\t<meta name=\"twitter:data1\" content=\"2 minuter\" \/>\n<script type=\"application\/ld+json\" class=\"yoast-schema-graph\">{\"@context\":\"https:\\\/\\\/schema.org\",\"@graph\":[{\"@type\":\"WebPage\",\"@id\":\"https:\\\/\\\/agitatordistillery.com\\\/argument-sweet-toast\\\/\",\"url\":\"https:\\\/\\\/agitatordistillery.com\\\/argument-sweet-toast\\\/\",\"name\":\"Argument: Sweet Toast - Agitator\",\"isPartOf\":{\"@id\":\"https:\\\/\\\/agitatordistillery.com\\\/#website\"},\"primaryImageOfPage\":{\"@id\":\"https:\\\/\\\/agitatordistillery.com\\\/argument-sweet-toast\\\/#primaryimage\"},\"image\":{\"@id\":\"https:\\\/\\\/agitatordistillery.com\\\/argument-sweet-toast\\\/#primaryimage\"},\"thumbnailUrl\":\"https:\\\/\\\/agitatordistillery.com\\\/wp-content\\\/uploads\\\/2024\\\/01\\\/Agitator_Sweet_Toast_2565_2880px.jpg\",\"datePublished\":\"2024-01-29T08:12:29+00:00\",\"dateModified\":\"2024-08-12T09:52:11+00:00\",\"description\":\"Argument: Sweet Toast - en avvikare med komplexa smaker. En dans mellan ljusa toner av s\u00f6t rostning och balanserade nyanser.\",\"breadcrumb\":{\"@id\":\"https:\\\/\\\/agitatordistillery.com\\\/argument-sweet-toast\\\/#breadcrumb\"},\"inLanguage\":\"sv-SE\",\"potentialAction\":[{\"@type\":\"ReadAction\",\"target\":[\"https:\\\/\\\/agitatordistillery.com\\\/argument-sweet-toast\\\/\"]}]},{\"@type\":\"ImageObject\",\"inLanguage\":\"sv-SE\",\"@id\":\"https:\\\/\\\/agitatordistillery.com\\\/argument-sweet-toast\\\/#primaryimage\",\"url\":\"https:\\\/\\\/agitatordistillery.com\\\/wp-content\\\/uploads\\\/2024\\\/01\\\/Agitator_Sweet_Toast_2565_2880px.jpg\",\"contentUrl\":\"https:\\\/\\\/agitatordistillery.com\\\/wp-content\\\/uploads\\\/2024\\\/01\\\/Agitator_Sweet_Toast_2565_2880px.jpg\",\"width\":2560,\"height\":1828},{\"@type\":\"BreadcrumbList\",\"@id\":\"https:\\\/\\\/agitatordistillery.com\\\/argument-sweet-toast\\\/#breadcrumb\",\"itemListElement\":[{\"@type\":\"ListItem\",\"position\":1,\"name\":\"Hem\",\"item\":\"https:\\\/\\\/agitatordistillery.com\\\/sv_se\\\/\"},{\"@type\":\"ListItem\",\"position\":2,\"name\":\"Argument: Sweet Toast\"}]},{\"@type\":\"WebSite\",\"@id\":\"https:\\\/\\\/agitatordistillery.com\\\/#website\",\"url\":\"https:\\\/\\\/agitatordistillery.com\\\/\",\"name\":\"Agitator\",\"description\":\"The Swedish Distillery\",\"publisher\":{\"@id\":\"https:\\\/\\\/agitatordistillery.com\\\/#organization\"},\"potentialAction\":[{\"@type\":\"SearchAction\",\"target\":{\"@type\":\"EntryPoint\",\"urlTemplate\":\"https:\\\/\\\/agitatordistillery.com\\\/?s={search_term_string}\"},\"query-input\":{\"@type\":\"PropertyValueSpecification\",\"valueRequired\":true,\"valueName\":\"search_term_string\"}}],\"inLanguage\":\"sv-SE\"},{\"@type\":\"Organization\",\"@id\":\"https:\\\/\\\/agitatordistillery.com\\\/#organization\",\"name\":\"Agitator\",\"url\":\"https:\\\/\\\/agitatordistillery.com\\\/\",\"logo\":{\"@type\":\"ImageObject\",\"inLanguage\":\"sv-SE\",\"@id\":\"https:\\\/\\\/agitatordistillery.com\\\/#\\\/schema\\\/logo\\\/image\\\/\",\"url\":\"https:\\\/\\\/agitatordistillery.com\\\/wp-content\\\/uploads\\\/2021\\\/10\\\/Agitator_Logotyp_2021_Small_Pos.png\",\"contentUrl\":\"https:\\\/\\\/agitatordistillery.com\\\/wp-content\\\/uploads\\\/2021\\\/10\\\/Agitator_Logotyp_2021_Small_Pos.png\",\"width\":360,\"height\":200,\"caption\":\"Agitator\"},\"image\":{\"@id\":\"https:\\\/\\\/agitatordistillery.com\\\/#\\\/schema\\\/logo\\\/image\\\/\"},\"sameAs\":[\"https:\\\/\\\/www.facebook.com\\\/Agitator.Whisky\",\"https:\\\/\\\/www.instagram.com\\\/agitator.whisky\\\/\",\"https:\\\/\\\/www.linkedin.com\\\/company\\\/agitator-whisky\\\/\",\"https:\\\/\\\/www.youtube.com\\\/channel\\\/UCuOnjXGpTaL1-NXFXL5ZHtg\"]}]}<\/script>\n<!-- \/ Yoast SEO plugin. -->","yoast_head_json":{"title":"Argument: Sweet Toast - Agitator","description":"Argument: Sweet Toast - en avvikare med komplexa smaker. En dans mellan ljusa toner av s\u00f6t rostning och balanserade nyanser.","robots":{"index":"index","follow":"follow","max-snippet":"max-snippet:-1","max-image-preview":"max-image-preview:large","max-video-preview":"max-video-preview:-1"},"canonical":"https:\/\/agitatordistillery.com\/sv_se\/argument-sweet-toast\/","og_locale":"sv_SE","og_type":"article","og_title":"Argument: Sweet Toast - Agitator","og_description":"Argument: Sweet Toast - en avvikare med komplexa smaker. En dans mellan ljusa toner av s\u00f6t rostning och balanserade nyanser.","og_url":"https:\/\/agitatordistillery.com\/sv_se\/argument-sweet-toast\/","og_site_name":"Agitator","article_publisher":"https:\/\/www.facebook.com\/Agitator.Whisky","article_modified_time":"2024-08-12T09:52:11+00:00","og_image":[{"width":2560,"height":1828,"url":"https:\/\/agitatordistillery.com\/wp-content\/uploads\/2024\/01\/Agitator_Sweet_Toast_2565_2880px.jpg","type":"image\/jpeg"}],"twitter_card":"summary_large_image","twitter_misc":{"Ber\u00e4knad l\u00e4stid":"2 minuter"},"schema":{"@context":"https:\/\/schema.org","@graph":[{"@type":"WebPage","@id":"https:\/\/agitatordistillery.com\/argument-sweet-toast\/","url":"https:\/\/agitatordistillery.com\/argument-sweet-toast\/","name":"Argument: Sweet Toast - Agitator","isPartOf":{"@id":"https:\/\/agitatordistillery.com\/#website"},"primaryImageOfPage":{"@id":"https:\/\/agitatordistillery.com\/argument-sweet-toast\/#primaryimage"},"image":{"@id":"https:\/\/agitatordistillery.com\/argument-sweet-toast\/#primaryimage"},"thumbnailUrl":"https:\/\/agitatordistillery.com\/wp-content\/uploads\/2024\/01\/Agitator_Sweet_Toast_2565_2880px.jpg","datePublished":"2024-01-29T08:12:29+00:00","dateModified":"2024-08-12T09:52:11+00:00","description":"Argument: Sweet Toast - en avvikare med komplexa smaker. En dans mellan ljusa toner av s\u00f6t rostning och balanserade nyanser.","breadcrumb":{"@id":"https:\/\/agitatordistillery.com\/argument-sweet-toast\/#breadcrumb"},"inLanguage":"sv-SE","potentialAction":[{"@type":"ReadAction","target":["https:\/\/agitatordistillery.com\/argument-sweet-toast\/"]}]},{"@type":"ImageObject","inLanguage":"sv-SE","@id":"https:\/\/agitatordistillery.com\/argument-sweet-toast\/#primaryimage","url":"https:\/\/agitatordistillery.com\/wp-content\/uploads\/2024\/01\/Agitator_Sweet_Toast_2565_2880px.jpg","contentUrl":"https:\/\/agitatordistillery.com\/wp-content\/uploads\/2024\/01\/Agitator_Sweet_Toast_2565_2880px.jpg","width":2560,"height":1828},{"@type":"BreadcrumbList","@id":"https:\/\/agitatordistillery.com\/argument-sweet-toast\/#breadcrumb","itemListElement":[{"@type":"ListItem","position":1,"name":"Hem","item":"https:\/\/agitatordistillery.com\/sv_se\/"},{"@type":"ListItem","position":2,"name":"Argument: Sweet Toast"}]},{"@type":"WebSite","@id":"https:\/\/agitatordistillery.com\/#website","url":"https:\/\/agitatordistillery.com\/","name":"Agitator","description":"The Swedish Distillery","publisher":{"@id":"https:\/\/agitatordistillery.com\/#organization"},"potentialAction":[{"@type":"SearchAction","target":{"@type":"EntryPoint","urlTemplate":"https:\/\/agitatordistillery.com\/?s={search_term_string}"},"query-input":{"@type":"PropertyValueSpecification","valueRequired":true,"valueName":"search_term_string"}}],"inLanguage":"sv-SE"},{"@type":"Organization","@id":"https:\/\/agitatordistillery.com\/#organization","name":"Agitator","url":"https:\/\/agitatordistillery.com\/","logo":{"@type":"ImageObject","inLanguage":"sv-SE","@id":"https:\/\/agitatordistillery.com\/#\/schema\/logo\/image\/","url":"https:\/\/agitatordistillery.com\/wp-content\/uploads\/2021\/10\/Agitator_Logotyp_2021_Small_Pos.png","contentUrl":"https:\/\/agitatordistillery.com\/wp-content\/uploads\/2021\/10\/Agitator_Logotyp_2021_Small_Pos.png","width":360,"height":200,"caption":"Agitator"},"image":{"@id":"https:\/\/agitatordistillery.com\/#\/schema\/logo\/image\/"},"sameAs":["https:\/\/www.facebook.com\/Agitator.Whisky","https:\/\/www.instagram.com\/agitator.whisky\/","https:\/\/www.linkedin.com\/company\/agitator-whisky\/","https:\/\/www.youtube.com\/channel\/UCuOnjXGpTaL1-NXFXL5ZHtg"]}]}},"_links":{"self":[{"href":"https:\/\/agitatordistillery.com\/sv_se\/wp-json\/wp\/v2\/pages\/2410","targetHints":{"allow":["GET"]}}],"collection":[{"href":"https:\/\/agitatordistillery.com\/sv_se\/wp-json\/wp\/v2\/pages"}],"about":[{"href":"https:\/\/agitatordistillery.com\/sv_se\/wp-json\/wp\/v2\/types\/page"}],"author":[{"embeddable":true,"href":"https:\/\/agitatordistillery.com\/sv_se\/wp-json\/wp\/v2\/users\/6"}],"replies":[{"embeddable":true,"href":"https:\/\/agitatordistillery.com\/sv_se\/wp-json\/wp\/v2\/comments?post=2410"}],"version-history":[{"count":10,"href":"https:\/\/agitatordistillery.com\/sv_se\/wp-json\/wp\/v2\/pages\/2410\/revisions"}],"predecessor-version":[{"id":3111,"href":"https:\/\/agitatordistillery.com\/sv_se\/wp-json\/wp\/v2\/pages\/2410\/revisions\/3111"}],"wp:featuredmedia":[{"embeddable":true,"href":"https:\/\/agitatordistillery.com\/sv_se\/wp-json\/wp\/v2\/media\/2468"}],"wp:attachment":[{"href":"https:\/\/agitatordistillery.com\/sv_se\/wp-json\/wp\/v2\/media?parent=2410"}],"curies":[{"name":"wp","href":"https:\/\/api.w.org\/{rel}","templated":true}]}}