{"id":2249,"date":"2023-10-30T15:16:48","date_gmt":"2023-10-30T14:16:48","guid":{"rendered":"https:\/\/agitatordistillery.com\/?page_id=2249"},"modified":"2024-10-30T15:38:04","modified_gmt":"2024-10-30T14:38:04","slug":"massor-och-event","status":"publish","type":"page","link":"https:\/\/agitatordistillery.com\/sv_se\/massor-och-event\/","title":{"rendered":"Agitator p\u00e5 turn\u00e9"},"content":{"rendered":"\n\n\t<h3>Carlstad Beer &amp; Wine<\/h3>\n1 &#8211; 2 NOVEMBER 2024<br \/>\nMer info och biljetter hittar ni <strong><a href=\"https:\/\/www.carlstadbeer.se\/\">h\u00e4r<\/a><\/strong>.\n\t<h3>Scandlines Whisky festival<\/h3>\n1 &#8211; 2 NOVEMBER 2024<br \/>\nMer info och biljetter hittar ni <strong><a href=\"https:\/\/www.scandlines.se\/buss\/bordershop\/events-i-bordershop\/whisky-rom-festival\/whisky-rom-festival-2024\/\">h\u00e4r<\/a><\/strong>.\n\t<h3>Stockholm Food &amp; Wine<\/h3>\n8 &#8211; 10 NOVEMBER 2024<br \/>\nMer info och biljetter hittar ni <strong><a href=\"https:\/\/sthlmfoodandwine.se\/?gad_source=1&amp;gclid=Cj0KCQjwsoe5BhDiARIsAOXVoUsCUgkUyJ0l1HHb47gybOQMsWX3D9hCPRBvFVl19Bctr9c19tunQlMaAt-SEALw_wcB\">h\u00e4r<\/a><\/strong>.\n\t<h3>\u00d6rebro \u00d6l &amp; Whisky<\/h3>\n29 &#8211; 30 NOVEMBER 2024<br \/>\nMer info och biljetter hittar ni <strong><a href=\"https:\/\/orebroolochwhisky.se\/\">h\u00e4r<\/a><\/strong>.\n<h3>\n\t\tHITTA AGITATOR N\u00c4RA DIG\n\t<\/h3>\n\t<p>Agitator finns p\u00e5 en m\u00e4ngd olika barer och restauranger. Hitta Agitator n\u00e4ra dig.<\/p>\n\t[wpgmza id=&#8221;1&#8243;]\n<h2>\n\t\tCLUB AGITATOR\n\t<\/h2>\n\t<p>Vill du f\u00e5 en inblick i vardagen p\u00e5 destilleriet, veta om v\u00e5ra kommande lanseringar f\u00f6re alla andra, eller hur Oskar Bruno dricker sin whisky p\u00e5 helgerna? G\u00e5 med i Club Agitator, h\u00e4r f\u00e5r du allt de och mycket mer. Bli en del av Agitator s\u00e4llskapet.<\/p>\n\t\t\t<a href=\"https:\/\/club-agitator.mn.co\/\" target=\"_blank\" rel=\"noopener\">\n\t\t\t\t\t\t\tJOIN THE CLUB\n\t\t\t\t\t<\/a>\n\n","protected":false},"excerpt":{"rendered":"<p>Carlstad Beer &amp; Wine 1 &#8211; 2 NOVEMBER 2024 Mer info och biljetter hittar ni h\u00e4r. Scandlines Whisky festival 1 &#8211; 2 NOVEMBER 2024 Mer info och biljetter hittar ni h\u00e4r. Stockholm Food &amp; Wine 8 &#8211; 10 NOVEMBER 2024 Mer info och biljetter hittar ni h\u00e4r. \u00d6rebro \u00d6l &amp; Whisky 29 &#8211; 30 NOVEMBER&hellip;<\/p>\n","protected":false},"author":6,"featured_media":2286,"parent":0,"menu_order":0,"comment_status":"closed","ping_status":"closed","template":"","meta":{"_monsterinsights_skip_tracking":false,"_monsterinsights_sitenote_active":false,"_monsterinsights_sitenote_note":"","_monsterinsights_sitenote_category":0,"footnotes":""},"class_list":["post-2249","page","type-page","status-publish","has-post-thumbnail","hentry"],"yoast_head":"<!-- This site is optimized with the Yoast SEO plugin v27.4 - https:\/\/yoast.com\/product\/yoast-seo-wordpress\/ -->\n<title>Agitator p\u00e5 turn\u00e9 - Agitator<\/title>\n<meta name=\"description\" content=\"H\u00e4r kan du se alla m\u00e4ssor, event och provningar som vi kommer att vara p\u00e5. Kom och prova lite whisky med oss!\" \/>\n<meta name=\"robots\" content=\"index, follow, max-snippet:-1, max-image-preview:large, max-video-preview:-1\" \/>\n<link rel=\"canonical\" href=\"https:\/\/agitatordistillery.com\/sv_se\/massor-och-event\/\" \/>\n<meta property=\"og:locale\" content=\"sv_SE\" \/>\n<meta property=\"og:type\" content=\"article\" \/>\n<meta property=\"og:title\" content=\"Agitator p\u00e5 turn\u00e9 - Agitator\" \/>\n<meta property=\"og:description\" content=\"H\u00e4r kan du se alla m\u00e4ssor, event och provningar som vi kommer att vara p\u00e5. Kom och prova lite whisky med oss!\" \/>\n<meta property=\"og:url\" content=\"https:\/\/agitatordistillery.com\/sv_se\/massor-och-event\/\" \/>\n<meta property=\"og:site_name\" content=\"Agitator\" \/>\n<meta property=\"article:publisher\" content=\"https:\/\/www.facebook.com\/Agitator.Whisky\" \/>\n<meta property=\"article:modified_time\" content=\"2024-10-30T14:38:04+00:00\" \/>\n<meta property=\"og:image\" content=\"https:\/\/agitatordistillery.com\/wp-content\/uploads\/2023\/09\/376048337_1005870584169223_878119477881198310_n.jpg\" \/>\n\t<meta property=\"og:image:width\" content=\"1080\" \/>\n\t<meta property=\"og:image:height\" content=\"1080\" \/>\n\t<meta property=\"og:image:type\" content=\"image\/jpeg\" \/>\n<meta name=\"twitter:card\" content=\"summary_large_image\" \/>\n<meta name=\"twitter:label1\" content=\"Ber\u00e4knad l\u00e4stid\" \/>\n\t<meta name=\"twitter:data1\" content=\"1 minut\" \/>\n<script type=\"application\/ld+json\" class=\"yoast-schema-graph\">{\"@context\":\"https:\\\/\\\/schema.org\",\"@graph\":[{\"@type\":\"WebPage\",\"@id\":\"https:\\\/\\\/agitatordistillery.com\\\/massor-och-event\\\/\",\"url\":\"https:\\\/\\\/agitatordistillery.com\\\/massor-och-event\\\/\",\"name\":\"Agitator p\u00e5 turn\u00e9 - Agitator\",\"isPartOf\":{\"@id\":\"https:\\\/\\\/agitatordistillery.com\\\/#website\"},\"primaryImageOfPage\":{\"@id\":\"https:\\\/\\\/agitatordistillery.com\\\/massor-och-event\\\/#primaryimage\"},\"image\":{\"@id\":\"https:\\\/\\\/agitatordistillery.com\\\/massor-och-event\\\/#primaryimage\"},\"thumbnailUrl\":\"https:\\\/\\\/agitatordistillery.com\\\/wp-content\\\/uploads\\\/2023\\\/09\\\/376048337_1005870584169223_878119477881198310_n.jpg\",\"datePublished\":\"2023-10-30T14:16:48+00:00\",\"dateModified\":\"2024-10-30T14:38:04+00:00\",\"description\":\"H\u00e4r kan du se alla m\u00e4ssor, event och provningar som vi kommer att vara p\u00e5. Kom och prova lite whisky med oss!\",\"breadcrumb\":{\"@id\":\"https:\\\/\\\/agitatordistillery.com\\\/massor-och-event\\\/#breadcrumb\"},\"inLanguage\":\"sv-SE\",\"potentialAction\":[{\"@type\":\"ReadAction\",\"target\":[\"https:\\\/\\\/agitatordistillery.com\\\/massor-och-event\\\/\"]}]},{\"@type\":\"ImageObject\",\"inLanguage\":\"sv-SE\",\"@id\":\"https:\\\/\\\/agitatordistillery.com\\\/massor-och-event\\\/#primaryimage\",\"url\":\"https:\\\/\\\/agitatordistillery.com\\\/wp-content\\\/uploads\\\/2023\\\/09\\\/376048337_1005870584169223_878119477881198310_n.jpg\",\"contentUrl\":\"https:\\\/\\\/agitatordistillery.com\\\/wp-content\\\/uploads\\\/2023\\\/09\\\/376048337_1005870584169223_878119477881198310_n.jpg\",\"width\":1080,\"height\":1080},{\"@type\":\"BreadcrumbList\",\"@id\":\"https:\\\/\\\/agitatordistillery.com\\\/massor-och-event\\\/#breadcrumb\",\"itemListElement\":[{\"@type\":\"ListItem\",\"position\":1,\"name\":\"Hem\",\"item\":\"https:\\\/\\\/agitatordistillery.com\\\/sv_se\\\/\"},{\"@type\":\"ListItem\",\"position\":2,\"name\":\"Agitator p\u00e5 turn\u00e9\"}]},{\"@type\":\"WebSite\",\"@id\":\"https:\\\/\\\/agitatordistillery.com\\\/#website\",\"url\":\"https:\\\/\\\/agitatordistillery.com\\\/\",\"name\":\"Agitator\",\"description\":\"The Swedish Distillery\",\"publisher\":{\"@id\":\"https:\\\/\\\/agitatordistillery.com\\\/#organization\"},\"potentialAction\":[{\"@type\":\"SearchAction\",\"target\":{\"@type\":\"EntryPoint\",\"urlTemplate\":\"https:\\\/\\\/agitatordistillery.com\\\/?s={search_term_string}\"},\"query-input\":{\"@type\":\"PropertyValueSpecification\",\"valueRequired\":true,\"valueName\":\"search_term_string\"}}],\"inLanguage\":\"sv-SE\"},{\"@type\":\"Organization\",\"@id\":\"https:\\\/\\\/agitatordistillery.com\\\/#organization\",\"name\":\"Agitator\",\"url\":\"https:\\\/\\\/agitatordistillery.com\\\/\",\"logo\":{\"@type\":\"ImageObject\",\"inLanguage\":\"sv-SE\",\"@id\":\"https:\\\/\\\/agitatordistillery.com\\\/#\\\/schema\\\/logo\\\/image\\\/\",\"url\":\"https:\\\/\\\/agitatordistillery.com\\\/wp-content\\\/uploads\\\/2021\\\/10\\\/Agitator_Logotyp_2021_Small_Pos.png\",\"contentUrl\":\"https:\\\/\\\/agitatordistillery.com\\\/wp-content\\\/uploads\\\/2021\\\/10\\\/Agitator_Logotyp_2021_Small_Pos.png\",\"width\":360,\"height\":200,\"caption\":\"Agitator\"},\"image\":{\"@id\":\"https:\\\/\\\/agitatordistillery.com\\\/#\\\/schema\\\/logo\\\/image\\\/\"},\"sameAs\":[\"https:\\\/\\\/www.facebook.com\\\/Agitator.Whisky\",\"https:\\\/\\\/www.instagram.com\\\/agitator.whisky\\\/\",\"https:\\\/\\\/www.linkedin.com\\\/company\\\/agitator-whisky\\\/\",\"https:\\\/\\\/www.youtube.com\\\/channel\\\/UCuOnjXGpTaL1-NXFXL5ZHtg\"]}]}<\/script>\n<!-- \/ Yoast SEO plugin. -->","yoast_head_json":{"title":"Agitator p\u00e5 turn\u00e9 - Agitator","description":"H\u00e4r kan du se alla m\u00e4ssor, event och provningar som vi kommer att vara p\u00e5. Kom och prova lite whisky med oss!","robots":{"index":"index","follow":"follow","max-snippet":"max-snippet:-1","max-image-preview":"max-image-preview:large","max-video-preview":"max-video-preview:-1"},"canonical":"https:\/\/agitatordistillery.com\/sv_se\/massor-och-event\/","og_locale":"sv_SE","og_type":"article","og_title":"Agitator p\u00e5 turn\u00e9 - Agitator","og_description":"H\u00e4r kan du se alla m\u00e4ssor, event och provningar som vi kommer att vara p\u00e5. Kom och prova lite whisky med oss!","og_url":"https:\/\/agitatordistillery.com\/sv_se\/massor-och-event\/","og_site_name":"Agitator","article_publisher":"https:\/\/www.facebook.com\/Agitator.Whisky","article_modified_time":"2024-10-30T14:38:04+00:00","og_image":[{"width":1080,"height":1080,"url":"https:\/\/agitatordistillery.com\/wp-content\/uploads\/2023\/09\/376048337_1005870584169223_878119477881198310_n.jpg","type":"image\/jpeg"}],"twitter_card":"summary_large_image","twitter_misc":{"Ber\u00e4knad l\u00e4stid":"1 minut"},"schema":{"@context":"https:\/\/schema.org","@graph":[{"@type":"WebPage","@id":"https:\/\/agitatordistillery.com\/massor-och-event\/","url":"https:\/\/agitatordistillery.com\/massor-och-event\/","name":"Agitator p\u00e5 turn\u00e9 - Agitator","isPartOf":{"@id":"https:\/\/agitatordistillery.com\/#website"},"primaryImageOfPage":{"@id":"https:\/\/agitatordistillery.com\/massor-och-event\/#primaryimage"},"image":{"@id":"https:\/\/agitatordistillery.com\/massor-och-event\/#primaryimage"},"thumbnailUrl":"https:\/\/agitatordistillery.com\/wp-content\/uploads\/2023\/09\/376048337_1005870584169223_878119477881198310_n.jpg","datePublished":"2023-10-30T14:16:48+00:00","dateModified":"2024-10-30T14:38:04+00:00","description":"H\u00e4r kan du se alla m\u00e4ssor, event och provningar som vi kommer att vara p\u00e5. Kom och prova lite whisky med oss!","breadcrumb":{"@id":"https:\/\/agitatordistillery.com\/massor-och-event\/#breadcrumb"},"inLanguage":"sv-SE","potentialAction":[{"@type":"ReadAction","target":["https:\/\/agitatordistillery.com\/massor-och-event\/"]}]},{"@type":"ImageObject","inLanguage":"sv-SE","@id":"https:\/\/agitatordistillery.com\/massor-och-event\/#primaryimage","url":"https:\/\/agitatordistillery.com\/wp-content\/uploads\/2023\/09\/376048337_1005870584169223_878119477881198310_n.jpg","contentUrl":"https:\/\/agitatordistillery.com\/wp-content\/uploads\/2023\/09\/376048337_1005870584169223_878119477881198310_n.jpg","width":1080,"height":1080},{"@type":"BreadcrumbList","@id":"https:\/\/agitatordistillery.com\/massor-och-event\/#breadcrumb","itemListElement":[{"@type":"ListItem","position":1,"name":"Hem","item":"https:\/\/agitatordistillery.com\/sv_se\/"},{"@type":"ListItem","position":2,"name":"Agitator p\u00e5 turn\u00e9"}]},{"@type":"WebSite","@id":"https:\/\/agitatordistillery.com\/#website","url":"https:\/\/agitatordistillery.com\/","name":"Agitator","description":"The Swedish Distillery","publisher":{"@id":"https:\/\/agitatordistillery.com\/#organization"},"potentialAction":[{"@type":"SearchAction","target":{"@type":"EntryPoint","urlTemplate":"https:\/\/agitatordistillery.com\/?s={search_term_string}"},"query-input":{"@type":"PropertyValueSpecification","valueRequired":true,"valueName":"search_term_string"}}],"inLanguage":"sv-SE"},{"@type":"Organization","@id":"https:\/\/agitatordistillery.com\/#organization","name":"Agitator","url":"https:\/\/agitatordistillery.com\/","logo":{"@type":"ImageObject","inLanguage":"sv-SE","@id":"https:\/\/agitatordistillery.com\/#\/schema\/logo\/image\/","url":"https:\/\/agitatordistillery.com\/wp-content\/uploads\/2021\/10\/Agitator_Logotyp_2021_Small_Pos.png","contentUrl":"https:\/\/agitatordistillery.com\/wp-content\/uploads\/2021\/10\/Agitator_Logotyp_2021_Small_Pos.png","width":360,"height":200,"caption":"Agitator"},"image":{"@id":"https:\/\/agitatordistillery.com\/#\/schema\/logo\/image\/"},"sameAs":["https:\/\/www.facebook.com\/Agitator.Whisky","https:\/\/www.instagram.com\/agitator.whisky\/","https:\/\/www.linkedin.com\/company\/agitator-whisky\/","https:\/\/www.youtube.com\/channel\/UCuOnjXGpTaL1-NXFXL5ZHtg"]}]}},"_links":{"self":[{"href":"https:\/\/agitatordistillery.com\/sv_se\/wp-json\/wp\/v2\/pages\/2249","targetHints":{"allow":["GET"]}}],"collection":[{"href":"https:\/\/agitatordistillery.com\/sv_se\/wp-json\/wp\/v2\/pages"}],"about":[{"href":"https:\/\/agitatordistillery.com\/sv_se\/wp-json\/wp\/v2\/types\/page"}],"author":[{"embeddable":true,"href":"https:\/\/agitatordistillery.com\/sv_se\/wp-json\/wp\/v2\/users\/6"}],"replies":[{"embeddable":true,"href":"https:\/\/agitatordistillery.com\/sv_se\/wp-json\/wp\/v2\/comments?post=2249"}],"version-history":[{"count":34,"href":"https:\/\/agitatordistillery.com\/sv_se\/wp-json\/wp\/v2\/pages\/2249\/revisions"}],"predecessor-version":[{"id":3542,"href":"https:\/\/agitatordistillery.com\/sv_se\/wp-json\/wp\/v2\/pages\/2249\/revisions\/3542"}],"wp:featuredmedia":[{"embeddable":true,"href":"https:\/\/agitatordistillery.com\/sv_se\/wp-json\/wp\/v2\/media\/2286"}],"wp:attachment":[{"href":"https:\/\/agitatordistillery.com\/sv_se\/wp-json\/wp\/v2\/media?parent=2249"}],"curies":[{"name":"wp","href":"https:\/\/api.w.org\/{rel}","templated":true}]}}