{"id":2014,"date":"2023-03-23T11:05:43","date_gmt":"2023-03-23T10:05:43","guid":{"rendered":"https:\/\/agitatorwhisky.se\/?page_id=2014"},"modified":"2024-09-03T12:09:10","modified_gmt":"2024-09-03T10:09:10","slug":"sweden-rock-23","status":"publish","type":"page","link":"https:\/\/agitatordistillery.com\/sv_se\/sweden-rock-23\/","title":{"rendered":"Sweden Rock 23"},"content":{"rendered":"\n\n<h2>\n\t\tOM Sweden rock\n\t<\/h2>\n\t<p>Med undantag f\u00f6r de tv\u00e5 pandemi\u00e5ren s\u00e5 har h\u00e5rdrocks\u00e4lskare fr\u00e5n hela v\u00e4rlden sedan 1992 samlats p\u00e5 Sweden Rock Festival i Blekinge f\u00f6r att njuta av musik, gemenskap och h\u00e4rlig festivalst\u00e4mning. F\u00f6r m\u00e5nga av festivalbes\u00f6karna h\u00f6r det till att kombinera musikupplevelsen med n\u00e5got gott i glaset.<\/p>\n<p>2015 lanserade Sweden Rock sin f\u00f6rsta limiterade whisky knuten till festivalen, vilket sedan dess blivit en \u00e5rlig och uppskattad tradition. Precis som f\u00f6rra \u00e5ret \u00e4r 2023 \u00e5rs version framtagen tillsammans med oss p\u00e5 Agitator. Till Sweden Rock 2023 Four Grains &amp; Wine Cask Maltwhisky har man valt en innovativ maltkombination till f\u00f6rm\u00e5n f\u00f6r en komplex smakprofil.<\/p>\n<h2>\n\t\tsmaknoter\n\t<\/h2>\n\t<p>Ist\u00e4llet f\u00f6r en traditionell Single Malt har man valt att anv\u00e4nda fyra maltsorter som vete, r\u00e5g, korn och havre, vilket ger smaken en kul twist och en whisky som \u00e4r unik i sitt slag. Whiskyn har lagrats \u00f6ver tre \u00e5r p\u00e5 r\u00f6dvinsfat, bourbonfat och p\u00e5 tunnor som tidigare lagrat vitt portvin. Tillsammans bjuder fatkombinationen p\u00e5 fruktiga toner, vanilj och en h\u00e4rlig djup s\u00f6tma.<\/p>\n\t\t\t\t<img loading=\"lazy\" decoding=\"async\" data-src=\"https:\/\/agitatordistillery.com\/wp-content\/uploads\/2024\/08\/flaskaforp-copy.png\" alt=\"flaska+fo\u0308rp copy\" itemprop=\"image\" height=\"3887\" width=\"3617\" title=\"flaska+fo\u0308rp copy\" onerror=\"this.style.display='none'\" src=\"data:image\/gif;base64,R0lGODlhAQABAAAAACH5BAEKAAEALAAAAAABAAEAAAICTAEAOw==\" class=\"lazyload\" style=\"--smush-placeholder-width: 3617px; --smush-placeholder-aspect-ratio: 3617\/3887;\" \/><noscript><img loading=\"lazy\" decoding=\"async\" src=\"https:\/\/agitatordistillery.com\/wp-content\/uploads\/2024\/08\/flaskaforp-copy.png\" alt=\"flaska+fo\u0308rp copy\" itemprop=\"image\" height=\"3887\" width=\"3617\" title=\"flaska+fo\u0308rp copy\" onerror=\"this.style.display='none'\"  \/><\/noscript>\n\n","protected":false},"excerpt":{"rendered":"<p>OM Sweden rock Med undantag f\u00f6r de tv\u00e5 pandemi\u00e5ren s\u00e5 har h\u00e5rdrocks\u00e4lskare fr\u00e5n hela v\u00e4rlden sedan 1992 samlats p\u00e5 Sweden Rock Festival i Blekinge f\u00f6r att njuta av musik, gemenskap och h\u00e4rlig festivalst\u00e4mning. F\u00f6r m\u00e5nga av festivalbes\u00f6karna h\u00f6r det till att kombinera musikupplevelsen med n\u00e5got gott i glaset. 2015 lanserade Sweden Rock sin f\u00f6rsta limiterade&hellip;<\/p>\n","protected":false},"author":6,"featured_media":2015,"parent":0,"menu_order":0,"comment_status":"closed","ping_status":"closed","template":"","meta":{"footnotes":""},"class_list":["post-2014","page","type-page","status-publish","has-post-thumbnail","hentry"],"yoast_head":"<!-- This site is optimized with the Yoast SEO plugin v27.5 - https:\/\/yoast.com\/product\/yoast-seo-wordpress\/ -->\n<title>Sweden Rock 23 - Agitator<\/title>\n<meta name=\"description\" content=\"Varje \u00e5r sl\u00e4pper Sweden Rock Festivalen en limiterad whisky p\u00e5 Systembolaget och i \u00e5r har man samarbetat med oss p\u00e5 Agitator.\" \/>\n<meta name=\"robots\" content=\"index, follow, max-snippet:-1, max-image-preview:large, max-video-preview:-1\" \/>\n<link rel=\"canonical\" href=\"https:\/\/agitatordistillery.com\/sv_se\/sweden-rock-23\/\" \/>\n<meta property=\"og:locale\" content=\"sv_SE\" \/>\n<meta property=\"og:type\" content=\"article\" \/>\n<meta property=\"og:title\" content=\"Sweden Rock 23 - Agitator\" \/>\n<meta property=\"og:description\" content=\"Varje \u00e5r sl\u00e4pper Sweden Rock Festivalen en limiterad whisky p\u00e5 Systembolaget och i \u00e5r har man samarbetat med oss p\u00e5 Agitator.\" \/>\n<meta property=\"og:url\" content=\"https:\/\/agitatordistillery.com\/sv_se\/sweden-rock-23\/\" \/>\n<meta property=\"og:site_name\" content=\"Agitator\" \/>\n<meta property=\"article:publisher\" content=\"https:\/\/www.facebook.com\/Agitator.Whisky\" \/>\n<meta property=\"article:modified_time\" content=\"2024-09-03T10:09:10+00:00\" \/>\n<meta property=\"og:image\" content=\"https:\/\/agitatordistillery.com\/wp-content\/uploads\/2023\/03\/flaskaforp.jpg\" \/>\n\t<meta property=\"og:image:width\" content=\"2435\" \/>\n\t<meta property=\"og:image:height\" content=\"2560\" \/>\n\t<meta property=\"og:image:type\" content=\"image\/jpeg\" \/>\n<meta name=\"twitter:card\" content=\"summary_large_image\" \/>\n<meta name=\"twitter:label1\" content=\"Ber\u00e4knad l\u00e4stid\" \/>\n\t<meta name=\"twitter:data1\" content=\"1 minut\" \/>\n<script type=\"application\/ld+json\" class=\"yoast-schema-graph\">{\"@context\":\"https:\\\/\\\/schema.org\",\"@graph\":[{\"@type\":\"WebPage\",\"@id\":\"https:\\\/\\\/agitatordistillery.com\\\/sweden-rock-23\\\/\",\"url\":\"https:\\\/\\\/agitatordistillery.com\\\/sweden-rock-23\\\/\",\"name\":\"Sweden Rock 23 - Agitator\",\"isPartOf\":{\"@id\":\"https:\\\/\\\/agitatordistillery.com\\\/#website\"},\"primaryImageOfPage\":{\"@id\":\"https:\\\/\\\/agitatordistillery.com\\\/sweden-rock-23\\\/#primaryimage\"},\"image\":{\"@id\":\"https:\\\/\\\/agitatordistillery.com\\\/sweden-rock-23\\\/#primaryimage\"},\"thumbnailUrl\":\"https:\\\/\\\/agitatordistillery.com\\\/wp-content\\\/uploads\\\/2023\\\/03\\\/flaskaforp.jpg\",\"datePublished\":\"2023-03-23T10:05:43+00:00\",\"dateModified\":\"2024-09-03T10:09:10+00:00\",\"description\":\"Varje \u00e5r sl\u00e4pper Sweden Rock Festivalen en limiterad whisky p\u00e5 Systembolaget och i \u00e5r har man samarbetat med oss p\u00e5 Agitator.\",\"breadcrumb\":{\"@id\":\"https:\\\/\\\/agitatordistillery.com\\\/sweden-rock-23\\\/#breadcrumb\"},\"inLanguage\":\"sv-SE\",\"potentialAction\":[{\"@type\":\"ReadAction\",\"target\":[\"https:\\\/\\\/agitatordistillery.com\\\/sweden-rock-23\\\/\"]}]},{\"@type\":\"ImageObject\",\"inLanguage\":\"sv-SE\",\"@id\":\"https:\\\/\\\/agitatordistillery.com\\\/sweden-rock-23\\\/#primaryimage\",\"url\":\"https:\\\/\\\/agitatordistillery.com\\\/wp-content\\\/uploads\\\/2023\\\/03\\\/flaskaforp.jpg\",\"contentUrl\":\"https:\\\/\\\/agitatordistillery.com\\\/wp-content\\\/uploads\\\/2023\\\/03\\\/flaskaforp.jpg\",\"width\":2435,\"height\":2560,\"caption\":\"sweden rock whisky 2023\"},{\"@type\":\"BreadcrumbList\",\"@id\":\"https:\\\/\\\/agitatordistillery.com\\\/sweden-rock-23\\\/#breadcrumb\",\"itemListElement\":[{\"@type\":\"ListItem\",\"position\":1,\"name\":\"Hem\",\"item\":\"https:\\\/\\\/agitatordistillery.com\\\/\"},{\"@type\":\"ListItem\",\"position\":2,\"name\":\"Sweden Rock 23\"}]},{\"@type\":\"WebSite\",\"@id\":\"https:\\\/\\\/agitatordistillery.com\\\/#website\",\"url\":\"https:\\\/\\\/agitatordistillery.com\\\/\",\"name\":\"Agitator\",\"description\":\"The Swedish Distillery\",\"publisher\":{\"@id\":\"https:\\\/\\\/agitatordistillery.com\\\/#organization\"},\"potentialAction\":[{\"@type\":\"SearchAction\",\"target\":{\"@type\":\"EntryPoint\",\"urlTemplate\":\"https:\\\/\\\/agitatordistillery.com\\\/?s={search_term_string}\"},\"query-input\":{\"@type\":\"PropertyValueSpecification\",\"valueRequired\":true,\"valueName\":\"search_term_string\"}}],\"inLanguage\":\"sv-SE\"},{\"@type\":\"Organization\",\"@id\":\"https:\\\/\\\/agitatordistillery.com\\\/#organization\",\"name\":\"Agitator\",\"url\":\"https:\\\/\\\/agitatordistillery.com\\\/\",\"logo\":{\"@type\":\"ImageObject\",\"inLanguage\":\"sv-SE\",\"@id\":\"https:\\\/\\\/agitatordistillery.com\\\/#\\\/schema\\\/logo\\\/image\\\/\",\"url\":\"https:\\\/\\\/agitatordistillery.com\\\/wp-content\\\/uploads\\\/2021\\\/10\\\/Agitator_Logotyp_2021_Small_Pos.png\",\"contentUrl\":\"https:\\\/\\\/agitatordistillery.com\\\/wp-content\\\/uploads\\\/2021\\\/10\\\/Agitator_Logotyp_2021_Small_Pos.png\",\"width\":360,\"height\":200,\"caption\":\"Agitator\"},\"image\":{\"@id\":\"https:\\\/\\\/agitatordistillery.com\\\/#\\\/schema\\\/logo\\\/image\\\/\"},\"sameAs\":[\"https:\\\/\\\/www.facebook.com\\\/Agitator.Whisky\",\"https:\\\/\\\/www.instagram.com\\\/agitator.whisky\\\/\",\"https:\\\/\\\/www.linkedin.com\\\/company\\\/agitator-whisky\\\/\",\"https:\\\/\\\/www.youtube.com\\\/channel\\\/UCuOnjXGpTaL1-NXFXL5ZHtg\"]}]}<\/script>\n<!-- \/ Yoast SEO plugin. -->","yoast_head_json":{"title":"Sweden Rock 23 - Agitator","description":"Varje \u00e5r sl\u00e4pper Sweden Rock Festivalen en limiterad whisky p\u00e5 Systembolaget och i \u00e5r har man samarbetat med oss p\u00e5 Agitator.","robots":{"index":"index","follow":"follow","max-snippet":"max-snippet:-1","max-image-preview":"max-image-preview:large","max-video-preview":"max-video-preview:-1"},"canonical":"https:\/\/agitatordistillery.com\/sv_se\/sweden-rock-23\/","og_locale":"sv_SE","og_type":"article","og_title":"Sweden Rock 23 - Agitator","og_description":"Varje \u00e5r sl\u00e4pper Sweden Rock Festivalen en limiterad whisky p\u00e5 Systembolaget och i \u00e5r har man samarbetat med oss p\u00e5 Agitator.","og_url":"https:\/\/agitatordistillery.com\/sv_se\/sweden-rock-23\/","og_site_name":"Agitator","article_publisher":"https:\/\/www.facebook.com\/Agitator.Whisky","article_modified_time":"2024-09-03T10:09:10+00:00","og_image":[{"width":2435,"height":2560,"url":"https:\/\/agitatordistillery.com\/wp-content\/uploads\/2023\/03\/flaskaforp.jpg","type":"image\/jpeg"}],"twitter_card":"summary_large_image","twitter_misc":{"Ber\u00e4knad l\u00e4stid":"1 minut"},"schema":{"@context":"https:\/\/schema.org","@graph":[{"@type":"WebPage","@id":"https:\/\/agitatordistillery.com\/sweden-rock-23\/","url":"https:\/\/agitatordistillery.com\/sweden-rock-23\/","name":"Sweden Rock 23 - Agitator","isPartOf":{"@id":"https:\/\/agitatordistillery.com\/#website"},"primaryImageOfPage":{"@id":"https:\/\/agitatordistillery.com\/sweden-rock-23\/#primaryimage"},"image":{"@id":"https:\/\/agitatordistillery.com\/sweden-rock-23\/#primaryimage"},"thumbnailUrl":"https:\/\/agitatordistillery.com\/wp-content\/uploads\/2023\/03\/flaskaforp.jpg","datePublished":"2023-03-23T10:05:43+00:00","dateModified":"2024-09-03T10:09:10+00:00","description":"Varje \u00e5r sl\u00e4pper Sweden Rock Festivalen en limiterad whisky p\u00e5 Systembolaget och i \u00e5r har man samarbetat med oss p\u00e5 Agitator.","breadcrumb":{"@id":"https:\/\/agitatordistillery.com\/sweden-rock-23\/#breadcrumb"},"inLanguage":"sv-SE","potentialAction":[{"@type":"ReadAction","target":["https:\/\/agitatordistillery.com\/sweden-rock-23\/"]}]},{"@type":"ImageObject","inLanguage":"sv-SE","@id":"https:\/\/agitatordistillery.com\/sweden-rock-23\/#primaryimage","url":"https:\/\/agitatordistillery.com\/wp-content\/uploads\/2023\/03\/flaskaforp.jpg","contentUrl":"https:\/\/agitatordistillery.com\/wp-content\/uploads\/2023\/03\/flaskaforp.jpg","width":2435,"height":2560,"caption":"sweden rock whisky 2023"},{"@type":"BreadcrumbList","@id":"https:\/\/agitatordistillery.com\/sweden-rock-23\/#breadcrumb","itemListElement":[{"@type":"ListItem","position":1,"name":"Hem","item":"https:\/\/agitatordistillery.com\/"},{"@type":"ListItem","position":2,"name":"Sweden Rock 23"}]},{"@type":"WebSite","@id":"https:\/\/agitatordistillery.com\/#website","url":"https:\/\/agitatordistillery.com\/","name":"Agitator","description":"The Swedish Distillery","publisher":{"@id":"https:\/\/agitatordistillery.com\/#organization"},"potentialAction":[{"@type":"SearchAction","target":{"@type":"EntryPoint","urlTemplate":"https:\/\/agitatordistillery.com\/?s={search_term_string}"},"query-input":{"@type":"PropertyValueSpecification","valueRequired":true,"valueName":"search_term_string"}}],"inLanguage":"sv-SE"},{"@type":"Organization","@id":"https:\/\/agitatordistillery.com\/#organization","name":"Agitator","url":"https:\/\/agitatordistillery.com\/","logo":{"@type":"ImageObject","inLanguage":"sv-SE","@id":"https:\/\/agitatordistillery.com\/#\/schema\/logo\/image\/","url":"https:\/\/agitatordistillery.com\/wp-content\/uploads\/2021\/10\/Agitator_Logotyp_2021_Small_Pos.png","contentUrl":"https:\/\/agitatordistillery.com\/wp-content\/uploads\/2021\/10\/Agitator_Logotyp_2021_Small_Pos.png","width":360,"height":200,"caption":"Agitator"},"image":{"@id":"https:\/\/agitatordistillery.com\/#\/schema\/logo\/image\/"},"sameAs":["https:\/\/www.facebook.com\/Agitator.Whisky","https:\/\/www.instagram.com\/agitator.whisky\/","https:\/\/www.linkedin.com\/company\/agitator-whisky\/","https:\/\/www.youtube.com\/channel\/UCuOnjXGpTaL1-NXFXL5ZHtg"]}]}},"_links":{"self":[{"href":"https:\/\/agitatordistillery.com\/sv_se\/wp-json\/wp\/v2\/pages\/2014","targetHints":{"allow":["GET"]}}],"collection":[{"href":"https:\/\/agitatordistillery.com\/sv_se\/wp-json\/wp\/v2\/pages"}],"about":[{"href":"https:\/\/agitatordistillery.com\/sv_se\/wp-json\/wp\/v2\/types\/page"}],"author":[{"embeddable":true,"href":"https:\/\/agitatordistillery.com\/sv_se\/wp-json\/wp\/v2\/users\/6"}],"replies":[{"embeddable":true,"href":"https:\/\/agitatordistillery.com\/sv_se\/wp-json\/wp\/v2\/comments?post=2014"}],"version-history":[{"count":9,"href":"https:\/\/agitatordistillery.com\/sv_se\/wp-json\/wp\/v2\/pages\/2014\/revisions"}],"predecessor-version":[{"id":3241,"href":"https:\/\/agitatordistillery.com\/sv_se\/wp-json\/wp\/v2\/pages\/2014\/revisions\/3241"}],"wp:featuredmedia":[{"embeddable":true,"href":"https:\/\/agitatordistillery.com\/sv_se\/wp-json\/wp\/v2\/media\/2015"}],"wp:attachment":[{"href":"https:\/\/agitatordistillery.com\/sv_se\/wp-json\/wp\/v2\/media?parent=2014"}],"curies":[{"name":"wp","href":"https:\/\/api.w.org\/{rel}","templated":true}]}}