{"id":1670,"date":"2022-05-01T17:46:04","date_gmt":"2022-05-01T15:46:04","guid":{"rendered":"https:\/\/agitatorwhisky.se\/?page_id=1670"},"modified":"2025-10-13T12:07:32","modified_gmt":"2025-10-13T10:07:32","slug":"privatfat","status":"publish","type":"page","link":"https:\/\/agitatordistillery.com\/sv_se\/privatfat\/","title":{"rendered":"Privatfat"},"content":{"rendered":"\n\n\t\t\t\t<a href=\"https:\/\/www.selectedmalts.se\/fatinfo\"  target=\"_self\" itemprop=\"url\">\n\t\t\t\t<img decoding=\"async\" data-src=\"https:\/\/agitatordistillery.com\/wp-content\/uploads\/2025\/10\/Fatstart.webp\" alt=\"Fatstart\" itemprop=\"image\" height=\"900\" width=\"2400\" title=\"Fatstart\" onerror=\"this.style.display='none'\" loading=\"lazy\" src=\"data:image\/gif;base64,R0lGODlhAQABAAAAACH5BAEKAAEALAAAAAABAAEAAAICTAEAOw==\" class=\"lazyload\" style=\"--smush-placeholder-width: 2400px; --smush-placeholder-aspect-ratio: 2400\/900;\" \/><noscript><img decoding=\"async\" src=\"https:\/\/agitatordistillery.com\/wp-content\/uploads\/2025\/10\/Fatstart.webp\" alt=\"Fatstart\" itemprop=\"image\" height=\"900\" width=\"2400\" title=\"Fatstart\" onerror=\"this.style.display='none'\" loading=\"lazy\" \/><\/noscript>\n\t\t\t\t<\/a>\n<p>Bli \u00e4gare till ett eget fat med sprit fr\u00e5n Agitator!\u00a0Du v\u00e4ljer sj\u00e4lv vilket typ av fat och vilken typ av sprit och n\u00e4r du vill buteljera. Allt tillsammans med v\u00e5r partner Selected Malts i Varberg.<\/p>\n<p>Att \u00e4ga ett whiskyfat \u00e4r en unik upplevelse! Baserat p\u00e5 de val du g\u00f6r l\u00e4ngs resans g\u00e5ng \u00e4r du med och skapar din helt egna lagrade sprit. Du f\u00f6ljer kontinuerligt fatets utveckling och n\u00e4r du anser att det \u00e4r f\u00e4rdigt buteljerar Selected Malts dina egna personliga flaskor \u00e5t dig.<\/p>\n\t\t\t<a href=\"https:\/\/www.selectedmalts.se\/fatinfo\" target=\"_self\">\n\t\t\t\t\t\t\tVill du veta mer?\n\t\t\t\t\t<\/a>\n\n","protected":false},"excerpt":{"rendered":"<p>Bli \u00e4gare till ett eget fat med sprit fr\u00e5n Agitator!\u00a0Du v\u00e4ljer sj\u00e4lv vilket typ av fat och vilken typ av sprit och n\u00e4r du vill buteljera. Allt tillsammans med v\u00e5r partner Selected Malts i Varberg. Att \u00e4ga ett whiskyfat \u00e4r en unik upplevelse! Baserat p\u00e5 de val du g\u00f6r l\u00e4ngs resans g\u00e5ng \u00e4r du med&hellip;<\/p>\n","protected":false},"author":6,"featured_media":149,"parent":0,"menu_order":0,"comment_status":"closed","ping_status":"closed","template":"","meta":{"footnotes":""},"class_list":["post-1670","page","type-page","status-publish","has-post-thumbnail","hentry"],"yoast_head":"<!-- This site is optimized with the Yoast SEO plugin v27.5 - https:\/\/yoast.com\/product\/yoast-seo-wordpress\/ -->\n<title>Privatfat - Agitator<\/title>\n<meta name=\"description\" content=\"Vi s\u00e4ljer inte sj\u00e4lva fat till privatpersoner men vi samarbetar med tv\u00e5 f\u00f6retag som erbjuder olika privatfat med Agitators whisky.\" \/>\n<meta name=\"robots\" content=\"index, follow, max-snippet:-1, max-image-preview:large, max-video-preview:-1\" \/>\n<link rel=\"canonical\" href=\"https:\/\/agitatordistillery.com\/sv_se\/privatfat\/\" \/>\n<meta property=\"og:locale\" content=\"sv_SE\" \/>\n<meta property=\"og:type\" content=\"article\" \/>\n<meta property=\"og:title\" content=\"Privatfat - Agitator\" \/>\n<meta property=\"og:description\" content=\"Vi s\u00e4ljer inte sj\u00e4lva fat till privatpersoner men vi samarbetar med tv\u00e5 f\u00f6retag som erbjuder olika privatfat med Agitators whisky.\" \/>\n<meta property=\"og:url\" content=\"https:\/\/agitatordistillery.com\/sv_se\/privatfat\/\" \/>\n<meta property=\"og:site_name\" content=\"Agitator\" \/>\n<meta property=\"article:publisher\" content=\"https:\/\/www.facebook.com\/Agitator.Whisky\" \/>\n<meta property=\"article:modified_time\" content=\"2025-10-13T10:07:32+00:00\" \/>\n<meta property=\"og:image\" content=\"https:\/\/agitatordistillery.com\/wp-content\/uploads\/2021\/07\/Intervju_Oskar.jpg\" \/>\n\t<meta property=\"og:image:width\" content=\"1400\" \/>\n\t<meta property=\"og:image:height\" content=\"788\" \/>\n\t<meta property=\"og:image:type\" content=\"image\/jpeg\" \/>\n<meta name=\"twitter:card\" content=\"summary_large_image\" \/>\n<meta name=\"twitter:label1\" content=\"Ber\u00e4knad l\u00e4stid\" \/>\n\t<meta name=\"twitter:data1\" content=\"2 minuter\" \/>\n<script type=\"application\/ld+json\" class=\"yoast-schema-graph\">{\"@context\":\"https:\\\/\\\/schema.org\",\"@graph\":[{\"@type\":\"WebPage\",\"@id\":\"https:\\\/\\\/agitatordistillery.com\\\/sv_se\\\/privatfat\\\/\",\"url\":\"https:\\\/\\\/agitatordistillery.com\\\/sv_se\\\/privatfat\\\/\",\"name\":\"Privatfat - Agitator\",\"isPartOf\":{\"@id\":\"https:\\\/\\\/agitatordistillery.com\\\/#website\"},\"primaryImageOfPage\":{\"@id\":\"https:\\\/\\\/agitatordistillery.com\\\/sv_se\\\/privatfat\\\/#primaryimage\"},\"image\":{\"@id\":\"https:\\\/\\\/agitatordistillery.com\\\/sv_se\\\/privatfat\\\/#primaryimage\"},\"thumbnailUrl\":\"https:\\\/\\\/agitatordistillery.com\\\/wp-content\\\/uploads\\\/2021\\\/07\\\/Intervju_Oskar.jpg\",\"datePublished\":\"2022-05-01T15:46:04+00:00\",\"dateModified\":\"2025-10-13T10:07:32+00:00\",\"description\":\"Vi s\u00e4ljer inte sj\u00e4lva fat till privatpersoner men vi samarbetar med tv\u00e5 f\u00f6retag som erbjuder olika privatfat med Agitators whisky.\",\"breadcrumb\":{\"@id\":\"https:\\\/\\\/agitatordistillery.com\\\/sv_se\\\/privatfat\\\/#breadcrumb\"},\"inLanguage\":\"sv-SE\",\"potentialAction\":[{\"@type\":\"ReadAction\",\"target\":[\"https:\\\/\\\/agitatordistillery.com\\\/sv_se\\\/privatfat\\\/\"]}]},{\"@type\":\"ImageObject\",\"inLanguage\":\"sv-SE\",\"@id\":\"https:\\\/\\\/agitatordistillery.com\\\/sv_se\\\/privatfat\\\/#primaryimage\",\"url\":\"https:\\\/\\\/agitatordistillery.com\\\/wp-content\\\/uploads\\\/2021\\\/07\\\/Intervju_Oskar.jpg\",\"contentUrl\":\"https:\\\/\\\/agitatordistillery.com\\\/wp-content\\\/uploads\\\/2021\\\/07\\\/Intervju_Oskar.jpg\",\"width\":1400,\"height\":788},{\"@type\":\"BreadcrumbList\",\"@id\":\"https:\\\/\\\/agitatordistillery.com\\\/sv_se\\\/privatfat\\\/#breadcrumb\",\"itemListElement\":[{\"@type\":\"ListItem\",\"position\":1,\"name\":\"Hem\",\"item\":\"https:\\\/\\\/agitatordistillery.com\\\/\"},{\"@type\":\"ListItem\",\"position\":2,\"name\":\"Privatfat\"}]},{\"@type\":\"WebSite\",\"@id\":\"https:\\\/\\\/agitatordistillery.com\\\/#website\",\"url\":\"https:\\\/\\\/agitatordistillery.com\\\/\",\"name\":\"Agitator\",\"description\":\"The Swedish Distillery\",\"publisher\":{\"@id\":\"https:\\\/\\\/agitatordistillery.com\\\/#organization\"},\"potentialAction\":[{\"@type\":\"SearchAction\",\"target\":{\"@type\":\"EntryPoint\",\"urlTemplate\":\"https:\\\/\\\/agitatordistillery.com\\\/?s={search_term_string}\"},\"query-input\":{\"@type\":\"PropertyValueSpecification\",\"valueRequired\":true,\"valueName\":\"search_term_string\"}}],\"inLanguage\":\"sv-SE\"},{\"@type\":\"Organization\",\"@id\":\"https:\\\/\\\/agitatordistillery.com\\\/#organization\",\"name\":\"Agitator\",\"url\":\"https:\\\/\\\/agitatordistillery.com\\\/\",\"logo\":{\"@type\":\"ImageObject\",\"inLanguage\":\"sv-SE\",\"@id\":\"https:\\\/\\\/agitatordistillery.com\\\/#\\\/schema\\\/logo\\\/image\\\/\",\"url\":\"https:\\\/\\\/agitatordistillery.com\\\/wp-content\\\/uploads\\\/2021\\\/10\\\/Agitator_Logotyp_2021_Small_Pos.png\",\"contentUrl\":\"https:\\\/\\\/agitatordistillery.com\\\/wp-content\\\/uploads\\\/2021\\\/10\\\/Agitator_Logotyp_2021_Small_Pos.png\",\"width\":360,\"height\":200,\"caption\":\"Agitator\"},\"image\":{\"@id\":\"https:\\\/\\\/agitatordistillery.com\\\/#\\\/schema\\\/logo\\\/image\\\/\"},\"sameAs\":[\"https:\\\/\\\/www.facebook.com\\\/Agitator.Whisky\",\"https:\\\/\\\/www.instagram.com\\\/agitator.whisky\\\/\",\"https:\\\/\\\/www.linkedin.com\\\/company\\\/agitator-whisky\\\/\",\"https:\\\/\\\/www.youtube.com\\\/channel\\\/UCuOnjXGpTaL1-NXFXL5ZHtg\"]}]}<\/script>\n<!-- \/ Yoast SEO plugin. -->","yoast_head_json":{"title":"Privatfat - Agitator","description":"Vi s\u00e4ljer inte sj\u00e4lva fat till privatpersoner men vi samarbetar med tv\u00e5 f\u00f6retag som erbjuder olika privatfat med Agitators whisky.","robots":{"index":"index","follow":"follow","max-snippet":"max-snippet:-1","max-image-preview":"max-image-preview:large","max-video-preview":"max-video-preview:-1"},"canonical":"https:\/\/agitatordistillery.com\/sv_se\/privatfat\/","og_locale":"sv_SE","og_type":"article","og_title":"Privatfat - Agitator","og_description":"Vi s\u00e4ljer inte sj\u00e4lva fat till privatpersoner men vi samarbetar med tv\u00e5 f\u00f6retag som erbjuder olika privatfat med Agitators whisky.","og_url":"https:\/\/agitatordistillery.com\/sv_se\/privatfat\/","og_site_name":"Agitator","article_publisher":"https:\/\/www.facebook.com\/Agitator.Whisky","article_modified_time":"2025-10-13T10:07:32+00:00","og_image":[{"width":1400,"height":788,"url":"https:\/\/agitatordistillery.com\/wp-content\/uploads\/2021\/07\/Intervju_Oskar.jpg","type":"image\/jpeg"}],"twitter_card":"summary_large_image","twitter_misc":{"Ber\u00e4knad l\u00e4stid":"2 minuter"},"schema":{"@context":"https:\/\/schema.org","@graph":[{"@type":"WebPage","@id":"https:\/\/agitatordistillery.com\/sv_se\/privatfat\/","url":"https:\/\/agitatordistillery.com\/sv_se\/privatfat\/","name":"Privatfat - Agitator","isPartOf":{"@id":"https:\/\/agitatordistillery.com\/#website"},"primaryImageOfPage":{"@id":"https:\/\/agitatordistillery.com\/sv_se\/privatfat\/#primaryimage"},"image":{"@id":"https:\/\/agitatordistillery.com\/sv_se\/privatfat\/#primaryimage"},"thumbnailUrl":"https:\/\/agitatordistillery.com\/wp-content\/uploads\/2021\/07\/Intervju_Oskar.jpg","datePublished":"2022-05-01T15:46:04+00:00","dateModified":"2025-10-13T10:07:32+00:00","description":"Vi s\u00e4ljer inte sj\u00e4lva fat till privatpersoner men vi samarbetar med tv\u00e5 f\u00f6retag som erbjuder olika privatfat med Agitators whisky.","breadcrumb":{"@id":"https:\/\/agitatordistillery.com\/sv_se\/privatfat\/#breadcrumb"},"inLanguage":"sv-SE","potentialAction":[{"@type":"ReadAction","target":["https:\/\/agitatordistillery.com\/sv_se\/privatfat\/"]}]},{"@type":"ImageObject","inLanguage":"sv-SE","@id":"https:\/\/agitatordistillery.com\/sv_se\/privatfat\/#primaryimage","url":"https:\/\/agitatordistillery.com\/wp-content\/uploads\/2021\/07\/Intervju_Oskar.jpg","contentUrl":"https:\/\/agitatordistillery.com\/wp-content\/uploads\/2021\/07\/Intervju_Oskar.jpg","width":1400,"height":788},{"@type":"BreadcrumbList","@id":"https:\/\/agitatordistillery.com\/sv_se\/privatfat\/#breadcrumb","itemListElement":[{"@type":"ListItem","position":1,"name":"Hem","item":"https:\/\/agitatordistillery.com\/"},{"@type":"ListItem","position":2,"name":"Privatfat"}]},{"@type":"WebSite","@id":"https:\/\/agitatordistillery.com\/#website","url":"https:\/\/agitatordistillery.com\/","name":"Agitator","description":"The Swedish Distillery","publisher":{"@id":"https:\/\/agitatordistillery.com\/#organization"},"potentialAction":[{"@type":"SearchAction","target":{"@type":"EntryPoint","urlTemplate":"https:\/\/agitatordistillery.com\/?s={search_term_string}"},"query-input":{"@type":"PropertyValueSpecification","valueRequired":true,"valueName":"search_term_string"}}],"inLanguage":"sv-SE"},{"@type":"Organization","@id":"https:\/\/agitatordistillery.com\/#organization","name":"Agitator","url":"https:\/\/agitatordistillery.com\/","logo":{"@type":"ImageObject","inLanguage":"sv-SE","@id":"https:\/\/agitatordistillery.com\/#\/schema\/logo\/image\/","url":"https:\/\/agitatordistillery.com\/wp-content\/uploads\/2021\/10\/Agitator_Logotyp_2021_Small_Pos.png","contentUrl":"https:\/\/agitatordistillery.com\/wp-content\/uploads\/2021\/10\/Agitator_Logotyp_2021_Small_Pos.png","width":360,"height":200,"caption":"Agitator"},"image":{"@id":"https:\/\/agitatordistillery.com\/#\/schema\/logo\/image\/"},"sameAs":["https:\/\/www.facebook.com\/Agitator.Whisky","https:\/\/www.instagram.com\/agitator.whisky\/","https:\/\/www.linkedin.com\/company\/agitator-whisky\/","https:\/\/www.youtube.com\/channel\/UCuOnjXGpTaL1-NXFXL5ZHtg"]}]}},"_links":{"self":[{"href":"https:\/\/agitatordistillery.com\/sv_se\/wp-json\/wp\/v2\/pages\/1670","targetHints":{"allow":["GET"]}}],"collection":[{"href":"https:\/\/agitatordistillery.com\/sv_se\/wp-json\/wp\/v2\/pages"}],"about":[{"href":"https:\/\/agitatordistillery.com\/sv_se\/wp-json\/wp\/v2\/types\/page"}],"author":[{"embeddable":true,"href":"https:\/\/agitatordistillery.com\/sv_se\/wp-json\/wp\/v2\/users\/6"}],"replies":[{"embeddable":true,"href":"https:\/\/agitatordistillery.com\/sv_se\/wp-json\/wp\/v2\/comments?post=1670"}],"version-history":[{"count":25,"href":"https:\/\/agitatordistillery.com\/sv_se\/wp-json\/wp\/v2\/pages\/1670\/revisions"}],"predecessor-version":[{"id":4203,"href":"https:\/\/agitatordistillery.com\/sv_se\/wp-json\/wp\/v2\/pages\/1670\/revisions\/4203"}],"wp:featuredmedia":[{"embeddable":true,"href":"https:\/\/agitatordistillery.com\/sv_se\/wp-json\/wp\/v2\/media\/149"}],"wp:attachment":[{"href":"https:\/\/agitatordistillery.com\/sv_se\/wp-json\/wp\/v2\/media?parent=1670"}],"curies":[{"name":"wp","href":"https:\/\/api.w.org\/{rel}","templated":true}]}}