{"id":1631,"date":"2022-04-24T10:53:37","date_gmt":"2022-04-24T08:53:37","guid":{"rendered":"https:\/\/agitatorwhisky.se\/?page_id=1631"},"modified":"2026-03-16T12:36:42","modified_gmt":"2026-03-16T11:36:42","slug":"samarbeten","status":"publish","type":"page","link":"https:\/\/agitatordistillery.com\/sv_se\/samarbeten\/","title":{"rendered":"Samarbeten"},"content":{"rendered":"\n<h2>\n\t\t\tpartnerskap\t<\/h2>\n<p>I denna serie har vi h\u00e4mtat inspiration fr\u00e5n v\u00e5ra samarbeten. Varje utg\u00e5va \u00e4r ett resultat av ett partnerskap d\u00e4r inspirat\u00f6ren har varit delaktig i hela processen.<\/p>\n<figure itemscope itemtype=\"https:\/\/schema.org\/ImageObject\">\n\t\t\t\t<img decoding=\"async\" data-src=\"https:\/\/agitatordistillery.com\/wp-content\/uploads\/2024\/10\/Agitator_Samuel_0237_Ret_Frilagd_1920px-copy-2.png\" alt=\"Samuel Lindl\u00f6f Whisky\" height=\"1634\" width=\"1876\" title=\"Agitator_Samuel_0237_Ret_Frilagd_1920px copy 2\" onerror=\"this.style.display='none'\" loading=\"lazy\" src=\"data:image\/gif;base64,R0lGODlhAQABAAAAACH5BAEKAAEALAAAAAABAAEAAAICTAEAOw==\" class=\"lazyload\" style=\"--smush-placeholder-width: 1876px; --smush-placeholder-aspect-ratio: 1876\/1634;\" \/><noscript><img decoding=\"async\" src=\"https:\/\/agitatordistillery.com\/wp-content\/uploads\/2024\/10\/Agitator_Samuel_0237_Ret_Frilagd_1920px-copy-2.png\" alt=\"Samuel Lindl\u00f6f Whisky\" height=\"1634\" width=\"1876\" title=\"Agitator_Samuel_0237_Ret_Frilagd_1920px copy 2\" onerror=\"this.style.display='none'\" loading=\"lazy\" \/><\/noscript>\n\t<\/figure>\n<figure itemscope itemtype=\"https:\/\/schema.org\/ImageObject\">\n\t\t\t\t<img decoding=\"async\" data-src=\"https:\/\/agitatordistillery.com\/wp-content\/uploads\/2026\/01\/agitator-charta-77_frilagd-719x1536.png\" alt=\"Charta77 No1 Negotiate Single Malt Whisky\" height=\"1536\" width=\"719\" title=\"agitator-charta-77_frilagd\" onerror=\"this.style.display='none'\" loading=\"lazy\" src=\"data:image\/gif;base64,R0lGODlhAQABAAAAACH5BAEKAAEALAAAAAABAAEAAAICTAEAOw==\" class=\"lazyload\" style=\"--smush-placeholder-width: 719px; --smush-placeholder-aspect-ratio: 719\/1536;\" \/><noscript><img decoding=\"async\" src=\"https:\/\/agitatordistillery.com\/wp-content\/uploads\/2026\/01\/agitator-charta-77_frilagd-719x1536.png\" alt=\"Charta77 No1 Negotiate Single Malt Whisky\" height=\"1536\" width=\"719\" title=\"agitator-charta-77_frilagd\" onerror=\"this.style.display='none'\" loading=\"lazy\" \/><\/noscript>\n\t<\/figure>\n<h4>\n\t\t\tSamuelWhisky\t<\/h4>\nTre \u00e5r i f\u00f6ljd gjorde vi unika utg\u00e5vor med v\u00e5r ambassad\u00f6r Samuel Lindl\u00f6f. Samuel valde ut faten och tog fram blandningen tillsammans med v\u00e5r master blender Oskar Bruno.\n<h4>\n\t\t\tsamuelwhisky no1\t<\/h4>\n\t\t\t<a href=\"https:\/\/agitatordistillery.com\/samuelwhisky-no1\/\"  target=\"_self\">\n\t\t\t\t\t\t\tVill du veta mer\n\t\t\t<\/a>\n<h4>\n\t\t\tsamuelwhisky no2\t<\/h4>\n\t\t\t<a href=\"https:\/\/agitatordistillery.com\/sv_se\/samuelwhisky-no2\/\"  target=\"_self\">\n\t\t\t\t\t\t\tVill du veta mer\n\t\t\t<\/a>\n<h4>\n\t\t\tsamuelwhisky no3\t<\/h4>\n\t\t\t<a href=\"https:\/\/agitatordistillery.com\/sv_se\/samuelwhisky-no3\/\"  target=\"_self\">\n\t\t\t\t\t\t\tVill du veta mer\n\t\t\t<\/a>\n<h4>\n\t\t\tCharta 77\t<\/h4>\nCharta 77 \u00e4r det legendariska punkbandet fr\u00e5n K\u00f6ping, n\u00e5gra mil fr\u00e5n Agitators destilleri i Arboga. Trummisen i bandet, Tommie Fagerberg, \u00e4r \u00e4ven destillat\u00f6r p\u00e5 Agitator. Hans whisky \u00e4r ren punk p\u00e5 flaska!\n<figure itemscope itemtype=\"https:\/\/schema.org\/ImageObject\">\n\t\t\t\t<img decoding=\"async\" data-src=\"https:\/\/agitatordistillery.com\/wp-content\/uploads\/2026\/03\/Agitator_Glod_Gin_0009_Frilagd_2880px-scaled.png\" alt=\"Agitator Gl\u00f6d Gin\" height=\"2560\" width=\"1370\" title=\"Agitator_Glo\u0308d_Gin_0009_Frilagd_2880px\" onerror=\"this.style.display='none'\" loading=\"lazy\" src=\"data:image\/gif;base64,R0lGODlhAQABAAAAACH5BAEKAAEALAAAAAABAAEAAAICTAEAOw==\" class=\"lazyload\" style=\"--smush-placeholder-width: 1370px; --smush-placeholder-aspect-ratio: 1370\/2560;\" \/><noscript><img decoding=\"async\" src=\"https:\/\/agitatordistillery.com\/wp-content\/uploads\/2026\/03\/Agitator_Glod_Gin_0009_Frilagd_2880px-scaled.png\" alt=\"Agitator Gl\u00f6d Gin\" height=\"2560\" width=\"1370\" title=\"Agitator_Glo\u0308d_Gin_0009_Frilagd_2880px\" onerror=\"this.style.display='none'\" loading=\"lazy\" \/><\/noscript>\n\t<\/figure>\n<h4>\n\t\t\tGL\u00d6D PREMIUM BARBECUE GIN\t<\/h4>\n\t\t\t<a href=\"https:\/\/agitatordistillery.com\/sv_se\/glod-premium-barbecue-gin\"  target=\"_self\">\n\t\t\t\t\t\t\tVill du veta mer\n\t\t\t<\/a>\n<figure itemscope itemtype=\"https:\/\/schema.org\/ImageObject\">\n\t\t\t\t<img decoding=\"async\" data-src=\"https:\/\/agitatordistillery.com\/wp-content\/uploads\/2024\/07\/SR_2022-copy.png\" alt=\"SR_2022 copy\" height=\"1166\" width=\"1398\" title=\"SR_2022 copy\" onerror=\"this.style.display='none'\" loading=\"lazy\" src=\"data:image\/gif;base64,R0lGODlhAQABAAAAACH5BAEKAAEALAAAAAABAAEAAAICTAEAOw==\" class=\"lazyload\" style=\"--smush-placeholder-width: 1398px; --smush-placeholder-aspect-ratio: 1398\/1166;\" \/><noscript><img decoding=\"async\" src=\"https:\/\/agitatordistillery.com\/wp-content\/uploads\/2024\/07\/SR_2022-copy.png\" alt=\"SR_2022 copy\" height=\"1166\" width=\"1398\" title=\"SR_2022 copy\" onerror=\"this.style.display='none'\" loading=\"lazy\" \/><\/noscript>\n\t<\/figure>\n<h2>\n\t\t\tkontraktstillverkning\t<\/h2>\n<figure itemscope itemtype=\"https:\/\/schema.org\/ImageObject\">\n\t\t\t\t<a href=\"https:\/\/agitatordistillery.com\/sweden-rock-22\/\"  target=\"_self\" itemprop=\"url\">\n\t\t\t\t<img decoding=\"async\" data-src=\"https:\/\/agitatordistillery.com\/wp-content\/uploads\/2024\/07\/Logo_simple_black-2-copy.png\" alt=\"Logo_simple_black-2 copy\" height=\"1309\" width=\"4397\" title=\"Logo_simple_black-2 copy\" onerror=\"this.style.display='none'\" loading=\"lazy\" src=\"data:image\/gif;base64,R0lGODlhAQABAAAAACH5BAEKAAEALAAAAAABAAEAAAICTAEAOw==\" class=\"lazyload\" style=\"--smush-placeholder-width: 4397px; --smush-placeholder-aspect-ratio: 4397\/1309;\" \/><noscript><img decoding=\"async\" src=\"https:\/\/agitatordistillery.com\/wp-content\/uploads\/2024\/07\/Logo_simple_black-2-copy.png\" alt=\"Logo_simple_black-2 copy\" height=\"1309\" width=\"4397\" title=\"Logo_simple_black-2 copy\" onerror=\"this.style.display='none'\" loading=\"lazy\" \/><\/noscript>\n\t\t\t\t<\/a>\n\t<\/figure>\n<p>Sweden Rock \u00e4r Skandinaviens st\u00f6rsta h\u00e5rdrocksfestival och har &#8211; sedan 2015 &#8211; varje \u00e5r givit ut en whisky p\u00e5 Systembolaget i limiterad upplaga. 2022 och 2023 har man samarbetat med oss p\u00e5 Agitator f\u00f6r att framst\u00e4lla whiskyn.<\/p>\n<h4>\n\t\t\tsweden rock 2022\t<\/h4>\n\t\t\t<a href=\"https:\/\/agitatordistillery.com\/sweden-rock-22\/\"  target=\"_self\">\n\t\t\t\t\t\t\tVill du veta mer\n\t\t\t<\/a>\n<h4>\n\t\t\tsweden rock 2023\t<\/h4>\n\t\t\t<a href=\"https:\/\/agitatordistillery.com\/sweden-rock-23\/\"  target=\"_self\">\n\t\t\t\t\t\t\tVill du veta mer\n\t\t\t<\/a>\n<figure itemscope itemtype=\"https:\/\/schema.org\/ImageObject\">\n\t\t\t\t<img decoding=\"async\" data-src=\"https:\/\/agitatordistillery.com\/wp-content\/uploads\/2023\/01\/Marshall_London_Dry_Gin_3vinklar.jpg\" alt=\"Marshall_London_Dry_Gin_3vinklar\" height=\"1927\" width=\"2560\" title=\"Marshall_London_Dry_Gin_3vinklar\" onerror=\"this.style.display='none'\" loading=\"lazy\" src=\"data:image\/gif;base64,R0lGODlhAQABAAAAACH5BAEKAAEALAAAAAABAAEAAAICTAEAOw==\" class=\"lazyload\" style=\"--smush-placeholder-width: 2560px; --smush-placeholder-aspect-ratio: 2560\/1927;\" \/><noscript><img decoding=\"async\" src=\"https:\/\/agitatordistillery.com\/wp-content\/uploads\/2023\/01\/Marshall_London_Dry_Gin_3vinklar.jpg\" alt=\"Marshall_London_Dry_Gin_3vinklar\" height=\"1927\" width=\"2560\" title=\"Marshall_London_Dry_Gin_3vinklar\" onerror=\"this.style.display='none'\" loading=\"lazy\" \/><\/noscript>\n\t<\/figure>\n<figure itemscope itemtype=\"https:\/\/schema.org\/ImageObject\">\n\t\t\t\t<a href=\"https:\/\/agitatordistillery.com\/marshall-london-dry-gin\/\"  target=\"_self\" itemprop=\"url\">\n\t\t\t\t<img decoding=\"async\" data-src=\"https:\/\/agitatordistillery.com\/wp-content\/uploads\/2024\/07\/marshall_london_dry_gin37-copy.png\" alt=\"marshall_london_dry_gin37 copy\" height=\"2180\" width=\"6494\" title=\"marshall_london_dry_gin37 copy\" onerror=\"this.style.display='none'\" loading=\"lazy\" src=\"data:image\/gif;base64,R0lGODlhAQABAAAAACH5BAEKAAEALAAAAAABAAEAAAICTAEAOw==\" class=\"lazyload\" style=\"--smush-placeholder-width: 6494px; --smush-placeholder-aspect-ratio: 6494\/2180;\" \/><noscript><img decoding=\"async\" src=\"https:\/\/agitatordistillery.com\/wp-content\/uploads\/2024\/07\/marshall_london_dry_gin37-copy.png\" alt=\"marshall_london_dry_gin37 copy\" height=\"2180\" width=\"6494\" title=\"marshall_london_dry_gin37 copy\" onerror=\"this.style.display='none'\" loading=\"lazy\" \/><\/noscript>\n\t\t\t\t<\/a>\n\t<\/figure>\n<p>Live Brands Factory har lanserat Marshall London Dry Gin som har producerats av oss p\u00e5 Agitator Whiskymakare.<\/p>\n\t\t\t<a href=\"https:\/\/agitatordistillery.com\/marshall-london-dry-gin\/\"  target=\"_self\">\n\t\t\t\t\t\t\tVill du veta mer\n\t\t\t<\/a>\n\t\t\t<a href=\"https:\/\/www.systembolaget.se\/produkt\/sprit\/marshall-5682101\/\"  target=\"_blank\" rel=\"noopener\"    rel=\"noopener\">\n\t\t\t\t\t\t\tBEST\u00c4LL H\u00c4R\n\t\t\t\t\t<\/a>\n<figure itemscope itemtype=\"https:\/\/schema.org\/ImageObject\">\n\t\t\t\t<a href=\"https:\/\/agitatordistillery.com\/privatfat\/\"  target=\"_self\" itemprop=\"url\">\n\t\t\t\t<img decoding=\"async\" data-src=\"https:\/\/agitatordistillery.com\/wp-content\/uploads\/2024\/07\/Selected_Malts-2-copy.png\" alt=\"Selected_Malts-2 copy\" height=\"423\" width=\"800\" title=\"Selected_Malts-2 copy\" onerror=\"this.style.display='none'\" loading=\"lazy\" src=\"data:image\/gif;base64,R0lGODlhAQABAAAAACH5BAEKAAEALAAAAAABAAEAAAICTAEAOw==\" class=\"lazyload\" style=\"--smush-placeholder-width: 800px; --smush-placeholder-aspect-ratio: 800\/423;\" \/><noscript><img decoding=\"async\" src=\"https:\/\/agitatordistillery.com\/wp-content\/uploads\/2024\/07\/Selected_Malts-2-copy.png\" alt=\"Selected_Malts-2 copy\" height=\"423\" width=\"800\" title=\"Selected_Malts-2 copy\" onerror=\"this.style.display='none'\" loading=\"lazy\" \/><\/noscript>\n\t\t\t\t<\/a>\n\t<\/figure>\n<figure itemscope itemtype=\"https:\/\/schema.org\/ImageObject\">\n\t\t\t\t<a href=\"https:\/\/agitatordistillery.com\/privatfat\/\"  target=\"_self\" itemprop=\"url\">\n\t\t\t\t<img decoding=\"async\" data-src=\"https:\/\/agitatordistillery.com\/wp-content\/uploads\/2022\/05\/Tjaerdalen-2.png\" alt=\"Tjaerdalen 2\" height=\"215\" width=\"800\" title=\"Tjaerdalen 2\" onerror=\"this.style.display='none'\" loading=\"lazy\" src=\"data:image\/gif;base64,R0lGODlhAQABAAAAACH5BAEKAAEALAAAAAABAAEAAAICTAEAOw==\" class=\"lazyload\" style=\"--smush-placeholder-width: 800px; --smush-placeholder-aspect-ratio: 800\/215;\" \/><noscript><img decoding=\"async\" src=\"https:\/\/agitatordistillery.com\/wp-content\/uploads\/2022\/05\/Tjaerdalen-2.png\" alt=\"Tjaerdalen 2\" height=\"215\" width=\"800\" title=\"Tjaerdalen 2\" onerror=\"this.style.display='none'\" loading=\"lazy\" \/><\/noscript>\n\t\t\t\t<\/a>\n\t<\/figure>\n<h2>\n\t\t\tprivatfat\t<\/h2>\n<p>Vi f\u00e5r ibland \u00f6nskem\u00e5l fr\u00e5n konsumenter som vill k\u00f6pa privatfat. Vi s\u00e4ljer inte sj\u00e4lva fat till privatpersoner men vi samarbetar med tv\u00e5 f\u00f6retag som erbjuder olika privatfatsl\u00f6sningar med Agitators whisky.<\/p>\n\t\t\t<a href=\"https:\/\/agitatordistillery.com\/privatfat\/\"  target=\"_self\">\n\t\t\t\t\t\t\tVill du veta mer\n\t\t\t<\/a>\n<h2>\n\t\t\tCLUB AGITATOR\t<\/h2>\n\t<p>Vill du f\u00e5 en inblick i vardagen p\u00e5 destilleriet, veta om v\u00e5ra kommande lanseringar f\u00f6re alla andra, eller hur Oskar Bruno dricker sin whisky p\u00e5 helgerna? G\u00e5 med i Club Agitator, h\u00e4r f\u00e5r du allt de och mycket mer. Bli en del av Agitator s\u00e4llskapet.<\/p>\n\t\t\t<a href=\"https:\/\/club-agitator.mn.co\/share\/A52WyHk7e_4kqEsO?utm_source=manual\"  target=\"_self\">\n\t\t\t\t\t\t\tJOIN THE CLUB\n\t\t\t\t\t<\/a>\n\n","protected":false},"excerpt":{"rendered":"<p>partnerskap I denna serie har vi h\u00e4mtat inspiration fr\u00e5n v\u00e5ra samarbeten. Varje utg\u00e5va \u00e4r ett resultat av ett partnerskap d\u00e4r inspirat\u00f6ren har varit delaktig i hela processen. SamuelWhisky Tre \u00e5r i f\u00f6ljd gjorde vi unika utg\u00e5vor med v\u00e5r ambassad\u00f6r Samuel Lindl\u00f6f. Samuel valde ut faten och tog fram blandningen tillsammans med v\u00e5r master blender Oskar&hellip;<\/p>\n","protected":false},"author":6,"featured_media":1674,"parent":0,"menu_order":0,"comment_status":"closed","ping_status":"closed","template":"","meta":{"footnotes":""},"class_list":["post-1631","page","type-page","status-publish","has-post-thumbnail","hentry"],"yoast_head":"<!-- This site is optimized with the Yoast SEO plugin v27.5 - https:\/\/yoast.com\/product\/yoast-seo-wordpress\/ -->\n<title>Samarbeten - Agitator<\/title>\n<meta name=\"description\" content=\"F\u00f6rutom de produkter vi s\u00e4ljer under v\u00e5rt eget varum\u00e4rke g\u00f6r vi samarbeten med andra f\u00f6retag d\u00e4r vi skapar och buteljerar whisky \u00e5t andra.\" \/>\n<meta name=\"robots\" content=\"index, follow, max-snippet:-1, max-image-preview:large, max-video-preview:-1\" \/>\n<link rel=\"canonical\" href=\"https:\/\/agitatordistillery.com\/sv_se\/samarbeten\/\" \/>\n<meta property=\"og:locale\" content=\"sv_SE\" \/>\n<meta property=\"og:type\" content=\"article\" \/>\n<meta property=\"og:title\" content=\"Samarbeten - Agitator\" \/>\n<meta property=\"og:description\" content=\"F\u00f6rutom de produkter vi s\u00e4ljer under v\u00e5rt eget varum\u00e4rke g\u00f6r vi samarbeten med andra f\u00f6retag d\u00e4r vi skapar och buteljerar whisky \u00e5t andra.\" \/>\n<meta property=\"og:url\" content=\"https:\/\/agitatordistillery.com\/sv_se\/samarbeten\/\" \/>\n<meta property=\"og:site_name\" content=\"Agitator\" \/>\n<meta property=\"article:publisher\" content=\"https:\/\/www.facebook.com\/Agitator.Whisky\" \/>\n<meta property=\"article:modified_time\" content=\"2026-03-16T11:36:42+00:00\" \/>\n<meta property=\"og:image\" content=\"https:\/\/agitatordistillery.com\/wp-content\/uploads\/2022\/05\/Selected_malts.png\" \/>\n\t<meta property=\"og:image:width\" content=\"800\" \/>\n\t<meta property=\"og:image:height\" content=\"374\" \/>\n\t<meta property=\"og:image:type\" content=\"image\/png\" \/>\n<meta name=\"twitter:card\" content=\"summary_large_image\" \/>\n<meta name=\"twitter:label1\" content=\"Ber\u00e4knad l\u00e4stid\" \/>\n\t<meta name=\"twitter:data1\" content=\"4 minuter\" \/>\n<script type=\"application\/ld+json\" class=\"yoast-schema-graph\">{\"@context\":\"https:\\\/\\\/schema.org\",\"@graph\":[{\"@type\":\"WebPage\",\"@id\":\"https:\\\/\\\/agitatordistillery.com\\\/sv_se\\\/samarbeten\\\/\",\"url\":\"https:\\\/\\\/agitatordistillery.com\\\/sv_se\\\/samarbeten\\\/\",\"name\":\"Samarbeten - Agitator\",\"isPartOf\":{\"@id\":\"https:\\\/\\\/agitatordistillery.com\\\/#website\"},\"primaryImageOfPage\":{\"@id\":\"https:\\\/\\\/agitatordistillery.com\\\/sv_se\\\/samarbeten\\\/#primaryimage\"},\"image\":{\"@id\":\"https:\\\/\\\/agitatordistillery.com\\\/sv_se\\\/samarbeten\\\/#primaryimage\"},\"thumbnailUrl\":\"https:\\\/\\\/agitatordistillery.com\\\/wp-content\\\/uploads\\\/2022\\\/05\\\/Selected_malts.png\",\"datePublished\":\"2022-04-24T08:53:37+00:00\",\"dateModified\":\"2026-03-16T11:36:42+00:00\",\"description\":\"F\u00f6rutom de produkter vi s\u00e4ljer under v\u00e5rt eget varum\u00e4rke g\u00f6r vi samarbeten med andra f\u00f6retag d\u00e4r vi skapar och buteljerar whisky \u00e5t andra.\",\"breadcrumb\":{\"@id\":\"https:\\\/\\\/agitatordistillery.com\\\/sv_se\\\/samarbeten\\\/#breadcrumb\"},\"inLanguage\":\"sv-SE\",\"potentialAction\":[{\"@type\":\"ReadAction\",\"target\":[\"https:\\\/\\\/agitatordistillery.com\\\/sv_se\\\/samarbeten\\\/\"]}]},{\"@type\":\"ImageObject\",\"inLanguage\":\"sv-SE\",\"@id\":\"https:\\\/\\\/agitatordistillery.com\\\/sv_se\\\/samarbeten\\\/#primaryimage\",\"url\":\"https:\\\/\\\/agitatordistillery.com\\\/wp-content\\\/uploads\\\/2022\\\/05\\\/Selected_malts.png\",\"contentUrl\":\"https:\\\/\\\/agitatordistillery.com\\\/wp-content\\\/uploads\\\/2022\\\/05\\\/Selected_malts.png\",\"width\":800,\"height\":374},{\"@type\":\"BreadcrumbList\",\"@id\":\"https:\\\/\\\/agitatordistillery.com\\\/sv_se\\\/samarbeten\\\/#breadcrumb\",\"itemListElement\":[{\"@type\":\"ListItem\",\"position\":1,\"name\":\"Hem\",\"item\":\"https:\\\/\\\/agitatordistillery.com\\\/\"},{\"@type\":\"ListItem\",\"position\":2,\"name\":\"Samarbeten\"}]},{\"@type\":\"WebSite\",\"@id\":\"https:\\\/\\\/agitatordistillery.com\\\/#website\",\"url\":\"https:\\\/\\\/agitatordistillery.com\\\/\",\"name\":\"Agitator\",\"description\":\"The Swedish Distillery\",\"publisher\":{\"@id\":\"https:\\\/\\\/agitatordistillery.com\\\/#organization\"},\"potentialAction\":[{\"@type\":\"SearchAction\",\"target\":{\"@type\":\"EntryPoint\",\"urlTemplate\":\"https:\\\/\\\/agitatordistillery.com\\\/?s={search_term_string}\"},\"query-input\":{\"@type\":\"PropertyValueSpecification\",\"valueRequired\":true,\"valueName\":\"search_term_string\"}}],\"inLanguage\":\"sv-SE\"},{\"@type\":\"Organization\",\"@id\":\"https:\\\/\\\/agitatordistillery.com\\\/#organization\",\"name\":\"Agitator\",\"url\":\"https:\\\/\\\/agitatordistillery.com\\\/\",\"logo\":{\"@type\":\"ImageObject\",\"inLanguage\":\"sv-SE\",\"@id\":\"https:\\\/\\\/agitatordistillery.com\\\/#\\\/schema\\\/logo\\\/image\\\/\",\"url\":\"https:\\\/\\\/agitatordistillery.com\\\/wp-content\\\/uploads\\\/2021\\\/10\\\/Agitator_Logotyp_2021_Small_Pos.png\",\"contentUrl\":\"https:\\\/\\\/agitatordistillery.com\\\/wp-content\\\/uploads\\\/2021\\\/10\\\/Agitator_Logotyp_2021_Small_Pos.png\",\"width\":360,\"height\":200,\"caption\":\"Agitator\"},\"image\":{\"@id\":\"https:\\\/\\\/agitatordistillery.com\\\/#\\\/schema\\\/logo\\\/image\\\/\"},\"sameAs\":[\"https:\\\/\\\/www.facebook.com\\\/Agitator.Whisky\",\"https:\\\/\\\/www.instagram.com\\\/agitator.whisky\\\/\",\"https:\\\/\\\/www.linkedin.com\\\/company\\\/agitator-whisky\\\/\",\"https:\\\/\\\/www.youtube.com\\\/channel\\\/UCuOnjXGpTaL1-NXFXL5ZHtg\"]}]}<\/script>\n<!-- \/ Yoast SEO plugin. -->","yoast_head_json":{"title":"Samarbeten - Agitator","description":"F\u00f6rutom de produkter vi s\u00e4ljer under v\u00e5rt eget varum\u00e4rke g\u00f6r vi samarbeten med andra f\u00f6retag d\u00e4r vi skapar och buteljerar whisky \u00e5t andra.","robots":{"index":"index","follow":"follow","max-snippet":"max-snippet:-1","max-image-preview":"max-image-preview:large","max-video-preview":"max-video-preview:-1"},"canonical":"https:\/\/agitatordistillery.com\/sv_se\/samarbeten\/","og_locale":"sv_SE","og_type":"article","og_title":"Samarbeten - Agitator","og_description":"F\u00f6rutom de produkter vi s\u00e4ljer under v\u00e5rt eget varum\u00e4rke g\u00f6r vi samarbeten med andra f\u00f6retag d\u00e4r vi skapar och buteljerar whisky \u00e5t andra.","og_url":"https:\/\/agitatordistillery.com\/sv_se\/samarbeten\/","og_site_name":"Agitator","article_publisher":"https:\/\/www.facebook.com\/Agitator.Whisky","article_modified_time":"2026-03-16T11:36:42+00:00","og_image":[{"width":800,"height":374,"url":"https:\/\/agitatordistillery.com\/wp-content\/uploads\/2022\/05\/Selected_malts.png","type":"image\/png"}],"twitter_card":"summary_large_image","twitter_misc":{"Ber\u00e4knad l\u00e4stid":"4 minuter"},"schema":{"@context":"https:\/\/schema.org","@graph":[{"@type":"WebPage","@id":"https:\/\/agitatordistillery.com\/sv_se\/samarbeten\/","url":"https:\/\/agitatordistillery.com\/sv_se\/samarbeten\/","name":"Samarbeten - Agitator","isPartOf":{"@id":"https:\/\/agitatordistillery.com\/#website"},"primaryImageOfPage":{"@id":"https:\/\/agitatordistillery.com\/sv_se\/samarbeten\/#primaryimage"},"image":{"@id":"https:\/\/agitatordistillery.com\/sv_se\/samarbeten\/#primaryimage"},"thumbnailUrl":"https:\/\/agitatordistillery.com\/wp-content\/uploads\/2022\/05\/Selected_malts.png","datePublished":"2022-04-24T08:53:37+00:00","dateModified":"2026-03-16T11:36:42+00:00","description":"F\u00f6rutom de produkter vi s\u00e4ljer under v\u00e5rt eget varum\u00e4rke g\u00f6r vi samarbeten med andra f\u00f6retag d\u00e4r vi skapar och buteljerar whisky \u00e5t andra.","breadcrumb":{"@id":"https:\/\/agitatordistillery.com\/sv_se\/samarbeten\/#breadcrumb"},"inLanguage":"sv-SE","potentialAction":[{"@type":"ReadAction","target":["https:\/\/agitatordistillery.com\/sv_se\/samarbeten\/"]}]},{"@type":"ImageObject","inLanguage":"sv-SE","@id":"https:\/\/agitatordistillery.com\/sv_se\/samarbeten\/#primaryimage","url":"https:\/\/agitatordistillery.com\/wp-content\/uploads\/2022\/05\/Selected_malts.png","contentUrl":"https:\/\/agitatordistillery.com\/wp-content\/uploads\/2022\/05\/Selected_malts.png","width":800,"height":374},{"@type":"BreadcrumbList","@id":"https:\/\/agitatordistillery.com\/sv_se\/samarbeten\/#breadcrumb","itemListElement":[{"@type":"ListItem","position":1,"name":"Hem","item":"https:\/\/agitatordistillery.com\/"},{"@type":"ListItem","position":2,"name":"Samarbeten"}]},{"@type":"WebSite","@id":"https:\/\/agitatordistillery.com\/#website","url":"https:\/\/agitatordistillery.com\/","name":"Agitator","description":"The Swedish Distillery","publisher":{"@id":"https:\/\/agitatordistillery.com\/#organization"},"potentialAction":[{"@type":"SearchAction","target":{"@type":"EntryPoint","urlTemplate":"https:\/\/agitatordistillery.com\/?s={search_term_string}"},"query-input":{"@type":"PropertyValueSpecification","valueRequired":true,"valueName":"search_term_string"}}],"inLanguage":"sv-SE"},{"@type":"Organization","@id":"https:\/\/agitatordistillery.com\/#organization","name":"Agitator","url":"https:\/\/agitatordistillery.com\/","logo":{"@type":"ImageObject","inLanguage":"sv-SE","@id":"https:\/\/agitatordistillery.com\/#\/schema\/logo\/image\/","url":"https:\/\/agitatordistillery.com\/wp-content\/uploads\/2021\/10\/Agitator_Logotyp_2021_Small_Pos.png","contentUrl":"https:\/\/agitatordistillery.com\/wp-content\/uploads\/2021\/10\/Agitator_Logotyp_2021_Small_Pos.png","width":360,"height":200,"caption":"Agitator"},"image":{"@id":"https:\/\/agitatordistillery.com\/#\/schema\/logo\/image\/"},"sameAs":["https:\/\/www.facebook.com\/Agitator.Whisky","https:\/\/www.instagram.com\/agitator.whisky\/","https:\/\/www.linkedin.com\/company\/agitator-whisky\/","https:\/\/www.youtube.com\/channel\/UCuOnjXGpTaL1-NXFXL5ZHtg"]}]}},"_links":{"self":[{"href":"https:\/\/agitatordistillery.com\/sv_se\/wp-json\/wp\/v2\/pages\/1631","targetHints":{"allow":["GET"]}}],"collection":[{"href":"https:\/\/agitatordistillery.com\/sv_se\/wp-json\/wp\/v2\/pages"}],"about":[{"href":"https:\/\/agitatordistillery.com\/sv_se\/wp-json\/wp\/v2\/types\/page"}],"author":[{"embeddable":true,"href":"https:\/\/agitatordistillery.com\/sv_se\/wp-json\/wp\/v2\/users\/6"}],"replies":[{"embeddable":true,"href":"https:\/\/agitatordistillery.com\/sv_se\/wp-json\/wp\/v2\/comments?post=1631"}],"version-history":[{"count":13,"href":"https:\/\/agitatordistillery.com\/sv_se\/wp-json\/wp\/v2\/pages\/1631\/revisions"}],"predecessor-version":[{"id":4367,"href":"https:\/\/agitatordistillery.com\/sv_se\/wp-json\/wp\/v2\/pages\/1631\/revisions\/4367"}],"wp:featuredmedia":[{"embeddable":true,"href":"https:\/\/agitatordistillery.com\/sv_se\/wp-json\/wp\/v2\/media\/1674"}],"wp:attachment":[{"href":"https:\/\/agitatordistillery.com\/sv_se\/wp-json\/wp\/v2\/media?parent=1631"}],"curies":[{"name":"wp","href":"https:\/\/api.w.org\/{rel}","templated":true}]}}