{"id":4106,"date":"2025-10-03T22:02:50","date_gmt":"2025-10-03T20:02:50","guid":{"rendered":"https:\/\/agitatordistillery.com\/?page_id=4106"},"modified":"2026-04-15T16:58:20","modified_gmt":"2026-04-15T14:58:20","slug":"rum","status":"publish","type":"page","link":"https:\/\/agitatordistillery.com\/en\/rum\/","title":{"rendered":"Rum"},"content":{"rendered":"<h2>\n\t\t\tcore range rum\t<\/h2>\n\t<p>V\u00e5rt k\u00e4rnsortiment av rom best\u00e5r av bepr\u00f6vade och p\u00e5litliga spritsorter &#8211; de du \u00e4lskar och alltid kommer att ha i ditt sk\u00e5p<\/p>\n<figure itemscope itemtype=\"https:\/\/schema.org\/ImageObject\">\n\t\t\t\t<a href=\"https:\/\/agitatordistillery.com\/en\/special-dry-rum\/\"  target=\"_self\" itemprop=\"url\">\n\t\t\t\t<img decoding=\"async\" data-src=\"https:\/\/agitatordistillery.com\/wp-content\/uploads\/2025\/10\/Special-Dry-Rum-frilagd-scaled.png\" alt=\"Special Dry Rum frilagd\" height=\"2560\" width=\"1440\" title=\"Special Dry Rum frilagd\" onerror=\"this.style.display='none'\" loading=\"lazy\" src=\"data:image\/gif;base64,R0lGODlhAQABAAAAACH5BAEKAAEALAAAAAABAAEAAAICTAEAOw==\" class=\"lazyload\" style=\"--smush-placeholder-width: 1440px; --smush-placeholder-aspect-ratio: 1440\/2560;\" \/><noscript><img decoding=\"async\" src=\"https:\/\/agitatordistillery.com\/wp-content\/uploads\/2025\/10\/Special-Dry-Rum-frilagd-scaled.png\" alt=\"Special Dry Rum frilagd\" height=\"2560\" width=\"1440\" title=\"Special Dry Rum frilagd\" onerror=\"this.style.display='none'\" loading=\"lazy\" \/><\/noscript>\n\t\t\t\t<\/a>\n\t<\/figure>\n\t<h4>SPECIAL DRY RUM<\/h4>\n\t\t\t<a href=\"https:\/\/agitatordistillery.com\/en\/special-dry-rum\/\"  target=\"_self\">\n\t\t\t\t\t\t\tWant to know more\n\t\t\t<\/a>\n\t\t\t<a href=\"#\"  target=\"_blank\" rel=\"noopener\">\n\t\t\t\t\t\t\tORDER HERE\n\t\t\t<\/a>\n<figure itemscope itemtype=\"https:\/\/schema.org\/ImageObject\">\n\t\t\t\t<a href=\"https:\/\/agitatordistillery.com\/en\/chestnut-reserve\/\"  target=\"_self\" itemprop=\"url\">\n\t\t\t\t<img decoding=\"async\" data-src=\"https:\/\/agitatordistillery.com\/wp-content\/uploads\/2024\/07\/Agitator_RUM_Frilagd_Highres_3777-copy.png\" alt=\"Agitator_RUM_Frilagd_Highres_3777 copy\" height=\"2560\" width=\"864\" title=\"Agitator_RUM_Frilagd_Highres_3777 copy\" onerror=\"this.style.display='none'\" loading=\"lazy\" src=\"data:image\/gif;base64,R0lGODlhAQABAAAAACH5BAEKAAEALAAAAAABAAEAAAICTAEAOw==\" class=\"lazyload\" style=\"--smush-placeholder-width: 864px; --smush-placeholder-aspect-ratio: 864\/2560;\" \/><noscript><img decoding=\"async\" src=\"https:\/\/agitatordistillery.com\/wp-content\/uploads\/2024\/07\/Agitator_RUM_Frilagd_Highres_3777-copy.png\" alt=\"Agitator_RUM_Frilagd_Highres_3777 copy\" height=\"2560\" width=\"864\" title=\"Agitator_RUM_Frilagd_Highres_3777 copy\" onerror=\"this.style.display='none'\" loading=\"lazy\" \/><\/noscript>\n\t\t\t\t<\/a>\n\t<\/figure>\n\t<h4>CHESTNUT RESERVE RUM<\/h4>\n\t\t\t<a href=\"https:\/\/agitatordistillery.com\/en\/chestnut-reserve\/\"  target=\"_self\">\n\t\t\t\t\t\t\tWant to know more\n\t\t\t<\/a>\n\t\t\t<a href=\"https:\/\/www.systembolaget.se\/produkt\/sprit\/agitator-8413601\/\"  target=\"_blank\" rel=\"noopener\">\n\t\t\t\t\t\t\tORDER HERE\n\t\t\t<\/a>\n<h2>\n\t\t\targument\t<\/h2>\n<figure itemscope itemtype=\"https:\/\/schema.org\/ImageObject\">\n\t\t\t\t<a href=\"https:\/\/agitatordistillery.com\/en\/argument-hickory-rum\/\"  target=\"_self\" itemprop=\"url\">\n\t\t\t\t<img decoding=\"async\" data-src=\"https:\/\/agitatordistillery.com\/wp-content\/uploads\/2025\/05\/Agitator_Hickory_Rum_0220_Frilagd_2880px-scaled.png\" alt=\"Agitator_Hickory_Rum_0220_Frilagd_2880px\" height=\"2560\" width=\"1440\" title=\"Agitator_Hickory_Rum_0220_Frilagd_2880px\" onerror=\"this.style.display='none'\" loading=\"lazy\" src=\"data:image\/gif;base64,R0lGODlhAQABAAAAACH5BAEKAAEALAAAAAABAAEAAAICTAEAOw==\" class=\"lazyload\" style=\"--smush-placeholder-width: 1440px; --smush-placeholder-aspect-ratio: 1440\/2560;\" \/><noscript><img decoding=\"async\" src=\"https:\/\/agitatordistillery.com\/wp-content\/uploads\/2025\/05\/Agitator_Hickory_Rum_0220_Frilagd_2880px-scaled.png\" alt=\"Agitator_Hickory_Rum_0220_Frilagd_2880px\" height=\"2560\" width=\"1440\" title=\"Agitator_Hickory_Rum_0220_Frilagd_2880px\" onerror=\"this.style.display='none'\" loading=\"lazy\" \/><\/noscript>\n\t\t\t\t<\/a>\n\t<\/figure>\n\t<h4>ARGUMENT: HICKORY RUM<\/h4>\n\t\t\t<a href=\"https:\/\/agitatordistillery.com\/en\/argument-hickory-rum\/\"  target=\"_self\">\n\t\t\t\t\t\t\tWant to know more\n\t\t\t<\/a>\n\t\t\t<a href=\"https:\/\/www.systembolaget.se\/produkt\/sprit\/agitator-8702002\/\"  target=\"_blank\" rel=\"noopener\">\n\t\t\t\t\t\t\tORDER HERE\n\t\t\t<\/a>\n<h2>\n\t\t\tEVIDENS\t<\/h2>\n<figure itemscope itemtype=\"https:\/\/schema.org\/ImageObject\">\n\t\t\t\t<img decoding=\"async\" data-src=\"https:\/\/agitatordistillery.com\/wp-content\/uploads\/2026\/04\/agitator-sauternes-cask-681x1536.png\" alt=\"agitator-sauternes-cask\" height=\"1536\" width=\"681\" title=\"agitator-sauternes-cask\" onerror=\"this.style.display='none'\" loading=\"lazy\" src=\"data:image\/gif;base64,R0lGODlhAQABAAAAACH5BAEKAAEALAAAAAABAAEAAAICTAEAOw==\" class=\"lazyload\" style=\"--smush-placeholder-width: 681px; --smush-placeholder-aspect-ratio: 681\/1536;\" \/><noscript><img decoding=\"async\" src=\"https:\/\/agitatordistillery.com\/wp-content\/uploads\/2026\/04\/agitator-sauternes-cask-681x1536.png\" alt=\"agitator-sauternes-cask\" height=\"1536\" width=\"681\" title=\"agitator-sauternes-cask\" onerror=\"this.style.display='none'\" loading=\"lazy\" \/><\/noscript>\n\t<\/figure>\n\t<h4>EVIDENS SAUTERNES CASK RUM<\/h4>\n\t\t\t<a href=\"https:\/\/agitatordistillery.com\/en\/evidens-sauternes-cask\/\"  target=\"_self\">\n\t\t\t\t\t\t\tWant to know more\n\t\t\t<\/a>\n\t\t\t<a href=\"https:\/\/www.amazon.co.uk\/dp\/B0CB6T9D8C?maas=maas_adg_BC975B43D892E1F32C61BCA53277FFC3_afap_abs&amp;ref_=aa_maas&amp;tag=maas\"  target=\"_blank\" rel=\"noopener\">\n\t\t\t\t\t\t\tORDER HERE\n\t\t\t<\/a>\n<h2>\n\t\t\tclub agitator\t<\/h2>\n\t<p>Want to get an insight into everyday life at the distillery, know about our upcoming launches before everyone else, or how Oskar Bruno drinks his whisky on weekends? Come to Club Agitator, where you get all that and much more. Become part of the Agitator community.<\/p>\n\t\t\t<a href=\"https:\/\/club-agitator.mn.co\"  target=\"_blank\" rel=\"noopener\">\n\t\t\t\t\t\t\tJOIN THE CLUB\n\t\t\t\t\t<\/a>","protected":false},"excerpt":{"rendered":"<p>core range rum V\u00e5rt k\u00e4rnsortiment av rom best\u00e5r av bepr\u00f6vade och p\u00e5litliga spritsorter &#8211; de du \u00e4lskar och alltid kommer att ha i ditt sk\u00e5p SPECIAL DRY RUM Vill du veta mer BEST\u00c4LL H\u00c4R CHESTNUT RESERVE RUM Vill du veta mer BEST\u00c4LL H\u00c4R argument ARGUMENT: HICKORY RUM Vill du veta mer BEST\u00c4LL H\u00c4R EVIDENS EVIDENS&hellip;<\/p>","protected":false},"author":17,"featured_media":2721,"parent":0,"menu_order":0,"comment_status":"closed","ping_status":"closed","template":"","meta":{"_monsterinsights_skip_tracking":false,"_monsterinsights_sitenote_active":false,"_monsterinsights_sitenote_note":"","_monsterinsights_sitenote_category":0,"footnotes":""},"class_list":["post-4106","page","type-page","status-publish","has-post-thumbnail","hentry"],"yoast_head":"<!-- This site is optimized with the Yoast SEO plugin v27.4 - https:\/\/yoast.com\/product\/yoast-seo-wordpress\/ -->\n<title>Rum - Agitator<\/title>\n<meta name=\"description\" content=\"Alla v\u00e5r whisky \u00e4r vakuumdestillerad och har blandats och lagrats p\u00e5 v\u00e5rt destilleri i Arboga. P\u00e5 Agitator g\u00f6r vi ny och intressant whisky.\" \/>\n<meta name=\"robots\" content=\"index, follow, max-snippet:-1, max-image-preview:large, max-video-preview:-1\" \/>\n<link rel=\"canonical\" href=\"https:\/\/agitatordistillery.com\/en\/rum\/\" \/>\n<meta property=\"og:locale\" content=\"en_GB\" \/>\n<meta property=\"og:type\" content=\"article\" \/>\n<meta property=\"og:title\" content=\"Rum - Agitator\" \/>\n<meta property=\"og:description\" content=\"Alla v\u00e5r whisky \u00e4r vakuumdestillerad och har blandats och lagrats p\u00e5 v\u00e5rt destilleri i Arboga. P\u00e5 Agitator g\u00f6r vi ny och intressant whisky.\" \/>\n<meta property=\"og:url\" content=\"https:\/\/agitatordistillery.com\/en\/rum\/\" \/>\n<meta property=\"og:site_name\" content=\"Agitator\" \/>\n<meta property=\"article:publisher\" content=\"https:\/\/www.facebook.com\/Agitator.Whisky\" \/>\n<meta property=\"article:modified_time\" content=\"2026-04-15T14:58:20+00:00\" \/>\n<meta property=\"og:image\" content=\"https:\/\/agitatordistillery.com\/wp-content\/uploads\/2024\/05\/Agitator_Amazon_2024_3375_2880px-copy.jpg\" \/>\n\t<meta property=\"og:image:width\" content=\"2560\" \/>\n\t<meta property=\"og:image:height\" content=\"2048\" \/>\n\t<meta property=\"og:image:type\" content=\"image\/jpeg\" \/>\n<meta name=\"twitter:card\" content=\"summary_large_image\" \/>\n<meta name=\"twitter:label1\" content=\"Estimated reading time\" \/>\n\t<meta name=\"twitter:data1\" content=\"1 minute\" \/>\n<script type=\"application\/ld+json\" class=\"yoast-schema-graph\">{\"@context\":\"https:\\\/\\\/schema.org\",\"@graph\":[{\"@type\":\"WebPage\",\"@id\":\"https:\\\/\\\/agitatordistillery.com\\\/sv_se\\\/rum\\\/\",\"url\":\"https:\\\/\\\/agitatordistillery.com\\\/sv_se\\\/rum\\\/\",\"name\":\"Rum - Agitator\",\"isPartOf\":{\"@id\":\"https:\\\/\\\/agitatordistillery.com\\\/#website\"},\"primaryImageOfPage\":{\"@id\":\"https:\\\/\\\/agitatordistillery.com\\\/sv_se\\\/rum\\\/#primaryimage\"},\"image\":{\"@id\":\"https:\\\/\\\/agitatordistillery.com\\\/sv_se\\\/rum\\\/#primaryimage\"},\"thumbnailUrl\":\"https:\\\/\\\/agitatordistillery.com\\\/wp-content\\\/uploads\\\/2024\\\/05\\\/Agitator_Amazon_2024_3375_2880px-copy.jpg\",\"datePublished\":\"2025-10-03T20:02:50+00:00\",\"dateModified\":\"2026-04-15T14:58:20+00:00\",\"description\":\"Alla v\u00e5r whisky \u00e4r vakuumdestillerad och har blandats och lagrats p\u00e5 v\u00e5rt destilleri i Arboga. P\u00e5 Agitator g\u00f6r vi ny och intressant whisky.\",\"breadcrumb\":{\"@id\":\"https:\\\/\\\/agitatordistillery.com\\\/sv_se\\\/rum\\\/#breadcrumb\"},\"inLanguage\":\"en-GB\",\"potentialAction\":[{\"@type\":\"ReadAction\",\"target\":[\"https:\\\/\\\/agitatordistillery.com\\\/sv_se\\\/rum\\\/\"]}]},{\"@type\":\"ImageObject\",\"inLanguage\":\"en-GB\",\"@id\":\"https:\\\/\\\/agitatordistillery.com\\\/sv_se\\\/rum\\\/#primaryimage\",\"url\":\"https:\\\/\\\/agitatordistillery.com\\\/wp-content\\\/uploads\\\/2024\\\/05\\\/Agitator_Amazon_2024_3375_2880px-copy.jpg\",\"contentUrl\":\"https:\\\/\\\/agitatordistillery.com\\\/wp-content\\\/uploads\\\/2024\\\/05\\\/Agitator_Amazon_2024_3375_2880px-copy.jpg\",\"width\":2560,\"height\":2048},{\"@type\":\"BreadcrumbList\",\"@id\":\"https:\\\/\\\/agitatordistillery.com\\\/sv_se\\\/rum\\\/#breadcrumb\",\"itemListElement\":[{\"@type\":\"ListItem\",\"position\":1,\"name\":\"Hem\",\"item\":\"https:\\\/\\\/agitatordistillery.com\\\/sv_se\\\/\"},{\"@type\":\"ListItem\",\"position\":2,\"name\":\"Rum\"}]},{\"@type\":\"WebSite\",\"@id\":\"https:\\\/\\\/agitatordistillery.com\\\/#website\",\"url\":\"https:\\\/\\\/agitatordistillery.com\\\/\",\"name\":\"Agitator\",\"description\":\"The Swedish Distillery\",\"publisher\":{\"@id\":\"https:\\\/\\\/agitatordistillery.com\\\/#organization\"},\"potentialAction\":[{\"@type\":\"SearchAction\",\"target\":{\"@type\":\"EntryPoint\",\"urlTemplate\":\"https:\\\/\\\/agitatordistillery.com\\\/?s={search_term_string}\"},\"query-input\":{\"@type\":\"PropertyValueSpecification\",\"valueRequired\":true,\"valueName\":\"search_term_string\"}}],\"inLanguage\":\"en-GB\"},{\"@type\":\"Organization\",\"@id\":\"https:\\\/\\\/agitatordistillery.com\\\/#organization\",\"name\":\"Agitator\",\"url\":\"https:\\\/\\\/agitatordistillery.com\\\/\",\"logo\":{\"@type\":\"ImageObject\",\"inLanguage\":\"en-GB\",\"@id\":\"https:\\\/\\\/agitatordistillery.com\\\/#\\\/schema\\\/logo\\\/image\\\/\",\"url\":\"https:\\\/\\\/agitatordistillery.com\\\/wp-content\\\/uploads\\\/2021\\\/10\\\/Agitator_Logotyp_2021_Small_Pos.png\",\"contentUrl\":\"https:\\\/\\\/agitatordistillery.com\\\/wp-content\\\/uploads\\\/2021\\\/10\\\/Agitator_Logotyp_2021_Small_Pos.png\",\"width\":360,\"height\":200,\"caption\":\"Agitator\"},\"image\":{\"@id\":\"https:\\\/\\\/agitatordistillery.com\\\/#\\\/schema\\\/logo\\\/image\\\/\"},\"sameAs\":[\"https:\\\/\\\/www.facebook.com\\\/Agitator.Whisky\",\"https:\\\/\\\/www.instagram.com\\\/agitator.whisky\\\/\",\"https:\\\/\\\/www.linkedin.com\\\/company\\\/agitator-whisky\\\/\",\"https:\\\/\\\/www.youtube.com\\\/channel\\\/UCuOnjXGpTaL1-NXFXL5ZHtg\"]}]}<\/script>\n<!-- \/ Yoast SEO plugin. -->","yoast_head_json":{"title":"Rum - Agitator","description":"Alla v\u00e5r whisky \u00e4r vakuumdestillerad och har blandats och lagrats p\u00e5 v\u00e5rt destilleri i Arboga. P\u00e5 Agitator g\u00f6r vi ny och intressant whisky.","robots":{"index":"index","follow":"follow","max-snippet":"max-snippet:-1","max-image-preview":"max-image-preview:large","max-video-preview":"max-video-preview:-1"},"canonical":"https:\/\/agitatordistillery.com\/en\/rum\/","og_locale":"en_GB","og_type":"article","og_title":"Rum - Agitator","og_description":"Alla v\u00e5r whisky \u00e4r vakuumdestillerad och har blandats och lagrats p\u00e5 v\u00e5rt destilleri i Arboga. P\u00e5 Agitator g\u00f6r vi ny och intressant whisky.","og_url":"https:\/\/agitatordistillery.com\/en\/rum\/","og_site_name":"Agitator","article_publisher":"https:\/\/www.facebook.com\/Agitator.Whisky","article_modified_time":"2026-04-15T14:58:20+00:00","og_image":[{"width":2560,"height":2048,"url":"https:\/\/agitatordistillery.com\/wp-content\/uploads\/2024\/05\/Agitator_Amazon_2024_3375_2880px-copy.jpg","type":"image\/jpeg"}],"twitter_card":"summary_large_image","twitter_misc":{"Estimated reading time":"1 minute"},"schema":{"@context":"https:\/\/schema.org","@graph":[{"@type":"WebPage","@id":"https:\/\/agitatordistillery.com\/sv_se\/rum\/","url":"https:\/\/agitatordistillery.com\/sv_se\/rum\/","name":"Rum - Agitator","isPartOf":{"@id":"https:\/\/agitatordistillery.com\/#website"},"primaryImageOfPage":{"@id":"https:\/\/agitatordistillery.com\/sv_se\/rum\/#primaryimage"},"image":{"@id":"https:\/\/agitatordistillery.com\/sv_se\/rum\/#primaryimage"},"thumbnailUrl":"https:\/\/agitatordistillery.com\/wp-content\/uploads\/2024\/05\/Agitator_Amazon_2024_3375_2880px-copy.jpg","datePublished":"2025-10-03T20:02:50+00:00","dateModified":"2026-04-15T14:58:20+00:00","description":"Alla v\u00e5r whisky \u00e4r vakuumdestillerad och har blandats och lagrats p\u00e5 v\u00e5rt destilleri i Arboga. P\u00e5 Agitator g\u00f6r vi ny och intressant whisky.","breadcrumb":{"@id":"https:\/\/agitatordistillery.com\/sv_se\/rum\/#breadcrumb"},"inLanguage":"en-GB","potentialAction":[{"@type":"ReadAction","target":["https:\/\/agitatordistillery.com\/sv_se\/rum\/"]}]},{"@type":"ImageObject","inLanguage":"en-GB","@id":"https:\/\/agitatordistillery.com\/sv_se\/rum\/#primaryimage","url":"https:\/\/agitatordistillery.com\/wp-content\/uploads\/2024\/05\/Agitator_Amazon_2024_3375_2880px-copy.jpg","contentUrl":"https:\/\/agitatordistillery.com\/wp-content\/uploads\/2024\/05\/Agitator_Amazon_2024_3375_2880px-copy.jpg","width":2560,"height":2048},{"@type":"BreadcrumbList","@id":"https:\/\/agitatordistillery.com\/sv_se\/rum\/#breadcrumb","itemListElement":[{"@type":"ListItem","position":1,"name":"Hem","item":"https:\/\/agitatordistillery.com\/sv_se\/"},{"@type":"ListItem","position":2,"name":"Rum"}]},{"@type":"WebSite","@id":"https:\/\/agitatordistillery.com\/#website","url":"https:\/\/agitatordistillery.com\/","name":"Agitator","description":"The Swedish Distillery","publisher":{"@id":"https:\/\/agitatordistillery.com\/#organization"},"potentialAction":[{"@type":"SearchAction","target":{"@type":"EntryPoint","urlTemplate":"https:\/\/agitatordistillery.com\/?s={search_term_string}"},"query-input":{"@type":"PropertyValueSpecification","valueRequired":true,"valueName":"search_term_string"}}],"inLanguage":"en-GB"},{"@type":"Organization","@id":"https:\/\/agitatordistillery.com\/#organization","name":"Agitator","url":"https:\/\/agitatordistillery.com\/","logo":{"@type":"ImageObject","inLanguage":"en-GB","@id":"https:\/\/agitatordistillery.com\/#\/schema\/logo\/image\/","url":"https:\/\/agitatordistillery.com\/wp-content\/uploads\/2021\/10\/Agitator_Logotyp_2021_Small_Pos.png","contentUrl":"https:\/\/agitatordistillery.com\/wp-content\/uploads\/2021\/10\/Agitator_Logotyp_2021_Small_Pos.png","width":360,"height":200,"caption":"Agitator"},"image":{"@id":"https:\/\/agitatordistillery.com\/#\/schema\/logo\/image\/"},"sameAs":["https:\/\/www.facebook.com\/Agitator.Whisky","https:\/\/www.instagram.com\/agitator.whisky\/","https:\/\/www.linkedin.com\/company\/agitator-whisky\/","https:\/\/www.youtube.com\/channel\/UCuOnjXGpTaL1-NXFXL5ZHtg"]}]}},"_links":{"self":[{"href":"https:\/\/agitatordistillery.com\/en\/wp-json\/wp\/v2\/pages\/4106","targetHints":{"allow":["GET"]}}],"collection":[{"href":"https:\/\/agitatordistillery.com\/en\/wp-json\/wp\/v2\/pages"}],"about":[{"href":"https:\/\/agitatordistillery.com\/en\/wp-json\/wp\/v2\/types\/page"}],"author":[{"embeddable":true,"href":"https:\/\/agitatordistillery.com\/en\/wp-json\/wp\/v2\/users\/17"}],"replies":[{"embeddable":true,"href":"https:\/\/agitatordistillery.com\/en\/wp-json\/wp\/v2\/comments?post=4106"}],"version-history":[{"count":28,"href":"https:\/\/agitatordistillery.com\/en\/wp-json\/wp\/v2\/pages\/4106\/revisions"}],"predecessor-version":[{"id":4420,"href":"https:\/\/agitatordistillery.com\/en\/wp-json\/wp\/v2\/pages\/4106\/revisions\/4420"}],"wp:featuredmedia":[{"embeddable":true,"href":"https:\/\/agitatordistillery.com\/en\/wp-json\/wp\/v2\/media\/2721"}],"wp:attachment":[{"href":"https:\/\/agitatordistillery.com\/en\/wp-json\/wp\/v2\/media?parent=4106"}],"curies":[{"name":"wp","href":"https:\/\/api.w.org\/{rel}","templated":true}]}}