{"id":3480,"date":"2025-01-17T11:07:06","date_gmt":"2025-01-17T10:07:06","guid":{"rendered":"https:\/\/agitatordistillery.com\/?page_id=3480"},"modified":"2025-05-14T15:27:27","modified_gmt":"2025-05-14T13:27:27","slug":"argument-sherry-butt","status":"publish","type":"page","link":"https:\/\/agitatordistillery.com\/en\/argument-sherry-butt\/","title":{"rendered":"Argument: Sherry Butt"},"content":{"rendered":"<a href=\"https:\/\/www.systembolaget.se\/produkt\/sprit\/agitator-8404901\" target=\"_blank\" rel=\"noopener\">\n\t\t\t\t\t\t\tTo Systembolaget\n\t\t\t\t\t<\/a>\n<h2>\n\t\t\tABOUT\t<\/h2>\n\t<p>What if we could push the boundaries of whisky and create something unexpected?<\/p>\n<p>Argument: Sherry Butt is the result of that very ambition. A whisky that combines subtle sweetness and rich sherry tones with the smoky character of the distillate. The result is a whisky that is both surprising and balanced, perfect for those who want to discover something new without compromising on quality. This Argument wins all discussions.<\/p>\n<h2>\n\t\t\tTASTING NOTES\t<\/h2>\n\t<h3>NOSE<\/h3>\n<p>This whisky offers a subtle smokiness with hints of dried fruit, raisins, orange blossom, and a touch of lemon zest.<\/p>\n<h3>TASTE<\/h3>\n<p>A smoky whisky with balanced sweetness, where light notes of raisins, dates, and hay blend with a subtle vanilla tone. A complex flavor profile that delivers both warmth and elegance.<\/p>\n\t\t\t\t<a href=\"https:\/\/www.systembolaget.se\/produkt\/sprit\/agitator-8404901\/\"  target=\"_self\" itemprop=\"url\">\n\t\t\t\t<img decoding=\"async\" data-src=\"https:\/\/agitatordistillery.com\/wp-content\/uploads\/2024\/12\/Agitator_Sherry_Butt_4664_Frilagd_2880px.png\" alt=\"Agitator_Sherry_Butt_4664_Frilagd_2880px\" itemprop=\"image\" height=\"2560\" width=\"1829\" title=\"Agitator_Sherry_Butt_4664_Frilagd_2880px\" onerror=\"this.style.display='none'\" loading='lazy' src=\"data:image\/gif;base64,R0lGODlhAQABAAAAACH5BAEKAAEALAAAAAABAAEAAAICTAEAOw==\" class=\"lazyload\" style=\"--smush-placeholder-width: 1829px; --smush-placeholder-aspect-ratio: 1829\/2560;\" \/><noscript><img decoding=\"async\" src=\"https:\/\/agitatordistillery.com\/wp-content\/uploads\/2024\/12\/Agitator_Sherry_Butt_4664_Frilagd_2880px.png\" alt=\"Agitator_Sherry_Butt_4664_Frilagd_2880px\" itemprop=\"image\" height=\"2560\" width=\"1829\" title=\"Agitator_Sherry_Butt_4664_Frilagd_2880px\" onerror=\"this.style.display='none'\" loading='lazy' \/><\/noscript>\n\t\t\t\t<\/a>\n\t\t\t<a href=\"https:\/\/agitatordistillery.com\/en\/whiskyn\/\" target=\"_self\">\n\t\t\t\t\t\t\tWhisky\n\t\t\t\t\t<\/a>\n\t\t\t<a href=\"https:\/\/agitatordistillery.com\/en\/merch\/\" target=\"_self\">\n\t\t\t\t\t\t\tMerch\n\t\t\t\t\t<\/a>\n\t\t\t<a href=\"https:\/\/agitatordistillery.com\/en\/samarbeten\/\" target=\"_self\">\n\t\t\t\t\t\t\tCollaborations\n\t\t\t\t\t<\/a>","protected":false},"excerpt":{"rendered":"<p>Till Systembolaget OM T\u00e4nk om vi kunde t\u00e4nja p\u00e5 whiskyns gr\u00e4nser och skapa n\u00e5got ov\u00e4ntat? Argument: Sherry Butt \u00e4r resultatet av just den ambitionen. En whisky som kombinerar subtil s\u00f6tma och fylliga sherrytoner med destillatets r\u00f6kiga karakt\u00e4r. Resultatet \u00e4r en whisky som \u00e4r b\u00e5de \u00f6verraskande och balanserad, perfekt f\u00f6r dig som vill uppt\u00e4cka n\u00e5got nytt&hellip;<\/p>","protected":false},"author":6,"featured_media":0,"parent":0,"menu_order":0,"comment_status":"closed","ping_status":"closed","template":"","meta":{"footnotes":""},"class_list":["post-3480","page","type-page","status-publish","hentry"],"yoast_head":"<!-- This site is optimized with the Yoast SEO plugin v27.5 - https:\/\/yoast.com\/product\/yoast-seo-wordpress\/ -->\n<title>Argument: Sherry Butt - Agitator<\/title>\n<meta name=\"description\" content=\"Argument: Sherry Butt is a smoky whisky aged in sherry butts and Vino de Naranja hogshead casks. Agitators&#039; latest argument.\" \/>\n<meta name=\"robots\" content=\"index, follow, max-snippet:-1, max-image-preview:large, max-video-preview:-1\" \/>\n<link rel=\"canonical\" href=\"https:\/\/agitatordistillery.com\/en\/argument-sherry-butt\/\" \/>\n<meta property=\"og:locale\" content=\"en_GB\" \/>\n<meta property=\"og:type\" content=\"article\" \/>\n<meta property=\"og:title\" content=\"Argument: Sherry Butt - Agitator\" \/>\n<meta property=\"og:description\" content=\"Argument: Sherry Butt is a smoky whisky aged in sherry butts and Vino de Naranja hogshead casks. Agitators&#039; latest argument.\" \/>\n<meta property=\"og:url\" content=\"https:\/\/agitatordistillery.com\/en\/argument-sherry-butt\/\" \/>\n<meta property=\"og:site_name\" content=\"Agitator\" \/>\n<meta property=\"article:publisher\" content=\"https:\/\/www.facebook.com\/Agitator.Whisky\" \/>\n<meta property=\"article:modified_time\" content=\"2025-05-14T13:27:27+00:00\" \/>\n<meta property=\"og:image\" content=\"https:\/\/agitatordistillery.com\/wp-content\/uploads\/2024\/12\/Agitator_Sherry_Butt_4664_Frilagd_2880px.png\" \/>\n<meta name=\"twitter:card\" content=\"summary_large_image\" \/>\n<meta name=\"twitter:label1\" content=\"Estimated reading time\" \/>\n\t<meta name=\"twitter:data1\" content=\"1 minute\" \/>\n<script type=\"application\/ld+json\" class=\"yoast-schema-graph\">{\"@context\":\"https:\\\/\\\/schema.org\",\"@graph\":[{\"@type\":\"WebPage\",\"@id\":\"https:\\\/\\\/agitatordistillery.com\\\/sv_se\\\/argument-sherry-butt\\\/\",\"url\":\"https:\\\/\\\/agitatordistillery.com\\\/sv_se\\\/argument-sherry-butt\\\/\",\"name\":\"Argument: Sherry Butt - Agitator\",\"isPartOf\":{\"@id\":\"https:\\\/\\\/agitatordistillery.com\\\/#website\"},\"primaryImageOfPage\":{\"@id\":\"https:\\\/\\\/agitatordistillery.com\\\/sv_se\\\/argument-sherry-butt\\\/#primaryimage\"},\"image\":{\"@id\":\"https:\\\/\\\/agitatordistillery.com\\\/sv_se\\\/argument-sherry-butt\\\/#primaryimage\"},\"thumbnailUrl\":\"https:\\\/\\\/agitatordistillery.com\\\/wp-content\\\/uploads\\\/2024\\\/12\\\/Agitator_Sherry_Butt_4664_Frilagd_2880px.png\",\"datePublished\":\"2025-01-17T10:07:06+00:00\",\"dateModified\":\"2025-05-14T13:27:27+00:00\",\"description\":\"Argument: Sherry Butt is a smoky whisky aged in sherry butts and Vino de Naranja hogshead casks. Agitators' latest argument.\",\"breadcrumb\":{\"@id\":\"https:\\\/\\\/agitatordistillery.com\\\/sv_se\\\/argument-sherry-butt\\\/#breadcrumb\"},\"inLanguage\":\"en-GB\",\"potentialAction\":[{\"@type\":\"ReadAction\",\"target\":[\"https:\\\/\\\/agitatordistillery.com\\\/sv_se\\\/argument-sherry-butt\\\/\"]}]},{\"@type\":\"ImageObject\",\"inLanguage\":\"en-GB\",\"@id\":\"https:\\\/\\\/agitatordistillery.com\\\/sv_se\\\/argument-sherry-butt\\\/#primaryimage\",\"url\":\"https:\\\/\\\/agitatordistillery.com\\\/wp-content\\\/uploads\\\/2024\\\/12\\\/Agitator_Sherry_Butt_4664_Frilagd_2880px.png\",\"contentUrl\":\"https:\\\/\\\/agitatordistillery.com\\\/wp-content\\\/uploads\\\/2024\\\/12\\\/Agitator_Sherry_Butt_4664_Frilagd_2880px.png\"},{\"@type\":\"BreadcrumbList\",\"@id\":\"https:\\\/\\\/agitatordistillery.com\\\/sv_se\\\/argument-sherry-butt\\\/#breadcrumb\",\"itemListElement\":[{\"@type\":\"ListItem\",\"position\":1,\"name\":\"Hem\",\"item\":\"https:\\\/\\\/agitatordistillery.com\\\/\"},{\"@type\":\"ListItem\",\"position\":2,\"name\":\"Argument: Sherry Butt\"}]},{\"@type\":\"WebSite\",\"@id\":\"https:\\\/\\\/agitatordistillery.com\\\/#website\",\"url\":\"https:\\\/\\\/agitatordistillery.com\\\/\",\"name\":\"Agitator\",\"description\":\"The Swedish Distillery\",\"publisher\":{\"@id\":\"https:\\\/\\\/agitatordistillery.com\\\/#organization\"},\"potentialAction\":[{\"@type\":\"SearchAction\",\"target\":{\"@type\":\"EntryPoint\",\"urlTemplate\":\"https:\\\/\\\/agitatordistillery.com\\\/?s={search_term_string}\"},\"query-input\":{\"@type\":\"PropertyValueSpecification\",\"valueRequired\":true,\"valueName\":\"search_term_string\"}}],\"inLanguage\":\"en-GB\"},{\"@type\":\"Organization\",\"@id\":\"https:\\\/\\\/agitatordistillery.com\\\/#organization\",\"name\":\"Agitator\",\"url\":\"https:\\\/\\\/agitatordistillery.com\\\/\",\"logo\":{\"@type\":\"ImageObject\",\"inLanguage\":\"en-GB\",\"@id\":\"https:\\\/\\\/agitatordistillery.com\\\/#\\\/schema\\\/logo\\\/image\\\/\",\"url\":\"https:\\\/\\\/agitatordistillery.com\\\/wp-content\\\/uploads\\\/2021\\\/10\\\/Agitator_Logotyp_2021_Small_Pos.png\",\"contentUrl\":\"https:\\\/\\\/agitatordistillery.com\\\/wp-content\\\/uploads\\\/2021\\\/10\\\/Agitator_Logotyp_2021_Small_Pos.png\",\"width\":360,\"height\":200,\"caption\":\"Agitator\"},\"image\":{\"@id\":\"https:\\\/\\\/agitatordistillery.com\\\/#\\\/schema\\\/logo\\\/image\\\/\"},\"sameAs\":[\"https:\\\/\\\/www.facebook.com\\\/Agitator.Whisky\",\"https:\\\/\\\/www.instagram.com\\\/agitator.whisky\\\/\",\"https:\\\/\\\/www.linkedin.com\\\/company\\\/agitator-whisky\\\/\",\"https:\\\/\\\/www.youtube.com\\\/channel\\\/UCuOnjXGpTaL1-NXFXL5ZHtg\"]}]}<\/script>\n<!-- \/ Yoast SEO plugin. -->","yoast_head_json":{"title":"Argument: Sherry Butt - Agitator","description":"Argument: Sherry Butt is a smoky whisky aged in sherry butts and Vino de Naranja hogshead casks. Agitators' latest argument.","robots":{"index":"index","follow":"follow","max-snippet":"max-snippet:-1","max-image-preview":"max-image-preview:large","max-video-preview":"max-video-preview:-1"},"canonical":"https:\/\/agitatordistillery.com\/en\/argument-sherry-butt\/","og_locale":"en_GB","og_type":"article","og_title":"Argument: Sherry Butt - Agitator","og_description":"Argument: Sherry Butt is a smoky whisky aged in sherry butts and Vino de Naranja hogshead casks. Agitators' latest argument.","og_url":"https:\/\/agitatordistillery.com\/en\/argument-sherry-butt\/","og_site_name":"Agitator","article_publisher":"https:\/\/www.facebook.com\/Agitator.Whisky","article_modified_time":"2025-05-14T13:27:27+00:00","og_image":[{"url":"https:\/\/agitatordistillery.com\/wp-content\/uploads\/2024\/12\/Agitator_Sherry_Butt_4664_Frilagd_2880px.png","type":"","width":"","height":""}],"twitter_card":"summary_large_image","twitter_misc":{"Estimated reading time":"1 minute"},"schema":{"@context":"https:\/\/schema.org","@graph":[{"@type":"WebPage","@id":"https:\/\/agitatordistillery.com\/sv_se\/argument-sherry-butt\/","url":"https:\/\/agitatordistillery.com\/sv_se\/argument-sherry-butt\/","name":"Argument: Sherry Butt - Agitator","isPartOf":{"@id":"https:\/\/agitatordistillery.com\/#website"},"primaryImageOfPage":{"@id":"https:\/\/agitatordistillery.com\/sv_se\/argument-sherry-butt\/#primaryimage"},"image":{"@id":"https:\/\/agitatordistillery.com\/sv_se\/argument-sherry-butt\/#primaryimage"},"thumbnailUrl":"https:\/\/agitatordistillery.com\/wp-content\/uploads\/2024\/12\/Agitator_Sherry_Butt_4664_Frilagd_2880px.png","datePublished":"2025-01-17T10:07:06+00:00","dateModified":"2025-05-14T13:27:27+00:00","description":"Argument: Sherry Butt is a smoky whisky aged in sherry butts and Vino de Naranja hogshead casks. Agitators' latest argument.","breadcrumb":{"@id":"https:\/\/agitatordistillery.com\/sv_se\/argument-sherry-butt\/#breadcrumb"},"inLanguage":"en-GB","potentialAction":[{"@type":"ReadAction","target":["https:\/\/agitatordistillery.com\/sv_se\/argument-sherry-butt\/"]}]},{"@type":"ImageObject","inLanguage":"en-GB","@id":"https:\/\/agitatordistillery.com\/sv_se\/argument-sherry-butt\/#primaryimage","url":"https:\/\/agitatordistillery.com\/wp-content\/uploads\/2024\/12\/Agitator_Sherry_Butt_4664_Frilagd_2880px.png","contentUrl":"https:\/\/agitatordistillery.com\/wp-content\/uploads\/2024\/12\/Agitator_Sherry_Butt_4664_Frilagd_2880px.png"},{"@type":"BreadcrumbList","@id":"https:\/\/agitatordistillery.com\/sv_se\/argument-sherry-butt\/#breadcrumb","itemListElement":[{"@type":"ListItem","position":1,"name":"Hem","item":"https:\/\/agitatordistillery.com\/"},{"@type":"ListItem","position":2,"name":"Argument: Sherry Butt"}]},{"@type":"WebSite","@id":"https:\/\/agitatordistillery.com\/#website","url":"https:\/\/agitatordistillery.com\/","name":"Agitator","description":"The Swedish Distillery","publisher":{"@id":"https:\/\/agitatordistillery.com\/#organization"},"potentialAction":[{"@type":"SearchAction","target":{"@type":"EntryPoint","urlTemplate":"https:\/\/agitatordistillery.com\/?s={search_term_string}"},"query-input":{"@type":"PropertyValueSpecification","valueRequired":true,"valueName":"search_term_string"}}],"inLanguage":"en-GB"},{"@type":"Organization","@id":"https:\/\/agitatordistillery.com\/#organization","name":"Agitator","url":"https:\/\/agitatordistillery.com\/","logo":{"@type":"ImageObject","inLanguage":"en-GB","@id":"https:\/\/agitatordistillery.com\/#\/schema\/logo\/image\/","url":"https:\/\/agitatordistillery.com\/wp-content\/uploads\/2021\/10\/Agitator_Logotyp_2021_Small_Pos.png","contentUrl":"https:\/\/agitatordistillery.com\/wp-content\/uploads\/2021\/10\/Agitator_Logotyp_2021_Small_Pos.png","width":360,"height":200,"caption":"Agitator"},"image":{"@id":"https:\/\/agitatordistillery.com\/#\/schema\/logo\/image\/"},"sameAs":["https:\/\/www.facebook.com\/Agitator.Whisky","https:\/\/www.instagram.com\/agitator.whisky\/","https:\/\/www.linkedin.com\/company\/agitator-whisky\/","https:\/\/www.youtube.com\/channel\/UCuOnjXGpTaL1-NXFXL5ZHtg"]}]}},"_links":{"self":[{"href":"https:\/\/agitatordistillery.com\/en\/wp-json\/wp\/v2\/pages\/3480","targetHints":{"allow":["GET"]}}],"collection":[{"href":"https:\/\/agitatordistillery.com\/en\/wp-json\/wp\/v2\/pages"}],"about":[{"href":"https:\/\/agitatordistillery.com\/en\/wp-json\/wp\/v2\/types\/page"}],"author":[{"embeddable":true,"href":"https:\/\/agitatordistillery.com\/en\/wp-json\/wp\/v2\/users\/6"}],"replies":[{"embeddable":true,"href":"https:\/\/agitatordistillery.com\/en\/wp-json\/wp\/v2\/comments?post=3480"}],"version-history":[{"count":15,"href":"https:\/\/agitatordistillery.com\/en\/wp-json\/wp\/v2\/pages\/3480\/revisions"}],"predecessor-version":[{"id":3842,"href":"https:\/\/agitatordistillery.com\/en\/wp-json\/wp\/v2\/pages\/3480\/revisions\/3842"}],"wp:attachment":[{"href":"https:\/\/agitatordistillery.com\/en\/wp-json\/wp\/v2\/media?parent=3480"}],"curies":[{"name":"wp","href":"https:\/\/api.w.org\/{rel}","templated":true}]}}