{"id":300,"date":"2021-08-09T14:20:14","date_gmt":"2021-08-09T12:20:14","guid":{"rendered":"https:\/\/develop.agitatorwhisky.se\/?page_id=300"},"modified":"2023-03-03T10:54:16","modified_gmt":"2023-03-03T09:54:16","slug":"lagring","status":"publish","type":"page","link":"https:\/\/agitatordistillery.com\/en\/lagring\/","title":{"rendered":"Lagring"},"content":{"rendered":"<h2>\n\t\tMATURATION\n\t<\/h2>\n\t\t\t\t<img decoding=\"async\" data-src=\"https:\/\/agitatordistillery.com\/wp-content\/uploads\/2021\/10\/Agitator_fatlager.jpg\" alt=\"Agitator_fatlager\" itemprop=\"image\" title=\"Agitator_fatlager\" onerror=\"this.style.display='none'\" src=\"data:image\/gif;base64,R0lGODlhAQABAAAAACH5BAEKAAEALAAAAAABAAEAAAICTAEAOw==\" class=\"lazyload\" style=\"--smush-placeholder-width: 800px; --smush-placeholder-aspect-ratio: 800\/1400;\"><noscript><img decoding=\"async\" src=\"https:\/\/agitatordistillery.com\/wp-content\/uploads\/2021\/10\/Agitator_fatlager.jpg\" alt=\"Agitator_fatlager\" itemprop=\"image\" title=\"Agitator_fatlager\" onerror=\"this.style.display='none'\"><\/noscript>\n\t<p>To give the whisky its final flavour and character, the maturation on casks is one of the most important steps in the production process. And it is definitely the part that takes the longest time.  Regulations stipulate that in order to even be called whisky, the spirit must be matured for at least three years on wooden casks. And it is not until the whisky is in the barrel that it begins to have colour. Fresh from the still, the spirit is crystal clear. It acquires colour from compounds in the wood during maturation.<\/p>\n<p>Det f\u00f6rsta som h\u00e4nder innan spriten fylls p\u00e5 fat \u00e4r att den sp\u00e4ds ner med vatten. Efter destillering har spriten en alkoholhalt p\u00e5 65 till 75 %, beroende p\u00e5 vilken produkt som produceras. Vi sp\u00e4der normalt ner den till 55 % innan vi fyller faten. Detta \u00e4r l\u00e4gre \u00e4n de flesta andra destillerier. Vi v\u00e4ljer att g\u00f6ra s\u00e5 f\u00f6r att viktiga smak\u00e4mnen lakas ut b\u00e4ttre ur tr\u00e4et vid en l\u00e4gre alkoholhalt. Att alkoholhalten redan vid fatfyllningen \u00e4r l\u00e4gre g\u00f6r ocks\u00e5 att vi beh\u00f6ver tills\u00e4tta mindre vatten f\u00f6re buteljering. Vi har ju redan lagrat, och smaksatt, det vattnet.<\/p>\n<p>Olika fattyper ger whiskyn olika smakegenskaper. Vi lagrar p\u00e5 en l\u00e5ng rad olika fat och varje f\u00e4rdig produkt skapas ofta av en kombination av flera olika fattyper som vi sedan blandar inneh\u00e5llet fr\u00e5n. I v\u00e5rt lager har vi fat av olika storlekar &#8211; fr\u00e5n 500 liter ner till 100 liter &#8211; men ocks\u00e5 en blandning av nya fat och fat som tidigare anv\u00e4nts f\u00f6r att lagra andra drycker. Vi har ocks\u00e5 fat tillverkade av olika tr\u00e4slag, vilket \u00e4r mer speciellt. I Skottland s\u00e4ger regelverket att whisky bara f\u00e5r lagras p\u00e5 fat av ektr\u00e4. Vi kan agera mer fritt och har uppt\u00e4ckt att lagring p\u00e5 fat av kastanjetr\u00e4 ger ett fantastiskt resultat i s\u00e5v\u00e4l smak som doft och kul\u00f6r.<\/p>\n<p>Most of our casks hold 200 litres, and previously held American Bourbon. Second come our casks from new American oak, the insides of which are heavily toasted. We have the classical type with a smooth inside as well as casks with grooves milled on the inside, like enlarged corduroy. This increases the surface of the wood. And if the spirit has more contact with the wood, it matures quicker.<\/p>\n<p>We like to experiment. That is why we also mature on casks that have held a large number of different, and more or less common, wines or distillates. We have casks that have held anything from ice cider or orange wine to casks that have held rum, mezcal or triple sec. Our plan is that whatever gives the best end result, will become a product that we'll put up for sale.<\/p>\n<p>Our warehouse is right next to the distillery. This means a simpler and more efficient handling of the casks and extremely short transport distances. The casks are stored both standing on pallets and laying down on tall metal shelves known as pallet racks.<\/p>\n<p>Vi jobbar aktivt med varma temperaturv\u00e4xlingar genom att tillf\u00f6ra \u00f6verskottsv\u00e4rme fr\u00e5n destilleriet &#8211; det blir ganska varmt n\u00e4r vi k\u00f6r v\u00e5ra fyra pannor &#8211; ut i lagerlokalen. Det g\u00f6r att temperaturen i lagret under \u00e5ret varierar fr\u00e5n 30 plusgrader ner till n\u00e4ra noll. Temperaturv\u00e4xlingarna bidrar till mognaden genom att de f\u00e5r whiskyn att r\u00f6r sig genom det por\u00f6sa tr\u00e4et i fatet och laka ur l\u00f6sliga \u00e4mnen som bidrar till smaken.<\/p>","protected":false},"excerpt":{"rendered":"<p>LAGRING F\u00f6r att ge whiskyn den slutliga smaken och karakt\u00e4ren \u00e4r lagringen p\u00e5 fat ett av de absolut viktigaste stegen i tillverkningsprocessen. Och det \u00e4r definitivt den del som tar l\u00e4ngst tid. Regelverket s\u00e4ger att spriten m\u00e5ste lagras minst tre \u00e5r p\u00e5 tr\u00e4fat f\u00f6r att ens f\u00e5 kallas whisky. Det \u00e4r ocks\u00e5 f\u00f6rst i fatet&hellip;<\/p>","protected":false},"author":6,"featured_media":1635,"parent":0,"menu_order":0,"comment_status":"closed","ping_status":"closed","template":"","meta":{"footnotes":""},"class_list":["post-300","page","type-page","status-publish","has-post-thumbnail","hentry"],"yoast_head":"<!-- This site is optimized with the Yoast SEO plugin v27.5 - https:\/\/yoast.com\/product\/yoast-seo-wordpress\/ -->\n<title>Lagring - Agitator<\/title>\n<meta name=\"description\" content=\"F\u00f6r att ge whiskyn den slutliga smaken och karakt\u00e4ren \u00e4r lagring p\u00e5 fat ett av de absolut viktigaste stegen i tillverkningsprocessen.\" \/>\n<meta name=\"robots\" content=\"index, follow, max-snippet:-1, max-image-preview:large, max-video-preview:-1\" \/>\n<link rel=\"canonical\" href=\"https:\/\/agitatordistillery.com\/en\/lagring\/\" \/>\n<meta property=\"og:locale\" content=\"en_GB\" \/>\n<meta property=\"og:type\" content=\"article\" \/>\n<meta property=\"og:title\" content=\"Lagring - Agitator\" \/>\n<meta property=\"og:description\" content=\"F\u00f6r att ge whiskyn den slutliga smaken och karakt\u00e4ren \u00e4r lagring p\u00e5 fat ett av de absolut viktigaste stegen i tillverkningsprocessen.\" \/>\n<meta property=\"og:url\" content=\"https:\/\/agitatordistillery.com\/en\/lagring\/\" \/>\n<meta property=\"og:site_name\" content=\"Agitator\" \/>\n<meta property=\"article:publisher\" content=\"https:\/\/www.facebook.com\/Agitator.Whisky\" \/>\n<meta property=\"article:modified_time\" content=\"2023-03-03T09:54:16+00:00\" \/>\n<meta property=\"og:image\" content=\"https:\/\/agitatordistillery.com\/wp-content\/uploads\/2022\/04\/Agitator_Lagret.jpg\" \/>\n\t<meta property=\"og:image:width\" content=\"2400\" \/>\n\t<meta property=\"og:image:height\" content=\"1800\" \/>\n\t<meta property=\"og:image:type\" content=\"image\/jpeg\" \/>\n<meta name=\"twitter:card\" content=\"summary_large_image\" \/>\n<meta name=\"twitter:label1\" content=\"Estimated reading time\" \/>\n\t<meta name=\"twitter:data1\" content=\"3 minutes\" \/>\n<script type=\"application\/ld+json\" class=\"yoast-schema-graph\">{\"@context\":\"https:\\\/\\\/schema.org\",\"@graph\":[{\"@type\":\"WebPage\",\"@id\":\"https:\\\/\\\/agitatordistillery.com\\\/lagring\\\/\",\"url\":\"https:\\\/\\\/agitatordistillery.com\\\/lagring\\\/\",\"name\":\"Lagring - Agitator\",\"isPartOf\":{\"@id\":\"https:\\\/\\\/agitatordistillery.com\\\/#website\"},\"primaryImageOfPage\":{\"@id\":\"https:\\\/\\\/agitatordistillery.com\\\/lagring\\\/#primaryimage\"},\"image\":{\"@id\":\"https:\\\/\\\/agitatordistillery.com\\\/lagring\\\/#primaryimage\"},\"thumbnailUrl\":\"https:\\\/\\\/agitatordistillery.com\\\/wp-content\\\/uploads\\\/2022\\\/04\\\/Agitator_Lagret.jpg\",\"datePublished\":\"2021-08-09T12:20:14+00:00\",\"dateModified\":\"2023-03-03T09:54:16+00:00\",\"description\":\"F\u00f6r att ge whiskyn den slutliga smaken och karakt\u00e4ren \u00e4r lagring p\u00e5 fat ett av de absolut viktigaste stegen i tillverkningsprocessen.\",\"breadcrumb\":{\"@id\":\"https:\\\/\\\/agitatordistillery.com\\\/lagring\\\/#breadcrumb\"},\"inLanguage\":\"en-GB\",\"potentialAction\":[{\"@type\":\"ReadAction\",\"target\":[\"https:\\\/\\\/agitatordistillery.com\\\/lagring\\\/\"]}]},{\"@type\":\"ImageObject\",\"inLanguage\":\"en-GB\",\"@id\":\"https:\\\/\\\/agitatordistillery.com\\\/lagring\\\/#primaryimage\",\"url\":\"https:\\\/\\\/agitatordistillery.com\\\/wp-content\\\/uploads\\\/2022\\\/04\\\/Agitator_Lagret.jpg\",\"contentUrl\":\"https:\\\/\\\/agitatordistillery.com\\\/wp-content\\\/uploads\\\/2022\\\/04\\\/Agitator_Lagret.jpg\",\"width\":2400,\"height\":1800},{\"@type\":\"BreadcrumbList\",\"@id\":\"https:\\\/\\\/agitatordistillery.com\\\/lagring\\\/#breadcrumb\",\"itemListElement\":[{\"@type\":\"ListItem\",\"position\":1,\"name\":\"Hem\",\"item\":\"https:\\\/\\\/agitatordistillery.com\\\/\"},{\"@type\":\"ListItem\",\"position\":2,\"name\":\"Lagring\"}]},{\"@type\":\"WebSite\",\"@id\":\"https:\\\/\\\/agitatordistillery.com\\\/#website\",\"url\":\"https:\\\/\\\/agitatordistillery.com\\\/\",\"name\":\"Agitator\",\"description\":\"The Swedish Distillery\",\"publisher\":{\"@id\":\"https:\\\/\\\/agitatordistillery.com\\\/#organization\"},\"potentialAction\":[{\"@type\":\"SearchAction\",\"target\":{\"@type\":\"EntryPoint\",\"urlTemplate\":\"https:\\\/\\\/agitatordistillery.com\\\/?s={search_term_string}\"},\"query-input\":{\"@type\":\"PropertyValueSpecification\",\"valueRequired\":true,\"valueName\":\"search_term_string\"}}],\"inLanguage\":\"en-GB\"},{\"@type\":\"Organization\",\"@id\":\"https:\\\/\\\/agitatordistillery.com\\\/#organization\",\"name\":\"Agitator\",\"url\":\"https:\\\/\\\/agitatordistillery.com\\\/\",\"logo\":{\"@type\":\"ImageObject\",\"inLanguage\":\"en-GB\",\"@id\":\"https:\\\/\\\/agitatordistillery.com\\\/#\\\/schema\\\/logo\\\/image\\\/\",\"url\":\"https:\\\/\\\/agitatordistillery.com\\\/wp-content\\\/uploads\\\/2021\\\/10\\\/Agitator_Logotyp_2021_Small_Pos.png\",\"contentUrl\":\"https:\\\/\\\/agitatordistillery.com\\\/wp-content\\\/uploads\\\/2021\\\/10\\\/Agitator_Logotyp_2021_Small_Pos.png\",\"width\":360,\"height\":200,\"caption\":\"Agitator\"},\"image\":{\"@id\":\"https:\\\/\\\/agitatordistillery.com\\\/#\\\/schema\\\/logo\\\/image\\\/\"},\"sameAs\":[\"https:\\\/\\\/www.facebook.com\\\/Agitator.Whisky\",\"https:\\\/\\\/www.instagram.com\\\/agitator.whisky\\\/\",\"https:\\\/\\\/www.linkedin.com\\\/company\\\/agitator-whisky\\\/\",\"https:\\\/\\\/www.youtube.com\\\/channel\\\/UCuOnjXGpTaL1-NXFXL5ZHtg\"]}]}<\/script>\n<!-- \/ Yoast SEO plugin. -->","yoast_head_json":{"title":"Lagring - Agitator","description":"F\u00f6r att ge whiskyn den slutliga smaken och karakt\u00e4ren \u00e4r lagring p\u00e5 fat ett av de absolut viktigaste stegen i tillverkningsprocessen.","robots":{"index":"index","follow":"follow","max-snippet":"max-snippet:-1","max-image-preview":"max-image-preview:large","max-video-preview":"max-video-preview:-1"},"canonical":"https:\/\/agitatordistillery.com\/en\/lagring\/","og_locale":"en_GB","og_type":"article","og_title":"Lagring - Agitator","og_description":"F\u00f6r att ge whiskyn den slutliga smaken och karakt\u00e4ren \u00e4r lagring p\u00e5 fat ett av de absolut viktigaste stegen i tillverkningsprocessen.","og_url":"https:\/\/agitatordistillery.com\/en\/lagring\/","og_site_name":"Agitator","article_publisher":"https:\/\/www.facebook.com\/Agitator.Whisky","article_modified_time":"2023-03-03T09:54:16+00:00","og_image":[{"width":2400,"height":1800,"url":"https:\/\/agitatordistillery.com\/wp-content\/uploads\/2022\/04\/Agitator_Lagret.jpg","type":"image\/jpeg"}],"twitter_card":"summary_large_image","twitter_misc":{"Estimated reading time":"3 minutes"},"schema":{"@context":"https:\/\/schema.org","@graph":[{"@type":"WebPage","@id":"https:\/\/agitatordistillery.com\/lagring\/","url":"https:\/\/agitatordistillery.com\/lagring\/","name":"Lagring - Agitator","isPartOf":{"@id":"https:\/\/agitatordistillery.com\/#website"},"primaryImageOfPage":{"@id":"https:\/\/agitatordistillery.com\/lagring\/#primaryimage"},"image":{"@id":"https:\/\/agitatordistillery.com\/lagring\/#primaryimage"},"thumbnailUrl":"https:\/\/agitatordistillery.com\/wp-content\/uploads\/2022\/04\/Agitator_Lagret.jpg","datePublished":"2021-08-09T12:20:14+00:00","dateModified":"2023-03-03T09:54:16+00:00","description":"F\u00f6r att ge whiskyn den slutliga smaken och karakt\u00e4ren \u00e4r lagring p\u00e5 fat ett av de absolut viktigaste stegen i tillverkningsprocessen.","breadcrumb":{"@id":"https:\/\/agitatordistillery.com\/lagring\/#breadcrumb"},"inLanguage":"en-GB","potentialAction":[{"@type":"ReadAction","target":["https:\/\/agitatordistillery.com\/lagring\/"]}]},{"@type":"ImageObject","inLanguage":"en-GB","@id":"https:\/\/agitatordistillery.com\/lagring\/#primaryimage","url":"https:\/\/agitatordistillery.com\/wp-content\/uploads\/2022\/04\/Agitator_Lagret.jpg","contentUrl":"https:\/\/agitatordistillery.com\/wp-content\/uploads\/2022\/04\/Agitator_Lagret.jpg","width":2400,"height":1800},{"@type":"BreadcrumbList","@id":"https:\/\/agitatordistillery.com\/lagring\/#breadcrumb","itemListElement":[{"@type":"ListItem","position":1,"name":"Hem","item":"https:\/\/agitatordistillery.com\/"},{"@type":"ListItem","position":2,"name":"Lagring"}]},{"@type":"WebSite","@id":"https:\/\/agitatordistillery.com\/#website","url":"https:\/\/agitatordistillery.com\/","name":"Agitator","description":"The Swedish Distillery","publisher":{"@id":"https:\/\/agitatordistillery.com\/#organization"},"potentialAction":[{"@type":"SearchAction","target":{"@type":"EntryPoint","urlTemplate":"https:\/\/agitatordistillery.com\/?s={search_term_string}"},"query-input":{"@type":"PropertyValueSpecification","valueRequired":true,"valueName":"search_term_string"}}],"inLanguage":"en-GB"},{"@type":"Organization","@id":"https:\/\/agitatordistillery.com\/#organization","name":"Agitator","url":"https:\/\/agitatordistillery.com\/","logo":{"@type":"ImageObject","inLanguage":"en-GB","@id":"https:\/\/agitatordistillery.com\/#\/schema\/logo\/image\/","url":"https:\/\/agitatordistillery.com\/wp-content\/uploads\/2021\/10\/Agitator_Logotyp_2021_Small_Pos.png","contentUrl":"https:\/\/agitatordistillery.com\/wp-content\/uploads\/2021\/10\/Agitator_Logotyp_2021_Small_Pos.png","width":360,"height":200,"caption":"Agitator"},"image":{"@id":"https:\/\/agitatordistillery.com\/#\/schema\/logo\/image\/"},"sameAs":["https:\/\/www.facebook.com\/Agitator.Whisky","https:\/\/www.instagram.com\/agitator.whisky\/","https:\/\/www.linkedin.com\/company\/agitator-whisky\/","https:\/\/www.youtube.com\/channel\/UCuOnjXGpTaL1-NXFXL5ZHtg"]}]}},"_links":{"self":[{"href":"https:\/\/agitatordistillery.com\/en\/wp-json\/wp\/v2\/pages\/300","targetHints":{"allow":["GET"]}}],"collection":[{"href":"https:\/\/agitatordistillery.com\/en\/wp-json\/wp\/v2\/pages"}],"about":[{"href":"https:\/\/agitatordistillery.com\/en\/wp-json\/wp\/v2\/types\/page"}],"author":[{"embeddable":true,"href":"https:\/\/agitatordistillery.com\/en\/wp-json\/wp\/v2\/users\/6"}],"replies":[{"embeddable":true,"href":"https:\/\/agitatordistillery.com\/en\/wp-json\/wp\/v2\/comments?post=300"}],"version-history":[{"count":28,"href":"https:\/\/agitatordistillery.com\/en\/wp-json\/wp\/v2\/pages\/300\/revisions"}],"predecessor-version":[{"id":1942,"href":"https:\/\/agitatordistillery.com\/en\/wp-json\/wp\/v2\/pages\/300\/revisions\/1942"}],"wp:featuredmedia":[{"embeddable":true,"href":"https:\/\/agitatordistillery.com\/en\/wp-json\/wp\/v2\/media\/1635"}],"wp:attachment":[{"href":"https:\/\/agitatordistillery.com\/en\/wp-json\/wp\/v2\/media?parent=300"}],"curies":[{"name":"wp","href":"https:\/\/api.w.org\/{rel}","templated":true}]}}