{"id":277,"date":"2021-08-09T13:49:44","date_gmt":"2021-08-09T11:49:44","guid":{"rendered":"https:\/\/develop.agitatorwhisky.se\/?page_id=277"},"modified":"2023-03-06T09:22:49","modified_gmt":"2023-03-06T08:22:49","slug":"vakuumdestillering","status":"publish","type":"page","link":"https:\/\/agitatordistillery.com\/en\/vakuumdestillering\/","title":{"rendered":"Vacuum distillation"},"content":{"rendered":"<h2>\n\t\tVACUUM DISTILLATION\n\t<\/h2>\n\t<iframe loading=\"lazy\" width=\"560\" height=\"315\" data-src=\"https:\/\/www.youtube.com\/embed\/YNeSrKzMZbM\" title=\"YouTube video player\" frameborder=\"0\" allow=\"accelerometer; autoplay; clipboard-write; encrypted-media; gyroscope; picture-in-picture\" allowfullscreen=\"\" src=\"data:image\/gif;base64,R0lGODlhAQABAAAAACH5BAEKAAEALAAAAAABAAEAAAICTAEAOw==\" class=\"lazyload\" data-load-mode=\"1\"><\/iframe>\n\t<p>Det finns en del av v\u00e5r tillverkningsprocess som g\u00f6r oss t\u00e4mligen unika bland v\u00e4rldens maltwhiskydestillerier. V\u00e5ra pannor \u00e4r tillverkade s\u00e5 att de klarar att destillera under vakuum. Det g\u00f6r att vi kan s\u00e4nka kokpunkten n\u00e4r vi destillerar. I v\u00e5ra m\u00e4skpannor blir trycket s\u00e5 l\u00e5gt att kokpunkten s\u00e4nks med 30 grader och i spritpannorna s\u00e4nker vi kokpunkten med ungef\u00e4r 10 grader. Detta g\u00f6r att vi behandlar r\u00e5varan mildare, vi riskerar inte att br\u00e4nna eller koka s\u00f6nder det som ska destilleras och vi f\u00e5r ut renare och mer naturtrogna smaker ur processen. En inte helt oviktig bonus i sammanhanget \u00e4r att vi d\u00e5 ocks\u00e5 g\u00f6r av med betydligt mindre energi.&nbsp;<\/p>\n\t\t\t\t<img loading=\"lazy\" decoding=\"async\" data-src=\"https:\/\/agitatordistillery.com\/wp-content\/uploads\/2021\/08\/Vakuum_Matare-1200x675-1.jpg\" alt=\"Vakuum_Matare-1200x675\" itemprop=\"image\" height=\"675\" width=\"1200\" title=\"Vakuum_Matare-1200x675\" onerror=\"this.style.display='none'\" src=\"data:image\/gif;base64,R0lGODlhAQABAAAAACH5BAEKAAEALAAAAAABAAEAAAICTAEAOw==\" class=\"lazyload\" style=\"--smush-placeholder-width: 1200px; --smush-placeholder-aspect-ratio: 1200\/675;\"><noscript><img loading=\"lazy\" decoding=\"async\" src=\"https:\/\/agitatordistillery.com\/wp-content\/uploads\/2021\/08\/Vakuum_Matare-1200x675-1.jpg\" alt=\"Vakuum_Matare-1200x675\" itemprop=\"image\" height=\"675\" width=\"1200\" title=\"Vakuum_Matare-1200x675\" onerror=\"this.style.display='none'\"><\/noscript>","protected":false},"excerpt":{"rendered":"<p>VAKUUMDESTILLERING Det finns en del av v\u00e5r tillverkningsprocess som g\u00f6r oss t\u00e4mligen unika bland v\u00e4rldens maltwhiskydestillerier. V\u00e5ra pannor \u00e4r tillverkade s\u00e5 att de klarar att destillera under vakuum. Det g\u00f6r att vi kan s\u00e4nka kokpunkten n\u00e4r vi destillerar. I v\u00e5ra m\u00e4skpannor blir trycket s\u00e5 l\u00e5gt att kokpunkten s\u00e4nks med 30 grader och i spritpannorna s\u00e4nker&hellip;<\/p>","protected":false},"author":6,"featured_media":760,"parent":0,"menu_order":0,"comment_status":"closed","ping_status":"closed","template":"","meta":{"_monsterinsights_skip_tracking":false,"_monsterinsights_sitenote_active":false,"_monsterinsights_sitenote_note":"","_monsterinsights_sitenote_category":0,"footnotes":""},"class_list":["post-277","page","type-page","status-publish","has-post-thumbnail","hentry"],"yoast_head":"<!-- This site is optimized with the Yoast SEO plugin v27.4 - https:\/\/yoast.com\/product\/yoast-seo-wordpress\/ -->\n<title>Vakuumdestillering av whisky - Agitator<\/title>\n<meta name=\"description\" content=\"P\u00e5 Agitator g\u00f6rs all v\u00e5r sprit med vakuumdestillering. Det \u00e4r mycket f\u00e5 maltwhiskydestillerier i v\u00e4rlden som g\u00f6r.\" \/>\n<meta name=\"robots\" content=\"index, follow, max-snippet:-1, max-image-preview:large, max-video-preview:-1\" \/>\n<link rel=\"canonical\" href=\"https:\/\/agitatordistillery.com\/en\/vakuumdestillering\/\" \/>\n<meta property=\"og:locale\" content=\"en_GB\" \/>\n<meta property=\"og:type\" content=\"article\" \/>\n<meta property=\"og:title\" content=\"Vakuumdestillering av whisky - Agitator\" \/>\n<meta property=\"og:description\" content=\"P\u00e5 Agitator g\u00f6rs all v\u00e5r sprit med vakuumdestillering. Det \u00e4r mycket f\u00e5 maltwhiskydestillerier i v\u00e4rlden som g\u00f6r.\" \/>\n<meta property=\"og:url\" content=\"https:\/\/agitatordistillery.com\/en\/vakuumdestillering\/\" \/>\n<meta property=\"og:site_name\" content=\"Agitator\" \/>\n<meta property=\"article:publisher\" content=\"https:\/\/www.facebook.com\/Agitator.Whisky\" \/>\n<meta property=\"article:modified_time\" content=\"2023-03-06T08:22:49+00:00\" \/>\n<meta property=\"og:image\" content=\"https:\/\/agitatordistillery.com\/wp-content\/uploads\/2021\/08\/Vakuum_Matare-1200x675-1.jpg\" \/>\n\t<meta property=\"og:image:width\" content=\"1200\" \/>\n\t<meta property=\"og:image:height\" content=\"675\" \/>\n\t<meta property=\"og:image:type\" content=\"image\/jpeg\" \/>\n<meta name=\"twitter:card\" content=\"summary_large_image\" \/>\n<meta name=\"twitter:label1\" content=\"Estimated reading time\" \/>\n\t<meta name=\"twitter:data1\" content=\"1 minute\" \/>\n<script type=\"application\/ld+json\" class=\"yoast-schema-graph\">{\"@context\":\"https:\\\/\\\/schema.org\",\"@graph\":[{\"@type\":\"WebPage\",\"@id\":\"https:\\\/\\\/agitatordistillery.com\\\/vakuumdestillering\\\/\",\"url\":\"https:\\\/\\\/agitatordistillery.com\\\/vakuumdestillering\\\/\",\"name\":\"Vakuumdestillering av whisky - Agitator\",\"isPartOf\":{\"@id\":\"https:\\\/\\\/agitatordistillery.com\\\/#website\"},\"primaryImageOfPage\":{\"@id\":\"https:\\\/\\\/agitatordistillery.com\\\/vakuumdestillering\\\/#primaryimage\"},\"image\":{\"@id\":\"https:\\\/\\\/agitatordistillery.com\\\/vakuumdestillering\\\/#primaryimage\"},\"thumbnailUrl\":\"https:\\\/\\\/agitatordistillery.com\\\/wp-content\\\/uploads\\\/2021\\\/08\\\/Vakuum_Matare-1200x675-1.jpg\",\"datePublished\":\"2021-08-09T11:49:44+00:00\",\"dateModified\":\"2023-03-06T08:22:49+00:00\",\"description\":\"P\u00e5 Agitator g\u00f6rs all v\u00e5r sprit med vakuumdestillering. Det \u00e4r mycket f\u00e5 maltwhiskydestillerier i v\u00e4rlden som g\u00f6r.\",\"breadcrumb\":{\"@id\":\"https:\\\/\\\/agitatordistillery.com\\\/vakuumdestillering\\\/#breadcrumb\"},\"inLanguage\":\"en-GB\",\"potentialAction\":[{\"@type\":\"ReadAction\",\"target\":[\"https:\\\/\\\/agitatordistillery.com\\\/vakuumdestillering\\\/\"]}]},{\"@type\":\"ImageObject\",\"inLanguage\":\"en-GB\",\"@id\":\"https:\\\/\\\/agitatordistillery.com\\\/vakuumdestillering\\\/#primaryimage\",\"url\":\"https:\\\/\\\/agitatordistillery.com\\\/wp-content\\\/uploads\\\/2021\\\/08\\\/Vakuum_Matare-1200x675-1.jpg\",\"contentUrl\":\"https:\\\/\\\/agitatordistillery.com\\\/wp-content\\\/uploads\\\/2021\\\/08\\\/Vakuum_Matare-1200x675-1.jpg\",\"width\":1200,\"height\":675,\"caption\":\"vakuumdestillering\"},{\"@type\":\"BreadcrumbList\",\"@id\":\"https:\\\/\\\/agitatordistillery.com\\\/vakuumdestillering\\\/#breadcrumb\",\"itemListElement\":[{\"@type\":\"ListItem\",\"position\":1,\"name\":\"Hem\",\"item\":\"https:\\\/\\\/agitatordistillery.com\\\/sv_se\\\/\"},{\"@type\":\"ListItem\",\"position\":2,\"name\":\"Vakuumdestillering\"}]},{\"@type\":\"WebSite\",\"@id\":\"https:\\\/\\\/agitatordistillery.com\\\/#website\",\"url\":\"https:\\\/\\\/agitatordistillery.com\\\/\",\"name\":\"Agitator\",\"description\":\"The Swedish Distillery\",\"publisher\":{\"@id\":\"https:\\\/\\\/agitatordistillery.com\\\/#organization\"},\"potentialAction\":[{\"@type\":\"SearchAction\",\"target\":{\"@type\":\"EntryPoint\",\"urlTemplate\":\"https:\\\/\\\/agitatordistillery.com\\\/?s={search_term_string}\"},\"query-input\":{\"@type\":\"PropertyValueSpecification\",\"valueRequired\":true,\"valueName\":\"search_term_string\"}}],\"inLanguage\":\"en-GB\"},{\"@type\":\"Organization\",\"@id\":\"https:\\\/\\\/agitatordistillery.com\\\/#organization\",\"name\":\"Agitator\",\"url\":\"https:\\\/\\\/agitatordistillery.com\\\/\",\"logo\":{\"@type\":\"ImageObject\",\"inLanguage\":\"en-GB\",\"@id\":\"https:\\\/\\\/agitatordistillery.com\\\/#\\\/schema\\\/logo\\\/image\\\/\",\"url\":\"https:\\\/\\\/agitatordistillery.com\\\/wp-content\\\/uploads\\\/2021\\\/10\\\/Agitator_Logotyp_2021_Small_Pos.png\",\"contentUrl\":\"https:\\\/\\\/agitatordistillery.com\\\/wp-content\\\/uploads\\\/2021\\\/10\\\/Agitator_Logotyp_2021_Small_Pos.png\",\"width\":360,\"height\":200,\"caption\":\"Agitator\"},\"image\":{\"@id\":\"https:\\\/\\\/agitatordistillery.com\\\/#\\\/schema\\\/logo\\\/image\\\/\"},\"sameAs\":[\"https:\\\/\\\/www.facebook.com\\\/Agitator.Whisky\",\"https:\\\/\\\/www.instagram.com\\\/agitator.whisky\\\/\",\"https:\\\/\\\/www.linkedin.com\\\/company\\\/agitator-whisky\\\/\",\"https:\\\/\\\/www.youtube.com\\\/channel\\\/UCuOnjXGpTaL1-NXFXL5ZHtg\"]}]}<\/script>\n<!-- \/ Yoast SEO plugin. -->","yoast_head_json":{"title":"Vakuumdestillering av whisky - Agitator","description":"P\u00e5 Agitator g\u00f6rs all v\u00e5r sprit med vakuumdestillering. Det \u00e4r mycket f\u00e5 maltwhiskydestillerier i v\u00e4rlden som g\u00f6r.","robots":{"index":"index","follow":"follow","max-snippet":"max-snippet:-1","max-image-preview":"max-image-preview:large","max-video-preview":"max-video-preview:-1"},"canonical":"https:\/\/agitatordistillery.com\/en\/vakuumdestillering\/","og_locale":"en_GB","og_type":"article","og_title":"Vakuumdestillering av whisky - Agitator","og_description":"P\u00e5 Agitator g\u00f6rs all v\u00e5r sprit med vakuumdestillering. Det \u00e4r mycket f\u00e5 maltwhiskydestillerier i v\u00e4rlden som g\u00f6r.","og_url":"https:\/\/agitatordistillery.com\/en\/vakuumdestillering\/","og_site_name":"Agitator","article_publisher":"https:\/\/www.facebook.com\/Agitator.Whisky","article_modified_time":"2023-03-06T08:22:49+00:00","og_image":[{"width":1200,"height":675,"url":"https:\/\/agitatordistillery.com\/wp-content\/uploads\/2021\/08\/Vakuum_Matare-1200x675-1.jpg","type":"image\/jpeg"}],"twitter_card":"summary_large_image","twitter_misc":{"Estimated reading time":"1 minute"},"schema":{"@context":"https:\/\/schema.org","@graph":[{"@type":"WebPage","@id":"https:\/\/agitatordistillery.com\/vakuumdestillering\/","url":"https:\/\/agitatordistillery.com\/vakuumdestillering\/","name":"Vakuumdestillering av whisky - Agitator","isPartOf":{"@id":"https:\/\/agitatordistillery.com\/#website"},"primaryImageOfPage":{"@id":"https:\/\/agitatordistillery.com\/vakuumdestillering\/#primaryimage"},"image":{"@id":"https:\/\/agitatordistillery.com\/vakuumdestillering\/#primaryimage"},"thumbnailUrl":"https:\/\/agitatordistillery.com\/wp-content\/uploads\/2021\/08\/Vakuum_Matare-1200x675-1.jpg","datePublished":"2021-08-09T11:49:44+00:00","dateModified":"2023-03-06T08:22:49+00:00","description":"P\u00e5 Agitator g\u00f6rs all v\u00e5r sprit med vakuumdestillering. Det \u00e4r mycket f\u00e5 maltwhiskydestillerier i v\u00e4rlden som g\u00f6r.","breadcrumb":{"@id":"https:\/\/agitatordistillery.com\/vakuumdestillering\/#breadcrumb"},"inLanguage":"en-GB","potentialAction":[{"@type":"ReadAction","target":["https:\/\/agitatordistillery.com\/vakuumdestillering\/"]}]},{"@type":"ImageObject","inLanguage":"en-GB","@id":"https:\/\/agitatordistillery.com\/vakuumdestillering\/#primaryimage","url":"https:\/\/agitatordistillery.com\/wp-content\/uploads\/2021\/08\/Vakuum_Matare-1200x675-1.jpg","contentUrl":"https:\/\/agitatordistillery.com\/wp-content\/uploads\/2021\/08\/Vakuum_Matare-1200x675-1.jpg","width":1200,"height":675,"caption":"vakuumdestillering"},{"@type":"BreadcrumbList","@id":"https:\/\/agitatordistillery.com\/vakuumdestillering\/#breadcrumb","itemListElement":[{"@type":"ListItem","position":1,"name":"Hem","item":"https:\/\/agitatordistillery.com\/sv_se\/"},{"@type":"ListItem","position":2,"name":"Vakuumdestillering"}]},{"@type":"WebSite","@id":"https:\/\/agitatordistillery.com\/#website","url":"https:\/\/agitatordistillery.com\/","name":"Agitator","description":"The Swedish Distillery","publisher":{"@id":"https:\/\/agitatordistillery.com\/#organization"},"potentialAction":[{"@type":"SearchAction","target":{"@type":"EntryPoint","urlTemplate":"https:\/\/agitatordistillery.com\/?s={search_term_string}"},"query-input":{"@type":"PropertyValueSpecification","valueRequired":true,"valueName":"search_term_string"}}],"inLanguage":"en-GB"},{"@type":"Organization","@id":"https:\/\/agitatordistillery.com\/#organization","name":"Agitator","url":"https:\/\/agitatordistillery.com\/","logo":{"@type":"ImageObject","inLanguage":"en-GB","@id":"https:\/\/agitatordistillery.com\/#\/schema\/logo\/image\/","url":"https:\/\/agitatordistillery.com\/wp-content\/uploads\/2021\/10\/Agitator_Logotyp_2021_Small_Pos.png","contentUrl":"https:\/\/agitatordistillery.com\/wp-content\/uploads\/2021\/10\/Agitator_Logotyp_2021_Small_Pos.png","width":360,"height":200,"caption":"Agitator"},"image":{"@id":"https:\/\/agitatordistillery.com\/#\/schema\/logo\/image\/"},"sameAs":["https:\/\/www.facebook.com\/Agitator.Whisky","https:\/\/www.instagram.com\/agitator.whisky\/","https:\/\/www.linkedin.com\/company\/agitator-whisky\/","https:\/\/www.youtube.com\/channel\/UCuOnjXGpTaL1-NXFXL5ZHtg"]}]}},"_links":{"self":[{"href":"https:\/\/agitatordistillery.com\/en\/wp-json\/wp\/v2\/pages\/277","targetHints":{"allow":["GET"]}}],"collection":[{"href":"https:\/\/agitatordistillery.com\/en\/wp-json\/wp\/v2\/pages"}],"about":[{"href":"https:\/\/agitatordistillery.com\/en\/wp-json\/wp\/v2\/types\/page"}],"author":[{"embeddable":true,"href":"https:\/\/agitatordistillery.com\/en\/wp-json\/wp\/v2\/users\/6"}],"replies":[{"embeddable":true,"href":"https:\/\/agitatordistillery.com\/en\/wp-json\/wp\/v2\/comments?post=277"}],"version-history":[{"count":19,"href":"https:\/\/agitatordistillery.com\/en\/wp-json\/wp\/v2\/pages\/277\/revisions"}],"predecessor-version":[{"id":1957,"href":"https:\/\/agitatordistillery.com\/en\/wp-json\/wp\/v2\/pages\/277\/revisions\/1957"}],"wp:featuredmedia":[{"embeddable":true,"href":"https:\/\/agitatordistillery.com\/en\/wp-json\/wp\/v2\/media\/760"}],"wp:attachment":[{"href":"https:\/\/agitatordistillery.com\/en\/wp-json\/wp\/v2\/media?parent=277"}],"curies":[{"name":"wp","href":"https:\/\/api.w.org\/{rel}","templated":true}]}}