{"id":2540,"date":"2024-03-04T10:00:17","date_gmt":"2024-03-04T09:00:17","guid":{"rendered":"https:\/\/agitatordistillery.com\/?page_id=2540"},"modified":"2025-05-14T14:08:32","modified_gmt":"2025-05-14T12:08:32","slug":"chestnut-cask","status":"publish","type":"page","link":"https:\/\/agitatordistillery.com\/en\/chestnut-cask\/","title":{"rendered":"Chestnut Cask"},"content":{"rendered":"<a href=\"https:\/\/www.amazon.co.uk\/dp\/B0CB6T9D8C?maas=maas_adg_BC975B43D892E1F32C61BCA53277FFC3_afap_abs&amp;ref_=aa_maas&amp;tag=maas&amp;th=1\" target=\"_blank\" rel=\"noopener\">\n\t\t\t\t\t\t\tORDER HERE\n\t\t\t<\/a>\n<h2>\n\t\t\tABOUT\t<\/h2>\n\t<p>Chestnut casks are secretly known to be amazing for aging whisky, yet they are forbidden in some places. At Agitator, we prioritize science over tradition, and our passion lies in experimenting with a diverse range of wood types, not just limiting ourselves to oak. Try our chestnut cask-aged whisky and tell us if great whisky shouldn\u2019t come before old-fashioned rules.<\/p>\n<h2>\n\t\t\tTASTING NOTES\t<\/h2>\n\t<h3>NOSE<\/h3>\n<p>There are notes of dried fruit, with streaks of sweet raisin and red berries. <\/p>\n<h3>TASTE<\/h3>\n<p>You will find leather, honey, vanilla and hovering in the background, a slight smokiness that adds complexity to this whisky.<\/p>\n\t\t\t\t<img decoding=\"async\" data-src=\"https:\/\/agitatordistillery.com\/wp-content\/uploads\/2024\/03\/Agitator_Chestnut_Frilagd_2741_Webb-1.png\" alt=\"Agitator_Chestnut_Frilagd_2741_Webb\" itemprop=\"image\" height=\"678\" width=\"480\" title=\"Agitator_Chestnut_Frilagd_2741_Webb\" onerror=\"this.style.display='none'\" loading='lazy' src=\"data:image\/gif;base64,R0lGODlhAQABAAAAACH5BAEKAAEALAAAAAABAAEAAAICTAEAOw==\" class=\"lazyload\" style=\"--smush-placeholder-width: 480px; --smush-placeholder-aspect-ratio: 480\/678;\" \/><noscript><img decoding=\"async\" src=\"https:\/\/agitatordistillery.com\/wp-content\/uploads\/2024\/03\/Agitator_Chestnut_Frilagd_2741_Webb-1.png\" alt=\"Agitator_Chestnut_Frilagd_2741_Webb\" itemprop=\"image\" height=\"678\" width=\"480\" title=\"Agitator_Chestnut_Frilagd_2741_Webb\" onerror=\"this.style.display='none'\" loading='lazy' \/><\/noscript>\n<h2>\n\t\t\tSCANDINAVIAN SOUR\t<\/h2>\n\t<p><strong>50 ml<\/strong> Agitator Chestnut Cask<\/p>\n<p><strong>20 ml<\/strong> Malic acid from Sandbergs Drink Lab\u00a0<\/p>\n<p><strong>20 ml<\/strong> Lingonberry Acid from Sandbergs Drink Lab\u00a0<\/p>\n<p><strong>20 ml<\/strong> Strawberry sugar syrup<\/p>\n<p>Stir all ingredients in a mixing glass or directly in the glass.\u00a0<\/p>\n<p>Then top with Honey\/Chestnut Foam*<\/p>\n<p>* Honung\/Chestnutskum &#8211; V\u00e4rm upp 200 gr Honung och 40 cl vatten, n\u00e4r honung har l\u00f6st upp sig kan du tills\u00e4tt 10 cl Chestnut Cask. L\u00e5t det svalna. H\u00e4ll ner allt tillsammans med 10 cl \u00e4ggvita i en gr\u00e4ddsifon.<\/p>\n<h2>\n\t\t\tAWARDS\t<\/h2>\n\t<p>We don\u2019t expect you to take our word for how good this whisky is, so here is some proof from the experts.<\/p>\n\t\t\t\t<img decoding=\"async\" data-src=\"https:\/\/agitatordistillery.com\/wp-content\/uploads\/2024\/08\/World-Whisky-Masters-2024-Medal-GOLD.png\" alt=\"World-Whisky-Masters-2024-Medal-GOLD\" itemprop=\"image\" height=\"2598\" width=\"2362\" title=\"World-Whisky-Masters-2024-Medal-GOLD\" onerror=\"this.style.display='none'\" loading='lazy' src=\"data:image\/gif;base64,R0lGODlhAQABAAAAACH5BAEKAAEALAAAAAABAAEAAAICTAEAOw==\" class=\"lazyload\" style=\"--smush-placeholder-width: 2362px; --smush-placeholder-aspect-ratio: 2362\/2598;\" \/><noscript><img decoding=\"async\" src=\"https:\/\/agitatordistillery.com\/wp-content\/uploads\/2024\/08\/World-Whisky-Masters-2024-Medal-GOLD.png\" alt=\"World-Whisky-Masters-2024-Medal-GOLD\" itemprop=\"image\" height=\"2598\" width=\"2362\" title=\"World-Whisky-Masters-2024-Medal-GOLD\" onerror=\"this.style.display='none'\" loading='lazy' \/><\/noscript>\n\t\t\t\t<img decoding=\"async\" data-src=\"https:\/\/agitatordistillery.com\/wp-content\/uploads\/2024\/10\/Whisky-Battle-2024-SILVER-vit-text.png\" alt=\"Whisky Battle 2024 SILVER vit text\" itemprop=\"image\" height=\"1200\" width=\"1200\" title=\"Whisky Battle 2024 SILVER vit text\" onerror=\"this.style.display='none'\" loading='lazy' src=\"data:image\/gif;base64,R0lGODlhAQABAAAAACH5BAEKAAEALAAAAAABAAEAAAICTAEAOw==\" class=\"lazyload\" style=\"--smush-placeholder-width: 1200px; --smush-placeholder-aspect-ratio: 1200\/1200;\" \/><noscript><img decoding=\"async\" src=\"https:\/\/agitatordistillery.com\/wp-content\/uploads\/2024\/10\/Whisky-Battle-2024-SILVER-vit-text.png\" alt=\"Whisky Battle 2024 SILVER vit text\" itemprop=\"image\" height=\"1200\" width=\"1200\" title=\"Whisky Battle 2024 SILVER vit text\" onerror=\"this.style.display='none'\" loading='lazy' \/><\/noscript>\n\t\t\t\t<img decoding=\"async\" data-src=\"https:\/\/agitatordistillery.com\/wp-content\/uploads\/2024\/07\/1-main_std-iwsc2024-silver-93-medal-lores-png1.png\" alt=\"1-main_std-iwsc2024-silver-93-medal-lores-png1\" itemprop=\"image\" height=\"340\" width=\"340\" title=\"1-main_std-iwsc2024-silver-93-medal-lores-png1\" onerror=\"this.style.display='none'\" loading='lazy' src=\"data:image\/gif;base64,R0lGODlhAQABAAAAACH5BAEKAAEALAAAAAABAAEAAAICTAEAOw==\" class=\"lazyload\" style=\"--smush-placeholder-width: 340px; --smush-placeholder-aspect-ratio: 340\/340;\" \/><noscript><img decoding=\"async\" src=\"https:\/\/agitatordistillery.com\/wp-content\/uploads\/2024\/07\/1-main_std-iwsc2024-silver-93-medal-lores-png1.png\" alt=\"1-main_std-iwsc2024-silver-93-medal-lores-png1\" itemprop=\"image\" height=\"340\" width=\"340\" title=\"1-main_std-iwsc2024-silver-93-medal-lores-png1\" onerror=\"this.style.display='none'\" loading='lazy' \/><\/noscript>","protected":false},"excerpt":{"rendered":"<p>BEST\u00c4LL H\u00c4R OM Kastanjefat \u00e4r k\u00e4nda f\u00f6r att vara fantastiska f\u00f6r lagring av whisky, men de \u00e4r f\u00f6rbjudna p\u00e5 vissa st\u00e4llen som skottland. P\u00e5 Agitator prioriterar vi vetenskap framf\u00f6r tradition, och v\u00e5r passion ligger i att experimentera med en m\u00e4ngd olika tr\u00e4slag och inte bara begr\u00e4nsa oss till ek. smaknoter DOFT H\u00e4r finns toner av&hellip;<\/p>","protected":false},"author":6,"featured_media":2542,"parent":0,"menu_order":0,"comment_status":"closed","ping_status":"closed","template":"","meta":{"footnotes":""},"class_list":["post-2540","page","type-page","status-publish","has-post-thumbnail","hentry"],"yoast_head":"<!-- This site is optimized with the Yoast SEO plugin v27.5 - https:\/\/yoast.com\/product\/yoast-seo-wordpress\/ -->\n<title>Agitator Chestnut Cask Whisky<\/title>\n<meta name=\"description\" content=\"Agitator Chestnut Cask whisky \u00e4r en unik svensk whisky som lagrats p\u00e5 kastanjefat. Med toner av torkad frukt, honung, russin och tr\u00e4.\" \/>\n<meta name=\"robots\" content=\"index, follow, max-snippet:-1, max-image-preview:large, max-video-preview:-1\" \/>\n<link rel=\"canonical\" href=\"https:\/\/agitatordistillery.com\/en\/chestnut-cask\/\" \/>\n<meta property=\"og:locale\" content=\"en_GB\" \/>\n<meta property=\"og:type\" content=\"article\" \/>\n<meta property=\"og:title\" content=\"Agitator Chestnut Cask Whisky\" \/>\n<meta property=\"og:description\" content=\"Agitator Chestnut Cask whisky \u00e4r en unik svensk whisky som lagrats p\u00e5 kastanjefat. Med toner av torkad frukt, honung, russin och tr\u00e4.\" \/>\n<meta property=\"og:url\" content=\"https:\/\/agitatordistillery.com\/en\/chestnut-cask\/\" \/>\n<meta property=\"og:site_name\" content=\"Agitator\" \/>\n<meta property=\"article:publisher\" content=\"https:\/\/www.facebook.com\/Agitator.Whisky\" \/>\n<meta property=\"article:modified_time\" content=\"2025-05-14T12:08:32+00:00\" \/>\n<meta property=\"og:image\" content=\"https:\/\/agitatordistillery.com\/wp-content\/uploads\/2024\/03\/Agitator_Chestnut_Frilagd_2741_Webb.png\" \/>\n\t<meta property=\"og:image:width\" content=\"480\" \/>\n\t<meta property=\"og:image:height\" content=\"678\" \/>\n\t<meta property=\"og:image:type\" content=\"image\/png\" \/>\n<meta name=\"twitter:card\" content=\"summary_large_image\" \/>\n<meta name=\"twitter:label1\" content=\"Estimated reading time\" \/>\n\t<meta name=\"twitter:data1\" content=\"2 minutes\" \/>\n<script type=\"application\/ld+json\" class=\"yoast-schema-graph\">{\"@context\":\"https:\\\/\\\/schema.org\",\"@graph\":[{\"@type\":\"WebPage\",\"@id\":\"https:\\\/\\\/agitatordistillery.com\\\/sv_se\\\/chestnut-cask\\\/\",\"url\":\"https:\\\/\\\/agitatordistillery.com\\\/sv_se\\\/chestnut-cask\\\/\",\"name\":\"Agitator Chestnut Cask Whisky\",\"isPartOf\":{\"@id\":\"https:\\\/\\\/agitatordistillery.com\\\/#website\"},\"primaryImageOfPage\":{\"@id\":\"https:\\\/\\\/agitatordistillery.com\\\/sv_se\\\/chestnut-cask\\\/#primaryimage\"},\"image\":{\"@id\":\"https:\\\/\\\/agitatordistillery.com\\\/sv_se\\\/chestnut-cask\\\/#primaryimage\"},\"thumbnailUrl\":\"https:\\\/\\\/agitatordistillery.com\\\/wp-content\\\/uploads\\\/2024\\\/03\\\/Agitator_Chestnut_Frilagd_2741_Webb.png\",\"datePublished\":\"2024-03-04T09:00:17+00:00\",\"dateModified\":\"2025-05-14T12:08:32+00:00\",\"description\":\"Agitator Chestnut Cask whisky \u00e4r en unik svensk whisky som lagrats p\u00e5 kastanjefat. Med toner av torkad frukt, honung, russin och tr\u00e4.\",\"breadcrumb\":{\"@id\":\"https:\\\/\\\/agitatordistillery.com\\\/sv_se\\\/chestnut-cask\\\/#breadcrumb\"},\"inLanguage\":\"en-GB\",\"potentialAction\":[{\"@type\":\"ReadAction\",\"target\":[\"https:\\\/\\\/agitatordistillery.com\\\/sv_se\\\/chestnut-cask\\\/\"]}]},{\"@type\":\"ImageObject\",\"inLanguage\":\"en-GB\",\"@id\":\"https:\\\/\\\/agitatordistillery.com\\\/sv_se\\\/chestnut-cask\\\/#primaryimage\",\"url\":\"https:\\\/\\\/agitatordistillery.com\\\/wp-content\\\/uploads\\\/2024\\\/03\\\/Agitator_Chestnut_Frilagd_2741_Webb.png\",\"contentUrl\":\"https:\\\/\\\/agitatordistillery.com\\\/wp-content\\\/uploads\\\/2024\\\/03\\\/Agitator_Chestnut_Frilagd_2741_Webb.png\",\"width\":480,\"height\":678},{\"@type\":\"BreadcrumbList\",\"@id\":\"https:\\\/\\\/agitatordistillery.com\\\/sv_se\\\/chestnut-cask\\\/#breadcrumb\",\"itemListElement\":[{\"@type\":\"ListItem\",\"position\":1,\"name\":\"Hem\",\"item\":\"https:\\\/\\\/agitatordistillery.com\\\/\"},{\"@type\":\"ListItem\",\"position\":2,\"name\":\"Chestnut Cask\"}]},{\"@type\":\"WebSite\",\"@id\":\"https:\\\/\\\/agitatordistillery.com\\\/#website\",\"url\":\"https:\\\/\\\/agitatordistillery.com\\\/\",\"name\":\"Agitator\",\"description\":\"The Swedish Distillery\",\"publisher\":{\"@id\":\"https:\\\/\\\/agitatordistillery.com\\\/#organization\"},\"potentialAction\":[{\"@type\":\"SearchAction\",\"target\":{\"@type\":\"EntryPoint\",\"urlTemplate\":\"https:\\\/\\\/agitatordistillery.com\\\/?s={search_term_string}\"},\"query-input\":{\"@type\":\"PropertyValueSpecification\",\"valueRequired\":true,\"valueName\":\"search_term_string\"}}],\"inLanguage\":\"en-GB\"},{\"@type\":\"Organization\",\"@id\":\"https:\\\/\\\/agitatordistillery.com\\\/#organization\",\"name\":\"Agitator\",\"url\":\"https:\\\/\\\/agitatordistillery.com\\\/\",\"logo\":{\"@type\":\"ImageObject\",\"inLanguage\":\"en-GB\",\"@id\":\"https:\\\/\\\/agitatordistillery.com\\\/#\\\/schema\\\/logo\\\/image\\\/\",\"url\":\"https:\\\/\\\/agitatordistillery.com\\\/wp-content\\\/uploads\\\/2021\\\/10\\\/Agitator_Logotyp_2021_Small_Pos.png\",\"contentUrl\":\"https:\\\/\\\/agitatordistillery.com\\\/wp-content\\\/uploads\\\/2021\\\/10\\\/Agitator_Logotyp_2021_Small_Pos.png\",\"width\":360,\"height\":200,\"caption\":\"Agitator\"},\"image\":{\"@id\":\"https:\\\/\\\/agitatordistillery.com\\\/#\\\/schema\\\/logo\\\/image\\\/\"},\"sameAs\":[\"https:\\\/\\\/www.facebook.com\\\/Agitator.Whisky\",\"https:\\\/\\\/www.instagram.com\\\/agitator.whisky\\\/\",\"https:\\\/\\\/www.linkedin.com\\\/company\\\/agitator-whisky\\\/\",\"https:\\\/\\\/www.youtube.com\\\/channel\\\/UCuOnjXGpTaL1-NXFXL5ZHtg\"]}]}<\/script>\n<!-- \/ Yoast SEO plugin. -->","yoast_head_json":{"title":"Agitator Chestnut Cask Whisky","description":"Agitator Chestnut Cask whisky \u00e4r en unik svensk whisky som lagrats p\u00e5 kastanjefat. Med toner av torkad frukt, honung, russin och tr\u00e4.","robots":{"index":"index","follow":"follow","max-snippet":"max-snippet:-1","max-image-preview":"max-image-preview:large","max-video-preview":"max-video-preview:-1"},"canonical":"https:\/\/agitatordistillery.com\/en\/chestnut-cask\/","og_locale":"en_GB","og_type":"article","og_title":"Agitator Chestnut Cask Whisky","og_description":"Agitator Chestnut Cask whisky \u00e4r en unik svensk whisky som lagrats p\u00e5 kastanjefat. Med toner av torkad frukt, honung, russin och tr\u00e4.","og_url":"https:\/\/agitatordistillery.com\/en\/chestnut-cask\/","og_site_name":"Agitator","article_publisher":"https:\/\/www.facebook.com\/Agitator.Whisky","article_modified_time":"2025-05-14T12:08:32+00:00","og_image":[{"width":480,"height":678,"url":"https:\/\/agitatordistillery.com\/wp-content\/uploads\/2024\/03\/Agitator_Chestnut_Frilagd_2741_Webb.png","type":"image\/png"}],"twitter_card":"summary_large_image","twitter_misc":{"Estimated reading time":"2 minutes"},"schema":{"@context":"https:\/\/schema.org","@graph":[{"@type":"WebPage","@id":"https:\/\/agitatordistillery.com\/sv_se\/chestnut-cask\/","url":"https:\/\/agitatordistillery.com\/sv_se\/chestnut-cask\/","name":"Agitator Chestnut Cask Whisky","isPartOf":{"@id":"https:\/\/agitatordistillery.com\/#website"},"primaryImageOfPage":{"@id":"https:\/\/agitatordistillery.com\/sv_se\/chestnut-cask\/#primaryimage"},"image":{"@id":"https:\/\/agitatordistillery.com\/sv_se\/chestnut-cask\/#primaryimage"},"thumbnailUrl":"https:\/\/agitatordistillery.com\/wp-content\/uploads\/2024\/03\/Agitator_Chestnut_Frilagd_2741_Webb.png","datePublished":"2024-03-04T09:00:17+00:00","dateModified":"2025-05-14T12:08:32+00:00","description":"Agitator Chestnut Cask whisky \u00e4r en unik svensk whisky som lagrats p\u00e5 kastanjefat. Med toner av torkad frukt, honung, russin och tr\u00e4.","breadcrumb":{"@id":"https:\/\/agitatordistillery.com\/sv_se\/chestnut-cask\/#breadcrumb"},"inLanguage":"en-GB","potentialAction":[{"@type":"ReadAction","target":["https:\/\/agitatordistillery.com\/sv_se\/chestnut-cask\/"]}]},{"@type":"ImageObject","inLanguage":"en-GB","@id":"https:\/\/agitatordistillery.com\/sv_se\/chestnut-cask\/#primaryimage","url":"https:\/\/agitatordistillery.com\/wp-content\/uploads\/2024\/03\/Agitator_Chestnut_Frilagd_2741_Webb.png","contentUrl":"https:\/\/agitatordistillery.com\/wp-content\/uploads\/2024\/03\/Agitator_Chestnut_Frilagd_2741_Webb.png","width":480,"height":678},{"@type":"BreadcrumbList","@id":"https:\/\/agitatordistillery.com\/sv_se\/chestnut-cask\/#breadcrumb","itemListElement":[{"@type":"ListItem","position":1,"name":"Hem","item":"https:\/\/agitatordistillery.com\/"},{"@type":"ListItem","position":2,"name":"Chestnut Cask"}]},{"@type":"WebSite","@id":"https:\/\/agitatordistillery.com\/#website","url":"https:\/\/agitatordistillery.com\/","name":"Agitator","description":"The Swedish Distillery","publisher":{"@id":"https:\/\/agitatordistillery.com\/#organization"},"potentialAction":[{"@type":"SearchAction","target":{"@type":"EntryPoint","urlTemplate":"https:\/\/agitatordistillery.com\/?s={search_term_string}"},"query-input":{"@type":"PropertyValueSpecification","valueRequired":true,"valueName":"search_term_string"}}],"inLanguage":"en-GB"},{"@type":"Organization","@id":"https:\/\/agitatordistillery.com\/#organization","name":"Agitator","url":"https:\/\/agitatordistillery.com\/","logo":{"@type":"ImageObject","inLanguage":"en-GB","@id":"https:\/\/agitatordistillery.com\/#\/schema\/logo\/image\/","url":"https:\/\/agitatordistillery.com\/wp-content\/uploads\/2021\/10\/Agitator_Logotyp_2021_Small_Pos.png","contentUrl":"https:\/\/agitatordistillery.com\/wp-content\/uploads\/2021\/10\/Agitator_Logotyp_2021_Small_Pos.png","width":360,"height":200,"caption":"Agitator"},"image":{"@id":"https:\/\/agitatordistillery.com\/#\/schema\/logo\/image\/"},"sameAs":["https:\/\/www.facebook.com\/Agitator.Whisky","https:\/\/www.instagram.com\/agitator.whisky\/","https:\/\/www.linkedin.com\/company\/agitator-whisky\/","https:\/\/www.youtube.com\/channel\/UCuOnjXGpTaL1-NXFXL5ZHtg"]}]}},"_links":{"self":[{"href":"https:\/\/agitatordistillery.com\/en\/wp-json\/wp\/v2\/pages\/2540","targetHints":{"allow":["GET"]}}],"collection":[{"href":"https:\/\/agitatordistillery.com\/en\/wp-json\/wp\/v2\/pages"}],"about":[{"href":"https:\/\/agitatordistillery.com\/en\/wp-json\/wp\/v2\/types\/page"}],"author":[{"embeddable":true,"href":"https:\/\/agitatordistillery.com\/en\/wp-json\/wp\/v2\/users\/6"}],"replies":[{"embeddable":true,"href":"https:\/\/agitatordistillery.com\/en\/wp-json\/wp\/v2\/comments?post=2540"}],"version-history":[{"count":40,"href":"https:\/\/agitatordistillery.com\/en\/wp-json\/wp\/v2\/pages\/2540\/revisions"}],"predecessor-version":[{"id":3844,"href":"https:\/\/agitatordistillery.com\/en\/wp-json\/wp\/v2\/pages\/2540\/revisions\/3844"}],"wp:featuredmedia":[{"embeddable":true,"href":"https:\/\/agitatordistillery.com\/en\/wp-json\/wp\/v2\/media\/2542"}],"wp:attachment":[{"href":"https:\/\/agitatordistillery.com\/en\/wp-json\/wp\/v2\/media?parent=2540"}],"curies":[{"name":"wp","href":"https:\/\/api.w.org\/{rel}","templated":true}]}}