{"id":2441,"date":"2023-12-20T14:25:29","date_gmt":"2023-12-20T13:25:29","guid":{"rendered":"https:\/\/agitatordistillery.com\/?page_id=2441"},"modified":"2024-07-16T10:13:32","modified_gmt":"2024-07-16T08:13:32","slug":"sweet-toast","status":"publish","type":"page","link":"https:\/\/agitatordistillery.com\/en\/sweet-toast\/","title":{"rendered":"En h\u00e4lsning fr\u00e5n destilleriet!"},"content":{"rendered":"<meta itemprop=\"url\" content=\"https:\/\/agitatordistillery.com\/wp-content\/uploads\/2024\/02\/Bruno.mp4\" \/><div style=\"width: 640px;\" class=\"wp-video\"><video class=\"wp-video-shortcode\" id=\"video-2441-1\" width=\"640\" height=\"360\" poster=\"https:\/\/agitatordistillery.com\/wp-content\/uploads\/2024\/02\/Halsning.jpg\" preload=\"none\" controls=\"controls\"><source type=\"video\/mp4\" src=\"https:\/\/agitatordistillery.com\/wp-content\/uploads\/2024\/02\/Bruno.mp4?_=1\" \/><a href=\"https:\/\/agitatordistillery.com\/wp-content\/uploads\/2024\/02\/Bruno.mp4\">https:\/\/agitatordistillery.com\/wp-content\/uploads\/2024\/02\/Bruno.mp4<\/a><\/video><\/div>\n<h2>\n\t\tCLUB AGITATOR\n\t<\/h2>\n\t<p>Want to get an insight into everyday life at the distillery, know about our upcoming launches before everyone else, or how Oskar Bruno drinks his whisky on weekends? Come to Club Agitator, where you get all that and much more. Become part of the Agitator community.<\/p>\n\t\t\t<a href=\"https:\/\/club-agitator.mn.co\/share\/A52WyHk7e_4kqEsO?utm_source=manual\" target=\"_self\" rel=\"noopener\">\n\t\t\t\t\t\t\tJOIN THE CLUB\n\t\t\t\t\t<\/a>","protected":false},"excerpt":{"rendered":"<p>CLUB AGITATOR Vill du f\u00e5 en inblick i vardagen p\u00e5 destilleriet, veta om v\u00e5ra kommande lanseringar f\u00f6re alla andra, eller hur Oskar Bruno dricker sin whisky p\u00e5 helgerna? G\u00e5 med i Club Agitator, h\u00e4r f\u00e5r du allt de och mycket mer. Bli en del av Agitator s\u00e4llskapet. JOIN THE CLUB<\/p>","protected":false},"author":6,"featured_media":0,"parent":0,"menu_order":0,"comment_status":"closed","ping_status":"closed","template":"","meta":{"footnotes":""},"class_list":["post-2441","page","type-page","status-publish","hentry"],"yoast_head":"<!-- This site is optimized with the Yoast SEO plugin v27.5 - https:\/\/yoast.com\/product\/yoast-seo-wordpress\/ -->\n<title>En h\u00e4lsning fr\u00e5n destilleriet! - Agitator<\/title>\n<meta name=\"description\" content=\"En h\u00e4lsning fr\u00e5n destilleriet, sk\u00e5l till er alla!\" \/>\n<meta name=\"robots\" content=\"index, follow, max-snippet:-1, max-image-preview:large, max-video-preview:-1\" \/>\n<link rel=\"canonical\" href=\"https:\/\/agitatordistillery.com\/en\/sweet-toast\/\" \/>\n<meta property=\"og:locale\" content=\"en_GB\" \/>\n<meta property=\"og:type\" content=\"article\" \/>\n<meta property=\"og:title\" content=\"En h\u00e4lsning fr\u00e5n destilleriet! - Agitator\" \/>\n<meta property=\"og:description\" content=\"En h\u00e4lsning fr\u00e5n destilleriet, sk\u00e5l till er alla!\" \/>\n<meta property=\"og:url\" content=\"https:\/\/agitatordistillery.com\/en\/sweet-toast\/\" \/>\n<meta property=\"og:site_name\" content=\"Agitator\" \/>\n<meta property=\"article:publisher\" content=\"https:\/\/www.facebook.com\/Agitator.Whisky\" \/>\n<meta property=\"article:modified_time\" content=\"2024-07-16T08:13:32+00:00\" \/>\n<meta name=\"twitter:card\" content=\"summary_large_image\" \/>\n<meta name=\"twitter:label1\" content=\"Estimated reading time\" \/>\n\t<meta name=\"twitter:data1\" content=\"1 minute\" \/>\n<script type=\"application\/ld+json\" class=\"yoast-schema-graph\">{\"@context\":\"https:\\\/\\\/schema.org\",\"@graph\":[{\"@type\":\"WebPage\",\"@id\":\"https:\\\/\\\/agitatordistillery.com\\\/sweet-toast\\\/\",\"url\":\"https:\\\/\\\/agitatordistillery.com\\\/sweet-toast\\\/\",\"name\":\"En h\u00e4lsning fr\u00e5n destilleriet! - Agitator\",\"isPartOf\":{\"@id\":\"https:\\\/\\\/agitatordistillery.com\\\/#website\"},\"datePublished\":\"2023-12-20T13:25:29+00:00\",\"dateModified\":\"2024-07-16T08:13:32+00:00\",\"description\":\"En h\u00e4lsning fr\u00e5n destilleriet, sk\u00e5l till er alla!\",\"breadcrumb\":{\"@id\":\"https:\\\/\\\/agitatordistillery.com\\\/sweet-toast\\\/#breadcrumb\"},\"inLanguage\":\"en-GB\",\"potentialAction\":[{\"@type\":\"ReadAction\",\"target\":[\"https:\\\/\\\/agitatordistillery.com\\\/sweet-toast\\\/\"]}]},{\"@type\":\"BreadcrumbList\",\"@id\":\"https:\\\/\\\/agitatordistillery.com\\\/sweet-toast\\\/#breadcrumb\",\"itemListElement\":[{\"@type\":\"ListItem\",\"position\":1,\"name\":\"Hem\",\"item\":\"https:\\\/\\\/agitatordistillery.com\\\/\"},{\"@type\":\"ListItem\",\"position\":2,\"name\":\"En h\u00e4lsning fr\u00e5n destilleriet!\"}]},{\"@type\":\"WebSite\",\"@id\":\"https:\\\/\\\/agitatordistillery.com\\\/#website\",\"url\":\"https:\\\/\\\/agitatordistillery.com\\\/\",\"name\":\"Agitator\",\"description\":\"The Swedish Distillery\",\"publisher\":{\"@id\":\"https:\\\/\\\/agitatordistillery.com\\\/#organization\"},\"potentialAction\":[{\"@type\":\"SearchAction\",\"target\":{\"@type\":\"EntryPoint\",\"urlTemplate\":\"https:\\\/\\\/agitatordistillery.com\\\/?s={search_term_string}\"},\"query-input\":{\"@type\":\"PropertyValueSpecification\",\"valueRequired\":true,\"valueName\":\"search_term_string\"}}],\"inLanguage\":\"en-GB\"},{\"@type\":\"Organization\",\"@id\":\"https:\\\/\\\/agitatordistillery.com\\\/#organization\",\"name\":\"Agitator\",\"url\":\"https:\\\/\\\/agitatordistillery.com\\\/\",\"logo\":{\"@type\":\"ImageObject\",\"inLanguage\":\"en-GB\",\"@id\":\"https:\\\/\\\/agitatordistillery.com\\\/#\\\/schema\\\/logo\\\/image\\\/\",\"url\":\"https:\\\/\\\/agitatordistillery.com\\\/wp-content\\\/uploads\\\/2021\\\/10\\\/Agitator_Logotyp_2021_Small_Pos.png\",\"contentUrl\":\"https:\\\/\\\/agitatordistillery.com\\\/wp-content\\\/uploads\\\/2021\\\/10\\\/Agitator_Logotyp_2021_Small_Pos.png\",\"width\":360,\"height\":200,\"caption\":\"Agitator\"},\"image\":{\"@id\":\"https:\\\/\\\/agitatordistillery.com\\\/#\\\/schema\\\/logo\\\/image\\\/\"},\"sameAs\":[\"https:\\\/\\\/www.facebook.com\\\/Agitator.Whisky\",\"https:\\\/\\\/www.instagram.com\\\/agitator.whisky\\\/\",\"https:\\\/\\\/www.linkedin.com\\\/company\\\/agitator-whisky\\\/\",\"https:\\\/\\\/www.youtube.com\\\/channel\\\/UCuOnjXGpTaL1-NXFXL5ZHtg\"]}]}<\/script>\n<!-- \/ Yoast SEO plugin. -->","yoast_head_json":{"title":"En h\u00e4lsning fr\u00e5n destilleriet! - Agitator","description":"En h\u00e4lsning fr\u00e5n destilleriet, sk\u00e5l till er alla!","robots":{"index":"index","follow":"follow","max-snippet":"max-snippet:-1","max-image-preview":"max-image-preview:large","max-video-preview":"max-video-preview:-1"},"canonical":"https:\/\/agitatordistillery.com\/en\/sweet-toast\/","og_locale":"en_GB","og_type":"article","og_title":"En h\u00e4lsning fr\u00e5n destilleriet! - Agitator","og_description":"En h\u00e4lsning fr\u00e5n destilleriet, sk\u00e5l till er alla!","og_url":"https:\/\/agitatordistillery.com\/en\/sweet-toast\/","og_site_name":"Agitator","article_publisher":"https:\/\/www.facebook.com\/Agitator.Whisky","article_modified_time":"2024-07-16T08:13:32+00:00","twitter_card":"summary_large_image","twitter_misc":{"Estimated reading time":"1 minute"},"schema":{"@context":"https:\/\/schema.org","@graph":[{"@type":"WebPage","@id":"https:\/\/agitatordistillery.com\/sweet-toast\/","url":"https:\/\/agitatordistillery.com\/sweet-toast\/","name":"En h\u00e4lsning fr\u00e5n destilleriet! - Agitator","isPartOf":{"@id":"https:\/\/agitatordistillery.com\/#website"},"datePublished":"2023-12-20T13:25:29+00:00","dateModified":"2024-07-16T08:13:32+00:00","description":"En h\u00e4lsning fr\u00e5n destilleriet, sk\u00e5l till er alla!","breadcrumb":{"@id":"https:\/\/agitatordistillery.com\/sweet-toast\/#breadcrumb"},"inLanguage":"en-GB","potentialAction":[{"@type":"ReadAction","target":["https:\/\/agitatordistillery.com\/sweet-toast\/"]}]},{"@type":"BreadcrumbList","@id":"https:\/\/agitatordistillery.com\/sweet-toast\/#breadcrumb","itemListElement":[{"@type":"ListItem","position":1,"name":"Hem","item":"https:\/\/agitatordistillery.com\/"},{"@type":"ListItem","position":2,"name":"En h\u00e4lsning fr\u00e5n destilleriet!"}]},{"@type":"WebSite","@id":"https:\/\/agitatordistillery.com\/#website","url":"https:\/\/agitatordistillery.com\/","name":"Agitator","description":"The Swedish Distillery","publisher":{"@id":"https:\/\/agitatordistillery.com\/#organization"},"potentialAction":[{"@type":"SearchAction","target":{"@type":"EntryPoint","urlTemplate":"https:\/\/agitatordistillery.com\/?s={search_term_string}"},"query-input":{"@type":"PropertyValueSpecification","valueRequired":true,"valueName":"search_term_string"}}],"inLanguage":"en-GB"},{"@type":"Organization","@id":"https:\/\/agitatordistillery.com\/#organization","name":"Agitator","url":"https:\/\/agitatordistillery.com\/","logo":{"@type":"ImageObject","inLanguage":"en-GB","@id":"https:\/\/agitatordistillery.com\/#\/schema\/logo\/image\/","url":"https:\/\/agitatordistillery.com\/wp-content\/uploads\/2021\/10\/Agitator_Logotyp_2021_Small_Pos.png","contentUrl":"https:\/\/agitatordistillery.com\/wp-content\/uploads\/2021\/10\/Agitator_Logotyp_2021_Small_Pos.png","width":360,"height":200,"caption":"Agitator"},"image":{"@id":"https:\/\/agitatordistillery.com\/#\/schema\/logo\/image\/"},"sameAs":["https:\/\/www.facebook.com\/Agitator.Whisky","https:\/\/www.instagram.com\/agitator.whisky\/","https:\/\/www.linkedin.com\/company\/agitator-whisky\/","https:\/\/www.youtube.com\/channel\/UCuOnjXGpTaL1-NXFXL5ZHtg"]}]}},"_links":{"self":[{"href":"https:\/\/agitatordistillery.com\/en\/wp-json\/wp\/v2\/pages\/2441","targetHints":{"allow":["GET"]}}],"collection":[{"href":"https:\/\/agitatordistillery.com\/en\/wp-json\/wp\/v2\/pages"}],"about":[{"href":"https:\/\/agitatordistillery.com\/en\/wp-json\/wp\/v2\/types\/page"}],"author":[{"embeddable":true,"href":"https:\/\/agitatordistillery.com\/en\/wp-json\/wp\/v2\/users\/6"}],"replies":[{"embeddable":true,"href":"https:\/\/agitatordistillery.com\/en\/wp-json\/wp\/v2\/comments?post=2441"}],"version-history":[{"count":13,"href":"https:\/\/agitatordistillery.com\/en\/wp-json\/wp\/v2\/pages\/2441\/revisions"}],"predecessor-version":[{"id":3080,"href":"https:\/\/agitatordistillery.com\/en\/wp-json\/wp\/v2\/pages\/2441\/revisions\/3080"}],"wp:attachment":[{"href":"https:\/\/agitatordistillery.com\/en\/wp-json\/wp\/v2\/media?parent=2441"}],"curies":[{"name":"wp","href":"https:\/\/api.w.org\/{rel}","templated":true}]}}