{"id":2083,"date":"2023-06-09T09:43:14","date_gmt":"2023-06-09T07:43:14","guid":{"rendered":"https:\/\/agitatorwhisky.se\/?page_id=2083"},"modified":"2024-07-02T10:59:13","modified_gmt":"2024-07-02T08:59:13","slug":"argument-islay-px","status":"publish","type":"page","link":"https:\/\/agitatordistillery.com\/en\/argument-islay-px\/","title":{"rendered":"Argument Islay PX"},"content":{"rendered":"<h2>\n\t\tABOUT\n\t<\/h2>\n\t<p>Islay PX has been matured in quarter casks that previously held Islay whisky and Islay casks originally used to store Pedro Ximenez Sherry.<\/p>\n<h2>\n\t\tTASTING NOTES\n\t<\/h2>\n\t<h3>DOFT OCH SMAK<\/h3>\n<p>Light smokiness, saltiness with hints of sweet liquorice, nougat and dried fruit with figs and dates in the foreground. Long finish.<\/p>\n\t\t\t\t<img loading=\"lazy\" decoding=\"async\" data-src=\"https:\/\/agitatordistillery.com\/wp-content\/uploads\/2023\/05\/Agitator_IslayPX_Highres.png\" alt=\"Agitator_IslayPX_Highres\" itemprop=\"image\" height=\"4073\" width=\"2716\" title=\"Agitator_IslayPX_Highres\" onerror=\"this.style.display='none'\" src=\"data:image\/gif;base64,R0lGODlhAQABAAAAACH5BAEKAAEALAAAAAABAAEAAAICTAEAOw==\" class=\"lazyload\" style=\"--smush-placeholder-width: 2716px; --smush-placeholder-aspect-ratio: 2716\/4073;\" \/><noscript><img loading=\"lazy\" decoding=\"async\" src=\"https:\/\/agitatordistillery.com\/wp-content\/uploads\/2023\/05\/Agitator_IslayPX_Highres.png\" alt=\"Agitator_IslayPX_Highres\" itemprop=\"image\" height=\"4073\" width=\"2716\" title=\"Agitator_IslayPX_Highres\" onerror=\"this.style.display='none'\"  \/><\/noscript>","protected":false},"excerpt":{"rendered":"<p>OM Islay PX har lagrats p\u00e5 kvartsfat som tidigare inneh\u00f6ll Islay whisky och Islay-fat som ursprungligen anv\u00e4ndes f\u00f6r att lagra Pedro Ximenez Sherry. smaknoter DOFT OCH SMAK L\u00e4tt r\u00f6kighet, s\u00e4lta med inslag av s\u00f6tlakrits, nougat och torkad frukt med fikon och dadlar i f\u00f6rgrunden. L\u00e5ng avslutning.<\/p>","protected":false},"author":6,"featured_media":2110,"parent":0,"menu_order":0,"comment_status":"closed","ping_status":"closed","template":"","meta":{"_monsterinsights_skip_tracking":false,"_monsterinsights_sitenote_active":false,"_monsterinsights_sitenote_note":"","_monsterinsights_sitenote_category":0,"footnotes":""},"class_list":["post-2083","page","type-page","status-publish","has-post-thumbnail","hentry"],"yoast_head":"<!-- This site is optimized with the Yoast SEO plugin v27.4 - https:\/\/yoast.com\/product\/yoast-seo-wordpress\/ -->\n<title>Argument Islay PX - Agitator<\/title>\n<meta name=\"description\" content=\"V\u00e5r nya Argument Islay PX \u00e4r sommarens whisky. Den har legat p\u00e5 sm\u00e5fat som tidigare har anv\u00e4nts f\u00f6r b\u00e5de Islay-whisky och PX Sherry.\" \/>\n<meta name=\"robots\" content=\"index, follow, max-snippet:-1, max-image-preview:large, max-video-preview:-1\" \/>\n<link rel=\"canonical\" href=\"https:\/\/agitatordistillery.com\/en\/argument-islay-px\/\" \/>\n<meta property=\"og:locale\" content=\"en_GB\" \/>\n<meta property=\"og:type\" content=\"article\" \/>\n<meta property=\"og:title\" content=\"Argument Islay PX - Agitator\" \/>\n<meta property=\"og:description\" content=\"V\u00e5r nya Argument Islay PX \u00e4r sommarens whisky. Den har legat p\u00e5 sm\u00e5fat som tidigare har anv\u00e4nts f\u00f6r b\u00e5de Islay-whisky och PX Sherry.\" \/>\n<meta property=\"og:url\" content=\"https:\/\/agitatordistillery.com\/en\/argument-islay-px\/\" \/>\n<meta property=\"og:site_name\" content=\"Agitator\" \/>\n<meta property=\"article:publisher\" content=\"https:\/\/www.facebook.com\/Agitator.Whisky\" \/>\n<meta property=\"article:modified_time\" content=\"2024-07-02T08:59:13+00:00\" \/>\n<meta property=\"og:image\" content=\"https:\/\/agitatordistillery.com\/wp-content\/uploads\/2023\/05\/Agitator_Argument_IslayPX_Wide_Webb.jpg\" \/>\n\t<meta property=\"og:image:width\" content=\"2560\" \/>\n\t<meta property=\"og:image:height\" content=\"1600\" \/>\n\t<meta property=\"og:image:type\" content=\"image\/jpeg\" \/>\n<meta name=\"twitter:card\" content=\"summary_large_image\" \/>\n<meta name=\"twitter:label1\" content=\"Estimated reading time\" \/>\n\t<meta name=\"twitter:data1\" content=\"1 minute\" \/>\n<script type=\"application\/ld+json\" class=\"yoast-schema-graph\">{\"@context\":\"https:\\\/\\\/schema.org\",\"@graph\":[{\"@type\":\"WebPage\",\"@id\":\"https:\\\/\\\/agitatordistillery.com\\\/argument-islay-px\\\/\",\"url\":\"https:\\\/\\\/agitatordistillery.com\\\/argument-islay-px\\\/\",\"name\":\"Argument Islay PX - Agitator\",\"isPartOf\":{\"@id\":\"https:\\\/\\\/agitatordistillery.com\\\/#website\"},\"primaryImageOfPage\":{\"@id\":\"https:\\\/\\\/agitatordistillery.com\\\/argument-islay-px\\\/#primaryimage\"},\"image\":{\"@id\":\"https:\\\/\\\/agitatordistillery.com\\\/argument-islay-px\\\/#primaryimage\"},\"thumbnailUrl\":\"https:\\\/\\\/agitatordistillery.com\\\/wp-content\\\/uploads\\\/2023\\\/05\\\/Agitator_Argument_IslayPX_Wide_Webb.jpg\",\"datePublished\":\"2023-06-09T07:43:14+00:00\",\"dateModified\":\"2024-07-02T08:59:13+00:00\",\"description\":\"V\u00e5r nya Argument Islay PX \u00e4r sommarens whisky. Den har legat p\u00e5 sm\u00e5fat som tidigare har anv\u00e4nts f\u00f6r b\u00e5de Islay-whisky och PX Sherry.\",\"breadcrumb\":{\"@id\":\"https:\\\/\\\/agitatordistillery.com\\\/argument-islay-px\\\/#breadcrumb\"},\"inLanguage\":\"en-GB\",\"potentialAction\":[{\"@type\":\"ReadAction\",\"target\":[\"https:\\\/\\\/agitatordistillery.com\\\/argument-islay-px\\\/\"]}]},{\"@type\":\"ImageObject\",\"inLanguage\":\"en-GB\",\"@id\":\"https:\\\/\\\/agitatordistillery.com\\\/argument-islay-px\\\/#primaryimage\",\"url\":\"https:\\\/\\\/agitatordistillery.com\\\/wp-content\\\/uploads\\\/2023\\\/05\\\/Agitator_Argument_IslayPX_Wide_Webb.jpg\",\"contentUrl\":\"https:\\\/\\\/agitatordistillery.com\\\/wp-content\\\/uploads\\\/2023\\\/05\\\/Agitator_Argument_IslayPX_Wide_Webb.jpg\",\"width\":2560,\"height\":1600},{\"@type\":\"BreadcrumbList\",\"@id\":\"https:\\\/\\\/agitatordistillery.com\\\/argument-islay-px\\\/#breadcrumb\",\"itemListElement\":[{\"@type\":\"ListItem\",\"position\":1,\"name\":\"Hem\",\"item\":\"https:\\\/\\\/agitatordistillery.com\\\/sv_se\\\/\"},{\"@type\":\"ListItem\",\"position\":2,\"name\":\"Argument Islay PX\"}]},{\"@type\":\"WebSite\",\"@id\":\"https:\\\/\\\/agitatordistillery.com\\\/#website\",\"url\":\"https:\\\/\\\/agitatordistillery.com\\\/\",\"name\":\"Agitator\",\"description\":\"The Swedish Distillery\",\"publisher\":{\"@id\":\"https:\\\/\\\/agitatordistillery.com\\\/#organization\"},\"potentialAction\":[{\"@type\":\"SearchAction\",\"target\":{\"@type\":\"EntryPoint\",\"urlTemplate\":\"https:\\\/\\\/agitatordistillery.com\\\/?s={search_term_string}\"},\"query-input\":{\"@type\":\"PropertyValueSpecification\",\"valueRequired\":true,\"valueName\":\"search_term_string\"}}],\"inLanguage\":\"en-GB\"},{\"@type\":\"Organization\",\"@id\":\"https:\\\/\\\/agitatordistillery.com\\\/#organization\",\"name\":\"Agitator\",\"url\":\"https:\\\/\\\/agitatordistillery.com\\\/\",\"logo\":{\"@type\":\"ImageObject\",\"inLanguage\":\"en-GB\",\"@id\":\"https:\\\/\\\/agitatordistillery.com\\\/#\\\/schema\\\/logo\\\/image\\\/\",\"url\":\"https:\\\/\\\/agitatordistillery.com\\\/wp-content\\\/uploads\\\/2021\\\/10\\\/Agitator_Logotyp_2021_Small_Pos.png\",\"contentUrl\":\"https:\\\/\\\/agitatordistillery.com\\\/wp-content\\\/uploads\\\/2021\\\/10\\\/Agitator_Logotyp_2021_Small_Pos.png\",\"width\":360,\"height\":200,\"caption\":\"Agitator\"},\"image\":{\"@id\":\"https:\\\/\\\/agitatordistillery.com\\\/#\\\/schema\\\/logo\\\/image\\\/\"},\"sameAs\":[\"https:\\\/\\\/www.facebook.com\\\/Agitator.Whisky\",\"https:\\\/\\\/www.instagram.com\\\/agitator.whisky\\\/\",\"https:\\\/\\\/www.linkedin.com\\\/company\\\/agitator-whisky\\\/\",\"https:\\\/\\\/www.youtube.com\\\/channel\\\/UCuOnjXGpTaL1-NXFXL5ZHtg\"]}]}<\/script>\n<!-- \/ Yoast SEO plugin. -->","yoast_head_json":{"title":"Argument Islay PX - Agitator","description":"V\u00e5r nya Argument Islay PX \u00e4r sommarens whisky. Den har legat p\u00e5 sm\u00e5fat som tidigare har anv\u00e4nts f\u00f6r b\u00e5de Islay-whisky och PX Sherry.","robots":{"index":"index","follow":"follow","max-snippet":"max-snippet:-1","max-image-preview":"max-image-preview:large","max-video-preview":"max-video-preview:-1"},"canonical":"https:\/\/agitatordistillery.com\/en\/argument-islay-px\/","og_locale":"en_GB","og_type":"article","og_title":"Argument Islay PX - Agitator","og_description":"V\u00e5r nya Argument Islay PX \u00e4r sommarens whisky. Den har legat p\u00e5 sm\u00e5fat som tidigare har anv\u00e4nts f\u00f6r b\u00e5de Islay-whisky och PX Sherry.","og_url":"https:\/\/agitatordistillery.com\/en\/argument-islay-px\/","og_site_name":"Agitator","article_publisher":"https:\/\/www.facebook.com\/Agitator.Whisky","article_modified_time":"2024-07-02T08:59:13+00:00","og_image":[{"width":2560,"height":1600,"url":"https:\/\/agitatordistillery.com\/wp-content\/uploads\/2023\/05\/Agitator_Argument_IslayPX_Wide_Webb.jpg","type":"image\/jpeg"}],"twitter_card":"summary_large_image","twitter_misc":{"Estimated reading time":"1 minute"},"schema":{"@context":"https:\/\/schema.org","@graph":[{"@type":"WebPage","@id":"https:\/\/agitatordistillery.com\/argument-islay-px\/","url":"https:\/\/agitatordistillery.com\/argument-islay-px\/","name":"Argument Islay PX - Agitator","isPartOf":{"@id":"https:\/\/agitatordistillery.com\/#website"},"primaryImageOfPage":{"@id":"https:\/\/agitatordistillery.com\/argument-islay-px\/#primaryimage"},"image":{"@id":"https:\/\/agitatordistillery.com\/argument-islay-px\/#primaryimage"},"thumbnailUrl":"https:\/\/agitatordistillery.com\/wp-content\/uploads\/2023\/05\/Agitator_Argument_IslayPX_Wide_Webb.jpg","datePublished":"2023-06-09T07:43:14+00:00","dateModified":"2024-07-02T08:59:13+00:00","description":"V\u00e5r nya Argument Islay PX \u00e4r sommarens whisky. Den har legat p\u00e5 sm\u00e5fat som tidigare har anv\u00e4nts f\u00f6r b\u00e5de Islay-whisky och PX Sherry.","breadcrumb":{"@id":"https:\/\/agitatordistillery.com\/argument-islay-px\/#breadcrumb"},"inLanguage":"en-GB","potentialAction":[{"@type":"ReadAction","target":["https:\/\/agitatordistillery.com\/argument-islay-px\/"]}]},{"@type":"ImageObject","inLanguage":"en-GB","@id":"https:\/\/agitatordistillery.com\/argument-islay-px\/#primaryimage","url":"https:\/\/agitatordistillery.com\/wp-content\/uploads\/2023\/05\/Agitator_Argument_IslayPX_Wide_Webb.jpg","contentUrl":"https:\/\/agitatordistillery.com\/wp-content\/uploads\/2023\/05\/Agitator_Argument_IslayPX_Wide_Webb.jpg","width":2560,"height":1600},{"@type":"BreadcrumbList","@id":"https:\/\/agitatordistillery.com\/argument-islay-px\/#breadcrumb","itemListElement":[{"@type":"ListItem","position":1,"name":"Hem","item":"https:\/\/agitatordistillery.com\/sv_se\/"},{"@type":"ListItem","position":2,"name":"Argument Islay PX"}]},{"@type":"WebSite","@id":"https:\/\/agitatordistillery.com\/#website","url":"https:\/\/agitatordistillery.com\/","name":"Agitator","description":"The Swedish Distillery","publisher":{"@id":"https:\/\/agitatordistillery.com\/#organization"},"potentialAction":[{"@type":"SearchAction","target":{"@type":"EntryPoint","urlTemplate":"https:\/\/agitatordistillery.com\/?s={search_term_string}"},"query-input":{"@type":"PropertyValueSpecification","valueRequired":true,"valueName":"search_term_string"}}],"inLanguage":"en-GB"},{"@type":"Organization","@id":"https:\/\/agitatordistillery.com\/#organization","name":"Agitator","url":"https:\/\/agitatordistillery.com\/","logo":{"@type":"ImageObject","inLanguage":"en-GB","@id":"https:\/\/agitatordistillery.com\/#\/schema\/logo\/image\/","url":"https:\/\/agitatordistillery.com\/wp-content\/uploads\/2021\/10\/Agitator_Logotyp_2021_Small_Pos.png","contentUrl":"https:\/\/agitatordistillery.com\/wp-content\/uploads\/2021\/10\/Agitator_Logotyp_2021_Small_Pos.png","width":360,"height":200,"caption":"Agitator"},"image":{"@id":"https:\/\/agitatordistillery.com\/#\/schema\/logo\/image\/"},"sameAs":["https:\/\/www.facebook.com\/Agitator.Whisky","https:\/\/www.instagram.com\/agitator.whisky\/","https:\/\/www.linkedin.com\/company\/agitator-whisky\/","https:\/\/www.youtube.com\/channel\/UCuOnjXGpTaL1-NXFXL5ZHtg"]}]}},"_links":{"self":[{"href":"https:\/\/agitatordistillery.com\/en\/wp-json\/wp\/v2\/pages\/2083","targetHints":{"allow":["GET"]}}],"collection":[{"href":"https:\/\/agitatordistillery.com\/en\/wp-json\/wp\/v2\/pages"}],"about":[{"href":"https:\/\/agitatordistillery.com\/en\/wp-json\/wp\/v2\/types\/page"}],"author":[{"embeddable":true,"href":"https:\/\/agitatordistillery.com\/en\/wp-json\/wp\/v2\/users\/6"}],"replies":[{"embeddable":true,"href":"https:\/\/agitatordistillery.com\/en\/wp-json\/wp\/v2\/comments?post=2083"}],"version-history":[{"count":16,"href":"https:\/\/agitatordistillery.com\/en\/wp-json\/wp\/v2\/pages\/2083\/revisions"}],"predecessor-version":[{"id":2831,"href":"https:\/\/agitatordistillery.com\/en\/wp-json\/wp\/v2\/pages\/2083\/revisions\/2831"}],"wp:featuredmedia":[{"embeddable":true,"href":"https:\/\/agitatordistillery.com\/en\/wp-json\/wp\/v2\/media\/2110"}],"wp:attachment":[{"href":"https:\/\/agitatordistillery.com\/en\/wp-json\/wp\/v2\/media?parent=2083"}],"curies":[{"name":"wp","href":"https:\/\/api.w.org\/{rel}","templated":true}]}}