{"id":2014,"date":"2023-03-23T11:05:43","date_gmt":"2023-03-23T10:05:43","guid":{"rendered":"https:\/\/agitatorwhisky.se\/?page_id=2014"},"modified":"2024-09-03T12:09:10","modified_gmt":"2024-09-03T10:09:10","slug":"sweden-rock-23","status":"publish","type":"page","link":"https:\/\/agitatordistillery.com\/en\/sweden-rock-23\/","title":{"rendered":"Sweden Rock 23"},"content":{"rendered":"<h2>\n\t\tOM Sweden rock\n\t<\/h2>\n\t<p>With the exception of the two pandemic years, since 1992 hard rock lovers from all over the world have gathered at the Sweden Rock Festival in Blekinge to enjoy music, community, and a great festival atmosphere. For many of the festival visitors, combining the music experience with something good in their glass is part of the experience.<\/p>\n<p>In 2015, Sweden Rock launched its first limited edition whisky linked to the festival, which has since become an annual and appreciated tradition. Just like last year, the 2023 version was developed together with us at Agitator. For Sweden Rock 2023 Four Grains &amp; Wine Cask Malt Whisky, an innovative malt combination has been chosen in favor of a complex flavor profile.<\/p>\n<h2>\n\t\tTASTING NOTES\n\t<\/h2>\n\t<p>Instead of a traditional single malt, we have chosen to use four malts such as wheat, rye, barley, and oats, which gives the flavor a fun twist and a whisky that is unique. The whisky has been aged for over three years in red wine barrels, bourbon barrels, and barrels that previously held white port wine. Together, the barrel combination offers fruity notes, vanilla, and a lovely deep sweetness.<\/p>\n\t\t\t\t<img loading=\"lazy\" decoding=\"async\" data-src=\"https:\/\/agitatordistillery.com\/wp-content\/uploads\/2024\/08\/flaskaforp-copy.png\" alt=\"flaska+fo\u0308rp copy\" itemprop=\"image\" height=\"3887\" width=\"3617\" title=\"flaska+fo\u0308rp copy\" onerror=\"this.style.display='none'\" src=\"data:image\/gif;base64,R0lGODlhAQABAAAAACH5BAEKAAEALAAAAAABAAEAAAICTAEAOw==\" class=\"lazyload\" style=\"--smush-placeholder-width: 3617px; --smush-placeholder-aspect-ratio: 3617\/3887;\" \/><noscript><img loading=\"lazy\" decoding=\"async\" src=\"https:\/\/agitatordistillery.com\/wp-content\/uploads\/2024\/08\/flaskaforp-copy.png\" alt=\"flaska+fo\u0308rp copy\" itemprop=\"image\" height=\"3887\" width=\"3617\" title=\"flaska+fo\u0308rp copy\" onerror=\"this.style.display='none'\"  \/><\/noscript>","protected":false},"excerpt":{"rendered":"<p>OM Sweden rock Med undantag f\u00f6r de tv\u00e5 pandemi\u00e5ren s\u00e5 har h\u00e5rdrocks\u00e4lskare fr\u00e5n hela v\u00e4rlden sedan 1992 samlats p\u00e5 Sweden Rock Festival i Blekinge f\u00f6r att njuta av musik, gemenskap och h\u00e4rlig festivalst\u00e4mning. F\u00f6r m\u00e5nga av festivalbes\u00f6karna h\u00f6r det till att kombinera musikupplevelsen med n\u00e5got gott i glaset. 2015 lanserade Sweden Rock sin f\u00f6rsta limiterade&hellip;<\/p>","protected":false},"author":6,"featured_media":2015,"parent":0,"menu_order":0,"comment_status":"closed","ping_status":"closed","template":"","meta":{"footnotes":""},"class_list":["post-2014","page","type-page","status-publish","has-post-thumbnail","hentry"],"yoast_head":"<!-- This site is optimized with the Yoast SEO plugin v27.5 - https:\/\/yoast.com\/product\/yoast-seo-wordpress\/ -->\n<title>Sweden Rock 23 - Agitator<\/title>\n<meta name=\"description\" content=\"Varje \u00e5r sl\u00e4pper Sweden Rock Festivalen en limiterad whisky p\u00e5 Systembolaget och i \u00e5r har man samarbetat med oss p\u00e5 Agitator.\" \/>\n<meta name=\"robots\" content=\"index, follow, max-snippet:-1, max-image-preview:large, max-video-preview:-1\" \/>\n<link rel=\"canonical\" href=\"https:\/\/agitatordistillery.com\/en\/sweden-rock-23\/\" \/>\n<meta property=\"og:locale\" content=\"en_GB\" \/>\n<meta property=\"og:type\" content=\"article\" \/>\n<meta property=\"og:title\" content=\"Sweden Rock 23 - Agitator\" \/>\n<meta property=\"og:description\" content=\"Varje \u00e5r sl\u00e4pper Sweden Rock Festivalen en limiterad whisky p\u00e5 Systembolaget och i \u00e5r har man samarbetat med oss p\u00e5 Agitator.\" \/>\n<meta property=\"og:url\" content=\"https:\/\/agitatordistillery.com\/en\/sweden-rock-23\/\" \/>\n<meta property=\"og:site_name\" content=\"Agitator\" \/>\n<meta property=\"article:publisher\" content=\"https:\/\/www.facebook.com\/Agitator.Whisky\" \/>\n<meta property=\"article:modified_time\" content=\"2024-09-03T10:09:10+00:00\" \/>\n<meta property=\"og:image\" content=\"https:\/\/agitatordistillery.com\/wp-content\/uploads\/2023\/03\/flaskaforp.jpg\" \/>\n\t<meta property=\"og:image:width\" content=\"2435\" \/>\n\t<meta property=\"og:image:height\" content=\"2560\" \/>\n\t<meta property=\"og:image:type\" content=\"image\/jpeg\" \/>\n<meta name=\"twitter:card\" content=\"summary_large_image\" \/>\n<meta name=\"twitter:label1\" content=\"Estimated reading time\" \/>\n\t<meta name=\"twitter:data1\" content=\"1 minute\" \/>\n<script type=\"application\/ld+json\" class=\"yoast-schema-graph\">{\"@context\":\"https:\\\/\\\/schema.org\",\"@graph\":[{\"@type\":\"WebPage\",\"@id\":\"https:\\\/\\\/agitatordistillery.com\\\/sweden-rock-23\\\/\",\"url\":\"https:\\\/\\\/agitatordistillery.com\\\/sweden-rock-23\\\/\",\"name\":\"Sweden Rock 23 - Agitator\",\"isPartOf\":{\"@id\":\"https:\\\/\\\/agitatordistillery.com\\\/#website\"},\"primaryImageOfPage\":{\"@id\":\"https:\\\/\\\/agitatordistillery.com\\\/sweden-rock-23\\\/#primaryimage\"},\"image\":{\"@id\":\"https:\\\/\\\/agitatordistillery.com\\\/sweden-rock-23\\\/#primaryimage\"},\"thumbnailUrl\":\"https:\\\/\\\/agitatordistillery.com\\\/wp-content\\\/uploads\\\/2023\\\/03\\\/flaskaforp.jpg\",\"datePublished\":\"2023-03-23T10:05:43+00:00\",\"dateModified\":\"2024-09-03T10:09:10+00:00\",\"description\":\"Varje \u00e5r sl\u00e4pper Sweden Rock Festivalen en limiterad whisky p\u00e5 Systembolaget och i \u00e5r har man samarbetat med oss p\u00e5 Agitator.\",\"breadcrumb\":{\"@id\":\"https:\\\/\\\/agitatordistillery.com\\\/sweden-rock-23\\\/#breadcrumb\"},\"inLanguage\":\"en-GB\",\"potentialAction\":[{\"@type\":\"ReadAction\",\"target\":[\"https:\\\/\\\/agitatordistillery.com\\\/sweden-rock-23\\\/\"]}]},{\"@type\":\"ImageObject\",\"inLanguage\":\"en-GB\",\"@id\":\"https:\\\/\\\/agitatordistillery.com\\\/sweden-rock-23\\\/#primaryimage\",\"url\":\"https:\\\/\\\/agitatordistillery.com\\\/wp-content\\\/uploads\\\/2023\\\/03\\\/flaskaforp.jpg\",\"contentUrl\":\"https:\\\/\\\/agitatordistillery.com\\\/wp-content\\\/uploads\\\/2023\\\/03\\\/flaskaforp.jpg\",\"width\":2435,\"height\":2560,\"caption\":\"sweden rock whisky 2023\"},{\"@type\":\"BreadcrumbList\",\"@id\":\"https:\\\/\\\/agitatordistillery.com\\\/sweden-rock-23\\\/#breadcrumb\",\"itemListElement\":[{\"@type\":\"ListItem\",\"position\":1,\"name\":\"Hem\",\"item\":\"https:\\\/\\\/agitatordistillery.com\\\/\"},{\"@type\":\"ListItem\",\"position\":2,\"name\":\"Sweden Rock 23\"}]},{\"@type\":\"WebSite\",\"@id\":\"https:\\\/\\\/agitatordistillery.com\\\/#website\",\"url\":\"https:\\\/\\\/agitatordistillery.com\\\/\",\"name\":\"Agitator\",\"description\":\"The Swedish Distillery\",\"publisher\":{\"@id\":\"https:\\\/\\\/agitatordistillery.com\\\/#organization\"},\"potentialAction\":[{\"@type\":\"SearchAction\",\"target\":{\"@type\":\"EntryPoint\",\"urlTemplate\":\"https:\\\/\\\/agitatordistillery.com\\\/?s={search_term_string}\"},\"query-input\":{\"@type\":\"PropertyValueSpecification\",\"valueRequired\":true,\"valueName\":\"search_term_string\"}}],\"inLanguage\":\"en-GB\"},{\"@type\":\"Organization\",\"@id\":\"https:\\\/\\\/agitatordistillery.com\\\/#organization\",\"name\":\"Agitator\",\"url\":\"https:\\\/\\\/agitatordistillery.com\\\/\",\"logo\":{\"@type\":\"ImageObject\",\"inLanguage\":\"en-GB\",\"@id\":\"https:\\\/\\\/agitatordistillery.com\\\/#\\\/schema\\\/logo\\\/image\\\/\",\"url\":\"https:\\\/\\\/agitatordistillery.com\\\/wp-content\\\/uploads\\\/2021\\\/10\\\/Agitator_Logotyp_2021_Small_Pos.png\",\"contentUrl\":\"https:\\\/\\\/agitatordistillery.com\\\/wp-content\\\/uploads\\\/2021\\\/10\\\/Agitator_Logotyp_2021_Small_Pos.png\",\"width\":360,\"height\":200,\"caption\":\"Agitator\"},\"image\":{\"@id\":\"https:\\\/\\\/agitatordistillery.com\\\/#\\\/schema\\\/logo\\\/image\\\/\"},\"sameAs\":[\"https:\\\/\\\/www.facebook.com\\\/Agitator.Whisky\",\"https:\\\/\\\/www.instagram.com\\\/agitator.whisky\\\/\",\"https:\\\/\\\/www.linkedin.com\\\/company\\\/agitator-whisky\\\/\",\"https:\\\/\\\/www.youtube.com\\\/channel\\\/UCuOnjXGpTaL1-NXFXL5ZHtg\"]}]}<\/script>\n<!-- \/ Yoast SEO plugin. -->","yoast_head_json":{"title":"Sweden Rock 23 - Agitator","description":"Varje \u00e5r sl\u00e4pper Sweden Rock Festivalen en limiterad whisky p\u00e5 Systembolaget och i \u00e5r har man samarbetat med oss p\u00e5 Agitator.","robots":{"index":"index","follow":"follow","max-snippet":"max-snippet:-1","max-image-preview":"max-image-preview:large","max-video-preview":"max-video-preview:-1"},"canonical":"https:\/\/agitatordistillery.com\/en\/sweden-rock-23\/","og_locale":"en_GB","og_type":"article","og_title":"Sweden Rock 23 - Agitator","og_description":"Varje \u00e5r sl\u00e4pper Sweden Rock Festivalen en limiterad whisky p\u00e5 Systembolaget och i \u00e5r har man samarbetat med oss p\u00e5 Agitator.","og_url":"https:\/\/agitatordistillery.com\/en\/sweden-rock-23\/","og_site_name":"Agitator","article_publisher":"https:\/\/www.facebook.com\/Agitator.Whisky","article_modified_time":"2024-09-03T10:09:10+00:00","og_image":[{"width":2435,"height":2560,"url":"https:\/\/agitatordistillery.com\/wp-content\/uploads\/2023\/03\/flaskaforp.jpg","type":"image\/jpeg"}],"twitter_card":"summary_large_image","twitter_misc":{"Estimated reading time":"1 minute"},"schema":{"@context":"https:\/\/schema.org","@graph":[{"@type":"WebPage","@id":"https:\/\/agitatordistillery.com\/sweden-rock-23\/","url":"https:\/\/agitatordistillery.com\/sweden-rock-23\/","name":"Sweden Rock 23 - Agitator","isPartOf":{"@id":"https:\/\/agitatordistillery.com\/#website"},"primaryImageOfPage":{"@id":"https:\/\/agitatordistillery.com\/sweden-rock-23\/#primaryimage"},"image":{"@id":"https:\/\/agitatordistillery.com\/sweden-rock-23\/#primaryimage"},"thumbnailUrl":"https:\/\/agitatordistillery.com\/wp-content\/uploads\/2023\/03\/flaskaforp.jpg","datePublished":"2023-03-23T10:05:43+00:00","dateModified":"2024-09-03T10:09:10+00:00","description":"Varje \u00e5r sl\u00e4pper Sweden Rock Festivalen en limiterad whisky p\u00e5 Systembolaget och i \u00e5r har man samarbetat med oss p\u00e5 Agitator.","breadcrumb":{"@id":"https:\/\/agitatordistillery.com\/sweden-rock-23\/#breadcrumb"},"inLanguage":"en-GB","potentialAction":[{"@type":"ReadAction","target":["https:\/\/agitatordistillery.com\/sweden-rock-23\/"]}]},{"@type":"ImageObject","inLanguage":"en-GB","@id":"https:\/\/agitatordistillery.com\/sweden-rock-23\/#primaryimage","url":"https:\/\/agitatordistillery.com\/wp-content\/uploads\/2023\/03\/flaskaforp.jpg","contentUrl":"https:\/\/agitatordistillery.com\/wp-content\/uploads\/2023\/03\/flaskaforp.jpg","width":2435,"height":2560,"caption":"sweden rock whisky 2023"},{"@type":"BreadcrumbList","@id":"https:\/\/agitatordistillery.com\/sweden-rock-23\/#breadcrumb","itemListElement":[{"@type":"ListItem","position":1,"name":"Hem","item":"https:\/\/agitatordistillery.com\/"},{"@type":"ListItem","position":2,"name":"Sweden Rock 23"}]},{"@type":"WebSite","@id":"https:\/\/agitatordistillery.com\/#website","url":"https:\/\/agitatordistillery.com\/","name":"Agitator","description":"The Swedish Distillery","publisher":{"@id":"https:\/\/agitatordistillery.com\/#organization"},"potentialAction":[{"@type":"SearchAction","target":{"@type":"EntryPoint","urlTemplate":"https:\/\/agitatordistillery.com\/?s={search_term_string}"},"query-input":{"@type":"PropertyValueSpecification","valueRequired":true,"valueName":"search_term_string"}}],"inLanguage":"en-GB"},{"@type":"Organization","@id":"https:\/\/agitatordistillery.com\/#organization","name":"Agitator","url":"https:\/\/agitatordistillery.com\/","logo":{"@type":"ImageObject","inLanguage":"en-GB","@id":"https:\/\/agitatordistillery.com\/#\/schema\/logo\/image\/","url":"https:\/\/agitatordistillery.com\/wp-content\/uploads\/2021\/10\/Agitator_Logotyp_2021_Small_Pos.png","contentUrl":"https:\/\/agitatordistillery.com\/wp-content\/uploads\/2021\/10\/Agitator_Logotyp_2021_Small_Pos.png","width":360,"height":200,"caption":"Agitator"},"image":{"@id":"https:\/\/agitatordistillery.com\/#\/schema\/logo\/image\/"},"sameAs":["https:\/\/www.facebook.com\/Agitator.Whisky","https:\/\/www.instagram.com\/agitator.whisky\/","https:\/\/www.linkedin.com\/company\/agitator-whisky\/","https:\/\/www.youtube.com\/channel\/UCuOnjXGpTaL1-NXFXL5ZHtg"]}]}},"_links":{"self":[{"href":"https:\/\/agitatordistillery.com\/en\/wp-json\/wp\/v2\/pages\/2014","targetHints":{"allow":["GET"]}}],"collection":[{"href":"https:\/\/agitatordistillery.com\/en\/wp-json\/wp\/v2\/pages"}],"about":[{"href":"https:\/\/agitatordistillery.com\/en\/wp-json\/wp\/v2\/types\/page"}],"author":[{"embeddable":true,"href":"https:\/\/agitatordistillery.com\/en\/wp-json\/wp\/v2\/users\/6"}],"replies":[{"embeddable":true,"href":"https:\/\/agitatordistillery.com\/en\/wp-json\/wp\/v2\/comments?post=2014"}],"version-history":[{"count":9,"href":"https:\/\/agitatordistillery.com\/en\/wp-json\/wp\/v2\/pages\/2014\/revisions"}],"predecessor-version":[{"id":3241,"href":"https:\/\/agitatordistillery.com\/en\/wp-json\/wp\/v2\/pages\/2014\/revisions\/3241"}],"wp:featuredmedia":[{"embeddable":true,"href":"https:\/\/agitatordistillery.com\/en\/wp-json\/wp\/v2\/media\/2015"}],"wp:attachment":[{"href":"https:\/\/agitatordistillery.com\/en\/wp-json\/wp\/v2\/media?parent=2014"}],"curies":[{"name":"wp","href":"https:\/\/api.w.org\/{rel}","templated":true}]}}