{"id":1768,"date":"2023-01-19T15:52:17","date_gmt":"2023-01-19T14:52:17","guid":{"rendered":"https:\/\/agitatorwhisky.se\/?page_id=1768"},"modified":"2024-10-18T11:08:26","modified_gmt":"2024-10-18T09:08:26","slug":"samuelwhisky-no1","status":"publish","type":"page","link":"https:\/\/agitatordistillery.com\/en\/samuelwhisky-no1\/","title":{"rendered":"SamuelWhisky No1"},"content":{"rendered":"<h2>\n\t\tOM Whiskyn\n\t<\/h2>\n\t<p>In autumn 2022, in collaboration with whisky blogger and tasting leader Samuel Lindl\u00f6f, we have launched a unique whisky where Samuel himself has been actively involved in the process and contributed with his expertise. Samuel has carefully chosen to age the whisky in three small casks (new chestnut, sherry chestnut and sherry American oak) and two bourbon casks to create a complex and rich flavour profile.<\/p>\n<h2>\n\t\tTASTING NOTES\n\t<\/h2>\n\t<h3><strong>NOSE<\/strong><\/h3>\n<p>Dark dried fruits, vanilla, orange peel and sweet smoke create a rich and enticing aroma.<\/p>\n<h3><strong>TASTE<\/strong><\/h3>\n<p>Salt, straw, chocolate and spicy tannins are balanced by a strong dry smoke for an intense flavour experience.<\/p>\n\t\t\t\t<img loading=\"lazy\" decoding=\"async\" data-src=\"https:\/\/agitatordistillery.com\/wp-content\/uploads\/2024\/08\/Agitator_Samuel_0237_Ret_Frilagd_1920px.png\" alt=\"Agitator_Samuel_0237_Ret_Frilagd_1920px\" itemprop=\"image\" height=\"1920\" width=\"1280\" title=\"Agitator_Samuel_0237_Ret_Frilagd_1920px\" onerror=\"this.style.display='none'\" src=\"data:image\/gif;base64,R0lGODlhAQABAAAAACH5BAEKAAEALAAAAAABAAEAAAICTAEAOw==\" class=\"lazyload\" style=\"--smush-placeholder-width: 1280px; --smush-placeholder-aspect-ratio: 1280\/1920;\" \/><noscript><img loading=\"lazy\" decoding=\"async\" src=\"https:\/\/agitatordistillery.com\/wp-content\/uploads\/2024\/08\/Agitator_Samuel_0237_Ret_Frilagd_1920px.png\" alt=\"Agitator_Samuel_0237_Ret_Frilagd_1920px\" itemprop=\"image\" height=\"1920\" width=\"1280\" title=\"Agitator_Samuel_0237_Ret_Frilagd_1920px\" onerror=\"this.style.display='none'\"  \/><\/noscript>\n\t\t\t\t<img loading=\"lazy\" decoding=\"async\" data-src=\"https:\/\/agitatordistillery.com\/wp-content\/uploads\/2024\/08\/Snapinsta.app_313478256_1733520380357529_4032218179173773372_n_1080-copy.jpg\" alt=\"Snapinsta.app_313478256_1733520380357529_4032218179173773372_n_1080 copy\" itemprop=\"image\" height=\"1080\" width=\"1080\" title=\"Snapinsta.app_313478256_1733520380357529_4032218179173773372_n_1080 copy\" onerror=\"this.style.display='none'\" src=\"data:image\/gif;base64,R0lGODlhAQABAAAAACH5BAEKAAEALAAAAAABAAEAAAICTAEAOw==\" class=\"lazyload\" style=\"--smush-placeholder-width: 1080px; --smush-placeholder-aspect-ratio: 1080\/1080;\" \/><noscript><img loading=\"lazy\" decoding=\"async\" src=\"https:\/\/agitatordistillery.com\/wp-content\/uploads\/2024\/08\/Snapinsta.app_313478256_1733520380357529_4032218179173773372_n_1080-copy.jpg\" alt=\"Snapinsta.app_313478256_1733520380357529_4032218179173773372_n_1080 copy\" itemprop=\"image\" height=\"1080\" width=\"1080\" title=\"Snapinsta.app_313478256_1733520380357529_4032218179173773372_n_1080 copy\" onerror=\"this.style.display='none'\"  \/><\/noscript>\n<h2>\n\t\tsamuel lindl\u00f6f\n\t<\/h2>\n\t<h4>SAMUEL LINDL\u00d6F IS A RECOGNISED NAME IN THE WORLD OF WHISKY, WITH A CAREER AS A TASTING LEADER SINCE 2011 AND AS THE CREATOR OF THE POPULAR WHISKY BLOG SAMUELWHISKY. NOW THE MULTI-FACETED SAMUEL LINDL\u00d6F IS TAKING ANOTHER STEP IN HIS CAREER AS AN AMBASSADOR FOR AGITATOR, FOLLOWING THE SUCCESS OF SAMUELWHISKY NO.1.<\/h4>\n<h4>AS AMBASSADOR, SAMUEL WILL RUN PROJECTS FROM AGEING AND MATURATION TO BOTTLING AND LABELLING, WITH SUPPORT FROM AGITATOR'S DISTILLERY MANAGER OSKAR BRUNO AND DISTILLERY TECHNICIAN CHRISTIAN WIKSTR\u00d6M.<\/h4>\n\t\t\t<a href=\"https:\/\/www.instagram.com\/samuel_agitatorwhisky\/\" target=\"_blank\" rel=\"noopener\">\n\t\t\t\t\t\t\tF\u00f6lj Samuel p\u00e5 Instagram\n\t\t\t\t\t<\/a>\n\t\t\t<a href=\"https:\/\/www.facebook.com\/agitatorsamuel\" target=\"_blank\" rel=\"noopener\">\n\t\t\t\t\t\t\tF\u00f6lj Samuel p\u00e5 Facebook\n\t\t\t\t\t<\/a>","protected":false},"excerpt":{"rendered":"<p>OM Whiskyn Under h\u00f6sten 2022 har vi, i samarbete med whiskybloggaren och provningsledaren Samuel Lindl\u00f6f, lanserat en unik whisky d\u00e4r Samuel sj\u00e4lv har varit aktivt involverad i processen och bidragit med sin expertis. Samuel har noggrant valt att lagra whiskyn p\u00e5 tre sm\u00e5fat (ny kastanj, sherry kastanj och sherry amerikansk ek) samt tv\u00e5 bourbonfat f\u00f6r&hellip;<\/p>","protected":false},"author":6,"featured_media":1784,"parent":0,"menu_order":0,"comment_status":"closed","ping_status":"closed","template":"","meta":{"_monsterinsights_skip_tracking":false,"_monsterinsights_sitenote_active":false,"_monsterinsights_sitenote_note":"","_monsterinsights_sitenote_category":0,"footnotes":""},"class_list":["post-1768","page","type-page","status-publish","has-post-thumbnail","hentry"],"yoast_head":"<!-- This site is optimized with the Yoast SEO plugin v27.4 - https:\/\/yoast.com\/product\/yoast-seo-wordpress\/ -->\n<title>SamuelWhisky No1 - Agitator<\/title>\n<meta name=\"description\" content=\"Vi i samarbete med whiskybloggaren och provningsledaren Samuel Lindl\u00f6f har producerat en whisky. Den heter Samuelwhisky No1.\" \/>\n<meta name=\"robots\" content=\"index, follow, max-snippet:-1, max-image-preview:large, max-video-preview:-1\" \/>\n<link rel=\"canonical\" href=\"https:\/\/agitatordistillery.com\/en\/samuelwhisky-no1\/\" \/>\n<meta property=\"og:locale\" content=\"en_GB\" \/>\n<meta property=\"og:type\" content=\"article\" \/>\n<meta property=\"og:title\" content=\"SamuelWhisky No1 - Agitator\" \/>\n<meta property=\"og:description\" content=\"Vi i samarbete med whiskybloggaren och provningsledaren Samuel Lindl\u00f6f har producerat en whisky. Den heter Samuelwhisky No1.\" \/>\n<meta property=\"og:url\" content=\"https:\/\/agitatordistillery.com\/en\/samuelwhisky-no1\/\" \/>\n<meta property=\"og:site_name\" content=\"Agitator\" \/>\n<meta property=\"article:publisher\" content=\"https:\/\/www.facebook.com\/Agitator.Whisky\" \/>\n<meta property=\"article:modified_time\" content=\"2024-10-18T09:08:26+00:00\" \/>\n<meta property=\"og:image\" content=\"https:\/\/agitatordistillery.com\/wp-content\/uploads\/2023\/01\/Untitled-design-1.png\" \/>\n\t<meta property=\"og:image:width\" content=\"2560\" \/>\n\t<meta property=\"og:image:height\" content=\"1778\" \/>\n\t<meta property=\"og:image:type\" content=\"image\/png\" \/>\n<meta name=\"twitter:card\" content=\"summary_large_image\" \/>\n<meta name=\"twitter:label1\" content=\"Estimated reading time\" \/>\n\t<meta name=\"twitter:data1\" content=\"1 minute\" \/>\n<script type=\"application\/ld+json\" class=\"yoast-schema-graph\">{\"@context\":\"https:\\\/\\\/schema.org\",\"@graph\":[{\"@type\":\"WebPage\",\"@id\":\"https:\\\/\\\/agitatordistillery.com\\\/samuelwhisky-no1\\\/\",\"url\":\"https:\\\/\\\/agitatordistillery.com\\\/samuelwhisky-no1\\\/\",\"name\":\"SamuelWhisky No1 - Agitator\",\"isPartOf\":{\"@id\":\"https:\\\/\\\/agitatordistillery.com\\\/#website\"},\"primaryImageOfPage\":{\"@id\":\"https:\\\/\\\/agitatordistillery.com\\\/samuelwhisky-no1\\\/#primaryimage\"},\"image\":{\"@id\":\"https:\\\/\\\/agitatordistillery.com\\\/samuelwhisky-no1\\\/#primaryimage\"},\"thumbnailUrl\":\"https:\\\/\\\/agitatordistillery.com\\\/wp-content\\\/uploads\\\/2023\\\/01\\\/Untitled-design-1.png\",\"datePublished\":\"2023-01-19T14:52:17+00:00\",\"dateModified\":\"2024-10-18T09:08:26+00:00\",\"description\":\"Vi i samarbete med whiskybloggaren och provningsledaren Samuel Lindl\u00f6f har producerat en whisky. Den heter Samuelwhisky No1.\",\"breadcrumb\":{\"@id\":\"https:\\\/\\\/agitatordistillery.com\\\/samuelwhisky-no1\\\/#breadcrumb\"},\"inLanguage\":\"en-GB\",\"potentialAction\":[{\"@type\":\"ReadAction\",\"target\":[\"https:\\\/\\\/agitatordistillery.com\\\/samuelwhisky-no1\\\/\"]}]},{\"@type\":\"ImageObject\",\"inLanguage\":\"en-GB\",\"@id\":\"https:\\\/\\\/agitatordistillery.com\\\/samuelwhisky-no1\\\/#primaryimage\",\"url\":\"https:\\\/\\\/agitatordistillery.com\\\/wp-content\\\/uploads\\\/2023\\\/01\\\/Untitled-design-1.png\",\"contentUrl\":\"https:\\\/\\\/agitatordistillery.com\\\/wp-content\\\/uploads\\\/2023\\\/01\\\/Untitled-design-1.png\",\"width\":2560,\"height\":1778},{\"@type\":\"BreadcrumbList\",\"@id\":\"https:\\\/\\\/agitatordistillery.com\\\/samuelwhisky-no1\\\/#breadcrumb\",\"itemListElement\":[{\"@type\":\"ListItem\",\"position\":1,\"name\":\"Hem\",\"item\":\"https:\\\/\\\/agitatordistillery.com\\\/sv_se\\\/\"},{\"@type\":\"ListItem\",\"position\":2,\"name\":\"SamuelWhisky No1\"}]},{\"@type\":\"WebSite\",\"@id\":\"https:\\\/\\\/agitatordistillery.com\\\/#website\",\"url\":\"https:\\\/\\\/agitatordistillery.com\\\/\",\"name\":\"Agitator\",\"description\":\"The Swedish Distillery\",\"publisher\":{\"@id\":\"https:\\\/\\\/agitatordistillery.com\\\/#organization\"},\"potentialAction\":[{\"@type\":\"SearchAction\",\"target\":{\"@type\":\"EntryPoint\",\"urlTemplate\":\"https:\\\/\\\/agitatordistillery.com\\\/?s={search_term_string}\"},\"query-input\":{\"@type\":\"PropertyValueSpecification\",\"valueRequired\":true,\"valueName\":\"search_term_string\"}}],\"inLanguage\":\"en-GB\"},{\"@type\":\"Organization\",\"@id\":\"https:\\\/\\\/agitatordistillery.com\\\/#organization\",\"name\":\"Agitator\",\"url\":\"https:\\\/\\\/agitatordistillery.com\\\/\",\"logo\":{\"@type\":\"ImageObject\",\"inLanguage\":\"en-GB\",\"@id\":\"https:\\\/\\\/agitatordistillery.com\\\/#\\\/schema\\\/logo\\\/image\\\/\",\"url\":\"https:\\\/\\\/agitatordistillery.com\\\/wp-content\\\/uploads\\\/2021\\\/10\\\/Agitator_Logotyp_2021_Small_Pos.png\",\"contentUrl\":\"https:\\\/\\\/agitatordistillery.com\\\/wp-content\\\/uploads\\\/2021\\\/10\\\/Agitator_Logotyp_2021_Small_Pos.png\",\"width\":360,\"height\":200,\"caption\":\"Agitator\"},\"image\":{\"@id\":\"https:\\\/\\\/agitatordistillery.com\\\/#\\\/schema\\\/logo\\\/image\\\/\"},\"sameAs\":[\"https:\\\/\\\/www.facebook.com\\\/Agitator.Whisky\",\"https:\\\/\\\/www.instagram.com\\\/agitator.whisky\\\/\",\"https:\\\/\\\/www.linkedin.com\\\/company\\\/agitator-whisky\\\/\",\"https:\\\/\\\/www.youtube.com\\\/channel\\\/UCuOnjXGpTaL1-NXFXL5ZHtg\"]}]}<\/script>\n<!-- \/ Yoast SEO plugin. -->","yoast_head_json":{"title":"SamuelWhisky No1 - Agitator","description":"Vi i samarbete med whiskybloggaren och provningsledaren Samuel Lindl\u00f6f har producerat en whisky. Den heter Samuelwhisky No1.","robots":{"index":"index","follow":"follow","max-snippet":"max-snippet:-1","max-image-preview":"max-image-preview:large","max-video-preview":"max-video-preview:-1"},"canonical":"https:\/\/agitatordistillery.com\/en\/samuelwhisky-no1\/","og_locale":"en_GB","og_type":"article","og_title":"SamuelWhisky No1 - Agitator","og_description":"Vi i samarbete med whiskybloggaren och provningsledaren Samuel Lindl\u00f6f har producerat en whisky. Den heter Samuelwhisky No1.","og_url":"https:\/\/agitatordistillery.com\/en\/samuelwhisky-no1\/","og_site_name":"Agitator","article_publisher":"https:\/\/www.facebook.com\/Agitator.Whisky","article_modified_time":"2024-10-18T09:08:26+00:00","og_image":[{"width":2560,"height":1778,"url":"https:\/\/agitatordistillery.com\/wp-content\/uploads\/2023\/01\/Untitled-design-1.png","type":"image\/png"}],"twitter_card":"summary_large_image","twitter_misc":{"Estimated reading time":"1 minute"},"schema":{"@context":"https:\/\/schema.org","@graph":[{"@type":"WebPage","@id":"https:\/\/agitatordistillery.com\/samuelwhisky-no1\/","url":"https:\/\/agitatordistillery.com\/samuelwhisky-no1\/","name":"SamuelWhisky No1 - Agitator","isPartOf":{"@id":"https:\/\/agitatordistillery.com\/#website"},"primaryImageOfPage":{"@id":"https:\/\/agitatordistillery.com\/samuelwhisky-no1\/#primaryimage"},"image":{"@id":"https:\/\/agitatordistillery.com\/samuelwhisky-no1\/#primaryimage"},"thumbnailUrl":"https:\/\/agitatordistillery.com\/wp-content\/uploads\/2023\/01\/Untitled-design-1.png","datePublished":"2023-01-19T14:52:17+00:00","dateModified":"2024-10-18T09:08:26+00:00","description":"Vi i samarbete med whiskybloggaren och provningsledaren Samuel Lindl\u00f6f har producerat en whisky. Den heter Samuelwhisky No1.","breadcrumb":{"@id":"https:\/\/agitatordistillery.com\/samuelwhisky-no1\/#breadcrumb"},"inLanguage":"en-GB","potentialAction":[{"@type":"ReadAction","target":["https:\/\/agitatordistillery.com\/samuelwhisky-no1\/"]}]},{"@type":"ImageObject","inLanguage":"en-GB","@id":"https:\/\/agitatordistillery.com\/samuelwhisky-no1\/#primaryimage","url":"https:\/\/agitatordistillery.com\/wp-content\/uploads\/2023\/01\/Untitled-design-1.png","contentUrl":"https:\/\/agitatordistillery.com\/wp-content\/uploads\/2023\/01\/Untitled-design-1.png","width":2560,"height":1778},{"@type":"BreadcrumbList","@id":"https:\/\/agitatordistillery.com\/samuelwhisky-no1\/#breadcrumb","itemListElement":[{"@type":"ListItem","position":1,"name":"Hem","item":"https:\/\/agitatordistillery.com\/sv_se\/"},{"@type":"ListItem","position":2,"name":"SamuelWhisky No1"}]},{"@type":"WebSite","@id":"https:\/\/agitatordistillery.com\/#website","url":"https:\/\/agitatordistillery.com\/","name":"Agitator","description":"The Swedish Distillery","publisher":{"@id":"https:\/\/agitatordistillery.com\/#organization"},"potentialAction":[{"@type":"SearchAction","target":{"@type":"EntryPoint","urlTemplate":"https:\/\/agitatordistillery.com\/?s={search_term_string}"},"query-input":{"@type":"PropertyValueSpecification","valueRequired":true,"valueName":"search_term_string"}}],"inLanguage":"en-GB"},{"@type":"Organization","@id":"https:\/\/agitatordistillery.com\/#organization","name":"Agitator","url":"https:\/\/agitatordistillery.com\/","logo":{"@type":"ImageObject","inLanguage":"en-GB","@id":"https:\/\/agitatordistillery.com\/#\/schema\/logo\/image\/","url":"https:\/\/agitatordistillery.com\/wp-content\/uploads\/2021\/10\/Agitator_Logotyp_2021_Small_Pos.png","contentUrl":"https:\/\/agitatordistillery.com\/wp-content\/uploads\/2021\/10\/Agitator_Logotyp_2021_Small_Pos.png","width":360,"height":200,"caption":"Agitator"},"image":{"@id":"https:\/\/agitatordistillery.com\/#\/schema\/logo\/image\/"},"sameAs":["https:\/\/www.facebook.com\/Agitator.Whisky","https:\/\/www.instagram.com\/agitator.whisky\/","https:\/\/www.linkedin.com\/company\/agitator-whisky\/","https:\/\/www.youtube.com\/channel\/UCuOnjXGpTaL1-NXFXL5ZHtg"]}]}},"_links":{"self":[{"href":"https:\/\/agitatordistillery.com\/en\/wp-json\/wp\/v2\/pages\/1768","targetHints":{"allow":["GET"]}}],"collection":[{"href":"https:\/\/agitatordistillery.com\/en\/wp-json\/wp\/v2\/pages"}],"about":[{"href":"https:\/\/agitatordistillery.com\/en\/wp-json\/wp\/v2\/types\/page"}],"author":[{"embeddable":true,"href":"https:\/\/agitatordistillery.com\/en\/wp-json\/wp\/v2\/users\/6"}],"replies":[{"embeddable":true,"href":"https:\/\/agitatordistillery.com\/en\/wp-json\/wp\/v2\/comments?post=1768"}],"version-history":[{"count":13,"href":"https:\/\/agitatordistillery.com\/en\/wp-json\/wp\/v2\/pages\/1768\/revisions"}],"predecessor-version":[{"id":3515,"href":"https:\/\/agitatordistillery.com\/en\/wp-json\/wp\/v2\/pages\/1768\/revisions\/3515"}],"wp:featuredmedia":[{"embeddable":true,"href":"https:\/\/agitatordistillery.com\/en\/wp-json\/wp\/v2\/media\/1784"}],"wp:attachment":[{"href":"https:\/\/agitatordistillery.com\/en\/wp-json\/wp\/v2\/media?parent=1768"}],"curies":[{"name":"wp","href":"https:\/\/api.w.org\/{rel}","templated":true}]}}