{"id":1622,"date":"2022-04-20T17:31:25","date_gmt":"2022-04-20T15:31:25","guid":{"rendered":"https:\/\/agitatorwhisky.se\/?page_id=1622"},"modified":"2025-05-14T14:09:43","modified_gmt":"2025-05-14T12:09:43","slug":"blended-whisky","status":"publish","type":"page","link":"https:\/\/agitatordistillery.com\/en\/blended-whisky\/","title":{"rendered":"Blended Whisky"},"content":{"rendered":"<a href=\"https:\/\/www.amazon.co.uk\/dp\/B0CB6T9D8C?maas=maas_adg_BC975B43D892E1F32C61BCA53277FFC3_afap_abs&amp;ref_=aa_maas&amp;tag=maas&amp;th=1\" target=\"_blank\" rel=\"noopener\">\n\t\t\t\t\t\t\tORDER HERE\n\t\t\t<\/a>\n<h2>\n\t\t\tABOUT\t<\/h2>\n\t<p>A smooth Swedish blended whisky that elegantly marries tradition with innovation, creating a whisky that is as flavourful as it is forward-thinking. We have combined carefully crafted grain whisky with whisky matured on American oak, chestnut, sherry and bourbon casks.<\/p>\n<h2>\n\t\t\tTASTING NOTES\t<\/h2>\n\t<h3>NOSE<\/h3>\n<p>Juicy exotic fruit, smooth butterscotch, and the floral essence of orange blossoms.<\/p>\n<h3>TASTE<\/h3>\n<p>Delight in the taste of malt, chewy vanilla fudge, and caramelised sugar.<\/p>\n\t\t\t\t<img decoding=\"async\" data-src=\"https:\/\/agitatordistillery.com\/wp-content\/uploads\/2024\/04\/TSB_Blended.png\" alt=\"TSB_Blended\" itemprop=\"image\" height=\"720\" width=\"481\" title=\"TSB_Blended\" onerror=\"this.style.display='none'\" loading='lazy' src=\"data:image\/gif;base64,R0lGODlhAQABAAAAACH5BAEKAAEALAAAAAABAAEAAAICTAEAOw==\" class=\"lazyload\" style=\"--smush-placeholder-width: 481px; --smush-placeholder-aspect-ratio: 481\/720;\" \/><noscript><img decoding=\"async\" src=\"https:\/\/agitatordistillery.com\/wp-content\/uploads\/2024\/04\/TSB_Blended.png\" alt=\"TSB_Blended\" itemprop=\"image\" height=\"720\" width=\"481\" title=\"TSB_Blended\" onerror=\"this.style.display='none'\" loading='lazy' \/><\/noscript>\n<h2>\n\t\t\tGOLDEN STORM SOUR\t<\/h2>\n\t<p><strong>50 ml<\/strong> Agitator Swedish Blend Whisky<\/p>\n<p><strong>35 ml<\/strong> Malic acid from Sandberg's Drink Lab (or 30 ml lemon juice)<\/p>\n<p><strong>20 ml<\/strong> Cream<\/p>\n<p><strong>20 ml<\/strong> honey water (60% honey, 40% water)<\/p>\n<p><strong>10 ml<\/strong> egg white<\/p>\n<p>Top with soda water<\/p>\n<p>Shake all the ingredients first without ice for about 20 seconds, add plenty of ice to the shaker and shake for another 20 seconds. Pour 6-7 cl of soda water into the shaker and leave for about 20 seconds, then strain into a highball glass with a splash of soda in the bottom of the glass. Strain almost all the way up, wait 10 seconds and build until you get a lovely foamy crown!<\/p>","protected":false},"excerpt":{"rendered":"<p>BEST\u00c4LL H\u00c4R OM En len svensk blended whisky som p\u00e5 ett elegant s\u00e4tt f\u00f6renar tradition med innovation och skapar en whisky som \u00e4r lika smakrik som den \u00e4r fram\u00e5tblickande. Vi har kombinerat omsorgsfullt framst\u00e4lld grainwhisky med whisky lagrad p\u00e5 amerikanska ekfat, kastanjefat, sherryfat och bourbonfat. smaknoter DOFT Saftig exotisk frukt, len sm\u00f6rkola och blommig essens&hellip;<\/p>","protected":false},"author":6,"featured_media":0,"parent":0,"menu_order":0,"comment_status":"closed","ping_status":"closed","template":"","meta":{"footnotes":""},"class_list":["post-1622","page","type-page","status-publish","hentry"],"yoast_head":"<!-- This site is optimized with the Yoast SEO plugin v27.5 - https:\/\/yoast.com\/product\/yoast-seo-wordpress\/ -->\n<title>Blended Whisky - Agitator<\/title>\n<meta name=\"description\" content=\"En svensk blended whisky som passar till grillen, stugan, soffan eller i en drink. En prisv\u00e4rd blended whisky under 300 kr.\" \/>\n<meta name=\"robots\" content=\"index, follow, max-snippet:-1, max-image-preview:large, max-video-preview:-1\" \/>\n<link rel=\"canonical\" href=\"https:\/\/agitatordistillery.com\/en\/blended-whisky\/\" \/>\n<meta property=\"og:locale\" content=\"en_GB\" \/>\n<meta property=\"og:type\" content=\"article\" \/>\n<meta property=\"og:title\" content=\"Blended Whisky - Agitator\" \/>\n<meta property=\"og:description\" content=\"En svensk blended whisky som passar till grillen, stugan, soffan eller i en drink. En prisv\u00e4rd blended whisky under 300 kr.\" \/>\n<meta property=\"og:url\" content=\"https:\/\/agitatordistillery.com\/en\/blended-whisky\/\" \/>\n<meta property=\"og:site_name\" content=\"Agitator\" \/>\n<meta property=\"article:publisher\" content=\"https:\/\/www.facebook.com\/Agitator.Whisky\" \/>\n<meta property=\"article:modified_time\" content=\"2025-05-14T12:09:43+00:00\" \/>\n<meta property=\"og:image\" content=\"https:\/\/agitatordistillery.com\/wp-content\/uploads\/2024\/04\/TSB_Blended.png\" \/>\n<meta name=\"twitter:card\" content=\"summary_large_image\" \/>\n<meta name=\"twitter:label1\" content=\"Estimated reading time\" \/>\n\t<meta name=\"twitter:data1\" content=\"1 minute\" \/>\n<script type=\"application\/ld+json\" class=\"yoast-schema-graph\">{\"@context\":\"https:\\\/\\\/schema.org\",\"@graph\":[{\"@type\":\"WebPage\",\"@id\":\"https:\\\/\\\/agitatordistillery.com\\\/blended-whisky\\\/\",\"url\":\"https:\\\/\\\/agitatordistillery.com\\\/blended-whisky\\\/\",\"name\":\"Blended Whisky - Agitator\",\"isPartOf\":{\"@id\":\"https:\\\/\\\/agitatordistillery.com\\\/#website\"},\"primaryImageOfPage\":{\"@id\":\"https:\\\/\\\/agitatordistillery.com\\\/blended-whisky\\\/#primaryimage\"},\"image\":{\"@id\":\"https:\\\/\\\/agitatordistillery.com\\\/blended-whisky\\\/#primaryimage\"},\"thumbnailUrl\":\"https:\\\/\\\/agitatordistillery.com\\\/wp-content\\\/uploads\\\/2024\\\/04\\\/TSB_Blended.png\",\"datePublished\":\"2022-04-20T15:31:25+00:00\",\"dateModified\":\"2025-05-14T12:09:43+00:00\",\"description\":\"En svensk blended whisky som passar till grillen, stugan, soffan eller i en drink. En prisv\u00e4rd blended whisky under 300 kr.\",\"breadcrumb\":{\"@id\":\"https:\\\/\\\/agitatordistillery.com\\\/blended-whisky\\\/#breadcrumb\"},\"inLanguage\":\"en-GB\",\"potentialAction\":[{\"@type\":\"ReadAction\",\"target\":[\"https:\\\/\\\/agitatordistillery.com\\\/blended-whisky\\\/\"]}]},{\"@type\":\"ImageObject\",\"inLanguage\":\"en-GB\",\"@id\":\"https:\\\/\\\/agitatordistillery.com\\\/blended-whisky\\\/#primaryimage\",\"url\":\"https:\\\/\\\/agitatordistillery.com\\\/wp-content\\\/uploads\\\/2024\\\/04\\\/TSB_Blended.png\",\"contentUrl\":\"https:\\\/\\\/agitatordistillery.com\\\/wp-content\\\/uploads\\\/2024\\\/04\\\/TSB_Blended.png\"},{\"@type\":\"BreadcrumbList\",\"@id\":\"https:\\\/\\\/agitatordistillery.com\\\/blended-whisky\\\/#breadcrumb\",\"itemListElement\":[{\"@type\":\"ListItem\",\"position\":1,\"name\":\"Hem\",\"item\":\"https:\\\/\\\/agitatordistillery.com\\\/\"},{\"@type\":\"ListItem\",\"position\":2,\"name\":\"Blended Whisky\"}]},{\"@type\":\"WebSite\",\"@id\":\"https:\\\/\\\/agitatordistillery.com\\\/#website\",\"url\":\"https:\\\/\\\/agitatordistillery.com\\\/\",\"name\":\"Agitator\",\"description\":\"The Swedish Distillery\",\"publisher\":{\"@id\":\"https:\\\/\\\/agitatordistillery.com\\\/#organization\"},\"potentialAction\":[{\"@type\":\"SearchAction\",\"target\":{\"@type\":\"EntryPoint\",\"urlTemplate\":\"https:\\\/\\\/agitatordistillery.com\\\/?s={search_term_string}\"},\"query-input\":{\"@type\":\"PropertyValueSpecification\",\"valueRequired\":true,\"valueName\":\"search_term_string\"}}],\"inLanguage\":\"en-GB\"},{\"@type\":\"Organization\",\"@id\":\"https:\\\/\\\/agitatordistillery.com\\\/#organization\",\"name\":\"Agitator\",\"url\":\"https:\\\/\\\/agitatordistillery.com\\\/\",\"logo\":{\"@type\":\"ImageObject\",\"inLanguage\":\"en-GB\",\"@id\":\"https:\\\/\\\/agitatordistillery.com\\\/#\\\/schema\\\/logo\\\/image\\\/\",\"url\":\"https:\\\/\\\/agitatordistillery.com\\\/wp-content\\\/uploads\\\/2021\\\/10\\\/Agitator_Logotyp_2021_Small_Pos.png\",\"contentUrl\":\"https:\\\/\\\/agitatordistillery.com\\\/wp-content\\\/uploads\\\/2021\\\/10\\\/Agitator_Logotyp_2021_Small_Pos.png\",\"width\":360,\"height\":200,\"caption\":\"Agitator\"},\"image\":{\"@id\":\"https:\\\/\\\/agitatordistillery.com\\\/#\\\/schema\\\/logo\\\/image\\\/\"},\"sameAs\":[\"https:\\\/\\\/www.facebook.com\\\/Agitator.Whisky\",\"https:\\\/\\\/www.instagram.com\\\/agitator.whisky\\\/\",\"https:\\\/\\\/www.linkedin.com\\\/company\\\/agitator-whisky\\\/\",\"https:\\\/\\\/www.youtube.com\\\/channel\\\/UCuOnjXGpTaL1-NXFXL5ZHtg\"]}]}<\/script>\n<!-- \/ Yoast SEO plugin. -->","yoast_head_json":{"title":"Blended Whisky - Agitator","description":"En svensk blended whisky som passar till grillen, stugan, soffan eller i en drink. En prisv\u00e4rd blended whisky under 300 kr.","robots":{"index":"index","follow":"follow","max-snippet":"max-snippet:-1","max-image-preview":"max-image-preview:large","max-video-preview":"max-video-preview:-1"},"canonical":"https:\/\/agitatordistillery.com\/en\/blended-whisky\/","og_locale":"en_GB","og_type":"article","og_title":"Blended Whisky - Agitator","og_description":"En svensk blended whisky som passar till grillen, stugan, soffan eller i en drink. En prisv\u00e4rd blended whisky under 300 kr.","og_url":"https:\/\/agitatordistillery.com\/en\/blended-whisky\/","og_site_name":"Agitator","article_publisher":"https:\/\/www.facebook.com\/Agitator.Whisky","article_modified_time":"2025-05-14T12:09:43+00:00","og_image":[{"url":"https:\/\/agitatordistillery.com\/wp-content\/uploads\/2024\/04\/TSB_Blended.png","type":"","width":"","height":""}],"twitter_card":"summary_large_image","twitter_misc":{"Estimated reading time":"1 minute"},"schema":{"@context":"https:\/\/schema.org","@graph":[{"@type":"WebPage","@id":"https:\/\/agitatordistillery.com\/blended-whisky\/","url":"https:\/\/agitatordistillery.com\/blended-whisky\/","name":"Blended Whisky - Agitator","isPartOf":{"@id":"https:\/\/agitatordistillery.com\/#website"},"primaryImageOfPage":{"@id":"https:\/\/agitatordistillery.com\/blended-whisky\/#primaryimage"},"image":{"@id":"https:\/\/agitatordistillery.com\/blended-whisky\/#primaryimage"},"thumbnailUrl":"https:\/\/agitatordistillery.com\/wp-content\/uploads\/2024\/04\/TSB_Blended.png","datePublished":"2022-04-20T15:31:25+00:00","dateModified":"2025-05-14T12:09:43+00:00","description":"En svensk blended whisky som passar till grillen, stugan, soffan eller i en drink. En prisv\u00e4rd blended whisky under 300 kr.","breadcrumb":{"@id":"https:\/\/agitatordistillery.com\/blended-whisky\/#breadcrumb"},"inLanguage":"en-GB","potentialAction":[{"@type":"ReadAction","target":["https:\/\/agitatordistillery.com\/blended-whisky\/"]}]},{"@type":"ImageObject","inLanguage":"en-GB","@id":"https:\/\/agitatordistillery.com\/blended-whisky\/#primaryimage","url":"https:\/\/agitatordistillery.com\/wp-content\/uploads\/2024\/04\/TSB_Blended.png","contentUrl":"https:\/\/agitatordistillery.com\/wp-content\/uploads\/2024\/04\/TSB_Blended.png"},{"@type":"BreadcrumbList","@id":"https:\/\/agitatordistillery.com\/blended-whisky\/#breadcrumb","itemListElement":[{"@type":"ListItem","position":1,"name":"Hem","item":"https:\/\/agitatordistillery.com\/"},{"@type":"ListItem","position":2,"name":"Blended Whisky"}]},{"@type":"WebSite","@id":"https:\/\/agitatordistillery.com\/#website","url":"https:\/\/agitatordistillery.com\/","name":"Agitator","description":"The Swedish Distillery","publisher":{"@id":"https:\/\/agitatordistillery.com\/#organization"},"potentialAction":[{"@type":"SearchAction","target":{"@type":"EntryPoint","urlTemplate":"https:\/\/agitatordistillery.com\/?s={search_term_string}"},"query-input":{"@type":"PropertyValueSpecification","valueRequired":true,"valueName":"search_term_string"}}],"inLanguage":"en-GB"},{"@type":"Organization","@id":"https:\/\/agitatordistillery.com\/#organization","name":"Agitator","url":"https:\/\/agitatordistillery.com\/","logo":{"@type":"ImageObject","inLanguage":"en-GB","@id":"https:\/\/agitatordistillery.com\/#\/schema\/logo\/image\/","url":"https:\/\/agitatordistillery.com\/wp-content\/uploads\/2021\/10\/Agitator_Logotyp_2021_Small_Pos.png","contentUrl":"https:\/\/agitatordistillery.com\/wp-content\/uploads\/2021\/10\/Agitator_Logotyp_2021_Small_Pos.png","width":360,"height":200,"caption":"Agitator"},"image":{"@id":"https:\/\/agitatordistillery.com\/#\/schema\/logo\/image\/"},"sameAs":["https:\/\/www.facebook.com\/Agitator.Whisky","https:\/\/www.instagram.com\/agitator.whisky\/","https:\/\/www.linkedin.com\/company\/agitator-whisky\/","https:\/\/www.youtube.com\/channel\/UCuOnjXGpTaL1-NXFXL5ZHtg"]}]}},"_links":{"self":[{"href":"https:\/\/agitatordistillery.com\/en\/wp-json\/wp\/v2\/pages\/1622","targetHints":{"allow":["GET"]}}],"collection":[{"href":"https:\/\/agitatordistillery.com\/en\/wp-json\/wp\/v2\/pages"}],"about":[{"href":"https:\/\/agitatordistillery.com\/en\/wp-json\/wp\/v2\/types\/page"}],"author":[{"embeddable":true,"href":"https:\/\/agitatordistillery.com\/en\/wp-json\/wp\/v2\/users\/6"}],"replies":[{"embeddable":true,"href":"https:\/\/agitatordistillery.com\/en\/wp-json\/wp\/v2\/comments?post=1622"}],"version-history":[{"count":25,"href":"https:\/\/agitatordistillery.com\/en\/wp-json\/wp\/v2\/pages\/1622\/revisions"}],"predecessor-version":[{"id":3846,"href":"https:\/\/agitatordistillery.com\/en\/wp-json\/wp\/v2\/pages\/1622\/revisions\/3846"}],"wp:attachment":[{"href":"https:\/\/agitatordistillery.com\/en\/wp-json\/wp\/v2\/media?parent=1622"}],"curies":[{"name":"wp","href":"https:\/\/api.w.org\/{rel}","templated":true}]}}