{"id":1140,"date":"2021-10-01T09:29:28","date_gmt":"2021-10-01T07:29:28","guid":{"rendered":"https:\/\/develop.agitatorwhisky.se\/?page_id=1140"},"modified":"2023-03-03T10:28:43","modified_gmt":"2023-03-03T09:28:43","slug":"hallbar-produktion","status":"publish","type":"page","link":"https:\/\/agitatordistillery.com\/en\/hallbar-produktion\/","title":{"rendered":"H\u00e5llbar produktion"},"content":{"rendered":"<h2>\n\t\tFOCUS ON SUSTAINABLE PRODUCTION\n\t<\/h2>\n\t\t\t\t<img loading=\"lazy\" decoding=\"async\" data-src=\"https:\/\/agitatordistillery.com\/wp-content\/uploads\/2021\/08\/Green_production.jpg\" alt=\"Green_production\" itemprop=\"image\" height=\"595\" width=\"1400\" title=\"Green_production\" onerror=\"this.style.display='none'\" src=\"data:image\/gif;base64,R0lGODlhAQABAAAAACH5BAEKAAEALAAAAAABAAEAAAICTAEAOw==\" class=\"lazyload\" style=\"--smush-placeholder-width: 1400px; --smush-placeholder-aspect-ratio: 1400\/595;\"><noscript><img loading=\"lazy\" decoding=\"async\" src=\"https:\/\/agitatordistillery.com\/wp-content\/uploads\/2021\/08\/Green_production.jpg\" alt=\"Green_production\" itemprop=\"image\" height=\"595\" width=\"1400\" title=\"Green_production\" onerror=\"this.style.display='none'\"><\/noscript>\n\t<p>Our production process is designed to minimize our environmental imprint. These are a few examples of how we planned our distillery and our production in order to become one of the greenest whisky distilleries in the world:<\/p>\n<p>All energy for our distillation is supplied by the district heating network, and the highly efficient hot water boilers used there. We receive hot water for our process and when we have extracted our needs, we return the still hot water to the network, where it will go on to heat homes and offices in the town of Arboga.<\/p>\n<p>All the energy we buy from the district heating network is produced from renewable energy sources. We burn no oil in our production.<\/p>\n<p>All destillering sker under vakuum. V\u00e5rt val att designa v\u00e5ra pannor f\u00f6r destillation under vakuum handlar fr\u00e4mst om att det ger en b\u00e4ttre sprit.&nbsp;Men det har ocks\u00e5 den f\u00f6rdelen att vi s\u00e4nker kokpunkten vilket i sin tur g\u00f6r att processen blir betydligt mindre&nbsp;energikr\u00e4vande.<\/p>\n<p>We reclaim as much energy as possible. The idea behind it is that no heating that is added to -or created in the distillery should go to waste. One example is that the excess heat from our spirit stills is used to run our mash stills and our brewing system. This is made possible solely thanks to our unique vacuum- and hot water system.<\/p>\n<p>We use an open cooling tower, utilizing the low Swedish outdoor temperature for cooling.<\/p>\n<p>Our draff is collected by a local farmer who uses it for animal feed.<\/p>\n<p>The residue from the distillation is used to produce biogas.<\/p>\n<p>The distillation process heats the air in the distillery, after which the air is moved into the warehouse to heat it during winter.<\/p>\n<p>The cooling jackets on the washbacks are used to heat water used in other parts of the production process.<\/p>","protected":false},"excerpt":{"rendered":"<p>FOKUS P\u00c5 H\u00c5LLBAR PRODUKTION V\u00e5r tillverkningsprocess \u00e4r utformad f\u00f6r att g\u00f6ra ett minimalt milj\u00f6m\u00e4ssigt fotavtryck. H\u00e4r \u00e4r n\u00e5gra exempel p\u00e5 hur vi designat v\u00e5rt destilleri och v\u00e5r drift f\u00f6r att bli ett av v\u00e4rldens gr\u00f6naste whiskydestillerier: All v\u00e5r energi f\u00f6r destillering kommer fr\u00e5n fj\u00e4rrv\u00e4rmen\u00e4tet och de effektiva hetvattenpannor som anv\u00e4nds d\u00e4r. Vi f\u00e5r in hetvatten&hellip;<\/p>","protected":false},"author":6,"featured_media":1173,"parent":0,"menu_order":0,"comment_status":"closed","ping_status":"closed","template":"","meta":{"_monsterinsights_skip_tracking":false,"_monsterinsights_sitenote_active":false,"_monsterinsights_sitenote_note":"","_monsterinsights_sitenote_category":0,"footnotes":""},"class_list":["post-1140","page","type-page","status-publish","has-post-thumbnail","hentry"],"yoast_head":"<!-- This site is optimized with the Yoast SEO plugin v27.4 - https:\/\/yoast.com\/product\/yoast-seo-wordpress\/ -->\n<title>H\u00e5llbar produktion - Agitator<\/title>\n<meta name=\"description\" content=\"V\u00e5r tillverkningsprocess \u00e4r utformad f\u00f6r att g\u00f6ra ett minimalt milj\u00f6m\u00e4ssigt fotavtryck. Vi str\u00e4var \u00e5t en h\u00e5llbar produktion av whisky.\" \/>\n<meta name=\"robots\" content=\"index, follow, max-snippet:-1, max-image-preview:large, max-video-preview:-1\" \/>\n<link rel=\"canonical\" href=\"https:\/\/agitatordistillery.com\/en\/hallbar-produktion\/\" \/>\n<meta property=\"og:locale\" content=\"en_GB\" \/>\n<meta property=\"og:type\" content=\"article\" \/>\n<meta property=\"og:title\" content=\"H\u00e5llbar produktion - Agitator\" \/>\n<meta property=\"og:description\" content=\"V\u00e5r tillverkningsprocess \u00e4r utformad f\u00f6r att g\u00f6ra ett minimalt milj\u00f6m\u00e4ssigt fotavtryck. Vi str\u00e4var \u00e5t en h\u00e5llbar produktion av whisky.\" \/>\n<meta property=\"og:url\" content=\"https:\/\/agitatordistillery.com\/en\/hallbar-produktion\/\" \/>\n<meta property=\"og:site_name\" content=\"Agitator\" \/>\n<meta property=\"article:publisher\" content=\"https:\/\/www.facebook.com\/Agitator.Whisky\" \/>\n<meta property=\"article:modified_time\" content=\"2023-03-03T09:28:43+00:00\" \/>\n<meta property=\"og:image\" content=\"https:\/\/agitatordistillery.com\/wp-content\/uploads\/2021\/10\/Agitator_Spritska\u030ap.jpg\" \/>\n\t<meta property=\"og:image:width\" content=\"800\" \/>\n\t<meta property=\"og:image:height\" content=\"600\" \/>\n\t<meta property=\"og:image:type\" content=\"image\/jpeg\" \/>\n<meta name=\"twitter:card\" content=\"summary_large_image\" \/>\n<meta name=\"twitter:label1\" content=\"Estimated reading time\" \/>\n\t<meta name=\"twitter:data1\" content=\"2 minutes\" \/>\n<script type=\"application\/ld+json\" class=\"yoast-schema-graph\">{\"@context\":\"https:\\\/\\\/schema.org\",\"@graph\":[{\"@type\":\"WebPage\",\"@id\":\"https:\\\/\\\/agitatordistillery.com\\\/hallbar-produktion\\\/\",\"url\":\"https:\\\/\\\/agitatordistillery.com\\\/hallbar-produktion\\\/\",\"name\":\"H\u00e5llbar produktion - Agitator\",\"isPartOf\":{\"@id\":\"https:\\\/\\\/agitatordistillery.com\\\/#website\"},\"primaryImageOfPage\":{\"@id\":\"https:\\\/\\\/agitatordistillery.com\\\/hallbar-produktion\\\/#primaryimage\"},\"image\":{\"@id\":\"https:\\\/\\\/agitatordistillery.com\\\/hallbar-produktion\\\/#primaryimage\"},\"thumbnailUrl\":\"https:\\\/\\\/agitatordistillery.com\\\/wp-content\\\/uploads\\\/2021\\\/10\\\/Agitator_Spritska\u030ap.jpg\",\"datePublished\":\"2021-10-01T07:29:28+00:00\",\"dateModified\":\"2023-03-03T09:28:43+00:00\",\"description\":\"V\u00e5r tillverkningsprocess \u00e4r utformad f\u00f6r att g\u00f6ra ett minimalt milj\u00f6m\u00e4ssigt fotavtryck. Vi str\u00e4var \u00e5t en h\u00e5llbar produktion av whisky.\",\"breadcrumb\":{\"@id\":\"https:\\\/\\\/agitatordistillery.com\\\/hallbar-produktion\\\/#breadcrumb\"},\"inLanguage\":\"en-GB\",\"potentialAction\":[{\"@type\":\"ReadAction\",\"target\":[\"https:\\\/\\\/agitatordistillery.com\\\/hallbar-produktion\\\/\"]}]},{\"@type\":\"ImageObject\",\"inLanguage\":\"en-GB\",\"@id\":\"https:\\\/\\\/agitatordistillery.com\\\/hallbar-produktion\\\/#primaryimage\",\"url\":\"https:\\\/\\\/agitatordistillery.com\\\/wp-content\\\/uploads\\\/2021\\\/10\\\/Agitator_Spritska\u030ap.jpg\",\"contentUrl\":\"https:\\\/\\\/agitatordistillery.com\\\/wp-content\\\/uploads\\\/2021\\\/10\\\/Agitator_Spritska\u030ap.jpg\",\"width\":800,\"height\":600,\"caption\":\"produktion av h\u00e5llbar whisky\"},{\"@type\":\"BreadcrumbList\",\"@id\":\"https:\\\/\\\/agitatordistillery.com\\\/hallbar-produktion\\\/#breadcrumb\",\"itemListElement\":[{\"@type\":\"ListItem\",\"position\":1,\"name\":\"Hem\",\"item\":\"https:\\\/\\\/agitatordistillery.com\\\/sv_se\\\/\"},{\"@type\":\"ListItem\",\"position\":2,\"name\":\"H\u00e5llbar produktion\"}]},{\"@type\":\"WebSite\",\"@id\":\"https:\\\/\\\/agitatordistillery.com\\\/#website\",\"url\":\"https:\\\/\\\/agitatordistillery.com\\\/\",\"name\":\"Agitator\",\"description\":\"The Swedish Distillery\",\"publisher\":{\"@id\":\"https:\\\/\\\/agitatordistillery.com\\\/#organization\"},\"potentialAction\":[{\"@type\":\"SearchAction\",\"target\":{\"@type\":\"EntryPoint\",\"urlTemplate\":\"https:\\\/\\\/agitatordistillery.com\\\/?s={search_term_string}\"},\"query-input\":{\"@type\":\"PropertyValueSpecification\",\"valueRequired\":true,\"valueName\":\"search_term_string\"}}],\"inLanguage\":\"en-GB\"},{\"@type\":\"Organization\",\"@id\":\"https:\\\/\\\/agitatordistillery.com\\\/#organization\",\"name\":\"Agitator\",\"url\":\"https:\\\/\\\/agitatordistillery.com\\\/\",\"logo\":{\"@type\":\"ImageObject\",\"inLanguage\":\"en-GB\",\"@id\":\"https:\\\/\\\/agitatordistillery.com\\\/#\\\/schema\\\/logo\\\/image\\\/\",\"url\":\"https:\\\/\\\/agitatordistillery.com\\\/wp-content\\\/uploads\\\/2021\\\/10\\\/Agitator_Logotyp_2021_Small_Pos.png\",\"contentUrl\":\"https:\\\/\\\/agitatordistillery.com\\\/wp-content\\\/uploads\\\/2021\\\/10\\\/Agitator_Logotyp_2021_Small_Pos.png\",\"width\":360,\"height\":200,\"caption\":\"Agitator\"},\"image\":{\"@id\":\"https:\\\/\\\/agitatordistillery.com\\\/#\\\/schema\\\/logo\\\/image\\\/\"},\"sameAs\":[\"https:\\\/\\\/www.facebook.com\\\/Agitator.Whisky\",\"https:\\\/\\\/www.instagram.com\\\/agitator.whisky\\\/\",\"https:\\\/\\\/www.linkedin.com\\\/company\\\/agitator-whisky\\\/\",\"https:\\\/\\\/www.youtube.com\\\/channel\\\/UCuOnjXGpTaL1-NXFXL5ZHtg\"]}]}<\/script>\n<!-- \/ Yoast SEO plugin. -->","yoast_head_json":{"title":"H\u00e5llbar produktion - Agitator","description":"V\u00e5r tillverkningsprocess \u00e4r utformad f\u00f6r att g\u00f6ra ett minimalt milj\u00f6m\u00e4ssigt fotavtryck. Vi str\u00e4var \u00e5t en h\u00e5llbar produktion av whisky.","robots":{"index":"index","follow":"follow","max-snippet":"max-snippet:-1","max-image-preview":"max-image-preview:large","max-video-preview":"max-video-preview:-1"},"canonical":"https:\/\/agitatordistillery.com\/en\/hallbar-produktion\/","og_locale":"en_GB","og_type":"article","og_title":"H\u00e5llbar produktion - Agitator","og_description":"V\u00e5r tillverkningsprocess \u00e4r utformad f\u00f6r att g\u00f6ra ett minimalt milj\u00f6m\u00e4ssigt fotavtryck. Vi str\u00e4var \u00e5t en h\u00e5llbar produktion av whisky.","og_url":"https:\/\/agitatordistillery.com\/en\/hallbar-produktion\/","og_site_name":"Agitator","article_publisher":"https:\/\/www.facebook.com\/Agitator.Whisky","article_modified_time":"2023-03-03T09:28:43+00:00","og_image":[{"width":800,"height":600,"url":"https:\/\/agitatordistillery.com\/wp-content\/uploads\/2021\/10\/Agitator_Spritska\u030ap.jpg","type":"image\/jpeg"}],"twitter_card":"summary_large_image","twitter_misc":{"Estimated reading time":"2 minutes"},"schema":{"@context":"https:\/\/schema.org","@graph":[{"@type":"WebPage","@id":"https:\/\/agitatordistillery.com\/hallbar-produktion\/","url":"https:\/\/agitatordistillery.com\/hallbar-produktion\/","name":"H\u00e5llbar produktion - Agitator","isPartOf":{"@id":"https:\/\/agitatordistillery.com\/#website"},"primaryImageOfPage":{"@id":"https:\/\/agitatordistillery.com\/hallbar-produktion\/#primaryimage"},"image":{"@id":"https:\/\/agitatordistillery.com\/hallbar-produktion\/#primaryimage"},"thumbnailUrl":"https:\/\/agitatordistillery.com\/wp-content\/uploads\/2021\/10\/Agitator_Spritska\u030ap.jpg","datePublished":"2021-10-01T07:29:28+00:00","dateModified":"2023-03-03T09:28:43+00:00","description":"V\u00e5r tillverkningsprocess \u00e4r utformad f\u00f6r att g\u00f6ra ett minimalt milj\u00f6m\u00e4ssigt fotavtryck. Vi str\u00e4var \u00e5t en h\u00e5llbar produktion av whisky.","breadcrumb":{"@id":"https:\/\/agitatordistillery.com\/hallbar-produktion\/#breadcrumb"},"inLanguage":"en-GB","potentialAction":[{"@type":"ReadAction","target":["https:\/\/agitatordistillery.com\/hallbar-produktion\/"]}]},{"@type":"ImageObject","inLanguage":"en-GB","@id":"https:\/\/agitatordistillery.com\/hallbar-produktion\/#primaryimage","url":"https:\/\/agitatordistillery.com\/wp-content\/uploads\/2021\/10\/Agitator_Spritska\u030ap.jpg","contentUrl":"https:\/\/agitatordistillery.com\/wp-content\/uploads\/2021\/10\/Agitator_Spritska\u030ap.jpg","width":800,"height":600,"caption":"produktion av h\u00e5llbar whisky"},{"@type":"BreadcrumbList","@id":"https:\/\/agitatordistillery.com\/hallbar-produktion\/#breadcrumb","itemListElement":[{"@type":"ListItem","position":1,"name":"Hem","item":"https:\/\/agitatordistillery.com\/sv_se\/"},{"@type":"ListItem","position":2,"name":"H\u00e5llbar produktion"}]},{"@type":"WebSite","@id":"https:\/\/agitatordistillery.com\/#website","url":"https:\/\/agitatordistillery.com\/","name":"Agitator","description":"The Swedish Distillery","publisher":{"@id":"https:\/\/agitatordistillery.com\/#organization"},"potentialAction":[{"@type":"SearchAction","target":{"@type":"EntryPoint","urlTemplate":"https:\/\/agitatordistillery.com\/?s={search_term_string}"},"query-input":{"@type":"PropertyValueSpecification","valueRequired":true,"valueName":"search_term_string"}}],"inLanguage":"en-GB"},{"@type":"Organization","@id":"https:\/\/agitatordistillery.com\/#organization","name":"Agitator","url":"https:\/\/agitatordistillery.com\/","logo":{"@type":"ImageObject","inLanguage":"en-GB","@id":"https:\/\/agitatordistillery.com\/#\/schema\/logo\/image\/","url":"https:\/\/agitatordistillery.com\/wp-content\/uploads\/2021\/10\/Agitator_Logotyp_2021_Small_Pos.png","contentUrl":"https:\/\/agitatordistillery.com\/wp-content\/uploads\/2021\/10\/Agitator_Logotyp_2021_Small_Pos.png","width":360,"height":200,"caption":"Agitator"},"image":{"@id":"https:\/\/agitatordistillery.com\/#\/schema\/logo\/image\/"},"sameAs":["https:\/\/www.facebook.com\/Agitator.Whisky","https:\/\/www.instagram.com\/agitator.whisky\/","https:\/\/www.linkedin.com\/company\/agitator-whisky\/","https:\/\/www.youtube.com\/channel\/UCuOnjXGpTaL1-NXFXL5ZHtg"]}]}},"_links":{"self":[{"href":"https:\/\/agitatordistillery.com\/en\/wp-json\/wp\/v2\/pages\/1140","targetHints":{"allow":["GET"]}}],"collection":[{"href":"https:\/\/agitatordistillery.com\/en\/wp-json\/wp\/v2\/pages"}],"about":[{"href":"https:\/\/agitatordistillery.com\/en\/wp-json\/wp\/v2\/types\/page"}],"author":[{"embeddable":true,"href":"https:\/\/agitatordistillery.com\/en\/wp-json\/wp\/v2\/users\/6"}],"replies":[{"embeddable":true,"href":"https:\/\/agitatordistillery.com\/en\/wp-json\/wp\/v2\/comments?post=1140"}],"version-history":[{"count":3,"href":"https:\/\/agitatordistillery.com\/en\/wp-json\/wp\/v2\/pages\/1140\/revisions"}],"predecessor-version":[{"id":1933,"href":"https:\/\/agitatordistillery.com\/en\/wp-json\/wp\/v2\/pages\/1140\/revisions\/1933"}],"wp:featuredmedia":[{"embeddable":true,"href":"https:\/\/agitatordistillery.com\/en\/wp-json\/wp\/v2\/media\/1173"}],"wp:attachment":[{"href":"https:\/\/agitatordistillery.com\/en\/wp-json\/wp\/v2\/media?parent=1140"}],"curies":[{"name":"wp","href":"https:\/\/api.w.org\/{rel}","templated":true}]}}