{"id":914,"date":"2021-09-02T15:50:43","date_gmt":"2021-09-02T13:50:43","guid":{"rendered":"https:\/\/develop.agitatorwhisky.se\/?page_id=914"},"modified":"2024-03-20T08:58:16","modified_gmt":"2024-03-20T07:58:16","slug":"argument-kastanj","status":"publish","type":"page","link":"https:\/\/agitatordistillery.com\/de\/argument-kastanj\/","title":{"rendered":"Argument Kastanj"},"content":{"rendered":"\n\n\t\t\t<a href=\"https:\/\/www.systembolaget.se\/produkt\/sprit\/agitator-4145801\/\" target=\"_blank\" rel=\"noopener\">\n\t\t\t\t\t\t\tBEST\u00c4LL H\u00c4R\n\t\t\t<\/a>\n\t<h3>chestnut cask<\/h3>\n\t<h5>Volym<\/h5>\n<p>70 CL<\/p>\n\t<h5>ALKOHOLHALT<\/h5>\n<p>43 % VOL<\/p>\n\t<h5>OM VI ALLTID F\u00d6LJDE REGLERNA HADE V\u00c5RA MEST \u00c4LSKADE PRODUKTER ALDRIG SETT DAGENS LJUS.\u00a0VI P\u00c5 AGITATOR GILLAR ATT UTMANA KONVENTIONERNA OCH ERBJUDA WHISKY SOM ANDRA INTE KAN, VILL ELLER V\u00c5GAR G\u00d6RA.<\/h5>\n\t<h5>LAGRING<\/h5>\n<p>Denna unika whisky \u00e4r lagrad p\u00e5 kastanjefat, vilket faktiskt \u00e4r f\u00f6rbjudet enligt &#8221;The Scotch Whisky Regulations&#8221;. Skotsk whisky f\u00e5r bara lagras p\u00e5 ekfat. Det tycker vi \u00e4r urdumt. Kastanjefaten ger n\u00e4mligen whiskyn en distinkt karakt\u00e4r och en smakupplevelse som skiljer sig fr\u00e5n traditionella ekfat. Kastanjefaten ger en djupare f\u00e4rg och mer tanniner och str\u00e4vhet. Men det ger oss ocks\u00e5 komplexa smaker.<\/p>\n\t<h5>DOFT &amp; SMAK<\/h5>\n<p>Chestnut Cask har en doft av torkad frukt med inslag av s\u00f6ta russintoner och r\u00f6da b\u00e4r. Lagringen p\u00e5 kastanjefat g\u00f6r att smaken domineras av samma toner som du hittar i doften. Dessa kompletteras av l\u00e4tta toner av honung och vanilj, d\u00e4r det sistn\u00e4mnda kommer fr\u00e5n f\u00f6rlagringen p\u00e5 Bourbonfat. Smaken \u00e4r ganska l\u00e5ng men finst\u00e4md och f\u00e5r lite torrt avslut d\u00e4r tr\u00e4ets tanniner kommer in. En l\u00e4tt r\u00f6kton finns i bakgrunden och ger komplexitet till whiskyn.<\/p>\n\t<h5>PASSAR TILL<\/h5>\n<p>Smakrika ostar och choklad.<\/p>\n\t<h5>TILLG\u00c4NGLIGHET<\/h5>\n<p>Finns att k\u00f6pa p\u00e5 systembolaget.se<\/p>\n\t\t\t<a href=\"https:\/\/www.systembolaget.se\/produkt\/sprit\/agitator-4145801\/\" target=\"_blank\" rel=\"noopener\">\n\t\t\t\t\t\t\tBEST\u00c4LL H\u00c4R\n\t\t\t<\/a>\n\t\t\t\t<img loading=\"lazy\" decoding=\"async\" data-src=\"https:\/\/agitatordistillery.com\/wp-content\/uploads\/2024\/03\/Agitator_Miljo_Chestnut_2891_2880px45-copy.jpg\" alt=\"Agitator_Miljo_Chestnut_2891_2880px[45] copy\" itemprop=\"image\" height=\"1461\" width=\"2045\" title=\"Agitator_Miljo_Chestnut_2891_2880px[45] copy\" onerror=\"this.style.display='none'\" src=\"data:image\/gif;base64,R0lGODlhAQABAAAAACH5BAEKAAEALAAAAAABAAEAAAICTAEAOw==\" class=\"lazyload\" style=\"--smush-placeholder-width: 2045px; --smush-placeholder-aspect-ratio: 2045\/1461;\" \/><noscript><img loading=\"lazy\" decoding=\"async\" src=\"https:\/\/agitatordistillery.com\/wp-content\/uploads\/2024\/03\/Agitator_Miljo_Chestnut_2891_2880px45-copy.jpg\" alt=\"Agitator_Miljo_Chestnut_2891_2880px[45] copy\" itemprop=\"image\" height=\"1461\" width=\"2045\" title=\"Agitator_Miljo_Chestnut_2891_2880px[45] copy\" onerror=\"this.style.display='none'\"  \/><\/noscript>\n\n","protected":false},"excerpt":{"rendered":"<p>BEST\u00c4LL H\u00c4R chestnut cask Volym 70 CL ALKOHOLHALT 43 % VOL OM VI ALLTID F\u00d6LJDE REGLERNA HADE V\u00c5RA MEST \u00c4LSKADE PRODUKTER ALDRIG SETT DAGENS LJUS.\u00a0VI P\u00c5 AGITATOR GILLAR ATT UTMANA KONVENTIONERNA OCH ERBJUDA WHISKY SOM ANDRA INTE KAN, VILL ELLER V\u00c5GAR G\u00d6RA. LAGRING Denna unika whisky \u00e4r lagrad p\u00e5 kastanjefat, vilket faktiskt \u00e4r f\u00f6rbjudet enligt&hellip;<\/p>","protected":false},"author":6,"featured_media":2542,"parent":0,"menu_order":0,"comment_status":"closed","ping_status":"closed","template":"","meta":{"_monsterinsights_skip_tracking":false,"_monsterinsights_sitenote_active":false,"_monsterinsights_sitenote_note":"","_monsterinsights_sitenote_category":0,"footnotes":""},"class_list":["post-914","page","type-page","status-publish","has-post-thumbnail","hentry"],"yoast_head":"<!-- This site is optimized with the Yoast SEO plugin v27.4 - https:\/\/yoast.com\/product\/yoast-seo-wordpress\/ -->\n<title>Argument Kastanj - Agitator<\/title>\n<meta name=\"description\" content=\"Argument Kastanj en unik svensk whisky som lagrats p\u00e5 kastanjefat. Med toner av torkad frukt, honung, russin och tr\u00e4.\" \/>\n<meta name=\"robots\" content=\"index, follow, max-snippet:-1, max-image-preview:large, max-video-preview:-1\" \/>\n<link rel=\"canonical\" href=\"https:\/\/agitatordistillery.com\/de\/argument-kastanj\/\" \/>\n<meta property=\"og:locale\" content=\"de_DE\" \/>\n<meta property=\"og:type\" content=\"article\" \/>\n<meta property=\"og:title\" content=\"Argument Kastanj - Agitator\" \/>\n<meta property=\"og:description\" content=\"Argument Kastanj en unik svensk whisky som lagrats p\u00e5 kastanjefat. Med toner av torkad frukt, honung, russin och tr\u00e4.\" \/>\n<meta property=\"og:url\" content=\"https:\/\/agitatordistillery.com\/de\/argument-kastanj\/\" \/>\n<meta property=\"og:site_name\" content=\"Agitator\" \/>\n<meta property=\"article:publisher\" content=\"https:\/\/www.facebook.com\/Agitator.Whisky\" \/>\n<meta property=\"article:modified_time\" content=\"2024-03-20T07:58:16+00:00\" \/>\n<meta property=\"og:image\" content=\"https:\/\/agitatordistillery.com\/wp-content\/uploads\/2024\/03\/Agitator_Chestnut_Frilagd_2741_Webb.png\" \/>\n\t<meta property=\"og:image:width\" content=\"480\" \/>\n\t<meta property=\"og:image:height\" content=\"678\" \/>\n\t<meta property=\"og:image:type\" content=\"image\/png\" \/>\n<meta name=\"twitter:card\" content=\"summary_large_image\" \/>\n<meta name=\"twitter:label1\" content=\"Gesch\u00e4tzte Lesezeit\" \/>\n\t<meta name=\"twitter:data1\" content=\"2\u00a0Minuten\" \/>\n<script type=\"application\/ld+json\" class=\"yoast-schema-graph\">{\"@context\":\"https:\\\/\\\/schema.org\",\"@graph\":[{\"@type\":\"WebPage\",\"@id\":\"https:\\\/\\\/agitatordistillery.com\\\/argument-kastanj\\\/\",\"url\":\"https:\\\/\\\/agitatordistillery.com\\\/argument-kastanj\\\/\",\"name\":\"Argument Kastanj - Agitator\",\"isPartOf\":{\"@id\":\"https:\\\/\\\/agitatordistillery.com\\\/#website\"},\"primaryImageOfPage\":{\"@id\":\"https:\\\/\\\/agitatordistillery.com\\\/argument-kastanj\\\/#primaryimage\"},\"image\":{\"@id\":\"https:\\\/\\\/agitatordistillery.com\\\/argument-kastanj\\\/#primaryimage\"},\"thumbnailUrl\":\"https:\\\/\\\/agitatordistillery.com\\\/wp-content\\\/uploads\\\/2024\\\/03\\\/Agitator_Chestnut_Frilagd_2741_Webb.png\",\"datePublished\":\"2021-09-02T13:50:43+00:00\",\"dateModified\":\"2024-03-20T07:58:16+00:00\",\"description\":\"Argument Kastanj en unik svensk whisky som lagrats p\u00e5 kastanjefat. Med toner av torkad frukt, honung, russin och tr\u00e4.\",\"breadcrumb\":{\"@id\":\"https:\\\/\\\/agitatordistillery.com\\\/argument-kastanj\\\/#breadcrumb\"},\"inLanguage\":\"de\",\"potentialAction\":[{\"@type\":\"ReadAction\",\"target\":[\"https:\\\/\\\/agitatordistillery.com\\\/argument-kastanj\\\/\"]}]},{\"@type\":\"ImageObject\",\"inLanguage\":\"de\",\"@id\":\"https:\\\/\\\/agitatordistillery.com\\\/argument-kastanj\\\/#primaryimage\",\"url\":\"https:\\\/\\\/agitatordistillery.com\\\/wp-content\\\/uploads\\\/2024\\\/03\\\/Agitator_Chestnut_Frilagd_2741_Webb.png\",\"contentUrl\":\"https:\\\/\\\/agitatordistillery.com\\\/wp-content\\\/uploads\\\/2024\\\/03\\\/Agitator_Chestnut_Frilagd_2741_Webb.png\",\"width\":480,\"height\":678},{\"@type\":\"BreadcrumbList\",\"@id\":\"https:\\\/\\\/agitatordistillery.com\\\/argument-kastanj\\\/#breadcrumb\",\"itemListElement\":[{\"@type\":\"ListItem\",\"position\":1,\"name\":\"Hem\",\"item\":\"https:\\\/\\\/agitatordistillery.com\\\/sv_se\\\/\"},{\"@type\":\"ListItem\",\"position\":2,\"name\":\"Argument Kastanj\"}]},{\"@type\":\"WebSite\",\"@id\":\"https:\\\/\\\/agitatordistillery.com\\\/#website\",\"url\":\"https:\\\/\\\/agitatordistillery.com\\\/\",\"name\":\"Agitator\",\"description\":\"The Swedish Distillery\",\"publisher\":{\"@id\":\"https:\\\/\\\/agitatordistillery.com\\\/#organization\"},\"potentialAction\":[{\"@type\":\"SearchAction\",\"target\":{\"@type\":\"EntryPoint\",\"urlTemplate\":\"https:\\\/\\\/agitatordistillery.com\\\/?s={search_term_string}\"},\"query-input\":{\"@type\":\"PropertyValueSpecification\",\"valueRequired\":true,\"valueName\":\"search_term_string\"}}],\"inLanguage\":\"de\"},{\"@type\":\"Organization\",\"@id\":\"https:\\\/\\\/agitatordistillery.com\\\/#organization\",\"name\":\"Agitator\",\"url\":\"https:\\\/\\\/agitatordistillery.com\\\/\",\"logo\":{\"@type\":\"ImageObject\",\"inLanguage\":\"de\",\"@id\":\"https:\\\/\\\/agitatordistillery.com\\\/#\\\/schema\\\/logo\\\/image\\\/\",\"url\":\"https:\\\/\\\/agitatordistillery.com\\\/wp-content\\\/uploads\\\/2021\\\/10\\\/Agitator_Logotyp_2021_Small_Pos.png\",\"contentUrl\":\"https:\\\/\\\/agitatordistillery.com\\\/wp-content\\\/uploads\\\/2021\\\/10\\\/Agitator_Logotyp_2021_Small_Pos.png\",\"width\":360,\"height\":200,\"caption\":\"Agitator\"},\"image\":{\"@id\":\"https:\\\/\\\/agitatordistillery.com\\\/#\\\/schema\\\/logo\\\/image\\\/\"},\"sameAs\":[\"https:\\\/\\\/www.facebook.com\\\/Agitator.Whisky\",\"https:\\\/\\\/www.instagram.com\\\/agitator.whisky\\\/\",\"https:\\\/\\\/www.linkedin.com\\\/company\\\/agitator-whisky\\\/\",\"https:\\\/\\\/www.youtube.com\\\/channel\\\/UCuOnjXGpTaL1-NXFXL5ZHtg\"]}]}<\/script>\n<!-- \/ Yoast SEO plugin. -->","yoast_head_json":{"title":"Argument Kastanj - Agitator","description":"Argument Kastanj en unik svensk whisky som lagrats p\u00e5 kastanjefat. Med toner av torkad frukt, honung, russin och tr\u00e4.","robots":{"index":"index","follow":"follow","max-snippet":"max-snippet:-1","max-image-preview":"max-image-preview:large","max-video-preview":"max-video-preview:-1"},"canonical":"https:\/\/agitatordistillery.com\/de\/argument-kastanj\/","og_locale":"de_DE","og_type":"article","og_title":"Argument Kastanj - Agitator","og_description":"Argument Kastanj en unik svensk whisky som lagrats p\u00e5 kastanjefat. Med toner av torkad frukt, honung, russin och tr\u00e4.","og_url":"https:\/\/agitatordistillery.com\/de\/argument-kastanj\/","og_site_name":"Agitator","article_publisher":"https:\/\/www.facebook.com\/Agitator.Whisky","article_modified_time":"2024-03-20T07:58:16+00:00","og_image":[{"width":480,"height":678,"url":"https:\/\/agitatordistillery.com\/wp-content\/uploads\/2024\/03\/Agitator_Chestnut_Frilagd_2741_Webb.png","type":"image\/png"}],"twitter_card":"summary_large_image","twitter_misc":{"Gesch\u00e4tzte Lesezeit":"2\u00a0Minuten"},"schema":{"@context":"https:\/\/schema.org","@graph":[{"@type":"WebPage","@id":"https:\/\/agitatordistillery.com\/argument-kastanj\/","url":"https:\/\/agitatordistillery.com\/argument-kastanj\/","name":"Argument Kastanj - Agitator","isPartOf":{"@id":"https:\/\/agitatordistillery.com\/#website"},"primaryImageOfPage":{"@id":"https:\/\/agitatordistillery.com\/argument-kastanj\/#primaryimage"},"image":{"@id":"https:\/\/agitatordistillery.com\/argument-kastanj\/#primaryimage"},"thumbnailUrl":"https:\/\/agitatordistillery.com\/wp-content\/uploads\/2024\/03\/Agitator_Chestnut_Frilagd_2741_Webb.png","datePublished":"2021-09-02T13:50:43+00:00","dateModified":"2024-03-20T07:58:16+00:00","description":"Argument Kastanj en unik svensk whisky som lagrats p\u00e5 kastanjefat. Med toner av torkad frukt, honung, russin och tr\u00e4.","breadcrumb":{"@id":"https:\/\/agitatordistillery.com\/argument-kastanj\/#breadcrumb"},"inLanguage":"de","potentialAction":[{"@type":"ReadAction","target":["https:\/\/agitatordistillery.com\/argument-kastanj\/"]}]},{"@type":"ImageObject","inLanguage":"de","@id":"https:\/\/agitatordistillery.com\/argument-kastanj\/#primaryimage","url":"https:\/\/agitatordistillery.com\/wp-content\/uploads\/2024\/03\/Agitator_Chestnut_Frilagd_2741_Webb.png","contentUrl":"https:\/\/agitatordistillery.com\/wp-content\/uploads\/2024\/03\/Agitator_Chestnut_Frilagd_2741_Webb.png","width":480,"height":678},{"@type":"BreadcrumbList","@id":"https:\/\/agitatordistillery.com\/argument-kastanj\/#breadcrumb","itemListElement":[{"@type":"ListItem","position":1,"name":"Hem","item":"https:\/\/agitatordistillery.com\/sv_se\/"},{"@type":"ListItem","position":2,"name":"Argument Kastanj"}]},{"@type":"WebSite","@id":"https:\/\/agitatordistillery.com\/#website","url":"https:\/\/agitatordistillery.com\/","name":"Agitator","description":"The Swedish Distillery","publisher":{"@id":"https:\/\/agitatordistillery.com\/#organization"},"potentialAction":[{"@type":"SearchAction","target":{"@type":"EntryPoint","urlTemplate":"https:\/\/agitatordistillery.com\/?s={search_term_string}"},"query-input":{"@type":"PropertyValueSpecification","valueRequired":true,"valueName":"search_term_string"}}],"inLanguage":"de"},{"@type":"Organization","@id":"https:\/\/agitatordistillery.com\/#organization","name":"Agitator","url":"https:\/\/agitatordistillery.com\/","logo":{"@type":"ImageObject","inLanguage":"de","@id":"https:\/\/agitatordistillery.com\/#\/schema\/logo\/image\/","url":"https:\/\/agitatordistillery.com\/wp-content\/uploads\/2021\/10\/Agitator_Logotyp_2021_Small_Pos.png","contentUrl":"https:\/\/agitatordistillery.com\/wp-content\/uploads\/2021\/10\/Agitator_Logotyp_2021_Small_Pos.png","width":360,"height":200,"caption":"Agitator"},"image":{"@id":"https:\/\/agitatordistillery.com\/#\/schema\/logo\/image\/"},"sameAs":["https:\/\/www.facebook.com\/Agitator.Whisky","https:\/\/www.instagram.com\/agitator.whisky\/","https:\/\/www.linkedin.com\/company\/agitator-whisky\/","https:\/\/www.youtube.com\/channel\/UCuOnjXGpTaL1-NXFXL5ZHtg"]}]}},"_links":{"self":[{"href":"https:\/\/agitatordistillery.com\/de\/wp-json\/wp\/v2\/pages\/914","targetHints":{"allow":["GET"]}}],"collection":[{"href":"https:\/\/agitatordistillery.com\/de\/wp-json\/wp\/v2\/pages"}],"about":[{"href":"https:\/\/agitatordistillery.com\/de\/wp-json\/wp\/v2\/types\/page"}],"author":[{"embeddable":true,"href":"https:\/\/agitatordistillery.com\/de\/wp-json\/wp\/v2\/users\/6"}],"replies":[{"embeddable":true,"href":"https:\/\/agitatordistillery.com\/de\/wp-json\/wp\/v2\/comments?post=914"}],"version-history":[{"count":31,"href":"https:\/\/agitatordistillery.com\/de\/wp-json\/wp\/v2\/pages\/914\/revisions"}],"predecessor-version":[{"id":2622,"href":"https:\/\/agitatordistillery.com\/de\/wp-json\/wp\/v2\/pages\/914\/revisions\/2622"}],"wp:featuredmedia":[{"embeddable":true,"href":"https:\/\/agitatordistillery.com\/de\/wp-json\/wp\/v2\/media\/2542"}],"wp:attachment":[{"href":"https:\/\/agitatordistillery.com\/de\/wp-json\/wp\/v2\/media?parent=914"}],"curies":[{"name":"wp","href":"https:\/\/api.w.org\/{rel}","templated":true}]}}