{"id":911,"date":"2021-09-02T15:49:47","date_gmt":"2021-09-02T13:49:47","guid":{"rendered":"https:\/\/develop.agitatorwhisky.se\/?page_id=911"},"modified":"2024-09-09T23:34:15","modified_gmt":"2024-09-09T21:34:15","slug":"single-malt-whisky-rok","status":"publish","type":"page","link":"https:\/\/agitatordistillery.com\/de\/single-malt-whisky-rok\/","title":{"rendered":"Single Malt Whisky R\u00f6k"},"content":{"rendered":"<a href=\"\" target=\"_self\" rel=\"noopener\">\n\t\t\t\t\t\t\tHIER BESTELLEN\n\t\t\t<\/a>\n<h2>\n\t\tBESCHREIBUNG\n\t<\/h2>\n\t<p>Ein weicher, rauchiger Single Malt Whisky, der in Kastanien- und Ex-Islay-F\u00e4ssern gereift ist.<\/p>\n<h2>\n\t\tGeschmacksnoten\n\t<\/h2>\n\t<h3>GERUCH<\/h3>\n<p>Es gibt schmeichelhafte torfige Noten, begleitet von leichten Stroh- und Kr\u00e4uternoten und ausgewogenem Holz.<\/p>\n<h3>GESCHMACK<\/h3>\n<p>Es gibt eine gewisse Torfigkeit, die verweilt, ohne aufdringlich zu werden. Die Kr\u00e4uter aus der Nase kommen am Gaumen wieder zum Vorschein, zusammen mit deutlichen Noten von getrockneten Aprikosen. Im Abgang ist eine gewisse Salzigkeit zu sp\u00fcren, die zweifellos darauf zur\u00fcckzuf\u00fchren ist, dass wir in F\u00e4ssern gereift sind, die zuvor Whisky von Islay enthielten.<\/p>\n\t\t\t\t<img decoding=\"async\" data-src=\"https:\/\/agitatordistillery.com\/wp-content\/uploads\/2023\/05\/test.png\" alt=\"STELL DIR VOR\" itemprop=\"image\" title=\"STELL DIR VOR\" onerror=\"this.style.display='none'\" src=\"data:image\/gif;base64,R0lGODlhAQABAAAAACH5BAEKAAEALAAAAAABAAEAAAICTAEAOw==\" class=\"lazyload\" style=\"--smush-placeholder-width: 480px; --smush-placeholder-aspect-ratio: 480\/720;\" \/><noscript><img decoding=\"async\" src=\"https:\/\/agitatordistillery.com\/wp-content\/uploads\/2023\/05\/test.png\" alt=\"STELL DIR VOR\" itemprop=\"image\" title=\"STELL DIR VOR\" onerror=\"this.style.display='none'\"  \/><\/noscript>\n<h2>\n\t\tAgitator Penicillin\n\t<\/h2>\n\t<strong>6 cl<\/strong> Agitator Single Malt Whisky R\u00f6k<br \/>\n\n<p><strong>2,25 cl<\/strong> Honig\/Ingwerzuckersirup<\/p>\n<p><strong>2,25 cl<\/strong> Zitronensaft<\/p>\n<p><strong>3<\/strong> Tropfen Salzlake<\/p>\n<p>Garnera med en citrontwist och en ingef\u00e4rsskiva<\/p>\n<h2>\n\t\tAuszeichnungen\n\t<\/h2>\n\t<p>Wir erwarten nicht, dass du uns beim Wort nimmst, wie gut dieser Whisky ist, also gibt es hier einige Beweise von Experten.<\/p>\n\t\t\t\t<img decoding=\"async\" data-src=\"https:\/\/agitatordistillery.com\/wp-content\/uploads\/2024\/07\/main_std_2022_silver92-300x300.png\" alt=\"main_std_2022_silver92\" itemprop=\"image\" title=\"main_std_2022_silver92\" onerror=\"this.style.display='none'\" src=\"data:image\/gif;base64,R0lGODlhAQABAAAAACH5BAEKAAEALAAAAAABAAEAAAICTAEAOw==\" class=\"lazyload\" style=\"--smush-placeholder-width: 300px; --smush-placeholder-aspect-ratio: 300\/300;\" \/><noscript><img decoding=\"async\" src=\"https:\/\/agitatordistillery.com\/wp-content\/uploads\/2024\/07\/main_std_2022_silver92-300x300.png\" alt=\"main_std_2022_silver92\" itemprop=\"image\" title=\"main_std_2022_silver92\" onerror=\"this.style.display='none'\"  \/><\/noscript>","protected":false},"excerpt":{"rendered":"<p>BEST\u00c4LL H\u00c4R om En len r\u00f6kig single malt whisky, lagrad och mognad p\u00e5 kastanjefat och ex-islayfat. smaknoter DOFT Det finns smickrande torvtoner, tillsammans med l\u00e4tt halm och \u00f6rter och balanserat tr\u00e4. SMAK Det finns en del torvighet som dr\u00f6jer sig kvar utan att bli \u00f6verv\u00e4ldigande. \u00d6rterna fr\u00e5n n\u00e4san dyker upp igen i gommen, tillsammans med&hellip;<\/p>","protected":false},"author":6,"featured_media":0,"parent":0,"menu_order":0,"comment_status":"closed","ping_status":"closed","template":"","meta":{"footnotes":""},"class_list":["post-911","page","type-page","status-publish","hentry"],"yoast_head":"<!-- This site is optimized with the Yoast SEO plugin v27.5 - https:\/\/yoast.com\/product\/yoast-seo-wordpress\/ -->\n<title>Single Malt Whisky R\u00f6k - Agitator<\/title>\n<meta name=\"description\" content=\"V\u00e5r Single Malt Whisky R\u00f6k har mognat b\u00e5de p\u00e5 fat fr\u00e5n Islay i Skottland och fat av kastanjetr\u00e4. Det ger en l\u00e4tt r\u00f6kighet med inslag av halm.\" \/>\n<meta name=\"robots\" content=\"index, follow, max-snippet:-1, max-image-preview:large, max-video-preview:-1\" \/>\n<link rel=\"canonical\" href=\"https:\/\/agitatordistillery.com\/de\/single-malt-whisky-rok\/\" \/>\n<meta property=\"og:locale\" content=\"de_DE\" \/>\n<meta property=\"og:type\" content=\"article\" \/>\n<meta property=\"og:title\" content=\"Single Malt Whisky R\u00f6k - Agitator\" \/>\n<meta property=\"og:description\" content=\"V\u00e5r Single Malt Whisky R\u00f6k har mognat b\u00e5de p\u00e5 fat fr\u00e5n Islay i Skottland och fat av kastanjetr\u00e4. Det ger en l\u00e4tt r\u00f6kighet med inslag av halm.\" \/>\n<meta property=\"og:url\" content=\"https:\/\/agitatordistillery.com\/de\/single-malt-whisky-rok\/\" \/>\n<meta property=\"og:site_name\" content=\"Agitator\" \/>\n<meta property=\"article:publisher\" content=\"https:\/\/www.facebook.com\/Agitator.Whisky\" \/>\n<meta property=\"article:modified_time\" content=\"2024-09-09T21:34:15+00:00\" \/>\n<meta property=\"og:image\" content=\"https:\/\/agitatordistillery.com\/wp-content\/uploads\/2023\/05\/test.png\" \/>\n<meta name=\"twitter:card\" content=\"summary_large_image\" \/>\n<meta name=\"twitter:label1\" content=\"Gesch\u00e4tzte Lesezeit\" \/>\n\t<meta name=\"twitter:data1\" content=\"1\u00a0Minute\" \/>\n<script type=\"application\/ld+json\" class=\"yoast-schema-graph\">{\"@context\":\"https:\\\/\\\/schema.org\",\"@graph\":[{\"@type\":\"WebPage\",\"@id\":\"https:\\\/\\\/agitatordistillery.com\\\/single-malt-whisky-rok\\\/\",\"url\":\"https:\\\/\\\/agitatordistillery.com\\\/single-malt-whisky-rok\\\/\",\"name\":\"Single Malt Whisky R\u00f6k - Agitator\",\"isPartOf\":{\"@id\":\"https:\\\/\\\/agitatordistillery.com\\\/#website\"},\"primaryImageOfPage\":{\"@id\":\"https:\\\/\\\/agitatordistillery.com\\\/single-malt-whisky-rok\\\/#primaryimage\"},\"image\":{\"@id\":\"https:\\\/\\\/agitatordistillery.com\\\/single-malt-whisky-rok\\\/#primaryimage\"},\"thumbnailUrl\":\"https:\\\/\\\/agitatordistillery.com\\\/wp-content\\\/uploads\\\/2023\\\/05\\\/test.png\",\"datePublished\":\"2021-09-02T13:49:47+00:00\",\"dateModified\":\"2024-09-09T21:34:15+00:00\",\"description\":\"V\u00e5r Single Malt Whisky R\u00f6k har mognat b\u00e5de p\u00e5 fat fr\u00e5n Islay i Skottland och fat av kastanjetr\u00e4. Det ger en l\u00e4tt r\u00f6kighet med inslag av halm.\",\"breadcrumb\":{\"@id\":\"https:\\\/\\\/agitatordistillery.com\\\/single-malt-whisky-rok\\\/#breadcrumb\"},\"inLanguage\":\"de\",\"potentialAction\":[{\"@type\":\"ReadAction\",\"target\":[\"https:\\\/\\\/agitatordistillery.com\\\/single-malt-whisky-rok\\\/\"]}]},{\"@type\":\"ImageObject\",\"inLanguage\":\"de\",\"@id\":\"https:\\\/\\\/agitatordistillery.com\\\/single-malt-whisky-rok\\\/#primaryimage\",\"url\":\"https:\\\/\\\/agitatordistillery.com\\\/wp-content\\\/uploads\\\/2023\\\/05\\\/test.png\",\"contentUrl\":\"https:\\\/\\\/agitatordistillery.com\\\/wp-content\\\/uploads\\\/2023\\\/05\\\/test.png\"},{\"@type\":\"BreadcrumbList\",\"@id\":\"https:\\\/\\\/agitatordistillery.com\\\/single-malt-whisky-rok\\\/#breadcrumb\",\"itemListElement\":[{\"@type\":\"ListItem\",\"position\":1,\"name\":\"Hem\",\"item\":\"https:\\\/\\\/agitatordistillery.com\\\/\"},{\"@type\":\"ListItem\",\"position\":2,\"name\":\"Single Malt Whisky R\u00f6k\"}]},{\"@type\":\"WebSite\",\"@id\":\"https:\\\/\\\/agitatordistillery.com\\\/#website\",\"url\":\"https:\\\/\\\/agitatordistillery.com\\\/\",\"name\":\"Agitator\",\"description\":\"The Swedish Distillery\",\"publisher\":{\"@id\":\"https:\\\/\\\/agitatordistillery.com\\\/#organization\"},\"potentialAction\":[{\"@type\":\"SearchAction\",\"target\":{\"@type\":\"EntryPoint\",\"urlTemplate\":\"https:\\\/\\\/agitatordistillery.com\\\/?s={search_term_string}\"},\"query-input\":{\"@type\":\"PropertyValueSpecification\",\"valueRequired\":true,\"valueName\":\"search_term_string\"}}],\"inLanguage\":\"de\"},{\"@type\":\"Organization\",\"@id\":\"https:\\\/\\\/agitatordistillery.com\\\/#organization\",\"name\":\"Agitator\",\"url\":\"https:\\\/\\\/agitatordistillery.com\\\/\",\"logo\":{\"@type\":\"ImageObject\",\"inLanguage\":\"de\",\"@id\":\"https:\\\/\\\/agitatordistillery.com\\\/#\\\/schema\\\/logo\\\/image\\\/\",\"url\":\"https:\\\/\\\/agitatordistillery.com\\\/wp-content\\\/uploads\\\/2021\\\/10\\\/Agitator_Logotyp_2021_Small_Pos.png\",\"contentUrl\":\"https:\\\/\\\/agitatordistillery.com\\\/wp-content\\\/uploads\\\/2021\\\/10\\\/Agitator_Logotyp_2021_Small_Pos.png\",\"width\":360,\"height\":200,\"caption\":\"Agitator\"},\"image\":{\"@id\":\"https:\\\/\\\/agitatordistillery.com\\\/#\\\/schema\\\/logo\\\/image\\\/\"},\"sameAs\":[\"https:\\\/\\\/www.facebook.com\\\/Agitator.Whisky\",\"https:\\\/\\\/www.instagram.com\\\/agitator.whisky\\\/\",\"https:\\\/\\\/www.linkedin.com\\\/company\\\/agitator-whisky\\\/\",\"https:\\\/\\\/www.youtube.com\\\/channel\\\/UCuOnjXGpTaL1-NXFXL5ZHtg\"]}]}<\/script>\n<!-- \/ Yoast SEO plugin. -->","yoast_head_json":{"title":"Single Malt Whisky R\u00f6k - Agitator","description":"V\u00e5r Single Malt Whisky R\u00f6k har mognat b\u00e5de p\u00e5 fat fr\u00e5n Islay i Skottland och fat av kastanjetr\u00e4. Det ger en l\u00e4tt r\u00f6kighet med inslag av halm.","robots":{"index":"index","follow":"follow","max-snippet":"max-snippet:-1","max-image-preview":"max-image-preview:large","max-video-preview":"max-video-preview:-1"},"canonical":"https:\/\/agitatordistillery.com\/de\/single-malt-whisky-rok\/","og_locale":"de_DE","og_type":"article","og_title":"Single Malt Whisky R\u00f6k - Agitator","og_description":"V\u00e5r Single Malt Whisky R\u00f6k har mognat b\u00e5de p\u00e5 fat fr\u00e5n Islay i Skottland och fat av kastanjetr\u00e4. Det ger en l\u00e4tt r\u00f6kighet med inslag av halm.","og_url":"https:\/\/agitatordistillery.com\/de\/single-malt-whisky-rok\/","og_site_name":"Agitator","article_publisher":"https:\/\/www.facebook.com\/Agitator.Whisky","article_modified_time":"2024-09-09T21:34:15+00:00","og_image":[{"url":"https:\/\/agitatordistillery.com\/wp-content\/uploads\/2023\/05\/test.png","type":"","width":"","height":""}],"twitter_card":"summary_large_image","twitter_misc":{"Gesch\u00e4tzte Lesezeit":"1\u00a0Minute"},"schema":{"@context":"https:\/\/schema.org","@graph":[{"@type":"WebPage","@id":"https:\/\/agitatordistillery.com\/single-malt-whisky-rok\/","url":"https:\/\/agitatordistillery.com\/single-malt-whisky-rok\/","name":"Single Malt Whisky R\u00f6k - Agitator","isPartOf":{"@id":"https:\/\/agitatordistillery.com\/#website"},"primaryImageOfPage":{"@id":"https:\/\/agitatordistillery.com\/single-malt-whisky-rok\/#primaryimage"},"image":{"@id":"https:\/\/agitatordistillery.com\/single-malt-whisky-rok\/#primaryimage"},"thumbnailUrl":"https:\/\/agitatordistillery.com\/wp-content\/uploads\/2023\/05\/test.png","datePublished":"2021-09-02T13:49:47+00:00","dateModified":"2024-09-09T21:34:15+00:00","description":"V\u00e5r Single Malt Whisky R\u00f6k har mognat b\u00e5de p\u00e5 fat fr\u00e5n Islay i Skottland och fat av kastanjetr\u00e4. Det ger en l\u00e4tt r\u00f6kighet med inslag av halm.","breadcrumb":{"@id":"https:\/\/agitatordistillery.com\/single-malt-whisky-rok\/#breadcrumb"},"inLanguage":"de","potentialAction":[{"@type":"ReadAction","target":["https:\/\/agitatordistillery.com\/single-malt-whisky-rok\/"]}]},{"@type":"ImageObject","inLanguage":"de","@id":"https:\/\/agitatordistillery.com\/single-malt-whisky-rok\/#primaryimage","url":"https:\/\/agitatordistillery.com\/wp-content\/uploads\/2023\/05\/test.png","contentUrl":"https:\/\/agitatordistillery.com\/wp-content\/uploads\/2023\/05\/test.png"},{"@type":"BreadcrumbList","@id":"https:\/\/agitatordistillery.com\/single-malt-whisky-rok\/#breadcrumb","itemListElement":[{"@type":"ListItem","position":1,"name":"Hem","item":"https:\/\/agitatordistillery.com\/"},{"@type":"ListItem","position":2,"name":"Single Malt Whisky R\u00f6k"}]},{"@type":"WebSite","@id":"https:\/\/agitatordistillery.com\/#website","url":"https:\/\/agitatordistillery.com\/","name":"Agitator","description":"The Swedish Distillery","publisher":{"@id":"https:\/\/agitatordistillery.com\/#organization"},"potentialAction":[{"@type":"SearchAction","target":{"@type":"EntryPoint","urlTemplate":"https:\/\/agitatordistillery.com\/?s={search_term_string}"},"query-input":{"@type":"PropertyValueSpecification","valueRequired":true,"valueName":"search_term_string"}}],"inLanguage":"de"},{"@type":"Organization","@id":"https:\/\/agitatordistillery.com\/#organization","name":"Agitator","url":"https:\/\/agitatordistillery.com\/","logo":{"@type":"ImageObject","inLanguage":"de","@id":"https:\/\/agitatordistillery.com\/#\/schema\/logo\/image\/","url":"https:\/\/agitatordistillery.com\/wp-content\/uploads\/2021\/10\/Agitator_Logotyp_2021_Small_Pos.png","contentUrl":"https:\/\/agitatordistillery.com\/wp-content\/uploads\/2021\/10\/Agitator_Logotyp_2021_Small_Pos.png","width":360,"height":200,"caption":"Agitator"},"image":{"@id":"https:\/\/agitatordistillery.com\/#\/schema\/logo\/image\/"},"sameAs":["https:\/\/www.facebook.com\/Agitator.Whisky","https:\/\/www.instagram.com\/agitator.whisky\/","https:\/\/www.linkedin.com\/company\/agitator-whisky\/","https:\/\/www.youtube.com\/channel\/UCuOnjXGpTaL1-NXFXL5ZHtg"]}]}},"_links":{"self":[{"href":"https:\/\/agitatordistillery.com\/de\/wp-json\/wp\/v2\/pages\/911","targetHints":{"allow":["GET"]}}],"collection":[{"href":"https:\/\/agitatordistillery.com\/de\/wp-json\/wp\/v2\/pages"}],"about":[{"href":"https:\/\/agitatordistillery.com\/de\/wp-json\/wp\/v2\/types\/page"}],"author":[{"embeddable":true,"href":"https:\/\/agitatordistillery.com\/de\/wp-json\/wp\/v2\/users\/6"}],"replies":[{"embeddable":true,"href":"https:\/\/agitatordistillery.com\/de\/wp-json\/wp\/v2\/comments?post=911"}],"version-history":[{"count":46,"href":"https:\/\/agitatordistillery.com\/de\/wp-json\/wp\/v2\/pages\/911\/revisions"}],"predecessor-version":[{"id":3393,"href":"https:\/\/agitatordistillery.com\/de\/wp-json\/wp\/v2\/pages\/911\/revisions\/3393"}],"wp:attachment":[{"href":"https:\/\/agitatordistillery.com\/de\/wp-json\/wp\/v2\/media?parent=911"}],"curies":[{"name":"wp","href":"https:\/\/api.w.org\/{rel}","templated":true}]}}