{"id":4347,"date":"2026-03-11T20:23:32","date_gmt":"2026-03-11T19:23:32","guid":{"rendered":"https:\/\/agitatordistillery.com\/?page_id=4347"},"modified":"2026-03-16T13:11:14","modified_gmt":"2026-03-16T12:11:14","slug":"glod-premium-barbecue-gin","status":"publish","type":"page","link":"https:\/\/agitatordistillery.com\/de\/glod-premium-barbecue-gin\/","title":{"rendered":"Gl\u00f6d Premium Barbecue Gin"},"content":{"rendered":"<a href=\"https:\/\/www.systembolaget.se\/produkt\/sprit\/agitator-whiskymakare-8239902\/\"  target=\"_blank\" rel=\"noopener\">\n\t\t\t\t\t\t\tZu Systembolaget\n\t\t\t\t\t<\/a>\n<h2>\n\t\t\tBESCHREIBUNG\t<\/h2>\n\t<p>Was w\u00e4re, wenn Gin Sch\u00e4rfe mag? Gl\u00f6d Premium Barbecue Gin entstand in Zusammenarbeit mit dem Gin-Liebhaber Hans-Olov \u00d6berg. Die Inspiration lieferten die Aromen des Grills: eine leichte Rauchnote, Thymian, ein Hauch Honig und die Sch\u00e4rfe von Chili. Er passt hervorragend zu gegrilltem Fleisch und ger\u00e4uchertem Gem\u00fcse, aber auch zu charaktervollen Cocktails.<\/p>\n<h2>\n\t\t\tGeschmacksnoten\t<\/h2>\n\t<h2>GERUCH<\/h2>\n<p>Honig, Wacholderbeeren, Gew\u00fcrze<\/p>\n<h3>GESCHMACK<\/h3>\n<p>Rauch, Thymian, ein Hauch Honig und die Sch\u00e4rfe von Chili.<\/p>\n<figure itemscope itemtype=\"https:\/\/schema.org\/ImageObject\">\n\t\t\t\t<a href=\"https:\/\/www.systembolaget.se\/produkt\/sprit\/agitator-8404901\/\"  target=\"_self\" itemprop=\"url\">\n\t\t\t\t<img decoding=\"async\" data-src=\"https:\/\/agitatordistillery.com\/wp-content\/uploads\/2026\/03\/Agitator_Glod_Gin_0009_Frilagd_2880px-scaled.png\" alt=\"Agitator Gl\u00f6d Gin\" height=\"2560\" width=\"1370\" title=\"Agitator_Glo\u0308d_Gin_0009_Frilagd_2880px\" onerror=\"this.style.display='none'\" loading=\"lazy\" src=\"data:image\/gif;base64,R0lGODlhAQABAAAAACH5BAEKAAEALAAAAAABAAEAAAICTAEAOw==\" class=\"lazyload\" style=\"--smush-placeholder-width: 1370px; --smush-placeholder-aspect-ratio: 1370\/2560;\" \/><noscript><img decoding=\"async\" src=\"https:\/\/agitatordistillery.com\/wp-content\/uploads\/2026\/03\/Agitator_Glod_Gin_0009_Frilagd_2880px-scaled.png\" alt=\"Agitator Gl\u00f6d Gin\" height=\"2560\" width=\"1370\" title=\"Agitator_Glo\u0308d_Gin_0009_Frilagd_2880px\" onerror=\"this.style.display='none'\" loading=\"lazy\" \/><\/noscript>\n\t\t\t\t<\/a>\n\t<\/figure>\n\t\t<iframe loading=\"lazy\" width=\"100%\" height=\"50%\" data-src=\"https:\/\/www.youtube.com\/embed\/p6GBT4OlQN8\" frameborder=\"0\" allow=\"accelerometer; autoplay; encrypted-media; gyroscope; picture-in-picture; fullscreen\" src=\"data:image\/gif;base64,R0lGODlhAQABAAAAACH5BAEKAAEALAAAAAABAAEAAAICTAEAOw==\" class=\"lazyload\" data-load-mode=\"1\"><\/iframe>\t\n\t\t\t<a href=\"https:\/\/agitatordistillery.com\/de\/whiskyn\/\"  target=\"_self\">\n\t\t\t\t\t\t\tWhisky\n\t\t\t\t\t<\/a>\n\t\t\t<a href=\"https:\/\/agitatordistillery.com\/de\/merch\/\"  target=\"_self\">\n\t\t\t\t\t\t\tMerch\n\t\t\t\t\t<\/a>\n\t\t\t<a href=\"https:\/\/agitatordistillery.com\/de\/samarbeten\/\"  target=\"_self\">\n\t\t\t\t\t\t\tPartnerschaften\n\t\t\t\t\t<\/a>","protected":false},"excerpt":{"rendered":"<p>Till Systembolaget OM T\u00e4nk om gin gillar hetta? Gl\u00f6d Premium Barbecue Gin \u00e4r skapad i samarbete med ginentusiasten Hans-Olov \u00d6berg. Inspirationen kommer fr\u00e5n grillens smaker: en l\u00e4tt r\u00f6kighet, timjan, en touch av honung och hetta fr\u00e5n chili. Den passar lika bra till grillat k\u00f6tt och sotade gr\u00f6nsaker som i cocktails med karakt\u00e4r. smaknoter DOFT Honung,&hellip;<\/p>","protected":false},"author":17,"featured_media":0,"parent":0,"menu_order":0,"comment_status":"closed","ping_status":"closed","template":"","meta":{"_monsterinsights_skip_tracking":false,"_monsterinsights_sitenote_active":false,"_monsterinsights_sitenote_note":"","_monsterinsights_sitenote_category":0,"footnotes":""},"class_list":["post-4347","page","type-page","status-publish","hentry"],"yoast_head":"<!-- This site is optimized with the Yoast SEO plugin v27.4 - https:\/\/yoast.com\/product\/yoast-seo-wordpress\/ -->\n<title>Gl\u00f6d Premium Barbecue Gin - Agitator<\/title>\n<meta name=\"robots\" content=\"index, follow, max-snippet:-1, max-image-preview:large, max-video-preview:-1\" \/>\n<link rel=\"canonical\" href=\"https:\/\/agitatordistillery.com\/de\/glod-premium-barbecue-gin\/\" \/>\n<meta property=\"og:locale\" content=\"de_DE\" \/>\n<meta property=\"og:type\" content=\"article\" \/>\n<meta property=\"og:title\" content=\"Gl\u00f6d Premium Barbecue Gin - Agitator\" \/>\n<meta property=\"og:description\" content=\"Till Systembolaget OM T\u00e4nk om gin gillar hetta? Gl\u00f6d Premium Barbecue Gin \u00e4r skapad i samarbete med ginentusiasten Hans-Olov \u00d6berg. Inspirationen kommer fr\u00e5n grillens smaker: en l\u00e4tt r\u00f6kighet, timjan, en touch av honung och hetta fr\u00e5n chili. Den passar lika bra till grillat k\u00f6tt och sotade gr\u00f6nsaker som i cocktails med karakt\u00e4r. smaknoter DOFT Honung,&hellip;\" \/>\n<meta property=\"og:url\" content=\"https:\/\/agitatordistillery.com\/de\/glod-premium-barbecue-gin\/\" \/>\n<meta property=\"og:site_name\" content=\"Agitator\" \/>\n<meta property=\"article:publisher\" content=\"https:\/\/www.facebook.com\/Agitator.Whisky\" \/>\n<meta property=\"article:modified_time\" content=\"2026-03-16T12:11:14+00:00\" \/>\n<meta property=\"og:image\" content=\"https:\/\/agitatordistillery.com\/wp-content\/uploads\/2026\/03\/Agitator_Glod_Gin_0009_Frilagd_2880px-scaled.png\" \/>\n<meta name=\"twitter:card\" content=\"summary_large_image\" \/>\n<meta name=\"twitter:label1\" content=\"Gesch\u00e4tzte Lesezeit\" \/>\n\t<meta name=\"twitter:data1\" content=\"1\u00a0Minute\" \/>\n<script type=\"application\/ld+json\" class=\"yoast-schema-graph\">{\"@context\":\"https:\\\/\\\/schema.org\",\"@graph\":[{\"@type\":\"WebPage\",\"@id\":\"https:\\\/\\\/agitatordistillery.com\\\/sv_se\\\/glod-premium-barbecue-gin\\\/\",\"url\":\"https:\\\/\\\/agitatordistillery.com\\\/sv_se\\\/glod-premium-barbecue-gin\\\/\",\"name\":\"Gl\u00f6d Premium Barbecue Gin - Agitator\",\"isPartOf\":{\"@id\":\"https:\\\/\\\/agitatordistillery.com\\\/#website\"},\"primaryImageOfPage\":{\"@id\":\"https:\\\/\\\/agitatordistillery.com\\\/sv_se\\\/glod-premium-barbecue-gin\\\/#primaryimage\"},\"image\":{\"@id\":\"https:\\\/\\\/agitatordistillery.com\\\/sv_se\\\/glod-premium-barbecue-gin\\\/#primaryimage\"},\"thumbnailUrl\":\"https:\\\/\\\/agitatordistillery.com\\\/wp-content\\\/uploads\\\/2026\\\/03\\\/Agitator_Glod_Gin_0009_Frilagd_2880px-scaled.png\",\"datePublished\":\"2026-03-11T19:23:32+00:00\",\"dateModified\":\"2026-03-16T12:11:14+00:00\",\"breadcrumb\":{\"@id\":\"https:\\\/\\\/agitatordistillery.com\\\/sv_se\\\/glod-premium-barbecue-gin\\\/#breadcrumb\"},\"inLanguage\":\"de\",\"potentialAction\":[{\"@type\":\"ReadAction\",\"target\":[\"https:\\\/\\\/agitatordistillery.com\\\/sv_se\\\/glod-premium-barbecue-gin\\\/\"]}]},{\"@type\":\"ImageObject\",\"inLanguage\":\"de\",\"@id\":\"https:\\\/\\\/agitatordistillery.com\\\/sv_se\\\/glod-premium-barbecue-gin\\\/#primaryimage\",\"url\":\"https:\\\/\\\/agitatordistillery.com\\\/wp-content\\\/uploads\\\/2026\\\/03\\\/Agitator_Glod_Gin_0009_Frilagd_2880px-scaled.png\",\"contentUrl\":\"https:\\\/\\\/agitatordistillery.com\\\/wp-content\\\/uploads\\\/2026\\\/03\\\/Agitator_Glod_Gin_0009_Frilagd_2880px-scaled.png\"},{\"@type\":\"BreadcrumbList\",\"@id\":\"https:\\\/\\\/agitatordistillery.com\\\/sv_se\\\/glod-premium-barbecue-gin\\\/#breadcrumb\",\"itemListElement\":[{\"@type\":\"ListItem\",\"position\":1,\"name\":\"Hem\",\"item\":\"https:\\\/\\\/agitatordistillery.com\\\/sv_se\\\/\"},{\"@type\":\"ListItem\",\"position\":2,\"name\":\"Gl\u00f6d Premium Barbecue Gin\"}]},{\"@type\":\"WebSite\",\"@id\":\"https:\\\/\\\/agitatordistillery.com\\\/#website\",\"url\":\"https:\\\/\\\/agitatordistillery.com\\\/\",\"name\":\"Agitator\",\"description\":\"The Swedish Distillery\",\"publisher\":{\"@id\":\"https:\\\/\\\/agitatordistillery.com\\\/#organization\"},\"potentialAction\":[{\"@type\":\"SearchAction\",\"target\":{\"@type\":\"EntryPoint\",\"urlTemplate\":\"https:\\\/\\\/agitatordistillery.com\\\/?s={search_term_string}\"},\"query-input\":{\"@type\":\"PropertyValueSpecification\",\"valueRequired\":true,\"valueName\":\"search_term_string\"}}],\"inLanguage\":\"de\"},{\"@type\":\"Organization\",\"@id\":\"https:\\\/\\\/agitatordistillery.com\\\/#organization\",\"name\":\"Agitator\",\"url\":\"https:\\\/\\\/agitatordistillery.com\\\/\",\"logo\":{\"@type\":\"ImageObject\",\"inLanguage\":\"de\",\"@id\":\"https:\\\/\\\/agitatordistillery.com\\\/#\\\/schema\\\/logo\\\/image\\\/\",\"url\":\"https:\\\/\\\/agitatordistillery.com\\\/wp-content\\\/uploads\\\/2021\\\/10\\\/Agitator_Logotyp_2021_Small_Pos.png\",\"contentUrl\":\"https:\\\/\\\/agitatordistillery.com\\\/wp-content\\\/uploads\\\/2021\\\/10\\\/Agitator_Logotyp_2021_Small_Pos.png\",\"width\":360,\"height\":200,\"caption\":\"Agitator\"},\"image\":{\"@id\":\"https:\\\/\\\/agitatordistillery.com\\\/#\\\/schema\\\/logo\\\/image\\\/\"},\"sameAs\":[\"https:\\\/\\\/www.facebook.com\\\/Agitator.Whisky\",\"https:\\\/\\\/www.instagram.com\\\/agitator.whisky\\\/\",\"https:\\\/\\\/www.linkedin.com\\\/company\\\/agitator-whisky\\\/\",\"https:\\\/\\\/www.youtube.com\\\/channel\\\/UCuOnjXGpTaL1-NXFXL5ZHtg\"]}]}<\/script>\n<!-- \/ Yoast SEO plugin. -->","yoast_head_json":{"title":"Gl\u00f6d Premium Barbecue Gin - Agitator","robots":{"index":"index","follow":"follow","max-snippet":"max-snippet:-1","max-image-preview":"max-image-preview:large","max-video-preview":"max-video-preview:-1"},"canonical":"https:\/\/agitatordistillery.com\/de\/glod-premium-barbecue-gin\/","og_locale":"de_DE","og_type":"article","og_title":"Gl\u00f6d Premium Barbecue Gin - Agitator","og_description":"Till Systembolaget OM T\u00e4nk om gin gillar hetta? Gl\u00f6d Premium Barbecue Gin \u00e4r skapad i samarbete med ginentusiasten Hans-Olov \u00d6berg. Inspirationen kommer fr\u00e5n grillens smaker: en l\u00e4tt r\u00f6kighet, timjan, en touch av honung och hetta fr\u00e5n chili. Den passar lika bra till grillat k\u00f6tt och sotade gr\u00f6nsaker som i cocktails med karakt\u00e4r. smaknoter DOFT Honung,&hellip;","og_url":"https:\/\/agitatordistillery.com\/de\/glod-premium-barbecue-gin\/","og_site_name":"Agitator","article_publisher":"https:\/\/www.facebook.com\/Agitator.Whisky","article_modified_time":"2026-03-16T12:11:14+00:00","og_image":[{"url":"https:\/\/agitatordistillery.com\/wp-content\/uploads\/2026\/03\/Agitator_Glod_Gin_0009_Frilagd_2880px-scaled.png","type":"","width":"","height":""}],"twitter_card":"summary_large_image","twitter_misc":{"Gesch\u00e4tzte Lesezeit":"1\u00a0Minute"},"schema":{"@context":"https:\/\/schema.org","@graph":[{"@type":"WebPage","@id":"https:\/\/agitatordistillery.com\/sv_se\/glod-premium-barbecue-gin\/","url":"https:\/\/agitatordistillery.com\/sv_se\/glod-premium-barbecue-gin\/","name":"Gl\u00f6d Premium Barbecue Gin - Agitator","isPartOf":{"@id":"https:\/\/agitatordistillery.com\/#website"},"primaryImageOfPage":{"@id":"https:\/\/agitatordistillery.com\/sv_se\/glod-premium-barbecue-gin\/#primaryimage"},"image":{"@id":"https:\/\/agitatordistillery.com\/sv_se\/glod-premium-barbecue-gin\/#primaryimage"},"thumbnailUrl":"https:\/\/agitatordistillery.com\/wp-content\/uploads\/2026\/03\/Agitator_Glod_Gin_0009_Frilagd_2880px-scaled.png","datePublished":"2026-03-11T19:23:32+00:00","dateModified":"2026-03-16T12:11:14+00:00","breadcrumb":{"@id":"https:\/\/agitatordistillery.com\/sv_se\/glod-premium-barbecue-gin\/#breadcrumb"},"inLanguage":"de","potentialAction":[{"@type":"ReadAction","target":["https:\/\/agitatordistillery.com\/sv_se\/glod-premium-barbecue-gin\/"]}]},{"@type":"ImageObject","inLanguage":"de","@id":"https:\/\/agitatordistillery.com\/sv_se\/glod-premium-barbecue-gin\/#primaryimage","url":"https:\/\/agitatordistillery.com\/wp-content\/uploads\/2026\/03\/Agitator_Glod_Gin_0009_Frilagd_2880px-scaled.png","contentUrl":"https:\/\/agitatordistillery.com\/wp-content\/uploads\/2026\/03\/Agitator_Glod_Gin_0009_Frilagd_2880px-scaled.png"},{"@type":"BreadcrumbList","@id":"https:\/\/agitatordistillery.com\/sv_se\/glod-premium-barbecue-gin\/#breadcrumb","itemListElement":[{"@type":"ListItem","position":1,"name":"Hem","item":"https:\/\/agitatordistillery.com\/sv_se\/"},{"@type":"ListItem","position":2,"name":"Gl\u00f6d Premium Barbecue Gin"}]},{"@type":"WebSite","@id":"https:\/\/agitatordistillery.com\/#website","url":"https:\/\/agitatordistillery.com\/","name":"Agitator","description":"The Swedish Distillery","publisher":{"@id":"https:\/\/agitatordistillery.com\/#organization"},"potentialAction":[{"@type":"SearchAction","target":{"@type":"EntryPoint","urlTemplate":"https:\/\/agitatordistillery.com\/?s={search_term_string}"},"query-input":{"@type":"PropertyValueSpecification","valueRequired":true,"valueName":"search_term_string"}}],"inLanguage":"de"},{"@type":"Organization","@id":"https:\/\/agitatordistillery.com\/#organization","name":"Agitator","url":"https:\/\/agitatordistillery.com\/","logo":{"@type":"ImageObject","inLanguage":"de","@id":"https:\/\/agitatordistillery.com\/#\/schema\/logo\/image\/","url":"https:\/\/agitatordistillery.com\/wp-content\/uploads\/2021\/10\/Agitator_Logotyp_2021_Small_Pos.png","contentUrl":"https:\/\/agitatordistillery.com\/wp-content\/uploads\/2021\/10\/Agitator_Logotyp_2021_Small_Pos.png","width":360,"height":200,"caption":"Agitator"},"image":{"@id":"https:\/\/agitatordistillery.com\/#\/schema\/logo\/image\/"},"sameAs":["https:\/\/www.facebook.com\/Agitator.Whisky","https:\/\/www.instagram.com\/agitator.whisky\/","https:\/\/www.linkedin.com\/company\/agitator-whisky\/","https:\/\/www.youtube.com\/channel\/UCuOnjXGpTaL1-NXFXL5ZHtg"]}]}},"_links":{"self":[{"href":"https:\/\/agitatordistillery.com\/de\/wp-json\/wp\/v2\/pages\/4347","targetHints":{"allow":["GET"]}}],"collection":[{"href":"https:\/\/agitatordistillery.com\/de\/wp-json\/wp\/v2\/pages"}],"about":[{"href":"https:\/\/agitatordistillery.com\/de\/wp-json\/wp\/v2\/types\/page"}],"author":[{"embeddable":true,"href":"https:\/\/agitatordistillery.com\/de\/wp-json\/wp\/v2\/users\/17"}],"replies":[{"embeddable":true,"href":"https:\/\/agitatordistillery.com\/de\/wp-json\/wp\/v2\/comments?post=4347"}],"version-history":[{"count":11,"href":"https:\/\/agitatordistillery.com\/de\/wp-json\/wp\/v2\/pages\/4347\/revisions"}],"predecessor-version":[{"id":4369,"href":"https:\/\/agitatordistillery.com\/de\/wp-json\/wp\/v2\/pages\/4347\/revisions\/4369"}],"wp:attachment":[{"href":"https:\/\/agitatordistillery.com\/de\/wp-json\/wp\/v2\/media?parent=4347"}],"curies":[{"name":"wp","href":"https:\/\/api.w.org\/{rel}","templated":true}]}}