{"id":4280,"date":"2026-01-24T01:25:18","date_gmt":"2026-01-24T00:25:18","guid":{"rendered":"https:\/\/agitatordistillery.com\/?page_id=4280"},"modified":"2026-02-03T14:21:17","modified_gmt":"2026-02-03T13:21:17","slug":"argument-all-grains","status":"publish","type":"page","link":"https:\/\/agitatordistillery.com\/de\/argument-all-grains\/","title":{"rendered":"Argument: All Grains"},"content":{"rendered":"<a href=\"https:\/\/www.systembolaget.se\/produkt\/sprit\/agitator-8404901\"  target=\"_blank\" rel=\"noopener\">\n\t\t\t\t\t\t\tZu Systembolaget\n\t\t\t\t\t<\/a>\n<h2>\n\t\t\tBESCHREIBUNG\t<\/h2>\n\t<p>T\u00e4nk om maltwhisky inte beh\u00f6vde n\u00f6ja sig med bara ett spannm\u00e5l?<\/p>\n<p>Argument: All Grains \u00e4r en maltwhisky d\u00e4r vi kombinerat fyra olika svenska spannm\u00e5l med fyra typer av fat. Destillat fr\u00e5n vete, havre, r\u00e5g och korn har f\u00e5tt vila p\u00e5 fat av ny amerikansk ek, sherryfat, ex-bourbonfat och ett mer ovanligt fat som tidigare inneh\u00e5llit vitt portvin.<\/p>\n<p>Kombinationen formar en rik och komplex whisky med toner som f\u00f6r tankarna till nyslaget h\u00f6 p\u00e5 en svensk sommar\u00e4ng &#8211; friskt och levande.<\/p>\n<p>Det \u00e4r v\u00e5rt argument f\u00f6r att forts\u00e4tta t\u00e4nka nytt och prova nya metoder.<\/p>\n<p>Argument: All Grains<\/p>\n<h2>\n\t\t\tGeschmacksnoten\t<\/h2>\n\t<h3>GERUCH<\/h3>\n<p>S\u00fc\u00dfe Noten von Mandeln, frisch geschnittenem Stroh, Honigmelone und Sevilla-Orange.<\/p>\n<h3>GESCHMACK<\/h3>\n<p>S\u00fc\u00dfe Noten von Mandeln, frisch geschnittenem Stroh, Honigmelone und Sevilla-Orange.<\/p>\n<figure itemscope itemtype=\"https:\/\/schema.org\/ImageObject\">\n\t\t\t\t<a href=\"https:\/\/www.systembolaget.se\/produkt\/sprit\/agitator-8404901\/\"  target=\"_self\" itemprop=\"url\">\n\t\t\t\t<img decoding=\"async\" data-src=\"https:\/\/agitatordistillery.com\/wp-content\/uploads\/2026\/01\/agitator-all-grains_frilagd-scaled.png\" alt=\"agitator-all-grains_frilagd\" height=\"2560\" width=\"1158\" title=\"agitator-all-grains_frilagd\" onerror=\"this.style.display='none'\" loading=\"lazy\" src=\"data:image\/gif;base64,R0lGODlhAQABAAAAACH5BAEKAAEALAAAAAABAAEAAAICTAEAOw==\" class=\"lazyload\" style=\"--smush-placeholder-width: 1158px; --smush-placeholder-aspect-ratio: 1158\/2560;\" \/><noscript><img decoding=\"async\" src=\"https:\/\/agitatordistillery.com\/wp-content\/uploads\/2026\/01\/agitator-all-grains_frilagd-scaled.png\" alt=\"agitator-all-grains_frilagd\" height=\"2560\" width=\"1158\" title=\"agitator-all-grains_frilagd\" onerror=\"this.style.display='none'\" loading=\"lazy\" \/><\/noscript>\n\t\t\t\t<\/a>\n\t<\/figure>\n\t\t<iframe loading=\"lazy\" title=\"Argument All Grains\" width=\"500\" height=\"281\" data-src=\"https:\/\/www.youtube.com\/embed\/FY-hjriOBGM?feature=oembed\" frameborder=\"0\" allow=\"accelerometer; autoplay; clipboard-write; encrypted-media; gyroscope; picture-in-picture; web-share\" referrerpolicy=\"strict-origin-when-cross-origin\" allowfullscreen src=\"data:image\/gif;base64,R0lGODlhAQABAAAAACH5BAEKAAEALAAAAAABAAEAAAICTAEAOw==\" class=\"lazyload\" data-load-mode=\"1\"><\/iframe>\t\n\t\t\t<a href=\"https:\/\/agitatordistillery.com\/de\/whiskyn\/\"  target=\"_self\">\n\t\t\t\t\t\t\tWhisky\n\t\t\t\t\t<\/a>\n\t\t\t<a href=\"https:\/\/agitatordistillery.com\/de\/merch\/\"  target=\"_self\">\n\t\t\t\t\t\t\tMerch\n\t\t\t\t\t<\/a>\n\t\t\t<a href=\"https:\/\/agitatordistillery.com\/de\/samarbeten\/\"  target=\"_self\">\n\t\t\t\t\t\t\tPartnerschaften\n\t\t\t\t\t<\/a>","protected":false},"excerpt":{"rendered":"<p>Till Systembolaget OM T\u00e4nk om maltwhisky inte beh\u00f6vde n\u00f6ja sig med bara ett spannm\u00e5l? Argument: All Grains \u00e4r en maltwhisky d\u00e4r vi kombinerat fyra olika svenska spannm\u00e5l med fyra typer av fat. Destillat fr\u00e5n vete, havre, r\u00e5g och korn har f\u00e5tt vila p\u00e5 fat av ny amerikansk ek, sherryfat, ex-bourbonfat och ett mer ovanligt fat&hellip;<\/p>","protected":false},"author":17,"featured_media":0,"parent":0,"menu_order":0,"comment_status":"closed","ping_status":"closed","template":"","meta":{"_monsterinsights_skip_tracking":false,"_monsterinsights_sitenote_active":false,"_monsterinsights_sitenote_note":"","_monsterinsights_sitenote_category":0,"footnotes":""},"class_list":["post-4280","page","type-page","status-publish","hentry"],"yoast_head":"<!-- This site is optimized with the Yoast SEO plugin v27.4 - https:\/\/yoast.com\/product\/yoast-seo-wordpress\/ -->\n<title>Argument: All Grains - Agitator<\/title>\n<meta name=\"description\" content=\"Argument: Sherry Butt is a smoky whisky aged in sherry butts and Vino de Naranja hogshead casks. Agitators&#039; latest argument.\" \/>\n<meta name=\"robots\" content=\"index, follow, max-snippet:-1, max-image-preview:large, max-video-preview:-1\" \/>\n<link rel=\"canonical\" href=\"https:\/\/agitatordistillery.com\/de\/argument-all-grains\/\" \/>\n<meta property=\"og:locale\" content=\"de_DE\" \/>\n<meta property=\"og:type\" content=\"article\" \/>\n<meta property=\"og:title\" content=\"Argument: All Grains - Agitator\" \/>\n<meta property=\"og:description\" content=\"Argument: Sherry Butt is a smoky whisky aged in sherry butts and Vino de Naranja hogshead casks. Agitators&#039; latest argument.\" \/>\n<meta property=\"og:url\" content=\"https:\/\/agitatordistillery.com\/de\/argument-all-grains\/\" \/>\n<meta property=\"og:site_name\" content=\"Agitator\" \/>\n<meta property=\"article:publisher\" content=\"https:\/\/www.facebook.com\/Agitator.Whisky\" \/>\n<meta property=\"article:modified_time\" content=\"2026-02-03T13:21:17+00:00\" \/>\n<meta property=\"og:image\" content=\"https:\/\/agitatordistillery.com\/wp-content\/uploads\/2026\/01\/agitator-all-grains_frilagd-scaled.png\" \/>\n<meta name=\"twitter:card\" content=\"summary_large_image\" \/>\n<meta name=\"twitter:label1\" content=\"Gesch\u00e4tzte Lesezeit\" \/>\n\t<meta name=\"twitter:data1\" content=\"1\u00a0Minute\" \/>\n<script type=\"application\/ld+json\" class=\"yoast-schema-graph\">{\"@context\":\"https:\\\/\\\/schema.org\",\"@graph\":[{\"@type\":\"WebPage\",\"@id\":\"https:\\\/\\\/agitatordistillery.com\\\/sv_se\\\/argument-all-grains\\\/\",\"url\":\"https:\\\/\\\/agitatordistillery.com\\\/sv_se\\\/argument-all-grains\\\/\",\"name\":\"Argument: All Grains - Agitator\",\"isPartOf\":{\"@id\":\"https:\\\/\\\/agitatordistillery.com\\\/#website\"},\"primaryImageOfPage\":{\"@id\":\"https:\\\/\\\/agitatordistillery.com\\\/sv_se\\\/argument-all-grains\\\/#primaryimage\"},\"image\":{\"@id\":\"https:\\\/\\\/agitatordistillery.com\\\/sv_se\\\/argument-all-grains\\\/#primaryimage\"},\"thumbnailUrl\":\"https:\\\/\\\/agitatordistillery.com\\\/wp-content\\\/uploads\\\/2026\\\/01\\\/agitator-all-grains_frilagd-scaled.png\",\"datePublished\":\"2026-01-24T00:25:18+00:00\",\"dateModified\":\"2026-02-03T13:21:17+00:00\",\"description\":\"Argument: Sherry Butt is a smoky whisky aged in sherry butts and Vino de Naranja hogshead casks. Agitators' latest argument.\",\"breadcrumb\":{\"@id\":\"https:\\\/\\\/agitatordistillery.com\\\/sv_se\\\/argument-all-grains\\\/#breadcrumb\"},\"inLanguage\":\"de\",\"potentialAction\":[{\"@type\":\"ReadAction\",\"target\":[\"https:\\\/\\\/agitatordistillery.com\\\/sv_se\\\/argument-all-grains\\\/\"]}]},{\"@type\":\"ImageObject\",\"inLanguage\":\"de\",\"@id\":\"https:\\\/\\\/agitatordistillery.com\\\/sv_se\\\/argument-all-grains\\\/#primaryimage\",\"url\":\"https:\\\/\\\/agitatordistillery.com\\\/wp-content\\\/uploads\\\/2026\\\/01\\\/agitator-all-grains_frilagd-scaled.png\",\"contentUrl\":\"https:\\\/\\\/agitatordistillery.com\\\/wp-content\\\/uploads\\\/2026\\\/01\\\/agitator-all-grains_frilagd-scaled.png\"},{\"@type\":\"BreadcrumbList\",\"@id\":\"https:\\\/\\\/agitatordistillery.com\\\/sv_se\\\/argument-all-grains\\\/#breadcrumb\",\"itemListElement\":[{\"@type\":\"ListItem\",\"position\":1,\"name\":\"Hem\",\"item\":\"https:\\\/\\\/agitatordistillery.com\\\/sv_se\\\/\"},{\"@type\":\"ListItem\",\"position\":2,\"name\":\"Argument: All Grains\"}]},{\"@type\":\"WebSite\",\"@id\":\"https:\\\/\\\/agitatordistillery.com\\\/#website\",\"url\":\"https:\\\/\\\/agitatordistillery.com\\\/\",\"name\":\"Agitator\",\"description\":\"The Swedish Distillery\",\"publisher\":{\"@id\":\"https:\\\/\\\/agitatordistillery.com\\\/#organization\"},\"potentialAction\":[{\"@type\":\"SearchAction\",\"target\":{\"@type\":\"EntryPoint\",\"urlTemplate\":\"https:\\\/\\\/agitatordistillery.com\\\/?s={search_term_string}\"},\"query-input\":{\"@type\":\"PropertyValueSpecification\",\"valueRequired\":true,\"valueName\":\"search_term_string\"}}],\"inLanguage\":\"de\"},{\"@type\":\"Organization\",\"@id\":\"https:\\\/\\\/agitatordistillery.com\\\/#organization\",\"name\":\"Agitator\",\"url\":\"https:\\\/\\\/agitatordistillery.com\\\/\",\"logo\":{\"@type\":\"ImageObject\",\"inLanguage\":\"de\",\"@id\":\"https:\\\/\\\/agitatordistillery.com\\\/#\\\/schema\\\/logo\\\/image\\\/\",\"url\":\"https:\\\/\\\/agitatordistillery.com\\\/wp-content\\\/uploads\\\/2021\\\/10\\\/Agitator_Logotyp_2021_Small_Pos.png\",\"contentUrl\":\"https:\\\/\\\/agitatordistillery.com\\\/wp-content\\\/uploads\\\/2021\\\/10\\\/Agitator_Logotyp_2021_Small_Pos.png\",\"width\":360,\"height\":200,\"caption\":\"Agitator\"},\"image\":{\"@id\":\"https:\\\/\\\/agitatordistillery.com\\\/#\\\/schema\\\/logo\\\/image\\\/\"},\"sameAs\":[\"https:\\\/\\\/www.facebook.com\\\/Agitator.Whisky\",\"https:\\\/\\\/www.instagram.com\\\/agitator.whisky\\\/\",\"https:\\\/\\\/www.linkedin.com\\\/company\\\/agitator-whisky\\\/\",\"https:\\\/\\\/www.youtube.com\\\/channel\\\/UCuOnjXGpTaL1-NXFXL5ZHtg\"]}]}<\/script>\n<!-- \/ Yoast SEO plugin. -->","yoast_head_json":{"title":"Argument: All Grains - Agitator","description":"Argument: Sherry Butt is a smoky whisky aged in sherry butts and Vino de Naranja hogshead casks. Agitators' latest argument.","robots":{"index":"index","follow":"follow","max-snippet":"max-snippet:-1","max-image-preview":"max-image-preview:large","max-video-preview":"max-video-preview:-1"},"canonical":"https:\/\/agitatordistillery.com\/de\/argument-all-grains\/","og_locale":"de_DE","og_type":"article","og_title":"Argument: All Grains - Agitator","og_description":"Argument: Sherry Butt is a smoky whisky aged in sherry butts and Vino de Naranja hogshead casks. Agitators' latest argument.","og_url":"https:\/\/agitatordistillery.com\/de\/argument-all-grains\/","og_site_name":"Agitator","article_publisher":"https:\/\/www.facebook.com\/Agitator.Whisky","article_modified_time":"2026-02-03T13:21:17+00:00","og_image":[{"url":"https:\/\/agitatordistillery.com\/wp-content\/uploads\/2026\/01\/agitator-all-grains_frilagd-scaled.png","type":"","width":"","height":""}],"twitter_card":"summary_large_image","twitter_misc":{"Gesch\u00e4tzte Lesezeit":"1\u00a0Minute"},"schema":{"@context":"https:\/\/schema.org","@graph":[{"@type":"WebPage","@id":"https:\/\/agitatordistillery.com\/sv_se\/argument-all-grains\/","url":"https:\/\/agitatordistillery.com\/sv_se\/argument-all-grains\/","name":"Argument: All Grains - Agitator","isPartOf":{"@id":"https:\/\/agitatordistillery.com\/#website"},"primaryImageOfPage":{"@id":"https:\/\/agitatordistillery.com\/sv_se\/argument-all-grains\/#primaryimage"},"image":{"@id":"https:\/\/agitatordistillery.com\/sv_se\/argument-all-grains\/#primaryimage"},"thumbnailUrl":"https:\/\/agitatordistillery.com\/wp-content\/uploads\/2026\/01\/agitator-all-grains_frilagd-scaled.png","datePublished":"2026-01-24T00:25:18+00:00","dateModified":"2026-02-03T13:21:17+00:00","description":"Argument: Sherry Butt is a smoky whisky aged in sherry butts and Vino de Naranja hogshead casks. Agitators' latest argument.","breadcrumb":{"@id":"https:\/\/agitatordistillery.com\/sv_se\/argument-all-grains\/#breadcrumb"},"inLanguage":"de","potentialAction":[{"@type":"ReadAction","target":["https:\/\/agitatordistillery.com\/sv_se\/argument-all-grains\/"]}]},{"@type":"ImageObject","inLanguage":"de","@id":"https:\/\/agitatordistillery.com\/sv_se\/argument-all-grains\/#primaryimage","url":"https:\/\/agitatordistillery.com\/wp-content\/uploads\/2026\/01\/agitator-all-grains_frilagd-scaled.png","contentUrl":"https:\/\/agitatordistillery.com\/wp-content\/uploads\/2026\/01\/agitator-all-grains_frilagd-scaled.png"},{"@type":"BreadcrumbList","@id":"https:\/\/agitatordistillery.com\/sv_se\/argument-all-grains\/#breadcrumb","itemListElement":[{"@type":"ListItem","position":1,"name":"Hem","item":"https:\/\/agitatordistillery.com\/sv_se\/"},{"@type":"ListItem","position":2,"name":"Argument: All Grains"}]},{"@type":"WebSite","@id":"https:\/\/agitatordistillery.com\/#website","url":"https:\/\/agitatordistillery.com\/","name":"Agitator","description":"The Swedish Distillery","publisher":{"@id":"https:\/\/agitatordistillery.com\/#organization"},"potentialAction":[{"@type":"SearchAction","target":{"@type":"EntryPoint","urlTemplate":"https:\/\/agitatordistillery.com\/?s={search_term_string}"},"query-input":{"@type":"PropertyValueSpecification","valueRequired":true,"valueName":"search_term_string"}}],"inLanguage":"de"},{"@type":"Organization","@id":"https:\/\/agitatordistillery.com\/#organization","name":"Agitator","url":"https:\/\/agitatordistillery.com\/","logo":{"@type":"ImageObject","inLanguage":"de","@id":"https:\/\/agitatordistillery.com\/#\/schema\/logo\/image\/","url":"https:\/\/agitatordistillery.com\/wp-content\/uploads\/2021\/10\/Agitator_Logotyp_2021_Small_Pos.png","contentUrl":"https:\/\/agitatordistillery.com\/wp-content\/uploads\/2021\/10\/Agitator_Logotyp_2021_Small_Pos.png","width":360,"height":200,"caption":"Agitator"},"image":{"@id":"https:\/\/agitatordistillery.com\/#\/schema\/logo\/image\/"},"sameAs":["https:\/\/www.facebook.com\/Agitator.Whisky","https:\/\/www.instagram.com\/agitator.whisky\/","https:\/\/www.linkedin.com\/company\/agitator-whisky\/","https:\/\/www.youtube.com\/channel\/UCuOnjXGpTaL1-NXFXL5ZHtg"]}]}},"_links":{"self":[{"href":"https:\/\/agitatordistillery.com\/de\/wp-json\/wp\/v2\/pages\/4280","targetHints":{"allow":["GET"]}}],"collection":[{"href":"https:\/\/agitatordistillery.com\/de\/wp-json\/wp\/v2\/pages"}],"about":[{"href":"https:\/\/agitatordistillery.com\/de\/wp-json\/wp\/v2\/types\/page"}],"author":[{"embeddable":true,"href":"https:\/\/agitatordistillery.com\/de\/wp-json\/wp\/v2\/users\/17"}],"replies":[{"embeddable":true,"href":"https:\/\/agitatordistillery.com\/de\/wp-json\/wp\/v2\/comments?post=4280"}],"version-history":[{"count":10,"href":"https:\/\/agitatordistillery.com\/de\/wp-json\/wp\/v2\/pages\/4280\/revisions"}],"predecessor-version":[{"id":4321,"href":"https:\/\/agitatordistillery.com\/de\/wp-json\/wp\/v2\/pages\/4280\/revisions\/4321"}],"wp:attachment":[{"href":"https:\/\/agitatordistillery.com\/de\/wp-json\/wp\/v2\/media?parent=4280"}],"curies":[{"name":"wp","href":"https:\/\/api.w.org\/{rel}","templated":true}]}}