{"id":4152,"date":"2025-11-10T11:43:22","date_gmt":"2025-11-10T10:43:22","guid":{"rendered":"https:\/\/agitatordistillery.com\/?page_id=4152"},"modified":"2025-11-10T11:43:24","modified_gmt":"2025-11-10T10:43:24","slug":"evidens-ice-cider-cask","status":"publish","type":"page","link":"https:\/\/agitatordistillery.com\/de\/evidens-ice-cider-cask\/","title":{"rendered":"Evidens Ice Cider Cask"},"content":{"rendered":"<h2>\n\t\t\tOM Evidens: ice cider cask\t<\/h2>\n\t<p>Kann Whisky schmecken wie ein s\u00fc\u00dfer, ger\u00f6steter Apfel am rauchigen Lagerfeuer? Auf der Suche nach neuen Aromen haben wir eine kleine Menge getorften Destillats in schwedische Eisweinf\u00e4sser gef\u00fcllt. Jetzt, Jahre sp\u00e4ter, schmeckt er genau so.<\/p>\n<p>Unsere EVIDENS-Serie ist eine Kollektion limitierter Whiskys, die mit Fassf\u00fcllst\u00e4rke abgef\u00fcllt wurden, was bei Agitator 55 % entspricht. Evidens: Ice Cider Cask ist eine einzigartige Mischung aus Destillaten aus schwedischen Eis-Cider-F\u00e4ssern und franz\u00f6sischen Sauternes-F\u00e4ssern. Das Ergebnis ist ein vielschichtiger Whisky mit Aromen von gelbem Apfel, Honigmelone, Kakao und sanftem Lagerfeuerrauch in der Nase, der am Gaumen zu getrocknetem Apfel, aschigem Rauch, Marzipan und dunkler Milchschokolade f\u00fchrt.<\/p>\n<h2>\n\t\t\tGeschmacksnoten\t<\/h2>\n\t<strong>GERUCH<br \/>\n<\/strong>Gelber Apfel und Honigmelone, mit Kakao und sanftem Lagerfeuerrauch.\n<strong>GESCHMACK<\/strong><br \/>\nGetrockneter Apfel, aschiger Rauch, Marzipan und dunkle Milchschokolade.\n\t\t\t\t<img decoding=\"async\" data-src=\"https:\/\/agitatordistillery.com\/wp-content\/uploads\/2025\/10\/Evidens-Ice-Cider-Cask-frilagd-scaled.png\" alt=\"Evidens Ice Cider Cask frilagd\" itemprop=\"image\" height=\"2560\" width=\"1212\" title=\"Evidens Ice Cider Cask frilagd\" onerror=\"this.style.display='none'\" loading=\"lazy\" src=\"data:image\/gif;base64,R0lGODlhAQABAAAAACH5BAEKAAEALAAAAAABAAEAAAICTAEAOw==\" class=\"lazyload\" style=\"--smush-placeholder-width: 1212px; --smush-placeholder-aspect-ratio: 1212\/2560;\" \/><noscript><img decoding=\"async\" src=\"https:\/\/agitatordistillery.com\/wp-content\/uploads\/2025\/10\/Evidens-Ice-Cider-Cask-frilagd-scaled.png\" alt=\"Evidens Ice Cider Cask frilagd\" itemprop=\"image\" height=\"2560\" width=\"1212\" title=\"Evidens Ice Cider Cask frilagd\" onerror=\"this.style.display='none'\" loading=\"lazy\" \/><\/noscript>","protected":false},"excerpt":{"rendered":"<p>OM Evidens: ice cider cask Kan whisky smaka som att bita i ett s\u00f6tt, rostat \u00e4pple vid en r\u00f6kig brasa? I jakten p\u00e5 nya smaker fyllde vi en liten sats med r\u00f6kt destillat p\u00e5 svenska isciderfat. Nu, flera \u00e5r senare, smakar det precis s\u00e5. V\u00e5r EVIDENS-serie \u00e4r en kollektion av whiskysorter i begr\u00e4nsad upplaga som&hellip;<\/p>","protected":false},"author":17,"featured_media":3489,"parent":0,"menu_order":0,"comment_status":"closed","ping_status":"closed","template":"","meta":{"footnotes":""},"class_list":["post-4152","page","type-page","status-publish","has-post-thumbnail","hentry"],"yoast_head":"<!-- This site is optimized with the Yoast SEO plugin v27.5 - https:\/\/yoast.com\/product\/yoast-seo-wordpress\/ -->\n<title>Evidens Ice Cider Cask - Agitator<\/title>\n<meta name=\"description\" content=\"Evidens: Porter Cask \u00e4r en limiterad upplaga som buteljerats vid fatfyllningsstyrka, vilket hos Agitator inneb\u00e4r 55%.\" \/>\n<meta name=\"robots\" content=\"index, follow, max-snippet:-1, max-image-preview:large, max-video-preview:-1\" \/>\n<link rel=\"canonical\" href=\"https:\/\/agitatordistillery.com\/de\/evidens-ice-cider-cask\/\" \/>\n<meta property=\"og:locale\" content=\"de_DE\" \/>\n<meta property=\"og:type\" content=\"article\" \/>\n<meta property=\"og:title\" content=\"Evidens Ice Cider Cask - Agitator\" \/>\n<meta property=\"og:description\" content=\"Evidens: Porter Cask \u00e4r en limiterad upplaga som buteljerats vid fatfyllningsstyrka, vilket hos Agitator inneb\u00e4r 55%.\" \/>\n<meta property=\"og:url\" content=\"https:\/\/agitatordistillery.com\/de\/evidens-ice-cider-cask\/\" \/>\n<meta property=\"og:site_name\" content=\"Agitator\" \/>\n<meta property=\"article:publisher\" content=\"https:\/\/www.facebook.com\/Agitator.Whisky\" \/>\n<meta property=\"article:modified_time\" content=\"2025-11-10T10:43:24+00:00\" \/>\n<meta property=\"og:image\" content=\"https:\/\/agitatordistillery.com\/wp-content\/uploads\/2024\/10\/Agitator_Evidens_Porter_Cask_4575_2880px-scaled.jpg\" \/>\n\t<meta property=\"og:image:width\" content=\"2560\" \/>\n\t<meta property=\"og:image:height\" content=\"2048\" \/>\n\t<meta property=\"og:image:type\" content=\"image\/jpeg\" \/>\n<meta name=\"twitter:card\" content=\"summary_large_image\" \/>\n<meta name=\"twitter:label1\" content=\"Gesch\u00e4tzte Lesezeit\" \/>\n\t<meta name=\"twitter:data1\" content=\"1\u00a0Minute\" \/>\n<script type=\"application\/ld+json\" class=\"yoast-schema-graph\">{\"@context\":\"https:\\\/\\\/schema.org\",\"@graph\":[{\"@type\":\"WebPage\",\"@id\":\"https:\\\/\\\/agitatordistillery.com\\\/evidens-ice-cider-cask\\\/\",\"url\":\"https:\\\/\\\/agitatordistillery.com\\\/evidens-ice-cider-cask\\\/\",\"name\":\"Evidens Ice Cider Cask - Agitator\",\"isPartOf\":{\"@id\":\"https:\\\/\\\/agitatordistillery.com\\\/#website\"},\"primaryImageOfPage\":{\"@id\":\"https:\\\/\\\/agitatordistillery.com\\\/evidens-ice-cider-cask\\\/#primaryimage\"},\"image\":{\"@id\":\"https:\\\/\\\/agitatordistillery.com\\\/evidens-ice-cider-cask\\\/#primaryimage\"},\"thumbnailUrl\":\"https:\\\/\\\/agitatordistillery.com\\\/wp-content\\\/uploads\\\/2024\\\/10\\\/Agitator_Evidens_Porter_Cask_4575_2880px-scaled.jpg\",\"datePublished\":\"2025-11-10T10:43:22+00:00\",\"dateModified\":\"2025-11-10T10:43:24+00:00\",\"description\":\"Evidens: Porter Cask \u00e4r en limiterad upplaga som buteljerats vid fatfyllningsstyrka, vilket hos Agitator inneb\u00e4r 55%.\",\"breadcrumb\":{\"@id\":\"https:\\\/\\\/agitatordistillery.com\\\/evidens-ice-cider-cask\\\/#breadcrumb\"},\"inLanguage\":\"de\",\"potentialAction\":[{\"@type\":\"ReadAction\",\"target\":[\"https:\\\/\\\/agitatordistillery.com\\\/evidens-ice-cider-cask\\\/\"]}]},{\"@type\":\"ImageObject\",\"inLanguage\":\"de\",\"@id\":\"https:\\\/\\\/agitatordistillery.com\\\/evidens-ice-cider-cask\\\/#primaryimage\",\"url\":\"https:\\\/\\\/agitatordistillery.com\\\/wp-content\\\/uploads\\\/2024\\\/10\\\/Agitator_Evidens_Porter_Cask_4575_2880px-scaled.jpg\",\"contentUrl\":\"https:\\\/\\\/agitatordistillery.com\\\/wp-content\\\/uploads\\\/2024\\\/10\\\/Agitator_Evidens_Porter_Cask_4575_2880px-scaled.jpg\",\"width\":2560,\"height\":2048,\"caption\":\"Limited edition Swedish whisky\"},{\"@type\":\"BreadcrumbList\",\"@id\":\"https:\\\/\\\/agitatordistillery.com\\\/evidens-ice-cider-cask\\\/#breadcrumb\",\"itemListElement\":[{\"@type\":\"ListItem\",\"position\":1,\"name\":\"Hem\",\"item\":\"https:\\\/\\\/agitatordistillery.com\\\/\"},{\"@type\":\"ListItem\",\"position\":2,\"name\":\"Evidens Ice Cider Cask\"}]},{\"@type\":\"WebSite\",\"@id\":\"https:\\\/\\\/agitatordistillery.com\\\/#website\",\"url\":\"https:\\\/\\\/agitatordistillery.com\\\/\",\"name\":\"Agitator\",\"description\":\"The Swedish Distillery\",\"publisher\":{\"@id\":\"https:\\\/\\\/agitatordistillery.com\\\/#organization\"},\"potentialAction\":[{\"@type\":\"SearchAction\",\"target\":{\"@type\":\"EntryPoint\",\"urlTemplate\":\"https:\\\/\\\/agitatordistillery.com\\\/?s={search_term_string}\"},\"query-input\":{\"@type\":\"PropertyValueSpecification\",\"valueRequired\":true,\"valueName\":\"search_term_string\"}}],\"inLanguage\":\"de\"},{\"@type\":\"Organization\",\"@id\":\"https:\\\/\\\/agitatordistillery.com\\\/#organization\",\"name\":\"Agitator\",\"url\":\"https:\\\/\\\/agitatordistillery.com\\\/\",\"logo\":{\"@type\":\"ImageObject\",\"inLanguage\":\"de\",\"@id\":\"https:\\\/\\\/agitatordistillery.com\\\/#\\\/schema\\\/logo\\\/image\\\/\",\"url\":\"https:\\\/\\\/agitatordistillery.com\\\/wp-content\\\/uploads\\\/2021\\\/10\\\/Agitator_Logotyp_2021_Small_Pos.png\",\"contentUrl\":\"https:\\\/\\\/agitatordistillery.com\\\/wp-content\\\/uploads\\\/2021\\\/10\\\/Agitator_Logotyp_2021_Small_Pos.png\",\"width\":360,\"height\":200,\"caption\":\"Agitator\"},\"image\":{\"@id\":\"https:\\\/\\\/agitatordistillery.com\\\/#\\\/schema\\\/logo\\\/image\\\/\"},\"sameAs\":[\"https:\\\/\\\/www.facebook.com\\\/Agitator.Whisky\",\"https:\\\/\\\/www.instagram.com\\\/agitator.whisky\\\/\",\"https:\\\/\\\/www.linkedin.com\\\/company\\\/agitator-whisky\\\/\",\"https:\\\/\\\/www.youtube.com\\\/channel\\\/UCuOnjXGpTaL1-NXFXL5ZHtg\"]}]}<\/script>\n<!-- \/ Yoast SEO plugin. -->","yoast_head_json":{"title":"Evidens Ice Cider Cask - Agitator","description":"Evidens: Porter Cask \u00e4r en limiterad upplaga som buteljerats vid fatfyllningsstyrka, vilket hos Agitator inneb\u00e4r 55%.","robots":{"index":"index","follow":"follow","max-snippet":"max-snippet:-1","max-image-preview":"max-image-preview:large","max-video-preview":"max-video-preview:-1"},"canonical":"https:\/\/agitatordistillery.com\/de\/evidens-ice-cider-cask\/","og_locale":"de_DE","og_type":"article","og_title":"Evidens Ice Cider Cask - Agitator","og_description":"Evidens: Porter Cask \u00e4r en limiterad upplaga som buteljerats vid fatfyllningsstyrka, vilket hos Agitator inneb\u00e4r 55%.","og_url":"https:\/\/agitatordistillery.com\/de\/evidens-ice-cider-cask\/","og_site_name":"Agitator","article_publisher":"https:\/\/www.facebook.com\/Agitator.Whisky","article_modified_time":"2025-11-10T10:43:24+00:00","og_image":[{"width":2560,"height":2048,"url":"https:\/\/agitatordistillery.com\/wp-content\/uploads\/2024\/10\/Agitator_Evidens_Porter_Cask_4575_2880px-scaled.jpg","type":"image\/jpeg"}],"twitter_card":"summary_large_image","twitter_misc":{"Gesch\u00e4tzte Lesezeit":"1\u00a0Minute"},"schema":{"@context":"https:\/\/schema.org","@graph":[{"@type":"WebPage","@id":"https:\/\/agitatordistillery.com\/evidens-ice-cider-cask\/","url":"https:\/\/agitatordistillery.com\/evidens-ice-cider-cask\/","name":"Evidens Ice Cider Cask - Agitator","isPartOf":{"@id":"https:\/\/agitatordistillery.com\/#website"},"primaryImageOfPage":{"@id":"https:\/\/agitatordistillery.com\/evidens-ice-cider-cask\/#primaryimage"},"image":{"@id":"https:\/\/agitatordistillery.com\/evidens-ice-cider-cask\/#primaryimage"},"thumbnailUrl":"https:\/\/agitatordistillery.com\/wp-content\/uploads\/2024\/10\/Agitator_Evidens_Porter_Cask_4575_2880px-scaled.jpg","datePublished":"2025-11-10T10:43:22+00:00","dateModified":"2025-11-10T10:43:24+00:00","description":"Evidens: Porter Cask \u00e4r en limiterad upplaga som buteljerats vid fatfyllningsstyrka, vilket hos Agitator inneb\u00e4r 55%.","breadcrumb":{"@id":"https:\/\/agitatordistillery.com\/evidens-ice-cider-cask\/#breadcrumb"},"inLanguage":"de","potentialAction":[{"@type":"ReadAction","target":["https:\/\/agitatordistillery.com\/evidens-ice-cider-cask\/"]}]},{"@type":"ImageObject","inLanguage":"de","@id":"https:\/\/agitatordistillery.com\/evidens-ice-cider-cask\/#primaryimage","url":"https:\/\/agitatordistillery.com\/wp-content\/uploads\/2024\/10\/Agitator_Evidens_Porter_Cask_4575_2880px-scaled.jpg","contentUrl":"https:\/\/agitatordistillery.com\/wp-content\/uploads\/2024\/10\/Agitator_Evidens_Porter_Cask_4575_2880px-scaled.jpg","width":2560,"height":2048,"caption":"Limited edition Swedish whisky"},{"@type":"BreadcrumbList","@id":"https:\/\/agitatordistillery.com\/evidens-ice-cider-cask\/#breadcrumb","itemListElement":[{"@type":"ListItem","position":1,"name":"Hem","item":"https:\/\/agitatordistillery.com\/"},{"@type":"ListItem","position":2,"name":"Evidens Ice Cider Cask"}]},{"@type":"WebSite","@id":"https:\/\/agitatordistillery.com\/#website","url":"https:\/\/agitatordistillery.com\/","name":"Agitator","description":"The Swedish Distillery","publisher":{"@id":"https:\/\/agitatordistillery.com\/#organization"},"potentialAction":[{"@type":"SearchAction","target":{"@type":"EntryPoint","urlTemplate":"https:\/\/agitatordistillery.com\/?s={search_term_string}"},"query-input":{"@type":"PropertyValueSpecification","valueRequired":true,"valueName":"search_term_string"}}],"inLanguage":"de"},{"@type":"Organization","@id":"https:\/\/agitatordistillery.com\/#organization","name":"Agitator","url":"https:\/\/agitatordistillery.com\/","logo":{"@type":"ImageObject","inLanguage":"de","@id":"https:\/\/agitatordistillery.com\/#\/schema\/logo\/image\/","url":"https:\/\/agitatordistillery.com\/wp-content\/uploads\/2021\/10\/Agitator_Logotyp_2021_Small_Pos.png","contentUrl":"https:\/\/agitatordistillery.com\/wp-content\/uploads\/2021\/10\/Agitator_Logotyp_2021_Small_Pos.png","width":360,"height":200,"caption":"Agitator"},"image":{"@id":"https:\/\/agitatordistillery.com\/#\/schema\/logo\/image\/"},"sameAs":["https:\/\/www.facebook.com\/Agitator.Whisky","https:\/\/www.instagram.com\/agitator.whisky\/","https:\/\/www.linkedin.com\/company\/agitator-whisky\/","https:\/\/www.youtube.com\/channel\/UCuOnjXGpTaL1-NXFXL5ZHtg"]}]}},"_links":{"self":[{"href":"https:\/\/agitatordistillery.com\/de\/wp-json\/wp\/v2\/pages\/4152","targetHints":{"allow":["GET"]}}],"collection":[{"href":"https:\/\/agitatordistillery.com\/de\/wp-json\/wp\/v2\/pages"}],"about":[{"href":"https:\/\/agitatordistillery.com\/de\/wp-json\/wp\/v2\/types\/page"}],"author":[{"embeddable":true,"href":"https:\/\/agitatordistillery.com\/de\/wp-json\/wp\/v2\/users\/17"}],"replies":[{"embeddable":true,"href":"https:\/\/agitatordistillery.com\/de\/wp-json\/wp\/v2\/comments?post=4152"}],"version-history":[{"count":3,"href":"https:\/\/agitatordistillery.com\/de\/wp-json\/wp\/v2\/pages\/4152\/revisions"}],"predecessor-version":[{"id":4251,"href":"https:\/\/agitatordistillery.com\/de\/wp-json\/wp\/v2\/pages\/4152\/revisions\/4251"}],"wp:featuredmedia":[{"embeddable":true,"href":"https:\/\/agitatordistillery.com\/de\/wp-json\/wp\/v2\/media\/3489"}],"wp:attachment":[{"href":"https:\/\/agitatordistillery.com\/de\/wp-json\/wp\/v2\/media?parent=4152"}],"curies":[{"name":"wp","href":"https:\/\/api.w.org\/{rel}","templated":true}]}}