{"id":4123,"date":"2025-10-05T17:15:15","date_gmt":"2025-10-05T15:15:15","guid":{"rendered":"https:\/\/agitatordistillery.com\/?page_id=4123"},"modified":"2025-10-15T12:04:07","modified_gmt":"2025-10-15T10:04:07","slug":"chestnut-spirit","status":"publish","type":"page","link":"https:\/\/agitatordistillery.com\/de\/chestnut-spirit\/","title":{"rendered":"Chestnut Spirit"},"content":{"rendered":"<a href=\"\" target=\"_self\">\n\t\t\t\t\t\t\tHIER BESTELLEN\n\t\t\t<\/a>\n<h2>\n\t\t\tBESCHREIBUNG\t<\/h2>\n\t<p>Bei Agitator steht Wissenschaft \u00fcber Tradition. Bei der Fassauswahl experimentieren wir mit einer breiten Palette an F\u00e4ssern jenseits der klassischen Eichenf\u00e4sser. Kastanienf\u00e4sser beispielsweise verleihen dem Spirituosen einzigartige Aromen und sorgen f\u00fcr ganz au\u00dfergew\u00f6hnliche Geschmackserlebnisse. Und, wagen wir es zu behaupten, f\u00fcr noch interessantere Spirituosen. Probieren Sie es aus und sagen Sie uns Ihre Meinung.<\/p>\n\t\t\t\t<img decoding=\"async\" data-src=\"https:\/\/agitatordistillery.com\/wp-content\/uploads\/2025\/10\/Chestnut-Spirit-frilagd.png\" alt=\"Chestnut Spirit frilagd\" itemprop=\"image\" height=\"1937\" width=\"2463\" title=\"Chestnut Spirit frilagd\" onerror=\"this.style.display='none'\" loading=\"lazy\" src=\"data:image\/gif;base64,R0lGODlhAQABAAAAACH5BAEKAAEALAAAAAABAAEAAAICTAEAOw==\" class=\"lazyload\" style=\"--smush-placeholder-width: 2463px; --smush-placeholder-aspect-ratio: 2463\/1937;\" \/><noscript><img decoding=\"async\" src=\"https:\/\/agitatordistillery.com\/wp-content\/uploads\/2025\/10\/Chestnut-Spirit-frilagd.png\" alt=\"Chestnut Spirit frilagd\" itemprop=\"image\" height=\"1937\" width=\"2463\" title=\"Chestnut Spirit frilagd\" onerror=\"this.style.display='none'\" loading=\"lazy\" \/><\/noscript>\n<h2>\n\t\t\tGeschmacksnoten\t<\/h2>\n\t<p><strong>CHESTNUT RESERVE RUM<\/strong><\/p>\n<p>Aromen von Rosinen, Hagebutten, Vanille, Passionsfrucht und Melasse mit einem Hauch von Kokosnuss, Pflaume, Grapefruit, Kakao und Fudge. Alle treffen auf den Charakter von Kastanienholz f\u00fcr einen zarten und s\u00fc\u00dfen Abgang.<\/p>\n<p>&nbsp;<\/p>\n<p><strong>CHESTNUT AGED GIN<\/strong><\/p>\n<p>Noten von Orangenmarmelade und Zitronenquark in der Nase. Wei\u00dfer Pfeffer, Orange und Holz auf der Zunge. Etwas Einzigartiges und doch Vertrautes. Dieser Gin l\u00e4sst sich wunderbar in Ihrem Lieblingsgetr\u00e4nk genie\u00dfen. Oder warum nicht einfach pur.<\/p>\n<p>&nbsp;<\/p>\n<p><strong>CHESTNUT CASK WHISKY<\/strong><\/p>\n<p>Unser Signature Whisky aus unserem Signature Fass. Dieser Whisky ist die Vollendung jahrelanger Sondereditionen. Die Nase hat so etwas noch nie erlebt. Die Zunge findet Aromen von Trockenfr\u00fcchten, Leder, Honig und Vanille.<\/p>\n<p>&nbsp;<\/p>\n<p><strong>CHESTNUT CASK VODKA<\/strong><\/p>\n<p>Der reinste Spiritus, gereift in den aktivsten und aromatischsten F\u00e4ssern. Sie erhalten das Beste aus beiden Welten. Traditioneller Wodka mit all seinen charakteristischen Aromen, die dezent im Hintergrund verweilen: Trockenfr\u00fcchte, Vanille und Pfeffer.<\/p>","protected":false},"excerpt":{"rendered":"<p>BEST\u00c4LL H\u00c4R OM P\u00e5 Agitator prioriterar vi vetenskap framf\u00f6r tradition. N\u00e4r det g\u00e4ller att v\u00e4lja fat experimenterar vi med ett brett utbud ut\u00f6ver de klassiska ekfaten. Kastanjefat, till exempel, ger spriten unika smaker och skapar helt exceptionella smakupplevelser. Och, t\u00f6rs vi p\u00e5st\u00e5, \u00e4nnu mer intressanta spritsorter. Testa och ber\u00e4tta g\u00e4rna vad du tycker sj\u00e4lv. smaknoter&hellip;<\/p>","protected":false},"author":17,"featured_media":2298,"parent":0,"menu_order":0,"comment_status":"closed","ping_status":"closed","template":"","meta":{"_monsterinsights_skip_tracking":false,"_monsterinsights_sitenote_active":false,"_monsterinsights_sitenote_note":"","_monsterinsights_sitenote_category":0,"footnotes":""},"class_list":["post-4123","page","type-page","status-publish","has-post-thumbnail","hentry"],"yoast_head":"<!-- This site is optimized with the Yoast SEO plugin v27.4 - https:\/\/yoast.com\/product\/yoast-seo-wordpress\/ -->\n<title>Chestnut Spirit - Agitator<\/title>\n<meta name=\"description\" content=\"Utforska Agitator Whisky Mixpack! Fyra whiskies varje \u00e4r som ett unikt kapitel i Agitators bok. Finns p\u00e5 Systembolaget.\" \/>\n<meta name=\"robots\" content=\"index, follow, max-snippet:-1, max-image-preview:large, max-video-preview:-1\" \/>\n<link rel=\"canonical\" href=\"https:\/\/agitatordistillery.com\/de\/chestnut-spirit\/\" \/>\n<meta property=\"og:locale\" content=\"de_DE\" \/>\n<meta property=\"og:type\" content=\"article\" \/>\n<meta property=\"og:title\" content=\"Chestnut Spirit - Agitator\" \/>\n<meta property=\"og:description\" content=\"Utforska Agitator Whisky Mixpack! Fyra whiskies varje \u00e4r som ett unikt kapitel i Agitators bok. Finns p\u00e5 Systembolaget.\" \/>\n<meta property=\"og:url\" content=\"https:\/\/agitatordistillery.com\/de\/chestnut-spirit\/\" \/>\n<meta property=\"og:site_name\" content=\"Agitator\" \/>\n<meta property=\"article:publisher\" content=\"https:\/\/www.facebook.com\/Agitator.Whisky\" \/>\n<meta property=\"article:modified_time\" content=\"2025-10-15T10:04:07+00:00\" \/>\n<meta property=\"og:image\" content=\"https:\/\/agitatordistillery.com\/wp-content\/uploads\/2023\/09\/Agitator_Mixpack1913_Ret_2880px23.jpg\" \/>\n\t<meta property=\"og:image:width\" content=\"2440\" \/>\n\t<meta property=\"og:image:height\" content=\"1372\" \/>\n\t<meta property=\"og:image:type\" content=\"image\/jpeg\" \/>\n<meta name=\"twitter:card\" content=\"summary_large_image\" \/>\n<meta name=\"twitter:label1\" content=\"Gesch\u00e4tzte Lesezeit\" \/>\n\t<meta name=\"twitter:data1\" content=\"2\u00a0Minuten\" \/>\n<script type=\"application\/ld+json\" class=\"yoast-schema-graph\">{\"@context\":\"https:\\\/\\\/schema.org\",\"@graph\":[{\"@type\":\"WebPage\",\"@id\":\"https:\\\/\\\/agitatordistillery.com\\\/sv_se\\\/chestnut-spirit\\\/\",\"url\":\"https:\\\/\\\/agitatordistillery.com\\\/sv_se\\\/chestnut-spirit\\\/\",\"name\":\"Chestnut Spirit - Agitator\",\"isPartOf\":{\"@id\":\"https:\\\/\\\/agitatordistillery.com\\\/#website\"},\"primaryImageOfPage\":{\"@id\":\"https:\\\/\\\/agitatordistillery.com\\\/sv_se\\\/chestnut-spirit\\\/#primaryimage\"},\"image\":{\"@id\":\"https:\\\/\\\/agitatordistillery.com\\\/sv_se\\\/chestnut-spirit\\\/#primaryimage\"},\"thumbnailUrl\":\"https:\\\/\\\/agitatordistillery.com\\\/wp-content\\\/uploads\\\/2023\\\/09\\\/Agitator_Mixpack1913_Ret_2880px23.jpg\",\"datePublished\":\"2025-10-05T15:15:15+00:00\",\"dateModified\":\"2025-10-15T10:04:07+00:00\",\"description\":\"Utforska Agitator Whisky Mixpack! Fyra whiskies varje \u00e4r som ett unikt kapitel i Agitators bok. Finns p\u00e5 Systembolaget.\",\"breadcrumb\":{\"@id\":\"https:\\\/\\\/agitatordistillery.com\\\/sv_se\\\/chestnut-spirit\\\/#breadcrumb\"},\"inLanguage\":\"de\",\"potentialAction\":[{\"@type\":\"ReadAction\",\"target\":[\"https:\\\/\\\/agitatordistillery.com\\\/sv_se\\\/chestnut-spirit\\\/\"]}]},{\"@type\":\"ImageObject\",\"inLanguage\":\"de\",\"@id\":\"https:\\\/\\\/agitatordistillery.com\\\/sv_se\\\/chestnut-spirit\\\/#primaryimage\",\"url\":\"https:\\\/\\\/agitatordistillery.com\\\/wp-content\\\/uploads\\\/2023\\\/09\\\/Agitator_Mixpack1913_Ret_2880px23.jpg\",\"contentUrl\":\"https:\\\/\\\/agitatordistillery.com\\\/wp-content\\\/uploads\\\/2023\\\/09\\\/Agitator_Mixpack1913_Ret_2880px23.jpg\",\"width\":2440,\"height\":1372},{\"@type\":\"BreadcrumbList\",\"@id\":\"https:\\\/\\\/agitatordistillery.com\\\/sv_se\\\/chestnut-spirit\\\/#breadcrumb\",\"itemListElement\":[{\"@type\":\"ListItem\",\"position\":1,\"name\":\"Hem\",\"item\":\"https:\\\/\\\/agitatordistillery.com\\\/sv_se\\\/\"},{\"@type\":\"ListItem\",\"position\":2,\"name\":\"Chestnut Spirit\"}]},{\"@type\":\"WebSite\",\"@id\":\"https:\\\/\\\/agitatordistillery.com\\\/#website\",\"url\":\"https:\\\/\\\/agitatordistillery.com\\\/\",\"name\":\"Agitator\",\"description\":\"The Swedish Distillery\",\"publisher\":{\"@id\":\"https:\\\/\\\/agitatordistillery.com\\\/#organization\"},\"potentialAction\":[{\"@type\":\"SearchAction\",\"target\":{\"@type\":\"EntryPoint\",\"urlTemplate\":\"https:\\\/\\\/agitatordistillery.com\\\/?s={search_term_string}\"},\"query-input\":{\"@type\":\"PropertyValueSpecification\",\"valueRequired\":true,\"valueName\":\"search_term_string\"}}],\"inLanguage\":\"de\"},{\"@type\":\"Organization\",\"@id\":\"https:\\\/\\\/agitatordistillery.com\\\/#organization\",\"name\":\"Agitator\",\"url\":\"https:\\\/\\\/agitatordistillery.com\\\/\",\"logo\":{\"@type\":\"ImageObject\",\"inLanguage\":\"de\",\"@id\":\"https:\\\/\\\/agitatordistillery.com\\\/#\\\/schema\\\/logo\\\/image\\\/\",\"url\":\"https:\\\/\\\/agitatordistillery.com\\\/wp-content\\\/uploads\\\/2021\\\/10\\\/Agitator_Logotyp_2021_Small_Pos.png\",\"contentUrl\":\"https:\\\/\\\/agitatordistillery.com\\\/wp-content\\\/uploads\\\/2021\\\/10\\\/Agitator_Logotyp_2021_Small_Pos.png\",\"width\":360,\"height\":200,\"caption\":\"Agitator\"},\"image\":{\"@id\":\"https:\\\/\\\/agitatordistillery.com\\\/#\\\/schema\\\/logo\\\/image\\\/\"},\"sameAs\":[\"https:\\\/\\\/www.facebook.com\\\/Agitator.Whisky\",\"https:\\\/\\\/www.instagram.com\\\/agitator.whisky\\\/\",\"https:\\\/\\\/www.linkedin.com\\\/company\\\/agitator-whisky\\\/\",\"https:\\\/\\\/www.youtube.com\\\/channel\\\/UCuOnjXGpTaL1-NXFXL5ZHtg\"]}]}<\/script>\n<!-- \/ Yoast SEO plugin. -->","yoast_head_json":{"title":"Chestnut Spirit - Agitator","description":"Utforska Agitator Whisky Mixpack! Fyra whiskies varje \u00e4r som ett unikt kapitel i Agitators bok. Finns p\u00e5 Systembolaget.","robots":{"index":"index","follow":"follow","max-snippet":"max-snippet:-1","max-image-preview":"max-image-preview:large","max-video-preview":"max-video-preview:-1"},"canonical":"https:\/\/agitatordistillery.com\/de\/chestnut-spirit\/","og_locale":"de_DE","og_type":"article","og_title":"Chestnut Spirit - Agitator","og_description":"Utforska Agitator Whisky Mixpack! Fyra whiskies varje \u00e4r som ett unikt kapitel i Agitators bok. Finns p\u00e5 Systembolaget.","og_url":"https:\/\/agitatordistillery.com\/de\/chestnut-spirit\/","og_site_name":"Agitator","article_publisher":"https:\/\/www.facebook.com\/Agitator.Whisky","article_modified_time":"2025-10-15T10:04:07+00:00","og_image":[{"width":2440,"height":1372,"url":"https:\/\/agitatordistillery.com\/wp-content\/uploads\/2023\/09\/Agitator_Mixpack1913_Ret_2880px23.jpg","type":"image\/jpeg"}],"twitter_card":"summary_large_image","twitter_misc":{"Gesch\u00e4tzte Lesezeit":"2\u00a0Minuten"},"schema":{"@context":"https:\/\/schema.org","@graph":[{"@type":"WebPage","@id":"https:\/\/agitatordistillery.com\/sv_se\/chestnut-spirit\/","url":"https:\/\/agitatordistillery.com\/sv_se\/chestnut-spirit\/","name":"Chestnut Spirit - Agitator","isPartOf":{"@id":"https:\/\/agitatordistillery.com\/#website"},"primaryImageOfPage":{"@id":"https:\/\/agitatordistillery.com\/sv_se\/chestnut-spirit\/#primaryimage"},"image":{"@id":"https:\/\/agitatordistillery.com\/sv_se\/chestnut-spirit\/#primaryimage"},"thumbnailUrl":"https:\/\/agitatordistillery.com\/wp-content\/uploads\/2023\/09\/Agitator_Mixpack1913_Ret_2880px23.jpg","datePublished":"2025-10-05T15:15:15+00:00","dateModified":"2025-10-15T10:04:07+00:00","description":"Utforska Agitator Whisky Mixpack! Fyra whiskies varje \u00e4r som ett unikt kapitel i Agitators bok. Finns p\u00e5 Systembolaget.","breadcrumb":{"@id":"https:\/\/agitatordistillery.com\/sv_se\/chestnut-spirit\/#breadcrumb"},"inLanguage":"de","potentialAction":[{"@type":"ReadAction","target":["https:\/\/agitatordistillery.com\/sv_se\/chestnut-spirit\/"]}]},{"@type":"ImageObject","inLanguage":"de","@id":"https:\/\/agitatordistillery.com\/sv_se\/chestnut-spirit\/#primaryimage","url":"https:\/\/agitatordistillery.com\/wp-content\/uploads\/2023\/09\/Agitator_Mixpack1913_Ret_2880px23.jpg","contentUrl":"https:\/\/agitatordistillery.com\/wp-content\/uploads\/2023\/09\/Agitator_Mixpack1913_Ret_2880px23.jpg","width":2440,"height":1372},{"@type":"BreadcrumbList","@id":"https:\/\/agitatordistillery.com\/sv_se\/chestnut-spirit\/#breadcrumb","itemListElement":[{"@type":"ListItem","position":1,"name":"Hem","item":"https:\/\/agitatordistillery.com\/sv_se\/"},{"@type":"ListItem","position":2,"name":"Chestnut Spirit"}]},{"@type":"WebSite","@id":"https:\/\/agitatordistillery.com\/#website","url":"https:\/\/agitatordistillery.com\/","name":"Agitator","description":"The Swedish Distillery","publisher":{"@id":"https:\/\/agitatordistillery.com\/#organization"},"potentialAction":[{"@type":"SearchAction","target":{"@type":"EntryPoint","urlTemplate":"https:\/\/agitatordistillery.com\/?s={search_term_string}"},"query-input":{"@type":"PropertyValueSpecification","valueRequired":true,"valueName":"search_term_string"}}],"inLanguage":"de"},{"@type":"Organization","@id":"https:\/\/agitatordistillery.com\/#organization","name":"Agitator","url":"https:\/\/agitatordistillery.com\/","logo":{"@type":"ImageObject","inLanguage":"de","@id":"https:\/\/agitatordistillery.com\/#\/schema\/logo\/image\/","url":"https:\/\/agitatordistillery.com\/wp-content\/uploads\/2021\/10\/Agitator_Logotyp_2021_Small_Pos.png","contentUrl":"https:\/\/agitatordistillery.com\/wp-content\/uploads\/2021\/10\/Agitator_Logotyp_2021_Small_Pos.png","width":360,"height":200,"caption":"Agitator"},"image":{"@id":"https:\/\/agitatordistillery.com\/#\/schema\/logo\/image\/"},"sameAs":["https:\/\/www.facebook.com\/Agitator.Whisky","https:\/\/www.instagram.com\/agitator.whisky\/","https:\/\/www.linkedin.com\/company\/agitator-whisky\/","https:\/\/www.youtube.com\/channel\/UCuOnjXGpTaL1-NXFXL5ZHtg"]}]}},"_links":{"self":[{"href":"https:\/\/agitatordistillery.com\/de\/wp-json\/wp\/v2\/pages\/4123","targetHints":{"allow":["GET"]}}],"collection":[{"href":"https:\/\/agitatordistillery.com\/de\/wp-json\/wp\/v2\/pages"}],"about":[{"href":"https:\/\/agitatordistillery.com\/de\/wp-json\/wp\/v2\/types\/page"}],"author":[{"embeddable":true,"href":"https:\/\/agitatordistillery.com\/de\/wp-json\/wp\/v2\/users\/17"}],"replies":[{"embeddable":true,"href":"https:\/\/agitatordistillery.com\/de\/wp-json\/wp\/v2\/comments?post=4123"}],"version-history":[{"count":6,"href":"https:\/\/agitatordistillery.com\/de\/wp-json\/wp\/v2\/pages\/4123\/revisions"}],"predecessor-version":[{"id":4249,"href":"https:\/\/agitatordistillery.com\/de\/wp-json\/wp\/v2\/pages\/4123\/revisions\/4249"}],"wp:featuredmedia":[{"embeddable":true,"href":"https:\/\/agitatordistillery.com\/de\/wp-json\/wp\/v2\/media\/2298"}],"wp:attachment":[{"href":"https:\/\/agitatordistillery.com\/de\/wp-json\/wp\/v2\/media?parent=4123"}],"curies":[{"name":"wp","href":"https:\/\/api.w.org\/{rel}","templated":true}]}}