{"id":4090,"date":"2025-10-04T23:12:40","date_gmt":"2025-10-04T21:12:40","guid":{"rendered":"https:\/\/agitatordistillery.com\/?page_id=4090"},"modified":"2025-10-15T11:55:57","modified_gmt":"2025-10-15T09:55:57","slug":"chestnut-aged-gin","status":"publish","type":"page","link":"https:\/\/agitatordistillery.com\/de\/chestnut-aged-gin\/","title":{"rendered":"Chestnut Aged Gin"},"content":{"rendered":"<a href=\"https:\/\/www.systembolaget.se\/produkt\/sprit\/agitator-3432702\/\" target=\"_blank\" rel=\"noopener\">\n\t\t\t\t\t\t\tZu Systembolaget\n\t\t\t\t\t<\/a>\n<h2>\n\t\t\tBESCHREIBUNG\t<\/h2>\n\t<p>Agitator Chestnut Aged Gin ist das dritte Kernprodukt von Agitator, das in unseren charakteristischen Kastanienf\u00e4ssern gereift wird (die anderen beiden sind <a href=\"https:\/\/agitatordistillery.com\/de\/chestnut-cask\/\">Chestnut Cask whisky<\/a> und <a href=\"https:\/\/agitatordistillery.com\/de\/chestnut-reserve\/\">Chestnut Reserve rom<\/a>).<\/p>\n<p>Es hat sich gezeigt, dass F\u00e4sser aus Kastanienholz bei Whisky Wunder wirken, warum also sollten sie bei Gin nicht auch Wunder wirken?<\/p>\n<p>N\u00e4r du hittar tonerna av apelsinmarmelad och lemon curd i n\u00e4san och vitpeppar, apelsin och&#8230; ja &#8211; fat, p\u00e5 tungan, tror vi att du kommer m\u00e4rka att kastanjetr\u00e4et har skapat magi h\u00e4r ocks\u00e5.<\/p>\n<h2>\n\t\t\tGeschmacksnoten\t<\/h2>\n\t<h2>GERUCH<\/h2>\n<p>Chestnut Aged Gin bietet einen Duft, der an einen sonnigen Sonntagmorgen erinnert: Noten von Orangenmarmelade vermischt mit Zitronenquark und Wacholder. Im Hintergrund ist eine sanfte W\u00fcrze sp\u00fcrbar.<\/p>\n<h3>GESCHMACK<\/h3>\n<p>Wei\u00dfer Pfeffer und Bitterorange ergeben zusammen eine kr\u00e4ftige und doch angenehme Geschmacksexplosion.<\/p>\n<p>Im Nachgeschmack kehrt die Orangenmarmelade zur\u00fcck und w\u00e4hrend des gesamten Erlebnisses erinnert Sie die leichte Note von Eichenf\u00e4ssern daran, dass dies ein fassgereifter Gin von h\u00f6chster Qualit\u00e4t ist.<\/p>\n\t\t\t\t<a href=\"https:\/\/www.systembolaget.se\/produkt\/sprit\/agitator-8404901\/\"  target=\"_self\" itemprop=\"url\">\n\t\t\t\t<img decoding=\"async\" data-src=\"https:\/\/agitatordistillery.com\/wp-content\/uploads\/2025\/10\/Chestnut-Aged-Gin-frilagd-scaled.png\" alt=\"Chestnut Aged Gin frilagd\" itemprop=\"image\" height=\"2560\" width=\"1440\" title=\"Chestnut Aged Gin frilagd\" onerror=\"this.style.display='none'\" loading=\"lazy\" src=\"data:image\/gif;base64,R0lGODlhAQABAAAAACH5BAEKAAEALAAAAAABAAEAAAICTAEAOw==\" class=\"lazyload\" style=\"--smush-placeholder-width: 1440px; --smush-placeholder-aspect-ratio: 1440\/2560;\" \/><noscript><img decoding=\"async\" src=\"https:\/\/agitatordistillery.com\/wp-content\/uploads\/2025\/10\/Chestnut-Aged-Gin-frilagd-scaled.png\" alt=\"Chestnut Aged Gin frilagd\" itemprop=\"image\" height=\"2560\" width=\"1440\" title=\"Chestnut Aged Gin frilagd\" onerror=\"this.style.display='none'\" loading=\"lazy\" \/><\/noscript>\n\t\t\t\t<\/a>\n\t<iframe loading=\"lazy\" width=\"1000\" height=\"600\" data-src=\"https:\/\/www.youtube.com\/embed\/L3DOfogqZI8?si=CtUTnVdxaEGJ6C__\" title=\"YouTube video player\" frameborder=\"0\" allow=\"accelerometer; autoplay; clipboard-write; encrypted-media; gyroscope; picture-in-picture; web-share\" referrerpolicy=\"strict-origin-when-cross-origin\" allowfullscreen src=\"data:image\/gif;base64,R0lGODlhAQABAAAAACH5BAEKAAEALAAAAAABAAEAAAICTAEAOw==\" class=\"lazyload\" data-load-mode=\"1\"><\/iframe>","protected":false},"excerpt":{"rendered":"<p>Till Systembolaget OM Agitator Chestnut Aged Gin \u00e4r den tredje k\u00e4rnprodukten fr\u00e5n Agitator som lagrats p\u00e5 v\u00e5ra signaturkastanjefat (de andra tv\u00e5 \u00e4r Chestnut Cask whisky och Chestnut Reserve rom). Fat gjorda av kastanjetr\u00e4 har visat sig g\u00f6ra magi med whisky, s\u00e5 varf\u00f6r skulle de inte g\u00f6ra magi med gin ocks\u00e5? N\u00e4r du hittar tonerna av&hellip;<\/p>","protected":false},"author":17,"featured_media":0,"parent":0,"menu_order":0,"comment_status":"closed","ping_status":"closed","template":"","meta":{"_monsterinsights_skip_tracking":false,"_monsterinsights_sitenote_active":false,"_monsterinsights_sitenote_note":"","_monsterinsights_sitenote_category":0,"footnotes":""},"class_list":["post-4090","page","type-page","status-publish","hentry"],"yoast_head":"<!-- This site is optimized with the Yoast SEO plugin v27.4 - https:\/\/yoast.com\/product\/yoast-seo-wordpress\/ -->\n<title>Chestnut Aged Gin - Agitator<\/title>\n<meta name=\"description\" content=\"Agitator Chestnut Aged Gin is the third core range product from Agitator that is aged on our signature chestnut casks.\" \/>\n<meta name=\"robots\" content=\"index, follow, max-snippet:-1, max-image-preview:large, max-video-preview:-1\" \/>\n<link rel=\"canonical\" href=\"https:\/\/agitatordistillery.com\/de\/chestnut-aged-gin\/\" \/>\n<meta property=\"og:locale\" content=\"de_DE\" \/>\n<meta property=\"og:type\" content=\"article\" \/>\n<meta property=\"og:title\" content=\"Chestnut Aged Gin - Agitator\" \/>\n<meta property=\"og:description\" content=\"Agitator Chestnut Aged Gin is the third core range product from Agitator that is aged on our signature chestnut casks.\" \/>\n<meta property=\"og:url\" content=\"https:\/\/agitatordistillery.com\/de\/chestnut-aged-gin\/\" \/>\n<meta property=\"og:site_name\" content=\"Agitator\" \/>\n<meta property=\"article:publisher\" content=\"https:\/\/www.facebook.com\/Agitator.Whisky\" \/>\n<meta property=\"article:modified_time\" content=\"2025-10-15T09:55:57+00:00\" \/>\n<meta property=\"og:image\" content=\"https:\/\/agitatordistillery.com\/wp-content\/uploads\/2025\/10\/Chestnut-Aged-Gin-frilagd-scaled.png\" \/>\n<meta name=\"twitter:card\" content=\"summary_large_image\" \/>\n<meta name=\"twitter:label1\" content=\"Gesch\u00e4tzte Lesezeit\" \/>\n\t<meta name=\"twitter:data1\" content=\"2\u00a0Minuten\" \/>\n<script type=\"application\/ld+json\" class=\"yoast-schema-graph\">{\"@context\":\"https:\\\/\\\/schema.org\",\"@graph\":[{\"@type\":\"WebPage\",\"@id\":\"https:\\\/\\\/agitatordistillery.com\\\/sv_se\\\/chestnut-aged-gin\\\/\",\"url\":\"https:\\\/\\\/agitatordistillery.com\\\/sv_se\\\/chestnut-aged-gin\\\/\",\"name\":\"Chestnut Aged Gin - Agitator\",\"isPartOf\":{\"@id\":\"https:\\\/\\\/agitatordistillery.com\\\/#website\"},\"primaryImageOfPage\":{\"@id\":\"https:\\\/\\\/agitatordistillery.com\\\/sv_se\\\/chestnut-aged-gin\\\/#primaryimage\"},\"image\":{\"@id\":\"https:\\\/\\\/agitatordistillery.com\\\/sv_se\\\/chestnut-aged-gin\\\/#primaryimage\"},\"thumbnailUrl\":\"https:\\\/\\\/agitatordistillery.com\\\/wp-content\\\/uploads\\\/2025\\\/10\\\/Chestnut-Aged-Gin-frilagd-scaled.png\",\"datePublished\":\"2025-10-04T21:12:40+00:00\",\"dateModified\":\"2025-10-15T09:55:57+00:00\",\"description\":\"Agitator Chestnut Aged Gin is the third core range product from Agitator that is aged on our signature chestnut casks.\",\"breadcrumb\":{\"@id\":\"https:\\\/\\\/agitatordistillery.com\\\/sv_se\\\/chestnut-aged-gin\\\/#breadcrumb\"},\"inLanguage\":\"de\",\"potentialAction\":[{\"@type\":\"ReadAction\",\"target\":[\"https:\\\/\\\/agitatordistillery.com\\\/sv_se\\\/chestnut-aged-gin\\\/\"]}]},{\"@type\":\"ImageObject\",\"inLanguage\":\"de\",\"@id\":\"https:\\\/\\\/agitatordistillery.com\\\/sv_se\\\/chestnut-aged-gin\\\/#primaryimage\",\"url\":\"https:\\\/\\\/agitatordistillery.com\\\/wp-content\\\/uploads\\\/2025\\\/10\\\/Chestnut-Aged-Gin-frilagd-scaled.png\",\"contentUrl\":\"https:\\\/\\\/agitatordistillery.com\\\/wp-content\\\/uploads\\\/2025\\\/10\\\/Chestnut-Aged-Gin-frilagd-scaled.png\"},{\"@type\":\"BreadcrumbList\",\"@id\":\"https:\\\/\\\/agitatordistillery.com\\\/sv_se\\\/chestnut-aged-gin\\\/#breadcrumb\",\"itemListElement\":[{\"@type\":\"ListItem\",\"position\":1,\"name\":\"Hem\",\"item\":\"https:\\\/\\\/agitatordistillery.com\\\/sv_se\\\/\"},{\"@type\":\"ListItem\",\"position\":2,\"name\":\"Chestnut Aged Gin\"}]},{\"@type\":\"WebSite\",\"@id\":\"https:\\\/\\\/agitatordistillery.com\\\/#website\",\"url\":\"https:\\\/\\\/agitatordistillery.com\\\/\",\"name\":\"Agitator\",\"description\":\"The Swedish Distillery\",\"publisher\":{\"@id\":\"https:\\\/\\\/agitatordistillery.com\\\/#organization\"},\"potentialAction\":[{\"@type\":\"SearchAction\",\"target\":{\"@type\":\"EntryPoint\",\"urlTemplate\":\"https:\\\/\\\/agitatordistillery.com\\\/?s={search_term_string}\"},\"query-input\":{\"@type\":\"PropertyValueSpecification\",\"valueRequired\":true,\"valueName\":\"search_term_string\"}}],\"inLanguage\":\"de\"},{\"@type\":\"Organization\",\"@id\":\"https:\\\/\\\/agitatordistillery.com\\\/#organization\",\"name\":\"Agitator\",\"url\":\"https:\\\/\\\/agitatordistillery.com\\\/\",\"logo\":{\"@type\":\"ImageObject\",\"inLanguage\":\"de\",\"@id\":\"https:\\\/\\\/agitatordistillery.com\\\/#\\\/schema\\\/logo\\\/image\\\/\",\"url\":\"https:\\\/\\\/agitatordistillery.com\\\/wp-content\\\/uploads\\\/2021\\\/10\\\/Agitator_Logotyp_2021_Small_Pos.png\",\"contentUrl\":\"https:\\\/\\\/agitatordistillery.com\\\/wp-content\\\/uploads\\\/2021\\\/10\\\/Agitator_Logotyp_2021_Small_Pos.png\",\"width\":360,\"height\":200,\"caption\":\"Agitator\"},\"image\":{\"@id\":\"https:\\\/\\\/agitatordistillery.com\\\/#\\\/schema\\\/logo\\\/image\\\/\"},\"sameAs\":[\"https:\\\/\\\/www.facebook.com\\\/Agitator.Whisky\",\"https:\\\/\\\/www.instagram.com\\\/agitator.whisky\\\/\",\"https:\\\/\\\/www.linkedin.com\\\/company\\\/agitator-whisky\\\/\",\"https:\\\/\\\/www.youtube.com\\\/channel\\\/UCuOnjXGpTaL1-NXFXL5ZHtg\"]}]}<\/script>\n<!-- \/ Yoast SEO plugin. -->","yoast_head_json":{"title":"Chestnut Aged Gin - Agitator","description":"Agitator Chestnut Aged Gin is the third core range product from Agitator that is aged on our signature chestnut casks.","robots":{"index":"index","follow":"follow","max-snippet":"max-snippet:-1","max-image-preview":"max-image-preview:large","max-video-preview":"max-video-preview:-1"},"canonical":"https:\/\/agitatordistillery.com\/de\/chestnut-aged-gin\/","og_locale":"de_DE","og_type":"article","og_title":"Chestnut Aged Gin - Agitator","og_description":"Agitator Chestnut Aged Gin is the third core range product from Agitator that is aged on our signature chestnut casks.","og_url":"https:\/\/agitatordistillery.com\/de\/chestnut-aged-gin\/","og_site_name":"Agitator","article_publisher":"https:\/\/www.facebook.com\/Agitator.Whisky","article_modified_time":"2025-10-15T09:55:57+00:00","og_image":[{"url":"https:\/\/agitatordistillery.com\/wp-content\/uploads\/2025\/10\/Chestnut-Aged-Gin-frilagd-scaled.png","type":"","width":"","height":""}],"twitter_card":"summary_large_image","twitter_misc":{"Gesch\u00e4tzte Lesezeit":"2\u00a0Minuten"},"schema":{"@context":"https:\/\/schema.org","@graph":[{"@type":"WebPage","@id":"https:\/\/agitatordistillery.com\/sv_se\/chestnut-aged-gin\/","url":"https:\/\/agitatordistillery.com\/sv_se\/chestnut-aged-gin\/","name":"Chestnut Aged Gin - Agitator","isPartOf":{"@id":"https:\/\/agitatordistillery.com\/#website"},"primaryImageOfPage":{"@id":"https:\/\/agitatordistillery.com\/sv_se\/chestnut-aged-gin\/#primaryimage"},"image":{"@id":"https:\/\/agitatordistillery.com\/sv_se\/chestnut-aged-gin\/#primaryimage"},"thumbnailUrl":"https:\/\/agitatordistillery.com\/wp-content\/uploads\/2025\/10\/Chestnut-Aged-Gin-frilagd-scaled.png","datePublished":"2025-10-04T21:12:40+00:00","dateModified":"2025-10-15T09:55:57+00:00","description":"Agitator Chestnut Aged Gin is the third core range product from Agitator that is aged on our signature chestnut casks.","breadcrumb":{"@id":"https:\/\/agitatordistillery.com\/sv_se\/chestnut-aged-gin\/#breadcrumb"},"inLanguage":"de","potentialAction":[{"@type":"ReadAction","target":["https:\/\/agitatordistillery.com\/sv_se\/chestnut-aged-gin\/"]}]},{"@type":"ImageObject","inLanguage":"de","@id":"https:\/\/agitatordistillery.com\/sv_se\/chestnut-aged-gin\/#primaryimage","url":"https:\/\/agitatordistillery.com\/wp-content\/uploads\/2025\/10\/Chestnut-Aged-Gin-frilagd-scaled.png","contentUrl":"https:\/\/agitatordistillery.com\/wp-content\/uploads\/2025\/10\/Chestnut-Aged-Gin-frilagd-scaled.png"},{"@type":"BreadcrumbList","@id":"https:\/\/agitatordistillery.com\/sv_se\/chestnut-aged-gin\/#breadcrumb","itemListElement":[{"@type":"ListItem","position":1,"name":"Hem","item":"https:\/\/agitatordistillery.com\/sv_se\/"},{"@type":"ListItem","position":2,"name":"Chestnut Aged Gin"}]},{"@type":"WebSite","@id":"https:\/\/agitatordistillery.com\/#website","url":"https:\/\/agitatordistillery.com\/","name":"Agitator","description":"The Swedish Distillery","publisher":{"@id":"https:\/\/agitatordistillery.com\/#organization"},"potentialAction":[{"@type":"SearchAction","target":{"@type":"EntryPoint","urlTemplate":"https:\/\/agitatordistillery.com\/?s={search_term_string}"},"query-input":{"@type":"PropertyValueSpecification","valueRequired":true,"valueName":"search_term_string"}}],"inLanguage":"de"},{"@type":"Organization","@id":"https:\/\/agitatordistillery.com\/#organization","name":"Agitator","url":"https:\/\/agitatordistillery.com\/","logo":{"@type":"ImageObject","inLanguage":"de","@id":"https:\/\/agitatordistillery.com\/#\/schema\/logo\/image\/","url":"https:\/\/agitatordistillery.com\/wp-content\/uploads\/2021\/10\/Agitator_Logotyp_2021_Small_Pos.png","contentUrl":"https:\/\/agitatordistillery.com\/wp-content\/uploads\/2021\/10\/Agitator_Logotyp_2021_Small_Pos.png","width":360,"height":200,"caption":"Agitator"},"image":{"@id":"https:\/\/agitatordistillery.com\/#\/schema\/logo\/image\/"},"sameAs":["https:\/\/www.facebook.com\/Agitator.Whisky","https:\/\/www.instagram.com\/agitator.whisky\/","https:\/\/www.linkedin.com\/company\/agitator-whisky\/","https:\/\/www.youtube.com\/channel\/UCuOnjXGpTaL1-NXFXL5ZHtg"]}]}},"_links":{"self":[{"href":"https:\/\/agitatordistillery.com\/de\/wp-json\/wp\/v2\/pages\/4090","targetHints":{"allow":["GET"]}}],"collection":[{"href":"https:\/\/agitatordistillery.com\/de\/wp-json\/wp\/v2\/pages"}],"about":[{"href":"https:\/\/agitatordistillery.com\/de\/wp-json\/wp\/v2\/types\/page"}],"author":[{"embeddable":true,"href":"https:\/\/agitatordistillery.com\/de\/wp-json\/wp\/v2\/users\/17"}],"replies":[{"embeddable":true,"href":"https:\/\/agitatordistillery.com\/de\/wp-json\/wp\/v2\/comments?post=4090"}],"version-history":[{"count":17,"href":"https:\/\/agitatordistillery.com\/de\/wp-json\/wp\/v2\/pages\/4090\/revisions"}],"predecessor-version":[{"id":4247,"href":"https:\/\/agitatordistillery.com\/de\/wp-json\/wp\/v2\/pages\/4090\/revisions\/4247"}],"wp:attachment":[{"href":"https:\/\/agitatordistillery.com\/de\/wp-json\/wp\/v2\/media?parent=4090"}],"curies":[{"name":"wp","href":"https:\/\/api.w.org\/{rel}","templated":true}]}}