{"id":3873,"date":"2025-05-20T09:54:44","date_gmt":"2025-05-20T07:54:44","guid":{"rendered":"https:\/\/agitatordistillery.com\/?page_id=3873"},"modified":"2025-05-28T13:10:52","modified_gmt":"2025-05-28T11:10:52","slug":"argument-hickory-rum","status":"publish","type":"page","link":"https:\/\/agitatordistillery.com\/de\/argument-hickory-rum\/","title":{"rendered":"ARGUMENT: HICKORY RUM"},"content":{"rendered":"<a href=\"https:\/\/www.systembolaget.se\/produkt\/sprit\/agitator-8702002\/\" target=\"_blank\" rel=\"noopener\">\n\t\t\t\t\t\t\tZu Systembolaget\n\t\t\t\t\t<\/a>\n<h2>\n\t\t\tBESCHREIBUNG\t<\/h2>\n\t<p>Was w\u00e4re, wenn wir die Grenzen von Whisky und Rum erweitern und etwas Unerwartetes kreieren k\u00f6nnten? Argument: Hickory Rum ist genau das Ergebnis dieses Ehrgeizes. Gereift in neuen amerikanischen Eichenf\u00e4ssern, zuvor kalt mit Hickoryholz ger\u00e4uchert, ist dieser Rum einzigartig in Stil, Duft und Geschmack.<\/p>\n<h2>\n\t\t\tGeschmacksnoten\t<\/h2>\n\t<h2>GERUCH<\/h2>\n<p>Dieser Rum begr\u00fc\u00dft Sie mit tiefen, reichen Aromen von karamellisiertem Zucker und sonnengereiften tropischen Fr\u00fcchten. Ein Hauch von getrockneter Mango, Aprikose und ger\u00f6steter Kokosnuss vermischen sich mit zarten Eichennoten und einem Hauch warmer Gew\u00fcrze. Hinzu kommt eine sanfte, warme Rauchnote, die von den kaltger\u00e4ucherten Hickory-Eichenf\u00e4ssern herr\u00fchrt und dem Aroma eine faszinierende Tiefe verleiht.<\/p>\n<h3>GESCHMACK<\/h3>\n<p>Ein abgerundeter Rum mit nat\u00fcrlicher S\u00fc\u00dfe, die seine Tiefe ausgleicht. Anf\u00e4ngliche Aromen von dunkler Melasse und honigs\u00fc\u00dfen Feigen gehen in Noten von ger\u00f6steten Mandeln, Zimt und einer Prise Muskat \u00fcber. Die dezente Rauchnote der Fasslagerung bleibt im Hintergrund und verst\u00e4rkt die Komplexit\u00e4t, ohne die sanften Noten von Kakao, getrockneter Ananas und Eiche zu \u00fcberdecken. Ein langer, w\u00e4rmender Abgang rundet das Ganze ab.<\/p>\n\t\t\t\t<a href=\"https:\/\/www.systembolaget.se\/produkt\/sprit\/agitator-8404901\/\"  target=\"_self\" itemprop=\"url\">\n\t\t\t\t<img decoding=\"async\" data-src=\"https:\/\/agitatordistillery.com\/wp-content\/uploads\/2025\/05\/Agitator_Hickory_Rum_0220_Frilagd_2880px-scaled.png\" alt=\"Agitator_Hickory_Rum_0220_Frilagd_2880px\" itemprop=\"image\" height=\"2560\" width=\"1440\" title=\"Agitator_Hickory_Rum_0220_Frilagd_2880px\" onerror=\"this.style.display='none'\" loading='lazy' src=\"data:image\/gif;base64,R0lGODlhAQABAAAAACH5BAEKAAEALAAAAAABAAEAAAICTAEAOw==\" class=\"lazyload\" style=\"--smush-placeholder-width: 1440px; --smush-placeholder-aspect-ratio: 1440\/2560;\" \/><noscript><img decoding=\"async\" src=\"https:\/\/agitatordistillery.com\/wp-content\/uploads\/2025\/05\/Agitator_Hickory_Rum_0220_Frilagd_2880px-scaled.png\" alt=\"Agitator_Hickory_Rum_0220_Frilagd_2880px\" itemprop=\"image\" height=\"2560\" width=\"1440\" title=\"Agitator_Hickory_Rum_0220_Frilagd_2880px\" onerror=\"this.style.display='none'\" loading='lazy' \/><\/noscript>\n\t\t\t\t<\/a>\n\t\t\t<a href=\"https:\/\/agitatordistillery.com\/de\/whiskyn\/\" target=\"_self\">\n\t\t\t\t\t\t\tWhisky\n\t\t\t\t\t<\/a>\n\t\t\t<a href=\"https:\/\/agitatordistillery.com\/de\/merch\/\" target=\"_self\">\n\t\t\t\t\t\t\tMerch\n\t\t\t\t\t<\/a>\n\t\t\t<a href=\"https:\/\/agitatordistillery.com\/de\/samarbeten\/\" target=\"_self\">\n\t\t\t\t\t\t\tPartnerschaften\n\t\t\t\t\t<\/a>","protected":false},"excerpt":{"rendered":"<p>Till Systembolaget OM T\u00e4nk om vi kunde t\u00e4nja p\u00e5 gr\u00e4nserna f\u00f6r whisky och rom och skapa n\u00e5got ov\u00e4ntat? Argument: Hickory Rom \u00e4r resultatet av just den ambitionen. Lagrad p\u00e5 nya amerikanska ekfat, tidigare kallr\u00f6kt med hickorytr\u00e4, \u00e4r denna rom unik i stil, doft och smak. smaknoter DOFT Denna rom m\u00f6ter dig med djupa, fylliga aromer&hellip;<\/p>","protected":false},"author":17,"featured_media":0,"parent":0,"menu_order":0,"comment_status":"closed","ping_status":"closed","template":"","meta":{"_monsterinsights_skip_tracking":false,"_monsterinsights_sitenote_active":false,"_monsterinsights_sitenote_note":"","_monsterinsights_sitenote_category":0,"footnotes":""},"class_list":["post-3873","page","type-page","status-publish","hentry"],"yoast_head":"<!-- This site is optimized with the Yoast SEO plugin v27.4 - https:\/\/yoast.com\/product\/yoast-seo-wordpress\/ -->\n<title>ARGUMENT: HICKORY RUM - Agitator<\/title>\n<meta name=\"description\" content=\"Argument: Sherry Butt is a smoky whisky aged in sherry butts and Vino de Naranja hogshead casks. Agitators&#039; latest argument.\" \/>\n<meta name=\"robots\" content=\"index, follow, max-snippet:-1, max-image-preview:large, max-video-preview:-1\" \/>\n<link rel=\"canonical\" href=\"https:\/\/agitatordistillery.com\/de\/argument-hickory-rum\/\" \/>\n<meta property=\"og:locale\" content=\"de_DE\" \/>\n<meta property=\"og:type\" content=\"article\" \/>\n<meta property=\"og:title\" content=\"ARGUMENT: HICKORY RUM - Agitator\" \/>\n<meta property=\"og:description\" content=\"Argument: Sherry Butt is a smoky whisky aged in sherry butts and Vino de Naranja hogshead casks. Agitators&#039; latest argument.\" \/>\n<meta property=\"og:url\" content=\"https:\/\/agitatordistillery.com\/de\/argument-hickory-rum\/\" \/>\n<meta property=\"og:site_name\" content=\"Agitator\" \/>\n<meta property=\"article:publisher\" content=\"https:\/\/www.facebook.com\/Agitator.Whisky\" \/>\n<meta property=\"article:modified_time\" content=\"2025-05-28T11:10:52+00:00\" \/>\n<meta property=\"og:image\" content=\"https:\/\/agitatordistillery.com\/wp-content\/uploads\/2025\/05\/Agitator_Hickory_Rum_0220_Frilagd_2880px-scaled.png\" \/>\n<meta name=\"twitter:card\" content=\"summary_large_image\" \/>\n<meta name=\"twitter:label1\" content=\"Gesch\u00e4tzte Lesezeit\" \/>\n\t<meta name=\"twitter:data1\" content=\"2\u00a0Minuten\" \/>\n<script type=\"application\/ld+json\" class=\"yoast-schema-graph\">{\"@context\":\"https:\\\/\\\/schema.org\",\"@graph\":[{\"@type\":\"WebPage\",\"@id\":\"https:\\\/\\\/agitatordistillery.com\\\/sv_se\\\/argument-hickory-rum\\\/\",\"url\":\"https:\\\/\\\/agitatordistillery.com\\\/sv_se\\\/argument-hickory-rum\\\/\",\"name\":\"ARGUMENT: HICKORY RUM - Agitator\",\"isPartOf\":{\"@id\":\"https:\\\/\\\/agitatordistillery.com\\\/#website\"},\"primaryImageOfPage\":{\"@id\":\"https:\\\/\\\/agitatordistillery.com\\\/sv_se\\\/argument-hickory-rum\\\/#primaryimage\"},\"image\":{\"@id\":\"https:\\\/\\\/agitatordistillery.com\\\/sv_se\\\/argument-hickory-rum\\\/#primaryimage\"},\"thumbnailUrl\":\"https:\\\/\\\/agitatordistillery.com\\\/wp-content\\\/uploads\\\/2025\\\/05\\\/Agitator_Hickory_Rum_0220_Frilagd_2880px-scaled.png\",\"datePublished\":\"2025-05-20T07:54:44+00:00\",\"dateModified\":\"2025-05-28T11:10:52+00:00\",\"description\":\"Argument: Sherry Butt is a smoky whisky aged in sherry butts and Vino de Naranja hogshead casks. Agitators' latest argument.\",\"breadcrumb\":{\"@id\":\"https:\\\/\\\/agitatordistillery.com\\\/sv_se\\\/argument-hickory-rum\\\/#breadcrumb\"},\"inLanguage\":\"de\",\"potentialAction\":[{\"@type\":\"ReadAction\",\"target\":[\"https:\\\/\\\/agitatordistillery.com\\\/sv_se\\\/argument-hickory-rum\\\/\"]}]},{\"@type\":\"ImageObject\",\"inLanguage\":\"de\",\"@id\":\"https:\\\/\\\/agitatordistillery.com\\\/sv_se\\\/argument-hickory-rum\\\/#primaryimage\",\"url\":\"https:\\\/\\\/agitatordistillery.com\\\/wp-content\\\/uploads\\\/2025\\\/05\\\/Agitator_Hickory_Rum_0220_Frilagd_2880px-scaled.png\",\"contentUrl\":\"https:\\\/\\\/agitatordistillery.com\\\/wp-content\\\/uploads\\\/2025\\\/05\\\/Agitator_Hickory_Rum_0220_Frilagd_2880px-scaled.png\"},{\"@type\":\"BreadcrumbList\",\"@id\":\"https:\\\/\\\/agitatordistillery.com\\\/sv_se\\\/argument-hickory-rum\\\/#breadcrumb\",\"itemListElement\":[{\"@type\":\"ListItem\",\"position\":1,\"name\":\"Hem\",\"item\":\"https:\\\/\\\/agitatordistillery.com\\\/sv_se\\\/\"},{\"@type\":\"ListItem\",\"position\":2,\"name\":\"ARGUMENT: HICKORY RUM\"}]},{\"@type\":\"WebSite\",\"@id\":\"https:\\\/\\\/agitatordistillery.com\\\/#website\",\"url\":\"https:\\\/\\\/agitatordistillery.com\\\/\",\"name\":\"Agitator\",\"description\":\"The Swedish Distillery\",\"publisher\":{\"@id\":\"https:\\\/\\\/agitatordistillery.com\\\/#organization\"},\"potentialAction\":[{\"@type\":\"SearchAction\",\"target\":{\"@type\":\"EntryPoint\",\"urlTemplate\":\"https:\\\/\\\/agitatordistillery.com\\\/?s={search_term_string}\"},\"query-input\":{\"@type\":\"PropertyValueSpecification\",\"valueRequired\":true,\"valueName\":\"search_term_string\"}}],\"inLanguage\":\"de\"},{\"@type\":\"Organization\",\"@id\":\"https:\\\/\\\/agitatordistillery.com\\\/#organization\",\"name\":\"Agitator\",\"url\":\"https:\\\/\\\/agitatordistillery.com\\\/\",\"logo\":{\"@type\":\"ImageObject\",\"inLanguage\":\"de\",\"@id\":\"https:\\\/\\\/agitatordistillery.com\\\/#\\\/schema\\\/logo\\\/image\\\/\",\"url\":\"https:\\\/\\\/agitatordistillery.com\\\/wp-content\\\/uploads\\\/2021\\\/10\\\/Agitator_Logotyp_2021_Small_Pos.png\",\"contentUrl\":\"https:\\\/\\\/agitatordistillery.com\\\/wp-content\\\/uploads\\\/2021\\\/10\\\/Agitator_Logotyp_2021_Small_Pos.png\",\"width\":360,\"height\":200,\"caption\":\"Agitator\"},\"image\":{\"@id\":\"https:\\\/\\\/agitatordistillery.com\\\/#\\\/schema\\\/logo\\\/image\\\/\"},\"sameAs\":[\"https:\\\/\\\/www.facebook.com\\\/Agitator.Whisky\",\"https:\\\/\\\/www.instagram.com\\\/agitator.whisky\\\/\",\"https:\\\/\\\/www.linkedin.com\\\/company\\\/agitator-whisky\\\/\",\"https:\\\/\\\/www.youtube.com\\\/channel\\\/UCuOnjXGpTaL1-NXFXL5ZHtg\"]}]}<\/script>\n<!-- \/ Yoast SEO plugin. -->","yoast_head_json":{"title":"ARGUMENT: HICKORY RUM - Agitator","description":"Argument: Sherry Butt is a smoky whisky aged in sherry butts and Vino de Naranja hogshead casks. Agitators' latest argument.","robots":{"index":"index","follow":"follow","max-snippet":"max-snippet:-1","max-image-preview":"max-image-preview:large","max-video-preview":"max-video-preview:-1"},"canonical":"https:\/\/agitatordistillery.com\/de\/argument-hickory-rum\/","og_locale":"de_DE","og_type":"article","og_title":"ARGUMENT: HICKORY RUM - Agitator","og_description":"Argument: Sherry Butt is a smoky whisky aged in sherry butts and Vino de Naranja hogshead casks. Agitators' latest argument.","og_url":"https:\/\/agitatordistillery.com\/de\/argument-hickory-rum\/","og_site_name":"Agitator","article_publisher":"https:\/\/www.facebook.com\/Agitator.Whisky","article_modified_time":"2025-05-28T11:10:52+00:00","og_image":[{"url":"https:\/\/agitatordistillery.com\/wp-content\/uploads\/2025\/05\/Agitator_Hickory_Rum_0220_Frilagd_2880px-scaled.png","type":"","width":"","height":""}],"twitter_card":"summary_large_image","twitter_misc":{"Gesch\u00e4tzte Lesezeit":"2\u00a0Minuten"},"schema":{"@context":"https:\/\/schema.org","@graph":[{"@type":"WebPage","@id":"https:\/\/agitatordistillery.com\/sv_se\/argument-hickory-rum\/","url":"https:\/\/agitatordistillery.com\/sv_se\/argument-hickory-rum\/","name":"ARGUMENT: HICKORY RUM - Agitator","isPartOf":{"@id":"https:\/\/agitatordistillery.com\/#website"},"primaryImageOfPage":{"@id":"https:\/\/agitatordistillery.com\/sv_se\/argument-hickory-rum\/#primaryimage"},"image":{"@id":"https:\/\/agitatordistillery.com\/sv_se\/argument-hickory-rum\/#primaryimage"},"thumbnailUrl":"https:\/\/agitatordistillery.com\/wp-content\/uploads\/2025\/05\/Agitator_Hickory_Rum_0220_Frilagd_2880px-scaled.png","datePublished":"2025-05-20T07:54:44+00:00","dateModified":"2025-05-28T11:10:52+00:00","description":"Argument: Sherry Butt is a smoky whisky aged in sherry butts and Vino de Naranja hogshead casks. Agitators' latest argument.","breadcrumb":{"@id":"https:\/\/agitatordistillery.com\/sv_se\/argument-hickory-rum\/#breadcrumb"},"inLanguage":"de","potentialAction":[{"@type":"ReadAction","target":["https:\/\/agitatordistillery.com\/sv_se\/argument-hickory-rum\/"]}]},{"@type":"ImageObject","inLanguage":"de","@id":"https:\/\/agitatordistillery.com\/sv_se\/argument-hickory-rum\/#primaryimage","url":"https:\/\/agitatordistillery.com\/wp-content\/uploads\/2025\/05\/Agitator_Hickory_Rum_0220_Frilagd_2880px-scaled.png","contentUrl":"https:\/\/agitatordistillery.com\/wp-content\/uploads\/2025\/05\/Agitator_Hickory_Rum_0220_Frilagd_2880px-scaled.png"},{"@type":"BreadcrumbList","@id":"https:\/\/agitatordistillery.com\/sv_se\/argument-hickory-rum\/#breadcrumb","itemListElement":[{"@type":"ListItem","position":1,"name":"Hem","item":"https:\/\/agitatordistillery.com\/sv_se\/"},{"@type":"ListItem","position":2,"name":"ARGUMENT: HICKORY RUM"}]},{"@type":"WebSite","@id":"https:\/\/agitatordistillery.com\/#website","url":"https:\/\/agitatordistillery.com\/","name":"Agitator","description":"The Swedish Distillery","publisher":{"@id":"https:\/\/agitatordistillery.com\/#organization"},"potentialAction":[{"@type":"SearchAction","target":{"@type":"EntryPoint","urlTemplate":"https:\/\/agitatordistillery.com\/?s={search_term_string}"},"query-input":{"@type":"PropertyValueSpecification","valueRequired":true,"valueName":"search_term_string"}}],"inLanguage":"de"},{"@type":"Organization","@id":"https:\/\/agitatordistillery.com\/#organization","name":"Agitator","url":"https:\/\/agitatordistillery.com\/","logo":{"@type":"ImageObject","inLanguage":"de","@id":"https:\/\/agitatordistillery.com\/#\/schema\/logo\/image\/","url":"https:\/\/agitatordistillery.com\/wp-content\/uploads\/2021\/10\/Agitator_Logotyp_2021_Small_Pos.png","contentUrl":"https:\/\/agitatordistillery.com\/wp-content\/uploads\/2021\/10\/Agitator_Logotyp_2021_Small_Pos.png","width":360,"height":200,"caption":"Agitator"},"image":{"@id":"https:\/\/agitatordistillery.com\/#\/schema\/logo\/image\/"},"sameAs":["https:\/\/www.facebook.com\/Agitator.Whisky","https:\/\/www.instagram.com\/agitator.whisky\/","https:\/\/www.linkedin.com\/company\/agitator-whisky\/","https:\/\/www.youtube.com\/channel\/UCuOnjXGpTaL1-NXFXL5ZHtg"]}]}},"_links":{"self":[{"href":"https:\/\/agitatordistillery.com\/de\/wp-json\/wp\/v2\/pages\/3873","targetHints":{"allow":["GET"]}}],"collection":[{"href":"https:\/\/agitatordistillery.com\/de\/wp-json\/wp\/v2\/pages"}],"about":[{"href":"https:\/\/agitatordistillery.com\/de\/wp-json\/wp\/v2\/types\/page"}],"author":[{"embeddable":true,"href":"https:\/\/agitatordistillery.com\/de\/wp-json\/wp\/v2\/users\/17"}],"replies":[{"embeddable":true,"href":"https:\/\/agitatordistillery.com\/de\/wp-json\/wp\/v2\/comments?post=3873"}],"version-history":[{"count":11,"href":"https:\/\/agitatordistillery.com\/de\/wp-json\/wp\/v2\/pages\/3873\/revisions"}],"predecessor-version":[{"id":3947,"href":"https:\/\/agitatordistillery.com\/de\/wp-json\/wp\/v2\/pages\/3873\/revisions\/3947"}],"wp:attachment":[{"href":"https:\/\/agitatordistillery.com\/de\/wp-json\/wp\/v2\/media?parent=3873"}],"curies":[{"name":"wp","href":"https:\/\/api.w.org\/{rel}","templated":true}]}}