{"id":3658,"date":"2025-01-14T19:44:10","date_gmt":"2025-01-14T18:44:10","guid":{"rendered":"https:\/\/agitatordistillery.com\/?page_id=3658"},"modified":"2025-01-14T19:52:16","modified_gmt":"2025-01-14T18:52:16","slug":"xxxx","status":"publish","type":"page","link":"https:\/\/agitatordistillery.com\/de\/agitator-bulk-contract-copy\/xxxx\/","title":{"rendered":"XXXX"},"content":{"rendered":"\n<h1>\n\t\tBULK\n\t<\/h1>\n\t\t\t\t<img loading=\"lazy\" decoding=\"async\" data-src=\"https:\/\/agitatordistillery.com\/wp-content\/uploads\/2024\/09\/Gestapelte_leere_IBC_web.webp\" alt=\"Gestapelte_leere_IBC_web\" itemprop=\"image\" height=\"1794\" width=\"2500\" title=\"Gestapelte_leere_IBC_web\" onerror=\"this.style.display='none'\" src=\"data:image\/gif;base64,R0lGODlhAQABAAAAACH5BAEKAAEALAAAAAABAAEAAAICTAEAOw==\" class=\"lazyload\" style=\"--smush-placeholder-width: 2500px; --smush-placeholder-aspect-ratio: 2500\/1794;\" \/><noscript><img loading=\"lazy\" decoding=\"async\" src=\"https:\/\/agitatordistillery.com\/wp-content\/uploads\/2024\/09\/Gestapelte_leere_IBC_web.webp\" alt=\"Gestapelte_leere_IBC_web\" itemprop=\"image\" height=\"1794\" width=\"2500\" title=\"Gestapelte_leere_IBC_web\" onerror=\"this.style.display='none'\"  \/><\/noscript>\n\t<ul>\n<li>\n<h2>PRODUKT 1<\/h2>\n<\/li>\n<li>\n<h2>PRODUKT 2<\/h2>\n<\/li>\n<li>\n<h2>PRODUKT 3<\/h2>\n<\/li>\n<\/ul>\n\t\t\t<a href=\"https:\/\/agitatordistillery.com\/sv_se\/agitator-bulk-contract\/#allt\" target=\"_self\">\n\t\t\t\t\t\t\tTILLBAKA\n\t\t\t\t\t<\/a>\n\t\t\t<a href=\"#\" role=\"button\">\n\t\t\t\t\t\t\tOFFERT\n\t\t\t\t\t<\/a>\n\t\t<div class=\"wpforms-container wpforms-container-full wpforms-render-modern\" id=\"wpforms-3603\"><form id=\"wpforms-form-3603\" class=\"wpforms-validate wpforms-form wpforms-ajax-form\" data-formid=\"3603\" method=\"post\" enctype=\"multipart\/form-data\" action=\"\/de\/wp-json\/wp\/v2\/pages\/3658\" data-token=\"894d69dbdb2c4a73bfeb973503a31220\" data-token-time=\"1776680623\"><noscript class=\"wpforms-error-noscript\">Bitte aktiviere JavaScript in deinem Browser, um dieses Formular fertigzustellen.<\/noscript><div class=\"wpforms-hidden\" id=\"wpforms-error-noscript\">Bitte aktiviere JavaScript in deinem Browser, um dieses Formular fertigzustellen.<\/div><div class=\"wpforms-field-container\"><div id=\"wpforms-3603-field_1-container\" class=\"wpforms-field wpforms-field-name\" data-field-id=\"1\"><fieldset><legend class=\"wpforms-field-label\">Namn <span class=\"wpforms-required-label\" aria-hidden=\"true\">*<\/span><\/legend><div class=\"wpforms-field-row wpforms-field-medium\"><div class=\"wpforms-field-row-block wpforms-first wpforms-one-half\"><input type=\"text\" id=\"wpforms-3603-field_1\" class=\"wpforms-field-name-first wpforms-field-required\" name=\"wpforms[fields][1][first]\" aria-errormessage=\"wpforms-3603-field_1-error\" required><label for=\"wpforms-3603-field_1\" class=\"wpforms-field-sublabel after wpforms-sublabel-hide\">Vorname<\/label><\/div><div class=\"wpforms-field-row-block wpforms-one-half\"><input type=\"text\" id=\"wpforms-3603-field_1-last\" class=\"wpforms-field-name-last wpforms-field-required\" name=\"wpforms[fields][1][last]\" aria-errormessage=\"wpforms-3603-field_1-last-error\" required><label for=\"wpforms-3603-field_1-last\" class=\"wpforms-field-sublabel after wpforms-sublabel-hide\">Nachname<\/label><\/div><\/div><\/fieldset><\/div><div id=\"wpforms-3603-field_2-container\" class=\"wpforms-field wpforms-field-text\" data-field-id=\"2\"><label class=\"wpforms-field-label\" for=\"wpforms-3603-field_2\">F\u00f6retag<\/label><input type=\"text\" id=\"wpforms-3603-field_2\" class=\"wpforms-field-medium\" name=\"wpforms[fields][2]\" aria-errormessage=\"wpforms-3603-field_2-error\" ><\/div><div id=\"wpforms-3603-field_3-container\" class=\"wpforms-field wpforms-field-email\" data-field-id=\"3\"><label class=\"wpforms-field-label\" for=\"wpforms-3603-field_3\">E-post <span class=\"wpforms-required-label\" aria-hidden=\"true\">*<\/span><\/label><input type=\"email\" id=\"wpforms-3603-field_3\" class=\"wpforms-field-medium wpforms-field-required\" data-rule-restricted-email=\"1\" name=\"wpforms[fields][3]\" spellcheck=\"false\" aria-errormessage=\"wpforms-3603-field_3-error\" required><\/div><div id=\"wpforms-3603-field_4-container\" class=\"wpforms-field wpforms-field-text\" data-field-id=\"4\"><label class=\"wpforms-field-label\" for=\"wpforms-3603-field_4\">Telefonnummer<\/label><input type=\"text\" id=\"wpforms-3603-field_4\" class=\"wpforms-field-medium wpforms-masked-input\" data-rule-inputmask-incomplete=\"1\" data-inputmask-mask=\"+999[9][9][9][9][9][9][9][9][9][9]\" name=\"wpforms[fields][4]\" placeholder=\"M\u00e5ste b\u00f6rja med landskod\" aria-errormessage=\"wpforms-3603-field_4-error\" ><\/div><div id=\"wpforms-3603-field_6-container\" class=\"wpforms-field wpforms-field-select wpforms-field-select-style-classic\" data-field-id=\"6\"><label class=\"wpforms-field-label\" for=\"wpforms-3603-field_6\">F\u00f6rfr\u00e5gan g\u00e4ller <span class=\"wpforms-required-label\" aria-hidden=\"true\">*<\/span><\/label><select id=\"wpforms-3603-field_6\" class=\"wpforms-field-medium wpforms-field-required\" name=\"wpforms[fields][6]\" required=\"required\"><option value=\"Bulk\" >Bulk<\/option><option value=\"Kontrakt\" >Kontrakt<\/option><option value=\"Tj\u00e4nster\" >Tj\u00e4nster<\/option><option value=\"Anpassad etikett\" >Anpassad etikett<\/option><option value=\"\u00d6vrigt\" >\u00d6vrigt<\/option><\/select><\/div><div id=\"wpforms-3603-field_7-container\" class=\"wpforms-field wpforms-field-textarea\" data-field-id=\"7\"><label class=\"wpforms-field-label\" for=\"wpforms-3603-field_7\">Meddelande<\/label><textarea id=\"wpforms-3603-field_7\" class=\"wpforms-field-medium\" name=\"wpforms[fields][7]\" aria-errormessage=\"wpforms-3603-field_7-error\" ><\/textarea><\/div><\/div><!-- .wpforms-field-container --><div class=\"wpforms-submit-container\" ><input type=\"hidden\" name=\"wpforms[id]\" value=\"3603\"><input type=\"hidden\" name=\"page_title\" value=\"\"><input type=\"hidden\" name=\"page_url\" value=\"https:\/\/agitatordistillery.com\/de\/wp-json\/wp\/v2\/pages\/3658\"><button type=\"submit\" name=\"wpforms[submit]\" id=\"wpforms-submit-3603\" class=\"wpforms-submit\" data-alt-text=\"Skickar \u2026\" data-submit-text=\"Skicka\" aria-live=\"assertive\" value=\"wpforms-submit\">Skicka<\/button><img loading=\"lazy\" decoding=\"async\" data-src=\"https:\/\/agitatordistillery.com\/wp-content\/plugins\/wpforms\/assets\/images\/submit-spin.svg\" class=\"wpforms-submit-spinner lazyload\" style=\"--smush-placeholder-width: 26px; --smush-placeholder-aspect-ratio: 26\/26;display: none;\" width=\"26\" height=\"26\" alt=\"Wird geladen\" src=\"data:image\/gif;base64,R0lGODlhAQABAAAAACH5BAEKAAEALAAAAAABAAEAAAICTAEAOw==\"><noscript><img loading=\"lazy\" decoding=\"async\" src=\"https:\/\/agitatordistillery.com\/wp-content\/plugins\/wpforms\/assets\/images\/submit-spin.svg\" class=\"wpforms-submit-spinner\" style=\"display: none;\" width=\"26\" height=\"26\" alt=\"Wird geladen\"><\/noscript><\/div><\/form><\/div>  <!-- .wpforms-container -->\t\n\n","protected":false},"excerpt":{"rendered":"<p>BULK PRODUKT 1 PRODUKT 2 PRODUKT 3 TILLBAKA OFFERT<\/p>","protected":false},"author":17,"featured_media":0,"parent":3597,"menu_order":0,"comment_status":"closed","ping_status":"closed","template":"","meta":{"_monsterinsights_skip_tracking":false,"_monsterinsights_sitenote_active":false,"_monsterinsights_sitenote_note":"","_monsterinsights_sitenote_category":0,"footnotes":""},"class_list":["post-3658","page","type-page","status-publish","hentry"],"yoast_head":"<!-- This site is optimized with the Yoast SEO plugin v27.4 - https:\/\/yoast.com\/product\/yoast-seo-wordpress\/ -->\n<title>XXXX - Agitator<\/title>\n<meta name=\"robots\" content=\"index, follow, max-snippet:-1, max-image-preview:large, max-video-preview:-1\" \/>\n<link rel=\"canonical\" href=\"https:\/\/agitatordistillery.com\/de\/agitator-bulk-contract-copy\/xxxx\/\" \/>\n<meta property=\"og:locale\" content=\"de_DE\" \/>\n<meta property=\"og:type\" content=\"article\" \/>\n<meta property=\"og:title\" content=\"XXXX - Agitator\" \/>\n<meta property=\"og:description\" content=\"BULK PRODUKT 1 PRODUKT 2 PRODUKT 3 TILLBAKA OFFERT\" \/>\n<meta property=\"og:url\" content=\"https:\/\/agitatordistillery.com\/de\/agitator-bulk-contract-copy\/xxxx\/\" \/>\n<meta property=\"og:site_name\" content=\"Agitator\" \/>\n<meta property=\"article:publisher\" content=\"https:\/\/www.facebook.com\/Agitator.Whisky\" \/>\n<meta property=\"article:modified_time\" content=\"2025-01-14T18:52:16+00:00\" \/>\n<meta property=\"og:image\" content=\"https:\/\/agitatordistillery.com\/wp-content\/uploads\/2024\/09\/Gestapelte_leere_IBC_web.webp\" \/>\n<meta name=\"twitter:card\" content=\"summary_large_image\" \/>\n<meta name=\"twitter:label1\" content=\"Gesch\u00e4tzte Lesezeit\" \/>\n\t<meta name=\"twitter:data1\" content=\"1\u00a0Minute\" \/>\n<script type=\"application\/ld+json\" class=\"yoast-schema-graph\">{\"@context\":\"https:\\\/\\\/schema.org\",\"@graph\":[{\"@type\":\"WebPage\",\"@id\":\"https:\\\/\\\/agitatordistillery.com\\\/sv_se\\\/agitator-bulk-contract-copy\\\/xxxx\\\/\",\"url\":\"https:\\\/\\\/agitatordistillery.com\\\/sv_se\\\/agitator-bulk-contract-copy\\\/xxxx\\\/\",\"name\":\"XXXX - Agitator\",\"isPartOf\":{\"@id\":\"https:\\\/\\\/agitatordistillery.com\\\/#website\"},\"primaryImageOfPage\":{\"@id\":\"https:\\\/\\\/agitatordistillery.com\\\/sv_se\\\/agitator-bulk-contract-copy\\\/xxxx\\\/#primaryimage\"},\"image\":{\"@id\":\"https:\\\/\\\/agitatordistillery.com\\\/sv_se\\\/agitator-bulk-contract-copy\\\/xxxx\\\/#primaryimage\"},\"thumbnailUrl\":\"https:\\\/\\\/agitatordistillery.com\\\/wp-content\\\/uploads\\\/2024\\\/09\\\/Gestapelte_leere_IBC_web.webp\",\"datePublished\":\"2025-01-14T18:44:10+00:00\",\"dateModified\":\"2025-01-14T18:52:16+00:00\",\"breadcrumb\":{\"@id\":\"https:\\\/\\\/agitatordistillery.com\\\/sv_se\\\/agitator-bulk-contract-copy\\\/xxxx\\\/#breadcrumb\"},\"inLanguage\":\"de\",\"potentialAction\":[{\"@type\":\"ReadAction\",\"target\":[\"https:\\\/\\\/agitatordistillery.com\\\/sv_se\\\/agitator-bulk-contract-copy\\\/xxxx\\\/\"]}]},{\"@type\":\"ImageObject\",\"inLanguage\":\"de\",\"@id\":\"https:\\\/\\\/agitatordistillery.com\\\/sv_se\\\/agitator-bulk-contract-copy\\\/xxxx\\\/#primaryimage\",\"url\":\"https:\\\/\\\/agitatordistillery.com\\\/wp-content\\\/uploads\\\/2024\\\/09\\\/Gestapelte_leere_IBC_web.webp\",\"contentUrl\":\"https:\\\/\\\/agitatordistillery.com\\\/wp-content\\\/uploads\\\/2024\\\/09\\\/Gestapelte_leere_IBC_web.webp\"},{\"@type\":\"BreadcrumbList\",\"@id\":\"https:\\\/\\\/agitatordistillery.com\\\/sv_se\\\/agitator-bulk-contract-copy\\\/xxxx\\\/#breadcrumb\",\"itemListElement\":[{\"@type\":\"ListItem\",\"position\":1,\"name\":\"Hem\",\"item\":\"https:\\\/\\\/agitatordistillery.com\\\/sv_se\\\/\"},{\"@type\":\"ListItem\",\"position\":2,\"name\":\"Agitator Bulk &amp; Contract &#8211; DEV\",\"item\":\"https:\\\/\\\/agitatordistillery.com\\\/sv_se\\\/agitator-bulk-contract-copy\\\/\"},{\"@type\":\"ListItem\",\"position\":3,\"name\":\"XXXX\"}]},{\"@type\":\"WebSite\",\"@id\":\"https:\\\/\\\/agitatordistillery.com\\\/#website\",\"url\":\"https:\\\/\\\/agitatordistillery.com\\\/\",\"name\":\"Agitator\",\"description\":\"The Swedish Distillery\",\"publisher\":{\"@id\":\"https:\\\/\\\/agitatordistillery.com\\\/#organization\"},\"potentialAction\":[{\"@type\":\"SearchAction\",\"target\":{\"@type\":\"EntryPoint\",\"urlTemplate\":\"https:\\\/\\\/agitatordistillery.com\\\/?s={search_term_string}\"},\"query-input\":{\"@type\":\"PropertyValueSpecification\",\"valueRequired\":true,\"valueName\":\"search_term_string\"}}],\"inLanguage\":\"de\"},{\"@type\":\"Organization\",\"@id\":\"https:\\\/\\\/agitatordistillery.com\\\/#organization\",\"name\":\"Agitator\",\"url\":\"https:\\\/\\\/agitatordistillery.com\\\/\",\"logo\":{\"@type\":\"ImageObject\",\"inLanguage\":\"de\",\"@id\":\"https:\\\/\\\/agitatordistillery.com\\\/#\\\/schema\\\/logo\\\/image\\\/\",\"url\":\"https:\\\/\\\/agitatordistillery.com\\\/wp-content\\\/uploads\\\/2021\\\/10\\\/Agitator_Logotyp_2021_Small_Pos.png\",\"contentUrl\":\"https:\\\/\\\/agitatordistillery.com\\\/wp-content\\\/uploads\\\/2021\\\/10\\\/Agitator_Logotyp_2021_Small_Pos.png\",\"width\":360,\"height\":200,\"caption\":\"Agitator\"},\"image\":{\"@id\":\"https:\\\/\\\/agitatordistillery.com\\\/#\\\/schema\\\/logo\\\/image\\\/\"},\"sameAs\":[\"https:\\\/\\\/www.facebook.com\\\/Agitator.Whisky\",\"https:\\\/\\\/www.instagram.com\\\/agitator.whisky\\\/\",\"https:\\\/\\\/www.linkedin.com\\\/company\\\/agitator-whisky\\\/\",\"https:\\\/\\\/www.youtube.com\\\/channel\\\/UCuOnjXGpTaL1-NXFXL5ZHtg\"]}]}<\/script>\n<!-- \/ Yoast SEO plugin. -->","yoast_head_json":{"title":"XXXX - Agitator","robots":{"index":"index","follow":"follow","max-snippet":"max-snippet:-1","max-image-preview":"max-image-preview:large","max-video-preview":"max-video-preview:-1"},"canonical":"https:\/\/agitatordistillery.com\/de\/agitator-bulk-contract-copy\/xxxx\/","og_locale":"de_DE","og_type":"article","og_title":"XXXX - Agitator","og_description":"BULK PRODUKT 1 PRODUKT 2 PRODUKT 3 TILLBAKA OFFERT","og_url":"https:\/\/agitatordistillery.com\/de\/agitator-bulk-contract-copy\/xxxx\/","og_site_name":"Agitator","article_publisher":"https:\/\/www.facebook.com\/Agitator.Whisky","article_modified_time":"2025-01-14T18:52:16+00:00","og_image":[{"url":"https:\/\/agitatordistillery.com\/wp-content\/uploads\/2024\/09\/Gestapelte_leere_IBC_web.webp","type":"","width":"","height":""}],"twitter_card":"summary_large_image","twitter_misc":{"Gesch\u00e4tzte Lesezeit":"1\u00a0Minute"},"schema":{"@context":"https:\/\/schema.org","@graph":[{"@type":"WebPage","@id":"https:\/\/agitatordistillery.com\/sv_se\/agitator-bulk-contract-copy\/xxxx\/","url":"https:\/\/agitatordistillery.com\/sv_se\/agitator-bulk-contract-copy\/xxxx\/","name":"XXXX - Agitator","isPartOf":{"@id":"https:\/\/agitatordistillery.com\/#website"},"primaryImageOfPage":{"@id":"https:\/\/agitatordistillery.com\/sv_se\/agitator-bulk-contract-copy\/xxxx\/#primaryimage"},"image":{"@id":"https:\/\/agitatordistillery.com\/sv_se\/agitator-bulk-contract-copy\/xxxx\/#primaryimage"},"thumbnailUrl":"https:\/\/agitatordistillery.com\/wp-content\/uploads\/2024\/09\/Gestapelte_leere_IBC_web.webp","datePublished":"2025-01-14T18:44:10+00:00","dateModified":"2025-01-14T18:52:16+00:00","breadcrumb":{"@id":"https:\/\/agitatordistillery.com\/sv_se\/agitator-bulk-contract-copy\/xxxx\/#breadcrumb"},"inLanguage":"de","potentialAction":[{"@type":"ReadAction","target":["https:\/\/agitatordistillery.com\/sv_se\/agitator-bulk-contract-copy\/xxxx\/"]}]},{"@type":"ImageObject","inLanguage":"de","@id":"https:\/\/agitatordistillery.com\/sv_se\/agitator-bulk-contract-copy\/xxxx\/#primaryimage","url":"https:\/\/agitatordistillery.com\/wp-content\/uploads\/2024\/09\/Gestapelte_leere_IBC_web.webp","contentUrl":"https:\/\/agitatordistillery.com\/wp-content\/uploads\/2024\/09\/Gestapelte_leere_IBC_web.webp"},{"@type":"BreadcrumbList","@id":"https:\/\/agitatordistillery.com\/sv_se\/agitator-bulk-contract-copy\/xxxx\/#breadcrumb","itemListElement":[{"@type":"ListItem","position":1,"name":"Hem","item":"https:\/\/agitatordistillery.com\/sv_se\/"},{"@type":"ListItem","position":2,"name":"Agitator Bulk &amp; Contract &#8211; DEV","item":"https:\/\/agitatordistillery.com\/sv_se\/agitator-bulk-contract-copy\/"},{"@type":"ListItem","position":3,"name":"XXXX"}]},{"@type":"WebSite","@id":"https:\/\/agitatordistillery.com\/#website","url":"https:\/\/agitatordistillery.com\/","name":"Agitator","description":"The Swedish Distillery","publisher":{"@id":"https:\/\/agitatordistillery.com\/#organization"},"potentialAction":[{"@type":"SearchAction","target":{"@type":"EntryPoint","urlTemplate":"https:\/\/agitatordistillery.com\/?s={search_term_string}"},"query-input":{"@type":"PropertyValueSpecification","valueRequired":true,"valueName":"search_term_string"}}],"inLanguage":"de"},{"@type":"Organization","@id":"https:\/\/agitatordistillery.com\/#organization","name":"Agitator","url":"https:\/\/agitatordistillery.com\/","logo":{"@type":"ImageObject","inLanguage":"de","@id":"https:\/\/agitatordistillery.com\/#\/schema\/logo\/image\/","url":"https:\/\/agitatordistillery.com\/wp-content\/uploads\/2021\/10\/Agitator_Logotyp_2021_Small_Pos.png","contentUrl":"https:\/\/agitatordistillery.com\/wp-content\/uploads\/2021\/10\/Agitator_Logotyp_2021_Small_Pos.png","width":360,"height":200,"caption":"Agitator"},"image":{"@id":"https:\/\/agitatordistillery.com\/#\/schema\/logo\/image\/"},"sameAs":["https:\/\/www.facebook.com\/Agitator.Whisky","https:\/\/www.instagram.com\/agitator.whisky\/","https:\/\/www.linkedin.com\/company\/agitator-whisky\/","https:\/\/www.youtube.com\/channel\/UCuOnjXGpTaL1-NXFXL5ZHtg"]}]}},"_links":{"self":[{"href":"https:\/\/agitatordistillery.com\/de\/wp-json\/wp\/v2\/pages\/3658","targetHints":{"allow":["GET"]}}],"collection":[{"href":"https:\/\/agitatordistillery.com\/de\/wp-json\/wp\/v2\/pages"}],"about":[{"href":"https:\/\/agitatordistillery.com\/de\/wp-json\/wp\/v2\/types\/page"}],"author":[{"embeddable":true,"href":"https:\/\/agitatordistillery.com\/de\/wp-json\/wp\/v2\/users\/17"}],"replies":[{"embeddable":true,"href":"https:\/\/agitatordistillery.com\/de\/wp-json\/wp\/v2\/comments?post=3658"}],"version-history":[{"count":1,"href":"https:\/\/agitatordistillery.com\/de\/wp-json\/wp\/v2\/pages\/3658\/revisions"}],"predecessor-version":[{"id":3659,"href":"https:\/\/agitatordistillery.com\/de\/wp-json\/wp\/v2\/pages\/3658\/revisions\/3659"}],"up":[{"embeddable":true,"href":"https:\/\/agitatordistillery.com\/de\/wp-json\/wp\/v2\/pages\/3597"}],"wp:attachment":[{"href":"https:\/\/agitatordistillery.com\/de\/wp-json\/wp\/v2\/media?parent=3658"}],"curies":[{"name":"wp","href":"https:\/\/api.w.org\/{rel}","templated":true}]}}