{"id":3430,"date":"2024-11-21T10:10:44","date_gmt":"2024-11-21T09:10:44","guid":{"rendered":"https:\/\/agitatordistillery.com\/?page_id=3430"},"modified":"2024-11-21T16:36:02","modified_gmt":"2024-11-21T15:36:02","slug":"evidens-porter","status":"publish","type":"page","link":"https:\/\/agitatordistillery.com\/de\/evidens-porter\/","title":{"rendered":"Evidens Porter"},"content":{"rendered":"<h2>\n\t\tOM Evidens: porter cask\n\t<\/h2>\n\t<p>Evidens-serien syftar till att bevisa att en l\u00e4gre fatfyllningsstyrka p\u00e5 55% kan ge en djupare och mer komplex whisky. Evidens: Porter Cask \u00e4r gjord p\u00e5 imperial stout-fat som anv\u00e4nts f\u00f6r den ber\u00f6mda Stormaktsportern fr\u00e5n N\u00e4rke Kulturbryggeri, vilket ger djupa, rika portertoner till spriten. F\u00f6r att balansera den dj\u00e4rva karakt\u00e4ren har vi kombinerat den med whisky med torvsmak som lagrats p\u00e5 nya ekfat. Upplev vad som h\u00e4nder n\u00e4r whisky- och \u00f6lv\u00e4rldarna m\u00f6ts.<\/p>\n<h2>\n\t\tGeschmacksnoten\n\t<\/h2>\n\t<strong>GERUCH<br \/>\n<\/strong>Ett m\u00e4ktigt m\u00f6te mellan r\u00f6k och porter. H\u00e4r samsas djupa toner av m\u00f6rk choklad, kaffe och rostad malt med subtila inslag av torvr\u00f6k och vanilj. L\u00e4tt ekighet smyger fram i bakgrunden, som en skogseld efter regn.\n<strong>GESCHMACK<\/strong><br \/>\nEtt komplext spektrum av smaker d\u00e4r r\u00f6kig whisky och kraftfull porter sm\u00e4lter samman. Rik choklad, kaffe och karamell skapar en len s\u00f6tma, som balanseras av kryddig ek och en l\u00e4tt s\u00e4lta. Avslutet \u00e4r l\u00e5ngvarigt med en mjuk, r\u00f6kig eftersmak som stannar kvar som en mild h\u00f6stkv\u00e4ll vid brasan.\n\t\t\t\t<img loading=\"lazy\" decoding=\"async\" data-src=\"https:\/\/agitatordistillery.com\/wp-content\/uploads\/2024\/10\/Agitator_Evidens_Porter_Cask_4571_Frilagd_Highres.png\" alt=\"Agitator_Evidens_Porter_Cask_4571_Frilagd_Highres\" itemprop=\"image\" height=\"2560\" width=\"1829\" title=\"Agitator_Evidens_Porter_Cask_4571_Frilagd_Highres\" onerror=\"this.style.display='none'\" src=\"data:image\/gif;base64,R0lGODlhAQABAAAAACH5BAEKAAEALAAAAAABAAEAAAICTAEAOw==\" class=\"lazyload\" style=\"--smush-placeholder-width: 1829px; --smush-placeholder-aspect-ratio: 1829\/2560;\" \/><noscript><img loading=\"lazy\" decoding=\"async\" src=\"https:\/\/agitatordistillery.com\/wp-content\/uploads\/2024\/10\/Agitator_Evidens_Porter_Cask_4571_Frilagd_Highres.png\" alt=\"Agitator_Evidens_Porter_Cask_4571_Frilagd_Highres\" itemprop=\"image\" height=\"2560\" width=\"1829\" title=\"Agitator_Evidens_Porter_Cask_4571_Frilagd_Highres\" onerror=\"this.style.display='none'\"  \/><\/noscript>","protected":false},"excerpt":{"rendered":"<p>OM Evidens: porter cask Evidens-serien syftar till att bevisa att en l\u00e4gre fatfyllningsstyrka p\u00e5 55% kan ge en djupare och mer komplex whisky. Evidens: Porter Cask \u00e4r gjord p\u00e5 imperial stout-fat som anv\u00e4nts f\u00f6r den ber\u00f6mda Stormaktsportern fr\u00e5n N\u00e4rke Kulturbryggeri, vilket ger djupa, rika portertoner till spriten. F\u00f6r att balansera den dj\u00e4rva karakt\u00e4ren har vi&hellip;<\/p>","protected":false},"author":6,"featured_media":3489,"parent":0,"menu_order":0,"comment_status":"closed","ping_status":"closed","template":"","meta":{"_monsterinsights_skip_tracking":false,"_monsterinsights_sitenote_active":false,"_monsterinsights_sitenote_note":"","_monsterinsights_sitenote_category":0,"footnotes":""},"class_list":["post-3430","page","type-page","status-publish","has-post-thumbnail","hentry"],"yoast_head":"<!-- This site is optimized with the Yoast SEO plugin v27.4 - https:\/\/yoast.com\/product\/yoast-seo-wordpress\/ -->\n<title>Evidens Porter - Agitator<\/title>\n<meta name=\"description\" content=\"Evidens: Porter Cask \u00e4r en limiterad upplaga som buteljerats vid fatfyllningsstyrka, vilket hos Agitator inneb\u00e4r 55%.\" \/>\n<meta name=\"robots\" content=\"index, follow, max-snippet:-1, max-image-preview:large, max-video-preview:-1\" \/>\n<link rel=\"canonical\" href=\"https:\/\/agitatordistillery.com\/de\/evidens-porter\/\" \/>\n<meta property=\"og:locale\" content=\"de_DE\" \/>\n<meta property=\"og:type\" content=\"article\" \/>\n<meta property=\"og:title\" content=\"Evidens Porter - Agitator\" \/>\n<meta property=\"og:description\" content=\"Evidens: Porter Cask \u00e4r en limiterad upplaga som buteljerats vid fatfyllningsstyrka, vilket hos Agitator inneb\u00e4r 55%.\" \/>\n<meta property=\"og:url\" content=\"https:\/\/agitatordistillery.com\/de\/evidens-porter\/\" \/>\n<meta property=\"og:site_name\" content=\"Agitator\" \/>\n<meta property=\"article:publisher\" content=\"https:\/\/www.facebook.com\/Agitator.Whisky\" \/>\n<meta property=\"article:modified_time\" content=\"2024-11-21T15:36:02+00:00\" \/>\n<meta property=\"og:image\" content=\"https:\/\/agitatordistillery.com\/wp-content\/uploads\/2024\/10\/Agitator_Evidens_Porter_Cask_4575_2880px-scaled.jpg\" \/>\n\t<meta property=\"og:image:width\" content=\"2560\" \/>\n\t<meta property=\"og:image:height\" content=\"2048\" \/>\n\t<meta property=\"og:image:type\" content=\"image\/jpeg\" \/>\n<meta name=\"twitter:card\" content=\"summary_large_image\" \/>\n<meta name=\"twitter:label1\" content=\"Gesch\u00e4tzte Lesezeit\" \/>\n\t<meta name=\"twitter:data1\" content=\"2\u00a0Minuten\" \/>\n<script type=\"application\/ld+json\" class=\"yoast-schema-graph\">{\"@context\":\"https:\\\/\\\/schema.org\",\"@graph\":[{\"@type\":\"WebPage\",\"@id\":\"https:\\\/\\\/agitatordistillery.com\\\/evidens-porter\\\/\",\"url\":\"https:\\\/\\\/agitatordistillery.com\\\/evidens-porter\\\/\",\"name\":\"Evidens Porter - Agitator\",\"isPartOf\":{\"@id\":\"https:\\\/\\\/agitatordistillery.com\\\/#website\"},\"primaryImageOfPage\":{\"@id\":\"https:\\\/\\\/agitatordistillery.com\\\/evidens-porter\\\/#primaryimage\"},\"image\":{\"@id\":\"https:\\\/\\\/agitatordistillery.com\\\/evidens-porter\\\/#primaryimage\"},\"thumbnailUrl\":\"https:\\\/\\\/agitatordistillery.com\\\/wp-content\\\/uploads\\\/2024\\\/10\\\/Agitator_Evidens_Porter_Cask_4575_2880px-scaled.jpg\",\"datePublished\":\"2024-11-21T09:10:44+00:00\",\"dateModified\":\"2024-11-21T15:36:02+00:00\",\"description\":\"Evidens: Porter Cask \u00e4r en limiterad upplaga som buteljerats vid fatfyllningsstyrka, vilket hos Agitator inneb\u00e4r 55%.\",\"breadcrumb\":{\"@id\":\"https:\\\/\\\/agitatordistillery.com\\\/evidens-porter\\\/#breadcrumb\"},\"inLanguage\":\"de\",\"potentialAction\":[{\"@type\":\"ReadAction\",\"target\":[\"https:\\\/\\\/agitatordistillery.com\\\/evidens-porter\\\/\"]}]},{\"@type\":\"ImageObject\",\"inLanguage\":\"de\",\"@id\":\"https:\\\/\\\/agitatordistillery.com\\\/evidens-porter\\\/#primaryimage\",\"url\":\"https:\\\/\\\/agitatordistillery.com\\\/wp-content\\\/uploads\\\/2024\\\/10\\\/Agitator_Evidens_Porter_Cask_4575_2880px-scaled.jpg\",\"contentUrl\":\"https:\\\/\\\/agitatordistillery.com\\\/wp-content\\\/uploads\\\/2024\\\/10\\\/Agitator_Evidens_Porter_Cask_4575_2880px-scaled.jpg\",\"width\":2560,\"height\":2048,\"caption\":\"Limited edition Swedish whisky\"},{\"@type\":\"BreadcrumbList\",\"@id\":\"https:\\\/\\\/agitatordistillery.com\\\/evidens-porter\\\/#breadcrumb\",\"itemListElement\":[{\"@type\":\"ListItem\",\"position\":1,\"name\":\"Hem\",\"item\":\"https:\\\/\\\/agitatordistillery.com\\\/sv_se\\\/\"},{\"@type\":\"ListItem\",\"position\":2,\"name\":\"Evidens Porter\"}]},{\"@type\":\"WebSite\",\"@id\":\"https:\\\/\\\/agitatordistillery.com\\\/#website\",\"url\":\"https:\\\/\\\/agitatordistillery.com\\\/\",\"name\":\"Agitator\",\"description\":\"The Swedish Distillery\",\"publisher\":{\"@id\":\"https:\\\/\\\/agitatordistillery.com\\\/#organization\"},\"potentialAction\":[{\"@type\":\"SearchAction\",\"target\":{\"@type\":\"EntryPoint\",\"urlTemplate\":\"https:\\\/\\\/agitatordistillery.com\\\/?s={search_term_string}\"},\"query-input\":{\"@type\":\"PropertyValueSpecification\",\"valueRequired\":true,\"valueName\":\"search_term_string\"}}],\"inLanguage\":\"de\"},{\"@type\":\"Organization\",\"@id\":\"https:\\\/\\\/agitatordistillery.com\\\/#organization\",\"name\":\"Agitator\",\"url\":\"https:\\\/\\\/agitatordistillery.com\\\/\",\"logo\":{\"@type\":\"ImageObject\",\"inLanguage\":\"de\",\"@id\":\"https:\\\/\\\/agitatordistillery.com\\\/#\\\/schema\\\/logo\\\/image\\\/\",\"url\":\"https:\\\/\\\/agitatordistillery.com\\\/wp-content\\\/uploads\\\/2021\\\/10\\\/Agitator_Logotyp_2021_Small_Pos.png\",\"contentUrl\":\"https:\\\/\\\/agitatordistillery.com\\\/wp-content\\\/uploads\\\/2021\\\/10\\\/Agitator_Logotyp_2021_Small_Pos.png\",\"width\":360,\"height\":200,\"caption\":\"Agitator\"},\"image\":{\"@id\":\"https:\\\/\\\/agitatordistillery.com\\\/#\\\/schema\\\/logo\\\/image\\\/\"},\"sameAs\":[\"https:\\\/\\\/www.facebook.com\\\/Agitator.Whisky\",\"https:\\\/\\\/www.instagram.com\\\/agitator.whisky\\\/\",\"https:\\\/\\\/www.linkedin.com\\\/company\\\/agitator-whisky\\\/\",\"https:\\\/\\\/www.youtube.com\\\/channel\\\/UCuOnjXGpTaL1-NXFXL5ZHtg\"]}]}<\/script>\n<!-- \/ Yoast SEO plugin. -->","yoast_head_json":{"title":"Evidens Porter - Agitator","description":"Evidens: Porter Cask \u00e4r en limiterad upplaga som buteljerats vid fatfyllningsstyrka, vilket hos Agitator inneb\u00e4r 55%.","robots":{"index":"index","follow":"follow","max-snippet":"max-snippet:-1","max-image-preview":"max-image-preview:large","max-video-preview":"max-video-preview:-1"},"canonical":"https:\/\/agitatordistillery.com\/de\/evidens-porter\/","og_locale":"de_DE","og_type":"article","og_title":"Evidens Porter - Agitator","og_description":"Evidens: Porter Cask \u00e4r en limiterad upplaga som buteljerats vid fatfyllningsstyrka, vilket hos Agitator inneb\u00e4r 55%.","og_url":"https:\/\/agitatordistillery.com\/de\/evidens-porter\/","og_site_name":"Agitator","article_publisher":"https:\/\/www.facebook.com\/Agitator.Whisky","article_modified_time":"2024-11-21T15:36:02+00:00","og_image":[{"width":2560,"height":2048,"url":"https:\/\/agitatordistillery.com\/wp-content\/uploads\/2024\/10\/Agitator_Evidens_Porter_Cask_4575_2880px-scaled.jpg","type":"image\/jpeg"}],"twitter_card":"summary_large_image","twitter_misc":{"Gesch\u00e4tzte Lesezeit":"2\u00a0Minuten"},"schema":{"@context":"https:\/\/schema.org","@graph":[{"@type":"WebPage","@id":"https:\/\/agitatordistillery.com\/evidens-porter\/","url":"https:\/\/agitatordistillery.com\/evidens-porter\/","name":"Evidens Porter - Agitator","isPartOf":{"@id":"https:\/\/agitatordistillery.com\/#website"},"primaryImageOfPage":{"@id":"https:\/\/agitatordistillery.com\/evidens-porter\/#primaryimage"},"image":{"@id":"https:\/\/agitatordistillery.com\/evidens-porter\/#primaryimage"},"thumbnailUrl":"https:\/\/agitatordistillery.com\/wp-content\/uploads\/2024\/10\/Agitator_Evidens_Porter_Cask_4575_2880px-scaled.jpg","datePublished":"2024-11-21T09:10:44+00:00","dateModified":"2024-11-21T15:36:02+00:00","description":"Evidens: Porter Cask \u00e4r en limiterad upplaga som buteljerats vid fatfyllningsstyrka, vilket hos Agitator inneb\u00e4r 55%.","breadcrumb":{"@id":"https:\/\/agitatordistillery.com\/evidens-porter\/#breadcrumb"},"inLanguage":"de","potentialAction":[{"@type":"ReadAction","target":["https:\/\/agitatordistillery.com\/evidens-porter\/"]}]},{"@type":"ImageObject","inLanguage":"de","@id":"https:\/\/agitatordistillery.com\/evidens-porter\/#primaryimage","url":"https:\/\/agitatordistillery.com\/wp-content\/uploads\/2024\/10\/Agitator_Evidens_Porter_Cask_4575_2880px-scaled.jpg","contentUrl":"https:\/\/agitatordistillery.com\/wp-content\/uploads\/2024\/10\/Agitator_Evidens_Porter_Cask_4575_2880px-scaled.jpg","width":2560,"height":2048,"caption":"Limited edition Swedish whisky"},{"@type":"BreadcrumbList","@id":"https:\/\/agitatordistillery.com\/evidens-porter\/#breadcrumb","itemListElement":[{"@type":"ListItem","position":1,"name":"Hem","item":"https:\/\/agitatordistillery.com\/sv_se\/"},{"@type":"ListItem","position":2,"name":"Evidens Porter"}]},{"@type":"WebSite","@id":"https:\/\/agitatordistillery.com\/#website","url":"https:\/\/agitatordistillery.com\/","name":"Agitator","description":"The Swedish Distillery","publisher":{"@id":"https:\/\/agitatordistillery.com\/#organization"},"potentialAction":[{"@type":"SearchAction","target":{"@type":"EntryPoint","urlTemplate":"https:\/\/agitatordistillery.com\/?s={search_term_string}"},"query-input":{"@type":"PropertyValueSpecification","valueRequired":true,"valueName":"search_term_string"}}],"inLanguage":"de"},{"@type":"Organization","@id":"https:\/\/agitatordistillery.com\/#organization","name":"Agitator","url":"https:\/\/agitatordistillery.com\/","logo":{"@type":"ImageObject","inLanguage":"de","@id":"https:\/\/agitatordistillery.com\/#\/schema\/logo\/image\/","url":"https:\/\/agitatordistillery.com\/wp-content\/uploads\/2021\/10\/Agitator_Logotyp_2021_Small_Pos.png","contentUrl":"https:\/\/agitatordistillery.com\/wp-content\/uploads\/2021\/10\/Agitator_Logotyp_2021_Small_Pos.png","width":360,"height":200,"caption":"Agitator"},"image":{"@id":"https:\/\/agitatordistillery.com\/#\/schema\/logo\/image\/"},"sameAs":["https:\/\/www.facebook.com\/Agitator.Whisky","https:\/\/www.instagram.com\/agitator.whisky\/","https:\/\/www.linkedin.com\/company\/agitator-whisky\/","https:\/\/www.youtube.com\/channel\/UCuOnjXGpTaL1-NXFXL5ZHtg"]}]}},"_links":{"self":[{"href":"https:\/\/agitatordistillery.com\/de\/wp-json\/wp\/v2\/pages\/3430","targetHints":{"allow":["GET"]}}],"collection":[{"href":"https:\/\/agitatordistillery.com\/de\/wp-json\/wp\/v2\/pages"}],"about":[{"href":"https:\/\/agitatordistillery.com\/de\/wp-json\/wp\/v2\/types\/page"}],"author":[{"embeddable":true,"href":"https:\/\/agitatordistillery.com\/de\/wp-json\/wp\/v2\/users\/6"}],"replies":[{"embeddable":true,"href":"https:\/\/agitatordistillery.com\/de\/wp-json\/wp\/v2\/comments?post=3430"}],"version-history":[{"count":6,"href":"https:\/\/agitatordistillery.com\/de\/wp-json\/wp\/v2\/pages\/3430\/revisions"}],"predecessor-version":[{"id":3559,"href":"https:\/\/agitatordistillery.com\/de\/wp-json\/wp\/v2\/pages\/3430\/revisions\/3559"}],"wp:featuredmedia":[{"embeddable":true,"href":"https:\/\/agitatordistillery.com\/de\/wp-json\/wp\/v2\/media\/3489"}],"wp:attachment":[{"href":"https:\/\/agitatordistillery.com\/de\/wp-json\/wp\/v2\/media?parent=3430"}],"curies":[{"name":"wp","href":"https:\/\/api.w.org\/{rel}","templated":true}]}}