{"id":312,"date":"2021-08-09T14:24:35","date_gmt":"2021-08-09T12:24:35","guid":{"rendered":"https:\/\/develop.agitatorwhisky.se\/?page_id=312"},"modified":"2024-12-16T16:55:24","modified_gmt":"2024-12-16T15:55:24","slug":"hallbarhet","status":"publish","type":"page","link":"https:\/\/agitatordistillery.com\/de\/hallbarhet\/","title":{"rendered":"Nachhaltigkeit"},"content":{"rendered":"<h2>\n\t\tSECHS MASSNAHMEN, DIE WIR ERGREIFEN\n\t<\/h2>\n\t\t\t\t<img loading=\"lazy\" decoding=\"async\" data-src=\"https:\/\/agitatordistillery.com\/wp-content\/uploads\/2024\/07\/NEWS.png\" alt=\"NEWS\" itemprop=\"image\" height=\"1600\" width=\"2560\" title=\"NEWS\" onerror=\"this.style.display='none'\" src=\"data:image\/gif;base64,R0lGODlhAQABAAAAACH5BAEKAAEALAAAAAABAAEAAAICTAEAOw==\" class=\"lazyload\" style=\"--smush-placeholder-width: 2560px; --smush-placeholder-aspect-ratio: 2560\/1600;\" \/><noscript><img loading=\"lazy\" decoding=\"async\" src=\"https:\/\/agitatordistillery.com\/wp-content\/uploads\/2024\/07\/NEWS.png\" alt=\"NEWS\" itemprop=\"image\" height=\"1600\" width=\"2560\" title=\"NEWS\" onerror=\"this.style.display='none'\"  \/><\/noscript>\n\t\t\t\t<img loading=\"lazy\" decoding=\"async\" data-src=\"https:\/\/agitatordistillery.com\/wp-content\/uploads\/2024\/07\/Untitled-1-copy.png\" alt=\"Untitled-1 copy\" itemprop=\"image\" height=\"1600\" width=\"2560\" title=\"Untitled-1 copy\" onerror=\"this.style.display='none'\" src=\"data:image\/gif;base64,R0lGODlhAQABAAAAACH5BAEKAAEALAAAAAABAAEAAAICTAEAOw==\" class=\"lazyload\" style=\"--smush-placeholder-width: 2560px; --smush-placeholder-aspect-ratio: 2560\/1600;\" \/><noscript><img loading=\"lazy\" decoding=\"async\" src=\"https:\/\/agitatordistillery.com\/wp-content\/uploads\/2024\/07\/Untitled-1-copy.png\" alt=\"Untitled-1 copy\" itemprop=\"image\" height=\"1600\" width=\"2560\" title=\"Untitled-1 copy\" onerror=\"this.style.display='none'\"  \/><\/noscript>\n\t<h3>1. FERNW\u00c4RME<\/h3>\n<p>Die Energie, die wir f\u00fcr die Destillation verwenden, stammt aus dem Fernw\u00e4rmenetz. Es speist hei\u00dfes Wasser in unseren Prozess ein, und wenn wir alles gewonnen haben, was wir brauchen, wird das hei\u00dfe Wasser wieder in das Netz eingespeist und zum Heizen von Wohnungen und B\u00fcros verwendet.<\/p>\n<h3>2. KEIN \u00d6L<\/h3>\n<p>Die Energie, die wir aus dem Fernw\u00e4rmenetz beziehen, stammt aus erneuerbaren Energiequellen. Wir verbrennen kein \u00d6l in unserer Produktion.<\/p>\n<h3>3. VAKUUMDESTILLATION<\/h3>\n<p>Die Destillation findet unter Vakuum statt. Die Entscheidung, Destillierapparate f\u00fcr die Destillation unter Vakuum zu bauen, fiel vor allem deshalb, weil dadurch eine bessere Spirituose entsteht. Es hat aber auch den Vorteil, dass der Siedepunkt gesenkt wird, was den Prozess wiederum viel weniger energieintensiv macht.<\/p>\n<h3>4. ENERGIERECYCLING<\/h3>\n<p>Destillationsprocessen v\u00e4rmer upp luften i destilleriet. Den varma luften fr\u00e5n destilleriet leds ocks\u00e5 in i lagerbyggnaden f\u00f6r att v\u00e4rma upp lokalerna under vintern. Vi \u00e5tervinner energi s\u00e5 mycket som m\u00f6jligt. J\u00e4sarens kylmantlar anv\u00e4nds f\u00f6r att v\u00e4rma vatten, som sedan anv\u00e4nds i andra steg av produktionsprocessen. Tanken \u00e4r att ingen v\u00e4rme som tillf\u00f6rs eller skapas i destilleriet ska sl\u00f6sas bort. Till exempel anv\u00e4nds spillv\u00e4rmen fr\u00e5n v\u00e5ra destillationsapparater f\u00f6r att driva v\u00e5r m\u00e4sktunna och bryggerianl\u00e4ggning.<\/p>\n<h3>5. NAT\u00dcRLICHE RESSOURCEN<\/h3>\n<p>Wir verwenden einen offenen K\u00fchlturm, der die niedrige schwedische Au\u00dfentemperatur zur K\u00fchlung nutzt.<\/p>\n<h3>6. R\u00dcCKSTANDSVERWERTUNG<\/h3>\n<p>Unser Treber wird von einem \u00f6rtlichen Landwirt gesammelt, der ihn als Tierfutter verwendet. Der nach der Destillation verbleibende R\u00fcckstand wird zur Erzeugung von Biogas verwendet.<\/p>\n\t\t\t<a href=\"https:\/\/agitatordistillery.com\/de\/manifestet\/\" target=\"_self\" rel=\"noopener\">\n\t\t\t\t\t\t\tMANIFEST\n\t\t\t\t\t<\/a>\n\t\t\t<a href=\"https:\/\/agitatordistillery.com\/de\/destilleriet\/\" target=\"_self\" rel=\"noopener\">\n\t\t\t\t\t\t\tDIE BRENNEREI\n\t\t\t\t\t<\/a>\n\t\t\t<a href=\"https:\/\/agitatordistillery.com\/de\/whiskyn\/\" target=\"_self\" rel=\"noopener\">\n\t\t\t\t\t\t\tPRODUKTE\n\t\t\t\t\t<\/a>\n\t\t\t\t<img loading=\"lazy\" decoding=\"async\" data-src=\"https:\/\/agitatordistillery.com\/wp-content\/uploads\/2024\/09\/Logga_farg_RGB.png\" alt=\"Logga_farg_RGB\" itemprop=\"image\" height=\"1131\" width=\"2000\" title=\"Logga_farg_RGB\" onerror=\"this.style.display='none'\" src=\"data:image\/gif;base64,R0lGODlhAQABAAAAACH5BAEKAAEALAAAAAABAAEAAAICTAEAOw==\" class=\"lazyload\" style=\"--smush-placeholder-width: 2000px; --smush-placeholder-aspect-ratio: 2000\/1131;\" \/><noscript><img loading=\"lazy\" decoding=\"async\" src=\"https:\/\/agitatordistillery.com\/wp-content\/uploads\/2024\/09\/Logga_farg_RGB.png\" alt=\"Logga_farg_RGB\" itemprop=\"image\" height=\"1131\" width=\"2000\" title=\"Logga_farg_RGB\" onerror=\"this.style.display='none'\"  \/><\/noscript>\n\t<p><em>&#8221;Vi \u00e4r anslutna till N\u00e4ringslivets Producentansvar och betalar f\u00f6rpackningsavgift som finansierar insamling och \u00e5tervinning. D\u00e4rmed tar vi v\u00e5rt producentansvar f\u00f6r f\u00f6rpackningar. L\u00e4s mer p\u00e5\u00a0<\/em><a title=\"Original URL: https:\/\/tr.apsis.one\/e\/veseGtCoQJO-RmNXmfi3QQ\/NG_DtuwHToOGLrDFaGvs6w\/ln_FoY7dfducQpEBB0Z8uA3A\/ukQaQ0R6KUNN7xRMwbPguMISrGPv6r1gtVx7PbeCnPw8qbpJ2nPb Click to follow link.\" href=\"https:\/\/eur05.safelinks.protection.outlook.com\/?url=https%3A%2F%2Ftr.apsis.one%2Fe%2FveseGtCoQJO-RmNXmfi3QQ%2FNG_DtuwHToOGLrDFaGvs6w%2Fln_FoY7dfducQpEBB0Z8uA3A%2FukQaQ0R6KUNN7xRMwbPguMISrGPv6r1gtVx7PbeCnPw8qbpJ2nPb&amp;data=05%7C02%7Cemelie%40agitatordistillery.com%7Cabde9e3fa8df4f485a2008dcde029938%7Ca4bd67e9263b43058c578c4aebbe4325%7C0%7C0%7C638629349961134624%7CUnknown%7CTWFpbGZsb3d8eyJWIjoiMC4wLjAwMDAiLCJQIjoiV2luMzIiLCJBTiI6Ik1haWwiLCJXVCI6Mn0%3D%7C0%7C%7C%7C&amp;sdata=69Njs7u5yCUd%2BKauavgFxaUotQMLb%2BrBt69r5IOiM5Y%3D&amp;reserved=0\" target=\"_blank\" rel=\"noopener\" data-outlook-id=\"2ab39e0d-ecb8-433f-8bb2-d56e5b633247\"><em><u>www.npa.se<\/u><\/em><\/a><em>.&#8221;<\/em><\/p>","protected":false},"excerpt":{"rendered":"<p>SEX \u00c5TG\u00c4RDER VI G\u00d6R IDAG 1. FJ\u00c4RRV\u00c4RME Den energi som vi anv\u00e4nder f\u00f6r destillering kommer fr\u00e5n fj\u00e4rrv\u00e4rmen\u00e4tet. Det matar in varmvatten i v\u00e5r process och n\u00e4r vi har utvunnit det vi beh\u00f6ver \u00e5terf\u00f6rs det stillast\u00e5ende varmvattnet till n\u00e4tet och anv\u00e4nds f\u00f6r att v\u00e4rma upp bost\u00e4der och kontor. 2. INGEN OLJA Den energi som vi k\u00f6per&hellip;<\/p>","protected":false},"author":6,"featured_media":1343,"parent":0,"menu_order":0,"comment_status":"closed","ping_status":"closed","template":"","meta":{"footnotes":""},"class_list":["post-312","page","type-page","status-publish","has-post-thumbnail","hentry"],"yoast_head":"<!-- This site is optimized with the Yoast SEO plugin v27.5 - https:\/\/yoast.com\/product\/yoast-seo-wordpress\/ -->\n<title>H\u00e5llbarhet - Agitator<\/title>\n<meta name=\"description\" content=\"Fr\u00e5gor om h\u00e5llbarhet \u00e4r centrala f\u00f6r oss p\u00e5 Agitator och vi anser att det \u00e4r en viktig del f\u00f6r v\u00e5r whiskyproduktion.\" \/>\n<meta name=\"robots\" content=\"index, follow, max-snippet:-1, max-image-preview:large, max-video-preview:-1\" \/>\n<link rel=\"canonical\" href=\"https:\/\/agitatordistillery.com\/de\/hallbarhet\/\" \/>\n<meta property=\"og:locale\" content=\"de_DE\" \/>\n<meta property=\"og:type\" content=\"article\" \/>\n<meta property=\"og:title\" content=\"H\u00e5llbarhet - Agitator\" \/>\n<meta property=\"og:description\" content=\"Fr\u00e5gor om h\u00e5llbarhet \u00e4r centrala f\u00f6r oss p\u00e5 Agitator och vi anser att det \u00e4r en viktig del f\u00f6r v\u00e5r whiskyproduktion.\" \/>\n<meta property=\"og:url\" content=\"https:\/\/agitatordistillery.com\/de\/hallbarhet\/\" \/>\n<meta property=\"og:site_name\" content=\"Agitator\" \/>\n<meta property=\"article:publisher\" content=\"https:\/\/www.facebook.com\/Agitator.Whisky\" \/>\n<meta property=\"article:modified_time\" content=\"2024-12-16T15:55:24+00:00\" \/>\n<meta property=\"og:image\" content=\"https:\/\/agitatordistillery.com\/wp-content\/uploads\/2021\/10\/Agitator_Barma\u0308tare.jpg\" \/>\n\t<meta property=\"og:image:width\" content=\"800\" \/>\n\t<meta property=\"og:image:height\" content=\"600\" \/>\n\t<meta property=\"og:image:type\" content=\"image\/jpeg\" \/>\n<meta name=\"twitter:card\" content=\"summary_large_image\" \/>\n<meta name=\"twitter:label1\" content=\"Gesch\u00e4tzte Lesezeit\" \/>\n\t<meta name=\"twitter:data1\" content=\"3\u00a0Minuten\" \/>\n<script type=\"application\/ld+json\" class=\"yoast-schema-graph\">{\"@context\":\"https:\\\/\\\/schema.org\",\"@graph\":[{\"@type\":\"WebPage\",\"@id\":\"https:\\\/\\\/agitatordistillery.com\\\/hallbarhet\\\/\",\"url\":\"https:\\\/\\\/agitatordistillery.com\\\/hallbarhet\\\/\",\"name\":\"H\u00e5llbarhet - Agitator\",\"isPartOf\":{\"@id\":\"https:\\\/\\\/agitatordistillery.com\\\/#website\"},\"primaryImageOfPage\":{\"@id\":\"https:\\\/\\\/agitatordistillery.com\\\/hallbarhet\\\/#primaryimage\"},\"image\":{\"@id\":\"https:\\\/\\\/agitatordistillery.com\\\/hallbarhet\\\/#primaryimage\"},\"thumbnailUrl\":\"https:\\\/\\\/agitatordistillery.com\\\/wp-content\\\/uploads\\\/2021\\\/10\\\/Agitator_Barma\u0308tare.jpg\",\"datePublished\":\"2021-08-09T12:24:35+00:00\",\"dateModified\":\"2024-12-16T15:55:24+00:00\",\"description\":\"Fr\u00e5gor om h\u00e5llbarhet \u00e4r centrala f\u00f6r oss p\u00e5 Agitator och vi anser att det \u00e4r en viktig del f\u00f6r v\u00e5r whiskyproduktion.\",\"breadcrumb\":{\"@id\":\"https:\\\/\\\/agitatordistillery.com\\\/hallbarhet\\\/#breadcrumb\"},\"inLanguage\":\"de\",\"potentialAction\":[{\"@type\":\"ReadAction\",\"target\":[\"https:\\\/\\\/agitatordistillery.com\\\/hallbarhet\\\/\"]}]},{\"@type\":\"ImageObject\",\"inLanguage\":\"de\",\"@id\":\"https:\\\/\\\/agitatordistillery.com\\\/hallbarhet\\\/#primaryimage\",\"url\":\"https:\\\/\\\/agitatordistillery.com\\\/wp-content\\\/uploads\\\/2021\\\/10\\\/Agitator_Barma\u0308tare.jpg\",\"contentUrl\":\"https:\\\/\\\/agitatordistillery.com\\\/wp-content\\\/uploads\\\/2021\\\/10\\\/Agitator_Barma\u0308tare.jpg\",\"width\":800,\"height\":600},{\"@type\":\"BreadcrumbList\",\"@id\":\"https:\\\/\\\/agitatordistillery.com\\\/hallbarhet\\\/#breadcrumb\",\"itemListElement\":[{\"@type\":\"ListItem\",\"position\":1,\"name\":\"Hem\",\"item\":\"https:\\\/\\\/agitatordistillery.com\\\/\"},{\"@type\":\"ListItem\",\"position\":2,\"name\":\"H\u00e5llbarhet\"}]},{\"@type\":\"WebSite\",\"@id\":\"https:\\\/\\\/agitatordistillery.com\\\/#website\",\"url\":\"https:\\\/\\\/agitatordistillery.com\\\/\",\"name\":\"Agitator\",\"description\":\"The Swedish Distillery\",\"publisher\":{\"@id\":\"https:\\\/\\\/agitatordistillery.com\\\/#organization\"},\"potentialAction\":[{\"@type\":\"SearchAction\",\"target\":{\"@type\":\"EntryPoint\",\"urlTemplate\":\"https:\\\/\\\/agitatordistillery.com\\\/?s={search_term_string}\"},\"query-input\":{\"@type\":\"PropertyValueSpecification\",\"valueRequired\":true,\"valueName\":\"search_term_string\"}}],\"inLanguage\":\"de\"},{\"@type\":\"Organization\",\"@id\":\"https:\\\/\\\/agitatordistillery.com\\\/#organization\",\"name\":\"Agitator\",\"url\":\"https:\\\/\\\/agitatordistillery.com\\\/\",\"logo\":{\"@type\":\"ImageObject\",\"inLanguage\":\"de\",\"@id\":\"https:\\\/\\\/agitatordistillery.com\\\/#\\\/schema\\\/logo\\\/image\\\/\",\"url\":\"https:\\\/\\\/agitatordistillery.com\\\/wp-content\\\/uploads\\\/2021\\\/10\\\/Agitator_Logotyp_2021_Small_Pos.png\",\"contentUrl\":\"https:\\\/\\\/agitatordistillery.com\\\/wp-content\\\/uploads\\\/2021\\\/10\\\/Agitator_Logotyp_2021_Small_Pos.png\",\"width\":360,\"height\":200,\"caption\":\"Agitator\"},\"image\":{\"@id\":\"https:\\\/\\\/agitatordistillery.com\\\/#\\\/schema\\\/logo\\\/image\\\/\"},\"sameAs\":[\"https:\\\/\\\/www.facebook.com\\\/Agitator.Whisky\",\"https:\\\/\\\/www.instagram.com\\\/agitator.whisky\\\/\",\"https:\\\/\\\/www.linkedin.com\\\/company\\\/agitator-whisky\\\/\",\"https:\\\/\\\/www.youtube.com\\\/channel\\\/UCuOnjXGpTaL1-NXFXL5ZHtg\"]}]}<\/script>\n<!-- \/ Yoast SEO plugin. -->","yoast_head_json":{"title":"H\u00e5llbarhet - Agitator","description":"Fr\u00e5gor om h\u00e5llbarhet \u00e4r centrala f\u00f6r oss p\u00e5 Agitator och vi anser att det \u00e4r en viktig del f\u00f6r v\u00e5r whiskyproduktion.","robots":{"index":"index","follow":"follow","max-snippet":"max-snippet:-1","max-image-preview":"max-image-preview:large","max-video-preview":"max-video-preview:-1"},"canonical":"https:\/\/agitatordistillery.com\/de\/hallbarhet\/","og_locale":"de_DE","og_type":"article","og_title":"H\u00e5llbarhet - Agitator","og_description":"Fr\u00e5gor om h\u00e5llbarhet \u00e4r centrala f\u00f6r oss p\u00e5 Agitator och vi anser att det \u00e4r en viktig del f\u00f6r v\u00e5r whiskyproduktion.","og_url":"https:\/\/agitatordistillery.com\/de\/hallbarhet\/","og_site_name":"Agitator","article_publisher":"https:\/\/www.facebook.com\/Agitator.Whisky","article_modified_time":"2024-12-16T15:55:24+00:00","og_image":[{"width":800,"height":600,"url":"https:\/\/agitatordistillery.com\/wp-content\/uploads\/2021\/10\/Agitator_Barma\u0308tare.jpg","type":"image\/jpeg"}],"twitter_card":"summary_large_image","twitter_misc":{"Gesch\u00e4tzte Lesezeit":"3\u00a0Minuten"},"schema":{"@context":"https:\/\/schema.org","@graph":[{"@type":"WebPage","@id":"https:\/\/agitatordistillery.com\/hallbarhet\/","url":"https:\/\/agitatordistillery.com\/hallbarhet\/","name":"H\u00e5llbarhet - Agitator","isPartOf":{"@id":"https:\/\/agitatordistillery.com\/#website"},"primaryImageOfPage":{"@id":"https:\/\/agitatordistillery.com\/hallbarhet\/#primaryimage"},"image":{"@id":"https:\/\/agitatordistillery.com\/hallbarhet\/#primaryimage"},"thumbnailUrl":"https:\/\/agitatordistillery.com\/wp-content\/uploads\/2021\/10\/Agitator_Barma\u0308tare.jpg","datePublished":"2021-08-09T12:24:35+00:00","dateModified":"2024-12-16T15:55:24+00:00","description":"Fr\u00e5gor om h\u00e5llbarhet \u00e4r centrala f\u00f6r oss p\u00e5 Agitator och vi anser att det \u00e4r en viktig del f\u00f6r v\u00e5r whiskyproduktion.","breadcrumb":{"@id":"https:\/\/agitatordistillery.com\/hallbarhet\/#breadcrumb"},"inLanguage":"de","potentialAction":[{"@type":"ReadAction","target":["https:\/\/agitatordistillery.com\/hallbarhet\/"]}]},{"@type":"ImageObject","inLanguage":"de","@id":"https:\/\/agitatordistillery.com\/hallbarhet\/#primaryimage","url":"https:\/\/agitatordistillery.com\/wp-content\/uploads\/2021\/10\/Agitator_Barma\u0308tare.jpg","contentUrl":"https:\/\/agitatordistillery.com\/wp-content\/uploads\/2021\/10\/Agitator_Barma\u0308tare.jpg","width":800,"height":600},{"@type":"BreadcrumbList","@id":"https:\/\/agitatordistillery.com\/hallbarhet\/#breadcrumb","itemListElement":[{"@type":"ListItem","position":1,"name":"Hem","item":"https:\/\/agitatordistillery.com\/"},{"@type":"ListItem","position":2,"name":"H\u00e5llbarhet"}]},{"@type":"WebSite","@id":"https:\/\/agitatordistillery.com\/#website","url":"https:\/\/agitatordistillery.com\/","name":"Agitator","description":"The Swedish Distillery","publisher":{"@id":"https:\/\/agitatordistillery.com\/#organization"},"potentialAction":[{"@type":"SearchAction","target":{"@type":"EntryPoint","urlTemplate":"https:\/\/agitatordistillery.com\/?s={search_term_string}"},"query-input":{"@type":"PropertyValueSpecification","valueRequired":true,"valueName":"search_term_string"}}],"inLanguage":"de"},{"@type":"Organization","@id":"https:\/\/agitatordistillery.com\/#organization","name":"Agitator","url":"https:\/\/agitatordistillery.com\/","logo":{"@type":"ImageObject","inLanguage":"de","@id":"https:\/\/agitatordistillery.com\/#\/schema\/logo\/image\/","url":"https:\/\/agitatordistillery.com\/wp-content\/uploads\/2021\/10\/Agitator_Logotyp_2021_Small_Pos.png","contentUrl":"https:\/\/agitatordistillery.com\/wp-content\/uploads\/2021\/10\/Agitator_Logotyp_2021_Small_Pos.png","width":360,"height":200,"caption":"Agitator"},"image":{"@id":"https:\/\/agitatordistillery.com\/#\/schema\/logo\/image\/"},"sameAs":["https:\/\/www.facebook.com\/Agitator.Whisky","https:\/\/www.instagram.com\/agitator.whisky\/","https:\/\/www.linkedin.com\/company\/agitator-whisky\/","https:\/\/www.youtube.com\/channel\/UCuOnjXGpTaL1-NXFXL5ZHtg"]}]}},"_links":{"self":[{"href":"https:\/\/agitatordistillery.com\/de\/wp-json\/wp\/v2\/pages\/312","targetHints":{"allow":["GET"]}}],"collection":[{"href":"https:\/\/agitatordistillery.com\/de\/wp-json\/wp\/v2\/pages"}],"about":[{"href":"https:\/\/agitatordistillery.com\/de\/wp-json\/wp\/v2\/types\/page"}],"author":[{"embeddable":true,"href":"https:\/\/agitatordistillery.com\/de\/wp-json\/wp\/v2\/users\/6"}],"replies":[{"embeddable":true,"href":"https:\/\/agitatordistillery.com\/de\/wp-json\/wp\/v2\/comments?post=312"}],"version-history":[{"count":47,"href":"https:\/\/agitatordistillery.com\/de\/wp-json\/wp\/v2\/pages\/312\/revisions"}],"predecessor-version":[{"id":3456,"href":"https:\/\/agitatordistillery.com\/de\/wp-json\/wp\/v2\/pages\/312\/revisions\/3456"}],"wp:featuredmedia":[{"embeddable":true,"href":"https:\/\/agitatordistillery.com\/de\/wp-json\/wp\/v2\/media\/1343"}],"wp:attachment":[{"href":"https:\/\/agitatordistillery.com\/de\/wp-json\/wp\/v2\/media?parent=312"}],"curies":[{"name":"wp","href":"https:\/\/api.w.org\/{rel}","templated":true}]}}