{"id":286,"date":"2021-08-09T14:05:57","date_gmt":"2021-08-09T12:05:57","guid":{"rendered":"https:\/\/develop.agitatorwhisky.se\/?page_id=286"},"modified":"2023-03-03T14:48:12","modified_gmt":"2023-03-03T13:48:12","slug":"maskning","status":"publish","type":"page","link":"https:\/\/agitatordistillery.com\/de\/maskning\/","title":{"rendered":"DAS MAISCHEN"},"content":{"rendered":"<h2>\n\t\tDAS MAISCHEN\n\t<\/h2>\n\t\t\t\t<img loading=\"lazy\" decoding=\"async\" data-src=\"https:\/\/agitatordistillery.com\/wp-content\/uploads\/2021\/08\/Omrorare-e1629468503558.jpg\" alt=\"Omrorare\" itemprop=\"image\" height=\"600\" width=\"800\" title=\"Omrorare\" onerror=\"this.style.display='none'\" src=\"data:image\/gif;base64,R0lGODlhAQABAAAAACH5BAEKAAEALAAAAAABAAEAAAICTAEAOw==\" class=\"lazyload\" style=\"--smush-placeholder-width: 800px; --smush-placeholder-aspect-ratio: 800\/600;\"><noscript><img loading=\"lazy\" decoding=\"async\" src=\"https:\/\/agitatordistillery.com\/wp-content\/uploads\/2021\/08\/Omrorare-e1629468503558.jpg\" alt=\"Omrorare\" itemprop=\"image\" height=\"600\" width=\"800\" title=\"Omrorare\" onerror=\"this.style.display='none'\"><\/noscript>\n\t\t\t\t<img loading=\"lazy\" decoding=\"async\" data-src=\"https:\/\/agitatordistillery.com\/wp-content\/uploads\/2021\/08\/Vort-e1629468595813.jpg\" alt=\"Vort\" itemprop=\"image\" height=\"480\" width=\"640\" title=\"Vort\" onerror=\"this.style.display='none'\" src=\"data:image\/gif;base64,R0lGODlhAQABAAAAACH5BAEKAAEALAAAAAABAAEAAAICTAEAOw==\" class=\"lazyload\" style=\"--smush-placeholder-width: 640px; --smush-placeholder-aspect-ratio: 640\/480;\"><noscript><img loading=\"lazy\" decoding=\"async\" src=\"https:\/\/agitatordistillery.com\/wp-content\/uploads\/2021\/08\/Vort-e1629468595813.jpg\" alt=\"Vort\" itemprop=\"image\" height=\"480\" width=\"640\" title=\"Vort\" onerror=\"this.style.display='none'\"><\/noscript>\n\t\t\t\t<img decoding=\"async\" data-src=\"https:\/\/agitatordistillery.com\/wp-content\/plugins\/bb-plugin\/img\/pixel.png\" alt=\"\" itemprop=\"image\" onerror=\"this.style.display='none'\" src=\"data:image\/gif;base64,R0lGODlhAQABAAAAACH5BAEKAAEALAAAAAABAAEAAAICTAEAOw==\" class=\"lazyload\"><noscript><img decoding=\"async\" src=\"https:\/\/agitatordistillery.com\/wp-content\/plugins\/bb-plugin\/img\/pixel.png\" alt=\"\" itemprop=\"image\" onerror=\"this.style.display='none'\"><\/noscript>\n\t<p>Das Schrot wird von der M\u00fchle direkt in den Maischebottich gepumpt, einen Beh\u00e4lter, der mit einem R\u00fchrwerk und einem perforierten Boden, \u00e4hnlich einem Sieb, ausgestattet ist. Das nasse Schrot wird dann in einer gleichm\u00e4\u00dfigen Schicht auf den Siebplatten verteilt. Nach einem vorsichtigen R\u00fchren von 30 Minuten beginnt das Durchperlen. Die Feststoffe werden von dem nun zuckerhaltigen Wasser, auch W\u00fcrze genannt, getrennt. Die W\u00fcrze wird abgeseiht und abgek\u00fchlt, bevor sie in den Washback gepumpt wird.<\/p>\n<p>Die Umwandlung der St\u00e4rke im Malz in Zucker erfolgt durch die im Malz vorhandenen nat\u00fcrlichen Enzyme. Bevor die W\u00fcrze in den Washback gepumpt wird, geht sie noch einmal zur\u00fcck in den Maischebottich. Das ist n\u00f6tig, damit alle Feststoffe oben auf dem Maischebett landen und nur die klare, s\u00fc\u00dfe W\u00fcrze durch die Siebplatten gelangt.&nbsp;<\/p>\n<p>W\u00e4hrend die W\u00fcrze zum Washback gepumpt wird, passiert sie einen W\u00e4rmetauscher, der sie von 60 \u00b0C auf etwa 20 \u00b0C abk\u00fchlt. Das zur K\u00fchlung verwendete Wasser ist nun warm und wird dann um einige weitere Grad erw\u00e4rmt und zum Ansetzen der W\u00fcrze verwendet.<\/p>\n<p>Normalerweise f\u00fcgt eine Brennerei dreimal Wasser hinzu, um die zuckerhaltige W\u00fcrze abzul\u00f6schen. Wir f\u00fcgen siebenmal Wasser hinzu, um alle Aromen und Zucker aus dem Malz zu extrahieren, ohne die Qualit\u00e4t zu beeintr\u00e4chtigen.  1.350 Kilo Malz ergeben nach dem Einmaischen 5.400 Liter W\u00fcrze.<\/p>\n<p>N\u00e4r all v\u00f6rt l\u00e4mnat m\u00e4sktunnan, finns endast fasta partiklar &#8211; s\u00e5 kallad drav &#8211; kvar. Draven h\u00e4mtas av en bonde som anv\u00e4nder den som djurfoder.<\/p>\n<p>Unser Maischebottich ist ebenfalls von GEA aus Deutschland. Er ist mit der neuesten Technologie ausgestattet und wird automatisch gesteuert: Anhand der Eigenschaften des Maischebetts stellt es die Geschwindigkeit und die H\u00f6he des R\u00fchrwerks sowie den Durchfluss der W\u00fcrze ein, um den Prozess zu optimieren. Am Ende eines jeden Durchlaufs wird der Treber automatisch abgelassen und ein Waschzyklus eingeleitet, um die Siebplatten f\u00fcr die n\u00e4chste Charge zu s\u00e4ubern. Von Anfang bis Ende dauert jeder Durchlauf etwa sechs Stunden.<\/p>","protected":false},"excerpt":{"rendered":"<p>M\u00c4SKNING Gr\u00f6pen pumpas fr\u00e5n kvarnen direkt in i m\u00e4sktunnan som \u00e4r en beh\u00e5llare utrustad med en omr\u00f6rare och en botten utformad som en sil. H\u00e4r sprids den bl\u00f6ta gr\u00f6pen ut i ett j\u00e4mt lager \u00f6ver silpl\u00e5tarna. Efter en varsam blandning i 30 minuter p\u00e5b\u00f6rjas urlakningen. De fasta partiklarna avskiljs fr\u00e5n det nu sockerstinna vattnet, \u00e4ven&hellip;<\/p>","protected":false},"author":6,"featured_media":1177,"parent":0,"menu_order":0,"comment_status":"closed","ping_status":"closed","template":"","meta":{"_monsterinsights_skip_tracking":false,"_monsterinsights_sitenote_active":false,"_monsterinsights_sitenote_note":"","_monsterinsights_sitenote_category":0,"footnotes":""},"class_list":["post-286","page","type-page","status-publish","has-post-thumbnail","hentry"],"yoast_head":"<!-- This site is optimized with the Yoast SEO plugin v27.4 - https:\/\/yoast.com\/product\/yoast-seo-wordpress\/ -->\n<title>M\u00e4skning - Agitator<\/title>\n<meta name=\"description\" content=\"De fasta partiklarna avskiljs fr\u00e5n det nu sockerstinna vattnet, v\u00f6rt. V\u00f6rten silas av och kyls ned innan den pumpas in i ett av j\u00e4skaren.\" \/>\n<meta name=\"robots\" content=\"index, follow, max-snippet:-1, max-image-preview:large, max-video-preview:-1\" \/>\n<link rel=\"canonical\" href=\"https:\/\/agitatordistillery.com\/de\/maskning\/\" \/>\n<meta property=\"og:locale\" content=\"de_DE\" \/>\n<meta property=\"og:type\" content=\"article\" \/>\n<meta property=\"og:title\" content=\"M\u00e4skning - Agitator\" \/>\n<meta property=\"og:description\" content=\"De fasta partiklarna avskiljs fr\u00e5n det nu sockerstinna vattnet, v\u00f6rt. V\u00f6rten silas av och kyls ned innan den pumpas in i ett av j\u00e4skaren.\" \/>\n<meta property=\"og:url\" content=\"https:\/\/agitatordistillery.com\/de\/maskning\/\" \/>\n<meta property=\"og:site_name\" content=\"Agitator\" \/>\n<meta property=\"article:publisher\" content=\"https:\/\/www.facebook.com\/Agitator.Whisky\" \/>\n<meta property=\"article:modified_time\" content=\"2023-03-03T13:48:12+00:00\" \/>\n<meta property=\"og:image\" content=\"https:\/\/agitatordistillery.com\/wp-content\/uploads\/2021\/10\/Agitator_Ma\u0308sktunna_DSF1328.jpg\" \/>\n\t<meta property=\"og:image:width\" content=\"800\" \/>\n\t<meta property=\"og:image:height\" content=\"600\" \/>\n\t<meta property=\"og:image:type\" content=\"image\/jpeg\" \/>\n<meta name=\"twitter:card\" content=\"summary_large_image\" \/>\n<meta name=\"twitter:label1\" content=\"Gesch\u00e4tzte Lesezeit\" \/>\n\t<meta name=\"twitter:data1\" content=\"3\u00a0Minuten\" \/>\n<script type=\"application\/ld+json\" class=\"yoast-schema-graph\">{\"@context\":\"https:\\\/\\\/schema.org\",\"@graph\":[{\"@type\":\"WebPage\",\"@id\":\"https:\\\/\\\/agitatordistillery.com\\\/maskning\\\/\",\"url\":\"https:\\\/\\\/agitatordistillery.com\\\/maskning\\\/\",\"name\":\"M\u00e4skning - Agitator\",\"isPartOf\":{\"@id\":\"https:\\\/\\\/agitatordistillery.com\\\/#website\"},\"primaryImageOfPage\":{\"@id\":\"https:\\\/\\\/agitatordistillery.com\\\/maskning\\\/#primaryimage\"},\"image\":{\"@id\":\"https:\\\/\\\/agitatordistillery.com\\\/maskning\\\/#primaryimage\"},\"thumbnailUrl\":\"https:\\\/\\\/agitatordistillery.com\\\/wp-content\\\/uploads\\\/2021\\\/10\\\/Agitator_Ma\u0308sktunna_DSF1328.jpg\",\"datePublished\":\"2021-08-09T12:05:57+00:00\",\"dateModified\":\"2023-03-03T13:48:12+00:00\",\"description\":\"De fasta partiklarna avskiljs fr\u00e5n det nu sockerstinna vattnet, v\u00f6rt. V\u00f6rten silas av och kyls ned innan den pumpas in i ett av j\u00e4skaren.\",\"breadcrumb\":{\"@id\":\"https:\\\/\\\/agitatordistillery.com\\\/maskning\\\/#breadcrumb\"},\"inLanguage\":\"de\",\"potentialAction\":[{\"@type\":\"ReadAction\",\"target\":[\"https:\\\/\\\/agitatordistillery.com\\\/maskning\\\/\"]}]},{\"@type\":\"ImageObject\",\"inLanguage\":\"de\",\"@id\":\"https:\\\/\\\/agitatordistillery.com\\\/maskning\\\/#primaryimage\",\"url\":\"https:\\\/\\\/agitatordistillery.com\\\/wp-content\\\/uploads\\\/2021\\\/10\\\/Agitator_Ma\u0308sktunna_DSF1328.jpg\",\"contentUrl\":\"https:\\\/\\\/agitatordistillery.com\\\/wp-content\\\/uploads\\\/2021\\\/10\\\/Agitator_Ma\u0308sktunna_DSF1328.jpg\",\"width\":800,\"height\":600,\"caption\":\"m\u00e4sktunna\"},{\"@type\":\"BreadcrumbList\",\"@id\":\"https:\\\/\\\/agitatordistillery.com\\\/maskning\\\/#breadcrumb\",\"itemListElement\":[{\"@type\":\"ListItem\",\"position\":1,\"name\":\"Hem\",\"item\":\"https:\\\/\\\/agitatordistillery.com\\\/sv_se\\\/\"},{\"@type\":\"ListItem\",\"position\":2,\"name\":\"M\u00e4skning\"}]},{\"@type\":\"WebSite\",\"@id\":\"https:\\\/\\\/agitatordistillery.com\\\/#website\",\"url\":\"https:\\\/\\\/agitatordistillery.com\\\/\",\"name\":\"Agitator\",\"description\":\"The Swedish Distillery\",\"publisher\":{\"@id\":\"https:\\\/\\\/agitatordistillery.com\\\/#organization\"},\"potentialAction\":[{\"@type\":\"SearchAction\",\"target\":{\"@type\":\"EntryPoint\",\"urlTemplate\":\"https:\\\/\\\/agitatordistillery.com\\\/?s={search_term_string}\"},\"query-input\":{\"@type\":\"PropertyValueSpecification\",\"valueRequired\":true,\"valueName\":\"search_term_string\"}}],\"inLanguage\":\"de\"},{\"@type\":\"Organization\",\"@id\":\"https:\\\/\\\/agitatordistillery.com\\\/#organization\",\"name\":\"Agitator\",\"url\":\"https:\\\/\\\/agitatordistillery.com\\\/\",\"logo\":{\"@type\":\"ImageObject\",\"inLanguage\":\"de\",\"@id\":\"https:\\\/\\\/agitatordistillery.com\\\/#\\\/schema\\\/logo\\\/image\\\/\",\"url\":\"https:\\\/\\\/agitatordistillery.com\\\/wp-content\\\/uploads\\\/2021\\\/10\\\/Agitator_Logotyp_2021_Small_Pos.png\",\"contentUrl\":\"https:\\\/\\\/agitatordistillery.com\\\/wp-content\\\/uploads\\\/2021\\\/10\\\/Agitator_Logotyp_2021_Small_Pos.png\",\"width\":360,\"height\":200,\"caption\":\"Agitator\"},\"image\":{\"@id\":\"https:\\\/\\\/agitatordistillery.com\\\/#\\\/schema\\\/logo\\\/image\\\/\"},\"sameAs\":[\"https:\\\/\\\/www.facebook.com\\\/Agitator.Whisky\",\"https:\\\/\\\/www.instagram.com\\\/agitator.whisky\\\/\",\"https:\\\/\\\/www.linkedin.com\\\/company\\\/agitator-whisky\\\/\",\"https:\\\/\\\/www.youtube.com\\\/channel\\\/UCuOnjXGpTaL1-NXFXL5ZHtg\"]}]}<\/script>\n<!-- \/ Yoast SEO plugin. -->","yoast_head_json":{"title":"M\u00e4skning - Agitator","description":"De fasta partiklarna avskiljs fr\u00e5n det nu sockerstinna vattnet, v\u00f6rt. V\u00f6rten silas av och kyls ned innan den pumpas in i ett av j\u00e4skaren.","robots":{"index":"index","follow":"follow","max-snippet":"max-snippet:-1","max-image-preview":"max-image-preview:large","max-video-preview":"max-video-preview:-1"},"canonical":"https:\/\/agitatordistillery.com\/de\/maskning\/","og_locale":"de_DE","og_type":"article","og_title":"M\u00e4skning - Agitator","og_description":"De fasta partiklarna avskiljs fr\u00e5n det nu sockerstinna vattnet, v\u00f6rt. V\u00f6rten silas av och kyls ned innan den pumpas in i ett av j\u00e4skaren.","og_url":"https:\/\/agitatordistillery.com\/de\/maskning\/","og_site_name":"Agitator","article_publisher":"https:\/\/www.facebook.com\/Agitator.Whisky","article_modified_time":"2023-03-03T13:48:12+00:00","og_image":[{"width":800,"height":600,"url":"https:\/\/agitatordistillery.com\/wp-content\/uploads\/2021\/10\/Agitator_Ma\u0308sktunna_DSF1328.jpg","type":"image\/jpeg"}],"twitter_card":"summary_large_image","twitter_misc":{"Gesch\u00e4tzte Lesezeit":"3\u00a0Minuten"},"schema":{"@context":"https:\/\/schema.org","@graph":[{"@type":"WebPage","@id":"https:\/\/agitatordistillery.com\/maskning\/","url":"https:\/\/agitatordistillery.com\/maskning\/","name":"M\u00e4skning - Agitator","isPartOf":{"@id":"https:\/\/agitatordistillery.com\/#website"},"primaryImageOfPage":{"@id":"https:\/\/agitatordistillery.com\/maskning\/#primaryimage"},"image":{"@id":"https:\/\/agitatordistillery.com\/maskning\/#primaryimage"},"thumbnailUrl":"https:\/\/agitatordistillery.com\/wp-content\/uploads\/2021\/10\/Agitator_Ma\u0308sktunna_DSF1328.jpg","datePublished":"2021-08-09T12:05:57+00:00","dateModified":"2023-03-03T13:48:12+00:00","description":"De fasta partiklarna avskiljs fr\u00e5n det nu sockerstinna vattnet, v\u00f6rt. V\u00f6rten silas av och kyls ned innan den pumpas in i ett av j\u00e4skaren.","breadcrumb":{"@id":"https:\/\/agitatordistillery.com\/maskning\/#breadcrumb"},"inLanguage":"de","potentialAction":[{"@type":"ReadAction","target":["https:\/\/agitatordistillery.com\/maskning\/"]}]},{"@type":"ImageObject","inLanguage":"de","@id":"https:\/\/agitatordistillery.com\/maskning\/#primaryimage","url":"https:\/\/agitatordistillery.com\/wp-content\/uploads\/2021\/10\/Agitator_Ma\u0308sktunna_DSF1328.jpg","contentUrl":"https:\/\/agitatordistillery.com\/wp-content\/uploads\/2021\/10\/Agitator_Ma\u0308sktunna_DSF1328.jpg","width":800,"height":600,"caption":"m\u00e4sktunna"},{"@type":"BreadcrumbList","@id":"https:\/\/agitatordistillery.com\/maskning\/#breadcrumb","itemListElement":[{"@type":"ListItem","position":1,"name":"Hem","item":"https:\/\/agitatordistillery.com\/sv_se\/"},{"@type":"ListItem","position":2,"name":"M\u00e4skning"}]},{"@type":"WebSite","@id":"https:\/\/agitatordistillery.com\/#website","url":"https:\/\/agitatordistillery.com\/","name":"Agitator","description":"The Swedish Distillery","publisher":{"@id":"https:\/\/agitatordistillery.com\/#organization"},"potentialAction":[{"@type":"SearchAction","target":{"@type":"EntryPoint","urlTemplate":"https:\/\/agitatordistillery.com\/?s={search_term_string}"},"query-input":{"@type":"PropertyValueSpecification","valueRequired":true,"valueName":"search_term_string"}}],"inLanguage":"de"},{"@type":"Organization","@id":"https:\/\/agitatordistillery.com\/#organization","name":"Agitator","url":"https:\/\/agitatordistillery.com\/","logo":{"@type":"ImageObject","inLanguage":"de","@id":"https:\/\/agitatordistillery.com\/#\/schema\/logo\/image\/","url":"https:\/\/agitatordistillery.com\/wp-content\/uploads\/2021\/10\/Agitator_Logotyp_2021_Small_Pos.png","contentUrl":"https:\/\/agitatordistillery.com\/wp-content\/uploads\/2021\/10\/Agitator_Logotyp_2021_Small_Pos.png","width":360,"height":200,"caption":"Agitator"},"image":{"@id":"https:\/\/agitatordistillery.com\/#\/schema\/logo\/image\/"},"sameAs":["https:\/\/www.facebook.com\/Agitator.Whisky","https:\/\/www.instagram.com\/agitator.whisky\/","https:\/\/www.linkedin.com\/company\/agitator-whisky\/","https:\/\/www.youtube.com\/channel\/UCuOnjXGpTaL1-NXFXL5ZHtg"]}]}},"_links":{"self":[{"href":"https:\/\/agitatordistillery.com\/de\/wp-json\/wp\/v2\/pages\/286","targetHints":{"allow":["GET"]}}],"collection":[{"href":"https:\/\/agitatordistillery.com\/de\/wp-json\/wp\/v2\/pages"}],"about":[{"href":"https:\/\/agitatordistillery.com\/de\/wp-json\/wp\/v2\/types\/page"}],"author":[{"embeddable":true,"href":"https:\/\/agitatordistillery.com\/de\/wp-json\/wp\/v2\/users\/6"}],"replies":[{"embeddable":true,"href":"https:\/\/agitatordistillery.com\/de\/wp-json\/wp\/v2\/comments?post=286"}],"version-history":[{"count":16,"href":"https:\/\/agitatordistillery.com\/de\/wp-json\/wp\/v2\/pages\/286\/revisions"}],"predecessor-version":[{"id":1944,"href":"https:\/\/agitatordistillery.com\/de\/wp-json\/wp\/v2\/pages\/286\/revisions\/1944"}],"wp:featuredmedia":[{"embeddable":true,"href":"https:\/\/agitatordistillery.com\/de\/wp-json\/wp\/v2\/media\/1177"}],"wp:attachment":[{"href":"https:\/\/agitatordistillery.com\/de\/wp-json\/wp\/v2\/media?parent=286"}],"curies":[{"name":"wp","href":"https:\/\/api.w.org\/{rel}","templated":true}]}}