{"id":2593,"date":"2024-03-19T15:48:03","date_gmt":"2024-03-19T14:48:03","guid":{"rendered":"https:\/\/agitatordistillery.com\/?page_id=2593"},"modified":"2024-07-04T12:13:35","modified_gmt":"2024-07-04T10:13:35","slug":"argument-kastanj-2021","status":"publish","type":"page","link":"https:\/\/agitatordistillery.com\/de\/argument-kastanj-2021\/","title":{"rendered":"Argument: Kastanj 2021"},"content":{"rendered":"<h2>\n\t\tBESCHREIBUNG\n\t<\/h2>\n\t<p>In Schottland ist es nicht erlaubt, Whisky in anderen F\u00e4ssern als Eichenholz zu reifen, aber au\u00dferhalb Schottlands k\u00f6nnen wir mit anderen Holzarten experimentieren. Kastanienf\u00e4sser geben eine tiefere Farbe, mehr Tannine und H\u00e4rte. Das Produkt wurde zuerst in Bourbonf\u00e4ssern gereift und dann in Kastanienf\u00e4ssern veredelt.<\/p>\n<h2>\n\t\tGeschmacksnoten\n\t<\/h2>\n\t<h3>GERUCH<\/h3>\n<p>Argument Chestnut hat ein Aroma von Trockenfr\u00fcchten mit einem Hauch von s\u00fc\u00dfen Rosinen und roten Beeren.<\/p>\n<h3>GESCHMACK<\/h3>\n<p>In Kastanienf\u00e4ssern gereift, wird der Geschmack von denselben Noten dominiert, die du auch im Aroma findest. Hinzu kommen leichte Noten von Honig und Vanille, die von der Reifung in Bourbonf\u00e4ssern stammen. Der Geschmack ist recht lang, aber delikat, mit einem leicht trockenen Abgang, in dem die Holzgerbstoffe zum Tragen kommen. Eine leichte Rauchnote ist im Hintergrund pr\u00e4sent und verleiht dem Whisky Komplexit\u00e4t.<\/p>\n\t\t\t\t<img loading=\"lazy\" decoding=\"async\" data-src=\"https:\/\/agitatordistillery.com\/wp-content\/uploads\/2023\/05\/kastanj.png\" alt=\"kastanj\" itemprop=\"image\" height=\"720\" width=\"480\" title=\"kastanj\" onerror=\"this.style.display='none'\" src=\"data:image\/gif;base64,R0lGODlhAQABAAAAACH5BAEKAAEALAAAAAABAAEAAAICTAEAOw==\" class=\"lazyload\" style=\"--smush-placeholder-width: 480px; --smush-placeholder-aspect-ratio: 480\/720;\" \/><noscript><img loading=\"lazy\" decoding=\"async\" src=\"https:\/\/agitatordistillery.com\/wp-content\/uploads\/2023\/05\/kastanj.png\" alt=\"kastanj\" itemprop=\"image\" height=\"720\" width=\"480\" title=\"kastanj\" onerror=\"this.style.display='none'\"  \/><\/noscript>\n<h2>\n\t\tAuszeichnungen\n\t<\/h2>\n\t<p>Wir erwarten nicht, dass du uns beim Wort nimmst, wie gut dieser Whisky ist, also gibt es hier einige Beweise von Experten.<\/p>\n\t\t\t\t<img loading=\"lazy\" decoding=\"async\" data-src=\"https:\/\/agitatordistillery.com\/wp-content\/uploads\/2024\/07\/main_std_2022_silver92-1.png\" alt=\"main_std_2022_silver92\" itemprop=\"image\" height=\"340\" width=\"340\" title=\"main_std_2022_silver92\" onerror=\"this.style.display='none'\" src=\"data:image\/gif;base64,R0lGODlhAQABAAAAACH5BAEKAAEALAAAAAABAAEAAAICTAEAOw==\" class=\"lazyload\" style=\"--smush-placeholder-width: 340px; --smush-placeholder-aspect-ratio: 340\/340;\" \/><noscript><img loading=\"lazy\" decoding=\"async\" src=\"https:\/\/agitatordistillery.com\/wp-content\/uploads\/2024\/07\/main_std_2022_silver92-1.png\" alt=\"main_std_2022_silver92\" itemprop=\"image\" height=\"340\" width=\"340\" title=\"main_std_2022_silver92\" onerror=\"this.style.display='none'\"  \/><\/noscript>\n\t\t\t\t<img loading=\"lazy\" decoding=\"async\" data-src=\"https:\/\/agitatordistillery.com\/wp-content\/uploads\/2024\/07\/main_std-iwsc2023-bronze-medal-lo-res-png-2.png\" alt=\"main_std-iwsc2023-bronze-medal-lo-res-png\" itemprop=\"image\" height=\"340\" width=\"340\" title=\"main_std-iwsc2023-bronze-medal-lo-res-png\" onerror=\"this.style.display='none'\" src=\"data:image\/gif;base64,R0lGODlhAQABAAAAACH5BAEKAAEALAAAAAABAAEAAAICTAEAOw==\" class=\"lazyload\" style=\"--smush-placeholder-width: 340px; --smush-placeholder-aspect-ratio: 340\/340;\" \/><noscript><img loading=\"lazy\" decoding=\"async\" src=\"https:\/\/agitatordistillery.com\/wp-content\/uploads\/2024\/07\/main_std-iwsc2023-bronze-medal-lo-res-png-2.png\" alt=\"main_std-iwsc2023-bronze-medal-lo-res-png\" itemprop=\"image\" height=\"340\" width=\"340\" title=\"main_std-iwsc2023-bronze-medal-lo-res-png\" onerror=\"this.style.display='none'\"  \/><\/noscript>","protected":false},"excerpt":{"rendered":"<p>OM I Skottland \u00e4r det inte till\u00e5tet att lagra whisky p\u00e5 annat \u00e4n ekfat, men utanf\u00f6r Skottland kan vi experimentera med andra tr\u00e4slag. Kastanjefat ger en djupare f\u00e4rg, mer tanniner och str\u00e4vhet. Whiskyn har f\u00f6rst legat p\u00e5 bourbonfat och sedan slutlagrats p\u00e5 kastanjefat. smaknoter DOFT Argument Kastanj har en doft av torkad frukt med inslag&hellip;<\/p>","protected":false},"author":6,"featured_media":0,"parent":0,"menu_order":0,"comment_status":"closed","ping_status":"closed","template":"","meta":{"_monsterinsights_skip_tracking":false,"_monsterinsights_sitenote_active":false,"_monsterinsights_sitenote_note":"","_monsterinsights_sitenote_category":0,"footnotes":""},"class_list":["post-2593","page","type-page","status-publish","hentry"],"yoast_head":"<!-- This site is optimized with the Yoast SEO plugin v27.4 - https:\/\/yoast.com\/product\/yoast-seo-wordpress\/ -->\n<title>Argument: Kastanj 2021 - Agitator<\/title>\n<meta name=\"description\" content=\"Argument Kastanj en unik svensk whisky som lagrats p\u00e5 kastanjefat. Med toner av torkad frukt, honung, russin och tr\u00e4.\" \/>\n<meta name=\"robots\" content=\"index, follow, max-snippet:-1, max-image-preview:large, max-video-preview:-1\" \/>\n<link rel=\"canonical\" href=\"https:\/\/agitatordistillery.com\/de\/argument-kastanj-2021\/\" \/>\n<meta property=\"og:locale\" content=\"de_DE\" \/>\n<meta property=\"og:type\" content=\"article\" \/>\n<meta property=\"og:title\" content=\"Argument: Kastanj 2021 - Agitator\" \/>\n<meta property=\"og:description\" content=\"Argument Kastanj en unik svensk whisky som lagrats p\u00e5 kastanjefat. Med toner av torkad frukt, honung, russin och tr\u00e4.\" \/>\n<meta property=\"og:url\" content=\"https:\/\/agitatordistillery.com\/de\/argument-kastanj-2021\/\" \/>\n<meta property=\"og:site_name\" content=\"Agitator\" \/>\n<meta property=\"article:publisher\" content=\"https:\/\/www.facebook.com\/Agitator.Whisky\" \/>\n<meta property=\"article:modified_time\" content=\"2024-07-04T10:13:35+00:00\" \/>\n<meta property=\"og:image\" content=\"https:\/\/agitatordistillery.com\/wp-content\/uploads\/2023\/05\/kastanj.png\" \/>\n<meta name=\"twitter:card\" content=\"summary_large_image\" \/>\n<meta name=\"twitter:label1\" content=\"Gesch\u00e4tzte Lesezeit\" \/>\n\t<meta name=\"twitter:data1\" content=\"1\u00a0Minute\" \/>\n<script type=\"application\/ld+json\" class=\"yoast-schema-graph\">{\"@context\":\"https:\\\/\\\/schema.org\",\"@graph\":[{\"@type\":\"WebPage\",\"@id\":\"https:\\\/\\\/agitatordistillery.com\\\/argument-kastanj-2021\\\/\",\"url\":\"https:\\\/\\\/agitatordistillery.com\\\/argument-kastanj-2021\\\/\",\"name\":\"Argument: Kastanj 2021 - Agitator\",\"isPartOf\":{\"@id\":\"https:\\\/\\\/agitatordistillery.com\\\/#website\"},\"primaryImageOfPage\":{\"@id\":\"https:\\\/\\\/agitatordistillery.com\\\/argument-kastanj-2021\\\/#primaryimage\"},\"image\":{\"@id\":\"https:\\\/\\\/agitatordistillery.com\\\/argument-kastanj-2021\\\/#primaryimage\"},\"thumbnailUrl\":\"https:\\\/\\\/agitatordistillery.com\\\/wp-content\\\/uploads\\\/2023\\\/05\\\/kastanj.png\",\"datePublished\":\"2024-03-19T14:48:03+00:00\",\"dateModified\":\"2024-07-04T10:13:35+00:00\",\"description\":\"Argument Kastanj en unik svensk whisky som lagrats p\u00e5 kastanjefat. Med toner av torkad frukt, honung, russin och tr\u00e4.\",\"breadcrumb\":{\"@id\":\"https:\\\/\\\/agitatordistillery.com\\\/argument-kastanj-2021\\\/#breadcrumb\"},\"inLanguage\":\"de\",\"potentialAction\":[{\"@type\":\"ReadAction\",\"target\":[\"https:\\\/\\\/agitatordistillery.com\\\/argument-kastanj-2021\\\/\"]}]},{\"@type\":\"ImageObject\",\"inLanguage\":\"de\",\"@id\":\"https:\\\/\\\/agitatordistillery.com\\\/argument-kastanj-2021\\\/#primaryimage\",\"url\":\"https:\\\/\\\/agitatordistillery.com\\\/wp-content\\\/uploads\\\/2023\\\/05\\\/kastanj.png\",\"contentUrl\":\"https:\\\/\\\/agitatordistillery.com\\\/wp-content\\\/uploads\\\/2023\\\/05\\\/kastanj.png\"},{\"@type\":\"BreadcrumbList\",\"@id\":\"https:\\\/\\\/agitatordistillery.com\\\/argument-kastanj-2021\\\/#breadcrumb\",\"itemListElement\":[{\"@type\":\"ListItem\",\"position\":1,\"name\":\"Hem\",\"item\":\"https:\\\/\\\/agitatordistillery.com\\\/sv_se\\\/\"},{\"@type\":\"ListItem\",\"position\":2,\"name\":\"Argument: Kastanj 2021\"}]},{\"@type\":\"WebSite\",\"@id\":\"https:\\\/\\\/agitatordistillery.com\\\/#website\",\"url\":\"https:\\\/\\\/agitatordistillery.com\\\/\",\"name\":\"Agitator\",\"description\":\"The Swedish Distillery\",\"publisher\":{\"@id\":\"https:\\\/\\\/agitatordistillery.com\\\/#organization\"},\"potentialAction\":[{\"@type\":\"SearchAction\",\"target\":{\"@type\":\"EntryPoint\",\"urlTemplate\":\"https:\\\/\\\/agitatordistillery.com\\\/?s={search_term_string}\"},\"query-input\":{\"@type\":\"PropertyValueSpecification\",\"valueRequired\":true,\"valueName\":\"search_term_string\"}}],\"inLanguage\":\"de\"},{\"@type\":\"Organization\",\"@id\":\"https:\\\/\\\/agitatordistillery.com\\\/#organization\",\"name\":\"Agitator\",\"url\":\"https:\\\/\\\/agitatordistillery.com\\\/\",\"logo\":{\"@type\":\"ImageObject\",\"inLanguage\":\"de\",\"@id\":\"https:\\\/\\\/agitatordistillery.com\\\/#\\\/schema\\\/logo\\\/image\\\/\",\"url\":\"https:\\\/\\\/agitatordistillery.com\\\/wp-content\\\/uploads\\\/2021\\\/10\\\/Agitator_Logotyp_2021_Small_Pos.png\",\"contentUrl\":\"https:\\\/\\\/agitatordistillery.com\\\/wp-content\\\/uploads\\\/2021\\\/10\\\/Agitator_Logotyp_2021_Small_Pos.png\",\"width\":360,\"height\":200,\"caption\":\"Agitator\"},\"image\":{\"@id\":\"https:\\\/\\\/agitatordistillery.com\\\/#\\\/schema\\\/logo\\\/image\\\/\"},\"sameAs\":[\"https:\\\/\\\/www.facebook.com\\\/Agitator.Whisky\",\"https:\\\/\\\/www.instagram.com\\\/agitator.whisky\\\/\",\"https:\\\/\\\/www.linkedin.com\\\/company\\\/agitator-whisky\\\/\",\"https:\\\/\\\/www.youtube.com\\\/channel\\\/UCuOnjXGpTaL1-NXFXL5ZHtg\"]}]}<\/script>\n<!-- \/ Yoast SEO plugin. -->","yoast_head_json":{"title":"Argument: Kastanj 2021 - Agitator","description":"Argument Kastanj en unik svensk whisky som lagrats p\u00e5 kastanjefat. Med toner av torkad frukt, honung, russin och tr\u00e4.","robots":{"index":"index","follow":"follow","max-snippet":"max-snippet:-1","max-image-preview":"max-image-preview:large","max-video-preview":"max-video-preview:-1"},"canonical":"https:\/\/agitatordistillery.com\/de\/argument-kastanj-2021\/","og_locale":"de_DE","og_type":"article","og_title":"Argument: Kastanj 2021 - Agitator","og_description":"Argument Kastanj en unik svensk whisky som lagrats p\u00e5 kastanjefat. Med toner av torkad frukt, honung, russin och tr\u00e4.","og_url":"https:\/\/agitatordistillery.com\/de\/argument-kastanj-2021\/","og_site_name":"Agitator","article_publisher":"https:\/\/www.facebook.com\/Agitator.Whisky","article_modified_time":"2024-07-04T10:13:35+00:00","og_image":[{"url":"https:\/\/agitatordistillery.com\/wp-content\/uploads\/2023\/05\/kastanj.png","type":"","width":"","height":""}],"twitter_card":"summary_large_image","twitter_misc":{"Gesch\u00e4tzte Lesezeit":"1\u00a0Minute"},"schema":{"@context":"https:\/\/schema.org","@graph":[{"@type":"WebPage","@id":"https:\/\/agitatordistillery.com\/argument-kastanj-2021\/","url":"https:\/\/agitatordistillery.com\/argument-kastanj-2021\/","name":"Argument: Kastanj 2021 - Agitator","isPartOf":{"@id":"https:\/\/agitatordistillery.com\/#website"},"primaryImageOfPage":{"@id":"https:\/\/agitatordistillery.com\/argument-kastanj-2021\/#primaryimage"},"image":{"@id":"https:\/\/agitatordistillery.com\/argument-kastanj-2021\/#primaryimage"},"thumbnailUrl":"https:\/\/agitatordistillery.com\/wp-content\/uploads\/2023\/05\/kastanj.png","datePublished":"2024-03-19T14:48:03+00:00","dateModified":"2024-07-04T10:13:35+00:00","description":"Argument Kastanj en unik svensk whisky som lagrats p\u00e5 kastanjefat. Med toner av torkad frukt, honung, russin och tr\u00e4.","breadcrumb":{"@id":"https:\/\/agitatordistillery.com\/argument-kastanj-2021\/#breadcrumb"},"inLanguage":"de","potentialAction":[{"@type":"ReadAction","target":["https:\/\/agitatordistillery.com\/argument-kastanj-2021\/"]}]},{"@type":"ImageObject","inLanguage":"de","@id":"https:\/\/agitatordistillery.com\/argument-kastanj-2021\/#primaryimage","url":"https:\/\/agitatordistillery.com\/wp-content\/uploads\/2023\/05\/kastanj.png","contentUrl":"https:\/\/agitatordistillery.com\/wp-content\/uploads\/2023\/05\/kastanj.png"},{"@type":"BreadcrumbList","@id":"https:\/\/agitatordistillery.com\/argument-kastanj-2021\/#breadcrumb","itemListElement":[{"@type":"ListItem","position":1,"name":"Hem","item":"https:\/\/agitatordistillery.com\/sv_se\/"},{"@type":"ListItem","position":2,"name":"Argument: Kastanj 2021"}]},{"@type":"WebSite","@id":"https:\/\/agitatordistillery.com\/#website","url":"https:\/\/agitatordistillery.com\/","name":"Agitator","description":"The Swedish Distillery","publisher":{"@id":"https:\/\/agitatordistillery.com\/#organization"},"potentialAction":[{"@type":"SearchAction","target":{"@type":"EntryPoint","urlTemplate":"https:\/\/agitatordistillery.com\/?s={search_term_string}"},"query-input":{"@type":"PropertyValueSpecification","valueRequired":true,"valueName":"search_term_string"}}],"inLanguage":"de"},{"@type":"Organization","@id":"https:\/\/agitatordistillery.com\/#organization","name":"Agitator","url":"https:\/\/agitatordistillery.com\/","logo":{"@type":"ImageObject","inLanguage":"de","@id":"https:\/\/agitatordistillery.com\/#\/schema\/logo\/image\/","url":"https:\/\/agitatordistillery.com\/wp-content\/uploads\/2021\/10\/Agitator_Logotyp_2021_Small_Pos.png","contentUrl":"https:\/\/agitatordistillery.com\/wp-content\/uploads\/2021\/10\/Agitator_Logotyp_2021_Small_Pos.png","width":360,"height":200,"caption":"Agitator"},"image":{"@id":"https:\/\/agitatordistillery.com\/#\/schema\/logo\/image\/"},"sameAs":["https:\/\/www.facebook.com\/Agitator.Whisky","https:\/\/www.instagram.com\/agitator.whisky\/","https:\/\/www.linkedin.com\/company\/agitator-whisky\/","https:\/\/www.youtube.com\/channel\/UCuOnjXGpTaL1-NXFXL5ZHtg"]}]}},"_links":{"self":[{"href":"https:\/\/agitatordistillery.com\/de\/wp-json\/wp\/v2\/pages\/2593","targetHints":{"allow":["GET"]}}],"collection":[{"href":"https:\/\/agitatordistillery.com\/de\/wp-json\/wp\/v2\/pages"}],"about":[{"href":"https:\/\/agitatordistillery.com\/de\/wp-json\/wp\/v2\/types\/page"}],"author":[{"embeddable":true,"href":"https:\/\/agitatordistillery.com\/de\/wp-json\/wp\/v2\/users\/6"}],"replies":[{"embeddable":true,"href":"https:\/\/agitatordistillery.com\/de\/wp-json\/wp\/v2\/comments?post=2593"}],"version-history":[{"count":5,"href":"https:\/\/agitatordistillery.com\/de\/wp-json\/wp\/v2\/pages\/2593\/revisions"}],"predecessor-version":[{"id":2902,"href":"https:\/\/agitatordistillery.com\/de\/wp-json\/wp\/v2\/pages\/2593\/revisions\/2902"}],"wp:attachment":[{"href":"https:\/\/agitatordistillery.com\/de\/wp-json\/wp\/v2\/media?parent=2593"}],"curies":[{"name":"wp","href":"https:\/\/api.w.org\/{rel}","templated":true}]}}