{"id":2534,"date":"2024-04-24T11:08:17","date_gmt":"2024-04-24T09:08:17","guid":{"rendered":"https:\/\/agitatordistillery.com\/?page_id=2534"},"modified":"2025-05-14T14:08:56","modified_gmt":"2025-05-14T12:08:56","slug":"rye-rye","status":"publish","type":"page","link":"https:\/\/agitatordistillery.com\/de\/rye-rye\/","title":{"rendered":"RYE RYE"},"content":{"rendered":"\n\n\t\t\t<a href=\"https:\/\/www.systembolaget.se\/produkt\/sprit\/agitator-8513801\/\" target=\"_blank\" rel=\"noopener\">\n\t\t\t\t\t\t\tBEST\u00c4LL H\u00c4R\n\t\t\t<\/a>\n<h2>\n\t\t\tOM\t<\/h2>\n\t<p>Genom att kombinera europeisk blended whisky och amerikansk rye whisky g\u00f6r Rye Rye det m\u00f6jligt f\u00f6r b\u00e5de entusiaster och bartenders att utforska nya smaker och enkelt skapa fantastiska mixed drinks. Gjord i samarbete med den svenska bartendern Emil \u00c5reng.<\/p>\n<h2>\n\t\t\tsmaknoter\t<\/h2>\n\t<h3>DOFT<\/h3>\n<p>Inbjudande s\u00f6t doft med tydlig karakt\u00e4r av r\u00e5g och ny ek.<\/p>\n<h3>SMAK<\/h3>\n<p>Smaker av rostade n\u00f6tter, choklad, l\u00e4tt rostat kaffe, brioche och karamell.<\/p>\n\t\t\t\t<img decoding=\"async\" data-src=\"https:\/\/agitatordistillery.com\/wp-content\/uploads\/2024\/05\/Agitator_Mixpack1895_Webb6-copy.png\" alt=\"Agitator_Mixpack1895_Webb[6] copy\" itemprop=\"image\" height=\"1440\" width=\"1028\" title=\"Agitator_Mixpack1895_Webb[6] copy\" onerror=\"this.style.display='none'\" loading='lazy' src=\"data:image\/gif;base64,R0lGODlhAQABAAAAACH5BAEKAAEALAAAAAABAAEAAAICTAEAOw==\" class=\"lazyload\" style=\"--smush-placeholder-width: 1028px; --smush-placeholder-aspect-ratio: 1028\/1440;\" \/><noscript><img decoding=\"async\" src=\"https:\/\/agitatordistillery.com\/wp-content\/uploads\/2024\/05\/Agitator_Mixpack1895_Webb6-copy.png\" alt=\"Agitator_Mixpack1895_Webb[6] copy\" itemprop=\"image\" height=\"1440\" width=\"1028\" title=\"Agitator_Mixpack1895_Webb[6] copy\" onerror=\"this.style.display='none'\" loading='lazy' \/><\/noscript>\n<h2>\n\t\t\tQUEEN B\t<\/h2>\n\t<p><strong>50 ml<\/strong> Agitator Rye Rye<\/p>\n<p><strong>10 ml<\/strong> punsch<\/p>\n<p><strong>35 ml<\/strong> \u00e4ppelsyra (30 ml citronjuice)<\/p>\n<p><strong>20 ml<\/strong> hallon\/bl\u00e5b\u00e4rssockerlag*<\/p>\n<p>Soda\/bubbel beroende p\u00e5 hum\u00f6r<\/p>\n<p>Skaka alla ingredienser f\u00f6rutom bubbel med is, sila upp och toppa med bubbel i ett passande glas.<\/p>\n<p>&nbsp;<\/p>\n<p>*V\u00e4rm upp 300 gram str\u00f6socker och 300 gram vatten s\u00e5 du f\u00e5r till ett sockerlag. L\u00e4gg ner 50 gram frysta svenska hallon och 50 gram frysta svenska bl\u00e5b\u00e4r. L\u00e5t det tina I sockerlaget cirka tv\u00e5 timmar. Sila sedan bort b\u00e4ren och g\u00f6r sylt av dem.<\/p>\n<h2>\n\t\t\temil \u00e5reng\t<\/h2>\n\t<h3>Emil \u00c5reng har i spritens namn rest v\u00e4rlden runt, publicerat b\u00f6cker och artiklar, vunnit de st\u00f6rsta cocktailt\u00e4vlingarna och bossat \u00f6ver Cadierbaren p\u00e5 Grand H\u00f4tel i Stockholm. Men nu h\u00e5ller han till i Ume\u00e5 d\u00e4r han driver Facit Bar, en cocktailbar med prim\u00e4rt svenska spritsorter.<\/h3>\n\n","protected":false},"excerpt":{"rendered":"<p>BEST\u00c4LL H\u00c4R OM Genom att kombinera europeisk blended whisky och amerikansk rye whisky g\u00f6r Rye Rye det m\u00f6jligt f\u00f6r b\u00e5de entusiaster och bartenders att utforska nya smaker och enkelt skapa fantastiska mixed drinks. Gjord i samarbete med den svenska bartendern Emil \u00c5reng. smaknoter DOFT Inbjudande s\u00f6t doft med tydlig karakt\u00e4r av r\u00e5g och ny ek.&hellip;<\/p>","protected":false},"author":6,"featured_media":0,"parent":0,"menu_order":0,"comment_status":"closed","ping_status":"closed","template":"","meta":{"_monsterinsights_skip_tracking":false,"_monsterinsights_sitenote_active":false,"_monsterinsights_sitenote_note":"","_monsterinsights_sitenote_category":0,"footnotes":""},"class_list":["post-2534","page","type-page","status-publish","hentry"],"yoast_head":"<!-- This site is optimized with the Yoast SEO plugin v27.4 - https:\/\/yoast.com\/product\/yoast-seo-wordpress\/ -->\n<title>RYE RYE - Agitator<\/title>\n<meta name=\"description\" content=\"Carefully crafted in collaboration with prominent bartender Emil \u00c5reng. A Swedish blended rye whisky for a balanced and complex profile.\" \/>\n<meta name=\"robots\" content=\"index, follow, max-snippet:-1, max-image-preview:large, max-video-preview:-1\" \/>\n<link rel=\"canonical\" href=\"https:\/\/agitatordistillery.com\/de\/rye-rye\/\" \/>\n<meta property=\"og:locale\" content=\"de_DE\" \/>\n<meta property=\"og:type\" content=\"article\" \/>\n<meta property=\"og:title\" content=\"RYE RYE - Agitator\" \/>\n<meta property=\"og:description\" content=\"Carefully crafted in collaboration with prominent bartender Emil \u00c5reng. A Swedish blended rye whisky for a balanced and complex profile.\" \/>\n<meta property=\"og:url\" content=\"https:\/\/agitatordistillery.com\/de\/rye-rye\/\" \/>\n<meta property=\"og:site_name\" content=\"Agitator\" \/>\n<meta property=\"article:publisher\" content=\"https:\/\/www.facebook.com\/Agitator.Whisky\" \/>\n<meta property=\"article:modified_time\" content=\"2025-05-14T12:08:56+00:00\" \/>\n<meta property=\"og:image\" content=\"https:\/\/agitatordistillery.com\/wp-content\/uploads\/2024\/05\/Agitator_Mixpack1895_Webb6-copy.png\" \/>\n<meta name=\"twitter:card\" content=\"summary_large_image\" \/>\n<meta name=\"twitter:label1\" content=\"Gesch\u00e4tzte Lesezeit\" \/>\n\t<meta name=\"twitter:data1\" content=\"2\u00a0Minuten\" \/>\n<script type=\"application\/ld+json\" class=\"yoast-schema-graph\">{\"@context\":\"https:\\\/\\\/schema.org\",\"@graph\":[{\"@type\":\"WebPage\",\"@id\":\"https:\\\/\\\/agitatordistillery.com\\\/rye-rye\\\/\",\"url\":\"https:\\\/\\\/agitatordistillery.com\\\/rye-rye\\\/\",\"name\":\"RYE RYE - Agitator\",\"isPartOf\":{\"@id\":\"https:\\\/\\\/agitatordistillery.com\\\/#website\"},\"primaryImageOfPage\":{\"@id\":\"https:\\\/\\\/agitatordistillery.com\\\/rye-rye\\\/#primaryimage\"},\"image\":{\"@id\":\"https:\\\/\\\/agitatordistillery.com\\\/rye-rye\\\/#primaryimage\"},\"thumbnailUrl\":\"https:\\\/\\\/agitatordistillery.com\\\/wp-content\\\/uploads\\\/2024\\\/05\\\/Agitator_Mixpack1895_Webb6-copy.png\",\"datePublished\":\"2024-04-24T09:08:17+00:00\",\"dateModified\":\"2025-05-14T12:08:56+00:00\",\"description\":\"Carefully crafted in collaboration with prominent bartender Emil \u00c5reng. A Swedish blended rye whisky for a balanced and complex profile.\",\"breadcrumb\":{\"@id\":\"https:\\\/\\\/agitatordistillery.com\\\/rye-rye\\\/#breadcrumb\"},\"inLanguage\":\"de\",\"potentialAction\":[{\"@type\":\"ReadAction\",\"target\":[\"https:\\\/\\\/agitatordistillery.com\\\/rye-rye\\\/\"]}]},{\"@type\":\"ImageObject\",\"inLanguage\":\"de\",\"@id\":\"https:\\\/\\\/agitatordistillery.com\\\/rye-rye\\\/#primaryimage\",\"url\":\"https:\\\/\\\/agitatordistillery.com\\\/wp-content\\\/uploads\\\/2024\\\/05\\\/Agitator_Mixpack1895_Webb6-copy.png\",\"contentUrl\":\"https:\\\/\\\/agitatordistillery.com\\\/wp-content\\\/uploads\\\/2024\\\/05\\\/Agitator_Mixpack1895_Webb6-copy.png\"},{\"@type\":\"BreadcrumbList\",\"@id\":\"https:\\\/\\\/agitatordistillery.com\\\/rye-rye\\\/#breadcrumb\",\"itemListElement\":[{\"@type\":\"ListItem\",\"position\":1,\"name\":\"Hem\",\"item\":\"https:\\\/\\\/agitatordistillery.com\\\/sv_se\\\/\"},{\"@type\":\"ListItem\",\"position\":2,\"name\":\"RYE RYE\"}]},{\"@type\":\"WebSite\",\"@id\":\"https:\\\/\\\/agitatordistillery.com\\\/#website\",\"url\":\"https:\\\/\\\/agitatordistillery.com\\\/\",\"name\":\"Agitator\",\"description\":\"The Swedish Distillery\",\"publisher\":{\"@id\":\"https:\\\/\\\/agitatordistillery.com\\\/#organization\"},\"potentialAction\":[{\"@type\":\"SearchAction\",\"target\":{\"@type\":\"EntryPoint\",\"urlTemplate\":\"https:\\\/\\\/agitatordistillery.com\\\/?s={search_term_string}\"},\"query-input\":{\"@type\":\"PropertyValueSpecification\",\"valueRequired\":true,\"valueName\":\"search_term_string\"}}],\"inLanguage\":\"de\"},{\"@type\":\"Organization\",\"@id\":\"https:\\\/\\\/agitatordistillery.com\\\/#organization\",\"name\":\"Agitator\",\"url\":\"https:\\\/\\\/agitatordistillery.com\\\/\",\"logo\":{\"@type\":\"ImageObject\",\"inLanguage\":\"de\",\"@id\":\"https:\\\/\\\/agitatordistillery.com\\\/#\\\/schema\\\/logo\\\/image\\\/\",\"url\":\"https:\\\/\\\/agitatordistillery.com\\\/wp-content\\\/uploads\\\/2021\\\/10\\\/Agitator_Logotyp_2021_Small_Pos.png\",\"contentUrl\":\"https:\\\/\\\/agitatordistillery.com\\\/wp-content\\\/uploads\\\/2021\\\/10\\\/Agitator_Logotyp_2021_Small_Pos.png\",\"width\":360,\"height\":200,\"caption\":\"Agitator\"},\"image\":{\"@id\":\"https:\\\/\\\/agitatordistillery.com\\\/#\\\/schema\\\/logo\\\/image\\\/\"},\"sameAs\":[\"https:\\\/\\\/www.facebook.com\\\/Agitator.Whisky\",\"https:\\\/\\\/www.instagram.com\\\/agitator.whisky\\\/\",\"https:\\\/\\\/www.linkedin.com\\\/company\\\/agitator-whisky\\\/\",\"https:\\\/\\\/www.youtube.com\\\/channel\\\/UCuOnjXGpTaL1-NXFXL5ZHtg\"]}]}<\/script>\n<!-- \/ Yoast SEO plugin. -->","yoast_head_json":{"title":"RYE RYE - Agitator","description":"Carefully crafted in collaboration with prominent bartender Emil \u00c5reng. A Swedish blended rye whisky for a balanced and complex profile.","robots":{"index":"index","follow":"follow","max-snippet":"max-snippet:-1","max-image-preview":"max-image-preview:large","max-video-preview":"max-video-preview:-1"},"canonical":"https:\/\/agitatordistillery.com\/de\/rye-rye\/","og_locale":"de_DE","og_type":"article","og_title":"RYE RYE - Agitator","og_description":"Carefully crafted in collaboration with prominent bartender Emil \u00c5reng. A Swedish blended rye whisky for a balanced and complex profile.","og_url":"https:\/\/agitatordistillery.com\/de\/rye-rye\/","og_site_name":"Agitator","article_publisher":"https:\/\/www.facebook.com\/Agitator.Whisky","article_modified_time":"2025-05-14T12:08:56+00:00","og_image":[{"url":"https:\/\/agitatordistillery.com\/wp-content\/uploads\/2024\/05\/Agitator_Mixpack1895_Webb6-copy.png","type":"","width":"","height":""}],"twitter_card":"summary_large_image","twitter_misc":{"Gesch\u00e4tzte Lesezeit":"2\u00a0Minuten"},"schema":{"@context":"https:\/\/schema.org","@graph":[{"@type":"WebPage","@id":"https:\/\/agitatordistillery.com\/rye-rye\/","url":"https:\/\/agitatordistillery.com\/rye-rye\/","name":"RYE RYE - Agitator","isPartOf":{"@id":"https:\/\/agitatordistillery.com\/#website"},"primaryImageOfPage":{"@id":"https:\/\/agitatordistillery.com\/rye-rye\/#primaryimage"},"image":{"@id":"https:\/\/agitatordistillery.com\/rye-rye\/#primaryimage"},"thumbnailUrl":"https:\/\/agitatordistillery.com\/wp-content\/uploads\/2024\/05\/Agitator_Mixpack1895_Webb6-copy.png","datePublished":"2024-04-24T09:08:17+00:00","dateModified":"2025-05-14T12:08:56+00:00","description":"Carefully crafted in collaboration with prominent bartender Emil \u00c5reng. A Swedish blended rye whisky for a balanced and complex profile.","breadcrumb":{"@id":"https:\/\/agitatordistillery.com\/rye-rye\/#breadcrumb"},"inLanguage":"de","potentialAction":[{"@type":"ReadAction","target":["https:\/\/agitatordistillery.com\/rye-rye\/"]}]},{"@type":"ImageObject","inLanguage":"de","@id":"https:\/\/agitatordistillery.com\/rye-rye\/#primaryimage","url":"https:\/\/agitatordistillery.com\/wp-content\/uploads\/2024\/05\/Agitator_Mixpack1895_Webb6-copy.png","contentUrl":"https:\/\/agitatordistillery.com\/wp-content\/uploads\/2024\/05\/Agitator_Mixpack1895_Webb6-copy.png"},{"@type":"BreadcrumbList","@id":"https:\/\/agitatordistillery.com\/rye-rye\/#breadcrumb","itemListElement":[{"@type":"ListItem","position":1,"name":"Hem","item":"https:\/\/agitatordistillery.com\/sv_se\/"},{"@type":"ListItem","position":2,"name":"RYE RYE"}]},{"@type":"WebSite","@id":"https:\/\/agitatordistillery.com\/#website","url":"https:\/\/agitatordistillery.com\/","name":"Agitator","description":"The Swedish Distillery","publisher":{"@id":"https:\/\/agitatordistillery.com\/#organization"},"potentialAction":[{"@type":"SearchAction","target":{"@type":"EntryPoint","urlTemplate":"https:\/\/agitatordistillery.com\/?s={search_term_string}"},"query-input":{"@type":"PropertyValueSpecification","valueRequired":true,"valueName":"search_term_string"}}],"inLanguage":"de"},{"@type":"Organization","@id":"https:\/\/agitatordistillery.com\/#organization","name":"Agitator","url":"https:\/\/agitatordistillery.com\/","logo":{"@type":"ImageObject","inLanguage":"de","@id":"https:\/\/agitatordistillery.com\/#\/schema\/logo\/image\/","url":"https:\/\/agitatordistillery.com\/wp-content\/uploads\/2021\/10\/Agitator_Logotyp_2021_Small_Pos.png","contentUrl":"https:\/\/agitatordistillery.com\/wp-content\/uploads\/2021\/10\/Agitator_Logotyp_2021_Small_Pos.png","width":360,"height":200,"caption":"Agitator"},"image":{"@id":"https:\/\/agitatordistillery.com\/#\/schema\/logo\/image\/"},"sameAs":["https:\/\/www.facebook.com\/Agitator.Whisky","https:\/\/www.instagram.com\/agitator.whisky\/","https:\/\/www.linkedin.com\/company\/agitator-whisky\/","https:\/\/www.youtube.com\/channel\/UCuOnjXGpTaL1-NXFXL5ZHtg"]}]}},"_links":{"self":[{"href":"https:\/\/agitatordistillery.com\/de\/wp-json\/wp\/v2\/pages\/2534","targetHints":{"allow":["GET"]}}],"collection":[{"href":"https:\/\/agitatordistillery.com\/de\/wp-json\/wp\/v2\/pages"}],"about":[{"href":"https:\/\/agitatordistillery.com\/de\/wp-json\/wp\/v2\/types\/page"}],"author":[{"embeddable":true,"href":"https:\/\/agitatordistillery.com\/de\/wp-json\/wp\/v2\/users\/6"}],"replies":[{"embeddable":true,"href":"https:\/\/agitatordistillery.com\/de\/wp-json\/wp\/v2\/comments?post=2534"}],"version-history":[{"count":22,"href":"https:\/\/agitatordistillery.com\/de\/wp-json\/wp\/v2\/pages\/2534\/revisions"}],"predecessor-version":[{"id":3845,"href":"https:\/\/agitatordistillery.com\/de\/wp-json\/wp\/v2\/pages\/2534\/revisions\/3845"}],"wp:attachment":[{"href":"https:\/\/agitatordistillery.com\/de\/wp-json\/wp\/v2\/media?parent=2534"}],"curies":[{"name":"wp","href":"https:\/\/api.w.org\/{rel}","templated":true}]}}