{"id":2296,"date":"2023-10-06T09:04:30","date_gmt":"2023-10-06T07:04:30","guid":{"rendered":"https:\/\/agitatordistillery.com\/?page_id=2296"},"modified":"2025-10-04T23:44:32","modified_gmt":"2025-10-04T21:44:32","slug":"agitator-mixpack","status":"publish","type":"page","link":"https:\/\/agitatordistillery.com\/de\/agitator-mixpack\/","title":{"rendered":"AGITATOR MIXPACK"},"content":{"rendered":"\n\n\t\t\t<a href=\"\" target=\"_self\">\n\t\t\t\t\t\t\tBEST\u00c4LL H\u00c4R\n\t\t\t<\/a>\n<h2>\n\t\t\tOM\t<\/h2>\n\t<p>I The Vacuum Distilled World Of Agitator Whiskies hittar du fyra unika smakupplevelser. Var och en av dessa whiskies \u00e4r som ett unikt kapitel i Agitators bok, fr\u00e5n den eleganta Single Malt till den rebelliska r\u00e5gwhiskyn. Oavsett om du \u00e4r en erfaren agitator eller ny i Agitator-v\u00e4rlden kan du med det h\u00e4r mixpaketet i din samling utforska en m\u00e4ngd olika smaker p\u00e5 ett och samma st\u00e4lle.<\/p>\n\t\t\t\t<img decoding=\"async\" data-src=\"https:\/\/agitatordistillery.com\/wp-content\/uploads\/2023\/09\/Agitator_Mixpack1895_Webb6.png\" alt=\"Agitator_Mixpack1895_Webb[6]\" itemprop=\"image\" height=\"1440\" width=\"1028\" title=\"Agitator_Mixpack1895_Webb[6]\" onerror=\"this.style.display='none'\" loading=\"lazy\" src=\"data:image\/gif;base64,R0lGODlhAQABAAAAACH5BAEKAAEALAAAAAABAAEAAAICTAEAOw==\" class=\"lazyload\" style=\"--smush-placeholder-width: 1028px; --smush-placeholder-aspect-ratio: 1028\/1440;\" \/><noscript><img decoding=\"async\" src=\"https:\/\/agitatordistillery.com\/wp-content\/uploads\/2023\/09\/Agitator_Mixpack1895_Webb6.png\" alt=\"Agitator_Mixpack1895_Webb[6]\" itemprop=\"image\" height=\"1440\" width=\"1028\" title=\"Agitator_Mixpack1895_Webb[6]\" onerror=\"this.style.display='none'\" loading=\"lazy\" \/><\/noscript>\n\t\t\t\t<img decoding=\"async\" data-src=\"https:\/\/agitatordistillery.com\/wp-content\/uploads\/2024\/07\/Mixpack_DSCF5226-lighter-copy.jpg\" alt=\"Mixpack_DSCF5226 lighter copy\" itemprop=\"image\" height=\"1357\" width=\"2560\" title=\"Mixpack_DSCF5226 lighter copy\" onerror=\"this.style.display='none'\" loading=\"lazy\" src=\"data:image\/gif;base64,R0lGODlhAQABAAAAACH5BAEKAAEALAAAAAABAAEAAAICTAEAOw==\" class=\"lazyload\" style=\"--smush-placeholder-width: 2560px; --smush-placeholder-aspect-ratio: 2560\/1357;\" \/><noscript><img decoding=\"async\" src=\"https:\/\/agitatordistillery.com\/wp-content\/uploads\/2024\/07\/Mixpack_DSCF5226-lighter-copy.jpg\" alt=\"Mixpack_DSCF5226 lighter copy\" itemprop=\"image\" height=\"1357\" width=\"2560\" title=\"Mixpack_DSCF5226 lighter copy\" onerror=\"this.style.display='none'\" loading=\"lazy\" \/><\/noscript>\n\t\t\t\t<img decoding=\"async\" data-src=\"https:\/\/agitatordistillery.com\/wp-content\/uploads\/2024\/07\/Mixpack_DSCF5226-lighter-crop.jpg\" alt=\"Mixpack_DSCF5226 lighter crop\" itemprop=\"image\" height=\"1357\" width=\"2560\" title=\"Mixpack_DSCF5226 lighter crop\" onerror=\"this.style.display='none'\" loading=\"lazy\" src=\"data:image\/gif;base64,R0lGODlhAQABAAAAACH5BAEKAAEALAAAAAABAAEAAAICTAEAOw==\" class=\"lazyload\" style=\"--smush-placeholder-width: 2560px; --smush-placeholder-aspect-ratio: 2560\/1357;\" \/><noscript><img decoding=\"async\" src=\"https:\/\/agitatordistillery.com\/wp-content\/uploads\/2024\/07\/Mixpack_DSCF5226-lighter-crop.jpg\" alt=\"Mixpack_DSCF5226 lighter crop\" itemprop=\"image\" height=\"1357\" width=\"2560\" title=\"Mixpack_DSCF5226 lighter crop\" onerror=\"this.style.display='none'\" loading=\"lazy\" \/><\/noscript>\n<h2>\n\t\t\tsmaknoter\t<\/h2>\n\t<h4>SINGLE MALT WHISKY<\/h4>\n<p>Agitator Single Malt Whisky \u00e4r en blandning av bourbon-, sherry-, nya amerikanska ek- och kastanjefat.<\/p>\n<p>&nbsp;<\/p>\n<h4>ARGUMENT: KASTANJ<\/h4>\n<p>Argument: Kastanj har lagrats p\u00e5 kastanjefat och \u00e4r full av dofter och smaker.<\/p>\n<p>&nbsp;<\/p>\n<h4>SINGLE MALT WHISKY R\u00d6K<\/h4>\n<p>Agitator Single Malt Whisky R\u00f6k har lagrats p\u00e5 Islay- och kastanjefat och bjuder p\u00e5 toner av torkad frukt, s\u00e4lta, citrus och kryddig s\u00f6tma.<\/p>\n<p>&nbsp;<\/p>\n<h4>BLIND SEAL STRAIGHT RYE WHISKEY<\/h4>\n<p>En svensk Rye Whiskey lagrad p\u00e5 amerikanska ekfat. Den har intensiva toner av tropisk frukt som banan, ananas och apelsin, med gener\u00f6sa inslag av karamell och vanilj, och en torr, pepprig och kryddig avslutning.<\/p>\n\n","protected":false},"excerpt":{"rendered":"<p>BEST\u00c4LL H\u00c4R OM I The Vacuum Distilled World Of Agitator Whiskies hittar du fyra unika smakupplevelser. Var och en av dessa whiskies \u00e4r som ett unikt kapitel i Agitators bok, fr\u00e5n den eleganta Single Malt till den rebelliska r\u00e5gwhiskyn. Oavsett om du \u00e4r en erfaren agitator eller ny i Agitator-v\u00e4rlden kan du med det h\u00e4r&hellip;<\/p>","protected":false},"author":6,"featured_media":2298,"parent":0,"menu_order":0,"comment_status":"closed","ping_status":"closed","template":"","meta":{"_monsterinsights_skip_tracking":false,"_monsterinsights_sitenote_active":false,"_monsterinsights_sitenote_note":"","_monsterinsights_sitenote_category":0,"footnotes":""},"class_list":["post-2296","page","type-page","status-publish","has-post-thumbnail","hentry"],"yoast_head":"<!-- This site is optimized with the Yoast SEO plugin v27.4 - https:\/\/yoast.com\/product\/yoast-seo-wordpress\/ -->\n<title>AGITATOR MIXPACK - Agitator<\/title>\n<meta name=\"description\" content=\"Utforska Agitator Whisky Mixpack! Fyra whiskies varje \u00e4r som ett unikt kapitel i Agitators bok. Finns p\u00e5 Systembolaget.\" \/>\n<meta name=\"robots\" content=\"index, follow, max-snippet:-1, max-image-preview:large, max-video-preview:-1\" \/>\n<link rel=\"canonical\" href=\"https:\/\/agitatordistillery.com\/de\/agitator-mixpack\/\" \/>\n<meta property=\"og:locale\" content=\"de_DE\" \/>\n<meta property=\"og:type\" content=\"article\" \/>\n<meta property=\"og:title\" content=\"AGITATOR MIXPACK - Agitator\" \/>\n<meta property=\"og:description\" content=\"Utforska Agitator Whisky Mixpack! Fyra whiskies varje \u00e4r som ett unikt kapitel i Agitators bok. Finns p\u00e5 Systembolaget.\" \/>\n<meta property=\"og:url\" content=\"https:\/\/agitatordistillery.com\/de\/agitator-mixpack\/\" \/>\n<meta property=\"og:site_name\" content=\"Agitator\" \/>\n<meta property=\"article:publisher\" content=\"https:\/\/www.facebook.com\/Agitator.Whisky\" \/>\n<meta property=\"article:modified_time\" content=\"2025-10-04T21:44:32+00:00\" \/>\n<meta property=\"og:image\" content=\"https:\/\/agitatordistillery.com\/wp-content\/uploads\/2023\/09\/Agitator_Mixpack1913_Ret_2880px23.jpg\" \/>\n\t<meta property=\"og:image:width\" content=\"2440\" \/>\n\t<meta property=\"og:image:height\" content=\"1372\" \/>\n\t<meta property=\"og:image:type\" content=\"image\/jpeg\" \/>\n<meta name=\"twitter:card\" content=\"summary_large_image\" \/>\n<meta name=\"twitter:label1\" content=\"Gesch\u00e4tzte Lesezeit\" \/>\n\t<meta name=\"twitter:data1\" content=\"2\u00a0Minuten\" \/>\n<script type=\"application\/ld+json\" class=\"yoast-schema-graph\">{\"@context\":\"https:\\\/\\\/schema.org\",\"@graph\":[{\"@type\":\"WebPage\",\"@id\":\"https:\\\/\\\/agitatordistillery.com\\\/sv_se\\\/agitator-mixpack\\\/\",\"url\":\"https:\\\/\\\/agitatordistillery.com\\\/sv_se\\\/agitator-mixpack\\\/\",\"name\":\"AGITATOR MIXPACK - Agitator\",\"isPartOf\":{\"@id\":\"https:\\\/\\\/agitatordistillery.com\\\/#website\"},\"primaryImageOfPage\":{\"@id\":\"https:\\\/\\\/agitatordistillery.com\\\/sv_se\\\/agitator-mixpack\\\/#primaryimage\"},\"image\":{\"@id\":\"https:\\\/\\\/agitatordistillery.com\\\/sv_se\\\/agitator-mixpack\\\/#primaryimage\"},\"thumbnailUrl\":\"https:\\\/\\\/agitatordistillery.com\\\/wp-content\\\/uploads\\\/2023\\\/09\\\/Agitator_Mixpack1913_Ret_2880px23.jpg\",\"datePublished\":\"2023-10-06T07:04:30+00:00\",\"dateModified\":\"2025-10-04T21:44:32+00:00\",\"description\":\"Utforska Agitator Whisky Mixpack! Fyra whiskies varje \u00e4r som ett unikt kapitel i Agitators bok. Finns p\u00e5 Systembolaget.\",\"breadcrumb\":{\"@id\":\"https:\\\/\\\/agitatordistillery.com\\\/sv_se\\\/agitator-mixpack\\\/#breadcrumb\"},\"inLanguage\":\"de\",\"potentialAction\":[{\"@type\":\"ReadAction\",\"target\":[\"https:\\\/\\\/agitatordistillery.com\\\/sv_se\\\/agitator-mixpack\\\/\"]}]},{\"@type\":\"ImageObject\",\"inLanguage\":\"de\",\"@id\":\"https:\\\/\\\/agitatordistillery.com\\\/sv_se\\\/agitator-mixpack\\\/#primaryimage\",\"url\":\"https:\\\/\\\/agitatordistillery.com\\\/wp-content\\\/uploads\\\/2023\\\/09\\\/Agitator_Mixpack1913_Ret_2880px23.jpg\",\"contentUrl\":\"https:\\\/\\\/agitatordistillery.com\\\/wp-content\\\/uploads\\\/2023\\\/09\\\/Agitator_Mixpack1913_Ret_2880px23.jpg\",\"width\":2440,\"height\":1372},{\"@type\":\"BreadcrumbList\",\"@id\":\"https:\\\/\\\/agitatordistillery.com\\\/sv_se\\\/agitator-mixpack\\\/#breadcrumb\",\"itemListElement\":[{\"@type\":\"ListItem\",\"position\":1,\"name\":\"Hem\",\"item\":\"https:\\\/\\\/agitatordistillery.com\\\/sv_se\\\/\"},{\"@type\":\"ListItem\",\"position\":2,\"name\":\"AGITATOR MIXPACK\"}]},{\"@type\":\"WebSite\",\"@id\":\"https:\\\/\\\/agitatordistillery.com\\\/#website\",\"url\":\"https:\\\/\\\/agitatordistillery.com\\\/\",\"name\":\"Agitator\",\"description\":\"The Swedish Distillery\",\"publisher\":{\"@id\":\"https:\\\/\\\/agitatordistillery.com\\\/#organization\"},\"potentialAction\":[{\"@type\":\"SearchAction\",\"target\":{\"@type\":\"EntryPoint\",\"urlTemplate\":\"https:\\\/\\\/agitatordistillery.com\\\/?s={search_term_string}\"},\"query-input\":{\"@type\":\"PropertyValueSpecification\",\"valueRequired\":true,\"valueName\":\"search_term_string\"}}],\"inLanguage\":\"de\"},{\"@type\":\"Organization\",\"@id\":\"https:\\\/\\\/agitatordistillery.com\\\/#organization\",\"name\":\"Agitator\",\"url\":\"https:\\\/\\\/agitatordistillery.com\\\/\",\"logo\":{\"@type\":\"ImageObject\",\"inLanguage\":\"de\",\"@id\":\"https:\\\/\\\/agitatordistillery.com\\\/#\\\/schema\\\/logo\\\/image\\\/\",\"url\":\"https:\\\/\\\/agitatordistillery.com\\\/wp-content\\\/uploads\\\/2021\\\/10\\\/Agitator_Logotyp_2021_Small_Pos.png\",\"contentUrl\":\"https:\\\/\\\/agitatordistillery.com\\\/wp-content\\\/uploads\\\/2021\\\/10\\\/Agitator_Logotyp_2021_Small_Pos.png\",\"width\":360,\"height\":200,\"caption\":\"Agitator\"},\"image\":{\"@id\":\"https:\\\/\\\/agitatordistillery.com\\\/#\\\/schema\\\/logo\\\/image\\\/\"},\"sameAs\":[\"https:\\\/\\\/www.facebook.com\\\/Agitator.Whisky\",\"https:\\\/\\\/www.instagram.com\\\/agitator.whisky\\\/\",\"https:\\\/\\\/www.linkedin.com\\\/company\\\/agitator-whisky\\\/\",\"https:\\\/\\\/www.youtube.com\\\/channel\\\/UCuOnjXGpTaL1-NXFXL5ZHtg\"]}]}<\/script>\n<!-- \/ Yoast SEO plugin. -->","yoast_head_json":{"title":"AGITATOR MIXPACK - Agitator","description":"Utforska Agitator Whisky Mixpack! Fyra whiskies varje \u00e4r som ett unikt kapitel i Agitators bok. Finns p\u00e5 Systembolaget.","robots":{"index":"index","follow":"follow","max-snippet":"max-snippet:-1","max-image-preview":"max-image-preview:large","max-video-preview":"max-video-preview:-1"},"canonical":"https:\/\/agitatordistillery.com\/de\/agitator-mixpack\/","og_locale":"de_DE","og_type":"article","og_title":"AGITATOR MIXPACK - Agitator","og_description":"Utforska Agitator Whisky Mixpack! Fyra whiskies varje \u00e4r som ett unikt kapitel i Agitators bok. Finns p\u00e5 Systembolaget.","og_url":"https:\/\/agitatordistillery.com\/de\/agitator-mixpack\/","og_site_name":"Agitator","article_publisher":"https:\/\/www.facebook.com\/Agitator.Whisky","article_modified_time":"2025-10-04T21:44:32+00:00","og_image":[{"width":2440,"height":1372,"url":"https:\/\/agitatordistillery.com\/wp-content\/uploads\/2023\/09\/Agitator_Mixpack1913_Ret_2880px23.jpg","type":"image\/jpeg"}],"twitter_card":"summary_large_image","twitter_misc":{"Gesch\u00e4tzte Lesezeit":"2\u00a0Minuten"},"schema":{"@context":"https:\/\/schema.org","@graph":[{"@type":"WebPage","@id":"https:\/\/agitatordistillery.com\/sv_se\/agitator-mixpack\/","url":"https:\/\/agitatordistillery.com\/sv_se\/agitator-mixpack\/","name":"AGITATOR MIXPACK - Agitator","isPartOf":{"@id":"https:\/\/agitatordistillery.com\/#website"},"primaryImageOfPage":{"@id":"https:\/\/agitatordistillery.com\/sv_se\/agitator-mixpack\/#primaryimage"},"image":{"@id":"https:\/\/agitatordistillery.com\/sv_se\/agitator-mixpack\/#primaryimage"},"thumbnailUrl":"https:\/\/agitatordistillery.com\/wp-content\/uploads\/2023\/09\/Agitator_Mixpack1913_Ret_2880px23.jpg","datePublished":"2023-10-06T07:04:30+00:00","dateModified":"2025-10-04T21:44:32+00:00","description":"Utforska Agitator Whisky Mixpack! Fyra whiskies varje \u00e4r som ett unikt kapitel i Agitators bok. Finns p\u00e5 Systembolaget.","breadcrumb":{"@id":"https:\/\/agitatordistillery.com\/sv_se\/agitator-mixpack\/#breadcrumb"},"inLanguage":"de","potentialAction":[{"@type":"ReadAction","target":["https:\/\/agitatordistillery.com\/sv_se\/agitator-mixpack\/"]}]},{"@type":"ImageObject","inLanguage":"de","@id":"https:\/\/agitatordistillery.com\/sv_se\/agitator-mixpack\/#primaryimage","url":"https:\/\/agitatordistillery.com\/wp-content\/uploads\/2023\/09\/Agitator_Mixpack1913_Ret_2880px23.jpg","contentUrl":"https:\/\/agitatordistillery.com\/wp-content\/uploads\/2023\/09\/Agitator_Mixpack1913_Ret_2880px23.jpg","width":2440,"height":1372},{"@type":"BreadcrumbList","@id":"https:\/\/agitatordistillery.com\/sv_se\/agitator-mixpack\/#breadcrumb","itemListElement":[{"@type":"ListItem","position":1,"name":"Hem","item":"https:\/\/agitatordistillery.com\/sv_se\/"},{"@type":"ListItem","position":2,"name":"AGITATOR MIXPACK"}]},{"@type":"WebSite","@id":"https:\/\/agitatordistillery.com\/#website","url":"https:\/\/agitatordistillery.com\/","name":"Agitator","description":"The Swedish Distillery","publisher":{"@id":"https:\/\/agitatordistillery.com\/#organization"},"potentialAction":[{"@type":"SearchAction","target":{"@type":"EntryPoint","urlTemplate":"https:\/\/agitatordistillery.com\/?s={search_term_string}"},"query-input":{"@type":"PropertyValueSpecification","valueRequired":true,"valueName":"search_term_string"}}],"inLanguage":"de"},{"@type":"Organization","@id":"https:\/\/agitatordistillery.com\/#organization","name":"Agitator","url":"https:\/\/agitatordistillery.com\/","logo":{"@type":"ImageObject","inLanguage":"de","@id":"https:\/\/agitatordistillery.com\/#\/schema\/logo\/image\/","url":"https:\/\/agitatordistillery.com\/wp-content\/uploads\/2021\/10\/Agitator_Logotyp_2021_Small_Pos.png","contentUrl":"https:\/\/agitatordistillery.com\/wp-content\/uploads\/2021\/10\/Agitator_Logotyp_2021_Small_Pos.png","width":360,"height":200,"caption":"Agitator"},"image":{"@id":"https:\/\/agitatordistillery.com\/#\/schema\/logo\/image\/"},"sameAs":["https:\/\/www.facebook.com\/Agitator.Whisky","https:\/\/www.instagram.com\/agitator.whisky\/","https:\/\/www.linkedin.com\/company\/agitator-whisky\/","https:\/\/www.youtube.com\/channel\/UCuOnjXGpTaL1-NXFXL5ZHtg"]}]}},"_links":{"self":[{"href":"https:\/\/agitatordistillery.com\/de\/wp-json\/wp\/v2\/pages\/2296","targetHints":{"allow":["GET"]}}],"collection":[{"href":"https:\/\/agitatordistillery.com\/de\/wp-json\/wp\/v2\/pages"}],"about":[{"href":"https:\/\/agitatordistillery.com\/de\/wp-json\/wp\/v2\/types\/page"}],"author":[{"embeddable":true,"href":"https:\/\/agitatordistillery.com\/de\/wp-json\/wp\/v2\/users\/6"}],"replies":[{"embeddable":true,"href":"https:\/\/agitatordistillery.com\/de\/wp-json\/wp\/v2\/comments?post=2296"}],"version-history":[{"count":13,"href":"https:\/\/agitatordistillery.com\/de\/wp-json\/wp\/v2\/pages\/2296\/revisions"}],"predecessor-version":[{"id":4160,"href":"https:\/\/agitatordistillery.com\/de\/wp-json\/wp\/v2\/pages\/2296\/revisions\/4160"}],"wp:featuredmedia":[{"embeddable":true,"href":"https:\/\/agitatordistillery.com\/de\/wp-json\/wp\/v2\/media\/2298"}],"wp:attachment":[{"href":"https:\/\/agitatordistillery.com\/de\/wp-json\/wp\/v2\/media?parent=2296"}],"curies":[{"name":"wp","href":"https:\/\/api.w.org\/{rel}","templated":true}]}}