{"id":1802,"date":"2023-01-27T09:49:04","date_gmt":"2023-01-27T08:49:04","guid":{"rendered":"https:\/\/agitatorwhisky.se\/?page_id=1802"},"modified":"2024-07-11T14:44:02","modified_gmt":"2024-07-11T12:44:02","slug":"evidens-sauternes-whisky","status":"publish","type":"page","link":"https:\/\/agitatordistillery.com\/de\/evidens-sauternes-whisky\/","title":{"rendered":"Evidens Sauternes"},"content":{"rendered":"<h2>\n\t\tBESCHREIBUNG\n\t<\/h2>\n\t<p>Die Evidens-Reihe zeigt, dass eine niedrigere Fassst\u00e4rke von 55% einen tieferen und komplexeren Whisky hervorbringt. Unser Evidens Sauternes wird in F\u00e4ssern gereift, in denen zuvor s\u00fc\u00dfe wei\u00dfe Sauternes-Weine aus Bordeaux gelagert wurden. Das verleiht dem Whisky ein einzigartiges und reichhaltiges Geschmacksprofil.<\/p>\n<h2>\n\t\tGeschmacksnoten\n\t<\/h2>\n\t<h3>GERUCH<\/h3>\n<p>Tropische Fruchtaromen, dominiert von Steinobst, Honigmelone und Ananas.<\/p>\n<h3>GESCHMACK<\/h3>\n<p>Ausgewogener Fruchtgeschmack mit einem Hauch von Stroh und einem leicht s\u00fc\u00dfen Abgang, der bis zum Ende anh\u00e4lt. Im Hintergrund ist eine leichte Rauchnote zu erkennen.<\/p>\n\t\t\t\t<img loading=\"lazy\" decoding=\"async\" data-src=\"https:\/\/agitatordistillery.com\/wp-content\/uploads\/2023\/01\/Agitator_Evidens_0339_RET_Highres_Frilagd.png\" alt=\"Agitator_Evidens_0339_RET_Highres_Frilagd\" itemprop=\"image\" height=\"3896\" width=\"2598\" title=\"Agitator_Evidens_0339_RET_Highres_Frilagd\" onerror=\"this.style.display='none'\" src=\"data:image\/gif;base64,R0lGODlhAQABAAAAACH5BAEKAAEALAAAAAABAAEAAAICTAEAOw==\" class=\"lazyload\" style=\"--smush-placeholder-width: 2598px; --smush-placeholder-aspect-ratio: 2598\/3896;\" \/><noscript><img loading=\"lazy\" decoding=\"async\" src=\"https:\/\/agitatordistillery.com\/wp-content\/uploads\/2023\/01\/Agitator_Evidens_0339_RET_Highres_Frilagd.png\" alt=\"Agitator_Evidens_0339_RET_Highres_Frilagd\" itemprop=\"image\" height=\"3896\" width=\"2598\" title=\"Agitator_Evidens_0339_RET_Highres_Frilagd\" onerror=\"this.style.display='none'\"  \/><\/noscript>","protected":false},"excerpt":{"rendered":"<p>OM Evidens-serien visar att en l\u00e4gre fatfyllningsstyrka p\u00e5 55% ger en djupare och mer komplex whisky. V\u00e5r Evidens Sauternes lagras p\u00e5 fat som tidigare inneh\u00e5llit s\u00f6ta vita Sauternes-viner fr\u00e5n Bordeaux. Detta ger whiskyn en unik och rik smakprofil. smaknoter DOFT Doft av tropisk frukt som domineras av stenfrukt, honungsmelon och ananas. SMAK Balanserad smak av&hellip;<\/p>","protected":false},"author":6,"featured_media":0,"parent":0,"menu_order":0,"comment_status":"closed","ping_status":"closed","template":"","meta":{"footnotes":""},"class_list":["post-1802","page","type-page","status-publish","hentry"],"yoast_head":"<!-- This site is optimized with the Yoast SEO plugin v27.5 - https:\/\/yoast.com\/product\/yoast-seo-wordpress\/ -->\n<title>Evidens Sauternes - Agitator<\/title>\n<meta name=\"description\" content=\"Limiterad upplaga av Agitator whisky som har lagrats p\u00e5 fat som tidigare inneh\u00e5llit Sauternes vin. En svensk whisky med ett franskt inslag.\" \/>\n<meta name=\"robots\" content=\"index, follow, max-snippet:-1, max-image-preview:large, max-video-preview:-1\" \/>\n<link rel=\"canonical\" href=\"https:\/\/agitatordistillery.com\/de\/evidens-sauternes-whisky\/\" \/>\n<meta property=\"og:locale\" content=\"de_DE\" \/>\n<meta property=\"og:type\" content=\"article\" \/>\n<meta property=\"og:title\" content=\"Evidens Sauternes - Agitator\" \/>\n<meta property=\"og:description\" content=\"Limiterad upplaga av Agitator whisky som har lagrats p\u00e5 fat som tidigare inneh\u00e5llit Sauternes vin. En svensk whisky med ett franskt inslag.\" \/>\n<meta property=\"og:url\" content=\"https:\/\/agitatordistillery.com\/de\/evidens-sauternes-whisky\/\" \/>\n<meta property=\"og:site_name\" content=\"Agitator\" \/>\n<meta property=\"article:publisher\" content=\"https:\/\/www.facebook.com\/Agitator.Whisky\" \/>\n<meta property=\"article:modified_time\" content=\"2024-07-11T12:44:02+00:00\" \/>\n<meta property=\"og:image\" content=\"https:\/\/agitatordistillery.com\/wp-content\/uploads\/2023\/01\/Agitator_Evidens_0339_RET_Highres_Frilagd.png\" \/>\n<meta name=\"twitter:card\" content=\"summary_large_image\" \/>\n<meta name=\"twitter:label1\" content=\"Gesch\u00e4tzte Lesezeit\" \/>\n\t<meta name=\"twitter:data1\" content=\"1\u00a0Minute\" \/>\n<script type=\"application\/ld+json\" class=\"yoast-schema-graph\">{\"@context\":\"https:\\\/\\\/schema.org\",\"@graph\":[{\"@type\":\"WebPage\",\"@id\":\"https:\\\/\\\/agitatordistillery.com\\\/evidens-sauternes-whisky\\\/\",\"url\":\"https:\\\/\\\/agitatordistillery.com\\\/evidens-sauternes-whisky\\\/\",\"name\":\"Evidens Sauternes - Agitator\",\"isPartOf\":{\"@id\":\"https:\\\/\\\/agitatordistillery.com\\\/#website\"},\"primaryImageOfPage\":{\"@id\":\"https:\\\/\\\/agitatordistillery.com\\\/evidens-sauternes-whisky\\\/#primaryimage\"},\"image\":{\"@id\":\"https:\\\/\\\/agitatordistillery.com\\\/evidens-sauternes-whisky\\\/#primaryimage\"},\"thumbnailUrl\":\"https:\\\/\\\/agitatordistillery.com\\\/wp-content\\\/uploads\\\/2023\\\/01\\\/Agitator_Evidens_0339_RET_Highres_Frilagd.png\",\"datePublished\":\"2023-01-27T08:49:04+00:00\",\"dateModified\":\"2024-07-11T12:44:02+00:00\",\"description\":\"Limiterad upplaga av Agitator whisky som har lagrats p\u00e5 fat som tidigare inneh\u00e5llit Sauternes vin. En svensk whisky med ett franskt inslag.\",\"breadcrumb\":{\"@id\":\"https:\\\/\\\/agitatordistillery.com\\\/evidens-sauternes-whisky\\\/#breadcrumb\"},\"inLanguage\":\"de\",\"potentialAction\":[{\"@type\":\"ReadAction\",\"target\":[\"https:\\\/\\\/agitatordistillery.com\\\/evidens-sauternes-whisky\\\/\"]}]},{\"@type\":\"ImageObject\",\"inLanguage\":\"de\",\"@id\":\"https:\\\/\\\/agitatordistillery.com\\\/evidens-sauternes-whisky\\\/#primaryimage\",\"url\":\"https:\\\/\\\/agitatordistillery.com\\\/wp-content\\\/uploads\\\/2023\\\/01\\\/Agitator_Evidens_0339_RET_Highres_Frilagd.png\",\"contentUrl\":\"https:\\\/\\\/agitatordistillery.com\\\/wp-content\\\/uploads\\\/2023\\\/01\\\/Agitator_Evidens_0339_RET_Highres_Frilagd.png\"},{\"@type\":\"BreadcrumbList\",\"@id\":\"https:\\\/\\\/agitatordistillery.com\\\/evidens-sauternes-whisky\\\/#breadcrumb\",\"itemListElement\":[{\"@type\":\"ListItem\",\"position\":1,\"name\":\"Hem\",\"item\":\"https:\\\/\\\/agitatordistillery.com\\\/\"},{\"@type\":\"ListItem\",\"position\":2,\"name\":\"Evidens Sauternes\"}]},{\"@type\":\"WebSite\",\"@id\":\"https:\\\/\\\/agitatordistillery.com\\\/#website\",\"url\":\"https:\\\/\\\/agitatordistillery.com\\\/\",\"name\":\"Agitator\",\"description\":\"The Swedish Distillery\",\"publisher\":{\"@id\":\"https:\\\/\\\/agitatordistillery.com\\\/#organization\"},\"potentialAction\":[{\"@type\":\"SearchAction\",\"target\":{\"@type\":\"EntryPoint\",\"urlTemplate\":\"https:\\\/\\\/agitatordistillery.com\\\/?s={search_term_string}\"},\"query-input\":{\"@type\":\"PropertyValueSpecification\",\"valueRequired\":true,\"valueName\":\"search_term_string\"}}],\"inLanguage\":\"de\"},{\"@type\":\"Organization\",\"@id\":\"https:\\\/\\\/agitatordistillery.com\\\/#organization\",\"name\":\"Agitator\",\"url\":\"https:\\\/\\\/agitatordistillery.com\\\/\",\"logo\":{\"@type\":\"ImageObject\",\"inLanguage\":\"de\",\"@id\":\"https:\\\/\\\/agitatordistillery.com\\\/#\\\/schema\\\/logo\\\/image\\\/\",\"url\":\"https:\\\/\\\/agitatordistillery.com\\\/wp-content\\\/uploads\\\/2021\\\/10\\\/Agitator_Logotyp_2021_Small_Pos.png\",\"contentUrl\":\"https:\\\/\\\/agitatordistillery.com\\\/wp-content\\\/uploads\\\/2021\\\/10\\\/Agitator_Logotyp_2021_Small_Pos.png\",\"width\":360,\"height\":200,\"caption\":\"Agitator\"},\"image\":{\"@id\":\"https:\\\/\\\/agitatordistillery.com\\\/#\\\/schema\\\/logo\\\/image\\\/\"},\"sameAs\":[\"https:\\\/\\\/www.facebook.com\\\/Agitator.Whisky\",\"https:\\\/\\\/www.instagram.com\\\/agitator.whisky\\\/\",\"https:\\\/\\\/www.linkedin.com\\\/company\\\/agitator-whisky\\\/\",\"https:\\\/\\\/www.youtube.com\\\/channel\\\/UCuOnjXGpTaL1-NXFXL5ZHtg\"]}]}<\/script>\n<!-- \/ Yoast SEO plugin. -->","yoast_head_json":{"title":"Evidens Sauternes - Agitator","description":"Limiterad upplaga av Agitator whisky som har lagrats p\u00e5 fat som tidigare inneh\u00e5llit Sauternes vin. En svensk whisky med ett franskt inslag.","robots":{"index":"index","follow":"follow","max-snippet":"max-snippet:-1","max-image-preview":"max-image-preview:large","max-video-preview":"max-video-preview:-1"},"canonical":"https:\/\/agitatordistillery.com\/de\/evidens-sauternes-whisky\/","og_locale":"de_DE","og_type":"article","og_title":"Evidens Sauternes - Agitator","og_description":"Limiterad upplaga av Agitator whisky som har lagrats p\u00e5 fat som tidigare inneh\u00e5llit Sauternes vin. En svensk whisky med ett franskt inslag.","og_url":"https:\/\/agitatordistillery.com\/de\/evidens-sauternes-whisky\/","og_site_name":"Agitator","article_publisher":"https:\/\/www.facebook.com\/Agitator.Whisky","article_modified_time":"2024-07-11T12:44:02+00:00","og_image":[{"url":"https:\/\/agitatordistillery.com\/wp-content\/uploads\/2023\/01\/Agitator_Evidens_0339_RET_Highres_Frilagd.png","type":"","width":"","height":""}],"twitter_card":"summary_large_image","twitter_misc":{"Gesch\u00e4tzte Lesezeit":"1\u00a0Minute"},"schema":{"@context":"https:\/\/schema.org","@graph":[{"@type":"WebPage","@id":"https:\/\/agitatordistillery.com\/evidens-sauternes-whisky\/","url":"https:\/\/agitatordistillery.com\/evidens-sauternes-whisky\/","name":"Evidens Sauternes - Agitator","isPartOf":{"@id":"https:\/\/agitatordistillery.com\/#website"},"primaryImageOfPage":{"@id":"https:\/\/agitatordistillery.com\/evidens-sauternes-whisky\/#primaryimage"},"image":{"@id":"https:\/\/agitatordistillery.com\/evidens-sauternes-whisky\/#primaryimage"},"thumbnailUrl":"https:\/\/agitatordistillery.com\/wp-content\/uploads\/2023\/01\/Agitator_Evidens_0339_RET_Highres_Frilagd.png","datePublished":"2023-01-27T08:49:04+00:00","dateModified":"2024-07-11T12:44:02+00:00","description":"Limiterad upplaga av Agitator whisky som har lagrats p\u00e5 fat som tidigare inneh\u00e5llit Sauternes vin. En svensk whisky med ett franskt inslag.","breadcrumb":{"@id":"https:\/\/agitatordistillery.com\/evidens-sauternes-whisky\/#breadcrumb"},"inLanguage":"de","potentialAction":[{"@type":"ReadAction","target":["https:\/\/agitatordistillery.com\/evidens-sauternes-whisky\/"]}]},{"@type":"ImageObject","inLanguage":"de","@id":"https:\/\/agitatordistillery.com\/evidens-sauternes-whisky\/#primaryimage","url":"https:\/\/agitatordistillery.com\/wp-content\/uploads\/2023\/01\/Agitator_Evidens_0339_RET_Highres_Frilagd.png","contentUrl":"https:\/\/agitatordistillery.com\/wp-content\/uploads\/2023\/01\/Agitator_Evidens_0339_RET_Highres_Frilagd.png"},{"@type":"BreadcrumbList","@id":"https:\/\/agitatordistillery.com\/evidens-sauternes-whisky\/#breadcrumb","itemListElement":[{"@type":"ListItem","position":1,"name":"Hem","item":"https:\/\/agitatordistillery.com\/"},{"@type":"ListItem","position":2,"name":"Evidens Sauternes"}]},{"@type":"WebSite","@id":"https:\/\/agitatordistillery.com\/#website","url":"https:\/\/agitatordistillery.com\/","name":"Agitator","description":"The Swedish Distillery","publisher":{"@id":"https:\/\/agitatordistillery.com\/#organization"},"potentialAction":[{"@type":"SearchAction","target":{"@type":"EntryPoint","urlTemplate":"https:\/\/agitatordistillery.com\/?s={search_term_string}"},"query-input":{"@type":"PropertyValueSpecification","valueRequired":true,"valueName":"search_term_string"}}],"inLanguage":"de"},{"@type":"Organization","@id":"https:\/\/agitatordistillery.com\/#organization","name":"Agitator","url":"https:\/\/agitatordistillery.com\/","logo":{"@type":"ImageObject","inLanguage":"de","@id":"https:\/\/agitatordistillery.com\/#\/schema\/logo\/image\/","url":"https:\/\/agitatordistillery.com\/wp-content\/uploads\/2021\/10\/Agitator_Logotyp_2021_Small_Pos.png","contentUrl":"https:\/\/agitatordistillery.com\/wp-content\/uploads\/2021\/10\/Agitator_Logotyp_2021_Small_Pos.png","width":360,"height":200,"caption":"Agitator"},"image":{"@id":"https:\/\/agitatordistillery.com\/#\/schema\/logo\/image\/"},"sameAs":["https:\/\/www.facebook.com\/Agitator.Whisky","https:\/\/www.instagram.com\/agitator.whisky\/","https:\/\/www.linkedin.com\/company\/agitator-whisky\/","https:\/\/www.youtube.com\/channel\/UCuOnjXGpTaL1-NXFXL5ZHtg"]}]}},"_links":{"self":[{"href":"https:\/\/agitatordistillery.com\/de\/wp-json\/wp\/v2\/pages\/1802","targetHints":{"allow":["GET"]}}],"collection":[{"href":"https:\/\/agitatordistillery.com\/de\/wp-json\/wp\/v2\/pages"}],"about":[{"href":"https:\/\/agitatordistillery.com\/de\/wp-json\/wp\/v2\/types\/page"}],"author":[{"embeddable":true,"href":"https:\/\/agitatordistillery.com\/de\/wp-json\/wp\/v2\/users\/6"}],"replies":[{"embeddable":true,"href":"https:\/\/agitatordistillery.com\/de\/wp-json\/wp\/v2\/comments?post=1802"}],"version-history":[{"count":13,"href":"https:\/\/agitatordistillery.com\/de\/wp-json\/wp\/v2\/pages\/1802\/revisions"}],"predecessor-version":[{"id":3039,"href":"https:\/\/agitatordistillery.com\/de\/wp-json\/wp\/v2\/pages\/1802\/revisions\/3039"}],"wp:attachment":[{"href":"https:\/\/agitatordistillery.com\/de\/wp-json\/wp\/v2\/media?parent=1802"}],"curies":[{"name":"wp","href":"https:\/\/api.w.org\/{rel}","templated":true}]}}