{"id":1542,"date":"2021-12-20T09:21:12","date_gmt":"2021-12-20T08:21:12","guid":{"rendered":"https:\/\/agitatorwhisky.se\/?page_id=1542"},"modified":"2024-08-06T14:29:24","modified_gmt":"2024-08-06T12:29:24","slug":"argument-smafat","status":"publish","type":"page","link":"https:\/\/agitatordistillery.com\/de\/argument-smafat\/","title":{"rendered":"Argument Sm\u00e5fat"},"content":{"rendered":"<a href=\"https:\/\/www.amazon.de\/Preisgekrnter-schwedischer-amerikanischen-Bourbonfssern-Orangenblten\/dp\/B0CB6TWGQH\/?maas=maas_adg_51C642BD76BCF0F730062B188E74218D_afap_abs&amp;ref_=aa_maas&amp;tag=maas\" target=\"_blank\" rel=\"noopener\">\n\t\t\t\t\t\t\tHIER BESTELLEN\n\t\t\t<\/a>\n<h2>\n\t\tBESCHREIBUNG\n\t<\/h2>\n\t<p>In dieser Flasche haben wir den Inhalt von drei verschiedenen Arten von Quarter Casks (130 l) gemischt: Islay-F\u00e4sser, Sherry-F\u00e4sser und Kastanienf\u00e4sser.<\/p>\n<h2>\n\t\tGeschmacksnoten\n\t<\/h2>\n\t<h3>GERUCH<\/h3>\n<p>In der Nase sp\u00fcrt man eine nuancierte Torfigkeit mit Ankl\u00e4ngen von Vanille, Karamell, roten \u00c4pfeln, tropischen Fr\u00fcchten und trockenem Leder.<\/p>\n<h3>GESCHMACK<\/h3>\n<p>Im Geschmack tr\u00e4gt das Islay-Fass deutliche Rauchnoten und eine subtile Salzigkeit bei. Die Sherry- und Kastanienf\u00e4sser tragen mit der Fruchtigkeit von roten \u00c4pfeln, tropischen Fr\u00fcchten und einem trockenen Abgang bei. Leichter bis mittlerer Abgang mit einem Hauch von salziger Lakritze.<\/p>\n\t\t\t\t<img loading=\"lazy\" decoding=\"async\" data-src=\"https:\/\/agitatordistillery.com\/wp-content\/uploads\/2022\/03\/Agitator_Sma\u030afat_Prod_0119_Web-2.png\" alt=\"Agitator_Sma\u030afat_Prod_0119_Web 2\" itemprop=\"image\" height=\"500\" width=\"333\" title=\"Agitator_Sma\u030afat_Prod_0119_Web 2\" onerror=\"this.style.display='none'\" src=\"data:image\/gif;base64,R0lGODlhAQABAAAAACH5BAEKAAEALAAAAAABAAEAAAICTAEAOw==\" class=\"lazyload\" style=\"--smush-placeholder-width: 333px; --smush-placeholder-aspect-ratio: 333\/500;\" \/><noscript><img loading=\"lazy\" decoding=\"async\" src=\"https:\/\/agitatordistillery.com\/wp-content\/uploads\/2022\/03\/Agitator_Sma\u030afat_Prod_0119_Web-2.png\" alt=\"Agitator_Sma\u030afat_Prod_0119_Web 2\" itemprop=\"image\" height=\"500\" width=\"333\" title=\"Agitator_Sma\u030afat_Prod_0119_Web 2\" onerror=\"this.style.display='none'\"  \/><\/noscript>","protected":false},"excerpt":{"rendered":"<p>BEST\u00c4LL H\u00c4R OM I denna flaska har vi blandat inneh\u00e5llet fr\u00e5n tre olika typer av sm\u00e5fat, s.k. quarter casks (130L): Islayfat, sherryfat och kastanjefat. smaknoter DOFT I doften hittar du en nyanserad r\u00f6kighet med tydlig fatkarakt\u00e4r, inslag av vanilj, sm\u00f6rkola, r\u00f6da \u00e4pplen, tropisk frukt och torrt l\u00e4der. SMAK I smaken bidrar Islayfaten med distinkta r\u00f6ktoner&hellip;<\/p>","protected":false},"author":6,"featured_media":0,"parent":0,"menu_order":0,"comment_status":"closed","ping_status":"closed","template":"","meta":{"footnotes":""},"class_list":["post-1542","page","type-page","status-publish","hentry"],"yoast_head":"<!-- This site is optimized with the Yoast SEO plugin v27.5 - https:\/\/yoast.com\/product\/yoast-seo-wordpress\/ -->\n<title>Argument Sm\u00e5fat - Agitator<\/title>\n<meta name=\"description\" content=\"En svensk whisky som \u00e4r gjord p\u00e5 sm\u00e5fat (130L). H\u00e4r har vi blandat inneh\u00e5llet fr\u00e5n tre fattyper: Islayfat, sherryfat och kastanjefat.\" \/>\n<meta name=\"robots\" content=\"index, follow, max-snippet:-1, max-image-preview:large, max-video-preview:-1\" \/>\n<link rel=\"canonical\" href=\"https:\/\/agitatordistillery.com\/de\/argument-smafat\/\" \/>\n<meta property=\"og:locale\" content=\"de_DE\" \/>\n<meta property=\"og:type\" content=\"article\" \/>\n<meta property=\"og:title\" content=\"Argument Sm\u00e5fat - Agitator\" \/>\n<meta property=\"og:description\" content=\"En svensk whisky som \u00e4r gjord p\u00e5 sm\u00e5fat (130L). H\u00e4r har vi blandat inneh\u00e5llet fr\u00e5n tre fattyper: Islayfat, sherryfat och kastanjefat.\" \/>\n<meta property=\"og:url\" content=\"https:\/\/agitatordistillery.com\/de\/argument-smafat\/\" \/>\n<meta property=\"og:site_name\" content=\"Agitator\" \/>\n<meta property=\"article:publisher\" content=\"https:\/\/www.facebook.com\/Agitator.Whisky\" \/>\n<meta property=\"article:modified_time\" content=\"2024-08-06T12:29:24+00:00\" \/>\n<meta name=\"twitter:card\" content=\"summary_large_image\" \/>\n<meta name=\"twitter:label1\" content=\"Gesch\u00e4tzte Lesezeit\" \/>\n\t<meta name=\"twitter:data1\" content=\"1\u00a0Minute\" \/>\n<script type=\"application\/ld+json\" class=\"yoast-schema-graph\">{\"@context\":\"https:\\\/\\\/schema.org\",\"@graph\":[{\"@type\":\"WebPage\",\"@id\":\"https:\\\/\\\/agitatordistillery.com\\\/argument-smafat\\\/\",\"url\":\"https:\\\/\\\/agitatordistillery.com\\\/argument-smafat\\\/\",\"name\":\"Argument Sm\u00e5fat - Agitator\",\"isPartOf\":{\"@id\":\"https:\\\/\\\/agitatordistillery.com\\\/#website\"},\"datePublished\":\"2021-12-20T08:21:12+00:00\",\"dateModified\":\"2024-08-06T12:29:24+00:00\",\"description\":\"En svensk whisky som \u00e4r gjord p\u00e5 sm\u00e5fat (130L). H\u00e4r har vi blandat inneh\u00e5llet fr\u00e5n tre fattyper: Islayfat, sherryfat och kastanjefat.\",\"breadcrumb\":{\"@id\":\"https:\\\/\\\/agitatordistillery.com\\\/argument-smafat\\\/#breadcrumb\"},\"inLanguage\":\"de\",\"potentialAction\":[{\"@type\":\"ReadAction\",\"target\":[\"https:\\\/\\\/agitatordistillery.com\\\/argument-smafat\\\/\"]}]},{\"@type\":\"BreadcrumbList\",\"@id\":\"https:\\\/\\\/agitatordistillery.com\\\/argument-smafat\\\/#breadcrumb\",\"itemListElement\":[{\"@type\":\"ListItem\",\"position\":1,\"name\":\"Hem\",\"item\":\"https:\\\/\\\/agitatordistillery.com\\\/\"},{\"@type\":\"ListItem\",\"position\":2,\"name\":\"Argument Sm\u00e5fat\"}]},{\"@type\":\"WebSite\",\"@id\":\"https:\\\/\\\/agitatordistillery.com\\\/#website\",\"url\":\"https:\\\/\\\/agitatordistillery.com\\\/\",\"name\":\"Agitator\",\"description\":\"The Swedish Distillery\",\"publisher\":{\"@id\":\"https:\\\/\\\/agitatordistillery.com\\\/#organization\"},\"potentialAction\":[{\"@type\":\"SearchAction\",\"target\":{\"@type\":\"EntryPoint\",\"urlTemplate\":\"https:\\\/\\\/agitatordistillery.com\\\/?s={search_term_string}\"},\"query-input\":{\"@type\":\"PropertyValueSpecification\",\"valueRequired\":true,\"valueName\":\"search_term_string\"}}],\"inLanguage\":\"de\"},{\"@type\":\"Organization\",\"@id\":\"https:\\\/\\\/agitatordistillery.com\\\/#organization\",\"name\":\"Agitator\",\"url\":\"https:\\\/\\\/agitatordistillery.com\\\/\",\"logo\":{\"@type\":\"ImageObject\",\"inLanguage\":\"de\",\"@id\":\"https:\\\/\\\/agitatordistillery.com\\\/#\\\/schema\\\/logo\\\/image\\\/\",\"url\":\"https:\\\/\\\/agitatordistillery.com\\\/wp-content\\\/uploads\\\/2021\\\/10\\\/Agitator_Logotyp_2021_Small_Pos.png\",\"contentUrl\":\"https:\\\/\\\/agitatordistillery.com\\\/wp-content\\\/uploads\\\/2021\\\/10\\\/Agitator_Logotyp_2021_Small_Pos.png\",\"width\":360,\"height\":200,\"caption\":\"Agitator\"},\"image\":{\"@id\":\"https:\\\/\\\/agitatordistillery.com\\\/#\\\/schema\\\/logo\\\/image\\\/\"},\"sameAs\":[\"https:\\\/\\\/www.facebook.com\\\/Agitator.Whisky\",\"https:\\\/\\\/www.instagram.com\\\/agitator.whisky\\\/\",\"https:\\\/\\\/www.linkedin.com\\\/company\\\/agitator-whisky\\\/\",\"https:\\\/\\\/www.youtube.com\\\/channel\\\/UCuOnjXGpTaL1-NXFXL5ZHtg\"]}]}<\/script>\n<!-- \/ Yoast SEO plugin. -->","yoast_head_json":{"title":"Argument Sm\u00e5fat - Agitator","description":"En svensk whisky som \u00e4r gjord p\u00e5 sm\u00e5fat (130L). H\u00e4r har vi blandat inneh\u00e5llet fr\u00e5n tre fattyper: Islayfat, sherryfat och kastanjefat.","robots":{"index":"index","follow":"follow","max-snippet":"max-snippet:-1","max-image-preview":"max-image-preview:large","max-video-preview":"max-video-preview:-1"},"canonical":"https:\/\/agitatordistillery.com\/de\/argument-smafat\/","og_locale":"de_DE","og_type":"article","og_title":"Argument Sm\u00e5fat - Agitator","og_description":"En svensk whisky som \u00e4r gjord p\u00e5 sm\u00e5fat (130L). H\u00e4r har vi blandat inneh\u00e5llet fr\u00e5n tre fattyper: Islayfat, sherryfat och kastanjefat.","og_url":"https:\/\/agitatordistillery.com\/de\/argument-smafat\/","og_site_name":"Agitator","article_publisher":"https:\/\/www.facebook.com\/Agitator.Whisky","article_modified_time":"2024-08-06T12:29:24+00:00","twitter_card":"summary_large_image","twitter_misc":{"Gesch\u00e4tzte Lesezeit":"1\u00a0Minute"},"schema":{"@context":"https:\/\/schema.org","@graph":[{"@type":"WebPage","@id":"https:\/\/agitatordistillery.com\/argument-smafat\/","url":"https:\/\/agitatordistillery.com\/argument-smafat\/","name":"Argument Sm\u00e5fat - Agitator","isPartOf":{"@id":"https:\/\/agitatordistillery.com\/#website"},"datePublished":"2021-12-20T08:21:12+00:00","dateModified":"2024-08-06T12:29:24+00:00","description":"En svensk whisky som \u00e4r gjord p\u00e5 sm\u00e5fat (130L). H\u00e4r har vi blandat inneh\u00e5llet fr\u00e5n tre fattyper: Islayfat, sherryfat och kastanjefat.","breadcrumb":{"@id":"https:\/\/agitatordistillery.com\/argument-smafat\/#breadcrumb"},"inLanguage":"de","potentialAction":[{"@type":"ReadAction","target":["https:\/\/agitatordistillery.com\/argument-smafat\/"]}]},{"@type":"BreadcrumbList","@id":"https:\/\/agitatordistillery.com\/argument-smafat\/#breadcrumb","itemListElement":[{"@type":"ListItem","position":1,"name":"Hem","item":"https:\/\/agitatordistillery.com\/"},{"@type":"ListItem","position":2,"name":"Argument Sm\u00e5fat"}]},{"@type":"WebSite","@id":"https:\/\/agitatordistillery.com\/#website","url":"https:\/\/agitatordistillery.com\/","name":"Agitator","description":"The Swedish Distillery","publisher":{"@id":"https:\/\/agitatordistillery.com\/#organization"},"potentialAction":[{"@type":"SearchAction","target":{"@type":"EntryPoint","urlTemplate":"https:\/\/agitatordistillery.com\/?s={search_term_string}"},"query-input":{"@type":"PropertyValueSpecification","valueRequired":true,"valueName":"search_term_string"}}],"inLanguage":"de"},{"@type":"Organization","@id":"https:\/\/agitatordistillery.com\/#organization","name":"Agitator","url":"https:\/\/agitatordistillery.com\/","logo":{"@type":"ImageObject","inLanguage":"de","@id":"https:\/\/agitatordistillery.com\/#\/schema\/logo\/image\/","url":"https:\/\/agitatordistillery.com\/wp-content\/uploads\/2021\/10\/Agitator_Logotyp_2021_Small_Pos.png","contentUrl":"https:\/\/agitatordistillery.com\/wp-content\/uploads\/2021\/10\/Agitator_Logotyp_2021_Small_Pos.png","width":360,"height":200,"caption":"Agitator"},"image":{"@id":"https:\/\/agitatordistillery.com\/#\/schema\/logo\/image\/"},"sameAs":["https:\/\/www.facebook.com\/Agitator.Whisky","https:\/\/www.instagram.com\/agitator.whisky\/","https:\/\/www.linkedin.com\/company\/agitator-whisky\/","https:\/\/www.youtube.com\/channel\/UCuOnjXGpTaL1-NXFXL5ZHtg"]}]}},"_links":{"self":[{"href":"https:\/\/agitatordistillery.com\/de\/wp-json\/wp\/v2\/pages\/1542","targetHints":{"allow":["GET"]}}],"collection":[{"href":"https:\/\/agitatordistillery.com\/de\/wp-json\/wp\/v2\/pages"}],"about":[{"href":"https:\/\/agitatordistillery.com\/de\/wp-json\/wp\/v2\/types\/page"}],"author":[{"embeddable":true,"href":"https:\/\/agitatordistillery.com\/de\/wp-json\/wp\/v2\/users\/6"}],"replies":[{"embeddable":true,"href":"https:\/\/agitatordistillery.com\/de\/wp-json\/wp\/v2\/comments?post=1542"}],"version-history":[{"count":16,"href":"https:\/\/agitatordistillery.com\/de\/wp-json\/wp\/v2\/pages\/1542\/revisions"}],"predecessor-version":[{"id":3105,"href":"https:\/\/agitatordistillery.com\/de\/wp-json\/wp\/v2\/pages\/1542\/revisions\/3105"}],"wp:attachment":[{"href":"https:\/\/agitatordistillery.com\/de\/wp-json\/wp\/v2\/media?parent=1542"}],"curies":[{"name":"wp","href":"https:\/\/api.w.org\/{rel}","templated":true}]}}