{"id":139,"date":"2021-07-20T12:31:06","date_gmt":"2021-07-20T12:31:06","guid":{"rendered":"https:\/\/develop.agitatorwhisky.se\/?page_id=139"},"modified":"2024-12-16T16:44:24","modified_gmt":"2024-12-16T15:44:24","slug":"lasvart","status":"publish","type":"page","link":"https:\/\/agitatordistillery.com\/de\/lasvart\/","title":{"rendered":"Neuigkeiten"},"content":{"rendered":"<h2>\n\t\tCLUB AGITATOR\n\t<\/h2>\n\t<p>M\u00f6chten Sie einen Einblick in den Alltag der Brennerei erhalten, vor allen anderen \u00fcber unsere kommenden Produkteinf\u00fchrungen informiert werden oder wissen, wie Oskar Bruno am Wochenende seinen Whisky trinkt? Kommen Sie zum Club Agitator, wo Sie all das und noch viel mehr erfahren. Werden Sie Teil der Agitator-Community.<\/p>\n\t\t\t<a href=\"https:\/\/club-agitator.mn.co\/\" target=\"_blank\" rel=\"noopener\">\n\t\t\t\t\t\t\tTritt dem Club bei\n\t\t\t\t\t<\/a>","protected":false},"excerpt":{"rendered":"<p>CLUB AGITATOR Vill du f\u00e5 en inblick i vardagen p\u00e5 destilleriet, veta om v\u00e5ra kommande lanseringar f\u00f6re alla andra, eller hur Oskar Bruno dricker sin whisky p\u00e5 helgerna? G\u00e5 med i Club Agitator, h\u00e4r f\u00e5r du allt de och mycket mer. Bli en del av Agitator s\u00e4llskapet. JOIN THE CLUB<\/p>","protected":false},"author":6,"featured_media":678,"parent":0,"menu_order":0,"comment_status":"closed","ping_status":"closed","template":"","meta":{"_monsterinsights_skip_tracking":false,"_monsterinsights_sitenote_active":false,"_monsterinsights_sitenote_note":"","_monsterinsights_sitenote_category":0,"footnotes":""},"class_list":["post-139","page","type-page","status-publish","has-post-thumbnail","hentry"],"yoast_head":"<!-- This site is optimized with the Yoast SEO plugin v27.4 - https:\/\/yoast.com\/product\/yoast-seo-wordpress\/ -->\n<title>L\u00e4sv\u00e4rt - Agitator<\/title>\n<meta name=\"description\" content=\"H\u00e5ll dig uppdaterad om allt som har att g\u00f6ra med Agitator Whiskymakare; l\u00e4sv\u00e4rt, nyheter, artiklar, destilleringprocesser och lanseringar.\" \/>\n<meta name=\"robots\" content=\"index, follow, max-snippet:-1, max-image-preview:large, max-video-preview:-1\" \/>\n<link rel=\"canonical\" href=\"https:\/\/agitatordistillery.com\/de\/lasvart\/\" \/>\n<meta property=\"og:locale\" content=\"de_DE\" \/>\n<meta property=\"og:type\" content=\"article\" \/>\n<meta property=\"og:title\" content=\"L\u00e4sv\u00e4rt - Agitator\" \/>\n<meta property=\"og:description\" content=\"H\u00e5ll dig uppdaterad om allt som har att g\u00f6ra med Agitator Whiskymakare; l\u00e4sv\u00e4rt, nyheter, artiklar, destilleringprocesser och lanseringar.\" \/>\n<meta property=\"og:url\" content=\"https:\/\/agitatordistillery.com\/de\/lasvart\/\" \/>\n<meta property=\"og:site_name\" content=\"Agitator\" \/>\n<meta property=\"article:publisher\" content=\"https:\/\/www.facebook.com\/Agitator.Whisky\" \/>\n<meta property=\"article:modified_time\" content=\"2024-12-16T15:44:24+00:00\" \/>\n<meta property=\"og:image\" content=\"https:\/\/agitatordistillery.com\/wp-content\/uploads\/2021\/08\/Agitator_Oskar_20190892_Web.jpg\" \/>\n\t<meta property=\"og:image:width\" content=\"2400\" \/>\n\t<meta property=\"og:image:height\" content=\"1800\" \/>\n\t<meta property=\"og:image:type\" content=\"image\/jpeg\" \/>\n<meta name=\"twitter:card\" content=\"summary_large_image\" \/>\n<meta name=\"twitter:label1\" content=\"Gesch\u00e4tzte Lesezeit\" \/>\n\t<meta name=\"twitter:data1\" content=\"4\u00a0Minuten\" \/>\n<script type=\"application\/ld+json\" class=\"yoast-schema-graph\">{\"@context\":\"https:\\\/\\\/schema.org\",\"@graph\":[{\"@type\":\"WebPage\",\"@id\":\"https:\\\/\\\/agitatordistillery.com\\\/lasvart\\\/\",\"url\":\"https:\\\/\\\/agitatordistillery.com\\\/lasvart\\\/\",\"name\":\"L\u00e4sv\u00e4rt - Agitator\",\"isPartOf\":{\"@id\":\"https:\\\/\\\/agitatordistillery.com\\\/#website\"},\"primaryImageOfPage\":{\"@id\":\"https:\\\/\\\/agitatordistillery.com\\\/lasvart\\\/#primaryimage\"},\"image\":{\"@id\":\"https:\\\/\\\/agitatordistillery.com\\\/lasvart\\\/#primaryimage\"},\"thumbnailUrl\":\"https:\\\/\\\/agitatordistillery.com\\\/wp-content\\\/uploads\\\/2021\\\/08\\\/Agitator_Oskar_20190892_Web.jpg\",\"datePublished\":\"2021-07-20T12:31:06+00:00\",\"dateModified\":\"2024-12-16T15:44:24+00:00\",\"description\":\"H\u00e5ll dig uppdaterad om allt som har att g\u00f6ra med Agitator Whiskymakare; l\u00e4sv\u00e4rt, nyheter, artiklar, destilleringprocesser och lanseringar.\",\"breadcrumb\":{\"@id\":\"https:\\\/\\\/agitatordistillery.com\\\/lasvart\\\/#breadcrumb\"},\"inLanguage\":\"de\",\"potentialAction\":[{\"@type\":\"ReadAction\",\"target\":[\"https:\\\/\\\/agitatordistillery.com\\\/lasvart\\\/\"]}]},{\"@type\":\"ImageObject\",\"inLanguage\":\"de\",\"@id\":\"https:\\\/\\\/agitatordistillery.com\\\/lasvart\\\/#primaryimage\",\"url\":\"https:\\\/\\\/agitatordistillery.com\\\/wp-content\\\/uploads\\\/2021\\\/08\\\/Agitator_Oskar_20190892_Web.jpg\",\"contentUrl\":\"https:\\\/\\\/agitatordistillery.com\\\/wp-content\\\/uploads\\\/2021\\\/08\\\/Agitator_Oskar_20190892_Web.jpg\",\"width\":2400,\"height\":1800},{\"@type\":\"BreadcrumbList\",\"@id\":\"https:\\\/\\\/agitatordistillery.com\\\/lasvart\\\/#breadcrumb\",\"itemListElement\":[{\"@type\":\"ListItem\",\"position\":1,\"name\":\"Hem\",\"item\":\"https:\\\/\\\/agitatordistillery.com\\\/sv_se\\\/\"},{\"@type\":\"ListItem\",\"position\":2,\"name\":\"L\u00e4sv\u00e4rt\"}]},{\"@type\":\"WebSite\",\"@id\":\"https:\\\/\\\/agitatordistillery.com\\\/#website\",\"url\":\"https:\\\/\\\/agitatordistillery.com\\\/\",\"name\":\"Agitator\",\"description\":\"The Swedish Distillery\",\"publisher\":{\"@id\":\"https:\\\/\\\/agitatordistillery.com\\\/#organization\"},\"potentialAction\":[{\"@type\":\"SearchAction\",\"target\":{\"@type\":\"EntryPoint\",\"urlTemplate\":\"https:\\\/\\\/agitatordistillery.com\\\/?s={search_term_string}\"},\"query-input\":{\"@type\":\"PropertyValueSpecification\",\"valueRequired\":true,\"valueName\":\"search_term_string\"}}],\"inLanguage\":\"de\"},{\"@type\":\"Organization\",\"@id\":\"https:\\\/\\\/agitatordistillery.com\\\/#organization\",\"name\":\"Agitator\",\"url\":\"https:\\\/\\\/agitatordistillery.com\\\/\",\"logo\":{\"@type\":\"ImageObject\",\"inLanguage\":\"de\",\"@id\":\"https:\\\/\\\/agitatordistillery.com\\\/#\\\/schema\\\/logo\\\/image\\\/\",\"url\":\"https:\\\/\\\/agitatordistillery.com\\\/wp-content\\\/uploads\\\/2021\\\/10\\\/Agitator_Logotyp_2021_Small_Pos.png\",\"contentUrl\":\"https:\\\/\\\/agitatordistillery.com\\\/wp-content\\\/uploads\\\/2021\\\/10\\\/Agitator_Logotyp_2021_Small_Pos.png\",\"width\":360,\"height\":200,\"caption\":\"Agitator\"},\"image\":{\"@id\":\"https:\\\/\\\/agitatordistillery.com\\\/#\\\/schema\\\/logo\\\/image\\\/\"},\"sameAs\":[\"https:\\\/\\\/www.facebook.com\\\/Agitator.Whisky\",\"https:\\\/\\\/www.instagram.com\\\/agitator.whisky\\\/\",\"https:\\\/\\\/www.linkedin.com\\\/company\\\/agitator-whisky\\\/\",\"https:\\\/\\\/www.youtube.com\\\/channel\\\/UCuOnjXGpTaL1-NXFXL5ZHtg\"]}]}<\/script>\n<!-- \/ Yoast SEO plugin. -->","yoast_head_json":{"title":"L\u00e4sv\u00e4rt - Agitator","description":"H\u00e5ll dig uppdaterad om allt som har att g\u00f6ra med Agitator Whiskymakare; l\u00e4sv\u00e4rt, nyheter, artiklar, destilleringprocesser och lanseringar.","robots":{"index":"index","follow":"follow","max-snippet":"max-snippet:-1","max-image-preview":"max-image-preview:large","max-video-preview":"max-video-preview:-1"},"canonical":"https:\/\/agitatordistillery.com\/de\/lasvart\/","og_locale":"de_DE","og_type":"article","og_title":"L\u00e4sv\u00e4rt - Agitator","og_description":"H\u00e5ll dig uppdaterad om allt som har att g\u00f6ra med Agitator Whiskymakare; l\u00e4sv\u00e4rt, nyheter, artiklar, destilleringprocesser och lanseringar.","og_url":"https:\/\/agitatordistillery.com\/de\/lasvart\/","og_site_name":"Agitator","article_publisher":"https:\/\/www.facebook.com\/Agitator.Whisky","article_modified_time":"2024-12-16T15:44:24+00:00","og_image":[{"width":2400,"height":1800,"url":"https:\/\/agitatordistillery.com\/wp-content\/uploads\/2021\/08\/Agitator_Oskar_20190892_Web.jpg","type":"image\/jpeg"}],"twitter_card":"summary_large_image","twitter_misc":{"Gesch\u00e4tzte Lesezeit":"4\u00a0Minuten"},"schema":{"@context":"https:\/\/schema.org","@graph":[{"@type":"WebPage","@id":"https:\/\/agitatordistillery.com\/lasvart\/","url":"https:\/\/agitatordistillery.com\/lasvart\/","name":"L\u00e4sv\u00e4rt - Agitator","isPartOf":{"@id":"https:\/\/agitatordistillery.com\/#website"},"primaryImageOfPage":{"@id":"https:\/\/agitatordistillery.com\/lasvart\/#primaryimage"},"image":{"@id":"https:\/\/agitatordistillery.com\/lasvart\/#primaryimage"},"thumbnailUrl":"https:\/\/agitatordistillery.com\/wp-content\/uploads\/2021\/08\/Agitator_Oskar_20190892_Web.jpg","datePublished":"2021-07-20T12:31:06+00:00","dateModified":"2024-12-16T15:44:24+00:00","description":"H\u00e5ll dig uppdaterad om allt som har att g\u00f6ra med Agitator Whiskymakare; l\u00e4sv\u00e4rt, nyheter, artiklar, destilleringprocesser och lanseringar.","breadcrumb":{"@id":"https:\/\/agitatordistillery.com\/lasvart\/#breadcrumb"},"inLanguage":"de","potentialAction":[{"@type":"ReadAction","target":["https:\/\/agitatordistillery.com\/lasvart\/"]}]},{"@type":"ImageObject","inLanguage":"de","@id":"https:\/\/agitatordistillery.com\/lasvart\/#primaryimage","url":"https:\/\/agitatordistillery.com\/wp-content\/uploads\/2021\/08\/Agitator_Oskar_20190892_Web.jpg","contentUrl":"https:\/\/agitatordistillery.com\/wp-content\/uploads\/2021\/08\/Agitator_Oskar_20190892_Web.jpg","width":2400,"height":1800},{"@type":"BreadcrumbList","@id":"https:\/\/agitatordistillery.com\/lasvart\/#breadcrumb","itemListElement":[{"@type":"ListItem","position":1,"name":"Hem","item":"https:\/\/agitatordistillery.com\/sv_se\/"},{"@type":"ListItem","position":2,"name":"L\u00e4sv\u00e4rt"}]},{"@type":"WebSite","@id":"https:\/\/agitatordistillery.com\/#website","url":"https:\/\/agitatordistillery.com\/","name":"Agitator","description":"The Swedish Distillery","publisher":{"@id":"https:\/\/agitatordistillery.com\/#organization"},"potentialAction":[{"@type":"SearchAction","target":{"@type":"EntryPoint","urlTemplate":"https:\/\/agitatordistillery.com\/?s={search_term_string}"},"query-input":{"@type":"PropertyValueSpecification","valueRequired":true,"valueName":"search_term_string"}}],"inLanguage":"de"},{"@type":"Organization","@id":"https:\/\/agitatordistillery.com\/#organization","name":"Agitator","url":"https:\/\/agitatordistillery.com\/","logo":{"@type":"ImageObject","inLanguage":"de","@id":"https:\/\/agitatordistillery.com\/#\/schema\/logo\/image\/","url":"https:\/\/agitatordistillery.com\/wp-content\/uploads\/2021\/10\/Agitator_Logotyp_2021_Small_Pos.png","contentUrl":"https:\/\/agitatordistillery.com\/wp-content\/uploads\/2021\/10\/Agitator_Logotyp_2021_Small_Pos.png","width":360,"height":200,"caption":"Agitator"},"image":{"@id":"https:\/\/agitatordistillery.com\/#\/schema\/logo\/image\/"},"sameAs":["https:\/\/www.facebook.com\/Agitator.Whisky","https:\/\/www.instagram.com\/agitator.whisky\/","https:\/\/www.linkedin.com\/company\/agitator-whisky\/","https:\/\/www.youtube.com\/channel\/UCuOnjXGpTaL1-NXFXL5ZHtg"]}]}},"_links":{"self":[{"href":"https:\/\/agitatordistillery.com\/de\/wp-json\/wp\/v2\/pages\/139","targetHints":{"allow":["GET"]}}],"collection":[{"href":"https:\/\/agitatordistillery.com\/de\/wp-json\/wp\/v2\/pages"}],"about":[{"href":"https:\/\/agitatordistillery.com\/de\/wp-json\/wp\/v2\/types\/page"}],"author":[{"embeddable":true,"href":"https:\/\/agitatordistillery.com\/de\/wp-json\/wp\/v2\/users\/6"}],"replies":[{"embeddable":true,"href":"https:\/\/agitatordistillery.com\/de\/wp-json\/wp\/v2\/comments?post=139"}],"version-history":[{"count":24,"href":"https:\/\/agitatordistillery.com\/de\/wp-json\/wp\/v2\/pages\/139\/revisions"}],"predecessor-version":[{"id":3154,"href":"https:\/\/agitatordistillery.com\/de\/wp-json\/wp\/v2\/pages\/139\/revisions\/3154"}],"wp:featuredmedia":[{"embeddable":true,"href":"https:\/\/agitatordistillery.com\/de\/wp-json\/wp\/v2\/media\/678"}],"wp:attachment":[{"href":"https:\/\/agitatordistillery.com\/de\/wp-json\/wp\/v2\/media?parent=139"}],"curies":[{"name":"wp","href":"https:\/\/api.w.org\/{rel}","templated":true}]}}